{"id":1510,"date":"2023-07-14T09:38:28","date_gmt":"2023-07-14T09:38:28","guid":{"rendered":"https:\/\/chemuza.org\/pt\/cerio\/"},"modified":"2023-07-14T09:38:28","modified_gmt":"2023-07-14T09:38:28","slug":"cerio","status":"publish","type":"page","link":"https:\/\/chemuza.org\/pt\/cerio\/","title":{"rendered":"C\u00e9rio"},"content":{"rendered":"<p>O c\u00e9rio constitui 0,0046% da crosta terrestre, disperso em minerais como Monacita, Cerita e Bastnasita. \u00c9 usado em diferentes aplica\u00e7\u00f5es industriais e ambientais, como redu\u00e7\u00e3o de polui\u00e7\u00e3o. Seus principais usos s\u00e3o na fabrica\u00e7\u00e3o de catalisadores, redutores de emiss\u00f5es veiculares, limpadores de vidros e pigmentos. Portanto, conhe\u00e7a mais sobre suas caracter\u00edsticas qu\u00edmicas e f\u00edsicas neste verbete.<\/p>\n<h2> <strong>O que \u00e9 c\u00e9rio?<\/strong><\/h2>\n<p> Como elemento qu\u00edmico, \u00e9 um metal pertencente aos lantan\u00eddeos da tabela peri\u00f3dica. \u00c9 de cor cinza brilhante, semelhante ao a\u00e7o e est\u00e1 localizado pr\u00f3ximo ao lant\u00e2nio, marcado com o n\u00famero at\u00f4mico 58. Destaca-se por ser d\u00factil e male\u00e1vel, oxida ao ar e fica avermelhado, al\u00e9m de ser altamente inflam\u00e1vel.<\/p>\n<h3> <strong>S\u00edmbolo de c\u00e9rio<\/strong><\/h3>\n<p> <span class=\"content-chemical-element\" style=\"float: left;width: 65px;height: 65px;border: 3px solid #666; display:flex;\n    justify-content: center;align-items: center;margin-right: 15px;\"><span style=\"font-size: 38px;\">Este<\/span><\/span> nome \u00e9 derivado do planeta Ceres, descoberto em 1801, 2 anos antes da descoberta do mineral. Tanto o elemento quanto o planeta t\u00eam o nome da deusa da agricultura de Roma, Ceres.<\/p>\n<h2> <strong>Caracter\u00edsticas do c\u00e9rio<\/strong><\/h2>\n<p> O elemento C\u00e9rio est\u00e1 localizado no grupo 3 da tabela peri\u00f3dica sob o s\u00edmbolo Ce. \u00c9 um lantan\u00eddeo duro e abundante que muda de cor na presen\u00e7a de ar. Al\u00e9m disso, \u00e9 um metal pirof\u00f3rico que queima facilmente e \u00e9 capaz de formar compostos tetravalentes ou compostos tetravalentes est\u00e1veis. Entre as diferentes funcionalidades tamb\u00e9m incluem:<\/p>\n<ul>\n<li> <strong>Condi\u00e7\u00e3o<\/strong> : S\u00f3lido, duro e pesado.<\/li>\n<li> <strong>Sabor e odor<\/strong> : Muito amargo, met\u00e1lico e inodoro.<\/li>\n<li> <strong>Alotropia<\/strong> : Apresenta 4 formas alotr\u00f3picas que variam dependendo da temperatura.<\/li>\n<li> <strong>Composi\u00e7\u00e3o<\/strong> : Seu n\u00facleo \u00e9 composto por 58 pr\u00f3tons e el\u00e9trons com 81 n\u00eautrons.<\/li>\n<li> <strong>Toxicidade<\/strong> : Baixa, mas a exposi\u00e7\u00e3o ao elemento poeira em grandes quantidades afeta o sistema pulmonar.<\/li>\n<li> <strong>Reactividade<\/strong> : Alta, reage com \u00e1gua, ar e \u00e1cidos dilu\u00eddos.<\/li>\n<li> <strong>Solubilidade<\/strong> : \u00c9 sol\u00favel em \u00e1gua. Por\u00e9m, ao formar compostos, \u00e9 insol\u00favel.<\/li>\n<li> <strong>Cristaliza\u00e7\u00e3o<\/strong> : Varia em fun\u00e7\u00e3o da temperatura, que pode ser c\u00fabica centrada no corpo e na face.<\/li>\n<li> <strong>Condutividade<\/strong> : Boa, pois distribui eletricidade e calor de maneira est\u00e1vel.<\/li>\n<\/ul>\n<h2> <strong>Propriedades qu\u00edmicas e f\u00edsicas do c\u00e9rio<\/strong><\/h2>\n<ol>\n<li> <strong>N\u00famero at\u00f4mico<\/strong> : 58<\/li>\n<li> <strong>Per\u00edodo<\/strong> : 6<\/li>\n<li> <strong>Bloco<\/strong> : F<\/li>\n<li> <strong>Grupo<\/strong> : 3<\/li>\n<li> <strong>\u00d3xido:<\/strong> B\u00e1sico<\/li>\n<li> <strong>Densidade:<\/strong> 6689 Kg\/m3<\/li>\n<li> <strong>Estado de oxida\u00e7\u00e3o<\/strong> : 3,4<\/li>\n<li> <strong>Ponto de fus\u00e3o:<\/strong> 798\u00b0C<\/li>\n<li> <strong>Configura\u00e7\u00e3o eletr\u00f4nica:<\/strong> [Xe] 4f15d16s2<\/li>\n<li> <strong>Energia de ioniza\u00e7\u00e3o:<\/strong> 534,4<\/li>\n<li> <strong>Massa at\u00f4mica (g\/mol):<\/strong> 140 116<strong> <\/strong>Ouro<\/li>\n<li> <strong>El\u00e9trons por camada:<\/strong> 2, 8, 18, 19, 9, 2<\/li>\n<li> <strong>Raio at\u00f4mico:<\/strong> 185h<\/li>\n<li> <strong>Eletronegatividade:<\/strong> 1,12<\/li>\n<li> <strong>Calor espec\u00edfico:<\/strong> 190 J \/ (K kg)<\/li>\n<li> <strong>Ponto de ebuli\u00e7\u00e3o:<\/strong> 3426\u00b0C<\/li>\n<li> <strong>Condutividade t\u00e9rmica:<\/strong> 11,4 W\/(Km)<\/li>\n<li> <strong>Condutividade el\u00e9trica:<\/strong> 1,15,106 S\/m<\/li>\n<\/ol>\n<h2> <strong>Origem do c\u00e9rio<\/strong><\/h2>\n<p> Em 1803, os qu\u00edmicos J\u00f6ns Jacob Berzelius e Martin Heinrich Klaproth descobriram este metal durante suas pesquisas em Bastn\u00e4s, na Su\u00e9cia. Eles o encontraram na forma de um \u00f3xido que chamaram de c\u00e9rio. Em seguida, isolaram-no em 1875 em uma mina de ferro, onde notaram sua dureza e car\u00e1ter pesado como parte de suas propriedades qu\u00edmicas com aplica\u00e7\u00f5es industriais.<\/p>\n<h2> <strong>Para que \u00e9 usado o C\u00e9rio?<\/strong><\/h2>\n<p> \u00c9 utilizado na fabrica\u00e7\u00e3o de ligas met\u00e1licas com neod\u00edmio e lant\u00e2nio. Isso permite maior maleabilidade e resist\u00eancia que podem ser usadas em ligas de eletrodo de tungst\u00eanio para diversas soldagem. Outros usos s\u00e3o:<\/p>\n<h3> <strong>Raio<\/strong><\/h3>\n<p> \u00c9 usado em ilumina\u00e7\u00e3o de arco de carbono para a ind\u00fastria cinematogr\u00e1fica. Al\u00e9m disso, \u00e9 utilizado como f\u00f3sforo na fabrica\u00e7\u00e3o de l\u00e2mpadas fluorescentes e televisores em cores.<\/p>\n<h3> <strong>Metalurgia<\/strong><\/h3>\n<p> Gra\u00e7as \u00e0 sua excelente condutividade el\u00e9trica, o elemento \u00e9 utilizado como estabilizador de eletrodos e ligas no setor metal\u00fargico. Aumenta sua resist\u00eancia e durabilidade.<\/p>\n<h3> <strong>Vidro e cristais<\/strong><\/h3>\n<p> O \u00f3xido de c\u00e9rio \u00e9 utilizado no polimento de bases \u00f3pticas de alta qualidade como agente de branqueamento de vidro. Al\u00e9m disso, quando misturado com \u00f3xido de t\u00f3rio, cria um feixe de luz branca brilhante, que evita o escurecimento das placas de vidro da TV.<\/p>\n<h3> <strong>Ambiente<\/strong><\/h3>\n<p> Seu composto de \u00f3xido de c\u00e9rio \u00e9 usado como transformador catal\u00edtico que reduz as emiss\u00f5es de mon\u00f3xido de carbono dos ve\u00edculos. Sua fun\u00e7\u00e3o \u00e9 eliminar todas as part\u00edculas para impedir a polui\u00e7\u00e3o.<\/p>\n<h3> <strong>campo m\u00e9dico<\/strong><\/h3>\n<p> Na forma de oxalato, \u00e9 utilizado em medicamentos para n\u00e1useas e v\u00f4mitos. Al\u00e9m disso, \u00e9 utilizado no tratamento de queimaduras de terceiro grau, devido \u00e0s suas propriedades sist\u00eamicas e antiss\u00e9pticas.<\/p>\n<h2> <strong>\u00d3xido de c\u00e9rio<\/strong><\/h2>\n<p> \u00c9 um composto usado para remover arranh\u00f5es e defeitos de vidros ou cristais. \u00c9 capaz de melhorar o acabamento e a apar\u00eancia do vidro dependendo de sua espessura e qualidade. Al\u00e9m disso, atua como um agente altamente abrasivo que d\u00e1 brilho a telas LCD, p\u00e1ra-brisas, pe\u00e7as decorativas de vidro, joias e discos r\u00edgidos.<\/p>\n<p> Em resumo, o c\u00e9rio \u00e9 um lantan\u00eddeo male\u00e1vel e d\u00factil com composi\u00e7\u00e3o qu\u00edmica est\u00e1vel. \u00c9 inflam\u00e1vel quando exposto ao ar seco e seus compostos s\u00e3o ideais para criar ligas met\u00e1licas est\u00e1veis.<\/p>\n","protected":false},"excerpt":{"rendered":"<p>O c\u00e9rio constitui 0,0046% da crosta terrestre, disperso em minerais como Monacita, Cerita e Bastnasita. \u00c9 usado em diferentes aplica\u00e7\u00f5es industriais e ambientais, como redu\u00e7\u00e3o de polui\u00e7\u00e3o. Seus principais usos s\u00e3o na fabrica\u00e7\u00e3o de catalisadores, redutores de emiss\u00f5es veiculares, limpadores de vidros e pigmentos. Portanto, conhe\u00e7a mais sobre suas caracter\u00edsticas qu\u00edmicas e f\u00edsicas neste verbete. &#8230; <a title=\"C\u00e9rio\" class=\"read-more\" href=\"https:\/\/chemuza.org\/pt\/cerio\/\" aria-label=\"Mais em C\u00e9rio\">Ler mais<\/a><\/p>\n","protected":false},"author":1,"featured_media":0,"parent":0,"menu_order":0,"comment_status":"closed","ping_status":"closed","template":"","meta":{"footnotes":""},"class_list":["post-1510","page","type-page","status-publish"],"yoast_head":"<!-- This site is optimized with the Yoast SEO plugin v21.4 - https:\/\/yoast.com\/wordpress\/plugins\/seo\/ -->\n<title>C\u00e9rio - Chemuza<\/title>\n<meta name=\"robots\" content=\"index, follow, max-snippet:-1, max-image-preview:large, max-video-preview:-1\" \/>\n<link rel=\"canonical\" href=\"https:\/\/chemuza.org\/pt\/cerio\/\" \/>\n<meta property=\"og:locale\" content=\"pt_PT\" \/>\n<meta property=\"og:type\" content=\"article\" \/>\n<meta property=\"og:title\" content=\"C\u00e9rio - Chemuza\" \/>\n<meta property=\"og:description\" content=\"O c\u00e9rio constitui 0,0046% da crosta terrestre, disperso em minerais como Monacita, Cerita e Bastnasita. \u00c9 usado em diferentes aplica\u00e7\u00f5es industriais e ambientais, como redu\u00e7\u00e3o de polui\u00e7\u00e3o. Seus principais usos s\u00e3o na fabrica\u00e7\u00e3o de catalisadores, redutores de emiss\u00f5es veiculares, limpadores de vidros e pigmentos. Portanto, conhe\u00e7a mais sobre suas caracter\u00edsticas qu\u00edmicas e f\u00edsicas neste verbete. ... Ler mais\" \/>\n<meta property=\"og:url\" content=\"https:\/\/chemuza.org\/pt\/cerio\/\" \/>\n<meta property=\"og:site_name\" content=\"Statorials\" \/>\n<meta name=\"twitter:card\" content=\"summary_large_image\" \/>\n<meta name=\"twitter:label1\" content=\"Tempo estimado de leitura\" \/>\n\t<meta name=\"twitter:data1\" content=\"4 minutos\" \/>\n<script type=\"application\/ld+json\" class=\"yoast-schema-graph\">{\"@context\":\"https:\/\/schema.org\",\"@graph\":[{\"@type\":\"WebPage\",\"@id\":\"https:\/\/chemuza.org\/pt\/cerio\/\",\"url\":\"https:\/\/chemuza.org\/pt\/cerio\/\",\"name\":\"C\u00e9rio - Chemuza\",\"isPartOf\":{\"@id\":\"https:\/\/chemuza.org\/pt\/#website\"},\"datePublished\":\"2023-07-14T09:38:28+00:00\",\"dateModified\":\"2023-07-14T09:38:28+00:00\",\"breadcrumb\":{\"@id\":\"https:\/\/chemuza.org\/pt\/cerio\/#breadcrumb\"},\"inLanguage\":\"pt-PT\",\"potentialAction\":[{\"@type\":\"ReadAction\",\"target\":[\"https:\/\/chemuza.org\/pt\/cerio\/\"]}]},{\"@type\":\"BreadcrumbList\",\"@id\":\"https:\/\/chemuza.org\/pt\/cerio\/#breadcrumb\",\"itemListElement\":[{\"@type\":\"ListItem\",\"position\":1,\"name\":\"Lar\",\"item\":\"https:\/\/chemuza.org\/pt\/\"},{\"@type\":\"ListItem\",\"position\":2,\"name\":\"C\u00e9rio\"}]},{\"@type\":\"WebSite\",\"@id\":\"https:\/\/chemuza.org\/pt\/#website\",\"url\":\"https:\/\/chemuza.org\/pt\/\",\"name\":\"Chemuza\",\"description\":\"Sua porta de entrada para a descoberta qu\u00edmica!\",\"publisher\":{\"@id\":\"https:\/\/chemuza.org\/pt\/#organization\"},\"potentialAction\":[{\"@type\":\"SearchAction\",\"target\":{\"@type\":\"EntryPoint\",\"urlTemplate\":\"https:\/\/chemuza.org\/pt\/?s={search_term_string}\"},\"query-input\":\"required name=search_term_string\"}],\"inLanguage\":\"pt-PT\"},{\"@type\":\"Organization\",\"@id\":\"https:\/\/chemuza.org\/pt\/#organization\",\"name\":\"Chemuza\",\"url\":\"https:\/\/chemuza.org\/pt\/\",\"logo\":{\"@type\":\"ImageObject\",\"inLanguage\":\"pt-PT\",\"@id\":\"https:\/\/chemuza.org\/pt\/#\/schema\/logo\/image\/\",\"url\":\"https:\/\/chemuza.org\/pt\/wp-content\/uploads\/2023\/10\/chemuza-logo.png\",\"contentUrl\":\"https:\/\/chemuza.org\/pt\/wp-content\/uploads\/2023\/10\/chemuza-logo.png\",\"width\":387,\"height\":70,\"caption\":\"Chemuza\"},\"image\":{\"@id\":\"https:\/\/chemuza.org\/pt\/#\/schema\/logo\/image\/\"}}]}<\/script>\n<!-- \/ Yoast SEO plugin. -->","yoast_head_json":{"title":"C\u00e9rio - Chemuza","robots":{"index":"index","follow":"follow","max-snippet":"max-snippet:-1","max-image-preview":"max-image-preview:large","max-video-preview":"max-video-preview:-1"},"canonical":"https:\/\/chemuza.org\/pt\/cerio\/","og_locale":"pt_PT","og_type":"article","og_title":"C\u00e9rio - Chemuza","og_description":"O c\u00e9rio constitui 0,0046% da crosta terrestre, disperso em minerais como Monacita, Cerita e Bastnasita. \u00c9 usado em diferentes aplica\u00e7\u00f5es industriais e ambientais, como redu\u00e7\u00e3o de polui\u00e7\u00e3o. Seus principais usos s\u00e3o na fabrica\u00e7\u00e3o de catalisadores, redutores de emiss\u00f5es veiculares, limpadores de vidros e pigmentos. Portanto, conhe\u00e7a mais sobre suas caracter\u00edsticas qu\u00edmicas e f\u00edsicas neste verbete. ... Ler mais","og_url":"https:\/\/chemuza.org\/pt\/cerio\/","og_site_name":"Statorials","twitter_card":"summary_large_image","twitter_misc":{"Tempo estimado de leitura":"4 minutos"},"schema":{"@context":"https:\/\/schema.org","@graph":[{"@type":"WebPage","@id":"https:\/\/chemuza.org\/pt\/cerio\/","url":"https:\/\/chemuza.org\/pt\/cerio\/","name":"C\u00e9rio - Chemuza","isPartOf":{"@id":"https:\/\/chemuza.org\/pt\/#website"},"datePublished":"2023-07-14T09:38:28+00:00","dateModified":"2023-07-14T09:38:28+00:00","breadcrumb":{"@id":"https:\/\/chemuza.org\/pt\/cerio\/#breadcrumb"},"inLanguage":"pt-PT","potentialAction":[{"@type":"ReadAction","target":["https:\/\/chemuza.org\/pt\/cerio\/"]}]},{"@type":"BreadcrumbList","@id":"https:\/\/chemuza.org\/pt\/cerio\/#breadcrumb","itemListElement":[{"@type":"ListItem","position":1,"name":"Lar","item":"https:\/\/chemuza.org\/pt\/"},{"@type":"ListItem","position":2,"name":"C\u00e9rio"}]},{"@type":"WebSite","@id":"https:\/\/chemuza.org\/pt\/#website","url":"https:\/\/chemuza.org\/pt\/","name":"Chemuza","description":"Sua porta de entrada para a descoberta qu\u00edmica!","publisher":{"@id":"https:\/\/chemuza.org\/pt\/#organization"},"potentialAction":[{"@type":"SearchAction","target":{"@type":"EntryPoint","urlTemplate":"https:\/\/chemuza.org\/pt\/?s={search_term_string}"},"query-input":"required name=search_term_string"}],"inLanguage":"pt-PT"},{"@type":"Organization","@id":"https:\/\/chemuza.org\/pt\/#organization","name":"Chemuza","url":"https:\/\/chemuza.org\/pt\/","logo":{"@type":"ImageObject","inLanguage":"pt-PT","@id":"https:\/\/chemuza.org\/pt\/#\/schema\/logo\/image\/","url":"https:\/\/chemuza.org\/pt\/wp-content\/uploads\/2023\/10\/chemuza-logo.png","contentUrl":"https:\/\/chemuza.org\/pt\/wp-content\/uploads\/2023\/10\/chemuza-logo.png","width":387,"height":70,"caption":"Chemuza"},"image":{"@id":"https:\/\/chemuza.org\/pt\/#\/schema\/logo\/image\/"}}]}},"yoast_meta":{"yoast_wpseo_title":"","yoast_wpseo_metadesc":"","yoast_wpseo_canonical":""},"_links":{"self":[{"href":"https:\/\/chemuza.org\/pt\/wp-json\/wp\/v2\/pages\/1510","targetHints":{"allow":["GET"]}}],"collection":[{"href":"https:\/\/chemuza.org\/pt\/wp-json\/wp\/v2\/pages"}],"about":[{"href":"https:\/\/chemuza.org\/pt\/wp-json\/wp\/v2\/types\/page"}],"author":[{"embeddable":true,"href":"https:\/\/chemuza.org\/pt\/wp-json\/wp\/v2\/users\/1"}],"replies":[{"embeddable":true,"href":"https:\/\/chemuza.org\/pt\/wp-json\/wp\/v2\/comments?post=1510"}],"version-history":[{"count":0,"href":"https:\/\/chemuza.org\/pt\/wp-json\/wp\/v2\/pages\/1510\/revisions"}],"wp:attachment":[{"href":"https:\/\/chemuza.org\/pt\/wp-json\/wp\/v2\/media?parent=1510"}],"curies":[{"name":"wp","href":"https:\/\/api.w.org\/{rel}","templated":true}]}}