{"id":1509,"date":"2023-07-14T10:20:34","date_gmt":"2023-07-14T10:20:34","guid":{"rendered":"https:\/\/chemuza.org\/pt\/lantanio\/"},"modified":"2023-07-14T10:20:34","modified_gmt":"2023-07-14T10:20:34","slug":"lantanio","status":"publish","type":"page","link":"https:\/\/chemuza.org\/pt\/lantanio\/","title":{"rendered":"Lant\u00e2nio"},"content":{"rendered":"<p>\u00c9 o elemento que inicia a s\u00e9rie qu\u00edmica dos lantan\u00f3ides ou lantan\u00eddeos e faz parte do conhecido grupo de terras raras. Por outro lado, \u00e9 utilizado em metalurgia, engenharia qu\u00edmica, eletr\u00f4nica e medicina devido \u00e0s suas propriedades magn\u00e9ticas, catal\u00edticas, qu\u00edmicas e \u00f3pticas. Descubra o que \u00e9 o Lant\u00e2nio, quais s\u00e3o suas caracter\u00edsticas e todas as suas propriedades e utiliza\u00e7\u00f5es.<\/p>\n<h2> <strong>O que \u00e9 lant\u00e2nio?<\/strong><\/h2>\n<p> O elemento Lant\u00e2nio \u00e9 um metal com menor volatilidade, brilho prateado, alta densidade, boa maleabilidade e reatividade. Produz diversos compostos qu\u00edmicos contendo muitos elementos, geralmente \u00e9 oxidado na presen\u00e7a de ar e \u00e9 sol\u00favel em \u00e1cidos. Al\u00e9m disso, sua forma met\u00e1lica e seus compostos apresentam leve toxicidade. Normalmente est\u00e1 associado ao c\u00e9rio e voc\u00ea o encontra em minerais como Alanita, Monazita e Bastnasita.<\/p>\n<h3> <strong>S\u00edmbolo de lant\u00e2nio<\/strong><\/h3>\n<p> <span class=\"content-chemical-element\" style=\"float: left;width: 65px;height: 65px;border: 3px solid #666; display:flex;\n    justify-content: center;align-items: center;margin-right: 15px;\"><span style=\"font-size: 38px;\">A<\/span><\/span> origem etimol\u00f3gica do s\u00edmbolo Lant\u00e2nio deriva da palavra grega <em>lanthano<\/em> , que significa <em>ser oculto<\/em> ou <em>lugar oculto<\/em> . Por sua vez, vem da express\u00e3o <em>lanthanomai<\/em> que implica <em>algo esquecido<\/em> . Seu nome foi escolhido porque quando o elemento foi detectado estava coberto pelo mineral c\u00e9rio denominado cerita.<\/p>\n<h2> <strong>Caracter\u00edsticas do lant\u00e2nio<\/strong><\/h2>\n<p> Entre suas principais caracter\u00edsticas, possui massa at\u00f4mica de 138,90 u, densidade de 6,146 kg\/m\u00b3 e sensibilidade \u00e0 corros\u00e3o. Apresenta o \u00f3xido b\u00e1sico ou met\u00e1lico mais forte dos lantan\u00eddeos, \u00e9 d\u00factil, male\u00e1vel e seus el\u00e9trons oscilam de acordo com 6 n\u00edveis de energia. Al\u00e9m disso, dos 38 is\u00f3topos dispon\u00edveis, apenas dois s\u00e3o encontrados naturalmente na crosta terrestre. Outros s\u00e3o:<\/p>\n<ul>\n<li> <strong>Reatividade Qu\u00edmica:<\/strong> Reage com nitrog\u00eanio, sel\u00eanio, carbono elementar, boro, f\u00f3sforo, sil\u00edcio, halog\u00eanios e outros elementos qu\u00edmicos.<\/li>\n<li> <strong>Fus\u00e3o:<\/strong> Possui o segundo ponto de fus\u00e3o mais baixo entre a s\u00e9rie dos lantan\u00f3ides.<\/li>\n<li> <strong>Caracter\u00edsticas organol\u00e9pticas:<\/strong> \u00c9 inodoro, pesado e de tonalidade branco prateado brilhante.<\/li>\n<li> <strong>Condi\u00e7\u00e3o<\/strong> : Em condi\u00e7\u00f5es ambientais normais, \u00e9 s\u00f3lido.<\/li>\n<li> <strong>Mudan\u00e7as<\/strong> : Oxida rapidamente no ar, decomp\u00f5e a \u00e1gua para liberar hidrog\u00eanio, reage com \u00e1cidos dilu\u00eddos para formar sais e queima acima de 450\u00b0C para produzir La\u2082O\u2083.<\/li>\n<li> <strong>Fragilidade<\/strong> : \u00c9 t\u00e3o macio que pode ser cortado em peda\u00e7os com faca ou navalha.<\/li>\n<li> <strong>Resist\u00eancia el\u00e9trica<\/strong> : \u00c0 temperatura ambiente, possui alta resistividade de 615 n\u03a9m.<\/li>\n<li> <strong>Dureza<\/strong> : A escala de Mohs coloca-o com uma dureza mineral de 2,5.<\/li>\n<li> <strong>Estrutura cristalina<\/strong> : A 20\u00b0C tem uma estrutura cristalina hexagonal, transforma-se em c\u00fabica de face centrada a 310\u00b0C, mas a 865\u00b0C \u00e9 c\u00fabica de corpo centrado.<\/li>\n<li> <strong>Ordem magn\u00e9tica<\/strong> : \u00c9 um elemento com paramagnetismo fraco.<\/li>\n<\/ul>\n<h2> <strong>Propriedades qu\u00edmicas e f\u00edsicas do lant\u00e2nio<\/strong><\/h2>\n<ol>\n<li> <strong>N\u00famero at\u00f4mico<\/strong> : 57<\/li>\n<li> <strong>Estados de oxida\u00e7\u00e3o<\/strong> : +3<\/li>\n<li> <strong>Raio covalente (\u00c5)<\/strong> : 169 pm<\/li>\n<li> <strong>Densidade<\/strong> : 6146 kg\/m\u00b3<\/li>\n<li> <strong>Configura\u00e7\u00e3o eletr\u00f4nica<\/strong> : [Xe]5d <sup>1<\/sup> 6s <sup>2<\/sup><\/li>\n<li> <strong>Ponto de ebuli\u00e7\u00e3o<\/strong> : 3457\u00b0C (3730 K)<\/li>\n<li> <strong>Massa at\u00f4mica (g\/mol)<\/strong> : 138,9055 u<\/li>\n<li> <strong>Entalpia de vaporiza\u00e7\u00e3o<\/strong> : 414 kJ\/mol<\/li>\n<li> <strong>Entalpia de fus\u00e3o<\/strong> : 6,2 kJ\/mol<\/li>\n<li> <strong>\u00d3xido<\/strong> : Base forte<\/li>\n<li> <strong>Raio at\u00f4mico (\u00c5)<\/strong> : 187 pm<\/li>\n<li> <strong>Calor espec\u00edfico<\/strong> : 190 J\/(K-kg)<\/li>\n<li> <strong>Ponto de fus\u00e3o<\/strong> : 920\u00b0C (1193K)<\/li>\n<li> <strong>Velocidade do som<\/strong> : 2.475 m\/s a 293,15 K<\/li>\n<li> <strong>Primeiro potencial de ioniza\u00e7\u00e3o (eV)<\/strong> : 538,1 kJ\/mol<\/li>\n<li> <strong>Eletronegatividade<\/strong> : 1,1 (escala Pauling)<\/li>\n<li> <strong>El\u00e9trons por n\u00edvel<\/strong> : 2, 8, 18, 18, 9, 2<\/li>\n<\/ol>\n<h2> <strong>Origem do lant\u00e2nio<\/strong><\/h2>\n<p> Se voc\u00ea investigar, quem descobriu o lant\u00e2nio foi o qu\u00edmico Carl Gustaf Mosander nos anos 1839-1843. Este sueco conseguiu separar dois \u00f3xidos de uma amostra de c\u00e9rio, um dos quais era o lant\u00e2nio. No entanto, em 1839, Axel Erdmann descobriu-o num mineral da Noruega. Por\u00e9m, a descoberta foi atribu\u00edda a Mosander, j\u00e1 que ele teve que extrair um segundo elemento novo. Por sua vez, ele escolheu o nome da express\u00e3o grega <em>lanthano<\/em> porque estava escondido entre as amostras analisadas. Mais tarde, em 1923, foi isolado pela primeira vez.<\/p>\n<h2> <strong>Para que \u00e9 usado o lant\u00e2nio?<\/strong><\/h2>\n<p> Uma das utiliza\u00e7\u00f5es \u00e9 o trabalho de proje\u00e7\u00e3o e ilumina\u00e7\u00e3o na ind\u00fastria cinematogr\u00e1fica. Al\u00e9m disso, muitos derivados do elemento s\u00e3o usados para fabricar lentes de alta qualidade. Al\u00e9m disso, alguns compostos s\u00e3o usados em c\u00e2meras de v\u00eddeo. Conhe\u00e7a outros aplicativos:<\/p>\n<ul>\n<li> Juntamente com o c\u00e9rio, o praseod\u00edmio, o neod\u00edmio, o gadol\u00ednio e o it\u00e9rbio, forma a liga Mischmetall, utilizada em pedras mais leves e baterias de n\u00edquel-hidreto met\u00e1lico.<\/li>\n<li> \u00c9 utilizado em ligas de esponja de hidrog\u00eanio que podem armazenar at\u00e9 400 vezes seu volume de g\u00e1s em processos de absor\u00e7\u00e3o revers\u00edveis.<\/li>\n<li> O \u00f3xido de lant\u00e2nio \u00e9 usado para formar vidros especiais ideais porque proporciona resist\u00eancia \u00e0s bases.<\/li>\n<li> \u00c9 um componente das telas intensificadoras das unidades de raios X.<\/li>\n<li> Na metalurgia, vest\u00edgios desse elemento s\u00e3o adicionados ao a\u00e7o para aumentar sua maleabilidade, resist\u00eancia e ductilidade.<\/li>\n<li> Na medicina, o carbonato de lant\u00e2nio \u00e9 usado como tratamento para hiperfosfatemia e insufici\u00eancia renal cr\u00f4nica.<\/li>\n<\/ul>\n<p> Em resumo, o Lant\u00e2nio est\u00e1 no topo da s\u00e9rie qu\u00edmica dos lantan\u00eddeos, \u00e9 male\u00e1vel, d\u00factil e resistente. Al\u00e9m disso, este metal\u00f3ide reage muito bem com carbono elementar, sel\u00eanio, nitrog\u00eanio, halog\u00eanios, entre outros elementos. Oxida quando exposto ao ar e geralmente \u00e9 t\u00e3o macio que pode ser cortado com uma faca.<\/p>\n","protected":false},"excerpt":{"rendered":"<p>\u00c9 o elemento que inicia a s\u00e9rie qu\u00edmica dos lantan\u00f3ides ou lantan\u00eddeos e faz parte do conhecido grupo de terras raras. Por outro lado, \u00e9 utilizado em metalurgia, engenharia qu\u00edmica, eletr\u00f4nica e medicina devido \u00e0s suas propriedades magn\u00e9ticas, catal\u00edticas, qu\u00edmicas e \u00f3pticas. Descubra o que \u00e9 o Lant\u00e2nio, quais s\u00e3o suas caracter\u00edsticas e todas as &#8230; <a title=\"Lant\u00e2nio\" class=\"read-more\" href=\"https:\/\/chemuza.org\/pt\/lantanio\/\" aria-label=\"Mais em Lant\u00e2nio\">Ler mais<\/a><\/p>\n","protected":false},"author":1,"featured_media":0,"parent":0,"menu_order":0,"comment_status":"closed","ping_status":"closed","template":"","meta":{"footnotes":""},"class_list":["post-1509","page","type-page","status-publish"],"yoast_head":"<!-- This site is optimized with the Yoast SEO plugin v21.4 - https:\/\/yoast.com\/wordpress\/plugins\/seo\/ -->\n<title>Lant\u00e2nio - Chemuza<\/title>\n<meta name=\"robots\" content=\"index, follow, max-snippet:-1, max-image-preview:large, max-video-preview:-1\" \/>\n<link rel=\"canonical\" href=\"https:\/\/chemuza.org\/pt\/lantanio\/\" \/>\n<meta property=\"og:locale\" content=\"pt_PT\" \/>\n<meta property=\"og:type\" content=\"article\" \/>\n<meta property=\"og:title\" content=\"Lant\u00e2nio - Chemuza\" \/>\n<meta property=\"og:description\" content=\"\u00c9 o elemento que inicia a s\u00e9rie qu\u00edmica dos lantan\u00f3ides ou lantan\u00eddeos e faz parte do conhecido grupo de terras raras. Por outro lado, \u00e9 utilizado em metalurgia, engenharia qu\u00edmica, eletr\u00f4nica e medicina devido \u00e0s suas propriedades magn\u00e9ticas, catal\u00edticas, qu\u00edmicas e \u00f3pticas. Descubra o que \u00e9 o Lant\u00e2nio, quais s\u00e3o suas caracter\u00edsticas e todas as ... Ler mais\" \/>\n<meta property=\"og:url\" content=\"https:\/\/chemuza.org\/pt\/lantanio\/\" \/>\n<meta property=\"og:site_name\" content=\"Statorials\" \/>\n<meta name=\"twitter:card\" content=\"summary_large_image\" \/>\n<meta name=\"twitter:label1\" content=\"Tempo estimado de leitura\" \/>\n\t<meta name=\"twitter:data1\" content=\"4 minutos\" \/>\n<script type=\"application\/ld+json\" class=\"yoast-schema-graph\">{\"@context\":\"https:\/\/schema.org\",\"@graph\":[{\"@type\":\"WebPage\",\"@id\":\"https:\/\/chemuza.org\/pt\/lantanio\/\",\"url\":\"https:\/\/chemuza.org\/pt\/lantanio\/\",\"name\":\"Lant\u00e2nio - Chemuza\",\"isPartOf\":{\"@id\":\"https:\/\/chemuza.org\/pt\/#website\"},\"datePublished\":\"2023-07-14T10:20:34+00:00\",\"dateModified\":\"2023-07-14T10:20:34+00:00\",\"breadcrumb\":{\"@id\":\"https:\/\/chemuza.org\/pt\/lantanio\/#breadcrumb\"},\"inLanguage\":\"pt-PT\",\"potentialAction\":[{\"@type\":\"ReadAction\",\"target\":[\"https:\/\/chemuza.org\/pt\/lantanio\/\"]}]},{\"@type\":\"BreadcrumbList\",\"@id\":\"https:\/\/chemuza.org\/pt\/lantanio\/#breadcrumb\",\"itemListElement\":[{\"@type\":\"ListItem\",\"position\":1,\"name\":\"Lar\",\"item\":\"https:\/\/chemuza.org\/pt\/\"},{\"@type\":\"ListItem\",\"position\":2,\"name\":\"Lant\u00e2nio\"}]},{\"@type\":\"WebSite\",\"@id\":\"https:\/\/chemuza.org\/pt\/#website\",\"url\":\"https:\/\/chemuza.org\/pt\/\",\"name\":\"Chemuza\",\"description\":\"Sua porta de entrada para a descoberta qu\u00edmica!\",\"publisher\":{\"@id\":\"https:\/\/chemuza.org\/pt\/#organization\"},\"potentialAction\":[{\"@type\":\"SearchAction\",\"target\":{\"@type\":\"EntryPoint\",\"urlTemplate\":\"https:\/\/chemuza.org\/pt\/?s={search_term_string}\"},\"query-input\":\"required name=search_term_string\"}],\"inLanguage\":\"pt-PT\"},{\"@type\":\"Organization\",\"@id\":\"https:\/\/chemuza.org\/pt\/#organization\",\"name\":\"Chemuza\",\"url\":\"https:\/\/chemuza.org\/pt\/\",\"logo\":{\"@type\":\"ImageObject\",\"inLanguage\":\"pt-PT\",\"@id\":\"https:\/\/chemuza.org\/pt\/#\/schema\/logo\/image\/\",\"url\":\"https:\/\/chemuza.org\/pt\/wp-content\/uploads\/2023\/10\/chemuza-logo.png\",\"contentUrl\":\"https:\/\/chemuza.org\/pt\/wp-content\/uploads\/2023\/10\/chemuza-logo.png\",\"width\":387,\"height\":70,\"caption\":\"Chemuza\"},\"image\":{\"@id\":\"https:\/\/chemuza.org\/pt\/#\/schema\/logo\/image\/\"}}]}<\/script>\n<!-- \/ Yoast SEO plugin. -->","yoast_head_json":{"title":"Lant\u00e2nio - Chemuza","robots":{"index":"index","follow":"follow","max-snippet":"max-snippet:-1","max-image-preview":"max-image-preview:large","max-video-preview":"max-video-preview:-1"},"canonical":"https:\/\/chemuza.org\/pt\/lantanio\/","og_locale":"pt_PT","og_type":"article","og_title":"Lant\u00e2nio - Chemuza","og_description":"\u00c9 o elemento que inicia a s\u00e9rie qu\u00edmica dos lantan\u00f3ides ou lantan\u00eddeos e faz parte do conhecido grupo de terras raras. Por outro lado, \u00e9 utilizado em metalurgia, engenharia qu\u00edmica, eletr\u00f4nica e medicina devido \u00e0s suas propriedades magn\u00e9ticas, catal\u00edticas, qu\u00edmicas e \u00f3pticas. Descubra o que \u00e9 o Lant\u00e2nio, quais s\u00e3o suas caracter\u00edsticas e todas as ... Ler mais","og_url":"https:\/\/chemuza.org\/pt\/lantanio\/","og_site_name":"Statorials","twitter_card":"summary_large_image","twitter_misc":{"Tempo estimado de leitura":"4 minutos"},"schema":{"@context":"https:\/\/schema.org","@graph":[{"@type":"WebPage","@id":"https:\/\/chemuza.org\/pt\/lantanio\/","url":"https:\/\/chemuza.org\/pt\/lantanio\/","name":"Lant\u00e2nio - Chemuza","isPartOf":{"@id":"https:\/\/chemuza.org\/pt\/#website"},"datePublished":"2023-07-14T10:20:34+00:00","dateModified":"2023-07-14T10:20:34+00:00","breadcrumb":{"@id":"https:\/\/chemuza.org\/pt\/lantanio\/#breadcrumb"},"inLanguage":"pt-PT","potentialAction":[{"@type":"ReadAction","target":["https:\/\/chemuza.org\/pt\/lantanio\/"]}]},{"@type":"BreadcrumbList","@id":"https:\/\/chemuza.org\/pt\/lantanio\/#breadcrumb","itemListElement":[{"@type":"ListItem","position":1,"name":"Lar","item":"https:\/\/chemuza.org\/pt\/"},{"@type":"ListItem","position":2,"name":"Lant\u00e2nio"}]},{"@type":"WebSite","@id":"https:\/\/chemuza.org\/pt\/#website","url":"https:\/\/chemuza.org\/pt\/","name":"Chemuza","description":"Sua porta de entrada para a descoberta qu\u00edmica!","publisher":{"@id":"https:\/\/chemuza.org\/pt\/#organization"},"potentialAction":[{"@type":"SearchAction","target":{"@type":"EntryPoint","urlTemplate":"https:\/\/chemuza.org\/pt\/?s={search_term_string}"},"query-input":"required name=search_term_string"}],"inLanguage":"pt-PT"},{"@type":"Organization","@id":"https:\/\/chemuza.org\/pt\/#organization","name":"Chemuza","url":"https:\/\/chemuza.org\/pt\/","logo":{"@type":"ImageObject","inLanguage":"pt-PT","@id":"https:\/\/chemuza.org\/pt\/#\/schema\/logo\/image\/","url":"https:\/\/chemuza.org\/pt\/wp-content\/uploads\/2023\/10\/chemuza-logo.png","contentUrl":"https:\/\/chemuza.org\/pt\/wp-content\/uploads\/2023\/10\/chemuza-logo.png","width":387,"height":70,"caption":"Chemuza"},"image":{"@id":"https:\/\/chemuza.org\/pt\/#\/schema\/logo\/image\/"}}]}},"yoast_meta":{"yoast_wpseo_title":"","yoast_wpseo_metadesc":"","yoast_wpseo_canonical":""},"_links":{"self":[{"href":"https:\/\/chemuza.org\/pt\/wp-json\/wp\/v2\/pages\/1509","targetHints":{"allow":["GET"]}}],"collection":[{"href":"https:\/\/chemuza.org\/pt\/wp-json\/wp\/v2\/pages"}],"about":[{"href":"https:\/\/chemuza.org\/pt\/wp-json\/wp\/v2\/types\/page"}],"author":[{"embeddable":true,"href":"https:\/\/chemuza.org\/pt\/wp-json\/wp\/v2\/users\/1"}],"replies":[{"embeddable":true,"href":"https:\/\/chemuza.org\/pt\/wp-json\/wp\/v2\/comments?post=1509"}],"version-history":[{"count":0,"href":"https:\/\/chemuza.org\/pt\/wp-json\/wp\/v2\/pages\/1509\/revisions"}],"wp:attachment":[{"href":"https:\/\/chemuza.org\/pt\/wp-json\/wp\/v2\/media?parent=1509"}],"curies":[{"name":"wp","href":"https:\/\/api.w.org\/{rel}","templated":true}]}}