{"id":1508,"date":"2023-07-14T10:42:50","date_gmt":"2023-07-14T10:42:50","guid":{"rendered":"https:\/\/chemuza.org\/pt\/bario\/"},"modified":"2023-07-14T10:42:50","modified_gmt":"2023-07-14T10:42:50","slug":"bario","status":"publish","type":"page","link":"https:\/\/chemuza.org\/pt\/bario\/","title":{"rendered":"B\u00e1rio"},"content":{"rendered":"<p>O b\u00e1rio est\u00e1 distribu\u00eddo na crosta terrestre na propor\u00e7\u00e3o de 0,04%, e ocupa o d\u00e9cimo oitavo lugar, dada a sua baixa presen\u00e7a no estado natural. Seus compostos s\u00e3o obtidos a partir da extra\u00e7\u00e3o e transforma\u00e7\u00e3o de seus dois principais compostos, a barita e a witherita. Confira mais de seus recursos e aplicativos abaixo.<\/p>\n<h2> <strong>O que \u00e9 b\u00e1rio?<\/strong><\/h2>\n<p> \u00c9 um metal alcalino-terroso com n\u00famero at\u00f4mico 56 na tabela peri\u00f3dica. \u00c9 muito reativo, possui massa at\u00f4mica de 137,34 e cor prateada esbranqui\u00e7ada. Sua presen\u00e7a no meio ambiente \u00e9 baixa, por isso s\u00f3 \u00e9 encontrada em compostos s\u00f3lidos, poeiras e cristais. Al\u00e9m disso, a sua presen\u00e7a \u00e9 quase inexistente nos alimentos e na \u00e1gua pot\u00e1vel.<\/p>\n<h3> <strong>S\u00edmbolo de b\u00e1rio<\/strong><\/h3>\n<p> <span class=\"content-chemical-element\" style=\"float: left;width: 65px;height: 65px;border: 3px solid #666; display:flex;\n    justify-content: center;align-items: center;margin-right: 15px;\"><span style=\"font-size: 38px;\">Ba<\/span><\/span> Seu nome vem do grego barys ou pesado. Foi extra\u00eddo pela primeira vez por Sir Humphrey Davy por eletr\u00f3lise da barita, o que resultou em alta densidade em seu estado puro, da\u00ed seu nome.<\/p>\n<h2> <strong>Caracter\u00edsticas do b\u00e1rio<\/strong><\/h2>\n<p> O elemento B\u00e1rio est\u00e1 localizado no grupo 2 da tabela peri\u00f3dica, \u00e9 d\u00factil, o que significa que se oxida facilmente na presen\u00e7a de ar e reage rapidamente com a \u00e1gua. Al\u00e9m disso, \u00e9 muito ativo quimicamente porque interage com n\u00e3o metais para formar compostos. Saiba mais sobre sua composi\u00e7\u00e3o:<\/p>\n<ul>\n<li> <strong>Condi\u00e7\u00e3o<\/strong> : S\u00f3lido.<\/li>\n<li> <strong>Cor<\/strong> : Branco prateado.<\/li>\n<li> <strong>Sabor e cheiro<\/strong> : Amargo met\u00e1lico, muito desagrad\u00e1vel e inodoro.<\/li>\n<li> <strong>Composi\u00e7\u00e3o<\/strong> : \u00c9 composto por 57 pr\u00f3tons e el\u00e9trons com 81 n\u00eautrons.<\/li>\n<li> <strong>Toxicidade<\/strong> : Alta, podendo causar s\u00e9rios danos \u00e0 sa\u00fade.<\/li>\n<li> <strong>Reatividade<\/strong> : Alta, em contato com \u00e1gua ou \u00e1lcool forma g\u00e1s hidrog\u00eanio.<\/li>\n<li> <strong>Solubilidade<\/strong> : Sol\u00favel em \u00e1gua.<\/li>\n<li> <strong>Cristaliza\u00e7\u00e3o<\/strong> : C\u00fabica centrada em partes do corpo.<\/li>\n<li> <strong>Condutividade<\/strong> : Boa, tanto el\u00e9trica como t\u00e9rmica.<\/li>\n<\/ul>\n<h2> <strong>Propriedades qu\u00edmicas e f\u00edsicas do b\u00e1rio<\/strong><\/h2>\n<ol>\n<li> <strong>N\u00famero at\u00f4mico<\/strong> : 56<\/li>\n<li> <strong>Per\u00edodo<\/strong> : 6<\/li>\n<li> <strong>Bloco<\/strong> : S<\/li>\n<li> <strong>Grupo<\/strong> : 2<\/li>\n<li> <strong>Estado de oxida\u00e7\u00e3o<\/strong> : 2<\/li>\n<li> <strong>Raio covalente (\u00c5):<\/strong> 198<strong> <\/strong>tarde<\/li>\n<li> <strong>Calor espec\u00edfico:<\/strong> 204 J \/ (K kg)<\/li>\n<li> <strong>Energia de ioniza\u00e7\u00e3o:<\/strong> 502,9<\/li>\n<li> <strong>Massa at\u00f4mica (g\/mol):<\/strong> 137,34u<\/li>\n<li> <strong>Densidade:<\/strong> 3620 Kg\/m3<\/li>\n<li> <strong>Ponto de ebuli\u00e7\u00e3o:<\/strong> 1845<strong> <\/strong>\u00b0C<\/li>\n<li> <strong>Ponto de fus\u00e3o:<\/strong> 727<strong> <\/strong>\u00b0C<\/li>\n<li> <strong>Raio at\u00f4mico:<\/strong> 253 pm<\/li>\n<li> <strong>Raio m\u00e9dio:<\/strong> 215h<\/li>\n<li> <strong>El\u00e9trons por camada:<\/strong> 2, 8, 18, 8, 2<\/li>\n<li> <strong>Eletronegatividade:<\/strong> 0,89 <strong>&nbsp;<\/strong><\/li>\n<li> <strong>Configura\u00e7\u00e3o eletr\u00f4nica:<\/strong> [Xe] 6s2<\/li>\n<li> <strong>Condutividade t\u00e9rmica:<\/strong> 18,4 W\/(Km)<\/li>\n<li> <strong>Condutividade el\u00e9trica:<\/strong> 3106 S\/m<\/li>\n<\/ol>\n<h2> <strong>Origem do b\u00e1rio<\/strong><\/h2>\n<p> O elemento B\u00e1rio e seus minerais j\u00e1 eram conhecidos na Idade M\u00e9dia na It\u00e1lia na forma de pedras. Foi utilizado por suas caracter\u00edsticas fosforescentes, pois quando aquecido emite luzes coloridas. Mais tarde, em 1774, Carl Scheele notou que a barita continha outro composto, que ele n\u00e3o conseguiu isolar no estado puro, obtendo apenas o seu \u00f3xido.<\/p>\n<p> Finalmente, em 1808, Sir Humphry Davy conseguiu encontrar o elemento atrav\u00e9s da eletr\u00f3lise com sais fundidos. S\u00f3 assim foi obtida uma amostra pura, o que permitiu estabelecer as suas propriedades alcalino-terrosas.<\/p>\n<h2> <strong>Para que \u00e9 usado o b\u00e1rio?<\/strong><\/h2>\n<p> Este metal \u00e9 muito reativo e raramente abundante em seu estado natural. No entanto, os pigmentos da tinta s\u00e3o produzidos com seus compostos, o oxig\u00eanio das v\u00e1lvulas el\u00e9tricas \u00e9 minimizado e s\u00e3o criadas chamas verdes. Outras aplica\u00e7\u00f5es s\u00e3o detalhadas abaixo:<\/p>\n<h3> <strong>Po\u00e7o de petr\u00f3leo<\/strong><\/h3>\n<p> O \u00f3xido de b\u00e1rio \u00e9 usado como lama na perfura\u00e7\u00e3o de po\u00e7os de petr\u00f3leo em diferentes partes. O objetivo \u00e9 aumentar a densidade do lodo e preservar o combust\u00edvel.<\/p>\n<h3> <strong>Condutores el\u00e9tricos<\/strong><\/h3>\n<p> Em seu estado met\u00e1lico, \u00e9 utilizado para cobrir fia\u00e7\u00f5es e condutores de dispositivos el\u00e9tricos. Al\u00e9m disso, \u00e9 utilizado em mecanismos de igni\u00e7\u00e3o de autom\u00f3veis que regulam o n\u00edvel de eletricidade.<\/p>\n<h3> <strong>Pirotecnia<\/strong><\/h3>\n<p> Como o nitrato de b\u00e1rio possui caracter\u00edsticas explosivas, \u00e9 utilizado na produ\u00e7\u00e3o de fogos de artif\u00edcio e luzes artificiais. Embora oxide rapidamente no ar e mude de cor, \u00e9 utilizado na fabrica\u00e7\u00e3o de ilumina\u00e7\u00e3o fosforescente.<\/p>\n<h3> <strong>Ingrediente venenoso<\/strong><\/h3>\n<p> O composto carbonato de b\u00e1rio \u00e9 usado na fabrica\u00e7\u00e3o de veneno para ratos. Dada a sua elevada toxicidade, elimina o roedor poucos segundos ap\u00f3s a sua ingest\u00e3o.<\/p>\n<h3> <strong>produ\u00e7\u00e3o de eletrodos<\/strong><\/h3>\n<p> Sulfato de b\u00e1rio e lignina, um pol\u00edmero org\u00e2nico, s\u00e3o utilizados na produ\u00e7\u00e3o de eletrodos negativos. Desta forma, cumpre a fun\u00e7\u00e3o de expansor em baterias de chumbo-\u00e1cido.<\/p>\n<h3> <strong>Radiologia<\/strong><\/h3>\n<p> O composto de sulfato de b\u00e1rio \u00e9 utilizado para revestir salas de raios X devido \u00e0 sua alta opacidade. Al\u00e9m disso, por ser sol\u00favel em \u00e1gua, cria contrastes nos raios X e permite visualizar anomalias com boa precis\u00e3o.<\/p>\n<h2> <strong>O que \u00e9 cloreto de b\u00e1rio?<\/strong><\/h2>\n<p> \u00c9 um composto inorg\u00e2nico de f\u00f3rmula BaCl2 do tipo sal sol\u00favel t\u00f3xico com tonalidade azulada quando exposto ao fogo. \u00c9 muito valorizado na ind\u00fastria, pois \u00e9 utilizado como purificador de salmoura em plantas de cloro e \u00e1lcalis. Al\u00e9m disso, \u00e9 utilizado como endurecedor de a\u00e7o e na cria\u00e7\u00e3o de sais durante tratamentos t\u00e9rmicos.<\/p>\n<p> Concluindo, este metal alcalino-terroso \u00e9 muito radioativo, por isso \u00e9 raro em seu estado natural. Possui excelente condutividade t\u00e9rmica e el\u00e9trica, perfeita para diversas aplica\u00e7\u00f5es nas \u00e1reas industrial, qu\u00edmica e m\u00e9dica.<\/p>\n","protected":false},"excerpt":{"rendered":"<p>O b\u00e1rio est\u00e1 distribu\u00eddo na crosta terrestre na propor\u00e7\u00e3o de 0,04%, e ocupa o d\u00e9cimo oitavo lugar, dada a sua baixa presen\u00e7a no estado natural. Seus compostos s\u00e3o obtidos a partir da extra\u00e7\u00e3o e transforma\u00e7\u00e3o de seus dois principais compostos, a barita e a witherita. Confira mais de seus recursos e aplicativos abaixo. O que &#8230; <a title=\"B\u00e1rio\" class=\"read-more\" href=\"https:\/\/chemuza.org\/pt\/bario\/\" aria-label=\"Mais em B\u00e1rio\">Ler mais<\/a><\/p>\n","protected":false},"author":1,"featured_media":0,"parent":0,"menu_order":0,"comment_status":"closed","ping_status":"closed","template":"","meta":{"footnotes":""},"class_list":["post-1508","page","type-page","status-publish"],"yoast_head":"<!-- This site is optimized with the Yoast SEO plugin v21.4 - https:\/\/yoast.com\/wordpress\/plugins\/seo\/ -->\n<title>B\u00e1rio - Chemuza<\/title>\n<meta name=\"robots\" content=\"index, follow, max-snippet:-1, max-image-preview:large, max-video-preview:-1\" \/>\n<link rel=\"canonical\" href=\"https:\/\/chemuza.org\/pt\/bario\/\" \/>\n<meta property=\"og:locale\" content=\"pt_PT\" \/>\n<meta property=\"og:type\" content=\"article\" \/>\n<meta property=\"og:title\" content=\"B\u00e1rio - Chemuza\" \/>\n<meta property=\"og:description\" content=\"O b\u00e1rio est\u00e1 distribu\u00eddo na crosta terrestre na propor\u00e7\u00e3o de 0,04%, e ocupa o d\u00e9cimo oitavo lugar, dada a sua baixa presen\u00e7a no estado natural. Seus compostos s\u00e3o obtidos a partir da extra\u00e7\u00e3o e transforma\u00e7\u00e3o de seus dois principais compostos, a barita e a witherita. Confira mais de seus recursos e aplicativos abaixo. O que ... Ler mais\" \/>\n<meta property=\"og:url\" content=\"https:\/\/chemuza.org\/pt\/bario\/\" \/>\n<meta property=\"og:site_name\" content=\"Statorials\" \/>\n<meta name=\"twitter:card\" content=\"summary_large_image\" \/>\n<meta name=\"twitter:label1\" content=\"Tempo estimado de leitura\" \/>\n\t<meta name=\"twitter:data1\" content=\"4 minutos\" \/>\n<script type=\"application\/ld+json\" class=\"yoast-schema-graph\">{\"@context\":\"https:\/\/schema.org\",\"@graph\":[{\"@type\":\"WebPage\",\"@id\":\"https:\/\/chemuza.org\/pt\/bario\/\",\"url\":\"https:\/\/chemuza.org\/pt\/bario\/\",\"name\":\"B\u00e1rio - Chemuza\",\"isPartOf\":{\"@id\":\"https:\/\/chemuza.org\/pt\/#website\"},\"datePublished\":\"2023-07-14T10:42:50+00:00\",\"dateModified\":\"2023-07-14T10:42:50+00:00\",\"breadcrumb\":{\"@id\":\"https:\/\/chemuza.org\/pt\/bario\/#breadcrumb\"},\"inLanguage\":\"pt-PT\",\"potentialAction\":[{\"@type\":\"ReadAction\",\"target\":[\"https:\/\/chemuza.org\/pt\/bario\/\"]}]},{\"@type\":\"BreadcrumbList\",\"@id\":\"https:\/\/chemuza.org\/pt\/bario\/#breadcrumb\",\"itemListElement\":[{\"@type\":\"ListItem\",\"position\":1,\"name\":\"Lar\",\"item\":\"https:\/\/chemuza.org\/pt\/\"},{\"@type\":\"ListItem\",\"position\":2,\"name\":\"B\u00e1rio\"}]},{\"@type\":\"WebSite\",\"@id\":\"https:\/\/chemuza.org\/pt\/#website\",\"url\":\"https:\/\/chemuza.org\/pt\/\",\"name\":\"Chemuza\",\"description\":\"Sua porta de entrada para a descoberta qu\u00edmica!\",\"publisher\":{\"@id\":\"https:\/\/chemuza.org\/pt\/#organization\"},\"potentialAction\":[{\"@type\":\"SearchAction\",\"target\":{\"@type\":\"EntryPoint\",\"urlTemplate\":\"https:\/\/chemuza.org\/pt\/?s={search_term_string}\"},\"query-input\":\"required name=search_term_string\"}],\"inLanguage\":\"pt-PT\"},{\"@type\":\"Organization\",\"@id\":\"https:\/\/chemuza.org\/pt\/#organization\",\"name\":\"Chemuza\",\"url\":\"https:\/\/chemuza.org\/pt\/\",\"logo\":{\"@type\":\"ImageObject\",\"inLanguage\":\"pt-PT\",\"@id\":\"https:\/\/chemuza.org\/pt\/#\/schema\/logo\/image\/\",\"url\":\"https:\/\/chemuza.org\/pt\/wp-content\/uploads\/2023\/10\/chemuza-logo.png\",\"contentUrl\":\"https:\/\/chemuza.org\/pt\/wp-content\/uploads\/2023\/10\/chemuza-logo.png\",\"width\":387,\"height\":70,\"caption\":\"Chemuza\"},\"image\":{\"@id\":\"https:\/\/chemuza.org\/pt\/#\/schema\/logo\/image\/\"}}]}<\/script>\n<!-- \/ Yoast SEO plugin. -->","yoast_head_json":{"title":"B\u00e1rio - Chemuza","robots":{"index":"index","follow":"follow","max-snippet":"max-snippet:-1","max-image-preview":"max-image-preview:large","max-video-preview":"max-video-preview:-1"},"canonical":"https:\/\/chemuza.org\/pt\/bario\/","og_locale":"pt_PT","og_type":"article","og_title":"B\u00e1rio - Chemuza","og_description":"O b\u00e1rio est\u00e1 distribu\u00eddo na crosta terrestre na propor\u00e7\u00e3o de 0,04%, e ocupa o d\u00e9cimo oitavo lugar, dada a sua baixa presen\u00e7a no estado natural. Seus compostos s\u00e3o obtidos a partir da extra\u00e7\u00e3o e transforma\u00e7\u00e3o de seus dois principais compostos, a barita e a witherita. Confira mais de seus recursos e aplicativos abaixo. O que ... Ler mais","og_url":"https:\/\/chemuza.org\/pt\/bario\/","og_site_name":"Statorials","twitter_card":"summary_large_image","twitter_misc":{"Tempo estimado de leitura":"4 minutos"},"schema":{"@context":"https:\/\/schema.org","@graph":[{"@type":"WebPage","@id":"https:\/\/chemuza.org\/pt\/bario\/","url":"https:\/\/chemuza.org\/pt\/bario\/","name":"B\u00e1rio - Chemuza","isPartOf":{"@id":"https:\/\/chemuza.org\/pt\/#website"},"datePublished":"2023-07-14T10:42:50+00:00","dateModified":"2023-07-14T10:42:50+00:00","breadcrumb":{"@id":"https:\/\/chemuza.org\/pt\/bario\/#breadcrumb"},"inLanguage":"pt-PT","potentialAction":[{"@type":"ReadAction","target":["https:\/\/chemuza.org\/pt\/bario\/"]}]},{"@type":"BreadcrumbList","@id":"https:\/\/chemuza.org\/pt\/bario\/#breadcrumb","itemListElement":[{"@type":"ListItem","position":1,"name":"Lar","item":"https:\/\/chemuza.org\/pt\/"},{"@type":"ListItem","position":2,"name":"B\u00e1rio"}]},{"@type":"WebSite","@id":"https:\/\/chemuza.org\/pt\/#website","url":"https:\/\/chemuza.org\/pt\/","name":"Chemuza","description":"Sua porta de entrada para a descoberta qu\u00edmica!","publisher":{"@id":"https:\/\/chemuza.org\/pt\/#organization"},"potentialAction":[{"@type":"SearchAction","target":{"@type":"EntryPoint","urlTemplate":"https:\/\/chemuza.org\/pt\/?s={search_term_string}"},"query-input":"required name=search_term_string"}],"inLanguage":"pt-PT"},{"@type":"Organization","@id":"https:\/\/chemuza.org\/pt\/#organization","name":"Chemuza","url":"https:\/\/chemuza.org\/pt\/","logo":{"@type":"ImageObject","inLanguage":"pt-PT","@id":"https:\/\/chemuza.org\/pt\/#\/schema\/logo\/image\/","url":"https:\/\/chemuza.org\/pt\/wp-content\/uploads\/2023\/10\/chemuza-logo.png","contentUrl":"https:\/\/chemuza.org\/pt\/wp-content\/uploads\/2023\/10\/chemuza-logo.png","width":387,"height":70,"caption":"Chemuza"},"image":{"@id":"https:\/\/chemuza.org\/pt\/#\/schema\/logo\/image\/"}}]}},"yoast_meta":{"yoast_wpseo_title":"","yoast_wpseo_metadesc":"","yoast_wpseo_canonical":""},"_links":{"self":[{"href":"https:\/\/chemuza.org\/pt\/wp-json\/wp\/v2\/pages\/1508","targetHints":{"allow":["GET"]}}],"collection":[{"href":"https:\/\/chemuza.org\/pt\/wp-json\/wp\/v2\/pages"}],"about":[{"href":"https:\/\/chemuza.org\/pt\/wp-json\/wp\/v2\/types\/page"}],"author":[{"embeddable":true,"href":"https:\/\/chemuza.org\/pt\/wp-json\/wp\/v2\/users\/1"}],"replies":[{"embeddable":true,"href":"https:\/\/chemuza.org\/pt\/wp-json\/wp\/v2\/comments?post=1508"}],"version-history":[{"count":0,"href":"https:\/\/chemuza.org\/pt\/wp-json\/wp\/v2\/pages\/1508\/revisions"}],"wp:attachment":[{"href":"https:\/\/chemuza.org\/pt\/wp-json\/wp\/v2\/media?parent=1508"}],"curies":[{"name":"wp","href":"https:\/\/api.w.org\/{rel}","templated":true}]}}