{"id":1507,"date":"2023-07-14T10:56:18","date_gmt":"2023-07-14T10:56:18","guid":{"rendered":"https:\/\/chemuza.org\/pt\/telurio\/"},"modified":"2023-07-14T10:56:18","modified_gmt":"2023-07-14T10:56:18","slug":"telurio","status":"publish","type":"page","link":"https:\/\/chemuza.org\/pt\/telurio\/","title":{"rendered":"Tel\u00fario"},"content":{"rendered":"<p>O tel\u00fario \u00e9 um dos elementos mais raros que existem na Terra e \u00e9 encontrado junto com o sel\u00eanio, o oxig\u00eanio, o pol\u00f4nio e o enxofre. Isto pode ser isolado usando p\u00f3s finos de certos minerais de ouro tel\u00farico. Al\u00e9m disso, \u00e9 poss\u00edvel encontr\u00e1-lo na forma de Telluride Gr\u00e1fico ou Nagiagita e outras formas s\u00e3o Altaite, Coloradoite, Gold e Silver Telluride.<\/p>\n<h2> <strong>O que \u00e9 tel\u00fario?<\/strong><\/h2>\n<p> \u00c9 um elemento da tabela peri\u00f3dica que est\u00e1 localizado dentro dos semimetais. S\u00e3o conhecidas duas formas alotr\u00f3picas, uma delas \u00e9 cristalina, branca prateada, com gravidade espec\u00edfica de 6,24. A outra forma \u00e9 a castanha amorfa, que tem gravidade espec\u00edfica de 6,015. Al\u00e9m disso, \u00e9 quebradi\u00e7o e geralmente aparece como um p\u00f3 cinza escuro.<\/p>\n<p> Quando queimado no ar, gera uma chama azul esverdeada e libera di\u00f3xido de tel\u00fario. Pode ser dissolvido em \u00e1cido nitrito, mas em \u00e1cido clor\u00eddrico ou \u00e1gua n\u00e3o \u00e9 afetado. Al\u00e9m disso, possui propriedades met\u00e1licas e n\u00e3o met\u00e1licas.<\/p>\n<h3> <strong>S\u00edmbolo de tel\u00fario<\/strong><\/h3>\n<p> <span class=\"content-chemical-element\" style=\"float: left;width: 65px;height: 65px;border: 3px solid #666; display:flex;\n    justify-content: center;align-items: center;margin-right: 15px;\"><span style=\"font-size: 38px;\">Te<\/span><\/span> \u00c9 encontrado como um elemento qu\u00edmico localizado no grupo 16, per\u00edodo 5 da tabela peri\u00f3dica. O peso at\u00f4mico \u00e9 127,60 e seu n\u00famero at\u00f4mico \u00e9 52. Existem 29 is\u00f3topos conhecidos, dos quais 8 s\u00e3o encontrados na natureza, tr\u00eas deles s\u00e3o radioativos. Alguns de seus compostos incluem telureto de hidrog\u00eanio, tri\u00f3xido de tel\u00fario, tetracloreto de tel\u00fario e di\u00f3xido de tel\u00fario, entre outros.<\/p>\n<h2> <strong>Caracter\u00edsticas do tel\u00fario<\/strong><\/h2>\n<p> O tel\u00fario \u00e9 relativamente est\u00e1vel, insol\u00favel em \u00e1cido clor\u00eddrico e \u00e1gua, mas em \u00e1gua r\u00e9gia e \u00e1cido n\u00edtrico torna-se sol\u00favel. Al\u00e9m disso, pode reagir com o excesso de cloro e formar um composto chamado dicloreto de telureto ou tetracloreto de telureto. Entre suas outras caracter\u00edsticas importantes temos:<\/p>\n<ul>\n<li> <strong>Estado<\/strong> : O tel\u00fario em seu estado natural \u00e9 s\u00f3lido.<\/li>\n<li> <strong>Sabor e odor<\/strong> : Embora n\u00e3o tenha um odor particular, quando metabolizado pelo organismo apresenta odor de alho e sabor met\u00e1lico.<\/li>\n<li> <strong>Estrutura<\/strong> : \u00c9 um pol\u00edmero composto por cadeias de \u00e1tomos em zigue-zague.<\/li>\n<li> <strong>Condutividade el\u00e9trica:<\/strong> Depende do alinhamento at\u00f4mico, apresenta maior condutividade, que aumenta quando exposto \u00e0 luz.<\/li>\n<\/ul>\n<h2> <strong>Propriedades qu\u00edmicas e f\u00edsicas do tel\u00fario<\/strong><\/h2>\n<ol>\n<li> <strong>N\u00famero at\u00f4mico<\/strong> : 52<\/li>\n<li> <strong>Per\u00edodo:<\/strong> 5<\/li>\n<li> <strong>Bloco:<\/strong> p<\/li>\n<li> <strong>Raio covalente (\u00c5):<\/strong> 135<\/li>\n<li> <strong>Raio at\u00f4mico:<\/strong> 123<\/li>\n<li> <strong>Eletronegatividade:<\/strong> 2,1<\/li>\n<li> <strong>Massa at\u00f4mica (g\/mol):<\/strong> 127,6<\/li>\n<li> <strong>Densidade:<\/strong> 6240 kg\/m\u00b3<\/li>\n<li> <strong>Entalpia de fus\u00e3o:<\/strong> 17,49 Kj\/mol<\/li>\n<li> <strong>Estado de oxida\u00e7\u00e3o:<\/strong> +2, 4, 6<\/li>\n<li> <strong>Ponto de fus\u00e3o:<\/strong> 722,66K<\/li>\n<li> <strong>Ponto de ebuli\u00e7\u00e3o:<\/strong> 1261 K<\/li>\n<li> <strong>Velocidade do som:<\/strong> 2610<strong> <\/strong>m\/s 293,15K<\/li>\n<li> <strong>Press\u00e3o de vapor:<\/strong> 23,1 Pa a 272,65 K<\/li>\n<li> <strong>Configura\u00e7\u00e3o eletr\u00f4nica:<\/strong> [Kr] 4d <sup>10<\/sup> 5s <sup>2<\/sup> 5p <sup>41<\/sup><\/li>\n<li> <strong>Entalpia de vaporiza\u00e7\u00e3o:<\/strong> 52,55 kJ\/mol<\/li>\n<\/ol>\n<h2> <strong>Origem do tel\u00fario<\/strong><\/h2>\n<p> O nome Tellurium ou Tellurium vem do <em>latim<\/em> Tellus, que significa Terra, em homenagem \u00e0 deusa Tellus. Este elemento foi descoberto pelo engenheiro de minas austr\u00edaco Frannz Joseph Muller von Reichenstein em 1782. Ele estava curioso sobre um elemento que encontrou em uma mina que emitia um incr\u00edvel brilho met\u00e1lico. A princ\u00edpio ele pensou que fosse Antim\u00f4nio.<\/p>\n<p> Por\u00e9m, depois de analis\u00e1-lo por cerca de tr\u00eas anos, percebeu que se tratava de algo novo. Observou tamb\u00e9m que ao ser aquecido emitia uma fuma\u00e7a vermelha que se tornava preta ao ser misturada com \u00e1gua, por isso o chamou de ouro paradoxal. Mas foi em 1798 que o qu\u00edmico alem\u00e3o Martin Heinrich Klaproth lhe deu o nome de Tel\u00fario.<\/p>\n<h2> <strong>Para que \u00e9 usado o tel\u00fario?<\/strong><\/h2>\n<p> No in\u00edcio, era utilizado como polidor em galvanoplastia como material de colora\u00e7\u00e3o de vidro. Al\u00e9m disso, \u00e9 utilizado como aditivo ao chumbo para melhorar sua resist\u00eancia \u00e0 corros\u00e3o e durabilidade. Al\u00e9m disso, sua liga com ferro promove resfriamento para espectroscopia. Outras aplica\u00e7\u00f5es deste elemento s\u00e3o:<\/p>\n<h3> <strong>Ind\u00fastria<\/strong><\/h3>\n<p> Devido \u00e0s suas propriedades condutoras, \u00e9 utilizado na fabrica\u00e7\u00e3o de dispositivos termoel\u00e9tricos e discos compactos. Tamb\u00e9m \u00e9 usado para melhorar a usinabilidade de a\u00e7o e cobre. \u00c9 utilizado para vulcanizar borrachas, tornando-as mais resistentes ao calor. Da mesma forma, os compostos de tel\u00fario servem como pigmentos para fazer cer\u00e2micas e aumentar a refra\u00e7\u00e3o \u00f3ptica dos vidros, utilizados em fibras \u00f3pticas para telecomunica\u00e7\u00f5es.<\/p>\n<h3> <strong>Medicamento<\/strong><\/h3>\n<p> O telurato de pot\u00e1ssio \u00e9 usado para tratar a sudorese noturna excessiva em pacientes com tuberculose. Tamb\u00e9m tem sido usado como tratamento para problemas de tireoide. Por outro lado, o Tellurite Agar ajuda a identificar Corynebacterium diphtheriae, uma bact\u00e9ria patog\u00eanica respons\u00e1vel pela difteria.<\/p>\n<p> Concluindo, o tel\u00fario pertence ao grupo dos metal\u00f3ides e \u00e9 encontrado na natureza em estado s\u00f3lido n\u00e3o magn\u00e9tico. Al\u00e9m disso, constitui aproximadamente 10% das rochas \u00edgneas encontradas na superf\u00edcie da Terra.<\/p>\n","protected":false},"excerpt":{"rendered":"<p>O tel\u00fario \u00e9 um dos elementos mais raros que existem na Terra e \u00e9 encontrado junto com o sel\u00eanio, o oxig\u00eanio, o pol\u00f4nio e o enxofre. Isto pode ser isolado usando p\u00f3s finos de certos minerais de ouro tel\u00farico. Al\u00e9m disso, \u00e9 poss\u00edvel encontr\u00e1-lo na forma de Telluride Gr\u00e1fico ou Nagiagita e outras formas s\u00e3o &#8230; <a title=\"Tel\u00fario\" class=\"read-more\" href=\"https:\/\/chemuza.org\/pt\/telurio\/\" aria-label=\"Mais em Tel\u00fario\">Ler mais<\/a><\/p>\n","protected":false},"author":1,"featured_media":0,"parent":0,"menu_order":0,"comment_status":"closed","ping_status":"closed","template":"","meta":{"footnotes":""},"class_list":["post-1507","page","type-page","status-publish"],"yoast_head":"<!-- This site is optimized with the Yoast SEO plugin v21.4 - https:\/\/yoast.com\/wordpress\/plugins\/seo\/ -->\n<title>Tel\u00fario - Chemuza<\/title>\n<meta name=\"robots\" content=\"index, follow, max-snippet:-1, max-image-preview:large, max-video-preview:-1\" \/>\n<link rel=\"canonical\" href=\"https:\/\/chemuza.org\/pt\/telurio\/\" \/>\n<meta property=\"og:locale\" content=\"pt_PT\" \/>\n<meta property=\"og:type\" content=\"article\" \/>\n<meta property=\"og:title\" content=\"Tel\u00fario - Chemuza\" \/>\n<meta property=\"og:description\" content=\"O tel\u00fario \u00e9 um dos elementos mais raros que existem na Terra e \u00e9 encontrado junto com o sel\u00eanio, o oxig\u00eanio, o pol\u00f4nio e o enxofre. Isto pode ser isolado usando p\u00f3s finos de certos minerais de ouro tel\u00farico. Al\u00e9m disso, \u00e9 poss\u00edvel encontr\u00e1-lo na forma de Telluride Gr\u00e1fico ou Nagiagita e outras formas s\u00e3o ... Ler mais\" \/>\n<meta property=\"og:url\" content=\"https:\/\/chemuza.org\/pt\/telurio\/\" \/>\n<meta property=\"og:site_name\" content=\"Statorials\" \/>\n<meta name=\"twitter:card\" content=\"summary_large_image\" \/>\n<meta name=\"twitter:label1\" content=\"Tempo estimado de leitura\" \/>\n\t<meta name=\"twitter:data1\" content=\"4 minutos\" \/>\n<script type=\"application\/ld+json\" class=\"yoast-schema-graph\">{\"@context\":\"https:\/\/schema.org\",\"@graph\":[{\"@type\":\"WebPage\",\"@id\":\"https:\/\/chemuza.org\/pt\/telurio\/\",\"url\":\"https:\/\/chemuza.org\/pt\/telurio\/\",\"name\":\"Tel\u00fario - Chemuza\",\"isPartOf\":{\"@id\":\"https:\/\/chemuza.org\/pt\/#website\"},\"datePublished\":\"2023-07-14T10:56:18+00:00\",\"dateModified\":\"2023-07-14T10:56:18+00:00\",\"breadcrumb\":{\"@id\":\"https:\/\/chemuza.org\/pt\/telurio\/#breadcrumb\"},\"inLanguage\":\"pt-PT\",\"potentialAction\":[{\"@type\":\"ReadAction\",\"target\":[\"https:\/\/chemuza.org\/pt\/telurio\/\"]}]},{\"@type\":\"BreadcrumbList\",\"@id\":\"https:\/\/chemuza.org\/pt\/telurio\/#breadcrumb\",\"itemListElement\":[{\"@type\":\"ListItem\",\"position\":1,\"name\":\"Lar\",\"item\":\"https:\/\/chemuza.org\/pt\/\"},{\"@type\":\"ListItem\",\"position\":2,\"name\":\"Tel\u00fario\"}]},{\"@type\":\"WebSite\",\"@id\":\"https:\/\/chemuza.org\/pt\/#website\",\"url\":\"https:\/\/chemuza.org\/pt\/\",\"name\":\"Chemuza\",\"description\":\"Sua porta de entrada para a descoberta qu\u00edmica!\",\"publisher\":{\"@id\":\"https:\/\/chemuza.org\/pt\/#organization\"},\"potentialAction\":[{\"@type\":\"SearchAction\",\"target\":{\"@type\":\"EntryPoint\",\"urlTemplate\":\"https:\/\/chemuza.org\/pt\/?s={search_term_string}\"},\"query-input\":\"required name=search_term_string\"}],\"inLanguage\":\"pt-PT\"},{\"@type\":\"Organization\",\"@id\":\"https:\/\/chemuza.org\/pt\/#organization\",\"name\":\"Chemuza\",\"url\":\"https:\/\/chemuza.org\/pt\/\",\"logo\":{\"@type\":\"ImageObject\",\"inLanguage\":\"pt-PT\",\"@id\":\"https:\/\/chemuza.org\/pt\/#\/schema\/logo\/image\/\",\"url\":\"https:\/\/chemuza.org\/pt\/wp-content\/uploads\/2023\/10\/chemuza-logo.png\",\"contentUrl\":\"https:\/\/chemuza.org\/pt\/wp-content\/uploads\/2023\/10\/chemuza-logo.png\",\"width\":387,\"height\":70,\"caption\":\"Chemuza\"},\"image\":{\"@id\":\"https:\/\/chemuza.org\/pt\/#\/schema\/logo\/image\/\"}}]}<\/script>\n<!-- \/ Yoast SEO plugin. -->","yoast_head_json":{"title":"Tel\u00fario - Chemuza","robots":{"index":"index","follow":"follow","max-snippet":"max-snippet:-1","max-image-preview":"max-image-preview:large","max-video-preview":"max-video-preview:-1"},"canonical":"https:\/\/chemuza.org\/pt\/telurio\/","og_locale":"pt_PT","og_type":"article","og_title":"Tel\u00fario - Chemuza","og_description":"O tel\u00fario \u00e9 um dos elementos mais raros que existem na Terra e \u00e9 encontrado junto com o sel\u00eanio, o oxig\u00eanio, o pol\u00f4nio e o enxofre. Isto pode ser isolado usando p\u00f3s finos de certos minerais de ouro tel\u00farico. Al\u00e9m disso, \u00e9 poss\u00edvel encontr\u00e1-lo na forma de Telluride Gr\u00e1fico ou Nagiagita e outras formas s\u00e3o ... Ler mais","og_url":"https:\/\/chemuza.org\/pt\/telurio\/","og_site_name":"Statorials","twitter_card":"summary_large_image","twitter_misc":{"Tempo estimado de leitura":"4 minutos"},"schema":{"@context":"https:\/\/schema.org","@graph":[{"@type":"WebPage","@id":"https:\/\/chemuza.org\/pt\/telurio\/","url":"https:\/\/chemuza.org\/pt\/telurio\/","name":"Tel\u00fario - Chemuza","isPartOf":{"@id":"https:\/\/chemuza.org\/pt\/#website"},"datePublished":"2023-07-14T10:56:18+00:00","dateModified":"2023-07-14T10:56:18+00:00","breadcrumb":{"@id":"https:\/\/chemuza.org\/pt\/telurio\/#breadcrumb"},"inLanguage":"pt-PT","potentialAction":[{"@type":"ReadAction","target":["https:\/\/chemuza.org\/pt\/telurio\/"]}]},{"@type":"BreadcrumbList","@id":"https:\/\/chemuza.org\/pt\/telurio\/#breadcrumb","itemListElement":[{"@type":"ListItem","position":1,"name":"Lar","item":"https:\/\/chemuza.org\/pt\/"},{"@type":"ListItem","position":2,"name":"Tel\u00fario"}]},{"@type":"WebSite","@id":"https:\/\/chemuza.org\/pt\/#website","url":"https:\/\/chemuza.org\/pt\/","name":"Chemuza","description":"Sua porta de entrada para a descoberta qu\u00edmica!","publisher":{"@id":"https:\/\/chemuza.org\/pt\/#organization"},"potentialAction":[{"@type":"SearchAction","target":{"@type":"EntryPoint","urlTemplate":"https:\/\/chemuza.org\/pt\/?s={search_term_string}"},"query-input":"required name=search_term_string"}],"inLanguage":"pt-PT"},{"@type":"Organization","@id":"https:\/\/chemuza.org\/pt\/#organization","name":"Chemuza","url":"https:\/\/chemuza.org\/pt\/","logo":{"@type":"ImageObject","inLanguage":"pt-PT","@id":"https:\/\/chemuza.org\/pt\/#\/schema\/logo\/image\/","url":"https:\/\/chemuza.org\/pt\/wp-content\/uploads\/2023\/10\/chemuza-logo.png","contentUrl":"https:\/\/chemuza.org\/pt\/wp-content\/uploads\/2023\/10\/chemuza-logo.png","width":387,"height":70,"caption":"Chemuza"},"image":{"@id":"https:\/\/chemuza.org\/pt\/#\/schema\/logo\/image\/"}}]}},"yoast_meta":{"yoast_wpseo_title":"","yoast_wpseo_metadesc":"","yoast_wpseo_canonical":""},"_links":{"self":[{"href":"https:\/\/chemuza.org\/pt\/wp-json\/wp\/v2\/pages\/1507","targetHints":{"allow":["GET"]}}],"collection":[{"href":"https:\/\/chemuza.org\/pt\/wp-json\/wp\/v2\/pages"}],"about":[{"href":"https:\/\/chemuza.org\/pt\/wp-json\/wp\/v2\/types\/page"}],"author":[{"embeddable":true,"href":"https:\/\/chemuza.org\/pt\/wp-json\/wp\/v2\/users\/1"}],"replies":[{"embeddable":true,"href":"https:\/\/chemuza.org\/pt\/wp-json\/wp\/v2\/comments?post=1507"}],"version-history":[{"count":0,"href":"https:\/\/chemuza.org\/pt\/wp-json\/wp\/v2\/pages\/1507\/revisions"}],"wp:attachment":[{"href":"https:\/\/chemuza.org\/pt\/wp-json\/wp\/v2\/media?parent=1507"}],"curies":[{"name":"wp","href":"https:\/\/api.w.org\/{rel}","templated":true}]}}