{"id":1506,"date":"2023-07-14T11:26:19","date_gmt":"2023-07-14T11:26:19","guid":{"rendered":"https:\/\/chemuza.org\/pt\/antimonio\/"},"modified":"2023-07-14T11:26:19","modified_gmt":"2023-07-14T11:26:19","slug":"antimonio","status":"publish","type":"page","link":"https:\/\/chemuza.org\/pt\/antimonio\/","title":{"rendered":"Antim\u00f4nio"},"content":{"rendered":"<p>O antim\u00f4nio \u00e9 abundante no meio ambiente como minerais e sulfetos; raramente \u00e9 encontrado naturalmente. \u00c9 capaz de permanecer no ar ligado a um m\u00ednimo de part\u00edculas durante v\u00e1rios dias. Depois vai para o solo para se misturar com vest\u00edgios de Ferro, Mangan\u00eas e Alum\u00ednio, por isso \u00e9 muito utilizado em ligas. Saiba mais sobre este item nesta entrada.<\/p>\n<h2> <strong>O que \u00e9 antim\u00f4nio?<\/strong><\/h2>\n<p> \u00c9 um metal\u00f3ide assinado com o n\u00famero at\u00f4mico 51 na tabela peri\u00f3dica que possui duas formas met\u00e1licas, uma forma prateada dura e brilhante e um p\u00f3 cinza n\u00e3o met\u00e1lico. Al\u00e9m disso, mant\u00eam uma temperatura est\u00e1vel no ar seco e resistem ao ataque de \u00e1cidos e \u00e1lcalis fortes. \u00c9 obtido como subproduto do refino de minerais com cobre e chumbo, \u00fatil em impress\u00e3o e ligas.<\/p>\n<h3> <strong>S\u00edmbolo de antim\u00f4nio<\/strong><\/h3>\n<p> <span class=\"content-chemical-element\" style=\"float: left;width: 65px;height: 65px;border: 3px solid #666; display:flex;\n    justify-content: center;align-items: center;margin-right: 15px;\"><span style=\"font-size: 38px;\">Sb<\/span><\/span> O nome vem do latim <em>stibium<\/em> , express\u00e3o dada \u00e0 sombra preta que as mulheres usavam no antigo Israel e no Egito. Posteriormente adotou a forma latina <em>antimonium,<\/em> cujo significado est\u00e1 ligado ao sombreamento dos olhos e sobrancelhas.<\/p>\n<h2> <strong>Caracter\u00edsticas do antim\u00f4nio<\/strong><\/h2>\n<p> \u00c9 um fus\u00edvel s\u00f3lido, cristalino e quebradi\u00e7o, com baixa condutividade t\u00e9rmica, que volatiliza em baixas temperaturas. Consiste em propriedades qu\u00edmicas met\u00e1licas e n\u00e3o met\u00e1licas dependendo do composto que forma. Apesar de sua constitui\u00e7\u00e3o forte, \u00e9 facilmente atacado por haletos e oxidantes. As outras caracter\u00edsticas do antim\u00f4nio s\u00e3o:<\/p>\n<ul>\n<li> <strong>Condi\u00e7\u00e3o<\/strong> : S\u00f3lido e l\u00edquido fr\u00e1gil.<\/li>\n<li> <strong>Cor<\/strong> : Branco prateado brilhante.<\/li>\n<li> <strong>Sabor e cheiro<\/strong> : Amargo met\u00e1lico, muito desagrad\u00e1vel e inodoro.<\/li>\n<li> <strong>Alotropia:<\/strong> Existem quatro formas alotr\u00f3picas. Uma forma met\u00e1lica azul-esbranqui\u00e7ada est\u00e1vel. Outros dois s\u00e3o amarelos e pretos e o quarto corresponde a uma forma n\u00e3o met\u00e1lica, muito inst\u00e1vel e explosiva.<\/li>\n<li> <strong>Composi\u00e7\u00e3o:<\/strong> Seu n\u00facleo \u00e9 composto por 51 pr\u00f3tons e el\u00e9trons por 71 n\u00eautrons.<\/li>\n<li> <strong>Dureza:<\/strong> Possui dureza baixa de 3 na escala de Mohs, brilhante e macio.<\/li>\n<li> <strong>Toxicidade<\/strong> : Baixa, mas \u00e9 muito t\u00f3xica quando exposta a grandes quantidades do elemento.<\/li>\n<li> <strong>Reactividade<\/strong> : Moderada, permanece est\u00e1vel ao ar \u00e0 temperatura ambiente. Por\u00e9m, quando aquecido, reage violentamente com o oxig\u00eanio.<\/li>\n<li> <strong>Estrutura<\/strong> : Depois de resfriado, forma cristais rombo\u00e9dricos organizados.<\/li>\n<li> <strong>Solubilidade<\/strong> : Ligeiramente sol\u00favel em \u00e1gua.<\/li>\n<\/ul>\n<h2> <strong>Propriedades qu\u00edmicas e f\u00edsicas do antim\u00f4nio<\/strong><\/h2>\n<ol>\n<li> <strong>N\u00famero at\u00f4mico<\/strong> : 51<\/li>\n<li> <strong>Per\u00edodo<\/strong> : 5<\/li>\n<li> <strong>Bloquear<\/strong> \ud83d\ude1b<\/li>\n<li> <strong>Grupo<\/strong> : 15<\/li>\n<li> <strong>Estado de oxida\u00e7\u00e3o<\/strong> : +3,5<\/li>\n<li> <strong>Raio covalente (\u00c5):<\/strong> 138 pm<\/li>\n<li> <strong>Raio m\u00e9dio:<\/strong> 145h<\/li>\n<li> <strong>Ponto de ebuli\u00e7\u00e3o:<\/strong> 1587\u00b0C<\/li>\n<li> <strong>Massa at\u00f4mica (g\/mol):<\/strong> 121,760 u<\/li>\n<li> <strong>El\u00e9trons por camada:<\/strong> 2, 8, 18, 18, 5<\/li>\n<li> <strong>Primeiro potencial de ioniza\u00e7\u00e3o:<\/strong> (eV): 8,68<\/li>\n<li> <strong>Configura\u00e7\u00e3o eletr\u00f4nica:<\/strong> [Kr] 4d105s25p3<\/li>\n<li> <strong>Ponto de fus\u00e3o:<\/strong> 631<strong> <\/strong>\u00b0C<\/li>\n<li> <strong>Raio at\u00f4mico:<\/strong> 133h<\/li>\n<li> <strong>Densidade:<\/strong> 6697 Kg\/m3<\/li>\n<li> <strong>Eletronegatividade:<\/strong> 2,05<\/li>\n<li> <strong>Calor espec\u00edfico:<\/strong> 210 J \/ (K kg)<\/li>\n<li> <strong>Condutividade t\u00e9rmica:<\/strong> 24,3 W\/(Km)<\/li>\n<\/ol>\n<h2> <strong>Origem do antim\u00f4nio<\/strong><\/h2>\n<p> A hist\u00f3ria do antim\u00f4nio bruto remonta aos tempos antigos, quando seu principal composto, a estibnita, era usado para fazer uma pasta preta que era usada como maquiagem no Egito, na Babil\u00f4nia e em Israel. Al\u00e9m disso, foi usado como ornamento em embarca\u00e7\u00f5es antigas. Mais tarde, em 1565, o qu\u00edmico Basil Valentine descobriu-o como elemento, extraindo-o de um dos seus compostos naturais, onde p\u00f4de verificar as suas propriedades.<\/p>\n<h2> <strong>Para que \u00e9 utilizado o mineral Antim\u00f4nio?<\/strong><\/h2>\n<p> \u00c9 utilizado na fabrica\u00e7\u00e3o de detectores infravermelhos, diodos e dispositivos de efeito Hall devido \u00e0s suas propriedades semicondutoras. Por ser um semimetal, \u00e9 utilizado em ligas de estanho, estanho e zinco, para aumentar sua resist\u00eancia. Outras aplica\u00e7\u00f5es s\u00e3o descritas abaixo:<\/p>\n<h3> <strong>Ligas<\/strong><\/h3>\n<p> O antim\u00f4nio da tabela peri\u00f3dica \u00e9 usado em liga com chumbo para fazer placas de baterias de autom\u00f3veis. Al\u00e9m disso, aqueles misturados com estanho s\u00e3o usados em soldas, detonadores de cartuchos e balas. Tamb\u00e9m s\u00e3o utilizados no revestimento de cabos de alta tens\u00e3o.<\/p>\n<h3> <strong>campo m\u00e9dico<\/strong><\/h3>\n<p> Compostos do elemento s\u00e3o utilizados na produ\u00e7\u00e3o de medicamentos antiprotozo\u00e1rios e em\u00e9ticos ou indutores de v\u00f4mito. Al\u00e9m disso, s\u00e3o usados como ingrediente em medicamentos expectorantes e diafor\u00e9ticos ou liberadores de toxinas.<\/p>\n<h3> <strong>retardador de chama<\/strong><\/h3>\n<p> O composto tri\u00f3xido de antim\u00f4nio \u00e9 misturado com brometos, cloretos e elementos halogenados para inibir chamas. S\u00e3o utilizados na produ\u00e7\u00e3o de brinquedos, avi\u00f5es e assentos por quest\u00f5es de seguran\u00e7a.<\/p>\n<h3> <strong>Pigmentos<\/strong><\/h3>\n<p> Seus compostos s\u00e3o utilizados na fabrica\u00e7\u00e3o de tintas e esmaltes. S\u00e3o utilizados na pigmenta\u00e7\u00e3o das cores amarelo, laranja e vermelh\u00e3o, que resultam da lenta oxida\u00e7\u00e3o dos sulfetos do elemento. Tamb\u00e9m \u00e9 utilizado no setor t\u00eaxtil como corante.<\/p>\n<h2> <strong>Danos de antim\u00f4nio<\/strong><\/h2>\n<p> Este elemento \u00e9 encontrado em doses baixas e n\u00e3o t\u00f3xicas em certos alimentos, bem como no ar e na \u00e1gua. No entanto, a exposi\u00e7\u00e3o a altos n\u00edveis de antim\u00f4nio causa irrita\u00e7\u00e3o nos olhos e pulm\u00f5es, problemas card\u00edacos, diarreia, dor, \u00falceras estomacais, dores de cabe\u00e7a e altera\u00e7\u00f5es de humor.<\/p>\n<p> Em resumo, este elemento \u00e9 um metal\u00f3ide composto por quatro formas alotr\u00f3picas, com propriedades met\u00e1licas e n\u00e3o met\u00e1licas. Dada a sua estabilidade \u00e0 temperatura ambiente, \u00e9 utilizado como semicondutor e em ligas de outros metais.<\/p>\n","protected":false},"excerpt":{"rendered":"<p>O antim\u00f4nio \u00e9 abundante no meio ambiente como minerais e sulfetos; raramente \u00e9 encontrado naturalmente. \u00c9 capaz de permanecer no ar ligado a um m\u00ednimo de part\u00edculas durante v\u00e1rios dias. Depois vai para o solo para se misturar com vest\u00edgios de Ferro, Mangan\u00eas e Alum\u00ednio, por isso \u00e9 muito utilizado em ligas. Saiba mais sobre &#8230; <a title=\"Antim\u00f4nio\" class=\"read-more\" href=\"https:\/\/chemuza.org\/pt\/antimonio\/\" aria-label=\"Mais em Antim\u00f4nio\">Ler mais<\/a><\/p>\n","protected":false},"author":1,"featured_media":0,"parent":0,"menu_order":0,"comment_status":"closed","ping_status":"closed","template":"","meta":{"footnotes":""},"class_list":["post-1506","page","type-page","status-publish"],"yoast_head":"<!-- This site is optimized with the Yoast SEO plugin v21.4 - https:\/\/yoast.com\/wordpress\/plugins\/seo\/ -->\n<title>Antim\u00f4nio - Chemuza<\/title>\n<meta name=\"robots\" content=\"index, follow, max-snippet:-1, max-image-preview:large, max-video-preview:-1\" \/>\n<link rel=\"canonical\" href=\"https:\/\/chemuza.org\/pt\/antimonio\/\" \/>\n<meta property=\"og:locale\" content=\"pt_PT\" \/>\n<meta property=\"og:type\" content=\"article\" \/>\n<meta property=\"og:title\" content=\"Antim\u00f4nio - Chemuza\" \/>\n<meta property=\"og:description\" content=\"O antim\u00f4nio \u00e9 abundante no meio ambiente como minerais e sulfetos; raramente \u00e9 encontrado naturalmente. \u00c9 capaz de permanecer no ar ligado a um m\u00ednimo de part\u00edculas durante v\u00e1rios dias. Depois vai para o solo para se misturar com vest\u00edgios de Ferro, Mangan\u00eas e Alum\u00ednio, por isso \u00e9 muito utilizado em ligas. Saiba mais sobre ... Ler mais\" \/>\n<meta property=\"og:url\" content=\"https:\/\/chemuza.org\/pt\/antimonio\/\" \/>\n<meta property=\"og:site_name\" content=\"Statorials\" \/>\n<meta name=\"twitter:card\" content=\"summary_large_image\" \/>\n<meta name=\"twitter:label1\" content=\"Tempo estimado de leitura\" \/>\n\t<meta name=\"twitter:data1\" content=\"4 minutos\" \/>\n<script type=\"application\/ld+json\" class=\"yoast-schema-graph\">{\"@context\":\"https:\/\/schema.org\",\"@graph\":[{\"@type\":\"WebPage\",\"@id\":\"https:\/\/chemuza.org\/pt\/antimonio\/\",\"url\":\"https:\/\/chemuza.org\/pt\/antimonio\/\",\"name\":\"Antim\u00f4nio - Chemuza\",\"isPartOf\":{\"@id\":\"https:\/\/chemuza.org\/pt\/#website\"},\"datePublished\":\"2023-07-14T11:26:19+00:00\",\"dateModified\":\"2023-07-14T11:26:19+00:00\",\"breadcrumb\":{\"@id\":\"https:\/\/chemuza.org\/pt\/antimonio\/#breadcrumb\"},\"inLanguage\":\"pt-PT\",\"potentialAction\":[{\"@type\":\"ReadAction\",\"target\":[\"https:\/\/chemuza.org\/pt\/antimonio\/\"]}]},{\"@type\":\"BreadcrumbList\",\"@id\":\"https:\/\/chemuza.org\/pt\/antimonio\/#breadcrumb\",\"itemListElement\":[{\"@type\":\"ListItem\",\"position\":1,\"name\":\"Lar\",\"item\":\"https:\/\/chemuza.org\/pt\/\"},{\"@type\":\"ListItem\",\"position\":2,\"name\":\"Antim\u00f4nio\"}]},{\"@type\":\"WebSite\",\"@id\":\"https:\/\/chemuza.org\/pt\/#website\",\"url\":\"https:\/\/chemuza.org\/pt\/\",\"name\":\"Chemuza\",\"description\":\"Sua porta de entrada para a descoberta qu\u00edmica!\",\"publisher\":{\"@id\":\"https:\/\/chemuza.org\/pt\/#organization\"},\"potentialAction\":[{\"@type\":\"SearchAction\",\"target\":{\"@type\":\"EntryPoint\",\"urlTemplate\":\"https:\/\/chemuza.org\/pt\/?s={search_term_string}\"},\"query-input\":\"required name=search_term_string\"}],\"inLanguage\":\"pt-PT\"},{\"@type\":\"Organization\",\"@id\":\"https:\/\/chemuza.org\/pt\/#organization\",\"name\":\"Chemuza\",\"url\":\"https:\/\/chemuza.org\/pt\/\",\"logo\":{\"@type\":\"ImageObject\",\"inLanguage\":\"pt-PT\",\"@id\":\"https:\/\/chemuza.org\/pt\/#\/schema\/logo\/image\/\",\"url\":\"https:\/\/chemuza.org\/pt\/wp-content\/uploads\/2023\/10\/chemuza-logo.png\",\"contentUrl\":\"https:\/\/chemuza.org\/pt\/wp-content\/uploads\/2023\/10\/chemuza-logo.png\",\"width\":387,\"height\":70,\"caption\":\"Chemuza\"},\"image\":{\"@id\":\"https:\/\/chemuza.org\/pt\/#\/schema\/logo\/image\/\"}}]}<\/script>\n<!-- \/ Yoast SEO plugin. -->","yoast_head_json":{"title":"Antim\u00f4nio - Chemuza","robots":{"index":"index","follow":"follow","max-snippet":"max-snippet:-1","max-image-preview":"max-image-preview:large","max-video-preview":"max-video-preview:-1"},"canonical":"https:\/\/chemuza.org\/pt\/antimonio\/","og_locale":"pt_PT","og_type":"article","og_title":"Antim\u00f4nio - Chemuza","og_description":"O antim\u00f4nio \u00e9 abundante no meio ambiente como minerais e sulfetos; raramente \u00e9 encontrado naturalmente. \u00c9 capaz de permanecer no ar ligado a um m\u00ednimo de part\u00edculas durante v\u00e1rios dias. Depois vai para o solo para se misturar com vest\u00edgios de Ferro, Mangan\u00eas e Alum\u00ednio, por isso \u00e9 muito utilizado em ligas. Saiba mais sobre ... Ler mais","og_url":"https:\/\/chemuza.org\/pt\/antimonio\/","og_site_name":"Statorials","twitter_card":"summary_large_image","twitter_misc":{"Tempo estimado de leitura":"4 minutos"},"schema":{"@context":"https:\/\/schema.org","@graph":[{"@type":"WebPage","@id":"https:\/\/chemuza.org\/pt\/antimonio\/","url":"https:\/\/chemuza.org\/pt\/antimonio\/","name":"Antim\u00f4nio - Chemuza","isPartOf":{"@id":"https:\/\/chemuza.org\/pt\/#website"},"datePublished":"2023-07-14T11:26:19+00:00","dateModified":"2023-07-14T11:26:19+00:00","breadcrumb":{"@id":"https:\/\/chemuza.org\/pt\/antimonio\/#breadcrumb"},"inLanguage":"pt-PT","potentialAction":[{"@type":"ReadAction","target":["https:\/\/chemuza.org\/pt\/antimonio\/"]}]},{"@type":"BreadcrumbList","@id":"https:\/\/chemuza.org\/pt\/antimonio\/#breadcrumb","itemListElement":[{"@type":"ListItem","position":1,"name":"Lar","item":"https:\/\/chemuza.org\/pt\/"},{"@type":"ListItem","position":2,"name":"Antim\u00f4nio"}]},{"@type":"WebSite","@id":"https:\/\/chemuza.org\/pt\/#website","url":"https:\/\/chemuza.org\/pt\/","name":"Chemuza","description":"Sua porta de entrada para a descoberta qu\u00edmica!","publisher":{"@id":"https:\/\/chemuza.org\/pt\/#organization"},"potentialAction":[{"@type":"SearchAction","target":{"@type":"EntryPoint","urlTemplate":"https:\/\/chemuza.org\/pt\/?s={search_term_string}"},"query-input":"required name=search_term_string"}],"inLanguage":"pt-PT"},{"@type":"Organization","@id":"https:\/\/chemuza.org\/pt\/#organization","name":"Chemuza","url":"https:\/\/chemuza.org\/pt\/","logo":{"@type":"ImageObject","inLanguage":"pt-PT","@id":"https:\/\/chemuza.org\/pt\/#\/schema\/logo\/image\/","url":"https:\/\/chemuza.org\/pt\/wp-content\/uploads\/2023\/10\/chemuza-logo.png","contentUrl":"https:\/\/chemuza.org\/pt\/wp-content\/uploads\/2023\/10\/chemuza-logo.png","width":387,"height":70,"caption":"Chemuza"},"image":{"@id":"https:\/\/chemuza.org\/pt\/#\/schema\/logo\/image\/"}}]}},"yoast_meta":{"yoast_wpseo_title":"","yoast_wpseo_metadesc":"","yoast_wpseo_canonical":""},"_links":{"self":[{"href":"https:\/\/chemuza.org\/pt\/wp-json\/wp\/v2\/pages\/1506","targetHints":{"allow":["GET"]}}],"collection":[{"href":"https:\/\/chemuza.org\/pt\/wp-json\/wp\/v2\/pages"}],"about":[{"href":"https:\/\/chemuza.org\/pt\/wp-json\/wp\/v2\/types\/page"}],"author":[{"embeddable":true,"href":"https:\/\/chemuza.org\/pt\/wp-json\/wp\/v2\/users\/1"}],"replies":[{"embeddable":true,"href":"https:\/\/chemuza.org\/pt\/wp-json\/wp\/v2\/comments?post=1506"}],"version-history":[{"count":0,"href":"https:\/\/chemuza.org\/pt\/wp-json\/wp\/v2\/pages\/1506\/revisions"}],"wp:attachment":[{"href":"https:\/\/chemuza.org\/pt\/wp-json\/wp\/v2\/media?parent=1506"}],"curies":[{"name":"wp","href":"https:\/\/api.w.org\/{rel}","templated":true}]}}