{"id":1505,"date":"2023-07-14T11:46:58","date_gmt":"2023-07-14T11:46:58","guid":{"rendered":"https:\/\/chemuza.org\/pt\/lata\/"},"modified":"2023-07-14T11:46:58","modified_gmt":"2023-07-14T11:46:58","slug":"lata","status":"publish","type":"page","link":"https:\/\/chemuza.org\/pt\/lata\/","title":{"rendered":"Lata"},"content":{"rendered":"<p>Voc\u00ea sabia que as estatuetas do Oscar s\u00e3o revestidas com elementos brilhantes e feitas de estanho, uma liga de estanho e outros metais? Al\u00e9m disso, velhas caixas de ferro ou a\u00e7o foram cobertas com este elemento para proteg\u00ea-las da ferrugem. Hoje em dia, devido \u00e0 sua versatilidade, s\u00e3o muitas as aplica\u00e7\u00f5es que poder\u00e1 descobrir aqui.<\/p>\n<h2> <strong>O que \u00e9 estanho?<\/strong><\/h2>\n<p> \u00c9 um metal p\u00f3s-transi\u00e7\u00e3o que, dependendo da sua variedade alotr\u00f3pica, pode ser branco ou cinza. \u00c9 male\u00e1vel, oxid\u00e1vel \u00e0 temperatura ambiente, resistente \u00e0 corros\u00e3o e utilizado para revestir outros metais. \u00c9 comumente encontrado em diversas ligas e \u00e9 semelhante ao chumbo e ao germ\u00e2nio. Por outro lado, quando uma barra do elemento \u00e9 dobrada, forma-se um som conhecido como grito do elemento estanho.<\/p>\n<h3> <strong>S\u00edmbolo de lata<\/strong><\/h3>\n<p> <span class=\"content-chemical-element\" style=\"float: left;width: 65px;height: 65px;border: 3px solid #666; display:flex;\n    justify-content: center;align-items: center;margin-right: 15px;\"><span style=\"font-size: 38px;\">Sn<\/span><\/span> Corresponde a uma abreviatura da palavra latina <em>Stannum<\/em> , por sua vez, do antigo termo celta <em>Stagnum<\/em> , que estava relacionado ao elemento. Recebe esse nome porque \u00e9 conhecido pelo homem desde a antiguidade.<\/p>\n<h2> <strong>Caracter\u00edsticas do estanho<\/strong><\/h2>\n<p> Entre as caracter\u00edsticas do estanho est\u00e3o a dureza de 1,5 na escala de Mohs, textura met\u00e1lica e ser catalisador na presen\u00e7a de oxig\u00eanio. Al\u00e9m disso, n\u00e3o possui odor, \u00e9 macio, macio, possui tons prateados esbranqui\u00e7ados e cont\u00e9m 9 is\u00f3topos est\u00e1veis. Al\u00e9m disso, em n\u00edvel at\u00f4mico, \u00e9 composto por 69 n\u00eautrons, 50 pr\u00f3tons e 50 el\u00e9trons. Outros dados do elemento s\u00e3o:<\/p>\n<ul>\n<li> <strong>Formas alotr\u00f3picas:<\/strong> Existem duas variedades, branca e cinza.<\/li>\n<li> <strong>Reatividade Qu\u00edmica<\/strong> : Resiste \u00e0 corros\u00e3o do ar e da \u00e1gua \u00e0 temperatura ambiente. Geralmente \u00e9 atacado por \u00e1cidos e bases.<\/li>\n<li> <strong>Fus\u00e3o<\/strong> : Cont\u00e9m o ponto de fus\u00e3o mais baixo do grupo 14 da tabela peri\u00f3dica.<\/li>\n<li> <strong>Condi\u00e7\u00e3o<\/strong> : S\u00f3lido.<\/li>\n<li> <strong>Mudan\u00e7as<\/strong> : Quando tem temperatura abaixo de 13,2\u00b0C, muda espontaneamente do branco para o cinza, fen\u00f4meno denominado Peste do Estanho.<\/li>\n<li> <strong>Estrutura cristalina<\/strong> : O branco \u00e9 tetragonal, enquanto o cinza forma uma estrutura c\u00fabica.<\/li>\n<li> <strong>Maleabilidade<\/strong> : O cinza \u00e9 quebradi\u00e7o, enquanto o branco \u00e9 male\u00e1vel e d\u00factil e pode, portanto, ser laminado a frio e fiado.<\/li>\n<li> <strong>Ordem magn\u00e9tica<\/strong> : O branco \u00e9 paramagn\u00e9tico, enquanto o cinza \u00e9 diamagn\u00e9tico.<\/li>\n<li> <strong>Condutividade<\/strong> : \u00c9 um supercondutor em temperaturas abaixo de -269,28\u00b0C. O branco atua como condutor el\u00e9trico e o cinza \u00e9 um semicondutor.<\/li>\n<\/ul>\n<h2> <strong>Propriedades qu\u00edmicas e f\u00edsicas do estanho<\/strong><\/h2>\n<ol>\n<li> <strong>N\u00famero at\u00f4mico<\/strong> : 50<\/li>\n<li> <strong>Estados de oxida\u00e7\u00e3o<\/strong> : +4,2<\/li>\n<li> <strong>Densidade<\/strong> : 7365 kg\/m\u00b3<\/li>\n<li> <strong>\u00d3xido<\/strong> : Anfot\u00e9rico<\/li>\n<li> <strong>Calor espec\u00edfico<\/strong> : 228 J\/(K-kg)<\/li>\n<li> <strong>El\u00e9trons por n\u00edvel<\/strong> : 2, 8, 18, 18, 4<\/li>\n<li> <strong>Ponto de fus\u00e3o<\/strong> : 232\u00b0C (505,08 K)<\/li>\n<li> <strong>Velocidade do som<\/strong> : 2500 m\/s a 293,15 K<\/li>\n<li> <strong>Ponto de ebuli\u00e7\u00e3o<\/strong> : 2602 \u00b0C (2875 K)<\/li>\n<li> <strong>Entalpia de vaporiza\u00e7\u00e3o<\/strong> : 295,8 kJ\/mol<\/li>\n<li> <strong>Configura\u00e7\u00e3o eletr\u00f4nica<\/strong> : [Kr]4d <sup>10<\/sup> 5s <sup>2<\/sup> 5p <sup>2<\/sup><\/li>\n<li> <strong>Raio covalente (\u00c5)<\/strong> : 180 pm<\/li>\n<li> <strong>Massa at\u00f4mica (g\/mol)<\/strong> : 118.710 u<\/li>\n<li> <strong>Entalpia de fus\u00e3o<\/strong> : 7.029 kJ\/mol<\/li>\n<li> <strong>Raio at\u00f4mico (\u00c5)<\/strong> : 145 pm (raio de Bohr)<\/li>\n<li> <strong>Primeiro potencial de ioniza\u00e7\u00e3o (eV)<\/strong> : 708,6 kJ\/mol<\/li>\n<li> <strong>Eletronegatividade<\/strong> : 1,96 (escala Pauling)<\/li>\n<\/ol>\n<h2> <strong>Origem do estanho<\/strong><\/h2>\n<p> N\u00e3o se sabe exatamente quem descobriu o estanho, pois \u00e9 um metal conhecido desde a antiguidade. No entanto, alguns consideram que a data aproximada da sua descoberta \u00e9 2.000 a.C., entre localidades do Pr\u00f3ximo Oriente e dos Balc\u00e3s.<\/p>\n<p> Segundo a hist\u00f3ria do Estanho, as primeiras explora\u00e7\u00f5es de suas jazidas datam de 3.000 a.C., al\u00e9m disso, foi descoberto que os primeiros artefatos do elemento continham 2% de ars\u00eanico. Isto lhe confere maior dureza, menor temperatura de fus\u00e3o e toxicidade \u00f3bvia. Portanto, a fonte principal foi substitu\u00edda pelo mineral Cassiterita.<\/p>\n<p> Da mesma forma, foi ligado ao cobre para formar o material bronze, que marcou o in\u00edcio da pr\u00f3spera Idade do Bronze, pois esta nova liga era perfeita para fazer armas de longo alcance e ferramentas pr\u00e1ticas. Da mesma forma, os comerciantes come\u00e7aram a distribuir este metal por toda a Europa e Egito.<\/p>\n<h2> <strong>Para que \u00e9 usado o estanho?<\/strong><\/h2>\n<p> Atualmente seus usos mais comuns s\u00e3o ligas e soldas para circuitos eletr\u00f4nicos. No entanto, existem outras \u00e1reas que beneficiam das suas propriedades, tais como:<\/p>\n<ul>\n<li> Reduza a fragilidade do vidro.<\/li>\n<li> Elemento de prote\u00e7\u00e3o para outros metais, como ferro ou a\u00e7o, utilizado na fabrica\u00e7\u00e3o de latas.<\/li>\n<li> Seus compostos s\u00e3o utilizados em corantes, pigmentos, fungicidas e cremes dentais.<\/li>\n<li> Usado em soldagem suave quando ligado com chumbo.<\/li>\n<li> A liga de estanho e cobre produz bronze.<\/li>\n<li> Aliado ao Chumbo, cria as camadas dos tubos dos diferentes \u00f3rg\u00e3os musicais.<\/li>\n<li> \u00c9 utilizado na ind\u00fastria cer\u00e2mica para fazer esmaltes cer\u00e2micos.<\/li>\n<li> \u00c9 utilizado como envelope de veda\u00e7\u00e3o em tampas de garrafas de vinho.<\/li>\n<\/ul>\n<h2> <strong>Onde o estanho \u00e9 encontrado?<\/strong><\/h2>\n<p> \u00c9 um produto importante na prov\u00edncia de Yunna na China, Devon, Mal\u00e1sia e Cornualha na Inglaterra. Al\u00e9m disso, a produ\u00e7\u00e3o mineira chega a pa\u00edses como Alemanha, Portugal, Fran\u00e7a, Rep\u00fablica Checa, It\u00e1lia, Espanha, \u00c1frica do Sul, S\u00edria, Egipto e Ir\u00e3o.<\/p>\n<p> Concluindo, o estanho \u00e9 um metal male\u00e1vel, d\u00factil, resistente \u00e0 corros\u00e3o, macio e inodoro, com textura met\u00e1lica e que atua como catalisador na presen\u00e7a de oxig\u00eanio. Al\u00e9m disso, apresenta duas formas alotr\u00f3picas, a branca e a cinza, e em temperatura inferior a 13,2\u00b0C sua cor muda, o que \u00e9 chamado de peste do estanho.<\/p>\n","protected":false},"excerpt":{"rendered":"<p>Voc\u00ea sabia que as estatuetas do Oscar s\u00e3o revestidas com elementos brilhantes e feitas de estanho, uma liga de estanho e outros metais? Al\u00e9m disso, velhas caixas de ferro ou a\u00e7o foram cobertas com este elemento para proteg\u00ea-las da ferrugem. Hoje em dia, devido \u00e0 sua versatilidade, s\u00e3o muitas as aplica\u00e7\u00f5es que poder\u00e1 descobrir aqui. &#8230; <a title=\"Lata\" class=\"read-more\" href=\"https:\/\/chemuza.org\/pt\/lata\/\" aria-label=\"Mais em Lata\">Ler mais<\/a><\/p>\n","protected":false},"author":1,"featured_media":0,"parent":0,"menu_order":0,"comment_status":"closed","ping_status":"closed","template":"","meta":{"footnotes":""},"class_list":["post-1505","page","type-page","status-publish"],"yoast_head":"<!-- This site is optimized with the Yoast SEO plugin v21.4 - https:\/\/yoast.com\/wordpress\/plugins\/seo\/ -->\n<title>Estanho - Chemuza<\/title>\n<meta name=\"robots\" content=\"index, follow, max-snippet:-1, max-image-preview:large, max-video-preview:-1\" \/>\n<link rel=\"canonical\" href=\"https:\/\/chemuza.org\/pt\/lata\/\" \/>\n<meta property=\"og:locale\" content=\"pt_PT\" \/>\n<meta property=\"og:type\" content=\"article\" \/>\n<meta property=\"og:title\" content=\"Estanho - Chemuza\" \/>\n<meta property=\"og:description\" content=\"Voc\u00ea sabia que as estatuetas do Oscar s\u00e3o revestidas com elementos brilhantes e feitas de estanho, uma liga de estanho e outros metais? Al\u00e9m disso, velhas caixas de ferro ou a\u00e7o foram cobertas com este elemento para proteg\u00ea-las da ferrugem. Hoje em dia, devido \u00e0 sua versatilidade, s\u00e3o muitas as aplica\u00e7\u00f5es que poder\u00e1 descobrir aqui. ... Ler mais\" \/>\n<meta property=\"og:url\" content=\"https:\/\/chemuza.org\/pt\/lata\/\" \/>\n<meta property=\"og:site_name\" content=\"Statorials\" \/>\n<meta name=\"twitter:card\" content=\"summary_large_image\" \/>\n<meta name=\"twitter:label1\" content=\"Tempo estimado de leitura\" \/>\n\t<meta name=\"twitter:data1\" content=\"4 minutos\" \/>\n<script type=\"application\/ld+json\" class=\"yoast-schema-graph\">{\"@context\":\"https:\/\/schema.org\",\"@graph\":[{\"@type\":\"WebPage\",\"@id\":\"https:\/\/chemuza.org\/pt\/lata\/\",\"url\":\"https:\/\/chemuza.org\/pt\/lata\/\",\"name\":\"Estanho - Chemuza\",\"isPartOf\":{\"@id\":\"https:\/\/chemuza.org\/pt\/#website\"},\"datePublished\":\"2023-07-14T11:46:58+00:00\",\"dateModified\":\"2023-07-14T11:46:58+00:00\",\"breadcrumb\":{\"@id\":\"https:\/\/chemuza.org\/pt\/lata\/#breadcrumb\"},\"inLanguage\":\"pt-PT\",\"potentialAction\":[{\"@type\":\"ReadAction\",\"target\":[\"https:\/\/chemuza.org\/pt\/lata\/\"]}]},{\"@type\":\"BreadcrumbList\",\"@id\":\"https:\/\/chemuza.org\/pt\/lata\/#breadcrumb\",\"itemListElement\":[{\"@type\":\"ListItem\",\"position\":1,\"name\":\"Lar\",\"item\":\"https:\/\/chemuza.org\/pt\/\"},{\"@type\":\"ListItem\",\"position\":2,\"name\":\"Lata\"}]},{\"@type\":\"WebSite\",\"@id\":\"https:\/\/chemuza.org\/pt\/#website\",\"url\":\"https:\/\/chemuza.org\/pt\/\",\"name\":\"Chemuza\",\"description\":\"Sua porta de entrada para a descoberta qu\u00edmica!\",\"publisher\":{\"@id\":\"https:\/\/chemuza.org\/pt\/#organization\"},\"potentialAction\":[{\"@type\":\"SearchAction\",\"target\":{\"@type\":\"EntryPoint\",\"urlTemplate\":\"https:\/\/chemuza.org\/pt\/?s={search_term_string}\"},\"query-input\":\"required name=search_term_string\"}],\"inLanguage\":\"pt-PT\"},{\"@type\":\"Organization\",\"@id\":\"https:\/\/chemuza.org\/pt\/#organization\",\"name\":\"Chemuza\",\"url\":\"https:\/\/chemuza.org\/pt\/\",\"logo\":{\"@type\":\"ImageObject\",\"inLanguage\":\"pt-PT\",\"@id\":\"https:\/\/chemuza.org\/pt\/#\/schema\/logo\/image\/\",\"url\":\"https:\/\/chemuza.org\/pt\/wp-content\/uploads\/2023\/10\/chemuza-logo.png\",\"contentUrl\":\"https:\/\/chemuza.org\/pt\/wp-content\/uploads\/2023\/10\/chemuza-logo.png\",\"width\":387,\"height\":70,\"caption\":\"Chemuza\"},\"image\":{\"@id\":\"https:\/\/chemuza.org\/pt\/#\/schema\/logo\/image\/\"}}]}<\/script>\n<!-- \/ Yoast SEO plugin. -->","yoast_head_json":{"title":"Estanho - Chemuza","robots":{"index":"index","follow":"follow","max-snippet":"max-snippet:-1","max-image-preview":"max-image-preview:large","max-video-preview":"max-video-preview:-1"},"canonical":"https:\/\/chemuza.org\/pt\/lata\/","og_locale":"pt_PT","og_type":"article","og_title":"Estanho - Chemuza","og_description":"Voc\u00ea sabia que as estatuetas do Oscar s\u00e3o revestidas com elementos brilhantes e feitas de estanho, uma liga de estanho e outros metais? Al\u00e9m disso, velhas caixas de ferro ou a\u00e7o foram cobertas com este elemento para proteg\u00ea-las da ferrugem. Hoje em dia, devido \u00e0 sua versatilidade, s\u00e3o muitas as aplica\u00e7\u00f5es que poder\u00e1 descobrir aqui. ... Ler mais","og_url":"https:\/\/chemuza.org\/pt\/lata\/","og_site_name":"Statorials","twitter_card":"summary_large_image","twitter_misc":{"Tempo estimado de leitura":"4 minutos"},"schema":{"@context":"https:\/\/schema.org","@graph":[{"@type":"WebPage","@id":"https:\/\/chemuza.org\/pt\/lata\/","url":"https:\/\/chemuza.org\/pt\/lata\/","name":"Estanho - Chemuza","isPartOf":{"@id":"https:\/\/chemuza.org\/pt\/#website"},"datePublished":"2023-07-14T11:46:58+00:00","dateModified":"2023-07-14T11:46:58+00:00","breadcrumb":{"@id":"https:\/\/chemuza.org\/pt\/lata\/#breadcrumb"},"inLanguage":"pt-PT","potentialAction":[{"@type":"ReadAction","target":["https:\/\/chemuza.org\/pt\/lata\/"]}]},{"@type":"BreadcrumbList","@id":"https:\/\/chemuza.org\/pt\/lata\/#breadcrumb","itemListElement":[{"@type":"ListItem","position":1,"name":"Lar","item":"https:\/\/chemuza.org\/pt\/"},{"@type":"ListItem","position":2,"name":"Lata"}]},{"@type":"WebSite","@id":"https:\/\/chemuza.org\/pt\/#website","url":"https:\/\/chemuza.org\/pt\/","name":"Chemuza","description":"Sua porta de entrada para a descoberta qu\u00edmica!","publisher":{"@id":"https:\/\/chemuza.org\/pt\/#organization"},"potentialAction":[{"@type":"SearchAction","target":{"@type":"EntryPoint","urlTemplate":"https:\/\/chemuza.org\/pt\/?s={search_term_string}"},"query-input":"required name=search_term_string"}],"inLanguage":"pt-PT"},{"@type":"Organization","@id":"https:\/\/chemuza.org\/pt\/#organization","name":"Chemuza","url":"https:\/\/chemuza.org\/pt\/","logo":{"@type":"ImageObject","inLanguage":"pt-PT","@id":"https:\/\/chemuza.org\/pt\/#\/schema\/logo\/image\/","url":"https:\/\/chemuza.org\/pt\/wp-content\/uploads\/2023\/10\/chemuza-logo.png","contentUrl":"https:\/\/chemuza.org\/pt\/wp-content\/uploads\/2023\/10\/chemuza-logo.png","width":387,"height":70,"caption":"Chemuza"},"image":{"@id":"https:\/\/chemuza.org\/pt\/#\/schema\/logo\/image\/"}}]}},"yoast_meta":{"yoast_wpseo_title":"","yoast_wpseo_metadesc":"","yoast_wpseo_canonical":""},"_links":{"self":[{"href":"https:\/\/chemuza.org\/pt\/wp-json\/wp\/v2\/pages\/1505","targetHints":{"allow":["GET"]}}],"collection":[{"href":"https:\/\/chemuza.org\/pt\/wp-json\/wp\/v2\/pages"}],"about":[{"href":"https:\/\/chemuza.org\/pt\/wp-json\/wp\/v2\/types\/page"}],"author":[{"embeddable":true,"href":"https:\/\/chemuza.org\/pt\/wp-json\/wp\/v2\/users\/1"}],"replies":[{"embeddable":true,"href":"https:\/\/chemuza.org\/pt\/wp-json\/wp\/v2\/comments?post=1505"}],"version-history":[{"count":0,"href":"https:\/\/chemuza.org\/pt\/wp-json\/wp\/v2\/pages\/1505\/revisions"}],"wp:attachment":[{"href":"https:\/\/chemuza.org\/pt\/wp-json\/wp\/v2\/media?parent=1505"}],"curies":[{"name":"wp","href":"https:\/\/api.w.org\/{rel}","templated":true}]}}