{"id":1502,"date":"2023-07-14T13:08:52","date_gmt":"2023-07-14T13:08:52","guid":{"rendered":"https:\/\/chemuza.org\/pt\/dinheiro\/"},"modified":"2023-07-14T13:08:52","modified_gmt":"2023-07-14T13:08:52","slug":"dinheiro","status":"publish","type":"page","link":"https:\/\/chemuza.org\/pt\/dinheiro\/","title":{"rendered":"Dinheiro"},"content":{"rendered":"<p>A prata \u00e9 um dos sete metais mais reconhecidos do planeta. Embora seja raro, \u00e9 encontrado na natureza como elemento livre ou com outros metais. No entanto, a maior parte \u00e9 encontrada em minerais contendo compostos met\u00e1licos. No passado, foi utilizado na confec\u00e7\u00e3o de armas de guerra e posteriormente na confec\u00e7\u00e3o de enfeites e utens\u00edlios. Aprenda tudo o que voc\u00ea precisa saber sobre esse elemento qu\u00edmico.<\/p>\n<h2> <strong>O que \u00e9 dinheiro?<\/strong><\/h2>\n<p> \u00c9 um elemento da tabela peri\u00f3dica e faz parte dos metais de transi\u00e7\u00e3o. Sua cor \u00e9 o branco met\u00e1lico e pode ser facilmente combinada com outros metais exceto Cobalto, Ferro ou N\u00edquel. \u00c9 male\u00e1vel e d\u00factil, mas n\u00e3o tanto quanto o ouro.<\/p>\n<p> Alguns de seus compostos s\u00e3o cloreto de prata, iodeto de prata, brometo de prata e carbonato de prata. \u00c9 est\u00e1vel na presen\u00e7a de ar e \u00e1gua, mas mancha quando exposto a sulfeto de hidrog\u00eanio, oz\u00f4nio ou enxofre.<\/p>\n<h3> <strong>S\u00edmbolo de dinheiro<\/strong><\/h3>\n<p> <span class=\"content-chemical-element\" style=\"float: left;width: 65px;height: 65px;border: 3px solid #666; display:flex;\n    justify-content: center;align-items: center;margin-right: 15px;\"><span style=\"font-size: 38px;\">Ag<\/span><\/span> Est\u00e1 localizado no grupo 11 da tabela peri\u00f3dica com n\u00famero at\u00f4mico 47 e massa at\u00f4mica de 107,84. Possui dois is\u00f3topos est\u00e1veis que s\u00e3o Ag 107 e Ag 109, menos abundantes que o primeiro. Al\u00e9m disso, possui 28 is\u00f3topos inst\u00e1veis com meias-vidas de aproximadamente 29 a 41.<\/p>\n<h2> <strong>Caracter\u00edsticas do dinheiro<\/strong><\/h2>\n<p> Em seu estado puro apresenta boa condutividade t\u00e9rmica e el\u00e9trica e, em sua forma qu\u00edmica, \u00e9 um dos metais nobres e pesados. Por\u00e9m, do ponto de vista comercial, \u00e9 um metal precioso. Outras caracter\u00edsticas se destacam:<\/p>\n<ul>\n<li> <strong>Lustre:<\/strong> De todos os metais, \u00e9 o mais brilhante.<\/li>\n<li> <strong>Dureza:<\/strong> Moderadamente macia, embora um pouco mais dura que o ouro.<\/li>\n<li> <strong>Magnetismo<\/strong> : Fraco.<\/li>\n<li> <strong>Estrutura:<\/strong> Octaedros, isom\u00e9tricos, c\u00fabicos e centrados nas faces.<\/li>\n<li> <strong>Condi\u00e7\u00e3o<\/strong> : Na forma natural, \u00e9 s\u00f3lido.<\/li>\n<\/ul>\n<h2> <strong>Propriedades qu\u00edmicas e f\u00edsicas da prata<\/strong><\/h2>\n<ol>\n<li> <strong>N\u00famero at\u00f4mico<\/strong> : 47<\/li>\n<li> <strong>Per\u00edodo:<\/strong> 5<\/li>\n<li> <strong>Bloco:<\/strong> d<\/li>\n<li> <strong>Raio covalente (\u00c5):<\/strong> 153<\/li>\n<li> <strong>Raio at\u00f4mico:<\/strong> 165<\/li>\n<li> <strong>Entalpia de fus\u00e3o:<\/strong> 11,3 Kj\/mol<\/li>\n<li> <strong>Ponto de fus\u00e3o:<\/strong> 1234,93K<\/li>\n<li> <strong>Ponto de ebuli\u00e7\u00e3o:<\/strong> 2435K<\/li>\n<li> <strong>Configura\u00e7\u00e3o eletr\u00f4nica:<\/strong> [Kr] 5s <sup>1<\/sup> 4d <sup>10<\/sup><\/li>\n<li> <strong>Entalpia de vaporiza\u00e7\u00e3o:<\/strong> 250,58 kJ\/mol<\/li>\n<li> <strong>Velocidade do som:<\/strong> 2.600 m\/s a 293,15 K<\/li>\n<li> <strong>Press\u00e3o de vapor:<\/strong> 0,34 Pa a 1234 K<\/li>\n<li> <strong>Densidade:<\/strong> 10490 kg\/m\u00b3<\/li>\n<li> <strong>Condutividade t\u00e9rmica:<\/strong> 429 W<\/li>\n<li> <strong>Condutividade el\u00e9trica:<\/strong> 63 x 10 <sup>6<\/sup><\/li>\n<li> <strong>Calor espec\u00edfico:<\/strong> 232 J<\/li>\n<\/ol>\n<h2> <strong>Origem do dinheiro<\/strong><\/h2>\n<p> Acredita-se que civiliza\u00e7\u00f5es como a eg\u00edpcia valorizavam muito esse elemento, que era utilizado para forjar objetos dom\u00e9sticos. Mais tarde, os gregos utilizaram esse material para fabricar seus instrumentos de guerra. Durante a era colonial, foram descobertas minas de prata em Zacatecas, no M\u00e9xico, bem como em Potos\u00ed, na Bol\u00edvia, e Paramillos de Uspallata, na Argentina.<\/p>\n<p> O nome deste metal vem de uma evolu\u00e7\u00e3o do adjetivo plattus que vem do latim medieval, que significa largo, achatado. ENT\u00c3O. Os romanos chamavam-lhe argentum, que vem de uma palavra latina que significa prata.<\/p>\n<h2> <strong>Para que serve o dinheiro?<\/strong><\/h2>\n<p> A prata foi muito \u00fatil para fins industriais, nas \u00e1reas qu\u00edmica, fotogr\u00e1fica e tamb\u00e9m na ourivesaria. Aqui est\u00e3o alguns de seus aplicativos mais populares:<\/p>\n<h3> <strong>Ind\u00fastria<\/strong><strong><\/strong><\/h3>\n<p> Todos os geradores el\u00e9tricos para locomotivas a diesel e el\u00e9tricas usam contatos de prata pura com uma polegada de espessura. Devido \u00e0 sua boa condutividade, \u00e9 utilizado em teclados de computador e circuitos fechados. Tamb\u00e9m \u00e9 utilizado em baterias el\u00e9tricas de grande capacidade.<\/p>\n<p> \u00c9 utilizado para fazer pain\u00e9is solares porque possui boa condutividade t\u00e9rmica e el\u00e9trica. Utilizado em forma de pasta, \u00e9 capaz de reter os raios solares e transform\u00e1-los em energia fotovoltaica. Al\u00e9m disso, eles o utilizam para fabricar armas brancas, como espadas, pontas de flechas e lan\u00e7as. Por fim, h\u00e1 anos \u00e9 utilizado na fabrica\u00e7\u00e3o de lou\u00e7as, espelhos, len\u00e7\u00f3is, vidros e moedas.<\/p>\n<h3> <strong>Vida cotidiana<\/strong><\/h3>\n<p> O cloreto desse metal \u00e9 utilizado na ind\u00fastria cosm\u00e9tica para fazer desodorantes, pois evita maus odores e retarda o crescimento de bact\u00e9rias. Al\u00e9m disso, a prata ionizada purifica a \u00e1gua e \u00e9 \u00fatil em detergentes para a roupa porque combate os germes.<\/p>\n<h3> <strong>Medicamento<\/strong><\/h3>\n<p> Na \u00e1rea m\u00e9dica, o nitrato de prata \u00e9 utilizado como bactericida, anti-s\u00e9ptico e tamb\u00e9m para remover verrugas. Al\u00e9m disso, suas ligas permitem a fabrica\u00e7\u00e3o de pe\u00e7as dent\u00e1rias.<\/p>\n<h2> <strong>Como identificar o dinheiro?<\/strong><\/h2>\n<p> Para verificar a sua autenticidade, pode recorrer a alguns m\u00e9todos n\u00e3o cient\u00edficos que revelam se se trata de uma pe\u00e7a de prata original, tais como:<\/p>\n<ul>\n<li> N\u00e3o possui brilho excessivo.<\/li>\n<li> Adicione algumas gotas de \u00e1gua sanit\u00e1ria e se come\u00e7ar a oxidar \u00e9 prata.<\/li>\n<li> Solte a m\u00fasica e verifique se o som \u00e9 semelhante ao de um sino.<\/li>\n<li> Use um \u00edm\u00e3 para ver se ele desliza no objeto. Se voc\u00ea aderir, estar\u00e1 lidando com uma imita\u00e7\u00e3o barata.<\/li>\n<\/ul>\n<p> Concluindo, a prata \u00e9 um metal de transi\u00e7\u00e3o encontrado na natureza em estado livre. Sua cor \u00e9 branca met\u00e1lica, mas torna-se brilhante depois de polida. Em seu estado s\u00f3lido natural, \u00e9 um material precioso amplamente utilizado em joalheria, medicina e ind\u00fastria.<\/p>\n","protected":false},"excerpt":{"rendered":"<p>A prata \u00e9 um dos sete metais mais reconhecidos do planeta. Embora seja raro, \u00e9 encontrado na natureza como elemento livre ou com outros metais. No entanto, a maior parte \u00e9 encontrada em minerais contendo compostos met\u00e1licos. No passado, foi utilizado na confec\u00e7\u00e3o de armas de guerra e posteriormente na confec\u00e7\u00e3o de enfeites e utens\u00edlios. &#8230; <a title=\"Dinheiro\" class=\"read-more\" href=\"https:\/\/chemuza.org\/pt\/dinheiro\/\" aria-label=\"Mais em Dinheiro\">Ler mais<\/a><\/p>\n","protected":false},"author":1,"featured_media":0,"parent":0,"menu_order":0,"comment_status":"closed","ping_status":"closed","template":"","meta":{"footnotes":""},"class_list":["post-1502","page","type-page","status-publish"],"yoast_head":"<!-- This site is optimized with the Yoast SEO plugin v21.4 - https:\/\/yoast.com\/wordpress\/plugins\/seo\/ -->\n<title>Prata - Chemuza<\/title>\n<meta name=\"robots\" content=\"index, follow, max-snippet:-1, max-image-preview:large, max-video-preview:-1\" \/>\n<link rel=\"canonical\" href=\"https:\/\/chemuza.org\/pt\/dinheiro\/\" \/>\n<meta property=\"og:locale\" content=\"pt_PT\" \/>\n<meta property=\"og:type\" content=\"article\" \/>\n<meta property=\"og:title\" content=\"Prata - Chemuza\" \/>\n<meta property=\"og:description\" content=\"A prata \u00e9 um dos sete metais mais reconhecidos do planeta. Embora seja raro, \u00e9 encontrado na natureza como elemento livre ou com outros metais. No entanto, a maior parte \u00e9 encontrada em minerais contendo compostos met\u00e1licos. No passado, foi utilizado na confec\u00e7\u00e3o de armas de guerra e posteriormente na confec\u00e7\u00e3o de enfeites e utens\u00edlios. ... Ler mais\" \/>\n<meta property=\"og:url\" content=\"https:\/\/chemuza.org\/pt\/dinheiro\/\" \/>\n<meta property=\"og:site_name\" content=\"Statorials\" \/>\n<meta name=\"twitter:card\" content=\"summary_large_image\" \/>\n<meta name=\"twitter:label1\" content=\"Tempo estimado de leitura\" \/>\n\t<meta name=\"twitter:data1\" content=\"4 minutos\" \/>\n<script type=\"application\/ld+json\" class=\"yoast-schema-graph\">{\"@context\":\"https:\/\/schema.org\",\"@graph\":[{\"@type\":\"WebPage\",\"@id\":\"https:\/\/chemuza.org\/pt\/dinheiro\/\",\"url\":\"https:\/\/chemuza.org\/pt\/dinheiro\/\",\"name\":\"Prata - Chemuza\",\"isPartOf\":{\"@id\":\"https:\/\/chemuza.org\/pt\/#website\"},\"datePublished\":\"2023-07-14T13:08:52+00:00\",\"dateModified\":\"2023-07-14T13:08:52+00:00\",\"breadcrumb\":{\"@id\":\"https:\/\/chemuza.org\/pt\/dinheiro\/#breadcrumb\"},\"inLanguage\":\"pt-PT\",\"potentialAction\":[{\"@type\":\"ReadAction\",\"target\":[\"https:\/\/chemuza.org\/pt\/dinheiro\/\"]}]},{\"@type\":\"BreadcrumbList\",\"@id\":\"https:\/\/chemuza.org\/pt\/dinheiro\/#breadcrumb\",\"itemListElement\":[{\"@type\":\"ListItem\",\"position\":1,\"name\":\"Lar\",\"item\":\"https:\/\/chemuza.org\/pt\/\"},{\"@type\":\"ListItem\",\"position\":2,\"name\":\"Dinheiro\"}]},{\"@type\":\"WebSite\",\"@id\":\"https:\/\/chemuza.org\/pt\/#website\",\"url\":\"https:\/\/chemuza.org\/pt\/\",\"name\":\"Chemuza\",\"description\":\"Sua porta de entrada para a descoberta qu\u00edmica!\",\"publisher\":{\"@id\":\"https:\/\/chemuza.org\/pt\/#organization\"},\"potentialAction\":[{\"@type\":\"SearchAction\",\"target\":{\"@type\":\"EntryPoint\",\"urlTemplate\":\"https:\/\/chemuza.org\/pt\/?s={search_term_string}\"},\"query-input\":\"required name=search_term_string\"}],\"inLanguage\":\"pt-PT\"},{\"@type\":\"Organization\",\"@id\":\"https:\/\/chemuza.org\/pt\/#organization\",\"name\":\"Chemuza\",\"url\":\"https:\/\/chemuza.org\/pt\/\",\"logo\":{\"@type\":\"ImageObject\",\"inLanguage\":\"pt-PT\",\"@id\":\"https:\/\/chemuza.org\/pt\/#\/schema\/logo\/image\/\",\"url\":\"https:\/\/chemuza.org\/pt\/wp-content\/uploads\/2023\/10\/chemuza-logo.png\",\"contentUrl\":\"https:\/\/chemuza.org\/pt\/wp-content\/uploads\/2023\/10\/chemuza-logo.png\",\"width\":387,\"height\":70,\"caption\":\"Chemuza\"},\"image\":{\"@id\":\"https:\/\/chemuza.org\/pt\/#\/schema\/logo\/image\/\"}}]}<\/script>\n<!-- \/ Yoast SEO plugin. -->","yoast_head_json":{"title":"Prata - Chemuza","robots":{"index":"index","follow":"follow","max-snippet":"max-snippet:-1","max-image-preview":"max-image-preview:large","max-video-preview":"max-video-preview:-1"},"canonical":"https:\/\/chemuza.org\/pt\/dinheiro\/","og_locale":"pt_PT","og_type":"article","og_title":"Prata - Chemuza","og_description":"A prata \u00e9 um dos sete metais mais reconhecidos do planeta. Embora seja raro, \u00e9 encontrado na natureza como elemento livre ou com outros metais. No entanto, a maior parte \u00e9 encontrada em minerais contendo compostos met\u00e1licos. No passado, foi utilizado na confec\u00e7\u00e3o de armas de guerra e posteriormente na confec\u00e7\u00e3o de enfeites e utens\u00edlios. ... Ler mais","og_url":"https:\/\/chemuza.org\/pt\/dinheiro\/","og_site_name":"Statorials","twitter_card":"summary_large_image","twitter_misc":{"Tempo estimado de leitura":"4 minutos"},"schema":{"@context":"https:\/\/schema.org","@graph":[{"@type":"WebPage","@id":"https:\/\/chemuza.org\/pt\/dinheiro\/","url":"https:\/\/chemuza.org\/pt\/dinheiro\/","name":"Prata - Chemuza","isPartOf":{"@id":"https:\/\/chemuza.org\/pt\/#website"},"datePublished":"2023-07-14T13:08:52+00:00","dateModified":"2023-07-14T13:08:52+00:00","breadcrumb":{"@id":"https:\/\/chemuza.org\/pt\/dinheiro\/#breadcrumb"},"inLanguage":"pt-PT","potentialAction":[{"@type":"ReadAction","target":["https:\/\/chemuza.org\/pt\/dinheiro\/"]}]},{"@type":"BreadcrumbList","@id":"https:\/\/chemuza.org\/pt\/dinheiro\/#breadcrumb","itemListElement":[{"@type":"ListItem","position":1,"name":"Lar","item":"https:\/\/chemuza.org\/pt\/"},{"@type":"ListItem","position":2,"name":"Dinheiro"}]},{"@type":"WebSite","@id":"https:\/\/chemuza.org\/pt\/#website","url":"https:\/\/chemuza.org\/pt\/","name":"Chemuza","description":"Sua porta de entrada para a descoberta qu\u00edmica!","publisher":{"@id":"https:\/\/chemuza.org\/pt\/#organization"},"potentialAction":[{"@type":"SearchAction","target":{"@type":"EntryPoint","urlTemplate":"https:\/\/chemuza.org\/pt\/?s={search_term_string}"},"query-input":"required name=search_term_string"}],"inLanguage":"pt-PT"},{"@type":"Organization","@id":"https:\/\/chemuza.org\/pt\/#organization","name":"Chemuza","url":"https:\/\/chemuza.org\/pt\/","logo":{"@type":"ImageObject","inLanguage":"pt-PT","@id":"https:\/\/chemuza.org\/pt\/#\/schema\/logo\/image\/","url":"https:\/\/chemuza.org\/pt\/wp-content\/uploads\/2023\/10\/chemuza-logo.png","contentUrl":"https:\/\/chemuza.org\/pt\/wp-content\/uploads\/2023\/10\/chemuza-logo.png","width":387,"height":70,"caption":"Chemuza"},"image":{"@id":"https:\/\/chemuza.org\/pt\/#\/schema\/logo\/image\/"}}]}},"yoast_meta":{"yoast_wpseo_title":"","yoast_wpseo_metadesc":"","yoast_wpseo_canonical":""},"_links":{"self":[{"href":"https:\/\/chemuza.org\/pt\/wp-json\/wp\/v2\/pages\/1502","targetHints":{"allow":["GET"]}}],"collection":[{"href":"https:\/\/chemuza.org\/pt\/wp-json\/wp\/v2\/pages"}],"about":[{"href":"https:\/\/chemuza.org\/pt\/wp-json\/wp\/v2\/types\/page"}],"author":[{"embeddable":true,"href":"https:\/\/chemuza.org\/pt\/wp-json\/wp\/v2\/users\/1"}],"replies":[{"embeddable":true,"href":"https:\/\/chemuza.org\/pt\/wp-json\/wp\/v2\/comments?post=1502"}],"version-history":[{"count":0,"href":"https:\/\/chemuza.org\/pt\/wp-json\/wp\/v2\/pages\/1502\/revisions"}],"wp:attachment":[{"href":"https:\/\/chemuza.org\/pt\/wp-json\/wp\/v2\/media?parent=1502"}],"curies":[{"name":"wp","href":"https:\/\/api.w.org\/{rel}","templated":true}]}}