{"id":1500,"date":"2023-07-14T13:16:56","date_gmt":"2023-07-14T13:16:56","guid":{"rendered":"https:\/\/chemuza.org\/pt\/paladio\/"},"modified":"2023-07-14T13:16:56","modified_gmt":"2023-07-14T13:16:56","slug":"paladio","status":"publish","type":"page","link":"https:\/\/chemuza.org\/pt\/paladio\/","title":{"rendered":"Pal\u00e1dio"},"content":{"rendered":"<p>Voc\u00ea sabia que o pal\u00e1dio possui uma codifica\u00e7\u00e3o padr\u00e3o internacional para rotular seu uso em joias? Al\u00e9m dessa aplica\u00e7\u00e3o, \u00e9 utilizado em conversores catal\u00edticos, odontologia, medicina, rel\u00f3gios, velas de igni\u00e7\u00e3o de aeronaves e produtos eletr\u00f4nicos. Portanto, conhe\u00e7a todas as caracter\u00edsticas e propriedades desse elemento.<\/p>\n<h2> <strong>O que \u00e9 pal\u00e1dio?<\/strong><\/h2>\n<p> \u00c9 um metal de transi\u00e7\u00e3o raro que tem tanta semelhan\u00e7a com a platina, por isso \u00e9 poss\u00edvel confundi-los. O elemento Pal\u00e1dio \u00e9 d\u00factil, macio, male\u00e1vel, branco prateado, pouco abundante na crosta terrestre e resistente \u00e0 corros\u00e3o.<\/p>\n<h3> <strong>S\u00edmbolo de pal\u00e1dio<\/strong><\/h3>\n<p> <span class=\"content-chemical-element\" style=\"float: left;width: 65px;height: 65px;border: 3px solid #666; display:flex;\n    justify-content: center;align-items: center;margin-right: 15px;\"><span style=\"font-size: 38px;\">Pd<\/span><\/span> O s\u00edmbolo Palladium \u00e9 uma abreviatura da palavra latina <em>palladium<\/em> e, ao mesmo tempo, da express\u00e3o <em>pallas<\/em> . Seu nome vem do aster\u00f3ide Pallas, descoberto dois meses antes do elemento, e tamb\u00e9m em homenagem \u00e0 deusa grega Pallas de Atenas. Al\u00e9m disso, foi acrescentado o sufixo cient\u00edfico <em>ium,<\/em> referente aos elementos qu\u00edmicos.<\/p>\n<h2> <strong>Caracter\u00edsticas do pal\u00e1dio<\/strong><\/h2>\n<p> \u00c0 temperatura ambiente, este elemento qu\u00edmico \u00e9 resistente aos \u00e1cidos fosf\u00f3rico, fluor\u00eddrico, percl\u00f3rico, clor\u00eddrico e ac\u00e9tico. Da mesma forma, n\u00e3o oxida na presen\u00e7a de ar nem forma uma fina camada de \u00f3xido esverdeado. \u00c9 um bom condutor el\u00e9trico e t\u00e9rmico. Al\u00e9m disso, atomicamente cont\u00e9m 60 n\u00eautrons, 46 el\u00e9trons e 46 pr\u00f3tons. Outros recursos not\u00e1veis s\u00e3o:<\/p>\n<ul>\n<li> <strong>Reatividade Qu\u00edmica:<\/strong> Dissolve-se em \u00e1gua r\u00e9gia, \u00e1cido sulf\u00farico e \u00e1cido n\u00edtrico. \u00c0 temperatura ambiente, absorve enormes quantidades de hidrog\u00eanio molecular.<\/li>\n<li> <strong>Fus\u00e3o<\/strong> : Cont\u00e9m o ponto de fus\u00e3o mais baixo do grupo Platina, que \u00e9 1555\u00b0C.<\/li>\n<li> <strong>Densidade:<\/strong> \u00c9 12.023 kg\/m\u00b3, o elemento menos denso entre todos os metais do bloco D.<\/li>\n<li> <strong>Estado<\/strong> : Em temperaturas e press\u00f5es normais, est\u00e1 no estado s\u00f3lido.<\/li>\n<li> <strong>Mudan\u00e7as<\/strong> : Ao absorver hidrog\u00eanio, o faz em at\u00e9 900 vezes seu pr\u00f3prio volume, propriedade que amplifica seu tamanho.<\/li>\n<li> <strong>Temperatura<\/strong> : Se aquecido acima de 80\u00b0C, forma um \u00f3xido leve, opaco e aderente, que n\u00e3o racha nem se desprende.<\/li>\n<li> <strong>Caracter\u00edsticas organol\u00e9pticas<\/strong> : Possui tom branco prateado brilhante, textura met\u00e1lica, por\u00e9m inodora.<\/li>\n<li> <strong>Maleabilidade<\/strong> : Possui grande maleabilidade sem necessidade de submet\u00ea-lo a altas temperaturas.<\/li>\n<li> <strong>Dureza<\/strong> : 4,75 na escala de Mohs.<\/li>\n<li> <strong>Ordem magn\u00e9tica<\/strong> : Possui propriedades n\u00e3o magn\u00e9ticas, pois \u00e9 um metal nobre.<\/li>\n<\/ul>\n<h2> <strong>Propriedades qu\u00edmicas e f\u00edsicas do pal\u00e1dio<\/strong><\/h2>\n<ol>\n<li> <strong>N\u00famero at\u00f4mico<\/strong> : 46<\/li>\n<li> <strong>Raio covalente (\u00c5)<\/strong> : 131 pm<\/li>\n<li> <strong>Entalpia de fus\u00e3o<\/strong> : 17,6 kJ\/mol<\/li>\n<li> <strong>\u00d3xido<\/strong> : Ligeiramente b\u00e1sico<\/li>\n<li> <strong>Entalpia de vaporiza\u00e7\u00e3o<\/strong> : 357 kJ\/mol<\/li>\n<li> <strong>Estados de oxida\u00e7\u00e3o<\/strong> : 0, +1, +2, +4, +6<\/li>\n<li> <strong>Configura\u00e7\u00e3o eletr\u00f4nica<\/strong> : [Kr]4d <sup>10<\/sup><\/li>\n<li> <strong>Ponto de ebuli\u00e7\u00e3o<\/strong> : 2963\u00b0C (3236K)<\/li>\n<li> <strong>Velocidade do som<\/strong> : 3.070 m\/s a 293,15 K<\/li>\n<li> <strong>Massa at\u00f4mica (g\/mol)<\/strong> : 106,42 u<\/li>\n<li> <strong>Ponto de fus\u00e3o<\/strong> : 1555\u00b0C (1828,05K)<\/li>\n<li> <strong>Raio at\u00f4mico (\u00c5)<\/strong> : 137 pm (raio de Bohr)<\/li>\n<li> <strong>Primeiro potencial de ioniza\u00e7\u00e3o (eV)<\/strong> : 804,4 kJ\/mol<\/li>\n<li> <strong>Densidade<\/strong> : 12023 kg\/m\u00b3<\/li>\n<li> <strong>El\u00e9trons por n\u00edvel<\/strong> : 2, 8, 18, 18<\/li>\n<li> <strong>Calor espec\u00edfico<\/strong> : 244 J\/(K-kg)<\/li>\n<li> <strong>Eletronegatividade<\/strong> : 2,20 (escala Pauling)<\/li>\n<\/ol>\n<h2> <strong>Origem do pal\u00e1dio<\/strong><\/h2>\n<p> Existem vest\u00edgios da sua utiliza\u00e7\u00e3o nas civiliza\u00e7\u00f5es pr\u00e9-colombianas, onde era considerado um metal precioso, juntamente com o ouro e a prata. Por\u00e9m, quem \u00e9 creditado com o t\u00edtulo de descobridor do pal\u00e1dio \u00e9 William Hyde Wollaston. Em 1803, este qu\u00edmico conseguiu isol\u00e1-lo de outro mineral e deu-lhe o nome do recentemente descoberto aster\u00f3ide Pallas.<\/p>\n<p> Segundo a hist\u00f3ria do Palladium, a partir da\u00ed ele ganhou espa\u00e7o na comunidade cient\u00edfica. Por\u00e9m, naquela \u00e9poca, eles n\u00e3o possu\u00edam as t\u00e9cnicas necess\u00e1rias para sua separa\u00e7\u00e3o. Posteriormente, novos m\u00e9todos de refino foram criados para processar os elementos de platina e extra\u00ed-los adequadamente.<\/p>\n<h2> <strong>Para que \u00e9 usado o pal\u00e1dio?<\/strong><\/h2>\n<p> Uma das aplica\u00e7\u00f5es do pal\u00e1dio \u00e9 lig\u00e1-lo a outros metais para fazer componentes condutores, capacitores e utiliz\u00e1-lo como material de solda na ind\u00fastria eletr\u00f4nica. Al\u00e9m disso, gra\u00e7as \u00e0 sua capacidade absorvente, \u00e9 frequentemente utilizado para criar purificadores e detectores de g\u00e1s. Confira outros usos deste item:<\/p>\n<ul>\n<li> \u00c9 utilizado na fabrica\u00e7\u00e3o de roupas, joias e ligas preciosas, como ouro branco, que tem alto valor na ind\u00fastria joalheira.<\/li>\n<li> \u00c9 normalmente usado como agente de liga na fabrica\u00e7\u00e3o de pe\u00e7as sujeitas a ambientes corrosivos.<\/li>\n<li> Na ind\u00fastria farmac\u00eautica, atua como catalisador, pois auxilia na forma\u00e7\u00e3o de rea\u00e7\u00f5es de hidrogena\u00e7\u00e3o e desidrogena\u00e7\u00e3o.<\/li>\n<li> \u00c9 utilizado na \u00e1rea odontol\u00f3gica para fabrica\u00e7\u00e3o de componentes odontol\u00f3gicos e pe\u00e7as ortod\u00f4nticas.<\/li>\n<li> Ligas do elemento com diferentes metais s\u00e3o utilizadas na confec\u00e7\u00e3o de velas, molas, filtros, elementos decorativos e barras estabilizadoras.<\/li>\n<li> Devido \u00e0 sua alta resist\u00eancia, \u00e9 frequentemente utilizado na fabrica\u00e7\u00e3o de pe\u00e7as cir\u00fargicas.<\/li>\n<\/ul>\n<p> Em resumo, o pal\u00e1dio \u00e9 um elemento met\u00e1lico de transi\u00e7\u00e3o altamente d\u00factil, de baixa abund\u00e2ncia, male\u00e1vel, macio e branco prateado. Embora absorva grandes quantidades de hidrog\u00eanio molecular, n\u00e3o oxida no ar. Por outro lado, \u00e9 utilizado em \u00e1reas t\u00e3o diversas como odontologia, joalheria, medicina, relojoaria e farm\u00e1cia.<\/p>\n","protected":false},"excerpt":{"rendered":"<p>Voc\u00ea sabia que o pal\u00e1dio possui uma codifica\u00e7\u00e3o padr\u00e3o internacional para rotular seu uso em joias? Al\u00e9m dessa aplica\u00e7\u00e3o, \u00e9 utilizado em conversores catal\u00edticos, odontologia, medicina, rel\u00f3gios, velas de igni\u00e7\u00e3o de aeronaves e produtos eletr\u00f4nicos. Portanto, conhe\u00e7a todas as caracter\u00edsticas e propriedades desse elemento. O que \u00e9 pal\u00e1dio? \u00c9 um metal de transi\u00e7\u00e3o raro que &#8230; <a title=\"Pal\u00e1dio\" class=\"read-more\" href=\"https:\/\/chemuza.org\/pt\/paladio\/\" aria-label=\"Mais em Pal\u00e1dio\">Ler mais<\/a><\/p>\n","protected":false},"author":1,"featured_media":0,"parent":0,"menu_order":0,"comment_status":"closed","ping_status":"closed","template":"","meta":{"footnotes":""},"class_list":["post-1500","page","type-page","status-publish"],"yoast_head":"<!-- This site is optimized with the Yoast SEO plugin v21.4 - https:\/\/yoast.com\/wordpress\/plugins\/seo\/ -->\n<title>Pal\u00e1dio - Chemuza<\/title>\n<meta name=\"robots\" content=\"index, follow, max-snippet:-1, max-image-preview:large, max-video-preview:-1\" \/>\n<link rel=\"canonical\" href=\"https:\/\/chemuza.org\/pt\/paladio\/\" \/>\n<meta property=\"og:locale\" content=\"pt_PT\" \/>\n<meta property=\"og:type\" content=\"article\" \/>\n<meta property=\"og:title\" content=\"Pal\u00e1dio - Chemuza\" \/>\n<meta property=\"og:description\" content=\"Voc\u00ea sabia que o pal\u00e1dio possui uma codifica\u00e7\u00e3o padr\u00e3o internacional para rotular seu uso em joias? Al\u00e9m dessa aplica\u00e7\u00e3o, \u00e9 utilizado em conversores catal\u00edticos, odontologia, medicina, rel\u00f3gios, velas de igni\u00e7\u00e3o de aeronaves e produtos eletr\u00f4nicos. Portanto, conhe\u00e7a todas as caracter\u00edsticas e propriedades desse elemento. O que \u00e9 pal\u00e1dio? \u00c9 um metal de transi\u00e7\u00e3o raro que ... Ler mais\" \/>\n<meta property=\"og:url\" content=\"https:\/\/chemuza.org\/pt\/paladio\/\" \/>\n<meta property=\"og:site_name\" content=\"Statorials\" \/>\n<meta name=\"twitter:card\" content=\"summary_large_image\" \/>\n<meta name=\"twitter:label1\" content=\"Tempo estimado de leitura\" \/>\n\t<meta name=\"twitter:data1\" content=\"4 minutos\" \/>\n<script type=\"application\/ld+json\" class=\"yoast-schema-graph\">{\"@context\":\"https:\/\/schema.org\",\"@graph\":[{\"@type\":\"WebPage\",\"@id\":\"https:\/\/chemuza.org\/pt\/paladio\/\",\"url\":\"https:\/\/chemuza.org\/pt\/paladio\/\",\"name\":\"Pal\u00e1dio - Chemuza\",\"isPartOf\":{\"@id\":\"https:\/\/chemuza.org\/pt\/#website\"},\"datePublished\":\"2023-07-14T13:16:56+00:00\",\"dateModified\":\"2023-07-14T13:16:56+00:00\",\"breadcrumb\":{\"@id\":\"https:\/\/chemuza.org\/pt\/paladio\/#breadcrumb\"},\"inLanguage\":\"pt-PT\",\"potentialAction\":[{\"@type\":\"ReadAction\",\"target\":[\"https:\/\/chemuza.org\/pt\/paladio\/\"]}]},{\"@type\":\"BreadcrumbList\",\"@id\":\"https:\/\/chemuza.org\/pt\/paladio\/#breadcrumb\",\"itemListElement\":[{\"@type\":\"ListItem\",\"position\":1,\"name\":\"Lar\",\"item\":\"https:\/\/chemuza.org\/pt\/\"},{\"@type\":\"ListItem\",\"position\":2,\"name\":\"Pal\u00e1dio\"}]},{\"@type\":\"WebSite\",\"@id\":\"https:\/\/chemuza.org\/pt\/#website\",\"url\":\"https:\/\/chemuza.org\/pt\/\",\"name\":\"Chemuza\",\"description\":\"Sua porta de entrada para a descoberta qu\u00edmica!\",\"publisher\":{\"@id\":\"https:\/\/chemuza.org\/pt\/#organization\"},\"potentialAction\":[{\"@type\":\"SearchAction\",\"target\":{\"@type\":\"EntryPoint\",\"urlTemplate\":\"https:\/\/chemuza.org\/pt\/?s={search_term_string}\"},\"query-input\":\"required name=search_term_string\"}],\"inLanguage\":\"pt-PT\"},{\"@type\":\"Organization\",\"@id\":\"https:\/\/chemuza.org\/pt\/#organization\",\"name\":\"Chemuza\",\"url\":\"https:\/\/chemuza.org\/pt\/\",\"logo\":{\"@type\":\"ImageObject\",\"inLanguage\":\"pt-PT\",\"@id\":\"https:\/\/chemuza.org\/pt\/#\/schema\/logo\/image\/\",\"url\":\"https:\/\/chemuza.org\/pt\/wp-content\/uploads\/2023\/10\/chemuza-logo.png\",\"contentUrl\":\"https:\/\/chemuza.org\/pt\/wp-content\/uploads\/2023\/10\/chemuza-logo.png\",\"width\":387,\"height\":70,\"caption\":\"Chemuza\"},\"image\":{\"@id\":\"https:\/\/chemuza.org\/pt\/#\/schema\/logo\/image\/\"}}]}<\/script>\n<!-- \/ Yoast SEO plugin. -->","yoast_head_json":{"title":"Pal\u00e1dio - Chemuza","robots":{"index":"index","follow":"follow","max-snippet":"max-snippet:-1","max-image-preview":"max-image-preview:large","max-video-preview":"max-video-preview:-1"},"canonical":"https:\/\/chemuza.org\/pt\/paladio\/","og_locale":"pt_PT","og_type":"article","og_title":"Pal\u00e1dio - Chemuza","og_description":"Voc\u00ea sabia que o pal\u00e1dio possui uma codifica\u00e7\u00e3o padr\u00e3o internacional para rotular seu uso em joias? Al\u00e9m dessa aplica\u00e7\u00e3o, \u00e9 utilizado em conversores catal\u00edticos, odontologia, medicina, rel\u00f3gios, velas de igni\u00e7\u00e3o de aeronaves e produtos eletr\u00f4nicos. Portanto, conhe\u00e7a todas as caracter\u00edsticas e propriedades desse elemento. O que \u00e9 pal\u00e1dio? \u00c9 um metal de transi\u00e7\u00e3o raro que ... Ler mais","og_url":"https:\/\/chemuza.org\/pt\/paladio\/","og_site_name":"Statorials","twitter_card":"summary_large_image","twitter_misc":{"Tempo estimado de leitura":"4 minutos"},"schema":{"@context":"https:\/\/schema.org","@graph":[{"@type":"WebPage","@id":"https:\/\/chemuza.org\/pt\/paladio\/","url":"https:\/\/chemuza.org\/pt\/paladio\/","name":"Pal\u00e1dio - Chemuza","isPartOf":{"@id":"https:\/\/chemuza.org\/pt\/#website"},"datePublished":"2023-07-14T13:16:56+00:00","dateModified":"2023-07-14T13:16:56+00:00","breadcrumb":{"@id":"https:\/\/chemuza.org\/pt\/paladio\/#breadcrumb"},"inLanguage":"pt-PT","potentialAction":[{"@type":"ReadAction","target":["https:\/\/chemuza.org\/pt\/paladio\/"]}]},{"@type":"BreadcrumbList","@id":"https:\/\/chemuza.org\/pt\/paladio\/#breadcrumb","itemListElement":[{"@type":"ListItem","position":1,"name":"Lar","item":"https:\/\/chemuza.org\/pt\/"},{"@type":"ListItem","position":2,"name":"Pal\u00e1dio"}]},{"@type":"WebSite","@id":"https:\/\/chemuza.org\/pt\/#website","url":"https:\/\/chemuza.org\/pt\/","name":"Chemuza","description":"Sua porta de entrada para a descoberta qu\u00edmica!","publisher":{"@id":"https:\/\/chemuza.org\/pt\/#organization"},"potentialAction":[{"@type":"SearchAction","target":{"@type":"EntryPoint","urlTemplate":"https:\/\/chemuza.org\/pt\/?s={search_term_string}"},"query-input":"required name=search_term_string"}],"inLanguage":"pt-PT"},{"@type":"Organization","@id":"https:\/\/chemuza.org\/pt\/#organization","name":"Chemuza","url":"https:\/\/chemuza.org\/pt\/","logo":{"@type":"ImageObject","inLanguage":"pt-PT","@id":"https:\/\/chemuza.org\/pt\/#\/schema\/logo\/image\/","url":"https:\/\/chemuza.org\/pt\/wp-content\/uploads\/2023\/10\/chemuza-logo.png","contentUrl":"https:\/\/chemuza.org\/pt\/wp-content\/uploads\/2023\/10\/chemuza-logo.png","width":387,"height":70,"caption":"Chemuza"},"image":{"@id":"https:\/\/chemuza.org\/pt\/#\/schema\/logo\/image\/"}}]}},"yoast_meta":{"yoast_wpseo_title":"","yoast_wpseo_metadesc":"","yoast_wpseo_canonical":""},"_links":{"self":[{"href":"https:\/\/chemuza.org\/pt\/wp-json\/wp\/v2\/pages\/1500","targetHints":{"allow":["GET"]}}],"collection":[{"href":"https:\/\/chemuza.org\/pt\/wp-json\/wp\/v2\/pages"}],"about":[{"href":"https:\/\/chemuza.org\/pt\/wp-json\/wp\/v2\/types\/page"}],"author":[{"embeddable":true,"href":"https:\/\/chemuza.org\/pt\/wp-json\/wp\/v2\/users\/1"}],"replies":[{"embeddable":true,"href":"https:\/\/chemuza.org\/pt\/wp-json\/wp\/v2\/comments?post=1500"}],"version-history":[{"count":0,"href":"https:\/\/chemuza.org\/pt\/wp-json\/wp\/v2\/pages\/1500\/revisions"}],"wp:attachment":[{"href":"https:\/\/chemuza.org\/pt\/wp-json\/wp\/v2\/media?parent=1500"}],"curies":[{"name":"wp","href":"https:\/\/api.w.org\/{rel}","templated":true}]}}