{"id":1499,"date":"2023-07-14T13:58:51","date_gmt":"2023-07-14T13:58:51","guid":{"rendered":"https:\/\/chemuza.org\/pt\/germanio\/"},"modified":"2023-07-14T13:58:51","modified_gmt":"2023-07-14T13:58:51","slug":"germanio","status":"publish","type":"page","link":"https:\/\/chemuza.org\/pt\/germanio\/","title":{"rendered":"Germ\u00e2nio"},"content":{"rendered":"<p>O germ\u00e2nio \u00e9 distribu\u00eddo na crosta terrestre a uma taxa de 6,7 ppm ou partes por milh\u00e3o. \u00c9 comum v\u00ea-lo na forma de sulfetos ou em minerais de chumbo, cobre e zinco em partes da Europa e da Am\u00e9rica do Norte. Destaca-se por ser um metal semicondutor com diversas aplica\u00e7\u00f5es na ind\u00fastria. Ent\u00e3o conhe\u00e7a um pouco mais de perto esse metal\u00f3ide.<\/p>\n<h2> <strong>O que \u00e9 germ\u00e2nio?<\/strong><\/h2>\n<p> \u00c9 um elemento qu\u00edmico que faz parte dos metal\u00f3ides ou semimetais da tabela peri\u00f3dica. Est\u00e1 localizado diagonalmente entre os elementos que separam os metais daqueles que n\u00e3o o s\u00e3o. Al\u00e9m disso, \u00e9 um s\u00f3lido duro, cristalino e quebradi\u00e7o, de cor branco acinzentado, que apresenta brilho caracter\u00edstico \u00e0 temperatura ambiente.<\/p>\n<h3> <strong>S\u00edmbolo de germ\u00e2nio<\/strong><\/h3>\n<p> <span class=\"content-chemical-element\" style=\"float: left;width: 65px;height: 65px;border: 3px solid #666; display:flex;\n    justify-content: center;align-items: center;margin-right: 15px;\"><span style=\"font-size: 38px;\">Ge<\/span><\/span> Seu nome deriva do latim <em>germ\u00e2nia<\/em> , que significa Alemanha, onde foi descoberto. Sua exist\u00eancia foi constatada por Mendeleev na tabela peri\u00f3dica. Mais tarde, o alem\u00e3o Winkler demonstrou suas propriedades qu\u00edmicas e deu-lhe o nome de seu pa\u00eds natal.<\/p>\n<h2> <strong>Caracter\u00edsticas do germ\u00e2nio<\/strong><\/h2>\n<p> O elemento Germ\u00e2nio \u00e9 divalente ou tetravalente, com 2 ou mais val\u00eancias dependendo do composto. Possui apar\u00eancia met\u00e1lica com condi\u00e7\u00f5es est\u00e1veis em seu ponto de fus\u00e3o, o que o torna um excelente semicondutor. Al\u00e9m disso, as outras caracter\u00edsticas do Germ\u00e2nio s\u00e3o:<\/p>\n<ul>\n<li> <strong>Condi\u00e7\u00e3o<\/strong> : S\u00f3lido, formado por cristais brutos.<\/li>\n<li> <strong>Cor<\/strong> : Branco acinzentado brilhante.<\/li>\n<li> <strong>Sabor e Cheiro<\/strong> : Amargo e sem odor caracter\u00edstico.<\/li>\n<li> <strong>Solubilidade<\/strong> : \u00c9 sol\u00favel em \u00e1gua, sulfetos e \u00e1cido fluor\u00eddrico.<\/li>\n<li> <strong>Toxicidade<\/strong> : Baixa. S\u00f3 se torna t\u00f3xico em grandes quantidades.<\/li>\n<li> <strong>Reatividade<\/strong> : \u00c9 reativo quando oxidado acima de 600\u00baC e reage com halogenetos, \u00e1lcalis e \u00e1cido n\u00edtrico.<\/li>\n<li> <strong>Estrutura<\/strong> : Cristalina, em forma de diamante.<\/li>\n<li> <strong>Composi\u00e7\u00e3o<\/strong> : A estrutura at\u00f4mica do germ\u00e2nio \u00e9 de 32 pr\u00f3tons e 32 el\u00e9trons.<\/li>\n<\/ul>\n<h2> <strong>Propriedades qu\u00edmicas e f\u00edsicas do germ\u00e2nio<\/strong><\/h2>\n<ol>\n<li> <strong>N\u00famero at\u00f4mico<\/strong> : 32<\/li>\n<li> <strong>Per\u00edodo<\/strong> : 4<\/li>\n<li> <strong>Bloco<\/strong> : P<\/li>\n<li> <strong>Grupo<\/strong> : 14<\/li>\n<li> <strong>Raio covalente (\u00c5):<\/strong> 122 pm<\/li>\n<li> <strong>Configura\u00e7\u00e3o eletr\u00f4nica:<\/strong> [Ar] 3d10 4 s\u00b2 4p2<\/li>\n<li> <strong>Massa at\u00f4mica (g\/mol):<\/strong> 72,64 u<\/li>\n<li> <strong>Densidade:<\/strong> 5323 kg\/m\u00b3<\/li>\n<li> <strong>Ponto de ebuli\u00e7\u00e3o:<\/strong> 2820<strong> <\/strong>\u00b0C<\/li>\n<li> <strong>Ponto de fus\u00e3o:<\/strong> 938\u00b0C<\/li>\n<li> <strong>Raio at\u00f4mico:<\/strong> 125<\/li>\n<li> <strong>Raio m\u00e9dio:<\/strong> 125h<\/li>\n<li> <strong>El\u00e9trons por camada:<\/strong> 2, 8, 18, 4<\/li>\n<li> <strong>Eletronegatividade:<\/strong> 2,01<\/li>\n<li> <strong>Calor espec\u00edfico:<\/strong> 320 J \/ (K kg)<\/li>\n<li> <strong>\u00d3xido:<\/strong> Anfot\u00e9rico.<\/li>\n<li> <strong>Primeiro potencial de ioniza\u00e7\u00e3o eV:<\/strong> 762 kJ\/mol<\/li>\n<li> <strong>Estado de oxida\u00e7\u00e3o:<\/strong> 4, 3, 2, 1, -1, -2, -3, -4<\/li>\n<li> <strong>Condutividade t\u00e9rmica:<\/strong> 59,9 W\/(Km)<\/li>\n<li> <strong>Condutividade el\u00e9trica:<\/strong> 1,45 S\/m<\/li>\n<\/ol>\n<h2> <strong>Origem do germ\u00e2nio<\/strong><\/h2>\n<p> O elemento qu\u00edmico Germ\u00e2nio foi descoberto pela primeira vez por Mendeleev em 1871 e ele lhe deu o nome de eka-sil\u00edcio devido \u00e0 sua semelhan\u00e7a com este elemento. Mais tarde, em 1886, o cientista Clemens Winkler confirmou suas propriedades qu\u00edmicas isolando-o de um mineral chamado Argyrodite na Alemanha. Ele conseguiu obter uma amostra pura e coloc\u00e1-la na tabela peri\u00f3dica.<\/p>\n<h2> <strong>Para que \u00e9 usado o germ\u00e2nio?<\/strong><\/h2>\n<p> Embora as amostras deste elemento sejam caras, elas s\u00e3o utilizadas nos setores qu\u00edmico, m\u00e9dico e industrial. Compostos org\u00e2nicos de germ\u00e2nio s\u00e3o utilizados na produ\u00e7\u00e3o de pain\u00e9is solares e como agente de detec\u00e7\u00e3o de objetos radioativos em aeroportos. Al\u00e9m disso, \u00e9 utilizado como principal catalisador na s\u00edntese de pol\u00edmeros. Al\u00e9m disso, outros usos deste metal\u00f3ide s\u00e3o:<\/p>\n<ul>\n<li> Fabrica\u00e7\u00e3o de fibras \u00f3pticas.<\/li>\n<li> Projeto de amplificadores e radares para guitarras el\u00e9tricas.<\/li>\n<li> Ligas de germanato de sil\u00edcio s\u00e3o usadas em projetos de circuitos de alta velocidade.<\/li>\n<li> Fabrica\u00e7\u00e3o de \u00f3ptica infravermelha semelhante a um metal, ideal em mecanismos de vis\u00e3o noturna e espectrosc\u00f3pio.<\/li>\n<li> \u00c9 utilizado na cria\u00e7\u00e3o de lentes e microsc\u00f3pios.<\/li>\n<li> Outros tipos de ligas do elemento s\u00e3o utilizadas na ourivesaria para valorizar metais preciosos.<\/li>\n<li> No setor qu\u00edmico \u00e9 utilizado como endurecedor de estanho, magn\u00e9sio e alum\u00ednio. Tamb\u00e9m \u00e9 usado na cria\u00e7\u00e3o de \u00edm\u00e3s.<\/li>\n<li> Na \u00e1rea m\u00e9dica, \u00e9 utilizado em tratamentos quimioter\u00e1picos.<\/li>\n<\/ul>\n<h2> <strong>Como o germ\u00e2nio \u00e9 obtido?<\/strong><\/h2>\n<p> Em seu estado natural, este elemento \u00e9 obtido a partir de jazidas de Cobre, Prata, Zinco e do processo de combust\u00e3o do Carv\u00e3o. Al\u00e9m disso, \u00e9 extra\u00eddo de minerais como Germanita, Garnierita e Argirodita. Ap\u00f3s a obten\u00e7\u00e3o de uma amostra pura, ela \u00e9 passada por tetracloreto destilado e reduzida \u00e0 forma elementar com hidrog\u00eanio.<\/p>\n<h2> <strong>Germ\u00e2nio como semicondutor<\/strong><\/h2>\n<p> No seu estado natural, este elemento \u00e9 um semicondutor por excel\u00eancia, comparado ao Sil\u00edcio. A raz\u00e3o \u00e9 que a uma determinada temperatura ele libera mais el\u00e9trons, conferindo-lhe mais condutividade. Portanto, tem diversas aplica\u00e7\u00f5es.<\/p>\n<p> Por exemplo, \u00e9 utilizado em espectroscopia de raios gama, pois possui elevado n\u00famero at\u00f4mico, com perfeita resolu\u00e7\u00e3o energ\u00e9tica e aumenta a intera\u00e7\u00e3o desses raios. Al\u00e9m disso, os semicondutores de germ\u00e2nio s\u00e3o utilizados na fabrica\u00e7\u00e3o de circuitos el\u00e9tricos, diodos de luz, transistores e microchips.<\/p>\n<p> Resumindo, este metal\u00f3ide \u00e9 s\u00f3lido, quebradi\u00e7o, brilhante e mant\u00e9m altas temperaturas. Destaca-se pelas suas propriedades semicondutoras e por isso \u00e9 utilizado nos setores qu\u00edmico, m\u00e9dico e industrial.<\/p>\n","protected":false},"excerpt":{"rendered":"<p>O germ\u00e2nio \u00e9 distribu\u00eddo na crosta terrestre a uma taxa de 6,7 ppm ou partes por milh\u00e3o. \u00c9 comum v\u00ea-lo na forma de sulfetos ou em minerais de chumbo, cobre e zinco em partes da Europa e da Am\u00e9rica do Norte. Destaca-se por ser um metal semicondutor com diversas aplica\u00e7\u00f5es na ind\u00fastria. Ent\u00e3o conhe\u00e7a um &#8230; <a title=\"Germ\u00e2nio\" class=\"read-more\" href=\"https:\/\/chemuza.org\/pt\/germanio\/\" aria-label=\"Mais em Germ\u00e2nio\">Ler mais<\/a><\/p>\n","protected":false},"author":1,"featured_media":0,"parent":0,"menu_order":0,"comment_status":"closed","ping_status":"closed","template":"","meta":{"footnotes":""},"class_list":["post-1499","page","type-page","status-publish"],"yoast_head":"<!-- This site is optimized with the Yoast SEO plugin v21.4 - https:\/\/yoast.com\/wordpress\/plugins\/seo\/ -->\n<title>Germ\u00e2nio - Chemuza<\/title>\n<meta name=\"robots\" content=\"index, follow, max-snippet:-1, max-image-preview:large, max-video-preview:-1\" \/>\n<link rel=\"canonical\" href=\"https:\/\/chemuza.org\/pt\/germanio\/\" \/>\n<meta property=\"og:locale\" content=\"pt_PT\" \/>\n<meta property=\"og:type\" content=\"article\" \/>\n<meta property=\"og:title\" content=\"Germ\u00e2nio - Chemuza\" \/>\n<meta property=\"og:description\" content=\"O germ\u00e2nio \u00e9 distribu\u00eddo na crosta terrestre a uma taxa de 6,7 ppm ou partes por milh\u00e3o. \u00c9 comum v\u00ea-lo na forma de sulfetos ou em minerais de chumbo, cobre e zinco em partes da Europa e da Am\u00e9rica do Norte. Destaca-se por ser um metal semicondutor com diversas aplica\u00e7\u00f5es na ind\u00fastria. Ent\u00e3o conhe\u00e7a um ... Ler mais\" \/>\n<meta property=\"og:url\" content=\"https:\/\/chemuza.org\/pt\/germanio\/\" \/>\n<meta property=\"og:site_name\" content=\"Statorials\" \/>\n<meta name=\"twitter:card\" content=\"summary_large_image\" \/>\n<meta name=\"twitter:label1\" content=\"Tempo estimado de leitura\" \/>\n\t<meta name=\"twitter:data1\" content=\"4 minutos\" \/>\n<script type=\"application\/ld+json\" class=\"yoast-schema-graph\">{\"@context\":\"https:\/\/schema.org\",\"@graph\":[{\"@type\":\"WebPage\",\"@id\":\"https:\/\/chemuza.org\/pt\/germanio\/\",\"url\":\"https:\/\/chemuza.org\/pt\/germanio\/\",\"name\":\"Germ\u00e2nio - Chemuza\",\"isPartOf\":{\"@id\":\"https:\/\/chemuza.org\/pt\/#website\"},\"datePublished\":\"2023-07-14T13:58:51+00:00\",\"dateModified\":\"2023-07-14T13:58:51+00:00\",\"breadcrumb\":{\"@id\":\"https:\/\/chemuza.org\/pt\/germanio\/#breadcrumb\"},\"inLanguage\":\"pt-PT\",\"potentialAction\":[{\"@type\":\"ReadAction\",\"target\":[\"https:\/\/chemuza.org\/pt\/germanio\/\"]}]},{\"@type\":\"BreadcrumbList\",\"@id\":\"https:\/\/chemuza.org\/pt\/germanio\/#breadcrumb\",\"itemListElement\":[{\"@type\":\"ListItem\",\"position\":1,\"name\":\"Lar\",\"item\":\"https:\/\/chemuza.org\/pt\/\"},{\"@type\":\"ListItem\",\"position\":2,\"name\":\"Germ\u00e2nio\"}]},{\"@type\":\"WebSite\",\"@id\":\"https:\/\/chemuza.org\/pt\/#website\",\"url\":\"https:\/\/chemuza.org\/pt\/\",\"name\":\"Chemuza\",\"description\":\"Sua porta de entrada para a descoberta qu\u00edmica!\",\"publisher\":{\"@id\":\"https:\/\/chemuza.org\/pt\/#organization\"},\"potentialAction\":[{\"@type\":\"SearchAction\",\"target\":{\"@type\":\"EntryPoint\",\"urlTemplate\":\"https:\/\/chemuza.org\/pt\/?s={search_term_string}\"},\"query-input\":\"required name=search_term_string\"}],\"inLanguage\":\"pt-PT\"},{\"@type\":\"Organization\",\"@id\":\"https:\/\/chemuza.org\/pt\/#organization\",\"name\":\"Chemuza\",\"url\":\"https:\/\/chemuza.org\/pt\/\",\"logo\":{\"@type\":\"ImageObject\",\"inLanguage\":\"pt-PT\",\"@id\":\"https:\/\/chemuza.org\/pt\/#\/schema\/logo\/image\/\",\"url\":\"https:\/\/chemuza.org\/pt\/wp-content\/uploads\/2023\/10\/chemuza-logo.png\",\"contentUrl\":\"https:\/\/chemuza.org\/pt\/wp-content\/uploads\/2023\/10\/chemuza-logo.png\",\"width\":387,\"height\":70,\"caption\":\"Chemuza\"},\"image\":{\"@id\":\"https:\/\/chemuza.org\/pt\/#\/schema\/logo\/image\/\"}}]}<\/script>\n<!-- \/ Yoast SEO plugin. -->","yoast_head_json":{"title":"Germ\u00e2nio - Chemuza","robots":{"index":"index","follow":"follow","max-snippet":"max-snippet:-1","max-image-preview":"max-image-preview:large","max-video-preview":"max-video-preview:-1"},"canonical":"https:\/\/chemuza.org\/pt\/germanio\/","og_locale":"pt_PT","og_type":"article","og_title":"Germ\u00e2nio - Chemuza","og_description":"O germ\u00e2nio \u00e9 distribu\u00eddo na crosta terrestre a uma taxa de 6,7 ppm ou partes por milh\u00e3o. \u00c9 comum v\u00ea-lo na forma de sulfetos ou em minerais de chumbo, cobre e zinco em partes da Europa e da Am\u00e9rica do Norte. Destaca-se por ser um metal semicondutor com diversas aplica\u00e7\u00f5es na ind\u00fastria. Ent\u00e3o conhe\u00e7a um ... Ler mais","og_url":"https:\/\/chemuza.org\/pt\/germanio\/","og_site_name":"Statorials","twitter_card":"summary_large_image","twitter_misc":{"Tempo estimado de leitura":"4 minutos"},"schema":{"@context":"https:\/\/schema.org","@graph":[{"@type":"WebPage","@id":"https:\/\/chemuza.org\/pt\/germanio\/","url":"https:\/\/chemuza.org\/pt\/germanio\/","name":"Germ\u00e2nio - Chemuza","isPartOf":{"@id":"https:\/\/chemuza.org\/pt\/#website"},"datePublished":"2023-07-14T13:58:51+00:00","dateModified":"2023-07-14T13:58:51+00:00","breadcrumb":{"@id":"https:\/\/chemuza.org\/pt\/germanio\/#breadcrumb"},"inLanguage":"pt-PT","potentialAction":[{"@type":"ReadAction","target":["https:\/\/chemuza.org\/pt\/germanio\/"]}]},{"@type":"BreadcrumbList","@id":"https:\/\/chemuza.org\/pt\/germanio\/#breadcrumb","itemListElement":[{"@type":"ListItem","position":1,"name":"Lar","item":"https:\/\/chemuza.org\/pt\/"},{"@type":"ListItem","position":2,"name":"Germ\u00e2nio"}]},{"@type":"WebSite","@id":"https:\/\/chemuza.org\/pt\/#website","url":"https:\/\/chemuza.org\/pt\/","name":"Chemuza","description":"Sua porta de entrada para a descoberta qu\u00edmica!","publisher":{"@id":"https:\/\/chemuza.org\/pt\/#organization"},"potentialAction":[{"@type":"SearchAction","target":{"@type":"EntryPoint","urlTemplate":"https:\/\/chemuza.org\/pt\/?s={search_term_string}"},"query-input":"required name=search_term_string"}],"inLanguage":"pt-PT"},{"@type":"Organization","@id":"https:\/\/chemuza.org\/pt\/#organization","name":"Chemuza","url":"https:\/\/chemuza.org\/pt\/","logo":{"@type":"ImageObject","inLanguage":"pt-PT","@id":"https:\/\/chemuza.org\/pt\/#\/schema\/logo\/image\/","url":"https:\/\/chemuza.org\/pt\/wp-content\/uploads\/2023\/10\/chemuza-logo.png","contentUrl":"https:\/\/chemuza.org\/pt\/wp-content\/uploads\/2023\/10\/chemuza-logo.png","width":387,"height":70,"caption":"Chemuza"},"image":{"@id":"https:\/\/chemuza.org\/pt\/#\/schema\/logo\/image\/"}}]}},"yoast_meta":{"yoast_wpseo_title":"","yoast_wpseo_metadesc":"","yoast_wpseo_canonical":""},"_links":{"self":[{"href":"https:\/\/chemuza.org\/pt\/wp-json\/wp\/v2\/pages\/1499","targetHints":{"allow":["GET"]}}],"collection":[{"href":"https:\/\/chemuza.org\/pt\/wp-json\/wp\/v2\/pages"}],"about":[{"href":"https:\/\/chemuza.org\/pt\/wp-json\/wp\/v2\/types\/page"}],"author":[{"embeddable":true,"href":"https:\/\/chemuza.org\/pt\/wp-json\/wp\/v2\/users\/1"}],"replies":[{"embeddable":true,"href":"https:\/\/chemuza.org\/pt\/wp-json\/wp\/v2\/comments?post=1499"}],"version-history":[{"count":0,"href":"https:\/\/chemuza.org\/pt\/wp-json\/wp\/v2\/pages\/1499\/revisions"}],"wp:attachment":[{"href":"https:\/\/chemuza.org\/pt\/wp-json\/wp\/v2\/media?parent=1499"}],"curies":[{"name":"wp","href":"https:\/\/api.w.org\/{rel}","templated":true}]}}