{"id":1498,"date":"2023-07-14T14:05:44","date_gmt":"2023-07-14T14:05:44","guid":{"rendered":"https:\/\/chemuza.org\/pt\/rodio\/"},"modified":"2023-07-14T14:05:44","modified_gmt":"2023-07-14T14:05:44","slug":"rodio","status":"publish","type":"page","link":"https:\/\/chemuza.org\/pt\/rodio\/","title":{"rendered":"Banhado a r\u00f3dio"},"content":{"rendered":"<p>Atualmente, \u00e9 considerado o metal mais caro do mundo porque, segundo a empresa qu\u00edmica Johnson, cada on\u00e7a chega a 8 mil d\u00f3lares. Por outro lado, \u00e9 um elemento muito raro, n\u00e3o se encontra na natureza no estado mais puro e as suas propriedades est\u00e3o ligadas \u00e0 Platina. Descubra neste artigo o R\u00f3dio, um dos elementos mais apreciados pelos seus benef\u00edcios.<\/p>\n<h2> <strong>O que \u00e9 r\u00f3dio?<\/strong><\/h2>\n<p> \u00c9 um metal de transi\u00e7\u00e3o nobre, muito resistente \u00e0 oxida\u00e7\u00e3o, bases fortes e \u00e1cidos. Possui tonalidade branco prateado, boa ductilidade, maleabilidade e in\u00e9rcia em condi\u00e7\u00f5es normais. Da mesma forma, geralmente \u00e9 um condutor t\u00e9rmico e el\u00e9trico, al\u00e9m de possuir alto ponto de fus\u00e3o e dureza mineral est\u00e1vel.<\/p>\n<h3> <strong>S\u00edmbolo banhado a r\u00f3dio<\/strong><\/h3>\n<p> <span class=\"content-chemical-element\" style=\"float: left;width: 65px;height: 65px;border: 3px solid #666; display:flex;\n    justify-content: center;align-items: center;margin-right: 15px;\"><span style=\"font-size: 38px;\">Rh<\/span><\/span> O nome vem da palavra grega <em>Rhodon<\/em> , tamb\u00e9m do latim <em>Rhodium<\/em> , que significa <em>rosa<\/em> . Recebe esse nome porque os compostos, sais ou solu\u00e7\u00f5es do elemento qu\u00edmico, ap\u00f3s dissolu\u00e7\u00e3o em \u00e1gua, apresentam colora\u00e7\u00e3o rosada.<\/p>\n<h2> <strong>Caracter\u00edsticas do r\u00f3dio<\/strong><\/h2>\n<p> Entre as caracter\u00edsticas do R\u00f3dio est\u00e3o a resist\u00eancia \u00e0 corros\u00e3o, \u00e0 oxida\u00e7\u00e3o, \u00e0 textura met\u00e1lica e \u00e0 insolubilidade com o \u00e1cido n\u00edtrico. Al\u00e9m disso, reflete toda a luz, \u00e9 inodoro, macio e d\u00factil. Da mesma forma, possui estrutura at\u00f4mica de 58 n\u00eautrons, 45 pr\u00f3tons e 45 el\u00e9trons, al\u00e9m de:<\/p>\n<ul>\n<li> <strong>Reatividade Qu\u00edmica<\/strong> : Pode reagir como \u00e1cido ou base. Em condi\u00e7\u00f5es normais, dificilmente oxida, mas a temperaturas superiores a 600\u00b0C reage com o oxig\u00e9nio e o fl\u00faor.<\/li>\n<li> <strong>Fus\u00e3o e ebuli\u00e7\u00e3o<\/strong> : Alto, pois seu ponto de fus\u00e3o \u00e9 superior ao do Cobalto.<\/li>\n<li> <strong>Cor<\/strong> : Tom esbranqui\u00e7ado prateado brilhante, seus compostos apresentam colora\u00e7\u00e3o rosa avermelhada e as solu\u00e7\u00f5es apresentam tons rosados.<\/li>\n<li> <strong>Condi\u00e7\u00e3o<\/strong> : S\u00f3lido a press\u00f5es e temperaturas normais.<\/li>\n<li> <strong>Densidade<\/strong> : \u00c0 temperatura ambiente \u00e9 de 12,41 g\/ml, mas uma vez derretido aumenta para 10,7 g\/ml.<\/li>\n<li> <strong>Mudan\u00e7as<\/strong> : Bissulfato de pot\u00e1ssio, \u00e1cido sulf\u00farico e Aqua Regia podem dissolv\u00ea-lo para formar uma solu\u00e7\u00e3o rosa.<\/li>\n<li> <strong>Ordem magn\u00e9tica<\/strong> : \u00c9 um elemento paramagn\u00e9tico.<\/li>\n<li> <strong>Maleabilidade<\/strong> : M\u00e9dia, pois racha sob golpes violentos.<\/li>\n<li> <strong>Ductilidade<\/strong> : Dentro do grupo Platinum, ocupa o terceiro lugar.<\/li>\n<li> <strong>Dureza<\/strong> : De acordo com a escala de Mohs, possui dureza 6.<\/li>\n<\/ul>\n<h2> <strong>Propriedades qu\u00edmicas e f\u00edsicas do R\u00f3dio<\/strong><\/h2>\n<ol>\n<li> <strong>N\u00famero at\u00f4mico<\/strong> : 45<\/li>\n<li> <strong>Eletronegatividade<\/strong> : 2,28<\/li>\n<li> <strong>Densidade (g\/ml)<\/strong> : 12450 kg\/m\u00b3<\/li>\n<li> <strong>Raio at\u00f4mico (\u00c5)<\/strong> : 134 pm<\/li>\n<li> <strong>Primeiro potencial de ioniza\u00e7\u00e3o (eV)<\/strong> : 719,7 kJ\/mol<\/li>\n<li> <strong>Entalpia de vaporiza\u00e7\u00e3o<\/strong> : 493 kJ\/mol<\/li>\n<li> <strong>El\u00e9trons por n\u00edvel<\/strong> : 2, 8, 18, 16, 1<\/li>\n<li> <strong>Ponto de ebuli\u00e7\u00e3o<\/strong> : 3695\u00b0 C (3968 K)<\/li>\n<li> <strong>Ponto de fus\u00e3o<\/strong> : 1964\u00b0C (2237 K)<\/li>\n<li> <strong>Massa at\u00f4mica (g\/mol)<\/strong> : 102,90550<\/li>\n<li> <strong>Velocidade do som<\/strong> : 4700 m\/s a 293,15 K<\/li>\n<li> <strong>Configura\u00e7\u00e3o eletr\u00f4nica<\/strong> : [Kr] 5s <sup>1<\/sup> 4d <sup>8<\/sup><\/li>\n<li> <strong>Raio covalente (\u00c5)<\/strong> : 142 pm<\/li>\n<li> <strong>\u00d3xido<\/strong> : Anfot\u00e9rico<\/li>\n<li> <strong>Calor espec\u00edfico<\/strong> : 242 J\/(K-kg)<\/li>\n<li> <strong>Entalpia de fus\u00e3o<\/strong> : 21,5 kJ\/mol<\/li>\n<li> <strong>Estados de oxida\u00e7\u00e3o<\/strong> : 6, 5, 4, 3, 2, 1, -1<\/li>\n<\/ol>\n<h2> <strong>Origem do R\u00f3dio<\/strong><\/h2>\n<p> Segundo a hist\u00f3ria do r\u00f3dio, o ingl\u00eas William H. Wollaston o descobriu em 1803, quando analisou um mineral de platina do Peru. Este qu\u00edmico observou sais avermelhados nos minerais que estudava e uma tonalidade emanando de um elemento desconhecido.<\/p>\n<p> A experi\u00eancia de Wollaston envolveu a imers\u00e3o do mineral Platina em uma mistura concentrada de \u00e1cidos n\u00edtrico e clor\u00eddrico, ou seja, \u00e1gua r\u00e9gia. Ele conseguiu assim neutralizar a acidez da mistura com NaOH. Finalmente, gra\u00e7as \u00e0s rea\u00e7\u00f5es de precipita\u00e7\u00e3o, consegue separar compostos met\u00e1licos. Na verdade, ele separou a platina em (NH <sub>4<\/sub> ) <sub>2<\/sub> [PtCl <sub>6<\/sub> ], depois adicionou NH <sub>4<\/sub> Cl e outros v\u00e1rios metais que reduziu usando zinco met\u00e1lico. Ele tenta dissolver os metais mais esponjosos com HNO <sub>3<\/sub> , obtendo assim dois novos metais, um dos quais \u00e9 identificado como R\u00f3dio.<\/p>\n<h2> <strong>Para que \u00e9 usado o R\u00f3dio?<\/strong><\/h2>\n<p> Um dos principais usos do r\u00f3dio \u00e9 como liga de platina e pal\u00e1dio que atua como agente endurecedor. Al\u00e9m disso, \u00e9 normalmente utilizado como catalisador durante processos de hidrogena\u00e7\u00e3o, pois produz cat\u00e1lise em hidrocarbonetos. Outras aplica\u00e7\u00f5es s\u00e3o:<\/p>\n<ul>\n<li> \u00c9 utilizado como galvaniza\u00e7\u00e3o para produtos que devem resistir ao desgaste e \u00e0s intemp\u00e9ries.<\/li>\n<li> \u00c9 utilizado na ind\u00fastria joalheira para revestir qualquer pe\u00e7a com ouro branco, denominado banho de r\u00f3dio.<\/li>\n<li> \u00c9 frequentemente usado para revestir diferentes tipos de espelhos, refletores, c\u00e2meras e sistemas de raios X.<\/li>\n<li> Utilizado na fabrica\u00e7\u00e3o de equipamentos eletr\u00f4nicos como material dur\u00e1vel e condutor.<\/li>\n<li> \u00c9 utilizado na fabrica\u00e7\u00e3o de turbinas, pe\u00e7as de fornos e outros elementos que devem ser submetidos a temperaturas constantes e elevadas.<\/li>\n<li> Fabrica\u00e7\u00e3o de pe\u00e7as para motores de aeronaves, velas e fibra de vidro.<\/li>\n<\/ul>\n<p> Concluindo, trata-se de um elemento qu\u00edmico nobre, d\u00factil, male\u00e1vel, resistente \u00e0 corros\u00e3o e inerte, que faz parte dos metais de transi\u00e7\u00e3o. Al\u00e9m disso, embora tenha tonalidade branco-prateada, seus compostos apresentam colora\u00e7\u00e3o rosada, da\u00ed seu nome. Sua aplica\u00e7\u00e3o mais conhecida \u00e9 a utiliza\u00e7\u00e3o de ourivesaria para revestir pe\u00e7as em ouro branco.<\/p>\n","protected":false},"excerpt":{"rendered":"<p>Atualmente, \u00e9 considerado o metal mais caro do mundo porque, segundo a empresa qu\u00edmica Johnson, cada on\u00e7a chega a 8 mil d\u00f3lares. Por outro lado, \u00e9 um elemento muito raro, n\u00e3o se encontra na natureza no estado mais puro e as suas propriedades est\u00e3o ligadas \u00e0 Platina. Descubra neste artigo o R\u00f3dio, um dos elementos &#8230; <a title=\"Banhado a r\u00f3dio\" class=\"read-more\" href=\"https:\/\/chemuza.org\/pt\/rodio\/\" aria-label=\"Mais em Banhado a r\u00f3dio\">Ler mais<\/a><\/p>\n","protected":false},"author":1,"featured_media":0,"parent":0,"menu_order":0,"comment_status":"closed","ping_status":"closed","template":"","meta":{"footnotes":""},"class_list":["post-1498","page","type-page","status-publish"],"yoast_head":"<!-- This site is optimized with the Yoast SEO plugin v21.4 - https:\/\/yoast.com\/wordpress\/plugins\/seo\/ -->\n<title>Banhado a r\u00f3dio - Chemuza<\/title>\n<meta name=\"robots\" content=\"index, follow, max-snippet:-1, max-image-preview:large, max-video-preview:-1\" \/>\n<link rel=\"canonical\" href=\"https:\/\/chemuza.org\/pt\/rodio\/\" \/>\n<meta property=\"og:locale\" content=\"pt_PT\" \/>\n<meta property=\"og:type\" content=\"article\" \/>\n<meta property=\"og:title\" content=\"Banhado a r\u00f3dio - Chemuza\" \/>\n<meta property=\"og:description\" content=\"Atualmente, \u00e9 considerado o metal mais caro do mundo porque, segundo a empresa qu\u00edmica Johnson, cada on\u00e7a chega a 8 mil d\u00f3lares. Por outro lado, \u00e9 um elemento muito raro, n\u00e3o se encontra na natureza no estado mais puro e as suas propriedades est\u00e3o ligadas \u00e0 Platina. Descubra neste artigo o R\u00f3dio, um dos elementos ... Ler mais\" \/>\n<meta property=\"og:url\" content=\"https:\/\/chemuza.org\/pt\/rodio\/\" \/>\n<meta property=\"og:site_name\" content=\"Statorials\" \/>\n<meta name=\"twitter:card\" content=\"summary_large_image\" \/>\n<meta name=\"twitter:label1\" content=\"Tempo estimado de leitura\" \/>\n\t<meta name=\"twitter:data1\" content=\"4 minutos\" \/>\n<script type=\"application\/ld+json\" class=\"yoast-schema-graph\">{\"@context\":\"https:\/\/schema.org\",\"@graph\":[{\"@type\":\"WebPage\",\"@id\":\"https:\/\/chemuza.org\/pt\/rodio\/\",\"url\":\"https:\/\/chemuza.org\/pt\/rodio\/\",\"name\":\"Banhado a r\u00f3dio - Chemuza\",\"isPartOf\":{\"@id\":\"https:\/\/chemuza.org\/pt\/#website\"},\"datePublished\":\"2023-07-14T14:05:44+00:00\",\"dateModified\":\"2023-07-14T14:05:44+00:00\",\"breadcrumb\":{\"@id\":\"https:\/\/chemuza.org\/pt\/rodio\/#breadcrumb\"},\"inLanguage\":\"pt-PT\",\"potentialAction\":[{\"@type\":\"ReadAction\",\"target\":[\"https:\/\/chemuza.org\/pt\/rodio\/\"]}]},{\"@type\":\"BreadcrumbList\",\"@id\":\"https:\/\/chemuza.org\/pt\/rodio\/#breadcrumb\",\"itemListElement\":[{\"@type\":\"ListItem\",\"position\":1,\"name\":\"Lar\",\"item\":\"https:\/\/chemuza.org\/pt\/\"},{\"@type\":\"ListItem\",\"position\":2,\"name\":\"Banhado a r\u00f3dio\"}]},{\"@type\":\"WebSite\",\"@id\":\"https:\/\/chemuza.org\/pt\/#website\",\"url\":\"https:\/\/chemuza.org\/pt\/\",\"name\":\"Chemuza\",\"description\":\"Sua porta de entrada para a descoberta qu\u00edmica!\",\"publisher\":{\"@id\":\"https:\/\/chemuza.org\/pt\/#organization\"},\"potentialAction\":[{\"@type\":\"SearchAction\",\"target\":{\"@type\":\"EntryPoint\",\"urlTemplate\":\"https:\/\/chemuza.org\/pt\/?s={search_term_string}\"},\"query-input\":\"required name=search_term_string\"}],\"inLanguage\":\"pt-PT\"},{\"@type\":\"Organization\",\"@id\":\"https:\/\/chemuza.org\/pt\/#organization\",\"name\":\"Chemuza\",\"url\":\"https:\/\/chemuza.org\/pt\/\",\"logo\":{\"@type\":\"ImageObject\",\"inLanguage\":\"pt-PT\",\"@id\":\"https:\/\/chemuza.org\/pt\/#\/schema\/logo\/image\/\",\"url\":\"https:\/\/chemuza.org\/pt\/wp-content\/uploads\/2023\/10\/chemuza-logo.png\",\"contentUrl\":\"https:\/\/chemuza.org\/pt\/wp-content\/uploads\/2023\/10\/chemuza-logo.png\",\"width\":387,\"height\":70,\"caption\":\"Chemuza\"},\"image\":{\"@id\":\"https:\/\/chemuza.org\/pt\/#\/schema\/logo\/image\/\"}}]}<\/script>\n<!-- \/ Yoast SEO plugin. -->","yoast_head_json":{"title":"Banhado a r\u00f3dio - Chemuza","robots":{"index":"index","follow":"follow","max-snippet":"max-snippet:-1","max-image-preview":"max-image-preview:large","max-video-preview":"max-video-preview:-1"},"canonical":"https:\/\/chemuza.org\/pt\/rodio\/","og_locale":"pt_PT","og_type":"article","og_title":"Banhado a r\u00f3dio - Chemuza","og_description":"Atualmente, \u00e9 considerado o metal mais caro do mundo porque, segundo a empresa qu\u00edmica Johnson, cada on\u00e7a chega a 8 mil d\u00f3lares. Por outro lado, \u00e9 um elemento muito raro, n\u00e3o se encontra na natureza no estado mais puro e as suas propriedades est\u00e3o ligadas \u00e0 Platina. Descubra neste artigo o R\u00f3dio, um dos elementos ... Ler mais","og_url":"https:\/\/chemuza.org\/pt\/rodio\/","og_site_name":"Statorials","twitter_card":"summary_large_image","twitter_misc":{"Tempo estimado de leitura":"4 minutos"},"schema":{"@context":"https:\/\/schema.org","@graph":[{"@type":"WebPage","@id":"https:\/\/chemuza.org\/pt\/rodio\/","url":"https:\/\/chemuza.org\/pt\/rodio\/","name":"Banhado a r\u00f3dio - Chemuza","isPartOf":{"@id":"https:\/\/chemuza.org\/pt\/#website"},"datePublished":"2023-07-14T14:05:44+00:00","dateModified":"2023-07-14T14:05:44+00:00","breadcrumb":{"@id":"https:\/\/chemuza.org\/pt\/rodio\/#breadcrumb"},"inLanguage":"pt-PT","potentialAction":[{"@type":"ReadAction","target":["https:\/\/chemuza.org\/pt\/rodio\/"]}]},{"@type":"BreadcrumbList","@id":"https:\/\/chemuza.org\/pt\/rodio\/#breadcrumb","itemListElement":[{"@type":"ListItem","position":1,"name":"Lar","item":"https:\/\/chemuza.org\/pt\/"},{"@type":"ListItem","position":2,"name":"Banhado a r\u00f3dio"}]},{"@type":"WebSite","@id":"https:\/\/chemuza.org\/pt\/#website","url":"https:\/\/chemuza.org\/pt\/","name":"Chemuza","description":"Sua porta de entrada para a descoberta qu\u00edmica!","publisher":{"@id":"https:\/\/chemuza.org\/pt\/#organization"},"potentialAction":[{"@type":"SearchAction","target":{"@type":"EntryPoint","urlTemplate":"https:\/\/chemuza.org\/pt\/?s={search_term_string}"},"query-input":"required name=search_term_string"}],"inLanguage":"pt-PT"},{"@type":"Organization","@id":"https:\/\/chemuza.org\/pt\/#organization","name":"Chemuza","url":"https:\/\/chemuza.org\/pt\/","logo":{"@type":"ImageObject","inLanguage":"pt-PT","@id":"https:\/\/chemuza.org\/pt\/#\/schema\/logo\/image\/","url":"https:\/\/chemuza.org\/pt\/wp-content\/uploads\/2023\/10\/chemuza-logo.png","contentUrl":"https:\/\/chemuza.org\/pt\/wp-content\/uploads\/2023\/10\/chemuza-logo.png","width":387,"height":70,"caption":"Chemuza"},"image":{"@id":"https:\/\/chemuza.org\/pt\/#\/schema\/logo\/image\/"}}]}},"yoast_meta":{"yoast_wpseo_title":"","yoast_wpseo_metadesc":"","yoast_wpseo_canonical":""},"_links":{"self":[{"href":"https:\/\/chemuza.org\/pt\/wp-json\/wp\/v2\/pages\/1498","targetHints":{"allow":["GET"]}}],"collection":[{"href":"https:\/\/chemuza.org\/pt\/wp-json\/wp\/v2\/pages"}],"about":[{"href":"https:\/\/chemuza.org\/pt\/wp-json\/wp\/v2\/types\/page"}],"author":[{"embeddable":true,"href":"https:\/\/chemuza.org\/pt\/wp-json\/wp\/v2\/users\/1"}],"replies":[{"embeddable":true,"href":"https:\/\/chemuza.org\/pt\/wp-json\/wp\/v2\/comments?post=1498"}],"version-history":[{"count":0,"href":"https:\/\/chemuza.org\/pt\/wp-json\/wp\/v2\/pages\/1498\/revisions"}],"wp:attachment":[{"href":"https:\/\/chemuza.org\/pt\/wp-json\/wp\/v2\/media?parent=1498"}],"curies":[{"name":"wp","href":"https:\/\/api.w.org\/{rel}","templated":true}]}}