{"id":1497,"date":"2023-07-14T14:44:08","date_gmt":"2023-07-14T14:44:08","guid":{"rendered":"https:\/\/chemuza.org\/pt\/molibdenio\/"},"modified":"2023-07-14T14:44:08","modified_gmt":"2023-07-14T14:44:08","slug":"molibdenio","status":"publish","type":"page","link":"https:\/\/chemuza.org\/pt\/molibdenio\/","title":{"rendered":"Molibd\u00eanio"},"content":{"rendered":"<p>Como elemento qu\u00edmico de transi\u00e7\u00e3o, \u00e9 \u00fanico no reconhecimento do seu importante papel para os seres vivos. Al\u00e9m disso, \u00e9 normalmente utilizado para ligas, trabalhos estruturais, nas ind\u00fastrias automobil\u00edstica e aeron\u00e1utica. Descubra o que \u00e9 o Molibd\u00eanio, quais s\u00e3o suas propriedades e suas aplica\u00e7\u00f5es gerais.<\/p>\n<h2> <strong>O que \u00e9 molibd\u00eanio?<\/strong><\/h2>\n<p> \u00c9 um elemento qu\u00edmico que faz parte da s\u00e9rie dos metais de transi\u00e7\u00e3o. Possui cor prateada, caracter\u00edsticas qu\u00edmicas semelhantes ao Cromo, dureza e alto n\u00edvel de energia. Al\u00e9m disso, possui propriedades magn\u00e9ticas, boa condutividade e resist\u00eancia \u00e0 corros\u00e3o. \u00c9 um metal muito abundante no planeta Terra, por\u00e9m nunca \u00e9 encontrado em seu estado puro.<\/p>\n<h3> <strong>S\u00edmbolo de molibd\u00eanio<\/strong><\/h3>\n<p> <span class=\"content-chemical-element\" style=\"float: left;width: 65px;height: 65px;border: 3px solid #666; display:flex;\n    justify-content: center;align-items: center;margin-right: 15px;\"><span style=\"font-size: 38px;\">Mo<\/span><\/span> Da palavra latina <em>molybdaena<\/em> , termo para minerais compostos de chumbo. Por sua vez, esta express\u00e3o vem do grego <em>molybdaina<\/em> , que deriva da palavra <em>molybdos<\/em> que significa, <em>como chumbo<\/em> . Recebe esta etimologia porque na antiguidade os minerais que continham o elemento Molibd\u00eanio eram confundidos com minerais de prumo.<\/p>\n<h2> <strong>Caracter\u00edsticas do molibd\u00eanio<\/strong><\/h2>\n<p> Apresenta boa durabilidade, maleabilidade, resist\u00eancia \u00e0 tra\u00e7\u00e3o, alta energia de liga\u00e7\u00e3o, al\u00e9m de excelente condu\u00e7\u00e3o t\u00e9rmica e el\u00e9trica. Considerado um metal refrat\u00e1rio, pois seu ponto de fus\u00e3o \u00e9 superior ao da platina. Por outro lado, possui 54 n\u00eautrons, 42 pr\u00f3tons e 42 el\u00e9trons. Veja outras caracter\u00edsticas do item:<\/p>\n<ul>\n<li> <strong>Reatividade qu\u00edmica<\/strong> : N\u00e3o reage com \u00e1gua ou oxig\u00eanio a 20\u00b0C e forma liga\u00e7\u00f5es qu\u00e1druplas.<\/li>\n<li> <strong>Fus\u00e3o<\/strong> : Possui o sexto ponto de fus\u00e3o mais alto entre todos os elementos qu\u00edmicos.<\/li>\n<li> <strong>Estado<\/strong> : Na natureza \u00e9 encontrado no estado s\u00f3lido.<\/li>\n<li> <strong>Estrutura cristalina<\/strong> : \u00c0 press\u00e3o atmosf\u00e9rica, seus \u00e1tomos adquirem um sistema cristalino c\u00fabico centrado, mas em press\u00f5es mais altas ele se compacta em estruturas mais densas.<\/li>\n<li> <strong>Caracter\u00edsticas organol\u00e9pticas<\/strong> : Apresenta cor prateada-esbranqui\u00e7ada acinzentada, textura lisa e inodora.<\/li>\n<li> <strong>Temperatura<\/strong> : Resiste a altas temperaturas e possui baixa press\u00e3o de vapor.<\/li>\n<li> <strong>Oxida\u00e7\u00e3o<\/strong> : N\u00e3o oxida \u00e0 temperatura ambiente, mas o faz rapidamente em temperaturas acima de 600\u00baC.<\/li>\n<li> <strong>Solubilidade em \u00e1gua<\/strong> : Possui baixa solubilidade em \u00e1gua embora seu \u00edon MoO <sub>4<\/sub> <sup>-2<\/sup> seja sol\u00favel.<\/li>\n<li> <strong>Resist\u00eancia \u00e0 corros\u00e3o<\/strong> : \u00c0 temperatura ambiente e at\u00e9 400\u00b0 C, consegue manter sua composi\u00e7\u00e3o est\u00e1vel e resiste ao \u00e1cido clor\u00eddrico.<\/li>\n<li> <strong>Volume<\/strong> : Apresenta dilata\u00e7\u00e3o t\u00e9rmica ou dilata\u00e7\u00e3o com coeficiente inferior a 5,04 x 10-6 (1\/K).<\/li>\n<\/ul>\n<h2> <strong>Propriedades qu\u00edmicas e f\u00edsicas do molibd\u00eanio<\/strong><\/h2>\n<ol>\n<li> <strong>N\u00famero at\u00f4mico<\/strong> : 42<\/li>\n<li> <strong>Densidade (g\/ml)<\/strong> : 10280 kg\/m\u00b3<\/li>\n<li> <strong>Raio covalente (\u00c5)<\/strong> : 154 pm<\/li>\n<li> <strong>Entalpia de fus\u00e3o<\/strong> : 32 kJ\/mol<\/li>\n<li> <strong>Eletronegatividade<\/strong> : 2,16<\/li>\n<li> <strong>Calor espec\u00edfico<\/strong> : 250 J\/(K-kg)<\/li>\n<li> <strong>Massa at\u00f4mica (g\/mol)<\/strong> : 95,94<\/li>\n<li> <strong>Dureza<\/strong> : 5,5 (escala de Mohs)<\/li>\n<li> <strong>Ponto de ebuli\u00e7\u00e3o<\/strong> : 4639\u00b0C (4912K)<\/li>\n<li> <strong>Ferrugem<\/strong> :<strong> <\/strong>\u00e1cido forte<\/li>\n<li> <strong>Raio at\u00f4mico (\u00c5)<\/strong> : 190 pm<\/li>\n<li> <strong>Ponto de fus\u00e3o<\/strong> : 2623\u00b0C (2896K)<\/li>\n<li> <strong>Configura\u00e7\u00e3o eletr\u00f4nica<\/strong> : [Kr]4d <sup>5<\/sup> 5s <sup>1<\/sup><\/li>\n<li> <strong>Estados de oxida\u00e7\u00e3o<\/strong> : 2, 3, 4, 5, 6<\/li>\n<li> <strong>Entalpia de vaporiza\u00e7\u00e3o<\/strong> : 598 kJ\/mol<\/li>\n<li> <strong>Primeiro potencial de ioniza\u00e7\u00e3o (eV)<\/strong> : 684,3 kJ\/mol<\/li>\n<li> <strong>El\u00e9trons por n\u00edvel<\/strong> : 2, 8, 18, 13, 1<\/li>\n<\/ol>\n<h2> <strong>Origem do molibd\u00eanio<\/strong><\/h2>\n<p> \u00c9 atribu\u00eddo ao qu\u00edmico sueco Carl Wilhelm Scheele em 1778, quando fez reagir o mineral Molibdenita com \u00e1cido n\u00edtrico at\u00e9 obter uma mistura de propriedades \u00e1cidas. O composto resultante foi designado <em>acidum<\/em> <em>molybdenae<\/em> , porque at\u00e9 o s\u00e9culo XVIII o elemento era encontrado apenas entre o carv\u00e3o ou o chumbo.<\/p>\n<p> Ent\u00e3o, quatro anos ap\u00f3s a sua descoberta, em 1782, o qu\u00edmico Peter Jacob Hjelm dedicou-se a isol\u00e1-lo reduzindo o composto anterior com Carbono. No entanto, as propriedades do molibd\u00eanio tiveram maior utiliza\u00e7\u00e3o comercial e industrial a partir do s\u00e9culo XIX, por exemplo como agente isolante.<\/p>\n<h2> <strong>Para que \u00e9 usado o Molibd\u00eanio?<\/strong><\/h2>\n<p> Sua aplica\u00e7\u00e3o \u00e9 comum na fabrica\u00e7\u00e3o de cabos el\u00e9tricos, gra\u00e7as \u00e0 sua alta resist\u00eancia, perfeita condutividade e propriedades mec\u00e2nicas. Da mesma forma, a ind\u00fastria petrol\u00edfera aproveita seus compostos para utiliz\u00e1-los como catalisadores de determinados processos. Conhe\u00e7a outros usos deste metal:<\/p>\n<ul>\n<li> Uma das principais fun\u00e7\u00f5es do molibd\u00eanio est\u00e1 em suas ligas, que s\u00e3o utilizadas na constru\u00e7\u00e3o de pe\u00e7as mec\u00e2nicas e resistem \u00e0 passagem do tempo em atividades de desgaste ou ambientes corrosivos.<\/li>\n<li> \u00c9 utilizado na ind\u00fastria automobil\u00edstica na fabrica\u00e7\u00e3o de pe\u00e7as de motores.<\/li>\n<li> Na constru\u00e7\u00e3o civil como aditivo ao concreto para resistir aos efeitos do enxofre.<\/li>\n<li> \u00c9 utilizado para criar pigmentos na fabrica\u00e7\u00e3o de corantes, tintas, corantes e compostos de borracha.<\/li>\n<li> O dissulfeto de molibd\u00eanio \u00e9 usado como lubrificante para motores.<\/li>\n<li> As ligas utilizadas para fazer o a\u00e7o inoxid\u00e1vel utilizam cerca de 6% do elemento.<\/li>\n<\/ul>\n<h2> <strong>Compostos de molibd\u00eanio<\/strong><\/h2>\n<p> Os principais compostos que formam este elemento qu\u00edmico s\u00e3o sulfetos, \u00f3xidos e complexos. Dentre eles, os mais utilizados s\u00e3o o \u00f3xido de molibd\u00eanio (VI), o dissulfeto de molibd\u00eanio e o tri\u00f3xido de molibd\u00eanio. Da mesma forma, carboneto de molibd\u00eanio e cloreto de molibd\u00eanio (II).<\/p>\n<p> Concluindo, o Molibd\u00eanio pertence aos metais de transi\u00e7\u00e3o e \u00e9 caracterizado por sua cor cinza prateada, sua dureza, sua resist\u00eancia \u00e0 corros\u00e3o, sua condu\u00e7\u00e3o t\u00e9rmica e el\u00e9trica. Al\u00e9m disso, possui boa maleabilidade, dif\u00edcil oxida\u00e7\u00e3o e solubilidade em \u00e1gua.<\/p>\n","protected":false},"excerpt":{"rendered":"<p>Como elemento qu\u00edmico de transi\u00e7\u00e3o, \u00e9 \u00fanico no reconhecimento do seu importante papel para os seres vivos. Al\u00e9m disso, \u00e9 normalmente utilizado para ligas, trabalhos estruturais, nas ind\u00fastrias automobil\u00edstica e aeron\u00e1utica. Descubra o que \u00e9 o Molibd\u00eanio, quais s\u00e3o suas propriedades e suas aplica\u00e7\u00f5es gerais. O que \u00e9 molibd\u00eanio? \u00c9 um elemento qu\u00edmico que faz &#8230; <a title=\"Molibd\u00eanio\" class=\"read-more\" href=\"https:\/\/chemuza.org\/pt\/molibdenio\/\" aria-label=\"Mais em Molibd\u00eanio\">Ler mais<\/a><\/p>\n","protected":false},"author":1,"featured_media":0,"parent":0,"menu_order":0,"comment_status":"closed","ping_status":"closed","template":"","meta":{"footnotes":""},"class_list":["post-1497","page","type-page","status-publish"],"yoast_head":"<!-- This site is optimized with the Yoast SEO plugin v21.4 - https:\/\/yoast.com\/wordpress\/plugins\/seo\/ -->\n<title>Molibd\u00eanio - Chemuza<\/title>\n<meta name=\"robots\" content=\"index, follow, max-snippet:-1, max-image-preview:large, max-video-preview:-1\" \/>\n<link rel=\"canonical\" href=\"https:\/\/chemuza.org\/pt\/molibdenio\/\" \/>\n<meta property=\"og:locale\" content=\"pt_PT\" \/>\n<meta property=\"og:type\" content=\"article\" \/>\n<meta property=\"og:title\" content=\"Molibd\u00eanio - Chemuza\" \/>\n<meta property=\"og:description\" content=\"Como elemento qu\u00edmico de transi\u00e7\u00e3o, \u00e9 \u00fanico no reconhecimento do seu importante papel para os seres vivos. Al\u00e9m disso, \u00e9 normalmente utilizado para ligas, trabalhos estruturais, nas ind\u00fastrias automobil\u00edstica e aeron\u00e1utica. Descubra o que \u00e9 o Molibd\u00eanio, quais s\u00e3o suas propriedades e suas aplica\u00e7\u00f5es gerais. O que \u00e9 molibd\u00eanio? \u00c9 um elemento qu\u00edmico que faz ... Ler mais\" \/>\n<meta property=\"og:url\" content=\"https:\/\/chemuza.org\/pt\/molibdenio\/\" \/>\n<meta property=\"og:site_name\" content=\"Statorials\" \/>\n<meta name=\"twitter:card\" content=\"summary_large_image\" \/>\n<meta name=\"twitter:label1\" content=\"Tempo estimado de leitura\" \/>\n\t<meta name=\"twitter:data1\" content=\"4 minutos\" \/>\n<script type=\"application\/ld+json\" class=\"yoast-schema-graph\">{\"@context\":\"https:\/\/schema.org\",\"@graph\":[{\"@type\":\"WebPage\",\"@id\":\"https:\/\/chemuza.org\/pt\/molibdenio\/\",\"url\":\"https:\/\/chemuza.org\/pt\/molibdenio\/\",\"name\":\"Molibd\u00eanio - Chemuza\",\"isPartOf\":{\"@id\":\"https:\/\/chemuza.org\/pt\/#website\"},\"datePublished\":\"2023-07-14T14:44:08+00:00\",\"dateModified\":\"2023-07-14T14:44:08+00:00\",\"breadcrumb\":{\"@id\":\"https:\/\/chemuza.org\/pt\/molibdenio\/#breadcrumb\"},\"inLanguage\":\"pt-PT\",\"potentialAction\":[{\"@type\":\"ReadAction\",\"target\":[\"https:\/\/chemuza.org\/pt\/molibdenio\/\"]}]},{\"@type\":\"BreadcrumbList\",\"@id\":\"https:\/\/chemuza.org\/pt\/molibdenio\/#breadcrumb\",\"itemListElement\":[{\"@type\":\"ListItem\",\"position\":1,\"name\":\"Lar\",\"item\":\"https:\/\/chemuza.org\/pt\/\"},{\"@type\":\"ListItem\",\"position\":2,\"name\":\"Molibd\u00eanio\"}]},{\"@type\":\"WebSite\",\"@id\":\"https:\/\/chemuza.org\/pt\/#website\",\"url\":\"https:\/\/chemuza.org\/pt\/\",\"name\":\"Chemuza\",\"description\":\"Sua porta de entrada para a descoberta qu\u00edmica!\",\"publisher\":{\"@id\":\"https:\/\/chemuza.org\/pt\/#organization\"},\"potentialAction\":[{\"@type\":\"SearchAction\",\"target\":{\"@type\":\"EntryPoint\",\"urlTemplate\":\"https:\/\/chemuza.org\/pt\/?s={search_term_string}\"},\"query-input\":\"required name=search_term_string\"}],\"inLanguage\":\"pt-PT\"},{\"@type\":\"Organization\",\"@id\":\"https:\/\/chemuza.org\/pt\/#organization\",\"name\":\"Chemuza\",\"url\":\"https:\/\/chemuza.org\/pt\/\",\"logo\":{\"@type\":\"ImageObject\",\"inLanguage\":\"pt-PT\",\"@id\":\"https:\/\/chemuza.org\/pt\/#\/schema\/logo\/image\/\",\"url\":\"https:\/\/chemuza.org\/pt\/wp-content\/uploads\/2023\/10\/chemuza-logo.png\",\"contentUrl\":\"https:\/\/chemuza.org\/pt\/wp-content\/uploads\/2023\/10\/chemuza-logo.png\",\"width\":387,\"height\":70,\"caption\":\"Chemuza\"},\"image\":{\"@id\":\"https:\/\/chemuza.org\/pt\/#\/schema\/logo\/image\/\"}}]}<\/script>\n<!-- \/ Yoast SEO plugin. -->","yoast_head_json":{"title":"Molibd\u00eanio - Chemuza","robots":{"index":"index","follow":"follow","max-snippet":"max-snippet:-1","max-image-preview":"max-image-preview:large","max-video-preview":"max-video-preview:-1"},"canonical":"https:\/\/chemuza.org\/pt\/molibdenio\/","og_locale":"pt_PT","og_type":"article","og_title":"Molibd\u00eanio - Chemuza","og_description":"Como elemento qu\u00edmico de transi\u00e7\u00e3o, \u00e9 \u00fanico no reconhecimento do seu importante papel para os seres vivos. Al\u00e9m disso, \u00e9 normalmente utilizado para ligas, trabalhos estruturais, nas ind\u00fastrias automobil\u00edstica e aeron\u00e1utica. Descubra o que \u00e9 o Molibd\u00eanio, quais s\u00e3o suas propriedades e suas aplica\u00e7\u00f5es gerais. O que \u00e9 molibd\u00eanio? \u00c9 um elemento qu\u00edmico que faz ... Ler mais","og_url":"https:\/\/chemuza.org\/pt\/molibdenio\/","og_site_name":"Statorials","twitter_card":"summary_large_image","twitter_misc":{"Tempo estimado de leitura":"4 minutos"},"schema":{"@context":"https:\/\/schema.org","@graph":[{"@type":"WebPage","@id":"https:\/\/chemuza.org\/pt\/molibdenio\/","url":"https:\/\/chemuza.org\/pt\/molibdenio\/","name":"Molibd\u00eanio - Chemuza","isPartOf":{"@id":"https:\/\/chemuza.org\/pt\/#website"},"datePublished":"2023-07-14T14:44:08+00:00","dateModified":"2023-07-14T14:44:08+00:00","breadcrumb":{"@id":"https:\/\/chemuza.org\/pt\/molibdenio\/#breadcrumb"},"inLanguage":"pt-PT","potentialAction":[{"@type":"ReadAction","target":["https:\/\/chemuza.org\/pt\/molibdenio\/"]}]},{"@type":"BreadcrumbList","@id":"https:\/\/chemuza.org\/pt\/molibdenio\/#breadcrumb","itemListElement":[{"@type":"ListItem","position":1,"name":"Lar","item":"https:\/\/chemuza.org\/pt\/"},{"@type":"ListItem","position":2,"name":"Molibd\u00eanio"}]},{"@type":"WebSite","@id":"https:\/\/chemuza.org\/pt\/#website","url":"https:\/\/chemuza.org\/pt\/","name":"Chemuza","description":"Sua porta de entrada para a descoberta qu\u00edmica!","publisher":{"@id":"https:\/\/chemuza.org\/pt\/#organization"},"potentialAction":[{"@type":"SearchAction","target":{"@type":"EntryPoint","urlTemplate":"https:\/\/chemuza.org\/pt\/?s={search_term_string}"},"query-input":"required name=search_term_string"}],"inLanguage":"pt-PT"},{"@type":"Organization","@id":"https:\/\/chemuza.org\/pt\/#organization","name":"Chemuza","url":"https:\/\/chemuza.org\/pt\/","logo":{"@type":"ImageObject","inLanguage":"pt-PT","@id":"https:\/\/chemuza.org\/pt\/#\/schema\/logo\/image\/","url":"https:\/\/chemuza.org\/pt\/wp-content\/uploads\/2023\/10\/chemuza-logo.png","contentUrl":"https:\/\/chemuza.org\/pt\/wp-content\/uploads\/2023\/10\/chemuza-logo.png","width":387,"height":70,"caption":"Chemuza"},"image":{"@id":"https:\/\/chemuza.org\/pt\/#\/schema\/logo\/image\/"}}]}},"yoast_meta":{"yoast_wpseo_title":"","yoast_wpseo_metadesc":"","yoast_wpseo_canonical":""},"_links":{"self":[{"href":"https:\/\/chemuza.org\/pt\/wp-json\/wp\/v2\/pages\/1497","targetHints":{"allow":["GET"]}}],"collection":[{"href":"https:\/\/chemuza.org\/pt\/wp-json\/wp\/v2\/pages"}],"about":[{"href":"https:\/\/chemuza.org\/pt\/wp-json\/wp\/v2\/types\/page"}],"author":[{"embeddable":true,"href":"https:\/\/chemuza.org\/pt\/wp-json\/wp\/v2\/users\/1"}],"replies":[{"embeddable":true,"href":"https:\/\/chemuza.org\/pt\/wp-json\/wp\/v2\/comments?post=1497"}],"version-history":[{"count":0,"href":"https:\/\/chemuza.org\/pt\/wp-json\/wp\/v2\/pages\/1497\/revisions"}],"wp:attachment":[{"href":"https:\/\/chemuza.org\/pt\/wp-json\/wp\/v2\/media?parent=1497"}],"curies":[{"name":"wp","href":"https:\/\/api.w.org\/{rel}","templated":true}]}}