{"id":1496,"date":"2023-07-14T15:02:53","date_gmt":"2023-07-14T15:02:53","guid":{"rendered":"https:\/\/chemuza.org\/pt\/zirconio\/"},"modified":"2023-07-14T15:02:53","modified_gmt":"2023-07-14T15:02:53","slug":"zirconio","status":"publish","type":"page","link":"https:\/\/chemuza.org\/pt\/zirconio\/","title":{"rendered":"Zirc\u00f4nio"},"content":{"rendered":"<p>O zirc\u00f4nio \u00e9 um metal encontrado em rochas siliciosas como o granito, tamb\u00e9m foi detectado em meteoritos, no Sol e em algumas estrelas do tipo S. Al\u00e9m disso, est\u00e1 dispon\u00edvel em cerca de 140 minerais, como Eudialita, Baddeleyita e Kosnarita. Ent\u00e3o descubra sua origem, suas caracter\u00edsticas e seu uso atual.<\/p>\n<h2> <strong>O que \u00e9 Zirc\u00f4nio?<\/strong><\/h2>\n<p> \u00c9 um metal de transi\u00e7\u00e3o branco-acinzentado, brilhante, resistente \u00e0 corros\u00e3o, duro e de apar\u00eancia semelhante ao a\u00e7o. Na tabela peri\u00f3dica, voc\u00ea o ver\u00e1 acima do H\u00e1fnio e abaixo do Tit\u00e2nio. Possui 4 is\u00f3topos est\u00e1veis e 1 radiois\u00f3topo de meia-vida longa. Devido \u00e0 sua natureza pirof\u00f3rica, pode facilmente pegar fogo. No entanto, n\u00e3o \u00e9 t\u00f3xico e n\u00e3o \u00e9 considerado prejudicial ao meio ambiente.<\/p>\n<h3> <strong>S\u00edmbolo de zirc\u00f4nio<\/strong><\/h3>\n<p> O tipo <span class=\"content-chemical-element\" style=\"float: left;width: 65px;height: 65px;border: 3px solid #666; display:flex;\n    justify-content: center;align-items: center;margin-right: 15px;\"><span style=\"font-size: 38px;\">Zr<\/span><\/span> met\u00e1lico pertence ao grupo 4, com n\u00famero at\u00f4mico 40 e peso at\u00f4mico 91,224. Seus compostos mais comuns s\u00e3o carboneto de zirc\u00f4nio, \u00f3xido de zirc\u00f4nio, cloreto de zirc\u00f4nio, zirc\u00e3o e iodeto de zirc\u00f4nio.<\/p>\n<h2> <strong>Caracter\u00edsticas do zirc\u00f4nio<\/strong><\/h2>\n<p> Este metal de transi\u00e7\u00e3o forma uma camada de \u00f3xido fina, compacta e inerte. Resiste \u00e0 corros\u00e3o por \u00e1cidos, \u00e1lcalis e \u00e1gua salgada, entre outros. Ligas com Zinco tornam-se magn\u00e9ticas abaixo de 35 K. Saiba mais sobre suas particularidades:<\/p>\n<ul>\n<li> <strong>Reatividade qu\u00edmica<\/strong> : \u00c9 muito reativo em altas temperaturas.<\/li>\n<\/ul>\n<ul>\n<li> <strong>Maleabilidade<\/strong> : \u00c9 d\u00factil e trabalh\u00e1vel, por isso \u00e9 f\u00e1cil de forjar e rolar.<\/li>\n<li> <strong>Condutividade el\u00e9trica:<\/strong> \u00c9 raro, pois chega apenas a 4%, mas \u00e9 um bom condutor t\u00e9rmico.<\/li>\n<li> <strong>Pontos de fus\u00e3o e ebuli\u00e7\u00e3o<\/strong> : S\u00e3o ligeiramente superiores aos do Tit\u00e2nio.<\/li>\n<li> <strong>Mudan\u00e7as<\/strong> : Em baixas temperaturas sua estrutura \u00e9 hexagonal compacta.<\/li>\n<li> <strong>Condi\u00e7\u00e3o<\/strong> : S\u00f3lido.<\/li>\n<\/ul>\n<h2> <strong>Propriedades qu\u00edmicas e f\u00edsicas do Zirc\u00f4nio<\/strong><\/h2>\n<ol>\n<li> <strong>N\u00famero at\u00f4mico<\/strong> : 40<\/li>\n<li> <strong>Raio covalente (\u00c5):<\/strong> 148 pm<\/li>\n<li> <strong>Raio m\u00e9dio:<\/strong> 155h<\/li>\n<li> <strong>Raio at\u00f4mico:<\/strong> 206 pm<\/li>\n<li> <strong>Eletronegatividade:<\/strong> 1,33<\/li>\n<li> <strong>Densidade:<\/strong> 6,501 g\/ <sup>cm3<\/sup><\/li>\n<li> <strong>Entalpia de fus\u00e3o:<\/strong> 16,9 Kj\/mol<\/li>\n<li> <strong>Ponto de fus\u00e3o:<\/strong> 2128K<\/li>\n<li> <strong>Configura\u00e7\u00e3o eletr\u00f4nica:<\/strong> [Kr36] 4d <sup>2<\/sup> 5s <sup>2<\/sup><\/li>\n<li> <strong>Estrutura cristalina:<\/strong> hexagonal<\/li>\n<li> <strong>Condutividade el\u00e9trica:<\/strong> 2,36 10 <sup>6<\/sup> S\/m<\/li>\n<li> <strong>Entalpia de vaporiza\u00e7\u00e3o:<\/strong> 58,2 kJ\/mol<\/li>\n<li> <strong>Ponto de ebuli\u00e7\u00e3o:<\/strong> 4644K<\/li>\n<li> <strong>Velocidade do som:<\/strong> 3800 m\/s a 293,15 K<\/li>\n<li> <strong>Press\u00e3o de vapor:<\/strong> 0,00168 Pa a 2125 K<\/li>\n<\/ol>\n<h2> <strong>Origem do Zirc\u00f4nio<\/strong><\/h2>\n<p> O nome Zirc\u00f4nio vem da palavra persa zarg\u00fan, que significa cor dourada. \u00c9 extra\u00eddo de uma pedra chamada zirc\u00e3o ou, como tamb\u00e9m \u00e9 chamada, jacinto ou jerg\u00f3n. Foi descoberto em 1789 pelo qu\u00edmico alem\u00e3o Martin Heinrich Klaproth a partir de duas pedras conhecidas na Antiguidade chamadas Zirc\u00e3o e Baddeleyita. A descoberta ocorreu durante o exame de uma jarra do Ceil\u00e3o, no Oceano \u00cdndico, e o novo elemento foi batizado de Zirc\u00f4nia.<\/p>\n<p> Mais tarde, em 1824, um qu\u00edmico sueco chamado Jons Jakov Berzelius come\u00e7ou a isol\u00e1-lo em estado impuro com fluoreto de pot\u00e1ssio reduzido e zirc\u00f4nio. Ent\u00e3o ele misturou fluoreto de pot\u00e1ssio, zirc\u00f4nio e pot\u00e1ssio e os aqueceu em um tubo de ferro. Ap\u00f3s tratamento com \u00e1gua, secagem e aquecimento em \u00e1cido clor\u00eddrico dilu\u00eddo, obteve-se um p\u00f3 semelhante ao carv\u00e3o.<\/p>\n<h2> <strong>Para que \u00e9 usado o Zirc\u00f4nio?<\/strong><\/h2>\n<p> Ligas especiais contendo 1,5% de estanho s\u00e3o usadas como material estrutural e revestimento de combust\u00edvel em reatores nucleares. Tamb\u00e9m \u00e9 utilizado na fabrica\u00e7\u00e3o de porcelana, a\u00e7o e refratores. Descubra tamb\u00e9m outras aplica\u00e7\u00f5es:<\/p>\n<h3> <strong>Medicamento<\/strong><\/h3>\n<p> A liga com outros elementos serve para aumentar a resist\u00eancia ao desgaste dos dentes. Al\u00e9m disso, eles s\u00e3o usados para restaurar dentes, incluindo facetas de zirc\u00f4nio. Lo\u00e7\u00f5es e cremes s\u00e3o \u00e0 base de carbonato de zirc\u00f4nio, que neutraliza os sintomas causados pelo contato com a hera venenosa.<\/p>\n<h3> <strong>Constru\u00e7\u00e3o<\/strong><\/h3>\n<p> Fabricamos materiais refrat\u00e1rios, porcelanatos, porcas e parafusos, que possuem caracter\u00edsticas de resistir a for\u00e7as de tra\u00e7\u00e3o e desgaste.<\/p>\n<h3> <strong>Tecnologia<\/strong><\/h3>\n<p> \u00c9 \u00fatil para revestir tubula\u00e7\u00f5es de usinas nucleares porque n\u00e3o absorve n\u00eautrons. Al\u00e9m disso, \u00e9 utilizado com outros elementos no desenvolvimento de \u00edm\u00e3s supercondutores essenciais ao funcionamento de aceleradores de part\u00edculas e equipamentos para realiza\u00e7\u00e3o de resson\u00e2ncias. O \u00f3xido de zirc\u00f4nio tem a capacidade de suportar altas temperaturas e n\u00e3o deforma nem se desgasta. Por isso, \u00e9 utilizado na fabrica\u00e7\u00e3o de filtros de micro-ondas, cer\u00e2micas e revestimentos de fornos.<\/p>\n<h3> <strong>Vida cotidiana<\/strong><\/h3>\n<p> Dada a sua resist\u00eancia, \u00e9 utilizado para fazer tesouras e facas muito particulares que n\u00e3o perdem o fio com o passar dos anos. Na verdade, gra\u00e7as \u00e0s suas propriedades antimicrobianas, \u00e9 utilizado para embalar alimentos perec\u00edveis, de forma a mant\u00ea-los frescos por mais tempo. At\u00e9 a zirc\u00f4nia c\u00fabica \u00e9 uma pedra preciosa artificial chamada zirc\u00e3o e imita o diamante. Possui grande apelo visual e alto n\u00edvel de refra\u00e7\u00e3o.<\/p>\n<p> Por fim, embora o Zirc\u00f4nio n\u00e3o seja encontrado naturalmente na natureza, pois faz parte de diversos minerais. Al\u00e9m disso, todas as suas ligas s\u00e3o ben\u00e9ficas, tanto na medicina, na ind\u00fastria e na vida di\u00e1ria.<\/p>\n","protected":false},"excerpt":{"rendered":"<p>O zirc\u00f4nio \u00e9 um metal encontrado em rochas siliciosas como o granito, tamb\u00e9m foi detectado em meteoritos, no Sol e em algumas estrelas do tipo S. Al\u00e9m disso, est\u00e1 dispon\u00edvel em cerca de 140 minerais, como Eudialita, Baddeleyita e Kosnarita. Ent\u00e3o descubra sua origem, suas caracter\u00edsticas e seu uso atual. O que \u00e9 Zirc\u00f4nio? \u00c9 &#8230; <a title=\"Zirc\u00f4nio\" class=\"read-more\" href=\"https:\/\/chemuza.org\/pt\/zirconio\/\" aria-label=\"Mais em Zirc\u00f4nio\">Ler mais<\/a><\/p>\n","protected":false},"author":1,"featured_media":0,"parent":0,"menu_order":0,"comment_status":"closed","ping_status":"closed","template":"","meta":{"footnotes":""},"class_list":["post-1496","page","type-page","status-publish"],"yoast_head":"<!-- This site is optimized with the Yoast SEO plugin v21.4 - https:\/\/yoast.com\/wordpress\/plugins\/seo\/ -->\n<title>Zirc\u00f4nio - Chemuza<\/title>\n<meta name=\"robots\" content=\"index, follow, max-snippet:-1, max-image-preview:large, max-video-preview:-1\" \/>\n<link rel=\"canonical\" href=\"https:\/\/chemuza.org\/pt\/zirconio\/\" \/>\n<meta property=\"og:locale\" content=\"pt_PT\" \/>\n<meta property=\"og:type\" content=\"article\" \/>\n<meta property=\"og:title\" content=\"Zirc\u00f4nio - Chemuza\" \/>\n<meta property=\"og:description\" content=\"O zirc\u00f4nio \u00e9 um metal encontrado em rochas siliciosas como o granito, tamb\u00e9m foi detectado em meteoritos, no Sol e em algumas estrelas do tipo S. Al\u00e9m disso, est\u00e1 dispon\u00edvel em cerca de 140 minerais, como Eudialita, Baddeleyita e Kosnarita. Ent\u00e3o descubra sua origem, suas caracter\u00edsticas e seu uso atual. O que \u00e9 Zirc\u00f4nio? \u00c9 ... Ler mais\" \/>\n<meta property=\"og:url\" content=\"https:\/\/chemuza.org\/pt\/zirconio\/\" \/>\n<meta property=\"og:site_name\" content=\"Statorials\" \/>\n<meta name=\"twitter:card\" content=\"summary_large_image\" \/>\n<meta name=\"twitter:label1\" content=\"Tempo estimado de leitura\" \/>\n\t<meta name=\"twitter:data1\" content=\"4 minutos\" \/>\n<script type=\"application\/ld+json\" class=\"yoast-schema-graph\">{\"@context\":\"https:\/\/schema.org\",\"@graph\":[{\"@type\":\"WebPage\",\"@id\":\"https:\/\/chemuza.org\/pt\/zirconio\/\",\"url\":\"https:\/\/chemuza.org\/pt\/zirconio\/\",\"name\":\"Zirc\u00f4nio - Chemuza\",\"isPartOf\":{\"@id\":\"https:\/\/chemuza.org\/pt\/#website\"},\"datePublished\":\"2023-07-14T15:02:53+00:00\",\"dateModified\":\"2023-07-14T15:02:53+00:00\",\"breadcrumb\":{\"@id\":\"https:\/\/chemuza.org\/pt\/zirconio\/#breadcrumb\"},\"inLanguage\":\"pt-PT\",\"potentialAction\":[{\"@type\":\"ReadAction\",\"target\":[\"https:\/\/chemuza.org\/pt\/zirconio\/\"]}]},{\"@type\":\"BreadcrumbList\",\"@id\":\"https:\/\/chemuza.org\/pt\/zirconio\/#breadcrumb\",\"itemListElement\":[{\"@type\":\"ListItem\",\"position\":1,\"name\":\"Lar\",\"item\":\"https:\/\/chemuza.org\/pt\/\"},{\"@type\":\"ListItem\",\"position\":2,\"name\":\"Zirc\u00f4nio\"}]},{\"@type\":\"WebSite\",\"@id\":\"https:\/\/chemuza.org\/pt\/#website\",\"url\":\"https:\/\/chemuza.org\/pt\/\",\"name\":\"Chemuza\",\"description\":\"Sua porta de entrada para a descoberta qu\u00edmica!\",\"publisher\":{\"@id\":\"https:\/\/chemuza.org\/pt\/#organization\"},\"potentialAction\":[{\"@type\":\"SearchAction\",\"target\":{\"@type\":\"EntryPoint\",\"urlTemplate\":\"https:\/\/chemuza.org\/pt\/?s={search_term_string}\"},\"query-input\":\"required name=search_term_string\"}],\"inLanguage\":\"pt-PT\"},{\"@type\":\"Organization\",\"@id\":\"https:\/\/chemuza.org\/pt\/#organization\",\"name\":\"Chemuza\",\"url\":\"https:\/\/chemuza.org\/pt\/\",\"logo\":{\"@type\":\"ImageObject\",\"inLanguage\":\"pt-PT\",\"@id\":\"https:\/\/chemuza.org\/pt\/#\/schema\/logo\/image\/\",\"url\":\"https:\/\/chemuza.org\/pt\/wp-content\/uploads\/2023\/10\/chemuza-logo.png\",\"contentUrl\":\"https:\/\/chemuza.org\/pt\/wp-content\/uploads\/2023\/10\/chemuza-logo.png\",\"width\":387,\"height\":70,\"caption\":\"Chemuza\"},\"image\":{\"@id\":\"https:\/\/chemuza.org\/pt\/#\/schema\/logo\/image\/\"}}]}<\/script>\n<!-- \/ Yoast SEO plugin. -->","yoast_head_json":{"title":"Zirc\u00f4nio - Chemuza","robots":{"index":"index","follow":"follow","max-snippet":"max-snippet:-1","max-image-preview":"max-image-preview:large","max-video-preview":"max-video-preview:-1"},"canonical":"https:\/\/chemuza.org\/pt\/zirconio\/","og_locale":"pt_PT","og_type":"article","og_title":"Zirc\u00f4nio - Chemuza","og_description":"O zirc\u00f4nio \u00e9 um metal encontrado em rochas siliciosas como o granito, tamb\u00e9m foi detectado em meteoritos, no Sol e em algumas estrelas do tipo S. Al\u00e9m disso, est\u00e1 dispon\u00edvel em cerca de 140 minerais, como Eudialita, Baddeleyita e Kosnarita. Ent\u00e3o descubra sua origem, suas caracter\u00edsticas e seu uso atual. O que \u00e9 Zirc\u00f4nio? \u00c9 ... Ler mais","og_url":"https:\/\/chemuza.org\/pt\/zirconio\/","og_site_name":"Statorials","twitter_card":"summary_large_image","twitter_misc":{"Tempo estimado de leitura":"4 minutos"},"schema":{"@context":"https:\/\/schema.org","@graph":[{"@type":"WebPage","@id":"https:\/\/chemuza.org\/pt\/zirconio\/","url":"https:\/\/chemuza.org\/pt\/zirconio\/","name":"Zirc\u00f4nio - Chemuza","isPartOf":{"@id":"https:\/\/chemuza.org\/pt\/#website"},"datePublished":"2023-07-14T15:02:53+00:00","dateModified":"2023-07-14T15:02:53+00:00","breadcrumb":{"@id":"https:\/\/chemuza.org\/pt\/zirconio\/#breadcrumb"},"inLanguage":"pt-PT","potentialAction":[{"@type":"ReadAction","target":["https:\/\/chemuza.org\/pt\/zirconio\/"]}]},{"@type":"BreadcrumbList","@id":"https:\/\/chemuza.org\/pt\/zirconio\/#breadcrumb","itemListElement":[{"@type":"ListItem","position":1,"name":"Lar","item":"https:\/\/chemuza.org\/pt\/"},{"@type":"ListItem","position":2,"name":"Zirc\u00f4nio"}]},{"@type":"WebSite","@id":"https:\/\/chemuza.org\/pt\/#website","url":"https:\/\/chemuza.org\/pt\/","name":"Chemuza","description":"Sua porta de entrada para a descoberta qu\u00edmica!","publisher":{"@id":"https:\/\/chemuza.org\/pt\/#organization"},"potentialAction":[{"@type":"SearchAction","target":{"@type":"EntryPoint","urlTemplate":"https:\/\/chemuza.org\/pt\/?s={search_term_string}"},"query-input":"required name=search_term_string"}],"inLanguage":"pt-PT"},{"@type":"Organization","@id":"https:\/\/chemuza.org\/pt\/#organization","name":"Chemuza","url":"https:\/\/chemuza.org\/pt\/","logo":{"@type":"ImageObject","inLanguage":"pt-PT","@id":"https:\/\/chemuza.org\/pt\/#\/schema\/logo\/image\/","url":"https:\/\/chemuza.org\/pt\/wp-content\/uploads\/2023\/10\/chemuza-logo.png","contentUrl":"https:\/\/chemuza.org\/pt\/wp-content\/uploads\/2023\/10\/chemuza-logo.png","width":387,"height":70,"caption":"Chemuza"},"image":{"@id":"https:\/\/chemuza.org\/pt\/#\/schema\/logo\/image\/"}}]}},"yoast_meta":{"yoast_wpseo_title":"","yoast_wpseo_metadesc":"","yoast_wpseo_canonical":""},"_links":{"self":[{"href":"https:\/\/chemuza.org\/pt\/wp-json\/wp\/v2\/pages\/1496","targetHints":{"allow":["GET"]}}],"collection":[{"href":"https:\/\/chemuza.org\/pt\/wp-json\/wp\/v2\/pages"}],"about":[{"href":"https:\/\/chemuza.org\/pt\/wp-json\/wp\/v2\/types\/page"}],"author":[{"embeddable":true,"href":"https:\/\/chemuza.org\/pt\/wp-json\/wp\/v2\/users\/1"}],"replies":[{"embeddable":true,"href":"https:\/\/chemuza.org\/pt\/wp-json\/wp\/v2\/comments?post=1496"}],"version-history":[{"count":0,"href":"https:\/\/chemuza.org\/pt\/wp-json\/wp\/v2\/pages\/1496\/revisions"}],"wp:attachment":[{"href":"https:\/\/chemuza.org\/pt\/wp-json\/wp\/v2\/media?parent=1496"}],"curies":[{"name":"wp","href":"https:\/\/api.w.org\/{rel}","templated":true}]}}