{"id":1494,"date":"2023-07-14T15:43:12","date_gmt":"2023-07-14T15:43:12","guid":{"rendered":"https:\/\/chemuza.org\/pt\/rubidio\/"},"modified":"2023-07-14T15:43:12","modified_gmt":"2023-07-14T15:43:12","slug":"rubidio","status":"publish","type":"page","link":"https:\/\/chemuza.org\/pt\/rubidio\/","title":{"rendered":"Rub\u00eddio"},"content":{"rendered":"<p>O rub\u00eddio \u00e9 um dos elementos mais presentes no meio ambiente, mais precisamente na crosta terrestre, onde \u00e9 obtido na forma de \u00f3xido e transformado em minerais, como leucita, polucita e zinwaldita. Tamb\u00e9m \u00e9 encontrado em certos tipos de rochas como argila, basalto ou granito. Conhe\u00e7a mais sobre esse elemento que a natureza lhe oferece.<\/p>\n<h2> <strong>O que \u00e9 rub\u00eddio?<\/strong><\/h2>\n<p> \u00c9 um dos metais alcalinos da tabela peri\u00f3dica, de cor branco prateado, macio e leve. No ar, pode queimar espontaneamente com uma chama roxo-amarelada. Al\u00e9m disso, com \u00e1gua ou gelo pode atuar violentamente produzindo hidrog\u00eanio e g\u00e1s hidrog\u00eanio. Al\u00e9m disso, no n\u00edvel de energia externa, possui um el\u00e9tron que pode ser perdido porque possui baixa energia de ioniza\u00e7\u00e3o e sua afinidade eletr\u00f4nica \u00e9 baixa.<\/p>\n<h3> <strong>S\u00edmbolo Rub\u00eddio<\/strong><\/h3>\n<p> <span class=\"content-chemical-element\" style=\"float: left;width: 65px;height: 65px;border: 3px solid #666; display:flex;\n    justify-content: center;align-items: center;margin-right: 15px;\"><span style=\"font-size: 38px;\">Rb<\/span><\/span> Seu lugar na tabela peri\u00f3dica \u00e9 o grupo um, com peso at\u00f4mico 85,47 e n\u00famero at\u00f4mico 37. \u00c9 reativo e tem ponto de fus\u00e3o relativamente baixo. Deste metal s\u00e3o conhecidos 24 is\u00f3topos e na natureza apenas 2 s\u00e3o encontrados, nomeadamente o Rub\u00eddio 85 e o Rb-87, que s\u00e3o radioativos.<\/p>\n<h2> <strong>Caracter\u00edsticas do Rub\u00eddio<\/strong><\/h2>\n<p> Localize este metal na tabela peri\u00f3dica na primeira coluna ao lado de s\u00f3dio, l\u00edtio e pot\u00e1ssio. Em termos de apar\u00eancia, \u00e9 suave e realmente contribui para o metabolismo de diversos seres vivos. As outras caracter\u00edsticas deste elemento alcalino s\u00e3o:<\/p>\n<ul>\n<li> <strong>Reatividade Qu\u00edmica<\/strong> : \u00c9 muito reativo, pois pode queimar com ar, \u00e1gua ou gelo. Mesmo a temperaturas inferiores a -100\u00b0C reage violentamente.<\/li>\n<li> <strong>Condi\u00e7\u00e3o<\/strong> : S\u00f3lido.<\/li>\n<li> <strong>Densidade<\/strong> : Ao contr\u00e1rio de outros metais, possui densidade maior que a da \u00e1gua e pode afundar.<\/li>\n<li> <strong>Temperatura<\/strong> : Torna-se facilmente l\u00edquido quando est\u00e1 em temperatura ambiente.<\/li>\n<\/ul>\n<h2> <strong>Propriedades qu\u00edmicas e f\u00edsicas do Rub\u00eddio<\/strong><\/h2>\n<ol>\n<li> <strong>N\u00famero at\u00f4mico<\/strong> : 27<\/li>\n<li> <strong>Per\u00edodo:<\/strong> 5<\/li>\n<li> <strong>Bloco:<\/strong> s<\/li>\n<li> <strong>Raio covalente (\u00c5):<\/strong> 211<\/li>\n<li> <strong>Val\u00eancia:<\/strong> 1<\/li>\n<li> <strong>Densidade:<\/strong> 1532 kg\/m\u00b3<\/li>\n<li> <strong>Raio at\u00f4mico:<\/strong> 265<\/li>\n<li> <strong>Eletronegatividade:<\/strong> 0,82<\/li>\n<li> <strong>Massa at\u00f4mica (g\/mol):<\/strong> 85,4678<\/li>\n<li> <strong>Estado de oxida\u00e7\u00e3o:<\/strong> +1<\/li>\n<li> <strong>Ponto de fus\u00e3o:<\/strong> 312,46<\/li>\n<li> <strong>Ponto de ebuli\u00e7\u00e3o:<\/strong> 961<\/li>\n<li> <strong>Entalpia de vaporiza\u00e7\u00e3o:<\/strong> 72.216 kJ\/mol<\/li>\n<li> <strong>Entalpia de fus\u00e3o:<\/strong> 2,192 Kj\/mol<\/li>\n<li> <strong>Velocidade do som:<\/strong> 1300 m\/s a 293,15 K<\/li>\n<li> <strong>Press\u00e3o de vapor:<\/strong> 1,56 10 <sup>-4<\/sup> Pa a 312,6 K<\/li>\n<li> <strong>Configura\u00e7\u00e3o eletr\u00f4nica:<\/strong> [Kr] 5s <sup>1<\/sup><\/li>\n<li> <strong>Primeiro potencial de ioniza\u00e7\u00e3o:<\/strong> 4,19<\/li>\n<\/ol>\n<h2> <strong>Origem do Rub\u00eddio<\/strong><\/h2>\n<p> Foi descoberto na Alemanha em 1861 pelo f\u00edsico Gustav Kirchhoff e pelo qu\u00edmico Robert Bunsen, enquanto analisavam outros minerais com um instrumento. A seguir, distinguiram duas linhas de cor vermelha intensa na Lepidolita, caracter\u00edstica comum ao Rub\u00eddio. Por isso deram-lhe o nome de <em>rubidius<\/em> , que vem de uma palavra latina cujo significado \u00e9 vermelho escuro.<\/p>\n<h2> <strong>Para que \u00e9 usado o Rub\u00eddio?<\/strong><\/h2>\n<p> O uso desse metal em motores i\u00f4nicos para a ind\u00fastria aeroespacial tem sido estudado porque pode ionizar-se facilmente. Al\u00e9m disso, \u00e9 usado em fogos de artif\u00edcio para dar a cor roxa. Al\u00e9m disso, tem outros usos:<\/p>\n<h3> <strong>ind\u00fastrias bioqu\u00edmicas<\/strong><strong><\/strong><\/h3>\n<p> O cloreto de rub\u00eddio \u00e9 \u00fatil para estimular c\u00e9lulas e capturar \u00e1cido desoxirribonucl\u00e9ico. Al\u00e9m disso, pode ajudar como biomarcador na reposi\u00e7\u00e3o de pot\u00e1ssio e no aumento do pH das c\u00e9lulas tumorais, o que representa uma vantagem no combate aos tumores malignos.<\/p>\n<h3> <strong>Medicamento<\/strong><\/h3>\n<p> Todos os is\u00f3topos de Rub\u00eddio s\u00e3o \u00fateis na medicina, ajudando a enriquecer imagens, localizar tumores cerebrais e s\u00e3o usados para avaliar cora\u00e7\u00f5es de pacientes obesos. Da mesma forma, \u00e9 eficaz no tratamento da epilepsia, na tomografia por emiss\u00e3o de p\u00f3sitrons e na separa\u00e7\u00e3o de v\u00edrus e \u00e1cidos nucl\u00e9icos por ultracentrifuga\u00e7\u00e3o. Alega-se at\u00e9 que pode ser eficaz como medicamento para a depress\u00e3o.<\/p>\n<h3> <strong>Tecnologia<\/strong><\/h3>\n<p> Seu uso na tecnologia laser ajuda a resfriar estruturas moleculares e at\u00f4micas. Al\u00e9m disso, em tubos de v\u00e1cuo \u00e9 capaz de capturar vest\u00edgios de res\u00edduos gasosos. \u00c9 usado para fazer cristais especiais nas ind\u00fastrias de telecomunica\u00e7\u00f5es. Os rel\u00f3gios at\u00f4micos de rub\u00eddio tamb\u00e9m s\u00e3o fabricados e usados em sistemas de navega\u00e7\u00e3o GPS, esta\u00e7\u00f5es de r\u00e1dio, televis\u00e3o e telefones celulares.<\/p>\n<h2> <strong>Em quais alimentos o Rub\u00eddio \u00e9 encontrado?<\/strong><\/h2>\n<p> Este mineral \u00e9 um oligoelemento com importantes propriedades nutricionais. Al\u00e9m disso, n\u00e3o \u00e9 t\u00f3xico para os seres humanos e pode ser encontrado em boas quantidades em certos alimentos comuns, como ch\u00e1 preto e caf\u00e9. Al\u00e9m disso, outras fontes onde voc\u00ea o encontrar\u00e1:<\/p>\n<ul>\n<li> Noz.<\/li>\n<li> Soja.<\/li>\n<li> Legumes como aspargos.<\/li>\n<li> Laranjas, tomates de jardim e coco.<\/li>\n<li> Frango e peixe.<\/li>\n<\/ul>\n<p> Concluindo, o rub\u00eddio \u00e9 um mineral denominado metal de transi\u00e7\u00e3o na tabela peri\u00f3dica. Devido \u00e0 sua reatividade, \u00e9 encontrado na natureza como cloreto ou \u00f3xido acompanhado de outros \u00e2nions e at\u00e9 mesmo em dep\u00f3sitos de carbono. Destacam-se certas aplica\u00e7\u00f5es modernas, na \u00e1rea m\u00e9dica para diagn\u00f3stico de tumores e na \u00e1rea tecnol\u00f3gica. Por fim, \u00e9 f\u00e1cil obt\u00ea-lo em diversos alimentos, pois n\u00e3o \u00e9 t\u00f3xico.<\/p>\n","protected":false},"excerpt":{"rendered":"<p>O rub\u00eddio \u00e9 um dos elementos mais presentes no meio ambiente, mais precisamente na crosta terrestre, onde \u00e9 obtido na forma de \u00f3xido e transformado em minerais, como leucita, polucita e zinwaldita. Tamb\u00e9m \u00e9 encontrado em certos tipos de rochas como argila, basalto ou granito. Conhe\u00e7a mais sobre esse elemento que a natureza lhe oferece. &#8230; <a title=\"Rub\u00eddio\" class=\"read-more\" href=\"https:\/\/chemuza.org\/pt\/rubidio\/\" aria-label=\"Mais em Rub\u00eddio\">Ler mais<\/a><\/p>\n","protected":false},"author":1,"featured_media":0,"parent":0,"menu_order":0,"comment_status":"closed","ping_status":"closed","template":"","meta":{"footnotes":""},"class_list":["post-1494","page","type-page","status-publish"],"yoast_head":"<!-- This site is optimized with the Yoast SEO plugin v21.4 - https:\/\/yoast.com\/wordpress\/plugins\/seo\/ -->\n<title>Rub\u00eddio - Chemuza<\/title>\n<meta name=\"robots\" content=\"index, follow, max-snippet:-1, max-image-preview:large, max-video-preview:-1\" \/>\n<link rel=\"canonical\" href=\"https:\/\/chemuza.org\/pt\/rubidio\/\" \/>\n<meta property=\"og:locale\" content=\"pt_PT\" \/>\n<meta property=\"og:type\" content=\"article\" \/>\n<meta property=\"og:title\" content=\"Rub\u00eddio - Chemuza\" \/>\n<meta property=\"og:description\" content=\"O rub\u00eddio \u00e9 um dos elementos mais presentes no meio ambiente, mais precisamente na crosta terrestre, onde \u00e9 obtido na forma de \u00f3xido e transformado em minerais, como leucita, polucita e zinwaldita. Tamb\u00e9m \u00e9 encontrado em certos tipos de rochas como argila, basalto ou granito. Conhe\u00e7a mais sobre esse elemento que a natureza lhe oferece. ... Ler mais\" \/>\n<meta property=\"og:url\" content=\"https:\/\/chemuza.org\/pt\/rubidio\/\" \/>\n<meta property=\"og:site_name\" content=\"Statorials\" \/>\n<meta name=\"twitter:card\" content=\"summary_large_image\" \/>\n<meta name=\"twitter:label1\" content=\"Tempo estimado de leitura\" \/>\n\t<meta name=\"twitter:data1\" content=\"4 minutos\" \/>\n<script type=\"application\/ld+json\" class=\"yoast-schema-graph\">{\"@context\":\"https:\/\/schema.org\",\"@graph\":[{\"@type\":\"WebPage\",\"@id\":\"https:\/\/chemuza.org\/pt\/rubidio\/\",\"url\":\"https:\/\/chemuza.org\/pt\/rubidio\/\",\"name\":\"Rub\u00eddio - Chemuza\",\"isPartOf\":{\"@id\":\"https:\/\/chemuza.org\/pt\/#website\"},\"datePublished\":\"2023-07-14T15:43:12+00:00\",\"dateModified\":\"2023-07-14T15:43:12+00:00\",\"breadcrumb\":{\"@id\":\"https:\/\/chemuza.org\/pt\/rubidio\/#breadcrumb\"},\"inLanguage\":\"pt-PT\",\"potentialAction\":[{\"@type\":\"ReadAction\",\"target\":[\"https:\/\/chemuza.org\/pt\/rubidio\/\"]}]},{\"@type\":\"BreadcrumbList\",\"@id\":\"https:\/\/chemuza.org\/pt\/rubidio\/#breadcrumb\",\"itemListElement\":[{\"@type\":\"ListItem\",\"position\":1,\"name\":\"Lar\",\"item\":\"https:\/\/chemuza.org\/pt\/\"},{\"@type\":\"ListItem\",\"position\":2,\"name\":\"Rub\u00eddio\"}]},{\"@type\":\"WebSite\",\"@id\":\"https:\/\/chemuza.org\/pt\/#website\",\"url\":\"https:\/\/chemuza.org\/pt\/\",\"name\":\"Chemuza\",\"description\":\"Sua porta de entrada para a descoberta qu\u00edmica!\",\"publisher\":{\"@id\":\"https:\/\/chemuza.org\/pt\/#organization\"},\"potentialAction\":[{\"@type\":\"SearchAction\",\"target\":{\"@type\":\"EntryPoint\",\"urlTemplate\":\"https:\/\/chemuza.org\/pt\/?s={search_term_string}\"},\"query-input\":\"required name=search_term_string\"}],\"inLanguage\":\"pt-PT\"},{\"@type\":\"Organization\",\"@id\":\"https:\/\/chemuza.org\/pt\/#organization\",\"name\":\"Chemuza\",\"url\":\"https:\/\/chemuza.org\/pt\/\",\"logo\":{\"@type\":\"ImageObject\",\"inLanguage\":\"pt-PT\",\"@id\":\"https:\/\/chemuza.org\/pt\/#\/schema\/logo\/image\/\",\"url\":\"https:\/\/chemuza.org\/pt\/wp-content\/uploads\/2023\/10\/chemuza-logo.png\",\"contentUrl\":\"https:\/\/chemuza.org\/pt\/wp-content\/uploads\/2023\/10\/chemuza-logo.png\",\"width\":387,\"height\":70,\"caption\":\"Chemuza\"},\"image\":{\"@id\":\"https:\/\/chemuza.org\/pt\/#\/schema\/logo\/image\/\"}}]}<\/script>\n<!-- \/ Yoast SEO plugin. -->","yoast_head_json":{"title":"Rub\u00eddio - Chemuza","robots":{"index":"index","follow":"follow","max-snippet":"max-snippet:-1","max-image-preview":"max-image-preview:large","max-video-preview":"max-video-preview:-1"},"canonical":"https:\/\/chemuza.org\/pt\/rubidio\/","og_locale":"pt_PT","og_type":"article","og_title":"Rub\u00eddio - Chemuza","og_description":"O rub\u00eddio \u00e9 um dos elementos mais presentes no meio ambiente, mais precisamente na crosta terrestre, onde \u00e9 obtido na forma de \u00f3xido e transformado em minerais, como leucita, polucita e zinwaldita. Tamb\u00e9m \u00e9 encontrado em certos tipos de rochas como argila, basalto ou granito. Conhe\u00e7a mais sobre esse elemento que a natureza lhe oferece. ... Ler mais","og_url":"https:\/\/chemuza.org\/pt\/rubidio\/","og_site_name":"Statorials","twitter_card":"summary_large_image","twitter_misc":{"Tempo estimado de leitura":"4 minutos"},"schema":{"@context":"https:\/\/schema.org","@graph":[{"@type":"WebPage","@id":"https:\/\/chemuza.org\/pt\/rubidio\/","url":"https:\/\/chemuza.org\/pt\/rubidio\/","name":"Rub\u00eddio - Chemuza","isPartOf":{"@id":"https:\/\/chemuza.org\/pt\/#website"},"datePublished":"2023-07-14T15:43:12+00:00","dateModified":"2023-07-14T15:43:12+00:00","breadcrumb":{"@id":"https:\/\/chemuza.org\/pt\/rubidio\/#breadcrumb"},"inLanguage":"pt-PT","potentialAction":[{"@type":"ReadAction","target":["https:\/\/chemuza.org\/pt\/rubidio\/"]}]},{"@type":"BreadcrumbList","@id":"https:\/\/chemuza.org\/pt\/rubidio\/#breadcrumb","itemListElement":[{"@type":"ListItem","position":1,"name":"Lar","item":"https:\/\/chemuza.org\/pt\/"},{"@type":"ListItem","position":2,"name":"Rub\u00eddio"}]},{"@type":"WebSite","@id":"https:\/\/chemuza.org\/pt\/#website","url":"https:\/\/chemuza.org\/pt\/","name":"Chemuza","description":"Sua porta de entrada para a descoberta qu\u00edmica!","publisher":{"@id":"https:\/\/chemuza.org\/pt\/#organization"},"potentialAction":[{"@type":"SearchAction","target":{"@type":"EntryPoint","urlTemplate":"https:\/\/chemuza.org\/pt\/?s={search_term_string}"},"query-input":"required name=search_term_string"}],"inLanguage":"pt-PT"},{"@type":"Organization","@id":"https:\/\/chemuza.org\/pt\/#organization","name":"Chemuza","url":"https:\/\/chemuza.org\/pt\/","logo":{"@type":"ImageObject","inLanguage":"pt-PT","@id":"https:\/\/chemuza.org\/pt\/#\/schema\/logo\/image\/","url":"https:\/\/chemuza.org\/pt\/wp-content\/uploads\/2023\/10\/chemuza-logo.png","contentUrl":"https:\/\/chemuza.org\/pt\/wp-content\/uploads\/2023\/10\/chemuza-logo.png","width":387,"height":70,"caption":"Chemuza"},"image":{"@id":"https:\/\/chemuza.org\/pt\/#\/schema\/logo\/image\/"}}]}},"yoast_meta":{"yoast_wpseo_title":"","yoast_wpseo_metadesc":"","yoast_wpseo_canonical":""},"_links":{"self":[{"href":"https:\/\/chemuza.org\/pt\/wp-json\/wp\/v2\/pages\/1494","targetHints":{"allow":["GET"]}}],"collection":[{"href":"https:\/\/chemuza.org\/pt\/wp-json\/wp\/v2\/pages"}],"about":[{"href":"https:\/\/chemuza.org\/pt\/wp-json\/wp\/v2\/types\/page"}],"author":[{"embeddable":true,"href":"https:\/\/chemuza.org\/pt\/wp-json\/wp\/v2\/users\/1"}],"replies":[{"embeddable":true,"href":"https:\/\/chemuza.org\/pt\/wp-json\/wp\/v2\/comments?post=1494"}],"version-history":[{"count":0,"href":"https:\/\/chemuza.org\/pt\/wp-json\/wp\/v2\/pages\/1494\/revisions"}],"wp:attachment":[{"href":"https:\/\/chemuza.org\/pt\/wp-json\/wp\/v2\/media?parent=1494"}],"curies":[{"name":"wp","href":"https:\/\/api.w.org\/{rel}","templated":true}]}}