{"id":1493,"date":"2023-07-14T16:13:18","date_gmt":"2023-07-14T16:13:18","guid":{"rendered":"https:\/\/chemuza.org\/pt\/selenio\/"},"modified":"2023-07-14T16:13:18","modified_gmt":"2023-07-14T16:13:18","slug":"selenio","status":"publish","type":"page","link":"https:\/\/chemuza.org\/pt\/selenio\/","title":{"rendered":"Sel\u00eanio"},"content":{"rendered":"<p>O sel\u00eanio est\u00e1 presente na crosta terrestre, principalmente nos solos e nas rochas. Geralmente \u00e9 encontrado como selenetos em elementos pesados e em quantidades menores com um elemento livre, bem como enxofre elementar. Al\u00e9m disso, pode ser obtido organicamente em certos vegetais, gr\u00e3os e frutas. Conhe\u00e7a sua origem, suas propriedades e suas amplas utiliza\u00e7\u00f5es.<\/p>\n<h2> <strong>O que \u00e9 sel\u00eanio?<\/strong><\/h2>\n<p> \u00c9 um elemento qu\u00edmico da tabela peri\u00f3dica e faz parte do grupo dos n\u00e3o metais, junto com o nitrog\u00eanio, o hidrog\u00eanio e o f\u00f3sforo. A cor do Sel\u00eanio \u00e9 cinza met\u00e1lico, na forma pura \u00e9 obtido na forma de cristais hexagonais, mas na natureza \u00e9 combinado com Enxofre ou com certos minerais como Chumbo, Cobre, N\u00edquel ou Prata.<\/p>\n<h3> <strong>S\u00edmbolo de sel\u00eanio<\/strong><\/h3>\n<p> <span class=\"content-chemical-element\" style=\"float: left;width: 65px;height: 65px;border: 3px solid #666; display:flex;\n    justify-content: center;align-items: center;margin-right: 15px;\"><span style=\"font-size: 38px;\">Est\u00e1<\/span><\/span> localizado no grupo 34 com peso at\u00f4mico de 78,96. Alguns de seus compostos s\u00e3o o hexafluoreto de sel\u00eanio e os is\u00f3topos de sel\u00eanio, dos quais existem seis, cinco dos quais s\u00e3o est\u00e1veis.<\/p>\n<h2> <strong>Caracter\u00edsticas do sel\u00eanio<\/strong><\/h2>\n<p> Este n\u00e3o metal possui diferentes formas alotr\u00f3picas, que s\u00e3o preto v\u00edtreo, vermelho coloidal e cinza cristalino. Al\u00e9m disso, \u00e9 um mau condutor de eletricidade e calor. Gra\u00e7as ao efeito fotoel\u00e9trico desse n\u00e3o-metal, eles o utilizam como condutor el\u00e9trico capaz de converter luz em eletricidade. As outras caracter\u00edsticas do sel\u00eanio s\u00e3o:<\/p>\n<ul>\n<li> <strong>Solubilidade:<\/strong> Em \u00e1lcool e \u00e1gua \u00e9 insol\u00favel, em \u00e9ter \u00e9 sol\u00favel e o dissulfeto de carbono \u00e9 ligeiramente sol\u00favel.<\/li>\n<li> <strong>Condi\u00e7\u00e3o:<\/strong> S\u00f3lido.<\/li>\n<li> <strong>Ponto de fus\u00e3o:<\/strong> Abaixo do seu ponto, \u00e9 um semicondutor do tipo p.<\/li>\n<li> <strong>Maleabilidade<\/strong> : Falta de ser d\u00factil e male\u00e1vel.<\/li>\n<\/ul>\n<h2> <strong>Propriedades qu\u00edmicas e f\u00edsicas do sel\u00eanio<\/strong><\/h2>\n<ol>\n<li> <strong>N\u00famero at\u00f4mico<\/strong> : 34<\/li>\n<li> <strong>Raio at\u00f4mico:<\/strong> 22h30<\/li>\n<li> <strong>Raio covalente (\u00c5):<\/strong> 116 pm<\/li>\n<li> <strong>Densidade:<\/strong> 4790 kg\/m\u00b3<\/li>\n<li> <strong>Eletronegatividade:<\/strong> 2,48<\/li>\n<li> <strong>Massa at\u00f4mica (g\/mol):<\/strong> 78,96<\/li>\n<li> <strong>Ponto de fus\u00e3o:<\/strong> 494K<\/li>\n<li> <strong>Ponto de ebuli\u00e7\u00e3o:<\/strong> 957,8K<\/li>\n<li> <strong>Entalpia de vaporiza\u00e7\u00e3o:<\/strong> 26,3 kJ\/mol<\/li>\n<li> <strong>Entalpia de fus\u00e3o:<\/strong> 6.694 Kj\/mol<\/li>\n<li> <strong>Velocidade do som:<\/strong> 3350 m\/s a 293,15 K<\/li>\n<li> <strong>Press\u00e3o de vapor:<\/strong> 0,695 Pa a 494 K<\/li>\n<li> <strong>Calor espec\u00edfico:<\/strong> 320 J<\/li>\n<li> <strong>Configura\u00e7\u00e3o eletr\u00f4nica:<\/strong> [Ar] 3d <sup>10<\/sup> 4s <sup>2<\/sup> 4p <sup>4<\/sup><\/li>\n<\/ol>\n<h2> <strong>Origem do sel\u00eanio<\/strong><\/h2>\n<p> Seu nome vem da palavra grega Selenion em homenagem \u00e0 deusa grega da lua e dos animais, bem como ao brilho da lua. Foi descoberto em 1817 pelo qu\u00edmico sueco Jons Jacob Berzelius. Durante uma visita a uma f\u00e1brica de \u00e1cido sulf\u00farico, ele notou um l\u00edquido marrom-avermelhado que, quando aquecido com um ma\u00e7arico, exalava um odor f\u00e9tido semelhante ao do tel\u00fario.<\/p>\n<h2> <strong>Para que \u00e9 usado o Sel\u00eanio?<\/strong><\/h2>\n<p> O Sulfeto de Sel\u00eanio \u00e9 utilizado contra a coceira e elimina todas as part\u00edculas secas presentes no couro cabeludo e que chamamos de caspa. Tamb\u00e9m \u00e9 usado em diferentes campos, como:<\/p>\n<h3> <strong>Ind\u00fastria<\/strong><\/h3>\n<p> O di\u00f3xido de sel\u00eanio, tamb\u00e9m conhecido como \u00f3xido de sel\u00eanio, \u00e9 usado como corante em vidro. Por exemplo, o cobalto, quando em vidro, tem uma cor azul, mas torna-se incolor quando lhe \u00e9 adicionado um pouco de di\u00f3xido. Por outro lado, se for adicionado mais di\u00f3xido, o cristal fica vermelho rubi. Este di\u00f3xido tamb\u00e9m \u00e9 usado em vidros de sem\u00e1foros e vidros art\u00edsticos. O dissulfeto de sel\u00eanio \u00e9 o principal ingrediente na produ\u00e7\u00e3o de medicamentos veterin\u00e1rios.<\/p>\n<h3> <strong>Medicamento<\/strong><\/h3>\n<p> Ajuda a prevenir ou tratar defici\u00eancias de metais no corpo e \u00e9 vital para o bom funcionamento da gl\u00e2ndula tire\u00f3ide e para reduzir os n\u00edveis de colesterol. Protege o corpo contra infec\u00e7\u00f5es e auxilia na produ\u00e7\u00e3o de \u00e1cido desoxirribonucl\u00e9ico.<\/p>\n<p> Al\u00e9m disso, neutraliza o excesso de radicais livres e protege as c\u00e9lulas dos danos causados pelo estresse oxidativo. Da mesma forma, \u00e9 capaz de reduzir doen\u00e7as card\u00edacas e reduzir a inflama\u00e7\u00e3o e o ac\u00famulo de placas nas art\u00e9rias.<\/p>\n<h3> <strong>pigmentos<\/strong><\/h3>\n<p> Os pigmentos s\u00e3o feitos \u00e0 base de sel\u00eanio, resistentes \u00e0 umidade e capazes de resistir \u00e0 corros\u00e3o por subst\u00e2ncias qu\u00edmicas. Por exemplo, recipientes de pl\u00e1stico, esmaltes, tintas, borrachas, tintas, cer\u00e2micas e vernizes s\u00e3o adicionados aos recipientes de pl\u00e1stico.<\/p>\n<h3> <strong>eletr\u00f4nico<\/strong><\/h3>\n<p> Gra\u00e7as \u00e0s suas propriedades fotoel\u00e9tricas e fotocondutoras, o selenito de c\u00e1dmio permite a fabrica\u00e7\u00e3o de an\u00e9is el\u00e9tricos, fotorretificadores para fotocopiadoras, bem como medidores retificadores. Tamb\u00e9m \u00e9 utilizado para revestir cilindros met\u00e1licos utilizados na produ\u00e7\u00e3o de imagens fotogr\u00e1ficas, no processo de xerografia.<\/p>\n<h3> <strong>Agricultura<\/strong><\/h3>\n<p> Desempenha um papel importante nos processos fisiol\u00f3gicos das plantas e contribui para o seu bom crescimento. Al\u00e9m disso, protege-os contra pat\u00f3genos, estresse h\u00eddrico e predadores. Resumindo, Sel\u00eanio<strong> <\/strong>\u00c9 um n\u00e3o metal da tabela peri\u00f3dica e \u00e9 encontrado na natureza. \u00c9 liberado por processos naturais e tamb\u00e9m por atividades humanas. Al\u00e9m disso, gra\u00e7as \u00e0s suas diferentes ligas, suas propriedades s\u00e3o utilizadas na fabrica\u00e7\u00e3o de pigmentos, na medicina veterin\u00e1ria e como elemento ben\u00e9fico para o corpo.<\/p>\n","protected":false},"excerpt":{"rendered":"<p>O sel\u00eanio est\u00e1 presente na crosta terrestre, principalmente nos solos e nas rochas. Geralmente \u00e9 encontrado como selenetos em elementos pesados e em quantidades menores com um elemento livre, bem como enxofre elementar. Al\u00e9m disso, pode ser obtido organicamente em certos vegetais, gr\u00e3os e frutas. Conhe\u00e7a sua origem, suas propriedades e suas amplas utiliza\u00e7\u00f5es. O &#8230; <a title=\"Sel\u00eanio\" class=\"read-more\" href=\"https:\/\/chemuza.org\/pt\/selenio\/\" aria-label=\"Mais em Sel\u00eanio\">Ler mais<\/a><\/p>\n","protected":false},"author":1,"featured_media":0,"parent":0,"menu_order":0,"comment_status":"closed","ping_status":"closed","template":"","meta":{"footnotes":""},"class_list":["post-1493","page","type-page","status-publish"],"yoast_head":"<!-- This site is optimized with the Yoast SEO plugin v21.4 - https:\/\/yoast.com\/wordpress\/plugins\/seo\/ -->\n<title>Sel\u00eanio - Chemuza<\/title>\n<meta name=\"robots\" content=\"index, follow, max-snippet:-1, max-image-preview:large, max-video-preview:-1\" \/>\n<link rel=\"canonical\" href=\"https:\/\/chemuza.org\/pt\/selenio\/\" \/>\n<meta property=\"og:locale\" content=\"pt_PT\" \/>\n<meta property=\"og:type\" content=\"article\" \/>\n<meta property=\"og:title\" content=\"Sel\u00eanio - Chemuza\" \/>\n<meta property=\"og:description\" content=\"O sel\u00eanio est\u00e1 presente na crosta terrestre, principalmente nos solos e nas rochas. Geralmente \u00e9 encontrado como selenetos em elementos pesados e em quantidades menores com um elemento livre, bem como enxofre elementar. Al\u00e9m disso, pode ser obtido organicamente em certos vegetais, gr\u00e3os e frutas. Conhe\u00e7a sua origem, suas propriedades e suas amplas utiliza\u00e7\u00f5es. O ... Ler mais\" \/>\n<meta property=\"og:url\" content=\"https:\/\/chemuza.org\/pt\/selenio\/\" \/>\n<meta property=\"og:site_name\" content=\"Statorials\" \/>\n<meta name=\"twitter:card\" content=\"summary_large_image\" \/>\n<meta name=\"twitter:label1\" content=\"Tempo estimado de leitura\" \/>\n\t<meta name=\"twitter:data1\" content=\"4 minutos\" \/>\n<script type=\"application\/ld+json\" class=\"yoast-schema-graph\">{\"@context\":\"https:\/\/schema.org\",\"@graph\":[{\"@type\":\"WebPage\",\"@id\":\"https:\/\/chemuza.org\/pt\/selenio\/\",\"url\":\"https:\/\/chemuza.org\/pt\/selenio\/\",\"name\":\"Sel\u00eanio - Chemuza\",\"isPartOf\":{\"@id\":\"https:\/\/chemuza.org\/pt\/#website\"},\"datePublished\":\"2023-07-14T16:13:18+00:00\",\"dateModified\":\"2023-07-14T16:13:18+00:00\",\"breadcrumb\":{\"@id\":\"https:\/\/chemuza.org\/pt\/selenio\/#breadcrumb\"},\"inLanguage\":\"pt-PT\",\"potentialAction\":[{\"@type\":\"ReadAction\",\"target\":[\"https:\/\/chemuza.org\/pt\/selenio\/\"]}]},{\"@type\":\"BreadcrumbList\",\"@id\":\"https:\/\/chemuza.org\/pt\/selenio\/#breadcrumb\",\"itemListElement\":[{\"@type\":\"ListItem\",\"position\":1,\"name\":\"Lar\",\"item\":\"https:\/\/chemuza.org\/pt\/\"},{\"@type\":\"ListItem\",\"position\":2,\"name\":\"Sel\u00eanio\"}]},{\"@type\":\"WebSite\",\"@id\":\"https:\/\/chemuza.org\/pt\/#website\",\"url\":\"https:\/\/chemuza.org\/pt\/\",\"name\":\"Chemuza\",\"description\":\"Sua porta de entrada para a descoberta qu\u00edmica!\",\"publisher\":{\"@id\":\"https:\/\/chemuza.org\/pt\/#organization\"},\"potentialAction\":[{\"@type\":\"SearchAction\",\"target\":{\"@type\":\"EntryPoint\",\"urlTemplate\":\"https:\/\/chemuza.org\/pt\/?s={search_term_string}\"},\"query-input\":\"required name=search_term_string\"}],\"inLanguage\":\"pt-PT\"},{\"@type\":\"Organization\",\"@id\":\"https:\/\/chemuza.org\/pt\/#organization\",\"name\":\"Chemuza\",\"url\":\"https:\/\/chemuza.org\/pt\/\",\"logo\":{\"@type\":\"ImageObject\",\"inLanguage\":\"pt-PT\",\"@id\":\"https:\/\/chemuza.org\/pt\/#\/schema\/logo\/image\/\",\"url\":\"https:\/\/chemuza.org\/pt\/wp-content\/uploads\/2023\/10\/chemuza-logo.png\",\"contentUrl\":\"https:\/\/chemuza.org\/pt\/wp-content\/uploads\/2023\/10\/chemuza-logo.png\",\"width\":387,\"height\":70,\"caption\":\"Chemuza\"},\"image\":{\"@id\":\"https:\/\/chemuza.org\/pt\/#\/schema\/logo\/image\/\"}}]}<\/script>\n<!-- \/ Yoast SEO plugin. -->","yoast_head_json":{"title":"Sel\u00eanio - Chemuza","robots":{"index":"index","follow":"follow","max-snippet":"max-snippet:-1","max-image-preview":"max-image-preview:large","max-video-preview":"max-video-preview:-1"},"canonical":"https:\/\/chemuza.org\/pt\/selenio\/","og_locale":"pt_PT","og_type":"article","og_title":"Sel\u00eanio - Chemuza","og_description":"O sel\u00eanio est\u00e1 presente na crosta terrestre, principalmente nos solos e nas rochas. Geralmente \u00e9 encontrado como selenetos em elementos pesados e em quantidades menores com um elemento livre, bem como enxofre elementar. Al\u00e9m disso, pode ser obtido organicamente em certos vegetais, gr\u00e3os e frutas. Conhe\u00e7a sua origem, suas propriedades e suas amplas utiliza\u00e7\u00f5es. O ... Ler mais","og_url":"https:\/\/chemuza.org\/pt\/selenio\/","og_site_name":"Statorials","twitter_card":"summary_large_image","twitter_misc":{"Tempo estimado de leitura":"4 minutos"},"schema":{"@context":"https:\/\/schema.org","@graph":[{"@type":"WebPage","@id":"https:\/\/chemuza.org\/pt\/selenio\/","url":"https:\/\/chemuza.org\/pt\/selenio\/","name":"Sel\u00eanio - Chemuza","isPartOf":{"@id":"https:\/\/chemuza.org\/pt\/#website"},"datePublished":"2023-07-14T16:13:18+00:00","dateModified":"2023-07-14T16:13:18+00:00","breadcrumb":{"@id":"https:\/\/chemuza.org\/pt\/selenio\/#breadcrumb"},"inLanguage":"pt-PT","potentialAction":[{"@type":"ReadAction","target":["https:\/\/chemuza.org\/pt\/selenio\/"]}]},{"@type":"BreadcrumbList","@id":"https:\/\/chemuza.org\/pt\/selenio\/#breadcrumb","itemListElement":[{"@type":"ListItem","position":1,"name":"Lar","item":"https:\/\/chemuza.org\/pt\/"},{"@type":"ListItem","position":2,"name":"Sel\u00eanio"}]},{"@type":"WebSite","@id":"https:\/\/chemuza.org\/pt\/#website","url":"https:\/\/chemuza.org\/pt\/","name":"Chemuza","description":"Sua porta de entrada para a descoberta qu\u00edmica!","publisher":{"@id":"https:\/\/chemuza.org\/pt\/#organization"},"potentialAction":[{"@type":"SearchAction","target":{"@type":"EntryPoint","urlTemplate":"https:\/\/chemuza.org\/pt\/?s={search_term_string}"},"query-input":"required name=search_term_string"}],"inLanguage":"pt-PT"},{"@type":"Organization","@id":"https:\/\/chemuza.org\/pt\/#organization","name":"Chemuza","url":"https:\/\/chemuza.org\/pt\/","logo":{"@type":"ImageObject","inLanguage":"pt-PT","@id":"https:\/\/chemuza.org\/pt\/#\/schema\/logo\/image\/","url":"https:\/\/chemuza.org\/pt\/wp-content\/uploads\/2023\/10\/chemuza-logo.png","contentUrl":"https:\/\/chemuza.org\/pt\/wp-content\/uploads\/2023\/10\/chemuza-logo.png","width":387,"height":70,"caption":"Chemuza"},"image":{"@id":"https:\/\/chemuza.org\/pt\/#\/schema\/logo\/image\/"}}]}},"yoast_meta":{"yoast_wpseo_title":"","yoast_wpseo_metadesc":"","yoast_wpseo_canonical":""},"_links":{"self":[{"href":"https:\/\/chemuza.org\/pt\/wp-json\/wp\/v2\/pages\/1493","targetHints":{"allow":["GET"]}}],"collection":[{"href":"https:\/\/chemuza.org\/pt\/wp-json\/wp\/v2\/pages"}],"about":[{"href":"https:\/\/chemuza.org\/pt\/wp-json\/wp\/v2\/types\/page"}],"author":[{"embeddable":true,"href":"https:\/\/chemuza.org\/pt\/wp-json\/wp\/v2\/users\/1"}],"replies":[{"embeddable":true,"href":"https:\/\/chemuza.org\/pt\/wp-json\/wp\/v2\/comments?post=1493"}],"version-history":[{"count":0,"href":"https:\/\/chemuza.org\/pt\/wp-json\/wp\/v2\/pages\/1493\/revisions"}],"wp:attachment":[{"href":"https:\/\/chemuza.org\/pt\/wp-json\/wp\/v2\/media?parent=1493"}],"curies":[{"name":"wp","href":"https:\/\/api.w.org\/{rel}","templated":true}]}}