{"id":1492,"date":"2023-07-14T16:36:05","date_gmt":"2023-07-14T16:36:05","guid":{"rendered":"https:\/\/chemuza.org\/pt\/rutenio\/"},"modified":"2023-07-14T16:36:05","modified_gmt":"2023-07-14T16:36:05","slug":"rutenio","status":"publish","type":"page","link":"https:\/\/chemuza.org\/pt\/rutenio\/","title":{"rendered":"Rut\u00eanio"},"content":{"rendered":"<p>O rut\u00eanio \u00e9 um dos metais mais raros da crosta terrestre e \u00e9 encontrado em estado bruto na natureza. No entanto, est\u00e1 associado a outros metais como a platina e minerais como a piroxenita e a pentlandita, que \u00e9 um sulfeto de ferro e n\u00edquel. Tamb\u00e9m \u00e9 usado como catalisador em certas ligas de platina. Saiba o que significa, para que serve e suas propriedades.<\/p>\n<h2> <strong>O que \u00e9 rut\u00eanio?<\/strong><\/h2>\n<p> \u00c9 um metal de transi\u00e7\u00e3o duro, quebradi\u00e7o e branco brilhante que possui quatro formas cristalinas diferentes. Pode ser dissolvido em bases fundidas e \u00e0 temperatura ambiente n\u00e3o \u00e9 atacado por \u00e1cidos. Por outro lado, em altas temperaturas, pode reagir com hidrog\u00eanios e halog\u00eanios.<\/p>\n<h3> <strong>S\u00edmbolo de rut\u00eanio<\/strong><\/h3>\n<p> <span class=\"content-chemical-element\" style=\"float: left;width: 65px;height: 65px;border: 3px solid #666; display:flex;\n    justify-content: center;align-items: center;margin-right: 15px;\"><span style=\"font-size: 38px;\">Ru<\/span><\/span> Est\u00e1 localizado no grupo 8 da tabela peri\u00f3dica com n\u00famero at\u00f4mico 44 e peso at\u00f4mico 101,07. Seus estados de oxida\u00e7\u00e3o s\u00e3o +2, +3, +4 e pode haver compostos em que seu estado de oxida\u00e7\u00e3o seja de 0 a +8.<\/p>\n<h2> <strong>Caracter\u00edsticas do Rut\u00eanio<\/strong><\/h2>\n<p> Este metal de transi\u00e7\u00e3o \u00e9 resistente \u00e0 maioria dos \u00e1cidos e \u00e9 um dos menos comuns, mesmo na qu\u00edmica. Algumas das principais caracter\u00edsticas que o diferenciam s\u00e3o:<\/p>\n<ul>\n<li> <strong>Magn\u00e9tico:<\/strong> \u00c0 temperatura ambiente, possui propriedades ferromagn\u00e9ticas.<\/li>\n<li> <strong>Maleabilidade:<\/strong> Quando encontrado em altas temperaturas.<\/li>\n<li> <strong>Dureza:<\/strong> \u00c9 duro e muito fr\u00e1gil, por isso \u00e9 dif\u00edcil de motorizar.<\/li>\n<li> <strong>Solubilidade:<\/strong> Em \u00e1cidos n\u00e3o \u00e9 sol\u00favel, mas em \u00e1gua \u00e9 sol\u00favel.<\/li>\n<li> <strong>Condi\u00e7\u00e3o<\/strong> : S\u00f3lido.<\/li>\n<\/ul>\n<h2> <strong>Propriedades qu\u00edmicas e f\u00edsicas do rut\u00eanio<\/strong><\/h2>\n<ol>\n<li> <strong>N\u00famero at\u00f4mico<\/strong> : 44<\/li>\n<li> <strong>Val\u00eancia:<\/strong> 2, 3, 4, 6, 8<\/li>\n<li> <strong>Ponto de fus\u00e3o:<\/strong> 2607 K<\/li>\n<li> <strong>Ponto de ebuli\u00e7\u00e3o:<\/strong> 4423 K<\/li>\n<li> <strong>Calor espec\u00edfico:<\/strong> 238 J<\/li>\n<li> <strong>Entalpia de fus\u00e3o:<\/strong> 24 Kj\/mol<\/li>\n<li> <strong>Densidade:<\/strong> 12370 kg\/m\u00b3<\/li>\n<li> <strong>Eletronegatividade:<\/strong> 2,2<\/li>\n<li> <strong>Velocidade do som:<\/strong> 5.970 m\/s a 293,15 K<\/li>\n<li> <strong>Massa at\u00f4mica (g\/mol):<\/strong> 101,07<\/li>\n<li> <strong>Raio covalente (\u00c5):<\/strong> 126<\/li>\n<li> <strong>Estrutura cristalina:<\/strong> hexagonal<\/li>\n<li> <strong>Press\u00e3o de vapor:<\/strong> 1,4 Pa a 2523 K<\/li>\n<li> <strong>Configura\u00e7\u00e3o eletr\u00f4nica:<\/strong> [Kr] 4d <sup>7<\/sup> 5s <sup>1<\/sup><\/li>\n<li> <strong>Entalpia de vaporiza\u00e7\u00e3o:<\/strong> 505 kJ\/mol<\/li>\n<\/ol>\n<h2> <strong>Origem do rut\u00eanio<\/strong><\/h2>\n<p> O nome vem da palavra latina Ruthenia, que significa R\u00fassia. Os qu\u00edmicos Gottfried Osann e Jons Berzelius quase descobriram este metal em 1827, enquanto analisavam o res\u00edduo deixado ap\u00f3s a dissolu\u00e7\u00e3o de uma amostra de platina com \u00e1gua r\u00e9gia. Gottfried pensou que nessa \u00e9poca havia encontrado 3 novos metais e chamou um deles de Rut\u00eanio. No entanto, foi em 1844 que o qu\u00edmico russo Karl Ernst Claus percebeu que o \u00f3xido de platina continha um novo metal e extraiu seis gramas dele.<\/p>\n<h2> <strong>Para que \u00e9 usado o rut\u00eanio?<\/strong><\/h2>\n<p> Ligas junto com outros metais s\u00e3o usadas para contatos el\u00e9tricos e resistores de chip. Al\u00e9m disso, \u00e9 utilizado como catalisador em diversos processos e \u00e9 poss\u00edvel incorpor\u00e1-lo ao tit\u00e2nio na forma de liga, para torn\u00e1-lo mais resistente \u00e0 corros\u00e3o. Outros aplicativos tamb\u00e9m incluem:<\/p>\n<h3> <strong>Ind\u00fastrias eletr\u00f4nicas e qu\u00edmicas<\/strong><\/h3>\n<p> Folhas de rut\u00eanio s\u00e3o aplicadas em eletrodos met\u00e1licos por galvaniza\u00e7\u00e3o. Al\u00e9m disso, o \u00f3xido de rut\u00eanio \u00e9 utilizado na formula\u00e7\u00e3o de cloro, \u00e9 utilizado em catalisadores para a produ\u00e7\u00e3o de \u00e1cido ac\u00e9tico e am\u00f4nia. Por outro lado, os compostos encontram aplica\u00e7\u00e3o em c\u00e9lulas solares para obten\u00e7\u00e3o de energia el\u00e9trica. O nitreto de rut\u00eanio atua como eletrodo em baterias de l\u00edtio e \u00edons.<\/p>\n<p> Transistores para portas met\u00e1licas, camadas de eletrodos e para galvaniza\u00e7\u00e3o de pe\u00e7as s\u00e3o feitos com esse metal. Al\u00e9m disso, o vapor possui propriedades ferromagn\u00e9ticas, que s\u00e3o usadas para formar uma fina camada nos discos r\u00edgidos. Finalmente, este metal \u00e9 usado para fazer canetas-tinteiro.<\/p>\n<p> <strong>Medicamento<\/strong><\/p>\n<p> A dissec\u00e7\u00e3o beta do is\u00f3topo 106 desse metal \u00e9 utilizada para a realiza\u00e7\u00e3o de radioterapia, com o objetivo de detectar tumores oculares e diagnosticar c\u00e2ncer de \u00favea. Para determinar o n\u00edvel de calcitonina no sangue, esse metal \u00e9 ideal para diagnosticar e tratar doen\u00e7as da tireoide. Al\u00e9m disso, \u00e9 eficaz no tratamento de doen\u00e7as parasit\u00e1rias e suas ligas s\u00e3o utilizadas como material de implante em consult\u00f3rios odontol\u00f3gicos.<\/p>\n<h3> <strong>Joalheiro<\/strong><\/h3>\n<p> \u00c9 frequentemente usado para revestir joias de prata porque \u00e9 um metal brilhante e extremamente duro. O objetivo \u00e9 proteger a pe\u00e7a de riscos ou oxida\u00e7\u00f5es e dar-lhe uma forma natural.<\/p>\n<h2> <strong>Onde o rut\u00eanio \u00e9 encontrado?<\/strong><\/h2>\n<p> \u00c9 encontrado livremente na natureza e em outros metais como Anduoita e Pentlandita. Curiosamente, pode ser obtido a partir de combust\u00edvel nuclear n\u00e3o utilizado, mas conter\u00e1 radioatividade nos is\u00f3topos. Nestes casos, deve ser armazenado por pelo menos dez anos, para poder utiliz\u00e1-lo com seguran\u00e7a.<\/p>\n<p> Resumindo, o rut\u00eanio \u00e9 um metal de transi\u00e7\u00e3o bastante raro encontrado na natureza. \u00c9 utilizado tanto na ind\u00fastria qu\u00edmica quanto na medicina; al\u00e9m disso, alguns de seus compostos, como o \u00f3xido, s\u00e3o vol\u00e1teis e t\u00f3xicos.<\/p>\n","protected":false},"excerpt":{"rendered":"<p>O rut\u00eanio \u00e9 um dos metais mais raros da crosta terrestre e \u00e9 encontrado em estado bruto na natureza. No entanto, est\u00e1 associado a outros metais como a platina e minerais como a piroxenita e a pentlandita, que \u00e9 um sulfeto de ferro e n\u00edquel. Tamb\u00e9m \u00e9 usado como catalisador em certas ligas de platina. &#8230; <a title=\"Rut\u00eanio\" class=\"read-more\" href=\"https:\/\/chemuza.org\/pt\/rutenio\/\" aria-label=\"Mais em Rut\u00eanio\">Ler mais<\/a><\/p>\n","protected":false},"author":1,"featured_media":0,"parent":0,"menu_order":0,"comment_status":"closed","ping_status":"closed","template":"","meta":{"footnotes":""},"class_list":["post-1492","page","type-page","status-publish"],"yoast_head":"<!-- This site is optimized with the Yoast SEO plugin v21.4 - https:\/\/yoast.com\/wordpress\/plugins\/seo\/ -->\n<title>Rut\u00eanio - Chemuza<\/title>\n<meta name=\"robots\" content=\"index, follow, max-snippet:-1, max-image-preview:large, max-video-preview:-1\" \/>\n<link rel=\"canonical\" href=\"https:\/\/chemuza.org\/pt\/rutenio\/\" \/>\n<meta property=\"og:locale\" content=\"pt_PT\" \/>\n<meta property=\"og:type\" content=\"article\" \/>\n<meta property=\"og:title\" content=\"Rut\u00eanio - Chemuza\" \/>\n<meta property=\"og:description\" content=\"O rut\u00eanio \u00e9 um dos metais mais raros da crosta terrestre e \u00e9 encontrado em estado bruto na natureza. No entanto, est\u00e1 associado a outros metais como a platina e minerais como a piroxenita e a pentlandita, que \u00e9 um sulfeto de ferro e n\u00edquel. Tamb\u00e9m \u00e9 usado como catalisador em certas ligas de platina. ... Ler mais\" \/>\n<meta property=\"og:url\" content=\"https:\/\/chemuza.org\/pt\/rutenio\/\" \/>\n<meta property=\"og:site_name\" content=\"Statorials\" \/>\n<meta name=\"twitter:card\" content=\"summary_large_image\" \/>\n<meta name=\"twitter:label1\" content=\"Tempo estimado de leitura\" \/>\n\t<meta name=\"twitter:data1\" content=\"4 minutos\" \/>\n<script type=\"application\/ld+json\" class=\"yoast-schema-graph\">{\"@context\":\"https:\/\/schema.org\",\"@graph\":[{\"@type\":\"WebPage\",\"@id\":\"https:\/\/chemuza.org\/pt\/rutenio\/\",\"url\":\"https:\/\/chemuza.org\/pt\/rutenio\/\",\"name\":\"Rut\u00eanio - Chemuza\",\"isPartOf\":{\"@id\":\"https:\/\/chemuza.org\/pt\/#website\"},\"datePublished\":\"2023-07-14T16:36:05+00:00\",\"dateModified\":\"2023-07-14T16:36:05+00:00\",\"breadcrumb\":{\"@id\":\"https:\/\/chemuza.org\/pt\/rutenio\/#breadcrumb\"},\"inLanguage\":\"pt-PT\",\"potentialAction\":[{\"@type\":\"ReadAction\",\"target\":[\"https:\/\/chemuza.org\/pt\/rutenio\/\"]}]},{\"@type\":\"BreadcrumbList\",\"@id\":\"https:\/\/chemuza.org\/pt\/rutenio\/#breadcrumb\",\"itemListElement\":[{\"@type\":\"ListItem\",\"position\":1,\"name\":\"Lar\",\"item\":\"https:\/\/chemuza.org\/pt\/\"},{\"@type\":\"ListItem\",\"position\":2,\"name\":\"Rut\u00eanio\"}]},{\"@type\":\"WebSite\",\"@id\":\"https:\/\/chemuza.org\/pt\/#website\",\"url\":\"https:\/\/chemuza.org\/pt\/\",\"name\":\"Chemuza\",\"description\":\"Sua porta de entrada para a descoberta qu\u00edmica!\",\"publisher\":{\"@id\":\"https:\/\/chemuza.org\/pt\/#organization\"},\"potentialAction\":[{\"@type\":\"SearchAction\",\"target\":{\"@type\":\"EntryPoint\",\"urlTemplate\":\"https:\/\/chemuza.org\/pt\/?s={search_term_string}\"},\"query-input\":\"required name=search_term_string\"}],\"inLanguage\":\"pt-PT\"},{\"@type\":\"Organization\",\"@id\":\"https:\/\/chemuza.org\/pt\/#organization\",\"name\":\"Chemuza\",\"url\":\"https:\/\/chemuza.org\/pt\/\",\"logo\":{\"@type\":\"ImageObject\",\"inLanguage\":\"pt-PT\",\"@id\":\"https:\/\/chemuza.org\/pt\/#\/schema\/logo\/image\/\",\"url\":\"https:\/\/chemuza.org\/pt\/wp-content\/uploads\/2023\/10\/chemuza-logo.png\",\"contentUrl\":\"https:\/\/chemuza.org\/pt\/wp-content\/uploads\/2023\/10\/chemuza-logo.png\",\"width\":387,\"height\":70,\"caption\":\"Chemuza\"},\"image\":{\"@id\":\"https:\/\/chemuza.org\/pt\/#\/schema\/logo\/image\/\"}}]}<\/script>\n<!-- \/ Yoast SEO plugin. -->","yoast_head_json":{"title":"Rut\u00eanio - Chemuza","robots":{"index":"index","follow":"follow","max-snippet":"max-snippet:-1","max-image-preview":"max-image-preview:large","max-video-preview":"max-video-preview:-1"},"canonical":"https:\/\/chemuza.org\/pt\/rutenio\/","og_locale":"pt_PT","og_type":"article","og_title":"Rut\u00eanio - Chemuza","og_description":"O rut\u00eanio \u00e9 um dos metais mais raros da crosta terrestre e \u00e9 encontrado em estado bruto na natureza. No entanto, est\u00e1 associado a outros metais como a platina e minerais como a piroxenita e a pentlandita, que \u00e9 um sulfeto de ferro e n\u00edquel. Tamb\u00e9m \u00e9 usado como catalisador em certas ligas de platina. ... Ler mais","og_url":"https:\/\/chemuza.org\/pt\/rutenio\/","og_site_name":"Statorials","twitter_card":"summary_large_image","twitter_misc":{"Tempo estimado de leitura":"4 minutos"},"schema":{"@context":"https:\/\/schema.org","@graph":[{"@type":"WebPage","@id":"https:\/\/chemuza.org\/pt\/rutenio\/","url":"https:\/\/chemuza.org\/pt\/rutenio\/","name":"Rut\u00eanio - Chemuza","isPartOf":{"@id":"https:\/\/chemuza.org\/pt\/#website"},"datePublished":"2023-07-14T16:36:05+00:00","dateModified":"2023-07-14T16:36:05+00:00","breadcrumb":{"@id":"https:\/\/chemuza.org\/pt\/rutenio\/#breadcrumb"},"inLanguage":"pt-PT","potentialAction":[{"@type":"ReadAction","target":["https:\/\/chemuza.org\/pt\/rutenio\/"]}]},{"@type":"BreadcrumbList","@id":"https:\/\/chemuza.org\/pt\/rutenio\/#breadcrumb","itemListElement":[{"@type":"ListItem","position":1,"name":"Lar","item":"https:\/\/chemuza.org\/pt\/"},{"@type":"ListItem","position":2,"name":"Rut\u00eanio"}]},{"@type":"WebSite","@id":"https:\/\/chemuza.org\/pt\/#website","url":"https:\/\/chemuza.org\/pt\/","name":"Chemuza","description":"Sua porta de entrada para a descoberta qu\u00edmica!","publisher":{"@id":"https:\/\/chemuza.org\/pt\/#organization"},"potentialAction":[{"@type":"SearchAction","target":{"@type":"EntryPoint","urlTemplate":"https:\/\/chemuza.org\/pt\/?s={search_term_string}"},"query-input":"required name=search_term_string"}],"inLanguage":"pt-PT"},{"@type":"Organization","@id":"https:\/\/chemuza.org\/pt\/#organization","name":"Chemuza","url":"https:\/\/chemuza.org\/pt\/","logo":{"@type":"ImageObject","inLanguage":"pt-PT","@id":"https:\/\/chemuza.org\/pt\/#\/schema\/logo\/image\/","url":"https:\/\/chemuza.org\/pt\/wp-content\/uploads\/2023\/10\/chemuza-logo.png","contentUrl":"https:\/\/chemuza.org\/pt\/wp-content\/uploads\/2023\/10\/chemuza-logo.png","width":387,"height":70,"caption":"Chemuza"},"image":{"@id":"https:\/\/chemuza.org\/pt\/#\/schema\/logo\/image\/"}}]}},"yoast_meta":{"yoast_wpseo_title":"","yoast_wpseo_metadesc":"","yoast_wpseo_canonical":""},"_links":{"self":[{"href":"https:\/\/chemuza.org\/pt\/wp-json\/wp\/v2\/pages\/1492","targetHints":{"allow":["GET"]}}],"collection":[{"href":"https:\/\/chemuza.org\/pt\/wp-json\/wp\/v2\/pages"}],"about":[{"href":"https:\/\/chemuza.org\/pt\/wp-json\/wp\/v2\/types\/page"}],"author":[{"embeddable":true,"href":"https:\/\/chemuza.org\/pt\/wp-json\/wp\/v2\/users\/1"}],"replies":[{"embeddable":true,"href":"https:\/\/chemuza.org\/pt\/wp-json\/wp\/v2\/comments?post=1492"}],"version-history":[{"count":0,"href":"https:\/\/chemuza.org\/pt\/wp-json\/wp\/v2\/pages\/1492\/revisions"}],"wp:attachment":[{"href":"https:\/\/chemuza.org\/pt\/wp-json\/wp\/v2\/media?parent=1492"}],"curies":[{"name":"wp","href":"https:\/\/api.w.org\/{rel}","templated":true}]}}