{"id":1490,"date":"2023-07-14T17:14:44","date_gmt":"2023-07-14T17:14:44","guid":{"rendered":"https:\/\/chemuza.org\/pt\/criptonio\/"},"modified":"2023-07-14T17:14:44","modified_gmt":"2023-07-14T17:14:44","slug":"criptonio","status":"publish","type":"page","link":"https:\/\/chemuza.org\/pt\/criptonio\/","title":{"rendered":"Cript\u00f4nio"},"content":{"rendered":"<p>Voc\u00ea sabia que aproximadamente 1 ppm de ar, ou 0,0001% da atmosfera terrestre, cont\u00e9m o elemento Krypton? No entanto, isto geralmente n\u00e3o \u00e9 conseguido com muita facilidade. Al\u00e9m disso, gra\u00e7as \u00e0s suas propriedades, tem contribu\u00eddo para o desenvolvimento de estudos sobre fus\u00e3o nuclear. Descubra a seguir o que \u00e9, suas caracter\u00edsticas e suas utiliza\u00e7\u00f5es.<\/p>\n<h2> <strong>O que \u00e9 Krypton ou Krypton?<\/strong><\/h2>\n<p> Krypton \u00e9 um g\u00e1s nobre que, ao contr\u00e1rio de outros elementos do Grupo 18, emite uma luz branca incandescente quando excitado num campo el\u00e9ctrico. Na verdade, ele emite sua pr\u00f3pria luz ou espectro verde-amarelado e vermelho-laranja. Sua estrutura s\u00f3lida \u00e9 de cor branca, por\u00e9m geralmente \u00e9 incolor, ins\u00edpido e inodoro quando na forma gasosa. Al\u00e9m disso, \u00e9 monoat\u00f4mico, com baix\u00edssima reatividade e tr\u00eas vezes mais denso que o ar.<\/p>\n<h3> <strong>S\u00edmbolo de cript\u00f4nio<\/strong><\/h3>\n<p> <span class=\"content-chemical-element\" style=\"float: left;width: 65px;height: 65px;border: 3px solid #666; display:flex;\n    justify-content: center;align-items: center;margin-right: 15px;\"><span style=\"font-size: 38px;\">Kr<\/span><\/span> O s\u00edmbolo de Krypton vem da palavra grega <em>kryptos<\/em> , que significa &#8221; <em>oculto&#8221;.<\/em> O g\u00e1s recebe esse nome devido \u00e0 sua presen\u00e7a extremamente pequena, tanto que era considerado oculto, oculto ou oculto. \u00c9 tamb\u00e9m porque foi dif\u00edcil isol\u00e1-lo.<\/p>\n<h2> <strong>Caracter\u00edsticas de Cript\u00f4nio<\/strong><\/h2>\n<p> Dentre as caracter\u00edsticas do Cript\u00f4nio, destacamos sua baixa solubilidade em \u00e1gua, sua densidade de 2,413 g\/cm\u00b3 no ponto de ebuli\u00e7\u00e3o e sua dificuldade em polarizar seus \u00e1tomos. Possui uma estrutura cristalina c\u00fabica de face centrada, assim como o restante dos gases nobres. Confira outros dados:<\/p>\n<ul>\n<li> <strong>Reatividade Qu\u00edmica<\/strong> : Necess\u00e1ria para formar compostos, 6 is\u00f3topos est\u00e1veis e 17 radiois\u00f3topos.<\/li>\n<li> <strong>Cor<\/strong> : \u00c9 incolor no estado gasoso, mas branco no estado s\u00f3lido.<\/li>\n<li> <strong>Derretimento e ebuli\u00e7\u00e3o<\/strong> : Pode cristalizar a -157\u00baC, embora necessite de uma temperatura pr\u00f3xima de -273,15\u00b0C para condensar no estado l\u00edquido.<\/li>\n<li> <strong>Estado<\/strong> : Em geral sua fase normal \u00e9 gasosa.<\/li>\n<li> <strong>Mudan\u00e7as<\/strong> : Se a temperatura cair, seus \u00e1tomos se unem lentamente at\u00e9 formar um cristal branco. Eles podem at\u00e9 estar contidos em clatratos, redes de mol\u00e9culas de \u00e1gua.<\/li>\n<li> <strong>Temperatura<\/strong> : Com uma temperatura de -189,15\u00b0 C apresenta uma press\u00e3o de 1 kPa.<\/li>\n<li> <strong>Eletronegatividade<\/strong> : \u00c9 o primeiro g\u00e1s raro a receber um valor de eletronegatividade na escala de Pauling.<\/li>\n<li> <strong>Ordem magn\u00e9tica<\/strong> : \u00c9 diamagn\u00e9tica.<\/li>\n<li> <strong>Ponto cr\u00edtico<\/strong> : 209,48 K<\/li>\n<li> <strong>\u00cdndice de oxida\u00e7\u00e3o<\/strong> : Embora seus \u00e1tomos sejam neutros, pode perder el\u00e9trons criando liga\u00e7\u00f5es com o Fl\u00faor, o elemento mais eletronegativo.<\/li>\n<\/ul>\n<h2> <strong>Propriedades qu\u00edmicas e f\u00edsicas do cript\u00f4nio<\/strong><\/h2>\n<ol>\n<li> <strong>N\u00famero at\u00f4mico<\/strong> : 36<\/li>\n<li> <strong>Raio covalente (\u00c5)<\/strong> : 230 pm<\/li>\n<li> <strong>Calor espec\u00edfico<\/strong> : 248 J\/(K-kg)<\/li>\n<li> <strong>Massa at\u00f4mica (g\/mol)<\/strong> : 83,80<\/li>\n<li> <strong>Entalpia de vaporiza\u00e7\u00e3o<\/strong> : 9.029 kJ\/mol<\/li>\n<li> <strong>Estados de oxida\u00e7\u00e3o<\/strong> : N\u00e3o<\/li>\n<li> <strong>Ponto de fus\u00e3o<\/strong> : \u2212157\u00b0C (115,79K)<\/li>\n<li> <strong>Entalpia de fus\u00e3o<\/strong> : 1.638 kJ\/mol<\/li>\n<li> <strong>Ferrugem<\/strong> : N\u00e3o<\/li>\n<li> <strong>El\u00e9trons por n\u00edvel<\/strong> : 2, 8, 18, 8<\/li>\n<li> <strong>Raio at\u00f4mico (\u00c5)<\/strong> : 88 pm<\/li>\n<li> <strong>Eletronegatividade<\/strong> : 3,00<\/li>\n<li> <strong>Densidade (g\/ml)<\/strong> : (273 K) 3.708 kg\/m <sup>3<\/sup><\/li>\n<li> <strong>Ponto de ebuli\u00e7\u00e3o<\/strong> : \u2212153\u00b0C (119,93K)<\/li>\n<li> <strong>Primeiro potencial de ioniza\u00e7\u00e3o (eV)<\/strong> : 1350,8 kJ\/mol<\/li>\n<li> <strong>Configura\u00e7\u00e3o eletr\u00f4nica<\/strong> : [Ar]3d <sup>10<\/sup> 4s <sup>2<\/sup> 4p <sup>6<\/sup><\/li>\n<li> <strong>Velocidade do som<\/strong> : 1120 m\/s a 293,15 K<\/li>\n<\/ol>\n<h2> <strong>Origem de Krypton<\/strong><\/h2>\n<p> Foi descoberto pelo qu\u00edmico Sir William Ramsay, junto com seu assistente Morris W. Travers, em 30 de maio de 1898. Esses dois brit\u00e2nicos liquefizeram o ar e depois realizaram a destila\u00e7\u00e3o fracionada. Desta forma, ao aquecer excessivamente o ar l\u00edquido e evaporar a maior parte da amostra, obtiveram as propriedades do g\u00e1s em quest\u00e3o.<\/p>\n<h2> <strong>Para que \u00e9 usado o Krypton?<\/strong><\/h2>\n<p> Existem muitas aplica\u00e7\u00f5es, por exemplo, \u00e9 utilizado em dispositivos ou dispositivos fabricados para ilumina\u00e7\u00e3o, como l\u00e2mpadas de flash de alta velocidade. Da mesma forma, sua luz branca \u00e9 utilizada dentro de tubos de g\u00e1s para criar o efeito Neon. Observe outros usos deste g\u00e1s:<\/p>\n<ul>\n<li> A luz branca do elemento qu\u00edmico Krypton \u00e9 usada em aeroportos como flash instant\u00e2neo para pistas.<\/li>\n<li> \u00c9 adicionado \u00e0s l\u00e2mpadas fluorescentes de arg\u00f4nio para aumentar sua vida \u00fatil, aumentar seu brilho e seu custo.<\/li>\n<li> Em projetores de alta defini\u00e7\u00e3o para shows de luzes ou lasers.<\/li>\n<li> \u00c9 usado na fabrica\u00e7\u00e3o de lasers de radia\u00e7\u00e3o ultravioleta para cirurgia m\u00e9dica, fotolitografia, pesquisa de fus\u00e3o nuclear, modifica\u00e7\u00e3o de compostos s\u00f3lidos e microusinagem de materiais.<\/li>\n<li> Na medicina como anestesia, detector de anomalias card\u00edacas, resson\u00e2ncia magn\u00e9tica e absorvedor de raios X.<\/li>\n<\/ul>\n<h2> <strong>De onde vem Krypton?<\/strong><\/h2>\n<p> \u00c9 um g\u00e1s presente em toda a atmosfera terrestre e do qual n\u00e3o consegue escapar devido ao campo gravitacional. Al\u00e9m disso, \u00e9 encontrado entre gases vulc\u00e2nicos, g\u00eaiseres, fontes termais, dep\u00f3sitos de g\u00e1s natural e alguns minerais, mas em pequenas quantidades. \u00c9 extra\u00eddo do ar por liquefa\u00e7\u00e3o e destila\u00e7\u00e3o fracionada. Outro m\u00e9todo envolve a fus\u00e3o nuclear de ur\u00e2nio e plut\u00f4nio.<\/p>\n<p> Concluindo, Krypton \u00e9 conhecido por seu interessante espectro de cores verdes, embora seja um elemento qu\u00edmico gasoso, o que significa que \u00e9 incolor, inodoro e ins\u00edpido. Al\u00e9m disso, possui pouca reatividade, densidade tr\u00eas vezes maior que a do ar e aspecto branco no estado s\u00f3lido.<\/p>\n","protected":false},"excerpt":{"rendered":"<p>Voc\u00ea sabia que aproximadamente 1 ppm de ar, ou 0,0001% da atmosfera terrestre, cont\u00e9m o elemento Krypton? No entanto, isto geralmente n\u00e3o \u00e9 conseguido com muita facilidade. Al\u00e9m disso, gra\u00e7as \u00e0s suas propriedades, tem contribu\u00eddo para o desenvolvimento de estudos sobre fus\u00e3o nuclear. Descubra a seguir o que \u00e9, suas caracter\u00edsticas e suas utiliza\u00e7\u00f5es. O &#8230; <a title=\"Cript\u00f4nio\" class=\"read-more\" href=\"https:\/\/chemuza.org\/pt\/criptonio\/\" aria-label=\"Mais em Cript\u00f4nio\">Ler mais<\/a><\/p>\n","protected":false},"author":1,"featured_media":0,"parent":0,"menu_order":0,"comment_status":"closed","ping_status":"closed","template":"","meta":{"footnotes":""},"class_list":["post-1490","page","type-page","status-publish"],"yoast_head":"<!-- This site is optimized with the Yoast SEO plugin v21.4 - https:\/\/yoast.com\/wordpress\/plugins\/seo\/ -->\n<title>Krypton - Chemuza<\/title>\n<meta name=\"robots\" content=\"index, follow, max-snippet:-1, max-image-preview:large, max-video-preview:-1\" \/>\n<link rel=\"canonical\" href=\"https:\/\/chemuza.org\/pt\/criptonio\/\" \/>\n<meta property=\"og:locale\" content=\"pt_PT\" \/>\n<meta property=\"og:type\" content=\"article\" \/>\n<meta property=\"og:title\" content=\"Krypton - Chemuza\" \/>\n<meta property=\"og:description\" content=\"Voc\u00ea sabia que aproximadamente 1 ppm de ar, ou 0,0001% da atmosfera terrestre, cont\u00e9m o elemento Krypton? No entanto, isto geralmente n\u00e3o \u00e9 conseguido com muita facilidade. Al\u00e9m disso, gra\u00e7as \u00e0s suas propriedades, tem contribu\u00eddo para o desenvolvimento de estudos sobre fus\u00e3o nuclear. Descubra a seguir o que \u00e9, suas caracter\u00edsticas e suas utiliza\u00e7\u00f5es. O ... Ler mais\" \/>\n<meta property=\"og:url\" content=\"https:\/\/chemuza.org\/pt\/criptonio\/\" \/>\n<meta property=\"og:site_name\" content=\"Statorials\" \/>\n<meta name=\"twitter:card\" content=\"summary_large_image\" \/>\n<meta name=\"twitter:label1\" content=\"Tempo estimado de leitura\" \/>\n\t<meta name=\"twitter:data1\" content=\"4 minutos\" \/>\n<script type=\"application\/ld+json\" class=\"yoast-schema-graph\">{\"@context\":\"https:\/\/schema.org\",\"@graph\":[{\"@type\":\"WebPage\",\"@id\":\"https:\/\/chemuza.org\/pt\/criptonio\/\",\"url\":\"https:\/\/chemuza.org\/pt\/criptonio\/\",\"name\":\"Krypton - Chemuza\",\"isPartOf\":{\"@id\":\"https:\/\/chemuza.org\/pt\/#website\"},\"datePublished\":\"2023-07-14T17:14:44+00:00\",\"dateModified\":\"2023-07-14T17:14:44+00:00\",\"breadcrumb\":{\"@id\":\"https:\/\/chemuza.org\/pt\/criptonio\/#breadcrumb\"},\"inLanguage\":\"pt-PT\",\"potentialAction\":[{\"@type\":\"ReadAction\",\"target\":[\"https:\/\/chemuza.org\/pt\/criptonio\/\"]}]},{\"@type\":\"BreadcrumbList\",\"@id\":\"https:\/\/chemuza.org\/pt\/criptonio\/#breadcrumb\",\"itemListElement\":[{\"@type\":\"ListItem\",\"position\":1,\"name\":\"Lar\",\"item\":\"https:\/\/chemuza.org\/pt\/\"},{\"@type\":\"ListItem\",\"position\":2,\"name\":\"Cript\u00f4nio\"}]},{\"@type\":\"WebSite\",\"@id\":\"https:\/\/chemuza.org\/pt\/#website\",\"url\":\"https:\/\/chemuza.org\/pt\/\",\"name\":\"Chemuza\",\"description\":\"Sua porta de entrada para a descoberta qu\u00edmica!\",\"publisher\":{\"@id\":\"https:\/\/chemuza.org\/pt\/#organization\"},\"potentialAction\":[{\"@type\":\"SearchAction\",\"target\":{\"@type\":\"EntryPoint\",\"urlTemplate\":\"https:\/\/chemuza.org\/pt\/?s={search_term_string}\"},\"query-input\":\"required name=search_term_string\"}],\"inLanguage\":\"pt-PT\"},{\"@type\":\"Organization\",\"@id\":\"https:\/\/chemuza.org\/pt\/#organization\",\"name\":\"Chemuza\",\"url\":\"https:\/\/chemuza.org\/pt\/\",\"logo\":{\"@type\":\"ImageObject\",\"inLanguage\":\"pt-PT\",\"@id\":\"https:\/\/chemuza.org\/pt\/#\/schema\/logo\/image\/\",\"url\":\"https:\/\/chemuza.org\/pt\/wp-content\/uploads\/2023\/10\/chemuza-logo.png\",\"contentUrl\":\"https:\/\/chemuza.org\/pt\/wp-content\/uploads\/2023\/10\/chemuza-logo.png\",\"width\":387,\"height\":70,\"caption\":\"Chemuza\"},\"image\":{\"@id\":\"https:\/\/chemuza.org\/pt\/#\/schema\/logo\/image\/\"}}]}<\/script>\n<!-- \/ Yoast SEO plugin. -->","yoast_head_json":{"title":"Krypton - Chemuza","robots":{"index":"index","follow":"follow","max-snippet":"max-snippet:-1","max-image-preview":"max-image-preview:large","max-video-preview":"max-video-preview:-1"},"canonical":"https:\/\/chemuza.org\/pt\/criptonio\/","og_locale":"pt_PT","og_type":"article","og_title":"Krypton - Chemuza","og_description":"Voc\u00ea sabia que aproximadamente 1 ppm de ar, ou 0,0001% da atmosfera terrestre, cont\u00e9m o elemento Krypton? No entanto, isto geralmente n\u00e3o \u00e9 conseguido com muita facilidade. Al\u00e9m disso, gra\u00e7as \u00e0s suas propriedades, tem contribu\u00eddo para o desenvolvimento de estudos sobre fus\u00e3o nuclear. Descubra a seguir o que \u00e9, suas caracter\u00edsticas e suas utiliza\u00e7\u00f5es. O ... Ler mais","og_url":"https:\/\/chemuza.org\/pt\/criptonio\/","og_site_name":"Statorials","twitter_card":"summary_large_image","twitter_misc":{"Tempo estimado de leitura":"4 minutos"},"schema":{"@context":"https:\/\/schema.org","@graph":[{"@type":"WebPage","@id":"https:\/\/chemuza.org\/pt\/criptonio\/","url":"https:\/\/chemuza.org\/pt\/criptonio\/","name":"Krypton - Chemuza","isPartOf":{"@id":"https:\/\/chemuza.org\/pt\/#website"},"datePublished":"2023-07-14T17:14:44+00:00","dateModified":"2023-07-14T17:14:44+00:00","breadcrumb":{"@id":"https:\/\/chemuza.org\/pt\/criptonio\/#breadcrumb"},"inLanguage":"pt-PT","potentialAction":[{"@type":"ReadAction","target":["https:\/\/chemuza.org\/pt\/criptonio\/"]}]},{"@type":"BreadcrumbList","@id":"https:\/\/chemuza.org\/pt\/criptonio\/#breadcrumb","itemListElement":[{"@type":"ListItem","position":1,"name":"Lar","item":"https:\/\/chemuza.org\/pt\/"},{"@type":"ListItem","position":2,"name":"Cript\u00f4nio"}]},{"@type":"WebSite","@id":"https:\/\/chemuza.org\/pt\/#website","url":"https:\/\/chemuza.org\/pt\/","name":"Chemuza","description":"Sua porta de entrada para a descoberta qu\u00edmica!","publisher":{"@id":"https:\/\/chemuza.org\/pt\/#organization"},"potentialAction":[{"@type":"SearchAction","target":{"@type":"EntryPoint","urlTemplate":"https:\/\/chemuza.org\/pt\/?s={search_term_string}"},"query-input":"required name=search_term_string"}],"inLanguage":"pt-PT"},{"@type":"Organization","@id":"https:\/\/chemuza.org\/pt\/#organization","name":"Chemuza","url":"https:\/\/chemuza.org\/pt\/","logo":{"@type":"ImageObject","inLanguage":"pt-PT","@id":"https:\/\/chemuza.org\/pt\/#\/schema\/logo\/image\/","url":"https:\/\/chemuza.org\/pt\/wp-content\/uploads\/2023\/10\/chemuza-logo.png","contentUrl":"https:\/\/chemuza.org\/pt\/wp-content\/uploads\/2023\/10\/chemuza-logo.png","width":387,"height":70,"caption":"Chemuza"},"image":{"@id":"https:\/\/chemuza.org\/pt\/#\/schema\/logo\/image\/"}}]}},"yoast_meta":{"yoast_wpseo_title":"","yoast_wpseo_metadesc":"","yoast_wpseo_canonical":""},"_links":{"self":[{"href":"https:\/\/chemuza.org\/pt\/wp-json\/wp\/v2\/pages\/1490","targetHints":{"allow":["GET"]}}],"collection":[{"href":"https:\/\/chemuza.org\/pt\/wp-json\/wp\/v2\/pages"}],"about":[{"href":"https:\/\/chemuza.org\/pt\/wp-json\/wp\/v2\/types\/page"}],"author":[{"embeddable":true,"href":"https:\/\/chemuza.org\/pt\/wp-json\/wp\/v2\/users\/1"}],"replies":[{"embeddable":true,"href":"https:\/\/chemuza.org\/pt\/wp-json\/wp\/v2\/comments?post=1490"}],"version-history":[{"count":0,"href":"https:\/\/chemuza.org\/pt\/wp-json\/wp\/v2\/pages\/1490\/revisions"}],"wp:attachment":[{"href":"https:\/\/chemuza.org\/pt\/wp-json\/wp\/v2\/media?parent=1490"}],"curies":[{"name":"wp","href":"https:\/\/api.w.org\/{rel}","templated":true}]}}