{"id":1489,"date":"2023-07-14T17:36:59","date_gmt":"2023-07-14T17:36:59","guid":{"rendered":"https:\/\/chemuza.org\/pt\/bromo\/"},"modified":"2023-07-14T17:36:59","modified_gmt":"2023-07-14T17:36:59","slug":"bromo","status":"publish","type":"page","link":"https:\/\/chemuza.org\/pt\/bromo\/","title":{"rendered":"Bromo"},"content":{"rendered":"<p>No seu estado natural, o Bromo est\u00e1 presente nos mares na forma de brometos. Al\u00e9m disso, \u00e9 encontrado em dep\u00f3sitos subterr\u00e2neos de salmoura, que oxidam com cloro durante sua extra\u00e7\u00e3o. \u00c9 um elemento l\u00edquido irritante \u00e0 temperatura ambiente, muito corrosivo. Saiba mais sobre suas caracter\u00edsticas qu\u00edmicas e como suas propriedades s\u00e3o utilizadas.<\/p>\n<h2> <strong>O que \u00e9 bromo?<\/strong><\/h2>\n<p> \u00c9 um elemento qu\u00edmico assinado com n\u00famero at\u00f4mico 35 na tabela peri\u00f3dica, pertencente aos halogenetos. \u00c9 de consist\u00eancia l\u00edquida, de cor vermelha, denso, muito vol\u00e1til, com alta reatividade qu\u00edmica, intermedi\u00e1rio entre o iodo e o cloro. Al\u00e9m disso, \u00e9 o \u00fanico composto fluido n\u00e3o met\u00e1lico que apresenta press\u00e3o e temperatura est\u00e1veis.<\/p>\n<h3> <strong>S\u00edmbolo de bromo<\/strong><\/h3>\n<p> <span class=\"content-chemical-element\" style=\"float: left; width: 65px; height: 65px; border: 3px solid #666; display: flex; justify-content: center; align-items: center; margin-right: 15px;\"><span style=\"font-size: 38px;\">Br<\/span><\/span> o nome vem do grego bromos, cujo significado \u00e9 fedor, fedor ou pestil\u00eancia. Em 1826, foi descoberto pelo qu\u00edmico Antoine-J\u00e9r\u00f4me Balard, que notou que no seu estado natural exalava vapores com odores fortes e muito desagrad\u00e1veis.<\/p>\n<h2> <strong>Caracter\u00edsticas do bromo<\/strong><\/h2>\n<p> \u00c9 um halog\u00eanio localizado no grupo 17, per\u00edodo 4 e bloco p da tabela peri\u00f3dica. Possui um n\u00facleo est\u00e1vel de 35 pr\u00f3tons. Volatiliza facilmente em altas temperaturas, formando um g\u00e1s vermelho intenso. Al\u00e9m disso, outras propriedades s\u00e3o:<\/p>\n<ul>\n<li> <strong>Estado<\/strong> : L\u00edquido, denso e com alta volatilidade. Ao ferver, passa ao estado gasoso.<\/li>\n<li> <strong>Cor<\/strong> : Vermelho escuro met\u00e1lico.<\/li>\n<li> <strong>Sabor e cheiro<\/strong> : \u00c9 amargo, com odor sufocante e intoler\u00e1vel.<\/li>\n<li> <strong>Composi\u00e7\u00e3o<\/strong> : \u00c9 composto por mol\u00e9culas diat\u00f4micas muito ativas.<\/li>\n<li> <strong>Toxicidade<\/strong> : \u00c9 alta e causa danos consider\u00e1veis aos \u00f3rg\u00e3os vitais e \u00e0 atmosfera.<\/li>\n<li> <strong>Reatividade<\/strong> : Muito corrosivo para metais ferrosos.<\/li>\n<li> <strong>Solubilidade<\/strong> : \u00c9 fraco em \u00e1gua, mas ativo em \u00e9ter, clorof\u00f3rmio, \u00e1lcool e tetracloreto de carbono.<\/li>\n<li> <strong>Cristaliza\u00e7\u00e3o<\/strong> : No estado gasoso, as mol\u00e9culas do elemento qu\u00edmico Bromo se separam. No entanto, abaixo do seu ponto de fus\u00e3o, congela e forma cristais ortorr\u00f4mbicos vermelhos.<\/li>\n<\/ul>\n<h2> <strong>Propriedades qu\u00edmicas e f\u00edsicas do bromo<\/strong><\/h2>\n<ol>\n<li> <strong>N\u00famero at\u00f4mico<\/strong> : 35<\/li>\n<li> <strong>Per\u00edodo<\/strong> : 4<\/li>\n<li> <strong>Bloquear<\/strong> \ud83d\ude1b<\/li>\n<li> <strong>Grupo<\/strong> : 17<\/li>\n<li> <strong>Raio covalente (\u00c5):<\/strong> 114 pm<\/li>\n<li> <strong>Densidade: 3119<\/strong> Kg\/m3<\/li>\n<li> <strong>ponto de ebuli\u00e7\u00e3o:<\/strong> 59\u00b0C<\/li>\n<li> <strong>Ponto de fus\u00e3o:<\/strong> -7\u00b0C<\/li>\n<li> <strong>Raio at\u00f4mico:<\/strong> 94h<\/li>\n<li> <strong>R\u00e1dio m\u00e9dia:<\/strong> 23h.<\/li>\n<li> <strong>El\u00e9trons por camada:<\/strong> 2, 8, 18, 7<\/li>\n<li> <strong>Eletronegatividade:<\/strong> 2,96<\/li>\n<li> <strong>Calor espec\u00edfico:<\/strong> 480 J\/(K kg)<\/li>\n<li> <strong>Estado de oxida\u00e7\u00e3o<\/strong> : -1, +1, +3, +5<\/li>\n<li> <strong>Configura\u00e7\u00e3o eletr\u00f4nica:<\/strong> [Ar] 4s23d104p5<\/li>\n<li> <strong>Massa at\u00f4mica (g\/mol):<\/strong> 79,904 u<\/li>\n<li> <strong>Condutividade t\u00e9rmica:<\/strong> 0,122 W\/(Km)<\/li>\n<\/ol>\n<h2> <strong>Origem do bromo<\/strong><\/h2>\n<p> Foi descoberto pelos qu\u00edmicos Carl Jacob L\u00f6wig e Antoine Balard aproximadamente nos anos de 1825 e 1826. No caso de Carl L\u00f6wig, ele coletou \u00e1gua de um lago, adicionou cloro e \u00e9ter que, quando misturados, tornaram-se avermelhados e subst\u00e2ncia densa.<\/p>\n<p> Por sua vez, Antoine Balard combinou cinzas com salmoura para isolar o elemento. Depois destilou com di\u00f3xido de mangan\u00eas, resultando na forma\u00e7\u00e3o de vapores vermelhos que, ao condensarem, revelaram um l\u00edquido avermelhado muito escuro. Posteriormente, a partir de 1958, passou a ser produzido em maiores quantidades, pois nesse ano foram descobertas jazidas de sais ricos neste elemento.<\/p>\n<h2> <strong>Para que \u00e9 usado o bromo?<\/strong><\/h2>\n<p> Este elemento forma compostos inorg\u00e2nicos e org\u00e2nicos utilizados industrialmente para purificar a \u00e1gua, remover parasitas e oxidar compostos de petr\u00f3leo. Al\u00e9m disso, \u00e9 utilizado como corante para subst\u00e2ncias qu\u00edmicas e nas seguintes aplica\u00e7\u00f5es:<\/p>\n<h3> <strong>aditivo para gasolina<\/strong><\/h3>\n<p> O composto dibrometo de etileno elimina res\u00edduos de chumbo nos motores dos autom\u00f3veis. Desta forma, o combust\u00edvel funciona com mais precis\u00e3o e a vida \u00fatil do ve\u00edculo \u00e9 prolongada.<\/p>\n<h3> <strong>Minimize a a\u00e7\u00e3o de Merc\u00fario<\/strong><\/h3>\n<p> \u00c9 utilizado em instala\u00e7\u00f5es especiais para reduzir a a\u00e7\u00e3o do merc\u00fario, metal que se distingue pela sua toxicidade. Isto se deve \u00e0 a\u00e7\u00e3o corrosiva do bromo sobre os metais.<\/p>\n<h3> <strong>a\u00e7\u00f5es medicinais<\/strong><\/h3>\n<p> Os brometos na forma de sais s\u00e3o utilizados na prepara\u00e7\u00e3o de anticonvulsivantes. Al\u00e9m disso, compostos bromados s\u00e3o usados como ingredientes em medicamentos analg\u00e9sicos, sedativos e anti-histam\u00ednicos. Al\u00e9m disso, s\u00e3o usados em medicamentos para tratar pneumonia e depend\u00eancia de drogas.<\/p>\n<h3> <strong>retardador de chama<\/strong><\/h3>\n<p> Ao entrar em contato com as chamas, o l\u00edquido se transforma em \u00e1cido brom\u00eddrico, composto que impede a oxida\u00e7\u00e3o do fogo e o extingue. Esta propriedade o torna \u00fatil na utiliza\u00e7\u00e3o de pol\u00edmeros e resinas que retardam a a\u00e7\u00e3o do fogo.<\/p>\n<h2> <strong>Onde o bromo \u00e9 encontrado?<\/strong><\/h2>\n<p> Geralmente \u00e9 extra\u00eddo comercialmente de minas de sal e salmouras encontradas em Arkansas e Utah, nos Estados Unidos. Durante o processo de extra\u00e7\u00e3o, cloro gasoso quente \u00e9 adicionado \u00e0 salmoura para oxidar os compostos de brometo. O objetivo \u00e9 obter Bromo puro.<\/p>\n<p> Em resumo, o Bromo \u00e9 um elemento haleto, denso, l\u00edquido, vermelho e est\u00e1vel \u00e0 temperatura ambiente. Distingue-se pelo seu odor irritante, toxicidade e reatividade, portanto deve ser utilizado com cautela. No entanto, os seus compostos org\u00e2nicos e inorg\u00e2nicos s\u00e3o vitais no setor industrial e m\u00e9dico.<\/p>\n","protected":false},"excerpt":{"rendered":"<p>No seu estado natural, o Bromo est\u00e1 presente nos mares na forma de brometos. Al\u00e9m disso, \u00e9 encontrado em dep\u00f3sitos subterr\u00e2neos de salmoura, que oxidam com cloro durante sua extra\u00e7\u00e3o. \u00c9 um elemento l\u00edquido irritante \u00e0 temperatura ambiente, muito corrosivo. Saiba mais sobre suas caracter\u00edsticas qu\u00edmicas e como suas propriedades s\u00e3o utilizadas. O que \u00e9 &#8230; <a title=\"Bromo\" class=\"read-more\" href=\"https:\/\/chemuza.org\/pt\/bromo\/\" aria-label=\"Mais em Bromo\">Ler mais<\/a><\/p>\n","protected":false},"author":1,"featured_media":0,"parent":0,"menu_order":0,"comment_status":"closed","ping_status":"closed","template":"","meta":{"footnotes":""},"class_list":["post-1489","page","type-page","status-publish"],"yoast_head":"<!-- This site is optimized with the Yoast SEO plugin v21.4 - https:\/\/yoast.com\/wordpress\/plugins\/seo\/ -->\n<title>Bromo - Chemuza<\/title>\n<meta name=\"robots\" content=\"index, follow, max-snippet:-1, max-image-preview:large, max-video-preview:-1\" \/>\n<link rel=\"canonical\" href=\"https:\/\/chemuza.org\/pt\/bromo\/\" \/>\n<meta property=\"og:locale\" content=\"pt_PT\" \/>\n<meta property=\"og:type\" content=\"article\" \/>\n<meta property=\"og:title\" content=\"Bromo - Chemuza\" \/>\n<meta property=\"og:description\" content=\"No seu estado natural, o Bromo est\u00e1 presente nos mares na forma de brometos. Al\u00e9m disso, \u00e9 encontrado em dep\u00f3sitos subterr\u00e2neos de salmoura, que oxidam com cloro durante sua extra\u00e7\u00e3o. \u00c9 um elemento l\u00edquido irritante \u00e0 temperatura ambiente, muito corrosivo. Saiba mais sobre suas caracter\u00edsticas qu\u00edmicas e como suas propriedades s\u00e3o utilizadas. O que \u00e9 ... Ler mais\" \/>\n<meta property=\"og:url\" content=\"https:\/\/chemuza.org\/pt\/bromo\/\" \/>\n<meta property=\"og:site_name\" content=\"Statorials\" \/>\n<meta name=\"twitter:card\" content=\"summary_large_image\" \/>\n<meta name=\"twitter:label1\" content=\"Tempo estimado de leitura\" \/>\n\t<meta name=\"twitter:data1\" content=\"4 minutos\" \/>\n<script type=\"application\/ld+json\" class=\"yoast-schema-graph\">{\"@context\":\"https:\/\/schema.org\",\"@graph\":[{\"@type\":\"WebPage\",\"@id\":\"https:\/\/chemuza.org\/pt\/bromo\/\",\"url\":\"https:\/\/chemuza.org\/pt\/bromo\/\",\"name\":\"Bromo - Chemuza\",\"isPartOf\":{\"@id\":\"https:\/\/chemuza.org\/pt\/#website\"},\"datePublished\":\"2023-07-14T17:36:59+00:00\",\"dateModified\":\"2023-07-14T17:36:59+00:00\",\"breadcrumb\":{\"@id\":\"https:\/\/chemuza.org\/pt\/bromo\/#breadcrumb\"},\"inLanguage\":\"pt-PT\",\"potentialAction\":[{\"@type\":\"ReadAction\",\"target\":[\"https:\/\/chemuza.org\/pt\/bromo\/\"]}]},{\"@type\":\"BreadcrumbList\",\"@id\":\"https:\/\/chemuza.org\/pt\/bromo\/#breadcrumb\",\"itemListElement\":[{\"@type\":\"ListItem\",\"position\":1,\"name\":\"Lar\",\"item\":\"https:\/\/chemuza.org\/pt\/\"},{\"@type\":\"ListItem\",\"position\":2,\"name\":\"Bromo\"}]},{\"@type\":\"WebSite\",\"@id\":\"https:\/\/chemuza.org\/pt\/#website\",\"url\":\"https:\/\/chemuza.org\/pt\/\",\"name\":\"Chemuza\",\"description\":\"Sua porta de entrada para a descoberta qu\u00edmica!\",\"publisher\":{\"@id\":\"https:\/\/chemuza.org\/pt\/#organization\"},\"potentialAction\":[{\"@type\":\"SearchAction\",\"target\":{\"@type\":\"EntryPoint\",\"urlTemplate\":\"https:\/\/chemuza.org\/pt\/?s={search_term_string}\"},\"query-input\":\"required name=search_term_string\"}],\"inLanguage\":\"pt-PT\"},{\"@type\":\"Organization\",\"@id\":\"https:\/\/chemuza.org\/pt\/#organization\",\"name\":\"Chemuza\",\"url\":\"https:\/\/chemuza.org\/pt\/\",\"logo\":{\"@type\":\"ImageObject\",\"inLanguage\":\"pt-PT\",\"@id\":\"https:\/\/chemuza.org\/pt\/#\/schema\/logo\/image\/\",\"url\":\"https:\/\/chemuza.org\/pt\/wp-content\/uploads\/2023\/10\/chemuza-logo.png\",\"contentUrl\":\"https:\/\/chemuza.org\/pt\/wp-content\/uploads\/2023\/10\/chemuza-logo.png\",\"width\":387,\"height\":70,\"caption\":\"Chemuza\"},\"image\":{\"@id\":\"https:\/\/chemuza.org\/pt\/#\/schema\/logo\/image\/\"}}]}<\/script>\n<!-- \/ Yoast SEO plugin. -->","yoast_head_json":{"title":"Bromo - Chemuza","robots":{"index":"index","follow":"follow","max-snippet":"max-snippet:-1","max-image-preview":"max-image-preview:large","max-video-preview":"max-video-preview:-1"},"canonical":"https:\/\/chemuza.org\/pt\/bromo\/","og_locale":"pt_PT","og_type":"article","og_title":"Bromo - Chemuza","og_description":"No seu estado natural, o Bromo est\u00e1 presente nos mares na forma de brometos. Al\u00e9m disso, \u00e9 encontrado em dep\u00f3sitos subterr\u00e2neos de salmoura, que oxidam com cloro durante sua extra\u00e7\u00e3o. \u00c9 um elemento l\u00edquido irritante \u00e0 temperatura ambiente, muito corrosivo. Saiba mais sobre suas caracter\u00edsticas qu\u00edmicas e como suas propriedades s\u00e3o utilizadas. O que \u00e9 ... Ler mais","og_url":"https:\/\/chemuza.org\/pt\/bromo\/","og_site_name":"Statorials","twitter_card":"summary_large_image","twitter_misc":{"Tempo estimado de leitura":"4 minutos"},"schema":{"@context":"https:\/\/schema.org","@graph":[{"@type":"WebPage","@id":"https:\/\/chemuza.org\/pt\/bromo\/","url":"https:\/\/chemuza.org\/pt\/bromo\/","name":"Bromo - Chemuza","isPartOf":{"@id":"https:\/\/chemuza.org\/pt\/#website"},"datePublished":"2023-07-14T17:36:59+00:00","dateModified":"2023-07-14T17:36:59+00:00","breadcrumb":{"@id":"https:\/\/chemuza.org\/pt\/bromo\/#breadcrumb"},"inLanguage":"pt-PT","potentialAction":[{"@type":"ReadAction","target":["https:\/\/chemuza.org\/pt\/bromo\/"]}]},{"@type":"BreadcrumbList","@id":"https:\/\/chemuza.org\/pt\/bromo\/#breadcrumb","itemListElement":[{"@type":"ListItem","position":1,"name":"Lar","item":"https:\/\/chemuza.org\/pt\/"},{"@type":"ListItem","position":2,"name":"Bromo"}]},{"@type":"WebSite","@id":"https:\/\/chemuza.org\/pt\/#website","url":"https:\/\/chemuza.org\/pt\/","name":"Chemuza","description":"Sua porta de entrada para a descoberta qu\u00edmica!","publisher":{"@id":"https:\/\/chemuza.org\/pt\/#organization"},"potentialAction":[{"@type":"SearchAction","target":{"@type":"EntryPoint","urlTemplate":"https:\/\/chemuza.org\/pt\/?s={search_term_string}"},"query-input":"required name=search_term_string"}],"inLanguage":"pt-PT"},{"@type":"Organization","@id":"https:\/\/chemuza.org\/pt\/#organization","name":"Chemuza","url":"https:\/\/chemuza.org\/pt\/","logo":{"@type":"ImageObject","inLanguage":"pt-PT","@id":"https:\/\/chemuza.org\/pt\/#\/schema\/logo\/image\/","url":"https:\/\/chemuza.org\/pt\/wp-content\/uploads\/2023\/10\/chemuza-logo.png","contentUrl":"https:\/\/chemuza.org\/pt\/wp-content\/uploads\/2023\/10\/chemuza-logo.png","width":387,"height":70,"caption":"Chemuza"},"image":{"@id":"https:\/\/chemuza.org\/pt\/#\/schema\/logo\/image\/"}}]}},"yoast_meta":{"yoast_wpseo_title":"","yoast_wpseo_metadesc":"","yoast_wpseo_canonical":""},"_links":{"self":[{"href":"https:\/\/chemuza.org\/pt\/wp-json\/wp\/v2\/pages\/1489","targetHints":{"allow":["GET"]}}],"collection":[{"href":"https:\/\/chemuza.org\/pt\/wp-json\/wp\/v2\/pages"}],"about":[{"href":"https:\/\/chemuza.org\/pt\/wp-json\/wp\/v2\/types\/page"}],"author":[{"embeddable":true,"href":"https:\/\/chemuza.org\/pt\/wp-json\/wp\/v2\/users\/1"}],"replies":[{"embeddable":true,"href":"https:\/\/chemuza.org\/pt\/wp-json\/wp\/v2\/comments?post=1489"}],"version-history":[{"count":0,"href":"https:\/\/chemuza.org\/pt\/wp-json\/wp\/v2\/pages\/1489\/revisions"}],"wp:attachment":[{"href":"https:\/\/chemuza.org\/pt\/wp-json\/wp\/v2\/media?parent=1489"}],"curies":[{"name":"wp","href":"https:\/\/api.w.org\/{rel}","templated":true}]}}