{"id":1488,"date":"2023-07-14T18:16:44","date_gmt":"2023-07-14T18:16:44","guid":{"rendered":"https:\/\/chemuza.org\/pt\/arsenico\/"},"modified":"2023-07-14T18:16:44","modified_gmt":"2023-07-14T18:16:44","slug":"arsenico","status":"publish","type":"page","link":"https:\/\/chemuza.org\/pt\/arsenico\/","title":{"rendered":"Ars\u00eanico"},"content":{"rendered":"<p>O ars\u00eanico \u00e9 um elemento amplamente distribu\u00eddo e de natureza mineral. Suas principais fontes s\u00e3o \u00e1gua, solo, alimentos e ar. \u00c9 forte sem se deteriorar e combina-se na sua forma natural com outros minerais para formar compostos amplamente utilizados na ind\u00fastria. Abaixo est\u00e3o seus recursos, usos e muito mais.<\/p>\n<h2> <strong>O que \u00e9 ars\u00eanico?<\/strong><\/h2>\n<p> \u00c9 um elemento qu\u00edmico pertencente \u00e0 fam\u00edlia dos metal\u00f3ides ou semimetais da tabela peri\u00f3dica. \u00c9 de cor cinza brilhante com n\u00famero at\u00f4mico 33, capaz de formar compostos t\u00f3xicos devido \u00e0 sua alta toxicidade. Al\u00e9m disso, apresenta estado s\u00f3lido na forma de sulfetos utilizados na fabrica\u00e7\u00e3o de cristais como limpador de impurezas e na produ\u00e7\u00e3o de gases t\u00f3xicos.<\/p>\n<h3> <strong>S\u00edmbolo de ars\u00eanico<\/strong><\/h3>\n<p> <span class=\"content-chemical-element\" style=\"float: left;width: 65px;height: 65px;border: 3px solid #666; display:flex;\n    justify-content: center;align-items: center;margin-right: 15px;\"><span style=\"font-size: 38px;\">Porque<\/span><\/span> o nome vem do persa zarnikh, orpiment amarelo e do grego arsenikon que significa viril. Antigamente era utilizado como pigmento amarelo que os gregos associavam ao sexo masculino, da\u00ed o seu nome. Al\u00e9m disso, os romanos deram-lhe o t\u00edtulo de orpimente devido \u00e0 sua intensa tonalidade amarela.<\/p>\n<h2> <strong>Caracter\u00edsticas do ars\u00eanico<\/strong><\/h2>\n<p> \u00c9 um metal\u00f3ide porque possui propriedades m\u00e9dias entre metais de transi\u00e7\u00e3o e n\u00e3o metais. Est\u00e1 localizado no per\u00edodo 4 e grupo 15 da tabela peri\u00f3dica sob o s\u00edmbolo As. As outras caracter\u00edsticas do Ars\u00eanico s\u00e3o:<\/p>\n<ul>\n<li> <strong>Condi\u00e7\u00e3o<\/strong> : S\u00f3lido comum.<\/li>\n<li> <strong>Cor<\/strong> : Cinza met\u00e1lico.<\/li>\n<li> <strong>Sabor e cheiro<\/strong> : N\u00e3o possui sabor caracter\u00edstico, mas seu cheiro \u00e9 semelhante ao do alho.<\/li>\n<li> <strong>Alotropia:<\/strong> Apresenta tr\u00eas estados alotr\u00f3picos, cinza, amarelo e preto. Nessas tr\u00eas facetas, conduz eletricidade, calor e forma gases durante a evapora\u00e7\u00e3o.<\/li>\n<li> <strong>Toxicidade<\/strong> : Varia dependendo dos compostos que forma, dependendo se s\u00e3o org\u00e2nicos, os mais t\u00f3xicos, inorg\u00e2nicos e ars\u00ednicos.<\/li>\n<li> <strong>Reatividade<\/strong> : Muito violento, principalmente com halog\u00eanios e oxidantes fortes, a ponto de causar inc\u00eandios.<\/li>\n<li> <strong>Estrutura<\/strong> : Varia dependendo de sua forma alotr\u00f3pica. Cinza e amarelo s\u00e3o rombo\u00e9dricos e preto \u00e9 hexagonal.<\/li>\n<li> <strong>Solubilidade<\/strong> : O ars\u00eanico em \u00e1gua \u00e9 insol\u00favel, mas se dissolve facilmente em \u00e1cidos fortes.<\/li>\n<\/ul>\n<h2> <strong>Propriedades qu\u00edmicas e f\u00edsicas do ars\u00eanico<\/strong><\/h2>\n<ol>\n<li> <strong>N\u00famero at\u00f4mico<\/strong> : 33<\/li>\n<li> <strong>Per\u00edodo<\/strong> : 4<\/li>\n<li> <strong>Bloquear<\/strong> \ud83d\ude1b<\/li>\n<li> <strong>Grupo<\/strong> : 15<\/li>\n<li> <strong>Estado de oxida\u00e7\u00e3o<\/strong> : +3, -3, 5<\/li>\n<li> <strong>Raio covalente (\u00c5):<\/strong> 13h19<\/li>\n<li> <strong>Raio i\u00f4nico:<\/strong> 0,47<\/li>\n<li> <strong>Raio m\u00e9dio:<\/strong> 13h15<\/li>\n<li> <strong>Densidade:<\/strong> 5,72 Kg\/m3<\/li>\n<li> <strong>Primeiro potencial de ioniza\u00e7\u00e3o<\/strong> (eV): 10,08 <strong>&nbsp;<\/strong><\/li>\n<li> <strong>Ponto de ebuli\u00e7\u00e3o:<\/strong> 613\u00b0C<\/li>\n<li> <strong>Ponto de fus\u00e3o:<\/strong> 817\u00b0C<\/li>\n<li> <strong>Raio at\u00f4mico:<\/strong> 13h39<\/li>\n<li> <strong>El\u00e9trons por camada:<\/strong> 2, 8, 18 <strong>,<\/strong> 5<\/li>\n<li> <strong>Eletronegatividade:<\/strong> 2,1<\/li>\n<li> <strong>Calor espec\u00edfico:<\/strong> 330 J \/ (K kg)<\/li>\n<li> <strong>Configura\u00e7\u00e3o eletr\u00f4nica:<\/strong> [Ar] 3d104s24p3<\/li>\n<li> <strong>Massa at\u00f4mica (g\/mol):<\/strong> 74,922u<\/li>\n<li> <strong>Condutividade t\u00e9rmica:<\/strong> 50 W\/(Km)<\/li>\n<\/ol>\n<h2> <strong>Origem do ars\u00eanico<\/strong><\/h2>\n<p> Este elemento remonta a AC, pois era conhecido na cultura eg\u00edpcia e era usado como corante met\u00e1lico. Al\u00e9m disso, no s\u00e9culo IV recebeu o nome de Ars\u00eanico, devido \u00e0 sua cor amarela semelhante ao ouro. Mais tarde, em 1250, foi descoberto gra\u00e7as ao qu\u00edmico alem\u00e3o Alberto Magno, que o classificou como elemento e mineral. Por\u00e9m, em 1633, foi Brandt quem o estudou a fundo e conseguiu isol\u00e1-lo para formar compostos.<\/p>\n<h2> <strong>Para que \u00e9 usado o ars\u00eanico?<\/strong><\/h2>\n<p> As aplica\u00e7\u00f5es do ars\u00eanico estendem-se \u00e0 produ\u00e7\u00e3o de ligas de cobre e chumbo, pigmentos, t\u00eaxteis, adesivos met\u00e1licos, bem como ao processamento de papel e vidro. Al\u00e9m disso, \u00e9 utilizado em curtimento de couro, fabrica\u00e7\u00e3o de aditivos, produtos farmac\u00eauticos e pesticidas. Outros usos comuns s\u00e3o:<\/p>\n<ul>\n<li> Compostos de arseniato de chumbo e cromo s\u00e3o usados para preservar a madeira.<\/li>\n<li> O arseneto de g\u00e1lio \u00e9 usado como semicondutor em circuitos el\u00e9tricos.<\/li>\n<li> O ars\u00eanico \u00e9 usado na constru\u00e7\u00e3o de LEDs e diodos laser.<\/li>\n<li> \u00c9 usado na produ\u00e7\u00e3o de venenos e herbicidas poderosos.<\/li>\n<li> \u00c9 usado para decorar vidros e cristais.<\/li>\n<li> \u00c9 princ\u00edpio ativo de alimentos de origem animal na preven\u00e7\u00e3o de doen\u00e7as.<\/li>\n<li> \u00c9 usado em pequenas quantidades em tratamentos contra c\u00e2nceres do tipo leucemia.<\/li>\n<li> \u00c9 utilizado na fabrica\u00e7\u00e3o de solu\u00e7\u00f5es m\u00e9dicas contra a psor\u00edase.<\/li>\n<\/ul>\n<h2> <strong>O que o ars\u00eanico faz no corpo humano?<\/strong><\/h2>\n<p> \u00c9 sabido que este elemento qu\u00edmico est\u00e1 presente em determinados alimentos e na \u00e1gua em baixas concentra\u00e7\u00f5es. No entanto, a exposi\u00e7\u00e3o elevada e prolongada pode ser prejudicial \u00e0 sa\u00fade. N\u00e3o \u00e9 exagero dizer que causa les\u00f5es graves na pele, c\u00e2ncer, diabetes, neurotoxicidade e doen\u00e7as cardiovasculares. Outros efeitos do envenenamento por ars\u00eanico s\u00e3o:<\/p>\n<ul>\n<li> Irrita\u00e7\u00e3o do est\u00f4mago e intestinos.<\/li>\n<li> Diminui\u00e7\u00e3o da forma\u00e7\u00e3o de gl\u00f3bulos vermelhos e brancos.<\/li>\n<li> Isso afeta a pele, causando erup\u00e7\u00f5es cut\u00e2neas.<\/li>\n<li> Isso causa infertilidade e abortos.<\/li>\n<li> Causa danos cerebrais em mulheres e homens.<\/li>\n<li> Em seu estado inorg\u00e2nico, danifica o DNA humano.<\/li>\n<li> Enfraquece o sistema imunol\u00f3gico contra infec\u00e7\u00f5es.<\/li>\n<li> Isso afeta significativamente o sistema nervoso.<\/li>\n<\/ul>\n<p> Concluindo, este elemento \u00e9 um metal\u00f3ide forte que apresenta tr\u00eas formas alotr\u00f3picas na forma\u00e7\u00e3o de compostos. Cont\u00e9m altos n\u00edveis de toxicidade utilizados na produ\u00e7\u00e3o de venenos e pesticidas. No entanto, deve ser usado com cautela porque \u00e9 perigoso para os seres humanos.<\/p>\n","protected":false},"excerpt":{"rendered":"<p>O ars\u00eanico \u00e9 um elemento amplamente distribu\u00eddo e de natureza mineral. Suas principais fontes s\u00e3o \u00e1gua, solo, alimentos e ar. \u00c9 forte sem se deteriorar e combina-se na sua forma natural com outros minerais para formar compostos amplamente utilizados na ind\u00fastria. Abaixo est\u00e3o seus recursos, usos e muito mais. O que \u00e9 ars\u00eanico? \u00c9 um &#8230; <a title=\"Ars\u00eanico\" class=\"read-more\" href=\"https:\/\/chemuza.org\/pt\/arsenico\/\" aria-label=\"Mais em Ars\u00eanico\">Ler mais<\/a><\/p>\n","protected":false},"author":1,"featured_media":0,"parent":0,"menu_order":0,"comment_status":"closed","ping_status":"closed","template":"","meta":{"footnotes":""},"class_list":["post-1488","page","type-page","status-publish"],"yoast_head":"<!-- This site is optimized with the Yoast SEO plugin v21.4 - https:\/\/yoast.com\/wordpress\/plugins\/seo\/ -->\n<title>Ars\u00eanico - Chemuza<\/title>\n<meta name=\"robots\" content=\"index, follow, max-snippet:-1, max-image-preview:large, max-video-preview:-1\" \/>\n<link rel=\"canonical\" href=\"https:\/\/chemuza.org\/pt\/arsenico\/\" \/>\n<meta property=\"og:locale\" content=\"pt_PT\" \/>\n<meta property=\"og:type\" content=\"article\" \/>\n<meta property=\"og:title\" content=\"Ars\u00eanico - Chemuza\" \/>\n<meta property=\"og:description\" content=\"O ars\u00eanico \u00e9 um elemento amplamente distribu\u00eddo e de natureza mineral. Suas principais fontes s\u00e3o \u00e1gua, solo, alimentos e ar. \u00c9 forte sem se deteriorar e combina-se na sua forma natural com outros minerais para formar compostos amplamente utilizados na ind\u00fastria. Abaixo est\u00e3o seus recursos, usos e muito mais. O que \u00e9 ars\u00eanico? \u00c9 um ... Ler mais\" \/>\n<meta property=\"og:url\" content=\"https:\/\/chemuza.org\/pt\/arsenico\/\" \/>\n<meta property=\"og:site_name\" content=\"Statorials\" \/>\n<meta name=\"twitter:card\" content=\"summary_large_image\" \/>\n<meta name=\"twitter:label1\" content=\"Tempo estimado de leitura\" \/>\n\t<meta name=\"twitter:data1\" content=\"4 minutos\" \/>\n<script type=\"application\/ld+json\" class=\"yoast-schema-graph\">{\"@context\":\"https:\/\/schema.org\",\"@graph\":[{\"@type\":\"WebPage\",\"@id\":\"https:\/\/chemuza.org\/pt\/arsenico\/\",\"url\":\"https:\/\/chemuza.org\/pt\/arsenico\/\",\"name\":\"Ars\u00eanico - Chemuza\",\"isPartOf\":{\"@id\":\"https:\/\/chemuza.org\/pt\/#website\"},\"datePublished\":\"2023-07-14T18:16:44+00:00\",\"dateModified\":\"2023-07-14T18:16:44+00:00\",\"breadcrumb\":{\"@id\":\"https:\/\/chemuza.org\/pt\/arsenico\/#breadcrumb\"},\"inLanguage\":\"pt-PT\",\"potentialAction\":[{\"@type\":\"ReadAction\",\"target\":[\"https:\/\/chemuza.org\/pt\/arsenico\/\"]}]},{\"@type\":\"BreadcrumbList\",\"@id\":\"https:\/\/chemuza.org\/pt\/arsenico\/#breadcrumb\",\"itemListElement\":[{\"@type\":\"ListItem\",\"position\":1,\"name\":\"Lar\",\"item\":\"https:\/\/chemuza.org\/pt\/\"},{\"@type\":\"ListItem\",\"position\":2,\"name\":\"Ars\u00eanico\"}]},{\"@type\":\"WebSite\",\"@id\":\"https:\/\/chemuza.org\/pt\/#website\",\"url\":\"https:\/\/chemuza.org\/pt\/\",\"name\":\"Chemuza\",\"description\":\"Sua porta de entrada para a descoberta qu\u00edmica!\",\"publisher\":{\"@id\":\"https:\/\/chemuza.org\/pt\/#organization\"},\"potentialAction\":[{\"@type\":\"SearchAction\",\"target\":{\"@type\":\"EntryPoint\",\"urlTemplate\":\"https:\/\/chemuza.org\/pt\/?s={search_term_string}\"},\"query-input\":\"required name=search_term_string\"}],\"inLanguage\":\"pt-PT\"},{\"@type\":\"Organization\",\"@id\":\"https:\/\/chemuza.org\/pt\/#organization\",\"name\":\"Chemuza\",\"url\":\"https:\/\/chemuza.org\/pt\/\",\"logo\":{\"@type\":\"ImageObject\",\"inLanguage\":\"pt-PT\",\"@id\":\"https:\/\/chemuza.org\/pt\/#\/schema\/logo\/image\/\",\"url\":\"https:\/\/chemuza.org\/pt\/wp-content\/uploads\/2023\/10\/chemuza-logo.png\",\"contentUrl\":\"https:\/\/chemuza.org\/pt\/wp-content\/uploads\/2023\/10\/chemuza-logo.png\",\"width\":387,\"height\":70,\"caption\":\"Chemuza\"},\"image\":{\"@id\":\"https:\/\/chemuza.org\/pt\/#\/schema\/logo\/image\/\"}}]}<\/script>\n<!-- \/ Yoast SEO plugin. -->","yoast_head_json":{"title":"Ars\u00eanico - Chemuza","robots":{"index":"index","follow":"follow","max-snippet":"max-snippet:-1","max-image-preview":"max-image-preview:large","max-video-preview":"max-video-preview:-1"},"canonical":"https:\/\/chemuza.org\/pt\/arsenico\/","og_locale":"pt_PT","og_type":"article","og_title":"Ars\u00eanico - Chemuza","og_description":"O ars\u00eanico \u00e9 um elemento amplamente distribu\u00eddo e de natureza mineral. Suas principais fontes s\u00e3o \u00e1gua, solo, alimentos e ar. \u00c9 forte sem se deteriorar e combina-se na sua forma natural com outros minerais para formar compostos amplamente utilizados na ind\u00fastria. Abaixo est\u00e3o seus recursos, usos e muito mais. O que \u00e9 ars\u00eanico? \u00c9 um ... Ler mais","og_url":"https:\/\/chemuza.org\/pt\/arsenico\/","og_site_name":"Statorials","twitter_card":"summary_large_image","twitter_misc":{"Tempo estimado de leitura":"4 minutos"},"schema":{"@context":"https:\/\/schema.org","@graph":[{"@type":"WebPage","@id":"https:\/\/chemuza.org\/pt\/arsenico\/","url":"https:\/\/chemuza.org\/pt\/arsenico\/","name":"Ars\u00eanico - Chemuza","isPartOf":{"@id":"https:\/\/chemuza.org\/pt\/#website"},"datePublished":"2023-07-14T18:16:44+00:00","dateModified":"2023-07-14T18:16:44+00:00","breadcrumb":{"@id":"https:\/\/chemuza.org\/pt\/arsenico\/#breadcrumb"},"inLanguage":"pt-PT","potentialAction":[{"@type":"ReadAction","target":["https:\/\/chemuza.org\/pt\/arsenico\/"]}]},{"@type":"BreadcrumbList","@id":"https:\/\/chemuza.org\/pt\/arsenico\/#breadcrumb","itemListElement":[{"@type":"ListItem","position":1,"name":"Lar","item":"https:\/\/chemuza.org\/pt\/"},{"@type":"ListItem","position":2,"name":"Ars\u00eanico"}]},{"@type":"WebSite","@id":"https:\/\/chemuza.org\/pt\/#website","url":"https:\/\/chemuza.org\/pt\/","name":"Chemuza","description":"Sua porta de entrada para a descoberta qu\u00edmica!","publisher":{"@id":"https:\/\/chemuza.org\/pt\/#organization"},"potentialAction":[{"@type":"SearchAction","target":{"@type":"EntryPoint","urlTemplate":"https:\/\/chemuza.org\/pt\/?s={search_term_string}"},"query-input":"required name=search_term_string"}],"inLanguage":"pt-PT"},{"@type":"Organization","@id":"https:\/\/chemuza.org\/pt\/#organization","name":"Chemuza","url":"https:\/\/chemuza.org\/pt\/","logo":{"@type":"ImageObject","inLanguage":"pt-PT","@id":"https:\/\/chemuza.org\/pt\/#\/schema\/logo\/image\/","url":"https:\/\/chemuza.org\/pt\/wp-content\/uploads\/2023\/10\/chemuza-logo.png","contentUrl":"https:\/\/chemuza.org\/pt\/wp-content\/uploads\/2023\/10\/chemuza-logo.png","width":387,"height":70,"caption":"Chemuza"},"image":{"@id":"https:\/\/chemuza.org\/pt\/#\/schema\/logo\/image\/"}}]}},"yoast_meta":{"yoast_wpseo_title":"","yoast_wpseo_metadesc":"","yoast_wpseo_canonical":""},"_links":{"self":[{"href":"https:\/\/chemuza.org\/pt\/wp-json\/wp\/v2\/pages\/1488","targetHints":{"allow":["GET"]}}],"collection":[{"href":"https:\/\/chemuza.org\/pt\/wp-json\/wp\/v2\/pages"}],"about":[{"href":"https:\/\/chemuza.org\/pt\/wp-json\/wp\/v2\/types\/page"}],"author":[{"embeddable":true,"href":"https:\/\/chemuza.org\/pt\/wp-json\/wp\/v2\/users\/1"}],"replies":[{"embeddable":true,"href":"https:\/\/chemuza.org\/pt\/wp-json\/wp\/v2\/comments?post=1488"}],"version-history":[{"count":0,"href":"https:\/\/chemuza.org\/pt\/wp-json\/wp\/v2\/pages\/1488\/revisions"}],"wp:attachment":[{"href":"https:\/\/chemuza.org\/pt\/wp-json\/wp\/v2\/media?parent=1488"}],"curies":[{"name":"wp","href":"https:\/\/api.w.org\/{rel}","templated":true}]}}