{"id":1487,"date":"2023-07-14T18:28:00","date_gmt":"2023-07-14T18:28:00","guid":{"rendered":"https:\/\/chemuza.org\/pt\/tecnecio\/"},"modified":"2023-07-14T18:28:00","modified_gmt":"2023-07-14T18:28:00","slug":"tecnecio","status":"publish","type":"page","link":"https:\/\/chemuza.org\/pt\/tecnecio\/","title":{"rendered":"Tecn\u00e9cio"},"content":{"rendered":"<p>De todos os metais da tabela peri\u00f3dica, o Tecn\u00e9cio afirma ser o primeiro elemento produzido artificialmente. Outro fato interessante \u00e9 que ele \u00e9 encontrado naturalmente em pequenas concentra\u00e7\u00f5es em asteroides e estrelas. Por outro lado, algumas das suas aplica\u00e7\u00f5es modernas est\u00e3o relacionadas com a fus\u00e3o nuclear. Descubra outros aspectos deste elemento qu\u00edmico prateado e cristalino.<\/p>\n<h2> <strong>O que \u00e9 Tecn\u00e9cio?<\/strong><\/h2>\n<p> \u00c9 o elemento mais leve da tabela peri\u00f3dica e capaz de emitir raios gama de curta dura\u00e7\u00e3o. Em contato com o ar \u00famido emba\u00e7a facilmente. Al\u00e9m disso, em l\u00edquidos pode ser facilmente dissolvido na forma de \u00e1gua r\u00e9gia, \u00e1cido sulf\u00farico e \u00e1cido n\u00edtrico.<\/p>\n<h3> <strong>S\u00edmbolo de tecn\u00e9cio<\/strong><\/h3>\n<p> <span class=\"content-chemical-element\" style=\"float: left;width: 65px;height: 65px;border: 3px solid #666; display:flex;\n    justify-content: center;align-items: center;margin-right: 15px;\"><span style=\"font-size: 38px;\">Tc<\/span><\/span> Est\u00e1 localizado no grupo 7 da categoria de metais de transi\u00e7\u00e3o. Seu n\u00famero at\u00f4mico \u00e9 43, seu ponto de fus\u00e3o \u00e9 2.430 K e seu ponto de ebuli\u00e7\u00e3o \u00e9 4.538 K. Seus compostos mais comuns s\u00e3o heptafluoreto de tecn\u00e9cio, di\u00f3xido de tecn\u00e9cio, heptahidreto de tecn\u00e9cio e heptaiodeto de tecn\u00e9cio.<\/p>\n<h2> <strong>Caracter\u00edsticas do tecn\u00e9cio<\/strong><\/h2>\n<p> N\u00e3o possui is\u00f3topos est\u00e1veis, por isso \u00e9 muito dif\u00edcil de encontrar na natureza. Na tabela peri\u00f3dica, est\u00e1 localizado entre o R\u00eanio e o Mangan\u00eas. Se inalado, pode causar c\u00e2ncer de pulm\u00e3o. Al\u00e9m disso, \u00e9 caracterizado por:<\/p>\n<ul>\n<li> <strong>Reatividade Qu\u00edmica<\/strong> : \u00c9 um metal reativo semelhante em apar\u00eancia \u00e0 Platina.<\/li>\n<li> <strong>Magnetismo<\/strong> : Embora n\u00e3o seja magn\u00e9tico, sua forma met\u00e1lica \u00e9 um tanto paramagn\u00e9tica: isso significa que seus dois p\u00f3los se alinham com os campos magn\u00e9ticos.<\/li>\n<li> <strong>Solubilidade<\/strong> : Em \u00e1cido n\u00edtrico, \u00e1gua r\u00e9gia e \u00e1cido sulf\u00farico \u00e9 sol\u00favel, mas em \u00e1cido clor\u00eddrico n\u00e3o \u00e9 sol\u00favel.<\/li>\n<\/ul>\n<ul>\n<li> <strong>Condi\u00e7\u00e3o<\/strong> : \u00c9 s\u00f3lido, em seu estado natural.<\/li>\n<li> <strong>Estrutura<\/strong> : Hexagonal e compacta.<\/li>\n<\/ul>\n<h2> <strong>Propriedades qu\u00edmicas e f\u00edsicas do tecn\u00e9cio<\/strong><\/h2>\n<ol>\n<li> <strong>N\u00famero at\u00f4mico<\/strong> : 43<\/li>\n<li> <strong>Grupo:<\/strong> 7<\/li>\n<li> <strong>bloco:<\/strong> d<\/li>\n<li> <strong>Raio covalente:<\/strong> 156 pm<\/li>\n<li> <strong>Raio at\u00f4mico:<\/strong> 183 pm<\/li>\n<li> <strong>Raio m\u00e9dio:<\/strong> 135h<\/li>\n<li> <strong>Entalpia de fus\u00e3o:<\/strong> 24 Kj\/mol<\/li>\n<li> <strong>Eletronegatividade:<\/strong> 1,9<\/li>\n<li> <strong>Massa at\u00f4mica (g\/mol):<\/strong> 98,9063 <sup>1<\/sup><\/li>\n<li> <strong>Entalpia de vaporiza\u00e7\u00e3o:<\/strong> 660 kJ\/mol<\/li>\n<li> <strong>Configura\u00e7\u00e3o eletr\u00f4nica:<\/strong> [Kr] 4d <sup>5<\/sup> 5s <sup>2<\/sup><\/li>\n<li> <strong>Press\u00e3o de vapor:<\/strong> 0,0229 Pa a 2.473 K<\/li>\n<li> <strong>Estrutura cristalina:<\/strong> hexagonal<\/li>\n<li> <strong>Densidade:<\/strong> 11500 Kg\/m\u00b3<\/li>\n<li> <strong>El\u00e9trons por n\u00edvel:<\/strong> 2, 8, 18, 14, 1<\/li>\n<\/ol>\n<h2> <strong>Origem do tecn\u00e9cio<\/strong><\/h2>\n<p> Foi oficialmente descoberto em 1937, quando o qu\u00edmico e mineralogista italiano Carlos Perrier e o f\u00edsico italiano ganhador do Pr\u00eamio Nobel Emilio Segr\u00e9 realizaram um experimento na Universidade de Palermo, na Sic\u00edlia. Com alguma dificuldade, isolaram tr\u00eas per\u00edodos diferentes de decaimento, 90, 80 e 50 dias, que pertenciam a is\u00f3topos<sup> <\/sup><sup>95<\/sup> Tc e <sup>97<\/sup> met\u00e1licos.<\/p>\n<p> A Universidade de Palermo quis cham\u00e1-lo de Panormio, j\u00e1 que o nome latino de Palermo era Panormus. Por\u00e9m, os pesquisadores tomaram a decis\u00e3o de adicionar <em>Technetos<\/em> , que \u00e9 uma palavra grega que significa artificial, por ser o primeiro elemento obtido artificialmente pelo homem.<\/p>\n<h2> <strong>Para que \u00e9 utilizado o Tecn\u00e9cio?<\/strong><\/h2>\n<p> \u00c9 utilizado em diversas ligas de a\u00e7o, que apresentam a vantagem de serem resistentes ao desgaste. Por\u00e9m, seu uso continua muito limitado, pois \u00e9 radioativo e seu grau de manuseio deve ser controlado. No entanto, \u00e9 \u00fatil nas seguintes \u00e1reas:<\/p>\n<h3> <strong>Medicina nuclear<\/strong><\/h3>\n<p> O Tecn\u00e9cio 99 metaest\u00e1vel \u00e9 mais utilizado em medicina nuclear como tra\u00e7ador radioativo. Al\u00e9m disso, quando combinado com um composto de estanho, pode ligar-se aos eritr\u00f3citos e ser usado para localizar certos dist\u00farbios do sistema circulat\u00f3rio. Al\u00e9m disso, \u00e9 usado para detectar sangramento digestivo. Da mesma forma, juntamente com os pirofosfatos, pode aderir aos dep\u00f3sitos de c\u00e1lcio nos m\u00fasculos card\u00edacos danificados, o que \u00e9 eficaz na detec\u00e7\u00e3o de danos ap\u00f3s um ataque card\u00edaco.<\/p>\n<h3> <strong>Ind\u00fastria<\/strong><\/h3>\n<p> Uma de suas propriedades \u00e9 que o Tecn\u00e9cio 99m pode decair emitindo part\u00edculas beta sem qualquer presen\u00e7a de raios gama de baixa energia. \u00c9, portanto, muito \u00fatil para calibrar equipamentos cient\u00edficos. Al\u00e9m disso, \u00e9 utilizado como catalisador apesar de sua alta reatividade. \u00c9 tamb\u00e9m um agente protetor contra a corros\u00e3o atrav\u00e9s do uso de \u00e2nions, tornando-o ideal para uso em reatores de \u00e1gua fervente.<\/p>\n<h2> <strong>Onde o Tecn\u00e9cio \u00e9 encontrado?<\/strong><\/h2>\n<p> Em 1999, David Curtis calculou que havia cerca de 1 ng num quilograma de ur\u00e2nio. Tecn\u00e9cio. Al\u00e9m disso, atrav\u00e9s de avalia\u00e7\u00f5es do espectro de luzes emitidas por grandes estrelas vermelhas dos tipos M, N e S, este elemento foi alcan\u00e7ado. Por outro lado, por ser um metal inst\u00e1vel, poucos vest\u00edgios dele s\u00e3o encontrados naturalmente na crosta terrestre, produtos da fiss\u00e3o espont\u00e2nea com o ur\u00e2nio.<\/p>\n<p> Concluindo, o Tecn\u00e9cio \u00e9 o \u00fanico elemento criado artificialmente por m\u00e3os humanas. A maioria de suas aplica\u00e7\u00f5es diz respeito ao campo da medicina nuclear. Al\u00e9m disso, \u00e9 importante ter cuidado, pois sua exposi\u00e7\u00e3o \u00e9 prejudicial \u00e0 sa\u00fade.<\/p>\n","protected":false},"excerpt":{"rendered":"<p>De todos os metais da tabela peri\u00f3dica, o Tecn\u00e9cio afirma ser o primeiro elemento produzido artificialmente. Outro fato interessante \u00e9 que ele \u00e9 encontrado naturalmente em pequenas concentra\u00e7\u00f5es em asteroides e estrelas. Por outro lado, algumas das suas aplica\u00e7\u00f5es modernas est\u00e3o relacionadas com a fus\u00e3o nuclear. Descubra outros aspectos deste elemento qu\u00edmico prateado e cristalino. &#8230; <a title=\"Tecn\u00e9cio\" class=\"read-more\" href=\"https:\/\/chemuza.org\/pt\/tecnecio\/\" aria-label=\"Mais em Tecn\u00e9cio\">Ler mais<\/a><\/p>\n","protected":false},"author":1,"featured_media":0,"parent":0,"menu_order":0,"comment_status":"closed","ping_status":"closed","template":"","meta":{"footnotes":""},"class_list":["post-1487","page","type-page","status-publish"],"yoast_head":"<!-- This site is optimized with the Yoast SEO plugin v21.4 - https:\/\/yoast.com\/wordpress\/plugins\/seo\/ -->\n<title>Tecn\u00e9cio - Chemuza<\/title>\n<meta name=\"robots\" content=\"index, follow, max-snippet:-1, max-image-preview:large, max-video-preview:-1\" \/>\n<link rel=\"canonical\" href=\"https:\/\/chemuza.org\/pt\/tecnecio\/\" \/>\n<meta property=\"og:locale\" content=\"pt_PT\" \/>\n<meta property=\"og:type\" content=\"article\" \/>\n<meta property=\"og:title\" content=\"Tecn\u00e9cio - Chemuza\" \/>\n<meta property=\"og:description\" content=\"De todos os metais da tabela peri\u00f3dica, o Tecn\u00e9cio afirma ser o primeiro elemento produzido artificialmente. Outro fato interessante \u00e9 que ele \u00e9 encontrado naturalmente em pequenas concentra\u00e7\u00f5es em asteroides e estrelas. Por outro lado, algumas das suas aplica\u00e7\u00f5es modernas est\u00e3o relacionadas com a fus\u00e3o nuclear. Descubra outros aspectos deste elemento qu\u00edmico prateado e cristalino. ... Ler mais\" \/>\n<meta property=\"og:url\" content=\"https:\/\/chemuza.org\/pt\/tecnecio\/\" \/>\n<meta property=\"og:site_name\" content=\"Statorials\" \/>\n<meta name=\"twitter:card\" content=\"summary_large_image\" \/>\n<meta name=\"twitter:label1\" content=\"Tempo estimado de leitura\" \/>\n\t<meta name=\"twitter:data1\" content=\"4 minutos\" \/>\n<script type=\"application\/ld+json\" class=\"yoast-schema-graph\">{\"@context\":\"https:\/\/schema.org\",\"@graph\":[{\"@type\":\"WebPage\",\"@id\":\"https:\/\/chemuza.org\/pt\/tecnecio\/\",\"url\":\"https:\/\/chemuza.org\/pt\/tecnecio\/\",\"name\":\"Tecn\u00e9cio - Chemuza\",\"isPartOf\":{\"@id\":\"https:\/\/chemuza.org\/pt\/#website\"},\"datePublished\":\"2023-07-14T18:28:00+00:00\",\"dateModified\":\"2023-07-14T18:28:00+00:00\",\"breadcrumb\":{\"@id\":\"https:\/\/chemuza.org\/pt\/tecnecio\/#breadcrumb\"},\"inLanguage\":\"pt-PT\",\"potentialAction\":[{\"@type\":\"ReadAction\",\"target\":[\"https:\/\/chemuza.org\/pt\/tecnecio\/\"]}]},{\"@type\":\"BreadcrumbList\",\"@id\":\"https:\/\/chemuza.org\/pt\/tecnecio\/#breadcrumb\",\"itemListElement\":[{\"@type\":\"ListItem\",\"position\":1,\"name\":\"Lar\",\"item\":\"https:\/\/chemuza.org\/pt\/\"},{\"@type\":\"ListItem\",\"position\":2,\"name\":\"Tecn\u00e9cio\"}]},{\"@type\":\"WebSite\",\"@id\":\"https:\/\/chemuza.org\/pt\/#website\",\"url\":\"https:\/\/chemuza.org\/pt\/\",\"name\":\"Chemuza\",\"description\":\"Sua porta de entrada para a descoberta qu\u00edmica!\",\"publisher\":{\"@id\":\"https:\/\/chemuza.org\/pt\/#organization\"},\"potentialAction\":[{\"@type\":\"SearchAction\",\"target\":{\"@type\":\"EntryPoint\",\"urlTemplate\":\"https:\/\/chemuza.org\/pt\/?s={search_term_string}\"},\"query-input\":\"required name=search_term_string\"}],\"inLanguage\":\"pt-PT\"},{\"@type\":\"Organization\",\"@id\":\"https:\/\/chemuza.org\/pt\/#organization\",\"name\":\"Chemuza\",\"url\":\"https:\/\/chemuza.org\/pt\/\",\"logo\":{\"@type\":\"ImageObject\",\"inLanguage\":\"pt-PT\",\"@id\":\"https:\/\/chemuza.org\/pt\/#\/schema\/logo\/image\/\",\"url\":\"https:\/\/chemuza.org\/pt\/wp-content\/uploads\/2023\/10\/chemuza-logo.png\",\"contentUrl\":\"https:\/\/chemuza.org\/pt\/wp-content\/uploads\/2023\/10\/chemuza-logo.png\",\"width\":387,\"height\":70,\"caption\":\"Chemuza\"},\"image\":{\"@id\":\"https:\/\/chemuza.org\/pt\/#\/schema\/logo\/image\/\"}}]}<\/script>\n<!-- \/ Yoast SEO plugin. -->","yoast_head_json":{"title":"Tecn\u00e9cio - Chemuza","robots":{"index":"index","follow":"follow","max-snippet":"max-snippet:-1","max-image-preview":"max-image-preview:large","max-video-preview":"max-video-preview:-1"},"canonical":"https:\/\/chemuza.org\/pt\/tecnecio\/","og_locale":"pt_PT","og_type":"article","og_title":"Tecn\u00e9cio - Chemuza","og_description":"De todos os metais da tabela peri\u00f3dica, o Tecn\u00e9cio afirma ser o primeiro elemento produzido artificialmente. Outro fato interessante \u00e9 que ele \u00e9 encontrado naturalmente em pequenas concentra\u00e7\u00f5es em asteroides e estrelas. Por outro lado, algumas das suas aplica\u00e7\u00f5es modernas est\u00e3o relacionadas com a fus\u00e3o nuclear. Descubra outros aspectos deste elemento qu\u00edmico prateado e cristalino. ... Ler mais","og_url":"https:\/\/chemuza.org\/pt\/tecnecio\/","og_site_name":"Statorials","twitter_card":"summary_large_image","twitter_misc":{"Tempo estimado de leitura":"4 minutos"},"schema":{"@context":"https:\/\/schema.org","@graph":[{"@type":"WebPage","@id":"https:\/\/chemuza.org\/pt\/tecnecio\/","url":"https:\/\/chemuza.org\/pt\/tecnecio\/","name":"Tecn\u00e9cio - Chemuza","isPartOf":{"@id":"https:\/\/chemuza.org\/pt\/#website"},"datePublished":"2023-07-14T18:28:00+00:00","dateModified":"2023-07-14T18:28:00+00:00","breadcrumb":{"@id":"https:\/\/chemuza.org\/pt\/tecnecio\/#breadcrumb"},"inLanguage":"pt-PT","potentialAction":[{"@type":"ReadAction","target":["https:\/\/chemuza.org\/pt\/tecnecio\/"]}]},{"@type":"BreadcrumbList","@id":"https:\/\/chemuza.org\/pt\/tecnecio\/#breadcrumb","itemListElement":[{"@type":"ListItem","position":1,"name":"Lar","item":"https:\/\/chemuza.org\/pt\/"},{"@type":"ListItem","position":2,"name":"Tecn\u00e9cio"}]},{"@type":"WebSite","@id":"https:\/\/chemuza.org\/pt\/#website","url":"https:\/\/chemuza.org\/pt\/","name":"Chemuza","description":"Sua porta de entrada para a descoberta qu\u00edmica!","publisher":{"@id":"https:\/\/chemuza.org\/pt\/#organization"},"potentialAction":[{"@type":"SearchAction","target":{"@type":"EntryPoint","urlTemplate":"https:\/\/chemuza.org\/pt\/?s={search_term_string}"},"query-input":"required name=search_term_string"}],"inLanguage":"pt-PT"},{"@type":"Organization","@id":"https:\/\/chemuza.org\/pt\/#organization","name":"Chemuza","url":"https:\/\/chemuza.org\/pt\/","logo":{"@type":"ImageObject","inLanguage":"pt-PT","@id":"https:\/\/chemuza.org\/pt\/#\/schema\/logo\/image\/","url":"https:\/\/chemuza.org\/pt\/wp-content\/uploads\/2023\/10\/chemuza-logo.png","contentUrl":"https:\/\/chemuza.org\/pt\/wp-content\/uploads\/2023\/10\/chemuza-logo.png","width":387,"height":70,"caption":"Chemuza"},"image":{"@id":"https:\/\/chemuza.org\/pt\/#\/schema\/logo\/image\/"}}]}},"yoast_meta":{"yoast_wpseo_title":"","yoast_wpseo_metadesc":"","yoast_wpseo_canonical":""},"_links":{"self":[{"href":"https:\/\/chemuza.org\/pt\/wp-json\/wp\/v2\/pages\/1487","targetHints":{"allow":["GET"]}}],"collection":[{"href":"https:\/\/chemuza.org\/pt\/wp-json\/wp\/v2\/pages"}],"about":[{"href":"https:\/\/chemuza.org\/pt\/wp-json\/wp\/v2\/types\/page"}],"author":[{"embeddable":true,"href":"https:\/\/chemuza.org\/pt\/wp-json\/wp\/v2\/users\/1"}],"replies":[{"embeddable":true,"href":"https:\/\/chemuza.org\/pt\/wp-json\/wp\/v2\/comments?post=1487"}],"version-history":[{"count":0,"href":"https:\/\/chemuza.org\/pt\/wp-json\/wp\/v2\/pages\/1487\/revisions"}],"wp:attachment":[{"href":"https:\/\/chemuza.org\/pt\/wp-json\/wp\/v2\/media?parent=1487"}],"curies":[{"name":"wp","href":"https:\/\/api.w.org\/{rel}","templated":true}]}}