{"id":1486,"date":"2023-07-14T18:54:41","date_gmt":"2023-07-14T18:54:41","guid":{"rendered":"https:\/\/chemuza.org\/pt\/niobio\/"},"modified":"2023-07-14T18:54:41","modified_gmt":"2023-07-14T18:54:41","slug":"niobio","status":"publish","type":"page","link":"https:\/\/chemuza.org\/pt\/niobio\/","title":{"rendered":"Ni\u00f3bio"},"content":{"rendered":"<p>Uma aplica\u00e7\u00e3o interessante do ni\u00f3bio \u00e9 como elemento para joias, pois pode adquirir tons iridescentes de lindas cores vermelha, azul, dourada e verde. Da mesma forma, \u00e9 frequentemente utilizado nas ind\u00fastrias petroqu\u00edmica, metal\u00fargica, aeroespacial e vidreira, entre outras. Descubra como as suas vantajosas propriedades f\u00edsicas e qu\u00edmicas o tornam um elemento muito vers\u00e1til.<\/p>\n<h2> <strong>O que \u00e9 ni\u00f3bio?<\/strong><\/h2>\n<p> O elemento qu\u00edmico Ni\u00f3bio, tamb\u00e9m conhecido como Columbium, \u00e9 um metal de transi\u00e7\u00e3o macio, d\u00factil e male\u00e1vel, resistente \u00e0 corros\u00e3o e a altas temperaturas. Al\u00e9m disso, \u00e9 um supercondutor el\u00e9trico esbranqui\u00e7ado-acinzentado.<\/p>\n<h3> <strong>S\u00edmbolo do ni\u00f3bio<\/strong><\/h3>\n<p> <span class=\"content-chemical-element\" style=\"float: left;width: 65px;height: 65px;border: 3px solid #666; display:flex;\n    justify-content: center;align-items: center;margin-right: 15px;\"><span style=\"font-size: 38px;\">Nb<\/span><\/span> O s\u00edmbolo do Ni\u00f3bio deriva da mitologia grega com a palavra <em>Niobe<\/em> cujo significado \u00e9 <em>Filha de T\u00e2ntalo<\/em> . O nome <em>Ni\u00f3bio<\/em> foi designado quando foi isolado do elemento Tantalita, em homenagem \u00e0 filha do rei grego T\u00e2ntalo, hero\u00edna das l\u00e1grimas. Por\u00e9m, como alguns ainda chamam o metal Columbio, ele adota a simbologia Cb.<\/p>\n<h2> <strong>Caracter\u00edsticas do ni\u00f3bio<\/strong><\/h2>\n<p> Destaca-se pela sua alta resist\u00eancia \u00e0 corros\u00e3o e aos \u00e1cidos. No entanto, geralmente \u00e9 atacado por agentes oxidantes, \u00e1lcalis e \u00e1cido fluor\u00eddrico. Tamb\u00e9m pode formar camadas de \u00f3xido diel\u00e9trico. Por outro lado, seu n\u00famero de oxida\u00e7\u00e3o +5 gera Tartarato, Fl\u00faor, Per\u00f3xido e Oxalato. Outras particularidades s\u00e3o:<\/p>\n<ul>\n<li> <strong>Reatividade Qu\u00edmica<\/strong> : Normalmente reage com carbono, oxig\u00eanio, nitrog\u00eanio, halog\u00eanios e enxofre.<\/li>\n<li> <strong>Solubilidade<\/strong> : Na fase fundida \u00e9 misc\u00edvel com ferro, mas n\u00e3o \u00e9 sol\u00favel em \u00e1gua.<\/li>\n<li> <strong>Fus\u00e3o e ebuli\u00e7\u00e3o<\/strong> : Embora tenha um ponto de fus\u00e3o elevado, possui uma densidade baixa em compara\u00e7\u00e3o com outros metais.<\/li>\n<li> <strong>Ductilidade<\/strong> : Pode deformar-se facilmente em fios, embora quando esticado se torne resistente e duro sem ser quebradi\u00e7o.<\/li>\n<li> <strong>Condi\u00e7\u00e3o<\/strong> : Seu estado de agrega\u00e7\u00e3o normal \u00e9 s\u00f3lido.<\/li>\n<li> <strong>Cor<\/strong> : Parece brilhante, prateado e met\u00e1lico, mas o metal \u00e0 temperatura ambiente apresenta uma tonalidade azulada.<\/li>\n<li> <strong>Supercondutor<\/strong> : \u00c9 um condutor el\u00e9trico perfeito, pois resiste bem \u00e0 passagem da corrente el\u00e9trica.<\/li>\n<li> <strong>Estrutura cristalina<\/strong> : A estrutura \u00e9 c\u00fabica centrada, o que significa que 8 de seus \u00e1tomos formam um cubo e dentro h\u00e1 um \u00fanico \u00e1tomo.<\/li>\n<li> <strong>Temperatura<\/strong> : Suporta muito bem altas temperaturas sem se decompor ou derreter.<\/li>\n<li> <strong>Ordem magn\u00e9tica<\/strong> : \u00c9 um elemento paramagn\u00e9tico.<\/li>\n<\/ul>\n<h2> <strong>Propriedades qu\u00edmicas e f\u00edsicas do ni\u00f3bio<\/strong><\/h2>\n<ol>\n<li> <strong>N\u00famero at\u00f4mico<\/strong> : 41<\/li>\n<li> <strong>Raio at\u00f4mico (\u00c5)<\/strong> : 198 pm<\/li>\n<li> <strong>Densidade (g\/ml)<\/strong> : 8570 kg\/m\u00b3<\/li>\n<li> <strong>Raio covalente (\u00c5)<\/strong> : 137 pm<\/li>\n<li> <strong>Ponto de ebuli\u00e7\u00e3o<\/strong> : 4744 \u00b0C (5017 K)<\/li>\n<li> <strong>Primeiro potencial de ioniza\u00e7\u00e3o (eV)<\/strong> : 652,1 kJ\/mol<\/li>\n<li> <strong>Velocidade do som<\/strong> : 3.480 m\/s a 293,15 K<\/li>\n<li> <strong>Ponto de fus\u00e3o<\/strong> : 2477\u00b0C (2750K)<\/li>\n<li> <strong>Estados de oxida\u00e7\u00e3o<\/strong> : +5, +3, +2, +4<\/li>\n<li> <strong>Configura\u00e7\u00e3o eletr\u00f4nica<\/strong> : [Kr]4d <sup>4<\/sup> 5s <sup>1<\/sup><\/li>\n<li> <strong>Massa at\u00f4mica (g\/mol)<\/strong> : 92,90638<\/li>\n<li> <strong>Entalpia de vaporiza\u00e7\u00e3o<\/strong> : 696,6 kJ\/mol<\/li>\n<li> <strong>Eletronegatividade<\/strong> : 1,6<\/li>\n<li> <strong>\u00d3xido<\/strong> : Ligeiramente \u00e1cido<\/li>\n<li> <strong>Calor espec\u00edfico<\/strong> : 265 J\/(K-kg)<\/li>\n<li> <strong>Entalpia de fus\u00e3o<\/strong> : 26,4 kJ\/mol<\/li>\n<li> <strong>El\u00e9trons por n\u00edvel<\/strong> : 2, 8, 18, 12, 1<\/li>\n<\/ol>\n<h2> <strong>Origem do ni\u00f3bio<\/strong><\/h2>\n<p> Segundo a hist\u00f3ria do Ni\u00f3bio, John Winthrop descobriu um estranho mineral em Massachusetts, Estados Unidos, durante o ano de 1734. Preparou-se ent\u00e3o para envi\u00e1-lo ao territ\u00f3rio brit\u00e2nico, onde foi exposto, examinado e estudado pelo qu\u00edmico Charles Hatchett durante o ano. 1801. Depois de in\u00fameras observa\u00e7\u00f5es e an\u00e1lises, os ingleses deram-lhe o nome de <em>Columbio<\/em> , tornando-se assim o descobridor do Ni\u00f3bio. Mais tarde, o f\u00edsico William Hyde Wollaston comparou-o em 1809 a outros elementos e concluiu erroneamente que o Columbium e o T\u00e2ntalo eram iguais.<\/p>\n<p> Mais tarde, o qu\u00edmico alem\u00e3o Heinrich Rose trabalhou em 1844 com columbita e tantalita e separou cada amostra em formas \u00e1cidas, que chamou de \u00e1cido ni\u00f3bico. Posteriormente, o su\u00ed\u00e7o Jean Charles de Marignac conseguiu isolar o ni\u00f3bio met\u00e1lico aquecendo-o com cloreto. Ent\u00e3o, em 1949, foi adotado seu nome oficial.<\/p>\n<h2> <strong>Para que \u00e9 usado o ni\u00f3bio?<\/strong><\/h2>\n<p> Seu principal uso \u00e9 na produ\u00e7\u00e3o de a\u00e7o, pois \u00e9 utilizado para unir compostos com o objetivo de aumentar a resist\u00eancia e a resist\u00eancia a altas temperaturas e \u00e0 corros\u00e3o. Da mesma forma, a liga Ni\u00f3bio-A\u00e7o \u00e9 utilizada, entre outras, nas ind\u00fastrias qu\u00edmica, aeroespacial e automotiva. Conhe\u00e7a outros aplicativos:<\/p>\n<ul>\n<li> \u00cdm\u00e3s Supercondutores: Em uma liga de tit\u00e2nio, estanho e alum\u00ednio, o elemento \u00e9 extrudado em fio e fundido para formar \u00edm\u00e3s supercondutores.<\/li>\n<li> Lentes e telas de vidro: O vidro \u00e9 revestido com um fino p\u00f3 met\u00e1lico para difundir a luz, sem retra\u00ed-la ou absorv\u00ea-la, e para ter maior resist\u00eancia ao reflexo.<\/li>\n<li> Aceleradores de part\u00edculas: Alguns aceleradores de el\u00e9trons cont\u00eam c\u00e2maras moldadas a partir do elemento ligado ou puro ni\u00f3bio.<\/li>\n<li> L\u00e2mpadas de vapor de s\u00f3dio: Uma liga de ni\u00f3bio-zirc\u00f4nio \u00e9 usada na base met\u00e1lica dessas l\u00e2mpadas.<\/li>\n<li> Moedas: \u00c9 utilizado na fabrica\u00e7\u00e3o de moedas bimet\u00e1licas, devido \u00e0 sua propriedade de mudar de cor.<\/li>\n<li> Joias: Quando aquecida ou passada por campo el\u00e9trico, adquire lindas tonalidades para criar broches, argolas, brincos, tachas e alfinetes.<\/li>\n<\/ul>\n<p> Em resumo, o ni\u00f3bio \u00e9 um metal de transi\u00e7\u00e3o ferroso, male\u00e1vel, d\u00factil, macio, resistente \u00e0 corros\u00e3o e resistente a altas temperaturas. Al\u00e9m disso, reage com oxig\u00eanio, carbono, enxofre, halog\u00eanios e nitrog\u00eanio. Da mesma forma, \u00e9 um elemento paramagn\u00e9tico, supercondutor el\u00e9trico e insol\u00favel em \u00e1gua.<\/p>\n","protected":false},"excerpt":{"rendered":"<p>Uma aplica\u00e7\u00e3o interessante do ni\u00f3bio \u00e9 como elemento para joias, pois pode adquirir tons iridescentes de lindas cores vermelha, azul, dourada e verde. Da mesma forma, \u00e9 frequentemente utilizado nas ind\u00fastrias petroqu\u00edmica, metal\u00fargica, aeroespacial e vidreira, entre outras. Descubra como as suas vantajosas propriedades f\u00edsicas e qu\u00edmicas o tornam um elemento muito vers\u00e1til. O que &#8230; <a title=\"Ni\u00f3bio\" class=\"read-more\" href=\"https:\/\/chemuza.org\/pt\/niobio\/\" aria-label=\"Mais em Ni\u00f3bio\">Ler mais<\/a><\/p>\n","protected":false},"author":1,"featured_media":0,"parent":0,"menu_order":0,"comment_status":"closed","ping_status":"closed","template":"","meta":{"footnotes":""},"class_list":["post-1486","page","type-page","status-publish"],"yoast_head":"<!-- This site is optimized with the Yoast SEO plugin v21.4 - https:\/\/yoast.com\/wordpress\/plugins\/seo\/ -->\n<title>Ni\u00f3bio - Chemuza<\/title>\n<meta name=\"robots\" content=\"index, follow, max-snippet:-1, max-image-preview:large, max-video-preview:-1\" \/>\n<link rel=\"canonical\" href=\"https:\/\/chemuza.org\/pt\/niobio\/\" \/>\n<meta property=\"og:locale\" content=\"pt_PT\" \/>\n<meta property=\"og:type\" content=\"article\" \/>\n<meta property=\"og:title\" content=\"Ni\u00f3bio - Chemuza\" \/>\n<meta property=\"og:description\" content=\"Uma aplica\u00e7\u00e3o interessante do ni\u00f3bio \u00e9 como elemento para joias, pois pode adquirir tons iridescentes de lindas cores vermelha, azul, dourada e verde. Da mesma forma, \u00e9 frequentemente utilizado nas ind\u00fastrias petroqu\u00edmica, metal\u00fargica, aeroespacial e vidreira, entre outras. Descubra como as suas vantajosas propriedades f\u00edsicas e qu\u00edmicas o tornam um elemento muito vers\u00e1til. O que ... Ler mais\" \/>\n<meta property=\"og:url\" content=\"https:\/\/chemuza.org\/pt\/niobio\/\" \/>\n<meta property=\"og:site_name\" content=\"Statorials\" \/>\n<meta name=\"twitter:card\" content=\"summary_large_image\" \/>\n<meta name=\"twitter:label1\" content=\"Tempo estimado de leitura\" \/>\n\t<meta name=\"twitter:data1\" content=\"4 minutos\" \/>\n<script type=\"application\/ld+json\" class=\"yoast-schema-graph\">{\"@context\":\"https:\/\/schema.org\",\"@graph\":[{\"@type\":\"WebPage\",\"@id\":\"https:\/\/chemuza.org\/pt\/niobio\/\",\"url\":\"https:\/\/chemuza.org\/pt\/niobio\/\",\"name\":\"Ni\u00f3bio - Chemuza\",\"isPartOf\":{\"@id\":\"https:\/\/chemuza.org\/pt\/#website\"},\"datePublished\":\"2023-07-14T18:54:41+00:00\",\"dateModified\":\"2023-07-14T18:54:41+00:00\",\"breadcrumb\":{\"@id\":\"https:\/\/chemuza.org\/pt\/niobio\/#breadcrumb\"},\"inLanguage\":\"pt-PT\",\"potentialAction\":[{\"@type\":\"ReadAction\",\"target\":[\"https:\/\/chemuza.org\/pt\/niobio\/\"]}]},{\"@type\":\"BreadcrumbList\",\"@id\":\"https:\/\/chemuza.org\/pt\/niobio\/#breadcrumb\",\"itemListElement\":[{\"@type\":\"ListItem\",\"position\":1,\"name\":\"Lar\",\"item\":\"https:\/\/chemuza.org\/pt\/\"},{\"@type\":\"ListItem\",\"position\":2,\"name\":\"Ni\u00f3bio\"}]},{\"@type\":\"WebSite\",\"@id\":\"https:\/\/chemuza.org\/pt\/#website\",\"url\":\"https:\/\/chemuza.org\/pt\/\",\"name\":\"Chemuza\",\"description\":\"Sua porta de entrada para a descoberta qu\u00edmica!\",\"publisher\":{\"@id\":\"https:\/\/chemuza.org\/pt\/#organization\"},\"potentialAction\":[{\"@type\":\"SearchAction\",\"target\":{\"@type\":\"EntryPoint\",\"urlTemplate\":\"https:\/\/chemuza.org\/pt\/?s={search_term_string}\"},\"query-input\":\"required name=search_term_string\"}],\"inLanguage\":\"pt-PT\"},{\"@type\":\"Organization\",\"@id\":\"https:\/\/chemuza.org\/pt\/#organization\",\"name\":\"Chemuza\",\"url\":\"https:\/\/chemuza.org\/pt\/\",\"logo\":{\"@type\":\"ImageObject\",\"inLanguage\":\"pt-PT\",\"@id\":\"https:\/\/chemuza.org\/pt\/#\/schema\/logo\/image\/\",\"url\":\"https:\/\/chemuza.org\/pt\/wp-content\/uploads\/2023\/10\/chemuza-logo.png\",\"contentUrl\":\"https:\/\/chemuza.org\/pt\/wp-content\/uploads\/2023\/10\/chemuza-logo.png\",\"width\":387,\"height\":70,\"caption\":\"Chemuza\"},\"image\":{\"@id\":\"https:\/\/chemuza.org\/pt\/#\/schema\/logo\/image\/\"}}]}<\/script>\n<!-- \/ Yoast SEO plugin. -->","yoast_head_json":{"title":"Ni\u00f3bio - Chemuza","robots":{"index":"index","follow":"follow","max-snippet":"max-snippet:-1","max-image-preview":"max-image-preview:large","max-video-preview":"max-video-preview:-1"},"canonical":"https:\/\/chemuza.org\/pt\/niobio\/","og_locale":"pt_PT","og_type":"article","og_title":"Ni\u00f3bio - Chemuza","og_description":"Uma aplica\u00e7\u00e3o interessante do ni\u00f3bio \u00e9 como elemento para joias, pois pode adquirir tons iridescentes de lindas cores vermelha, azul, dourada e verde. Da mesma forma, \u00e9 frequentemente utilizado nas ind\u00fastrias petroqu\u00edmica, metal\u00fargica, aeroespacial e vidreira, entre outras. Descubra como as suas vantajosas propriedades f\u00edsicas e qu\u00edmicas o tornam um elemento muito vers\u00e1til. O que ... Ler mais","og_url":"https:\/\/chemuza.org\/pt\/niobio\/","og_site_name":"Statorials","twitter_card":"summary_large_image","twitter_misc":{"Tempo estimado de leitura":"4 minutos"},"schema":{"@context":"https:\/\/schema.org","@graph":[{"@type":"WebPage","@id":"https:\/\/chemuza.org\/pt\/niobio\/","url":"https:\/\/chemuza.org\/pt\/niobio\/","name":"Ni\u00f3bio - Chemuza","isPartOf":{"@id":"https:\/\/chemuza.org\/pt\/#website"},"datePublished":"2023-07-14T18:54:41+00:00","dateModified":"2023-07-14T18:54:41+00:00","breadcrumb":{"@id":"https:\/\/chemuza.org\/pt\/niobio\/#breadcrumb"},"inLanguage":"pt-PT","potentialAction":[{"@type":"ReadAction","target":["https:\/\/chemuza.org\/pt\/niobio\/"]}]},{"@type":"BreadcrumbList","@id":"https:\/\/chemuza.org\/pt\/niobio\/#breadcrumb","itemListElement":[{"@type":"ListItem","position":1,"name":"Lar","item":"https:\/\/chemuza.org\/pt\/"},{"@type":"ListItem","position":2,"name":"Ni\u00f3bio"}]},{"@type":"WebSite","@id":"https:\/\/chemuza.org\/pt\/#website","url":"https:\/\/chemuza.org\/pt\/","name":"Chemuza","description":"Sua porta de entrada para a descoberta qu\u00edmica!","publisher":{"@id":"https:\/\/chemuza.org\/pt\/#organization"},"potentialAction":[{"@type":"SearchAction","target":{"@type":"EntryPoint","urlTemplate":"https:\/\/chemuza.org\/pt\/?s={search_term_string}"},"query-input":"required name=search_term_string"}],"inLanguage":"pt-PT"},{"@type":"Organization","@id":"https:\/\/chemuza.org\/pt\/#organization","name":"Chemuza","url":"https:\/\/chemuza.org\/pt\/","logo":{"@type":"ImageObject","inLanguage":"pt-PT","@id":"https:\/\/chemuza.org\/pt\/#\/schema\/logo\/image\/","url":"https:\/\/chemuza.org\/pt\/wp-content\/uploads\/2023\/10\/chemuza-logo.png","contentUrl":"https:\/\/chemuza.org\/pt\/wp-content\/uploads\/2023\/10\/chemuza-logo.png","width":387,"height":70,"caption":"Chemuza"},"image":{"@id":"https:\/\/chemuza.org\/pt\/#\/schema\/logo\/image\/"}}]}},"yoast_meta":{"yoast_wpseo_title":"","yoast_wpseo_metadesc":"","yoast_wpseo_canonical":""},"_links":{"self":[{"href":"https:\/\/chemuza.org\/pt\/wp-json\/wp\/v2\/pages\/1486","targetHints":{"allow":["GET"]}}],"collection":[{"href":"https:\/\/chemuza.org\/pt\/wp-json\/wp\/v2\/pages"}],"about":[{"href":"https:\/\/chemuza.org\/pt\/wp-json\/wp\/v2\/types\/page"}],"author":[{"embeddable":true,"href":"https:\/\/chemuza.org\/pt\/wp-json\/wp\/v2\/users\/1"}],"replies":[{"embeddable":true,"href":"https:\/\/chemuza.org\/pt\/wp-json\/wp\/v2\/comments?post=1486"}],"version-history":[{"count":0,"href":"https:\/\/chemuza.org\/pt\/wp-json\/wp\/v2\/pages\/1486\/revisions"}],"wp:attachment":[{"href":"https:\/\/chemuza.org\/pt\/wp-json\/wp\/v2\/media?parent=1486"}],"curies":[{"name":"wp","href":"https:\/\/api.w.org\/{rel}","templated":true}]}}