{"id":1485,"date":"2023-07-14T19:26:30","date_gmt":"2023-07-14T19:26:30","guid":{"rendered":"https:\/\/chemuza.org\/pt\/galio\/"},"modified":"2023-07-14T19:26:30","modified_gmt":"2023-07-14T19:26:30","slug":"galio","status":"publish","type":"page","link":"https:\/\/chemuza.org\/pt\/galio\/","title":{"rendered":"G\u00e1lio"},"content":{"rendered":"<p>Este elemento n\u00e3o \u00e9 muito difundido na crosta terrestre, apresenta v\u00e1rios estados de oxida\u00e7\u00e3o e libera v\u00e1rios el\u00e9trons. Na verdade, o G\u00e1lio \u00e9 talvez o \u00fanico metal com a caracter\u00edstica de derreter na palma da m\u00e3o e atingir uma tonalidade azul met\u00e1lica. Saiba mais sobre esse elemento e suas propriedades qu\u00edmicas semelhantes \u00e0s do alum\u00ednio.<\/p>\n<h2> <strong>O que \u00e9 g\u00e1lio?<\/strong><\/h2>\n<p> Como elemento qu\u00edmico, \u00e9 um metal da fam\u00edlia do bloco P da tabela peri\u00f3dica. Est\u00e1 localizado pr\u00f3ximo aos metal\u00f3ides, \u00e9 macio e possui ponto de fus\u00e3o muito baixo. Al\u00e9m disso, possui o n\u00famero at\u00f4mico 31, e em seu estado s\u00f3lido apresenta uma bela cor prateada brilhante ou branca, muito utilizada na cria\u00e7\u00e3o de ligas.<\/p>\n<h3> <strong>S\u00edmbolo de g\u00e1lio<\/strong><\/h3>\n<p> <span class=\"content-chemical-element\" style=\"float: left;width: 65px;height: 65px;border: 3px solid #666; display:flex;\n    justify-content: center;align-items: center;margin-right: 15px;\"><span style=\"font-size: 38px;\">Ga<\/span><\/span> seu nome vem do latim Gallia ou gallus, povo antigo da Fran\u00e7a, que significa galo. Foi resid\u00eancia do seu descobridor Paul-\u00c9mile Lecoq de Boisbraudran, que lhe deu este nome devido \u00e0s suas raras propriedades qu\u00edmicas.<\/p>\n<h2> <strong>Caracter\u00edsticas do g\u00e1lio<\/strong><\/h2>\n<p> Est\u00e1 localizado no grupo 13, per\u00edodo 4 com o s\u00edmbolo Ga na tabela peri\u00f3dica. Tem base v\u00edtrea e \u00e9 um dos 4 elementos capazes de passar ao estado l\u00edquido e permanecer \u00e0 temperatura ambiente. As outras propriedades do G\u00e1lio s\u00e3o:<\/p>\n<ul>\n<li> <strong>Condi\u00e7\u00e3o<\/strong> : S\u00f3lido, quebradi\u00e7o e l\u00edquido.<\/li>\n<li> <strong>Cor<\/strong> : Prateado brilhante, mas quando se torna l\u00edquido \u00e9 um azul met\u00e1lico intenso.<\/li>\n<li> <strong>Sabor e odor<\/strong> : \u00c9 adstringente ou seco, sem odor caracter\u00edstico.<\/li>\n<li> <strong>Toxicidade<\/strong> : Moderada, pois destr\u00f3i facilmente outros metais.<\/li>\n<li> <strong>Reatividade<\/strong> : Baixa \u00e0 temperatura ambiente, mas alta quando oxidado.<\/li>\n<li> <strong>Estrutura<\/strong> : Forma cristais ortorr\u00f4mbicos, com 8 \u00e1tomos em suas faces.<\/li>\n<li> <strong>Solubilidade<\/strong> : \u00c9 sol\u00favel em \u00e1gua.<\/li>\n<\/ul>\n<h2> <strong>Propriedades qu\u00edmicas e f\u00edsicas do g\u00e1lio<\/strong><\/h2>\n<ol>\n<li> <strong>N\u00famero at\u00f4mico<\/strong> : 31<\/li>\n<li> <strong>Per\u00edodo<\/strong> : 4<\/li>\n<li> <strong>Bloco<\/strong> : P<\/li>\n<li> <strong>Grupo<\/strong> : 13<\/li>\n<li> <strong>Estado de oxida\u00e7\u00e3o<\/strong> : 3<\/li>\n<li> <strong>Raio covalente (\u00c5):<\/strong> 126<strong> <\/strong>tarde<\/li>\n<li> <strong>Raio m\u00e9dio:<\/strong> 130h<\/li>\n<li> <strong>Densidade:<\/strong> 5904 Kg\/m3<\/li>\n<li> <strong>Condutividade t\u00e9rmica:<\/strong> 40,6 W\/(Km)<\/li>\n<li> <strong>Configura\u00e7\u00e3o eletr\u00f4nica:<\/strong> [Ar] 4 s\u00b2 3d10 4p1<\/li>\n<li> <strong>Massa at\u00f4mica (g\/mol):<\/strong> 69,723 u<\/li>\n<li> <strong>Primeiro potencial de ioniza\u00e7\u00e3o:<\/strong> (eV): 6,02 <strong>&nbsp;<\/strong><\/li>\n<li> <strong>Ponto de ebuli\u00e7\u00e3o:<\/strong> 2204\u00b0C<\/li>\n<li> <strong>Ponto de fus\u00e3o:<\/strong> 30<strong> <\/strong>\u00b0C<\/li>\n<li> <strong>Raio at\u00f4mico:<\/strong> 136 pm<\/li>\n<li> <strong>El\u00e9trons por camada:<\/strong> 2, 8, 18, 3<\/li>\n<li> <strong>Eletronegatividade:<\/strong> 1,81<\/li>\n<li> <strong>Calor espec\u00edfico:<\/strong> 370 J \/ (K kg)<\/li>\n<\/ol>\n<h2> <strong>Origem do g\u00e1lio<\/strong><\/h2>\n<p> Mendeleev, criador da tabela peri\u00f3dica, deparou-se com este elemento e observou que este tinha propriedades semelhantes \u00e0s do alum\u00ednio e deu-lhe o nome de eka-Alum\u00ednio. Por\u00e9m, em 1875, o qu\u00edmico franc\u00eas Paul-\u00c9mile Lecoq de Boisbaudran o descobriu por meio de espectroscopia ou 2 linhas ultravioleta, que revelaram o elemento. Em seguida, isolou-o por eletr\u00f3lise do hidr\u00f3xido de pot\u00e1ssio e obteve a primeira amostra natural do elemento qu\u00edmico G\u00e1lio. Ap\u00f3s verificar suas propriedades qu\u00edmicas, deu-lhe o nome de seu pa\u00eds, G\u00e1lia.<\/p>\n<h2> <strong>Para que \u00e9 usado o g\u00e1lio?<\/strong><\/h2>\n<p> Gallium Build \u00e9 usado em v\u00e1rias ligas com outros elementos da tabela peri\u00f3dica. Devido ao seu baixo ponto de fus\u00e3o, seus compostos s\u00e3o semicondutores e s\u00e3o utilizados na fabrica\u00e7\u00e3o de diodos de display LED, transistores, chips, c\u00e9lulas e reprodutores de Blu-Ray. Os outros elementos deste elemento s\u00e3o:<\/p>\n<h3> <strong>Fabrica\u00e7\u00e3o de term\u00f4metros<\/strong><\/h3>\n<p> A liga Galinstan em sua fase l\u00edquida \u00e9 utilizada para leitura da temperatura indicada pelo term\u00f4metro. Possui ponto de fus\u00e3o de -18\u00baC, o que permite uma leitura precisa da temperatura para medir os n\u00edveis de febre.<\/p>\n<h3> <strong>Fabrica\u00e7\u00e3o de espelhos<\/strong><\/h3>\n<p> As ligas s\u00e3o geralmente \u00famidas e se espalham rapidamente em porcelana ou vidro. Portanto, eles s\u00e3o \u00fateis na fabrica\u00e7\u00e3o de espelhos de prata despejando uma amostra l\u00edquida sobre uma superf\u00edcie.<\/p>\n<h3> <strong>Produ\u00e7\u00e3o de drogas<\/strong><\/h3>\n<p> O g\u00e1lio \u00e9 utilizado na produ\u00e7\u00e3o de medicamentos que tratam infec\u00e7\u00f5es causadas por bact\u00e9rias e parasitas. Seus sais inorg\u00e2nicos tamb\u00e9m s\u00e3o usados para tratar hipercalcemia e c\u00e2ncer \u00f3sseo.<\/p>\n<h3> <strong>elemento catalisador<\/strong><\/h3>\n<p> Os catalisadores s\u00e3o respons\u00e1veis pela dispers\u00e3o de \u00e1tomos de outros metais. Um deles \u00e9 o G\u00e1lio-Pal\u00e1dio, utilizado na transforma\u00e7\u00e3o do butano em part\u00edculas insaturadas muito reativas, essenciais para processos industriais. Neste caso, o catalisador atua como suporte para os \u00e1tomos de pal\u00e1dio.<\/p>\n<h2> <strong>Como obter o G\u00e1lio?<\/strong><\/h2>\n<p> Este elemento \u00e9 encontrado em quantidades m\u00ednimas no Zinco, Chumbo, Ferro, Alum\u00ednio e Germ\u00e2nio. Na crosta terrestre, est\u00e1 presente em 1% em compostos como Bauxitas, Piritas, Carbonos e Germanitas. Em seguida, \u00e9 obtido atrav\u00e9s de um processo metal\u00fargico de vest\u00edgios dos metais anteriores, onde s\u00e3o limpos de impurezas e sulfetos, para obter uma amostra limpa.<\/p>\n<p> Agora voc\u00ea sabe que o g\u00e1lio \u00e9 raro na natureza, encontrado apenas com outros compostos e elementos. Destacam-se pelo estado s\u00f3lido e l\u00edquido, com baixo ponto de fus\u00e3o, ideais para a cria\u00e7\u00e3o de ligas em diversos setores industriais. Sua toxicidade \u00e9 moderada, o que d\u00e1 origem \u00e0 cria\u00e7\u00e3o de medicamentos.<\/p>\n","protected":false},"excerpt":{"rendered":"<p>Este elemento n\u00e3o \u00e9 muito difundido na crosta terrestre, apresenta v\u00e1rios estados de oxida\u00e7\u00e3o e libera v\u00e1rios el\u00e9trons. Na verdade, o G\u00e1lio \u00e9 talvez o \u00fanico metal com a caracter\u00edstica de derreter na palma da m\u00e3o e atingir uma tonalidade azul met\u00e1lica. Saiba mais sobre esse elemento e suas propriedades qu\u00edmicas semelhantes \u00e0s do alum\u00ednio. &#8230; <a title=\"G\u00e1lio\" class=\"read-more\" href=\"https:\/\/chemuza.org\/pt\/galio\/\" aria-label=\"Mais em G\u00e1lio\">Ler mais<\/a><\/p>\n","protected":false},"author":1,"featured_media":0,"parent":0,"menu_order":0,"comment_status":"closed","ping_status":"closed","template":"","meta":{"footnotes":""},"class_list":["post-1485","page","type-page","status-publish"],"yoast_head":"<!-- This site is optimized with the Yoast SEO plugin v21.4 - https:\/\/yoast.com\/wordpress\/plugins\/seo\/ -->\n<title>G\u00e1lio - Chemuza<\/title>\n<meta name=\"robots\" content=\"index, follow, max-snippet:-1, max-image-preview:large, max-video-preview:-1\" \/>\n<link rel=\"canonical\" href=\"https:\/\/chemuza.org\/pt\/galio\/\" \/>\n<meta property=\"og:locale\" content=\"pt_PT\" \/>\n<meta property=\"og:type\" content=\"article\" \/>\n<meta property=\"og:title\" content=\"G\u00e1lio - Chemuza\" \/>\n<meta property=\"og:description\" content=\"Este elemento n\u00e3o \u00e9 muito difundido na crosta terrestre, apresenta v\u00e1rios estados de oxida\u00e7\u00e3o e libera v\u00e1rios el\u00e9trons. Na verdade, o G\u00e1lio \u00e9 talvez o \u00fanico metal com a caracter\u00edstica de derreter na palma da m\u00e3o e atingir uma tonalidade azul met\u00e1lica. Saiba mais sobre esse elemento e suas propriedades qu\u00edmicas semelhantes \u00e0s do alum\u00ednio. ... Ler mais\" \/>\n<meta property=\"og:url\" content=\"https:\/\/chemuza.org\/pt\/galio\/\" \/>\n<meta property=\"og:site_name\" content=\"Statorials\" \/>\n<meta name=\"twitter:card\" content=\"summary_large_image\" \/>\n<meta name=\"twitter:label1\" content=\"Tempo estimado de leitura\" \/>\n\t<meta name=\"twitter:data1\" content=\"4 minutos\" \/>\n<script type=\"application\/ld+json\" class=\"yoast-schema-graph\">{\"@context\":\"https:\/\/schema.org\",\"@graph\":[{\"@type\":\"WebPage\",\"@id\":\"https:\/\/chemuza.org\/pt\/galio\/\",\"url\":\"https:\/\/chemuza.org\/pt\/galio\/\",\"name\":\"G\u00e1lio - Chemuza\",\"isPartOf\":{\"@id\":\"https:\/\/chemuza.org\/pt\/#website\"},\"datePublished\":\"2023-07-14T19:26:30+00:00\",\"dateModified\":\"2023-07-14T19:26:30+00:00\",\"breadcrumb\":{\"@id\":\"https:\/\/chemuza.org\/pt\/galio\/#breadcrumb\"},\"inLanguage\":\"pt-PT\",\"potentialAction\":[{\"@type\":\"ReadAction\",\"target\":[\"https:\/\/chemuza.org\/pt\/galio\/\"]}]},{\"@type\":\"BreadcrumbList\",\"@id\":\"https:\/\/chemuza.org\/pt\/galio\/#breadcrumb\",\"itemListElement\":[{\"@type\":\"ListItem\",\"position\":1,\"name\":\"Lar\",\"item\":\"https:\/\/chemuza.org\/pt\/\"},{\"@type\":\"ListItem\",\"position\":2,\"name\":\"G\u00e1lio\"}]},{\"@type\":\"WebSite\",\"@id\":\"https:\/\/chemuza.org\/pt\/#website\",\"url\":\"https:\/\/chemuza.org\/pt\/\",\"name\":\"Chemuza\",\"description\":\"Sua porta de entrada para a descoberta qu\u00edmica!\",\"publisher\":{\"@id\":\"https:\/\/chemuza.org\/pt\/#organization\"},\"potentialAction\":[{\"@type\":\"SearchAction\",\"target\":{\"@type\":\"EntryPoint\",\"urlTemplate\":\"https:\/\/chemuza.org\/pt\/?s={search_term_string}\"},\"query-input\":\"required name=search_term_string\"}],\"inLanguage\":\"pt-PT\"},{\"@type\":\"Organization\",\"@id\":\"https:\/\/chemuza.org\/pt\/#organization\",\"name\":\"Chemuza\",\"url\":\"https:\/\/chemuza.org\/pt\/\",\"logo\":{\"@type\":\"ImageObject\",\"inLanguage\":\"pt-PT\",\"@id\":\"https:\/\/chemuza.org\/pt\/#\/schema\/logo\/image\/\",\"url\":\"https:\/\/chemuza.org\/pt\/wp-content\/uploads\/2023\/10\/chemuza-logo.png\",\"contentUrl\":\"https:\/\/chemuza.org\/pt\/wp-content\/uploads\/2023\/10\/chemuza-logo.png\",\"width\":387,\"height\":70,\"caption\":\"Chemuza\"},\"image\":{\"@id\":\"https:\/\/chemuza.org\/pt\/#\/schema\/logo\/image\/\"}}]}<\/script>\n<!-- \/ Yoast SEO plugin. -->","yoast_head_json":{"title":"G\u00e1lio - Chemuza","robots":{"index":"index","follow":"follow","max-snippet":"max-snippet:-1","max-image-preview":"max-image-preview:large","max-video-preview":"max-video-preview:-1"},"canonical":"https:\/\/chemuza.org\/pt\/galio\/","og_locale":"pt_PT","og_type":"article","og_title":"G\u00e1lio - Chemuza","og_description":"Este elemento n\u00e3o \u00e9 muito difundido na crosta terrestre, apresenta v\u00e1rios estados de oxida\u00e7\u00e3o e libera v\u00e1rios el\u00e9trons. Na verdade, o G\u00e1lio \u00e9 talvez o \u00fanico metal com a caracter\u00edstica de derreter na palma da m\u00e3o e atingir uma tonalidade azul met\u00e1lica. Saiba mais sobre esse elemento e suas propriedades qu\u00edmicas semelhantes \u00e0s do alum\u00ednio. ... Ler mais","og_url":"https:\/\/chemuza.org\/pt\/galio\/","og_site_name":"Statorials","twitter_card":"summary_large_image","twitter_misc":{"Tempo estimado de leitura":"4 minutos"},"schema":{"@context":"https:\/\/schema.org","@graph":[{"@type":"WebPage","@id":"https:\/\/chemuza.org\/pt\/galio\/","url":"https:\/\/chemuza.org\/pt\/galio\/","name":"G\u00e1lio - Chemuza","isPartOf":{"@id":"https:\/\/chemuza.org\/pt\/#website"},"datePublished":"2023-07-14T19:26:30+00:00","dateModified":"2023-07-14T19:26:30+00:00","breadcrumb":{"@id":"https:\/\/chemuza.org\/pt\/galio\/#breadcrumb"},"inLanguage":"pt-PT","potentialAction":[{"@type":"ReadAction","target":["https:\/\/chemuza.org\/pt\/galio\/"]}]},{"@type":"BreadcrumbList","@id":"https:\/\/chemuza.org\/pt\/galio\/#breadcrumb","itemListElement":[{"@type":"ListItem","position":1,"name":"Lar","item":"https:\/\/chemuza.org\/pt\/"},{"@type":"ListItem","position":2,"name":"G\u00e1lio"}]},{"@type":"WebSite","@id":"https:\/\/chemuza.org\/pt\/#website","url":"https:\/\/chemuza.org\/pt\/","name":"Chemuza","description":"Sua porta de entrada para a descoberta qu\u00edmica!","publisher":{"@id":"https:\/\/chemuza.org\/pt\/#organization"},"potentialAction":[{"@type":"SearchAction","target":{"@type":"EntryPoint","urlTemplate":"https:\/\/chemuza.org\/pt\/?s={search_term_string}"},"query-input":"required name=search_term_string"}],"inLanguage":"pt-PT"},{"@type":"Organization","@id":"https:\/\/chemuza.org\/pt\/#organization","name":"Chemuza","url":"https:\/\/chemuza.org\/pt\/","logo":{"@type":"ImageObject","inLanguage":"pt-PT","@id":"https:\/\/chemuza.org\/pt\/#\/schema\/logo\/image\/","url":"https:\/\/chemuza.org\/pt\/wp-content\/uploads\/2023\/10\/chemuza-logo.png","contentUrl":"https:\/\/chemuza.org\/pt\/wp-content\/uploads\/2023\/10\/chemuza-logo.png","width":387,"height":70,"caption":"Chemuza"},"image":{"@id":"https:\/\/chemuza.org\/pt\/#\/schema\/logo\/image\/"}}]}},"yoast_meta":{"yoast_wpseo_title":"","yoast_wpseo_metadesc":"","yoast_wpseo_canonical":""},"_links":{"self":[{"href":"https:\/\/chemuza.org\/pt\/wp-json\/wp\/v2\/pages\/1485","targetHints":{"allow":["GET"]}}],"collection":[{"href":"https:\/\/chemuza.org\/pt\/wp-json\/wp\/v2\/pages"}],"about":[{"href":"https:\/\/chemuza.org\/pt\/wp-json\/wp\/v2\/types\/page"}],"author":[{"embeddable":true,"href":"https:\/\/chemuza.org\/pt\/wp-json\/wp\/v2\/users\/1"}],"replies":[{"embeddable":true,"href":"https:\/\/chemuza.org\/pt\/wp-json\/wp\/v2\/comments?post=1485"}],"version-history":[{"count":0,"href":"https:\/\/chemuza.org\/pt\/wp-json\/wp\/v2\/pages\/1485\/revisions"}],"wp:attachment":[{"href":"https:\/\/chemuza.org\/pt\/wp-json\/wp\/v2\/media?parent=1485"}],"curies":[{"name":"wp","href":"https:\/\/api.w.org\/{rel}","templated":true}]}}