{"id":1484,"date":"2023-07-14T19:36:02","date_gmt":"2023-07-14T19:36:02","guid":{"rendered":"https:\/\/chemuza.org\/pt\/zinco\/"},"modified":"2023-07-14T19:36:02","modified_gmt":"2023-07-14T19:36:02","slug":"zinco","status":"publish","type":"page","link":"https:\/\/chemuza.org\/pt\/zinco\/","title":{"rendered":"Zinco"},"content":{"rendered":"<p>O zinco \u00e9 um elemento da tabela peri\u00f3dica encontrado naturalmente na \u00e1gua, no solo, nas rochas, no ar e \u00e9 vital para o bem-estar de todos os seres vivos. Al\u00e9m disso, desempenha um papel importante em certos produtos e aplica\u00e7\u00f5es industriais. Tamb\u00e9m \u00e9 usado para proteger o a\u00e7o contra corros\u00e3o e outras aplica\u00e7\u00f5es que voc\u00ea pode aprender aqui.<\/p>\n<h2> <strong>O que \u00e9 zinco?<\/strong><\/h2>\n<p> \u00c9 um metal de transi\u00e7\u00e3o d\u00factil e male\u00e1vel e seu estado puro \u00e9 de cor branco azulado que queima no ar com uma chama verde azulada. O ar seco n\u00e3o pode atac\u00e1-lo, mas sob umidade forma uma camada superficial de \u00f3xido que o isola e protege da corros\u00e3o. Pode resistir \u00e0 deforma\u00e7\u00e3o pl\u00e1stica a frio, que diminui a quente, permitindo ser laminado acima de 100\u00b0C.<\/p>\n<h3> <strong>S\u00edmbolo de zinco<\/strong><\/h3>\n<p> <span class=\"content-chemical-element\" style=\"float: left;width: 65px;height: 65px;border: 3px solid #666; display:flex;\n    justify-content: center;align-items: center;margin-right: 15px;\"><span style=\"font-size: 38px;\">Zn<\/span><\/span> \u00c9 um elemento qu\u00edmico da tabela peri\u00f3dica, localizado no grupo 12, seu peso at\u00f4mico \u00e9 65,37 e seu n\u00famero at\u00f4mico \u00e9 30. Existem 15 is\u00f3topos de zinco, dos quais 5 s\u00e3o est\u00e1veis.<\/p>\n<h2> <strong>Caracter\u00edsticas do zinco<\/strong><\/h2>\n<p> Curiosamente, j\u00e1 era usado muito antes de sua descoberta, pois em algumas ru\u00ednas da distante Transilv\u00e2nia foi encontrado lat\u00e3o contendo 87% de zinco. Outros recursos s\u00e3o descritos aqui:<\/p>\n<ul>\n<li> <strong>Reatividade qu\u00edmica<\/strong> : \u00c9 reativo e possui 4 estados metaest\u00e1veis e is\u00f3topos radioativos com dura\u00e7\u00e3o de 14 horas.<\/li>\n<li> <strong>Solubilidade<\/strong> : \u00c9 sol\u00favel em \u00e1cidos que liberam \u00e1tomos de hidrog\u00eanio formando c\u00e1tions.<\/li>\n<li> <strong>Condi\u00e7\u00e3o<\/strong> : Na natureza sua condi\u00e7\u00e3o \u00e9 s\u00f3lida.<\/li>\n<li> <strong>Condutividade el\u00e9trica:<\/strong> \u00c9 um condutor de eletricidade e calor.<\/li>\n<\/ul>\n<h2> <strong>Propriedades qu\u00edmicas e f\u00edsicas do zinco<\/strong><\/h2>\n<ol>\n<li> <strong>N\u00famero at\u00f4mico<\/strong> : 30<\/li>\n<li> <strong>Per\u00edodo:<\/strong> 4<\/li>\n<li> <strong>Bloco:<\/strong> d<\/li>\n<li> <strong>Densidade:<\/strong> 7140<\/li>\n<li> <strong>Raio covalente:<\/strong> 131<\/li>\n<li> <strong>El\u00e9trons por n\u00edvel:<\/strong> 2,8,12,2<\/li>\n<li> <strong>Raio at\u00f4mico:<\/strong> 142<\/li>\n<li> <strong>Calor espec\u00edfico:<\/strong> 390 J<\/li>\n<li> <strong>Eletronegatividade:<\/strong> 1,6<\/li>\n<li> <strong>Entalpia de vaporiza\u00e7\u00e3o:<\/strong> 115,3 kJ\/mol<\/li>\n<li> <strong>Ponto de fus\u00e3o:<\/strong> 692,68K<\/li>\n<li> <strong>Ponto de ebuli\u00e7\u00e3o:<\/strong> 1180K<\/li>\n<li> <strong>Entalpia de fus\u00e3o:<\/strong> 7.322 Kj\/mol<\/li>\n<li> <strong>Velocidade do som:<\/strong> 3700 m\/s a 293,15 K<\/li>\n<li> <strong>Press\u00e3o de vapor:<\/strong> 192,2 Pa a 692,73 K<\/li>\n<li> <strong>Configura\u00e7\u00e3o eletr\u00f4nica:<\/strong> [Ar]4s <sup>2<\/sup> 3d <sup>10<\/sup><\/li>\n<li> <strong>Condutividade el\u00e9trica:<\/strong> 16,6 10 <sup>6<\/sup> S\/m<\/li>\n<\/ol>\n<h2> <strong>Origem do zinco<\/strong><\/h2>\n<p> Seu nome vem da palavra alem\u00e3 zinco, designada por um dos metais derivados do lat\u00e3o, resultado de uma liga entre o Cobre e o Zinco. Al\u00e9m disso, vem da palavra alem\u00e3 zinke que significa ponta afiada devido ao formato que tinha quando foi depositado nos altos-fornos.<\/p>\n<p> Todas as fundi\u00e7\u00f5es de zinco e cobre foram descobertas em Chipre e mais tarde usadas pelos romanos. Foi obtido metalicamente na \u00cdndia no s\u00e9culo XIII atrav\u00e9s da redu\u00e7\u00e3o do carbonato de zinco com madeira. Depois, na Europa, em 1746, Andreas Marggraf redescobriu-o reduzindo a escala com carv\u00e3o.<\/p>\n<h2> <strong>Para que \u00e9 usado o zinco?<\/strong><\/h2>\n<p> Desde a antiguidade \u00e9 utilizado na fabrica\u00e7\u00e3o de pe\u00e7as para elementos ornamentais. Hoje \u00e9 utilizado em processos industriais, al\u00e9m de constru\u00e7\u00e3o e medicina, conforme descrito a seguir:<\/p>\n<h3> <strong>Medicina e Cosm\u00e9ticos<\/strong><\/h3>\n<p> O \u00f3xido de zinco \u00e9 usado para prevenir danos \u00e0 epiderme, acelera o al\u00edvio de inflama\u00e7\u00f5es e feridas e adere \u00e0 superf\u00edcie da pele criando uma camada fina. Por isso, \u00e9 utilizado em desodorantes, lo\u00e7\u00f5es, curativos, xampus, cremes dentais, cremes para a pele e para os p\u00e9s. Al\u00e9m disso, \u00e9 \u00fatil para o bom funcionamento do organismo, pois ajuda a prevenir doen\u00e7as como pneumonia e diarreia. \u00c9 ainda essencial para o desenvolvimento \u00f3sseo em beb\u00eas.<\/p>\n<h3> <strong>usos industriais<\/strong><\/h3>\n<p> \u00c9 utilizado para galvanizar ferro ou a\u00e7o, pois sua fun\u00e7\u00e3o \u00e9 reduzir a corros\u00e3o de metais. Al\u00e9m disso, \u00e9 utilizado na constru\u00e7\u00e3o de chapas onduladas e lisas para telhados, tubos, canais, cornijas ou tanques e, juntamente com outros metais, na produ\u00e7\u00e3o de pe\u00e7as ornamentais.<\/p>\n<p> Al\u00e9m disso, \u00e9 utilizado na fabrica\u00e7\u00e3o de tintas a \u00f3leo brancas e para produzir transpar\u00eancia em tintas. O \u00e2nodo de zinco \u00e9 usado para prevenir a corros\u00e3o de pe\u00e7as met\u00e1licas de navios ou tanques de \u00e1gua. As ligas s\u00e3o \u00fateis na fabrica\u00e7\u00e3o de pe\u00e7as fundidas para o setor automotivo.<\/p>\n<h3> <strong>Ind\u00fastria aeroespacial<\/strong><\/h3>\n<p> Em aplica\u00e7\u00f5es aeroespaciais, as baterias s\u00e3o utilizadas na fabrica\u00e7\u00e3o de c\u00e1psulas espaciais e m\u00edsseis devido ao seu excelente desempenho em unidades de peso. Al\u00e9m disso, \u00e9 comum em componentes de laptop.<\/p>\n<h2> <strong>Alimentos que cont\u00eam zinco<\/strong><\/h2>\n<p> Os alimentos ricos em Zinco s\u00e3o os seguintes:<\/p>\n<ul>\n<li> Arroz completo.<\/li>\n<li> Ovos.<\/li>\n<li> Mariscos, como ostras, am\u00eaijoas e caranguejos.<\/li>\n<li> Carnes magras e carne de porco.<\/li>\n<li> ab\u00f3boras.<\/li>\n<li> Queijos.<\/li>\n<li> Sementes de melancia.<\/li>\n<li> Frango e peru.<\/li>\n<li> amendoim.<\/li>\n<li> Avel\u00e3s e am\u00eandoas.<\/li>\n<li> Chocolate escuro.<\/li>\n<\/ul>\n<p> Concluindo, o zinco \u00e9 um elemento qu\u00edmico vital semelhante a outros como o c\u00e1dmio e o magn\u00e9sio. \u00c9 o mais abundante na crosta terrestre e \u00e9 um dos 23 elementos procurados pelo setor industrial, por ser um metal d\u00factil e male\u00e1vel.<\/p>\n","protected":false},"excerpt":{"rendered":"<p>O zinco \u00e9 um elemento da tabela peri\u00f3dica encontrado naturalmente na \u00e1gua, no solo, nas rochas, no ar e \u00e9 vital para o bem-estar de todos os seres vivos. Al\u00e9m disso, desempenha um papel importante em certos produtos e aplica\u00e7\u00f5es industriais. Tamb\u00e9m \u00e9 usado para proteger o a\u00e7o contra corros\u00e3o e outras aplica\u00e7\u00f5es que voc\u00ea &#8230; <a title=\"Zinco\" class=\"read-more\" href=\"https:\/\/chemuza.org\/pt\/zinco\/\" aria-label=\"Mais em Zinco\">Ler mais<\/a><\/p>\n","protected":false},"author":1,"featured_media":0,"parent":0,"menu_order":0,"comment_status":"closed","ping_status":"closed","template":"","meta":{"footnotes":""},"class_list":["post-1484","page","type-page","status-publish"],"yoast_head":"<!-- This site is optimized with the Yoast SEO plugin v21.4 - https:\/\/yoast.com\/wordpress\/plugins\/seo\/ -->\n<title>Zinco - Chemuza<\/title>\n<meta name=\"robots\" content=\"index, follow, max-snippet:-1, max-image-preview:large, max-video-preview:-1\" \/>\n<link rel=\"canonical\" href=\"https:\/\/chemuza.org\/pt\/zinco\/\" \/>\n<meta property=\"og:locale\" content=\"pt_PT\" \/>\n<meta property=\"og:type\" content=\"article\" \/>\n<meta property=\"og:title\" content=\"Zinco - Chemuza\" \/>\n<meta property=\"og:description\" content=\"O zinco \u00e9 um elemento da tabela peri\u00f3dica encontrado naturalmente na \u00e1gua, no solo, nas rochas, no ar e \u00e9 vital para o bem-estar de todos os seres vivos. Al\u00e9m disso, desempenha um papel importante em certos produtos e aplica\u00e7\u00f5es industriais. Tamb\u00e9m \u00e9 usado para proteger o a\u00e7o contra corros\u00e3o e outras aplica\u00e7\u00f5es que voc\u00ea ... Ler mais\" \/>\n<meta property=\"og:url\" content=\"https:\/\/chemuza.org\/pt\/zinco\/\" \/>\n<meta property=\"og:site_name\" content=\"Statorials\" \/>\n<meta name=\"twitter:card\" content=\"summary_large_image\" \/>\n<meta name=\"twitter:label1\" content=\"Tempo estimado de leitura\" \/>\n\t<meta name=\"twitter:data1\" content=\"4 minutos\" \/>\n<script type=\"application\/ld+json\" class=\"yoast-schema-graph\">{\"@context\":\"https:\/\/schema.org\",\"@graph\":[{\"@type\":\"WebPage\",\"@id\":\"https:\/\/chemuza.org\/pt\/zinco\/\",\"url\":\"https:\/\/chemuza.org\/pt\/zinco\/\",\"name\":\"Zinco - Chemuza\",\"isPartOf\":{\"@id\":\"https:\/\/chemuza.org\/pt\/#website\"},\"datePublished\":\"2023-07-14T19:36:02+00:00\",\"dateModified\":\"2023-07-14T19:36:02+00:00\",\"breadcrumb\":{\"@id\":\"https:\/\/chemuza.org\/pt\/zinco\/#breadcrumb\"},\"inLanguage\":\"pt-PT\",\"potentialAction\":[{\"@type\":\"ReadAction\",\"target\":[\"https:\/\/chemuza.org\/pt\/zinco\/\"]}]},{\"@type\":\"BreadcrumbList\",\"@id\":\"https:\/\/chemuza.org\/pt\/zinco\/#breadcrumb\",\"itemListElement\":[{\"@type\":\"ListItem\",\"position\":1,\"name\":\"Lar\",\"item\":\"https:\/\/chemuza.org\/pt\/\"},{\"@type\":\"ListItem\",\"position\":2,\"name\":\"Zinco\"}]},{\"@type\":\"WebSite\",\"@id\":\"https:\/\/chemuza.org\/pt\/#website\",\"url\":\"https:\/\/chemuza.org\/pt\/\",\"name\":\"Chemuza\",\"description\":\"Sua porta de entrada para a descoberta qu\u00edmica!\",\"publisher\":{\"@id\":\"https:\/\/chemuza.org\/pt\/#organization\"},\"potentialAction\":[{\"@type\":\"SearchAction\",\"target\":{\"@type\":\"EntryPoint\",\"urlTemplate\":\"https:\/\/chemuza.org\/pt\/?s={search_term_string}\"},\"query-input\":\"required name=search_term_string\"}],\"inLanguage\":\"pt-PT\"},{\"@type\":\"Organization\",\"@id\":\"https:\/\/chemuza.org\/pt\/#organization\",\"name\":\"Chemuza\",\"url\":\"https:\/\/chemuza.org\/pt\/\",\"logo\":{\"@type\":\"ImageObject\",\"inLanguage\":\"pt-PT\",\"@id\":\"https:\/\/chemuza.org\/pt\/#\/schema\/logo\/image\/\",\"url\":\"https:\/\/chemuza.org\/pt\/wp-content\/uploads\/2023\/10\/chemuza-logo.png\",\"contentUrl\":\"https:\/\/chemuza.org\/pt\/wp-content\/uploads\/2023\/10\/chemuza-logo.png\",\"width\":387,\"height\":70,\"caption\":\"Chemuza\"},\"image\":{\"@id\":\"https:\/\/chemuza.org\/pt\/#\/schema\/logo\/image\/\"}}]}<\/script>\n<!-- \/ Yoast SEO plugin. -->","yoast_head_json":{"title":"Zinco - Chemuza","robots":{"index":"index","follow":"follow","max-snippet":"max-snippet:-1","max-image-preview":"max-image-preview:large","max-video-preview":"max-video-preview:-1"},"canonical":"https:\/\/chemuza.org\/pt\/zinco\/","og_locale":"pt_PT","og_type":"article","og_title":"Zinco - Chemuza","og_description":"O zinco \u00e9 um elemento da tabela peri\u00f3dica encontrado naturalmente na \u00e1gua, no solo, nas rochas, no ar e \u00e9 vital para o bem-estar de todos os seres vivos. Al\u00e9m disso, desempenha um papel importante em certos produtos e aplica\u00e7\u00f5es industriais. Tamb\u00e9m \u00e9 usado para proteger o a\u00e7o contra corros\u00e3o e outras aplica\u00e7\u00f5es que voc\u00ea ... Ler mais","og_url":"https:\/\/chemuza.org\/pt\/zinco\/","og_site_name":"Statorials","twitter_card":"summary_large_image","twitter_misc":{"Tempo estimado de leitura":"4 minutos"},"schema":{"@context":"https:\/\/schema.org","@graph":[{"@type":"WebPage","@id":"https:\/\/chemuza.org\/pt\/zinco\/","url":"https:\/\/chemuza.org\/pt\/zinco\/","name":"Zinco - Chemuza","isPartOf":{"@id":"https:\/\/chemuza.org\/pt\/#website"},"datePublished":"2023-07-14T19:36:02+00:00","dateModified":"2023-07-14T19:36:02+00:00","breadcrumb":{"@id":"https:\/\/chemuza.org\/pt\/zinco\/#breadcrumb"},"inLanguage":"pt-PT","potentialAction":[{"@type":"ReadAction","target":["https:\/\/chemuza.org\/pt\/zinco\/"]}]},{"@type":"BreadcrumbList","@id":"https:\/\/chemuza.org\/pt\/zinco\/#breadcrumb","itemListElement":[{"@type":"ListItem","position":1,"name":"Lar","item":"https:\/\/chemuza.org\/pt\/"},{"@type":"ListItem","position":2,"name":"Zinco"}]},{"@type":"WebSite","@id":"https:\/\/chemuza.org\/pt\/#website","url":"https:\/\/chemuza.org\/pt\/","name":"Chemuza","description":"Sua porta de entrada para a descoberta qu\u00edmica!","publisher":{"@id":"https:\/\/chemuza.org\/pt\/#organization"},"potentialAction":[{"@type":"SearchAction","target":{"@type":"EntryPoint","urlTemplate":"https:\/\/chemuza.org\/pt\/?s={search_term_string}"},"query-input":"required name=search_term_string"}],"inLanguage":"pt-PT"},{"@type":"Organization","@id":"https:\/\/chemuza.org\/pt\/#organization","name":"Chemuza","url":"https:\/\/chemuza.org\/pt\/","logo":{"@type":"ImageObject","inLanguage":"pt-PT","@id":"https:\/\/chemuza.org\/pt\/#\/schema\/logo\/image\/","url":"https:\/\/chemuza.org\/pt\/wp-content\/uploads\/2023\/10\/chemuza-logo.png","contentUrl":"https:\/\/chemuza.org\/pt\/wp-content\/uploads\/2023\/10\/chemuza-logo.png","width":387,"height":70,"caption":"Chemuza"},"image":{"@id":"https:\/\/chemuza.org\/pt\/#\/schema\/logo\/image\/"}}]}},"yoast_meta":{"yoast_wpseo_title":"","yoast_wpseo_metadesc":"","yoast_wpseo_canonical":""},"_links":{"self":[{"href":"https:\/\/chemuza.org\/pt\/wp-json\/wp\/v2\/pages\/1484","targetHints":{"allow":["GET"]}}],"collection":[{"href":"https:\/\/chemuza.org\/pt\/wp-json\/wp\/v2\/pages"}],"about":[{"href":"https:\/\/chemuza.org\/pt\/wp-json\/wp\/v2\/types\/page"}],"author":[{"embeddable":true,"href":"https:\/\/chemuza.org\/pt\/wp-json\/wp\/v2\/users\/1"}],"replies":[{"embeddable":true,"href":"https:\/\/chemuza.org\/pt\/wp-json\/wp\/v2\/comments?post=1484"}],"version-history":[{"count":0,"href":"https:\/\/chemuza.org\/pt\/wp-json\/wp\/v2\/pages\/1484\/revisions"}],"wp:attachment":[{"href":"https:\/\/chemuza.org\/pt\/wp-json\/wp\/v2\/media?parent=1484"}],"curies":[{"name":"wp","href":"https:\/\/api.w.org\/{rel}","templated":true}]}}