{"id":1483,"date":"2023-07-14T20:16:02","date_gmt":"2023-07-14T20:16:02","guid":{"rendered":"https:\/\/chemuza.org\/pt\/cobalto\/"},"modified":"2023-07-14T20:16:02","modified_gmt":"2023-07-14T20:16:02","slug":"cobalto","status":"publish","type":"page","link":"https:\/\/chemuza.org\/pt\/cobalto\/","title":{"rendered":"Cobalto"},"content":{"rendered":"<p>Elemento amplamente distribu\u00eddo na natureza com propor\u00e7\u00e3o de 0,001%. Pode ser encontrada em rochas \u00edgneas, estrelas, meteoritos, \u00e1gua doce, plantas, mares e animais. \u00c9 muito est\u00e1vel no meio ambiente e oxida quando exposto a altas temperaturas, ficando vermelho. Abaixo est\u00e1 uma breve descri\u00e7\u00e3o do cobalto e de todos os detalhes desse metal.<\/p>\n<h2> <strong>O que \u00e9 cobalto?<\/strong><\/h2>\n<p> \u00c9 um elemento qu\u00edmico marcado com o n\u00famero at\u00f4mico 27 pertencente aos metais de transi\u00e7\u00e3o da tabela peri\u00f3dica. Seu peso at\u00f4mico \u00e9 58,93 e \u00e9 magn\u00e9tico com baixa ductilidade e resist\u00eancia em temperaturas normais. Al\u00e9m disso, possui caracter\u00edsticas ferromagn\u00e9ticas que lhe permitem formar diversas ligas para criar a cor azul de vidros, tintas e esmaltes.<\/p>\n<h3> <strong>S\u00edmbolo de cobalto<\/strong><\/h3>\n<p> <span class=\"content-chemical-element\" style=\"float: left;width: 65px;height: 65px;border: 3px solid #666; display:flex;\n    justify-content: center;align-items: center;margin-right: 15px;\"><span style=\"font-size: 38px;\">Co<\/span><\/span> O nome vem do alem\u00e3o Kobalt, que significa elfo. Recebe esse nome porque os mineradores o consideravam um metal que os goblins misturavam com prata e n\u00edquel para adoecer e causar problemas na extra\u00e7\u00e3o de outros minerais, dada sua toxicidade e sua cor.<\/p>\n<h2> <strong>Caracter\u00edsticas do cobalto<\/strong><\/h2>\n<p> Este metal est\u00e1 localizado no grupo 9 da tabela peri\u00f3dica. Possui propriedades ferromagn\u00e9ticas branco-azuladas com alta resist\u00eancia \u00e0 tens\u00e3o. Al\u00e9m disso, \u00e9 t\u00e9rmico e possui boa condu\u00e7\u00e3o eletroqu\u00edmica, assim como o N\u00edquel e o Ferro. Outras caracter\u00edsticas do metal s\u00e3o:<\/p>\n<ul>\n<li> <strong>Condi\u00e7\u00e3o<\/strong> : S\u00f3lido.<\/li>\n<li> <strong>Sabor e odor<\/strong> : Met\u00e1lico, sem odor caracter\u00edstico.<\/li>\n<li> <strong>Composi\u00e7\u00e3o<\/strong> : Modelo at\u00f4mico de 32 n\u00eautrons, 27 pr\u00f3tons e 27 el\u00e9trons.<\/li>\n<li> <strong>Estrutura<\/strong> : Possui 2 formas alotr\u00f3picas, uma cristalina com geometria hexagonal e outra c\u00fabica em suas faces.<\/li>\n<li> <strong>Resist\u00eancia<\/strong> : Alta e resiste ao desgaste causado pela \u00e1gua ou vento, mas \u00e9 fraca aos \u00e1cidos n\u00edtrico, clor\u00eddrico e sulf\u00farico.<\/li>\n<li> <strong>Toxicidade<\/strong> : \u00c9 alta e em p\u00f3 \u00e9 muito inflam\u00e1vel.<\/li>\n<li> <strong>Solubilidade<\/strong> : \u00c9 sol\u00favel em \u00e1gua dependendo do seu pH.<\/li>\n<\/ul>\n<h2> <strong>Propriedades qu\u00edmicas e f\u00edsicas do cobalto<\/strong><\/h2>\n<ol>\n<li> <strong>N\u00famero at\u00f4mico<\/strong> : 27<\/li>\n<li> <strong>Per\u00edodo<\/strong> : 4<\/li>\n<li> <strong>Bloquear<\/strong> \ud83d\ude00<\/li>\n<li> <strong>Grupo<\/strong> : 9<\/li>\n<li> <strong>Raio covalente (\u00c5):<\/strong> 126<strong> <\/strong>tarde<\/li>\n<li> <strong>Calor espec\u00edfico:<\/strong> 420 J \/ (K kg)<\/li>\n<li> <strong>Massa at\u00f4mica (g\/mol):<\/strong> 58,93<\/li>\n<li> <strong>Densidade:<\/strong> 8,9 Kg\/m3<\/li>\n<li> <strong>Ponto de ebuli\u00e7\u00e3o:<\/strong> 2900<strong> <\/strong>\u00b0C<\/li>\n<li> <strong>Ponto de fus\u00e3o:<\/strong> 1495\u00b0C<\/li>\n<li> <strong>Raio at\u00f4mico:<\/strong> 152h<\/li>\n<li> <strong>Raio m\u00e9dio:<\/strong> 135h<\/li>\n<li> <strong>Estado de oxida\u00e7\u00e3o:<\/strong> 5, 4, 3, 2, 1, -1<\/li>\n<li> <strong>Primeiro potencial de ioniza\u00e7\u00e3o eV:<\/strong> 7,90<\/li>\n<li> <strong>Configura\u00e7\u00e3o eletr\u00f4nica:<\/strong> [Ar]3d74s2<\/li>\n<li> <strong>Condutividade t\u00e9rmica:<\/strong> 0-100 C (W m-1 K-1)<\/li>\n<li> <strong>El\u00e9trons por camada:<\/strong> 2, 8, 15, 2<\/li>\n<li> <strong>Eletronegatividade:<\/strong> 1,8<\/li>\n<\/ol>\n<h2> <strong>Origem do cobalto<\/strong><\/h2>\n<p> Este metal remonta a \u00e9pocas imemoriais antes de Cristo nas culturas persa e eg\u00edpcia, onde era utilizado na confec\u00e7\u00e3o de estatuetas. Foi descoberto como elemento qu\u00edmico em 1730 por George Brandt, que, atrav\u00e9s de um experimento, demonstrou que esse elemento dava uma cor azul ao vidro.<\/p>\n<p> Comprovadas suas propriedades, tornou-se o primeiro composto met\u00e1lico descoberto em tempos pr\u00e9-hist\u00f3ricos, quando outros metais n\u00e3o haviam sido registrados como elementos.<\/p>\n<h2> <strong>Para que \u00e9 usado o Cobalto?<\/strong><\/h2>\n<p> A obten\u00e7\u00e3o do metal \u00e9 utilizada no setor industrial e metal\u00fargico na produ\u00e7\u00e3o de ligas. Estes melhoram o desempenho de turbinas, carbonetos e diamantes. Outros usos incluem:<\/p>\n<h3> <strong>Ligas<\/strong><\/h3>\n<p> S\u00e3o misturas de um ou mais elementos e os de cobalto s\u00e3o utilizados na fabrica\u00e7\u00e3o de m\u00e1quinas, ferramentas, juntas de vidro e pe\u00e7as dent\u00e1rias. Al\u00e9m disso, a mistura entre cobalto e n\u00edquel \u00e9 utilizada na produ\u00e7\u00e3o de fitas magn\u00e9ticas e \u00edm\u00e3s. Outros s\u00e3o destinados \u00e0 confec\u00e7\u00e3o de implantes ortop\u00e9dicos para cintura e joelhos.<\/p>\n<h3> <strong>campo m\u00e9dico<\/strong><\/h3>\n<p> O Cobalto 60 \u00e9 utilizado na medicina na produ\u00e7\u00e3o de raios gama, ideais para o tratamento de tumores cancer\u00edgenos. Al\u00e9m disso, \u00e9 eficaz para esteriliza\u00e7\u00e3o de equipamentos m\u00e9dicos, res\u00edduos, limpeza de alimentos, radioterapia e para medi\u00e7\u00f5es de densidade de objetos.<\/p>\n<h3> <strong>Setor industrial<\/strong><\/h3>\n<p> Compostos deste elemento s\u00e3o utilizados na fabrica\u00e7\u00e3o de esmaltes, corantes para vidros e cer\u00e2micas. \u00c9 utilizado como agente protetor no revestimento de joias, o que evita a oxida\u00e7\u00e3o. Al\u00e9m disso, no setor qu\u00edmico \u00e9 utilizado como catalisador homog\u00eaneo e heterog\u00eaneo na s\u00edntese de combust\u00edveis.<\/p>\n<h2> <strong>Como o cobalto \u00e9 obtido?<\/strong><\/h2>\n<p> A obten\u00e7\u00e3o do Cobalto consiste em separ\u00e1-lo do Ferro, Cobre e N\u00edquel por meio da torrefa\u00e7\u00e3o parcial dos materiais sulfurados. No processo qu\u00edmico, os demais metais s\u00e3o oxidados e resta uma mat\u00e9ria-prima contendo sulfetos. Em seguida, \u00e9 realizada a lixivia\u00e7\u00e3o ou extra\u00e7\u00e3o do material sol\u00favel sob a a\u00e7\u00e3o de um solvente l\u00edquido. Esta t\u00e9cnica vai separando os elementos aos poucos, at\u00e9 obter uma amostra pura do elemento.<\/p>\n<h2> <strong>Alimentos que cont\u00eam cobalto<\/strong><\/h2>\n<p> Este composto \u00e9 um oligoelemento vital para o corpo e o metabolismo celular. Voc\u00ea pode encontr\u00e1-lo em peixes, f\u00edgado, carnes, gr\u00e3os, trigo, nozes, leite, lentilha, cebola, arroz e beterraba. \u00c9 ainda uma parte importante da vitamina B12, que proporciona benef\u00edcios ao organismo.<\/p>\n<p> Em resumo, \u00e9 um dos metais de transi\u00e7\u00e3o mais fortes e capaz de formar diversas ligas com aplica\u00e7\u00f5es em metalurgia, medicina e eletr\u00f4nica. Al\u00e9m disso, as fun\u00e7\u00f5es naturais do Cobalto beneficiam a sa\u00fade e o sistema imunol\u00f3gico.<\/p>\n","protected":false},"excerpt":{"rendered":"<p>Elemento amplamente distribu\u00eddo na natureza com propor\u00e7\u00e3o de 0,001%. Pode ser encontrada em rochas \u00edgneas, estrelas, meteoritos, \u00e1gua doce, plantas, mares e animais. \u00c9 muito est\u00e1vel no meio ambiente e oxida quando exposto a altas temperaturas, ficando vermelho. Abaixo est\u00e1 uma breve descri\u00e7\u00e3o do cobalto e de todos os detalhes desse metal. O que \u00e9 &#8230; <a title=\"Cobalto\" class=\"read-more\" href=\"https:\/\/chemuza.org\/pt\/cobalto\/\" aria-label=\"Mais em Cobalto\">Ler mais<\/a><\/p>\n","protected":false},"author":1,"featured_media":0,"parent":0,"menu_order":0,"comment_status":"closed","ping_status":"closed","template":"","meta":{"footnotes":""},"class_list":["post-1483","page","type-page","status-publish"],"yoast_head":"<!-- This site is optimized with the Yoast SEO plugin v21.4 - https:\/\/yoast.com\/wordpress\/plugins\/seo\/ -->\n<title>Cobalto - Chemuza<\/title>\n<meta name=\"robots\" content=\"index, follow, max-snippet:-1, max-image-preview:large, max-video-preview:-1\" \/>\n<link rel=\"canonical\" href=\"https:\/\/chemuza.org\/pt\/cobalto\/\" \/>\n<meta property=\"og:locale\" content=\"pt_PT\" \/>\n<meta property=\"og:type\" content=\"article\" \/>\n<meta property=\"og:title\" content=\"Cobalto - Chemuza\" \/>\n<meta property=\"og:description\" content=\"Elemento amplamente distribu\u00eddo na natureza com propor\u00e7\u00e3o de 0,001%. Pode ser encontrada em rochas \u00edgneas, estrelas, meteoritos, \u00e1gua doce, plantas, mares e animais. \u00c9 muito est\u00e1vel no meio ambiente e oxida quando exposto a altas temperaturas, ficando vermelho. Abaixo est\u00e1 uma breve descri\u00e7\u00e3o do cobalto e de todos os detalhes desse metal. O que \u00e9 ... Ler mais\" \/>\n<meta property=\"og:url\" content=\"https:\/\/chemuza.org\/pt\/cobalto\/\" \/>\n<meta property=\"og:site_name\" content=\"Statorials\" \/>\n<meta name=\"twitter:card\" content=\"summary_large_image\" \/>\n<meta name=\"twitter:label1\" content=\"Tempo estimado de leitura\" \/>\n\t<meta name=\"twitter:data1\" content=\"4 minutos\" \/>\n<script type=\"application\/ld+json\" class=\"yoast-schema-graph\">{\"@context\":\"https:\/\/schema.org\",\"@graph\":[{\"@type\":\"WebPage\",\"@id\":\"https:\/\/chemuza.org\/pt\/cobalto\/\",\"url\":\"https:\/\/chemuza.org\/pt\/cobalto\/\",\"name\":\"Cobalto - Chemuza\",\"isPartOf\":{\"@id\":\"https:\/\/chemuza.org\/pt\/#website\"},\"datePublished\":\"2023-07-14T20:16:02+00:00\",\"dateModified\":\"2023-07-14T20:16:02+00:00\",\"breadcrumb\":{\"@id\":\"https:\/\/chemuza.org\/pt\/cobalto\/#breadcrumb\"},\"inLanguage\":\"pt-PT\",\"potentialAction\":[{\"@type\":\"ReadAction\",\"target\":[\"https:\/\/chemuza.org\/pt\/cobalto\/\"]}]},{\"@type\":\"BreadcrumbList\",\"@id\":\"https:\/\/chemuza.org\/pt\/cobalto\/#breadcrumb\",\"itemListElement\":[{\"@type\":\"ListItem\",\"position\":1,\"name\":\"Lar\",\"item\":\"https:\/\/chemuza.org\/pt\/\"},{\"@type\":\"ListItem\",\"position\":2,\"name\":\"Cobalto\"}]},{\"@type\":\"WebSite\",\"@id\":\"https:\/\/chemuza.org\/pt\/#website\",\"url\":\"https:\/\/chemuza.org\/pt\/\",\"name\":\"Chemuza\",\"description\":\"Sua porta de entrada para a descoberta qu\u00edmica!\",\"publisher\":{\"@id\":\"https:\/\/chemuza.org\/pt\/#organization\"},\"potentialAction\":[{\"@type\":\"SearchAction\",\"target\":{\"@type\":\"EntryPoint\",\"urlTemplate\":\"https:\/\/chemuza.org\/pt\/?s={search_term_string}\"},\"query-input\":\"required name=search_term_string\"}],\"inLanguage\":\"pt-PT\"},{\"@type\":\"Organization\",\"@id\":\"https:\/\/chemuza.org\/pt\/#organization\",\"name\":\"Chemuza\",\"url\":\"https:\/\/chemuza.org\/pt\/\",\"logo\":{\"@type\":\"ImageObject\",\"inLanguage\":\"pt-PT\",\"@id\":\"https:\/\/chemuza.org\/pt\/#\/schema\/logo\/image\/\",\"url\":\"https:\/\/chemuza.org\/pt\/wp-content\/uploads\/2023\/10\/chemuza-logo.png\",\"contentUrl\":\"https:\/\/chemuza.org\/pt\/wp-content\/uploads\/2023\/10\/chemuza-logo.png\",\"width\":387,\"height\":70,\"caption\":\"Chemuza\"},\"image\":{\"@id\":\"https:\/\/chemuza.org\/pt\/#\/schema\/logo\/image\/\"}}]}<\/script>\n<!-- \/ Yoast SEO plugin. -->","yoast_head_json":{"title":"Cobalto - Chemuza","robots":{"index":"index","follow":"follow","max-snippet":"max-snippet:-1","max-image-preview":"max-image-preview:large","max-video-preview":"max-video-preview:-1"},"canonical":"https:\/\/chemuza.org\/pt\/cobalto\/","og_locale":"pt_PT","og_type":"article","og_title":"Cobalto - Chemuza","og_description":"Elemento amplamente distribu\u00eddo na natureza com propor\u00e7\u00e3o de 0,001%. Pode ser encontrada em rochas \u00edgneas, estrelas, meteoritos, \u00e1gua doce, plantas, mares e animais. \u00c9 muito est\u00e1vel no meio ambiente e oxida quando exposto a altas temperaturas, ficando vermelho. Abaixo est\u00e1 uma breve descri\u00e7\u00e3o do cobalto e de todos os detalhes desse metal. O que \u00e9 ... Ler mais","og_url":"https:\/\/chemuza.org\/pt\/cobalto\/","og_site_name":"Statorials","twitter_card":"summary_large_image","twitter_misc":{"Tempo estimado de leitura":"4 minutos"},"schema":{"@context":"https:\/\/schema.org","@graph":[{"@type":"WebPage","@id":"https:\/\/chemuza.org\/pt\/cobalto\/","url":"https:\/\/chemuza.org\/pt\/cobalto\/","name":"Cobalto - Chemuza","isPartOf":{"@id":"https:\/\/chemuza.org\/pt\/#website"},"datePublished":"2023-07-14T20:16:02+00:00","dateModified":"2023-07-14T20:16:02+00:00","breadcrumb":{"@id":"https:\/\/chemuza.org\/pt\/cobalto\/#breadcrumb"},"inLanguage":"pt-PT","potentialAction":[{"@type":"ReadAction","target":["https:\/\/chemuza.org\/pt\/cobalto\/"]}]},{"@type":"BreadcrumbList","@id":"https:\/\/chemuza.org\/pt\/cobalto\/#breadcrumb","itemListElement":[{"@type":"ListItem","position":1,"name":"Lar","item":"https:\/\/chemuza.org\/pt\/"},{"@type":"ListItem","position":2,"name":"Cobalto"}]},{"@type":"WebSite","@id":"https:\/\/chemuza.org\/pt\/#website","url":"https:\/\/chemuza.org\/pt\/","name":"Chemuza","description":"Sua porta de entrada para a descoberta qu\u00edmica!","publisher":{"@id":"https:\/\/chemuza.org\/pt\/#organization"},"potentialAction":[{"@type":"SearchAction","target":{"@type":"EntryPoint","urlTemplate":"https:\/\/chemuza.org\/pt\/?s={search_term_string}"},"query-input":"required name=search_term_string"}],"inLanguage":"pt-PT"},{"@type":"Organization","@id":"https:\/\/chemuza.org\/pt\/#organization","name":"Chemuza","url":"https:\/\/chemuza.org\/pt\/","logo":{"@type":"ImageObject","inLanguage":"pt-PT","@id":"https:\/\/chemuza.org\/pt\/#\/schema\/logo\/image\/","url":"https:\/\/chemuza.org\/pt\/wp-content\/uploads\/2023\/10\/chemuza-logo.png","contentUrl":"https:\/\/chemuza.org\/pt\/wp-content\/uploads\/2023\/10\/chemuza-logo.png","width":387,"height":70,"caption":"Chemuza"},"image":{"@id":"https:\/\/chemuza.org\/pt\/#\/schema\/logo\/image\/"}}]}},"yoast_meta":{"yoast_wpseo_title":"","yoast_wpseo_metadesc":"","yoast_wpseo_canonical":""},"_links":{"self":[{"href":"https:\/\/chemuza.org\/pt\/wp-json\/wp\/v2\/pages\/1483","targetHints":{"allow":["GET"]}}],"collection":[{"href":"https:\/\/chemuza.org\/pt\/wp-json\/wp\/v2\/pages"}],"about":[{"href":"https:\/\/chemuza.org\/pt\/wp-json\/wp\/v2\/types\/page"}],"author":[{"embeddable":true,"href":"https:\/\/chemuza.org\/pt\/wp-json\/wp\/v2\/users\/1"}],"replies":[{"embeddable":true,"href":"https:\/\/chemuza.org\/pt\/wp-json\/wp\/v2\/comments?post=1483"}],"version-history":[{"count":0,"href":"https:\/\/chemuza.org\/pt\/wp-json\/wp\/v2\/pages\/1483\/revisions"}],"wp:attachment":[{"href":"https:\/\/chemuza.org\/pt\/wp-json\/wp\/v2\/media?parent=1483"}],"curies":[{"name":"wp","href":"https:\/\/api.w.org\/{rel}","templated":true}]}}