{"id":1482,"date":"2023-07-14T20:41:58","date_gmt":"2023-07-14T20:41:58","guid":{"rendered":"https:\/\/chemuza.org\/pt\/manganes\/"},"modified":"2023-07-14T20:41:58","modified_gmt":"2023-07-14T20:41:58","slug":"manganes","status":"publish","type":"page","link":"https:\/\/chemuza.org\/pt\/manganes\/","title":{"rendered":"Mangan\u00eas"},"content":{"rendered":"<p>Voc\u00ea sabia que mais de 90% do mangan\u00eas \u00e9 utilizado em aplica\u00e7\u00f5es metal\u00fargicas e sider\u00fargicas? A raz\u00e3o \u00e9 sua reatividade qu\u00edmica \u00fatil. Por outro lado, desempenha um papel essencial para os organismos vivos, mesmo que n\u00e3o seja poss\u00edvel encontr\u00e1-lo em estado puro na natureza. Conhe\u00e7a a sua hist\u00f3ria, quais s\u00e3o as suas caracter\u00edsticas, quem o descobriu, entre outras informa\u00e7\u00f5es.<\/p>\n<h2> <strong>O que \u00e9 mangan\u00eas?<\/strong><\/h2>\n<p> \u00c9 um metal de transi\u00e7\u00e3o semelhante ao ferro, reativo, refrat\u00e1rio e altamente oxid\u00e1vel. Embora seja dif\u00edcil, geralmente \u00e9 um elemento qu\u00edmico fr\u00e1gil. Devido aos diversos estados de oxida\u00e7\u00e3o de seus compostos, pode ser distinguido de outros elementos. Por outro lado, \u00e9 encontrado em diversos minerais, sendo os mais comuns o di\u00f3xido e o carbonato de mangan\u00eas.<\/p>\n<h3> <strong>S\u00edmbolo de mangan\u00eas<\/strong><\/h3>\n<p> <span class=\"content-chemical-element\" style=\"float: left;width: 65px;height: 65px;border: 3px solid #666; display:flex;\n    justify-content: center;align-items: center;margin-right: 15px;\"><span style=\"font-size: 38px;\">Mn<\/span><\/span> Essa simbologia vem da magn\u00e9sia negra, que hoje \u00e9 o mineral pirolusita, que antigamente era chamado de <em>magnes<\/em> por ser confundido com a pedra magnetita. No s\u00e9culo XVI, os vidreiros acrescentaram dois n&#8217;s ao nome e mais tarde foi reconhecido pelo nome atual.<\/p>\n<h2> <strong>Caracter\u00edsticas do mangan\u00eas<\/strong><\/h2>\n<p> Possui massa at\u00f4mica de 54,93 g\/mol e densidade de 7.430 kg\/m\u00b3 a 20\u00b0C. Al\u00e9m disso, o elemento em seu estado puro possui quatro formas alotr\u00f3picas, sendo as mais conhecidas a alfa e a gama. Observe ent\u00e3o as outras caracter\u00edsticas do metal:<\/p>\n<ul>\n<li> <strong>Reatividade Qu\u00edmica<\/strong> : Em altas temperaturas reage com a maioria dos elementos n\u00e3o met\u00e1licos, \u00e1gua, \u00e1cidos e halog\u00eanios.<\/li>\n<li> <strong>Derretimento e ebuli\u00e7\u00e3o<\/strong> : Possui altos pontos de fus\u00e3o e ebuli\u00e7\u00e3o.<\/li>\n<li> <strong>Condi\u00e7\u00e3o<\/strong> : \u00c0 temperatura ambiente, \u00e9 s\u00f3lido.<\/li>\n<li> <strong>Mudan\u00e7as<\/strong> : Oxida e queima no ar enquanto com o ar \u00famido forma \u00f3xidos.<\/li>\n<li> <strong>Cor<\/strong> : Quando puro, \u00e9 branco brilhante, mas sabe-se que seus compostos s\u00e3o coloridos.<\/li>\n<li> <strong>Textura<\/strong> : Cristalina e macia.<\/li>\n<li> <strong>Odor<\/strong> : \u00c9 inodoro.<\/li>\n<li> <strong>Temperatura<\/strong> : Altera sua estrutura cristalina quando submetido a mudan\u00e7as clim\u00e1ticas.<\/li>\n<li> <strong>Dureza<\/strong> : Apresenta nota 6 na escala de Mohs, mas ao mesmo tempo \u00e9 fr\u00e1gil.<\/li>\n<li> <strong>Ordem magn\u00e9tica<\/strong> : Geralmente n\u00e3o \u00e9 um elemento ferromagn\u00e9tico, embora possa mudar quando submetido a tratamentos especiais.<\/li>\n<li> <strong>Condi\u00e7\u00e3o:<\/strong> S\u00f3lido.<\/li>\n<\/ul>\n<h2> <strong>Propriedades qu\u00edmicas e f\u00edsicas do mangan\u00eas<\/strong><\/h2>\n<ol>\n<li> <strong>N\u00famero at\u00f4mico<\/strong> : 25<\/li>\n<li> <strong>Densidade<\/strong> : 7430 kg\/m\u00b3<\/li>\n<li> <strong>Ferrugem<\/strong> : \u00e1cido forte<\/li>\n<li> <strong>Raio covalente (\u00c5)<\/strong> : 139 pm<\/li>\n<li> <strong>Configura\u00e7\u00e3o eletr\u00f4nica<\/strong> : [Ar]3d <sup>5<\/sup> 4s <sup>2<\/sup><\/li>\n<li> <strong>Ponto de ebuli\u00e7\u00e3o<\/strong> : 2061 \u00b0C (2334 K)<\/li>\n<li> <strong>Massa at\u00f4mica (g\/mol)<\/strong> : 54,938049 u<\/li>\n<li> <strong>Entalpia de fus\u00e3o<\/strong> : 12,05 kJ\/mol<\/li>\n<li> <strong>Velocidade do som<\/strong> : 5150 m\/s a 293,15 K<\/li>\n<li> <strong>Primeiro potencial de ioniza\u00e7\u00e3o (eV)<\/strong> : 717,3 kJ\/mol<\/li>\n<li> <strong>Ponto de fus\u00e3o<\/strong> : 1246\u00b0C (1519K)<\/li>\n<li> <strong>Entalpia de vaporiza\u00e7\u00e3o<\/strong> : 226 kJ\/mol<\/li>\n<li> <strong>Raio at\u00f4mico (\u00c5)<\/strong> : 161 pm (raio de Bohr)<\/li>\n<li> <strong>Calor espec\u00edfico<\/strong> : 480 J\/(K-kg)<\/li>\n<li> <strong>Estados de oxida\u00e7\u00e3o<\/strong> : 7, 6, 4, 2, 3<\/li>\n<li> <strong>Eletronegatividade<\/strong> : 1,55 (escala Pauling)<\/li>\n<li> <strong>El\u00e9trons por n\u00edvel<\/strong> : 2, 8, 13, 2<\/li>\n<\/ol>\n<h2> <strong>Origem do mangan\u00eas<\/strong><\/h2>\n<p> Os eg\u00edpcios e romanos utilizavam compostos do elemento para descolorir ou dar cor ao vidro, conforme a hist\u00f3ria do mangan\u00eas. Al\u00e9m disso, foram descobertas pinturas rupestres francesas contendo restos do elemento. Tamb\u00e9m em algumas minas de ferro dos antigos espartanos, que utilizavam este material para endurecer suas espadas.<\/p>\n<p> Posteriormente, sua descoberta ocorreu por Carl Wilhem Scheele em 1771. Por\u00e9m, o cr\u00e9dito oficial \u00e9 dado ao qu\u00edmico Johan Gottlieb Gahn, j\u00e1 que conseguiu isol\u00e1-lo em 1774. O sueco realizou a redu\u00e7\u00e3o do \u00f3xido de mangan\u00eas a um elemento combinando-o com carbono.<\/p>\n<h2> <strong>Para que \u00e9 usado o mangan\u00eas?<\/strong><\/h2>\n<p> \u00c9 um metal utilizado para aplica\u00e7\u00f5es qu\u00edmicas e metal\u00fargicas. Tamb\u00e9m constitui um elemento vital do corpo humano porque participa na forma\u00e7\u00e3o e desenvolvimento do tecido \u00f3sseo. Os outros usos deste metal dizem respeito:<\/p>\n<ul>\n<li> Reduz o ru\u00eddo do motor e aumenta a octanagem do combust\u00edvel.<\/li>\n<li> \u00c9 usado na fabrica\u00e7\u00e3o de a\u00e7o inoxid\u00e1vel de baixo or\u00e7amento.<\/li>\n<li> Geralmente \u00e9 ligado ao alum\u00ednio para obter maior resist\u00eancia \u00e0 corros\u00e3o.<\/li>\n<li> Em baterias descart\u00e1veis padr\u00e3o.<\/li>\n<li> Seu \u00f3xido \u00e9 usado para oxidar o \u00e1lcool benz\u00edlico.<\/li>\n<li> O di\u00f3xido de mangan\u00eas \u00e9 um composto usado para criar tintas.<\/li>\n<li> Um composto do elemento \u00e9 usado para neutralizar o efeito contaminante do ferro no vidro.<\/li>\n<li> V\u00e1rios compostos podem pintar cer\u00e2mica e vidro.<\/li>\n<li> Alguns pa\u00edses o utilizam como mat\u00e9ria-prima na fabrica\u00e7\u00e3o de moedas.<\/li>\n<\/ul>\n<h2> <strong>Compostos de mangan\u00eas<\/strong><\/h2>\n<p> Todos os compostos deste elemento qu\u00edmico, com exce\u00e7\u00e3o do permanganato, s\u00e3o paramagn\u00e9ticos. Em outras palavras, eles s\u00e3o atra\u00eddos para o campo magn\u00e9tico porque possuem el\u00e9trons desemparelhados. Alguns exemplos s\u00e3o:<\/p>\n<ul>\n<li> \u00d3xido de mangan\u00eas IV.<\/li>\n<li> Manganato de pot\u00e1ssio.<\/li>\n<li> Permanganato de pot\u00e1ssio.<\/li>\n<li> Permanganato de c\u00e1lcio.<\/li>\n<li> Permanganato de s\u00f3dio.<\/li>\n<\/ul>\n<p> Em resumo, o mangan\u00eas \u00e9 um elemento qu\u00edmico reativo, oxid\u00e1vel, refrat\u00e1rio, duro e quebradi\u00e7o, que faz parte dos metais de transi\u00e7\u00e3o. Embora n\u00e3o seja encontrado em sua forma pura, pode ser obtido a partir de diversos minerais, como a pirolusita. Al\u00e9m disso, seus usos incluem a elimina\u00e7\u00e3o de batidas no motor, a fabrica\u00e7\u00e3o de baterias descart\u00e1veis e o a\u00e7o inoxid\u00e1vel mais barato.<\/p>\n","protected":false},"excerpt":{"rendered":"<p>Voc\u00ea sabia que mais de 90% do mangan\u00eas \u00e9 utilizado em aplica\u00e7\u00f5es metal\u00fargicas e sider\u00fargicas? A raz\u00e3o \u00e9 sua reatividade qu\u00edmica \u00fatil. Por outro lado, desempenha um papel essencial para os organismos vivos, mesmo que n\u00e3o seja poss\u00edvel encontr\u00e1-lo em estado puro na natureza. Conhe\u00e7a a sua hist\u00f3ria, quais s\u00e3o as suas caracter\u00edsticas, quem o &#8230; <a title=\"Mangan\u00eas\" class=\"read-more\" href=\"https:\/\/chemuza.org\/pt\/manganes\/\" aria-label=\"Mais em Mangan\u00eas\">Ler mais<\/a><\/p>\n","protected":false},"author":1,"featured_media":0,"parent":0,"menu_order":0,"comment_status":"closed","ping_status":"closed","template":"","meta":{"footnotes":""},"class_list":["post-1482","page","type-page","status-publish"],"yoast_head":"<!-- This site is optimized with the Yoast SEO plugin v21.4 - https:\/\/yoast.com\/wordpress\/plugins\/seo\/ -->\n<title>Mangan\u00eas - Chemuza<\/title>\n<meta name=\"robots\" content=\"index, follow, max-snippet:-1, max-image-preview:large, max-video-preview:-1\" \/>\n<link rel=\"canonical\" href=\"https:\/\/chemuza.org\/pt\/manganes\/\" \/>\n<meta property=\"og:locale\" content=\"pt_PT\" \/>\n<meta property=\"og:type\" content=\"article\" \/>\n<meta property=\"og:title\" content=\"Mangan\u00eas - Chemuza\" \/>\n<meta property=\"og:description\" content=\"Voc\u00ea sabia que mais de 90% do mangan\u00eas \u00e9 utilizado em aplica\u00e7\u00f5es metal\u00fargicas e sider\u00fargicas? A raz\u00e3o \u00e9 sua reatividade qu\u00edmica \u00fatil. Por outro lado, desempenha um papel essencial para os organismos vivos, mesmo que n\u00e3o seja poss\u00edvel encontr\u00e1-lo em estado puro na natureza. Conhe\u00e7a a sua hist\u00f3ria, quais s\u00e3o as suas caracter\u00edsticas, quem o ... Ler mais\" \/>\n<meta property=\"og:url\" content=\"https:\/\/chemuza.org\/pt\/manganes\/\" \/>\n<meta property=\"og:site_name\" content=\"Statorials\" \/>\n<meta name=\"twitter:card\" content=\"summary_large_image\" \/>\n<meta name=\"twitter:label1\" content=\"Tempo estimado de leitura\" \/>\n\t<meta name=\"twitter:data1\" content=\"4 minutos\" \/>\n<script type=\"application\/ld+json\" class=\"yoast-schema-graph\">{\"@context\":\"https:\/\/schema.org\",\"@graph\":[{\"@type\":\"WebPage\",\"@id\":\"https:\/\/chemuza.org\/pt\/manganes\/\",\"url\":\"https:\/\/chemuza.org\/pt\/manganes\/\",\"name\":\"Mangan\u00eas - Chemuza\",\"isPartOf\":{\"@id\":\"https:\/\/chemuza.org\/pt\/#website\"},\"datePublished\":\"2023-07-14T20:41:58+00:00\",\"dateModified\":\"2023-07-14T20:41:58+00:00\",\"breadcrumb\":{\"@id\":\"https:\/\/chemuza.org\/pt\/manganes\/#breadcrumb\"},\"inLanguage\":\"pt-PT\",\"potentialAction\":[{\"@type\":\"ReadAction\",\"target\":[\"https:\/\/chemuza.org\/pt\/manganes\/\"]}]},{\"@type\":\"BreadcrumbList\",\"@id\":\"https:\/\/chemuza.org\/pt\/manganes\/#breadcrumb\",\"itemListElement\":[{\"@type\":\"ListItem\",\"position\":1,\"name\":\"Lar\",\"item\":\"https:\/\/chemuza.org\/pt\/\"},{\"@type\":\"ListItem\",\"position\":2,\"name\":\"Mangan\u00eas\"}]},{\"@type\":\"WebSite\",\"@id\":\"https:\/\/chemuza.org\/pt\/#website\",\"url\":\"https:\/\/chemuza.org\/pt\/\",\"name\":\"Chemuza\",\"description\":\"Sua porta de entrada para a descoberta qu\u00edmica!\",\"publisher\":{\"@id\":\"https:\/\/chemuza.org\/pt\/#organization\"},\"potentialAction\":[{\"@type\":\"SearchAction\",\"target\":{\"@type\":\"EntryPoint\",\"urlTemplate\":\"https:\/\/chemuza.org\/pt\/?s={search_term_string}\"},\"query-input\":\"required name=search_term_string\"}],\"inLanguage\":\"pt-PT\"},{\"@type\":\"Organization\",\"@id\":\"https:\/\/chemuza.org\/pt\/#organization\",\"name\":\"Chemuza\",\"url\":\"https:\/\/chemuza.org\/pt\/\",\"logo\":{\"@type\":\"ImageObject\",\"inLanguage\":\"pt-PT\",\"@id\":\"https:\/\/chemuza.org\/pt\/#\/schema\/logo\/image\/\",\"url\":\"https:\/\/chemuza.org\/pt\/wp-content\/uploads\/2023\/10\/chemuza-logo.png\",\"contentUrl\":\"https:\/\/chemuza.org\/pt\/wp-content\/uploads\/2023\/10\/chemuza-logo.png\",\"width\":387,\"height\":70,\"caption\":\"Chemuza\"},\"image\":{\"@id\":\"https:\/\/chemuza.org\/pt\/#\/schema\/logo\/image\/\"}}]}<\/script>\n<!-- \/ Yoast SEO plugin. -->","yoast_head_json":{"title":"Mangan\u00eas - Chemuza","robots":{"index":"index","follow":"follow","max-snippet":"max-snippet:-1","max-image-preview":"max-image-preview:large","max-video-preview":"max-video-preview:-1"},"canonical":"https:\/\/chemuza.org\/pt\/manganes\/","og_locale":"pt_PT","og_type":"article","og_title":"Mangan\u00eas - Chemuza","og_description":"Voc\u00ea sabia que mais de 90% do mangan\u00eas \u00e9 utilizado em aplica\u00e7\u00f5es metal\u00fargicas e sider\u00fargicas? A raz\u00e3o \u00e9 sua reatividade qu\u00edmica \u00fatil. Por outro lado, desempenha um papel essencial para os organismos vivos, mesmo que n\u00e3o seja poss\u00edvel encontr\u00e1-lo em estado puro na natureza. Conhe\u00e7a a sua hist\u00f3ria, quais s\u00e3o as suas caracter\u00edsticas, quem o ... Ler mais","og_url":"https:\/\/chemuza.org\/pt\/manganes\/","og_site_name":"Statorials","twitter_card":"summary_large_image","twitter_misc":{"Tempo estimado de leitura":"4 minutos"},"schema":{"@context":"https:\/\/schema.org","@graph":[{"@type":"WebPage","@id":"https:\/\/chemuza.org\/pt\/manganes\/","url":"https:\/\/chemuza.org\/pt\/manganes\/","name":"Mangan\u00eas - Chemuza","isPartOf":{"@id":"https:\/\/chemuza.org\/pt\/#website"},"datePublished":"2023-07-14T20:41:58+00:00","dateModified":"2023-07-14T20:41:58+00:00","breadcrumb":{"@id":"https:\/\/chemuza.org\/pt\/manganes\/#breadcrumb"},"inLanguage":"pt-PT","potentialAction":[{"@type":"ReadAction","target":["https:\/\/chemuza.org\/pt\/manganes\/"]}]},{"@type":"BreadcrumbList","@id":"https:\/\/chemuza.org\/pt\/manganes\/#breadcrumb","itemListElement":[{"@type":"ListItem","position":1,"name":"Lar","item":"https:\/\/chemuza.org\/pt\/"},{"@type":"ListItem","position":2,"name":"Mangan\u00eas"}]},{"@type":"WebSite","@id":"https:\/\/chemuza.org\/pt\/#website","url":"https:\/\/chemuza.org\/pt\/","name":"Chemuza","description":"Sua porta de entrada para a descoberta qu\u00edmica!","publisher":{"@id":"https:\/\/chemuza.org\/pt\/#organization"},"potentialAction":[{"@type":"SearchAction","target":{"@type":"EntryPoint","urlTemplate":"https:\/\/chemuza.org\/pt\/?s={search_term_string}"},"query-input":"required name=search_term_string"}],"inLanguage":"pt-PT"},{"@type":"Organization","@id":"https:\/\/chemuza.org\/pt\/#organization","name":"Chemuza","url":"https:\/\/chemuza.org\/pt\/","logo":{"@type":"ImageObject","inLanguage":"pt-PT","@id":"https:\/\/chemuza.org\/pt\/#\/schema\/logo\/image\/","url":"https:\/\/chemuza.org\/pt\/wp-content\/uploads\/2023\/10\/chemuza-logo.png","contentUrl":"https:\/\/chemuza.org\/pt\/wp-content\/uploads\/2023\/10\/chemuza-logo.png","width":387,"height":70,"caption":"Chemuza"},"image":{"@id":"https:\/\/chemuza.org\/pt\/#\/schema\/logo\/image\/"}}]}},"yoast_meta":{"yoast_wpseo_title":"","yoast_wpseo_metadesc":"","yoast_wpseo_canonical":""},"_links":{"self":[{"href":"https:\/\/chemuza.org\/pt\/wp-json\/wp\/v2\/pages\/1482","targetHints":{"allow":["GET"]}}],"collection":[{"href":"https:\/\/chemuza.org\/pt\/wp-json\/wp\/v2\/pages"}],"about":[{"href":"https:\/\/chemuza.org\/pt\/wp-json\/wp\/v2\/types\/page"}],"author":[{"embeddable":true,"href":"https:\/\/chemuza.org\/pt\/wp-json\/wp\/v2\/users\/1"}],"replies":[{"embeddable":true,"href":"https:\/\/chemuza.org\/pt\/wp-json\/wp\/v2\/comments?post=1482"}],"version-history":[{"count":0,"href":"https:\/\/chemuza.org\/pt\/wp-json\/wp\/v2\/pages\/1482\/revisions"}],"wp:attachment":[{"href":"https:\/\/chemuza.org\/pt\/wp-json\/wp\/v2\/media?parent=1482"}],"curies":[{"name":"wp","href":"https:\/\/api.w.org\/{rel}","templated":true}]}}