{"id":1481,"date":"2023-07-14T20:50:52","date_gmt":"2023-07-14T20:50:52","guid":{"rendered":"https:\/\/chemuza.org\/pt\/titanio\/"},"modified":"2023-07-14T20:50:52","modified_gmt":"2023-07-14T20:50:52","slug":"titanio","status":"publish","type":"page","link":"https:\/\/chemuza.org\/pt\/titanio\/","title":{"rendered":"Tit\u00e2nio"},"content":{"rendered":"<p>O tit\u00e2nio \u00e9 o elemento n\u00famero 9 mais abundante na crosta terrestre, est\u00e1 presente em v\u00e1rios corpos d\u2019\u00e1gua naturais e na vida. Tamb\u00e9m \u00e9 encontrado na maioria das rochas \u00edgneas e sedimentares. Suas ligas s\u00e3o utilizadas de diversas maneiras, inclusive na ind\u00fastria aeroespacial moderna e em aplica\u00e7\u00f5es em joias, dispositivos m\u00f3veis e medicina. Saiba mais sobre o que envolve esse elemento da tabela peri\u00f3dica.<\/p>\n<h2> <strong>O que \u00e9 tit\u00e2nio?<\/strong><\/h2>\n<p> \u00c9 um metal de transi\u00e7\u00e3o cinza que apresenta alta dureza e baixa densidade. Quando est\u00e1 em estado puro, a \u00e1gua do mar ou o cloro n\u00e3o podem corro\u00ea-lo porque \u00e9 muito resistente e forte como o a\u00e7o. Seu ponto de fus\u00e3o \u00e9 alto, o que \u00e9 \u00fatil em casos de baixa condutividade t\u00e9rmica e el\u00e9trica.<\/p>\n<h3> <strong>S\u00edmbolo de tit\u00e2nio<\/strong><\/h3>\n<p> <span class=\"content-chemical-element\" style=\"float: left;width: 65px;height: 65px;border: 3px solid #666; display:flex;\n    justify-content: center;align-items: center;margin-right: 15px;\"><span style=\"font-size: 38px;\">Ti<\/span><\/span> Est\u00e1 localizado no grupo 4 da tabela peri\u00f3dica com n\u00famero at\u00f4mico 22 e peso 47,90. Seus compostos mais comuns s\u00e3o di\u00f3xido de tit\u00e2nio, tetracloreto de tit\u00e2nio e tricloreto de tit\u00e2nio. Al\u00e9m disso, possui duas formas alotr\u00f3picas e 5 is\u00f3topos naturais.<\/p>\n<h2> <strong>Caracter\u00edsticas do tit\u00e2nio<\/strong><\/h2>\n<p> Como outros metais, combina-se para formar ligas com, entre outros, van\u00e1dio, alum\u00ednio, ferro e molibd\u00eanio. Saiba mais sobre suas particularidades como metal de transi\u00e7\u00e3o:<\/p>\n<ul>\n<li> <strong>Reatividade Qu\u00edmica<\/strong> : Alta porque come\u00e7a a queimar antes de atingir o ponto de fus\u00e3o.<\/li>\n<\/ul>\n<ul>\n<li> <strong>Ponto de fus\u00e3o<\/strong> : \u00c9 alto, por isso \u00e9 usado como metal refrat\u00e1rio.<\/li>\n<li> <strong>Condi\u00e7\u00e3o<\/strong> : S\u00f3lido e natural.<\/li>\n<li> <strong>Mudan\u00e7as<\/strong> : Em baixas temperaturas cristaliza em forma hexagonal compacta, mas o clima elevado confere-lhe uma forma c\u00fabica.<\/li>\n<li> <strong>Resist\u00eancia<\/strong> : Seu limite superior \u00e9 538\u00b0C e o limite inferior \u00e9 -253\u00b0C. Durante curtos per\u00edodos, pode ser utilizado at\u00e9 cerca de 1100\u00b0C.<\/li>\n<\/ul>\n<h2> <strong>Propriedades qu\u00edmicas e f\u00edsicas do tit\u00e2nio<\/strong><\/h2>\n<ol>\n<li> <strong>N\u00famero at\u00f4mico<\/strong> : 22<\/li>\n<li> <strong>Eletronegatividade:<\/strong> 1,5<\/li>\n<li> <strong>Raio covalente (\u00c5):<\/strong> 1,36<\/li>\n<li> <strong>Massa at\u00f4mica (g\/mol):<\/strong> 47,90<\/li>\n<li> <strong>Configura\u00e7\u00e3o eletr\u00f4nica:<\/strong> [Ar] 3d <sup>2<\/sup> 4s <sup>2<\/sup><\/li>\n<li> <strong>Primeiro potencial de ioniza\u00e7\u00e3o (eV):<\/strong> 6,89<\/li>\n<li> <strong>Entalpia de vaporiza\u00e7\u00e3o:<\/strong> 421 kJ\/mol<\/li>\n<li> <strong>Entalpia de fus\u00e3o:<\/strong> 15,45 Kj\/mol<\/li>\n<li> <strong>Ponto de fus\u00e3o:<\/strong> 1668 <strong>&nbsp;<\/strong><\/li>\n<li> <strong>Velocidade do som:<\/strong> 4140 m\/s a 293,15 K<\/li>\n<li> <strong>Press\u00e3o de vapor:<\/strong> 0,49 Pa a 1933 K<\/li>\n<li> <strong>Estrutura cristalina:<\/strong> hexagonal<\/li>\n<li> <strong>Ponto de ebuli\u00e7\u00e3o:<\/strong> 3260<\/li>\n<li> <strong>Densidade do tit\u00e2nio:<\/strong> 4,51<\/li>\n<\/ol>\n<h2> <strong>Origem do tit\u00e2nio<\/strong><\/h2>\n<p> O nome vem da palavra latina Tit\u00e3s, que possivelmente significa filhos da terra. Sua descoberta remonta a 1791 pelo pastor William Gregor. Este mineralogista encontrou uma esp\u00e9cie de areia preta num riacho e observou que um \u00edm\u00e3 a atra\u00eda. Depois o analisou e presenciou dois \u00f3xidos met\u00e1licos, um era de ferro e o outro virou tit\u00e2nio, embora na \u00e9poca n\u00e3o tenha conseguido identific\u00e1-lo.<\/p>\n<p> Mais tarde, em 1795, o qu\u00edmico Martin Heinrich Klaproth estava trabalhando com um mineral rutilo e se deparou com esse metal que chamou de Tit\u00e2nio <strong>,<\/strong> em homenagem aos tit\u00e3s da mitologia grega.<\/p>\n<h2> <strong>Para que \u00e9 usado o tit\u00e2nio?<\/strong><\/h2>\n<p> \u00c9 comum utiliz\u00e1-lo em ligas de a\u00e7o inoxid\u00e1vel para reduzir o teor de carbono. Os mais comuns s\u00e3o ferro, mangan\u00eas, van\u00e1dio, cobre e outros metais. Al\u00e9m disso, \u00e9 poss\u00edvel encontr\u00e1-lo nas seguintes \u00e1reas:<\/p>\n<h3> <strong>Ind\u00fastria aeroespacial e de avia\u00e7\u00e3o<\/strong><\/h3>\n<p> Por ser resistente a altas temperaturas e n\u00e3o deformar, \u00e9 utilizado na fabrica\u00e7\u00e3o de navios, m\u00edsseis, foguetes, barcos e blindagens de autom\u00f3veis. Tamb\u00e9m \u00e9 utilizado em trens de pouso, sistemas hidr\u00e1ulicos e dutos de exaust\u00e3o.<\/p>\n<h3> <strong>Medicamento<\/strong><\/h3>\n<p> Neste campo, as suas aplica\u00e7\u00f5es dizem respeito a implantes dent\u00e1rios e instrumentos cir\u00fargicos. Por se integrar aos ossos, \u00e9 ideal na produ\u00e7\u00e3o de pe\u00e7as ortop\u00e9dicas. Tamb\u00e9m podem ser confeccionados parafusos, pregos, cadeiras de rodas e muletas.<\/p>\n<h3> <strong>Ind\u00fastria qu\u00edmica<\/strong><\/h3>\n<p> \u00c9 utilizado em equipamentos como tanques e trocadores de calor. Devido \u00e0 sua dureza, \u00e9 utilizado em fura\u00e7\u00e3o e em aplica\u00e7\u00f5es sider\u00fargicas e metal\u00fargicas. Al\u00e9m disso, \u00e9 usado em soldagem ultrass\u00f4nica, pulveriza\u00e7\u00e3o cat\u00f3dica, soldagem por onda, cortinas de fuma\u00e7a e vidros iridescentes.<\/p>\n<h3> <strong>Aditivos e pigmentos<\/strong><\/h3>\n<p> Di\u00f3xido de carbono<strong> <\/strong>\u00c9 usado para dar cor branca a tintas, pl\u00e1sticos e pastas de dente. Tamb\u00e9m \u00e9 utilizado em cimento, pedras preciosas, papel, para dar dureza a varas de pesca e como ingrediente em protetores solares.<\/p>\n<h3> <strong>Joalheiro<\/strong><\/h3>\n<p> Devido \u00e0 sua durabilidade e propriedades inertes, \u00e9 utilizado como liga de ouro para a fabrica\u00e7\u00e3o do referido metal. Al\u00e9m disso, \u00e9 utilizado em capas de rel\u00f3gios, esculturas, m\u00f3veis e objetos de decora\u00e7\u00e3o. Al\u00e9m disso, por ser capaz de adquirir diversas cores, \u00e9 comum utiliz\u00e1-lo em piercings corporais.<\/p>\n<h3> <strong>Vida cotidiana<\/strong><\/h3>\n<p> \u00c9 usado em muitos equipamentos esportivos, como tacos de golfe, raquetes de t\u00eanis, quadros de bicicletas e punhos de tacos de lacrosse. Al\u00e9m disso, \u00e9 usado em arma\u00e7\u00f5es de \u00f3culos, lanternas, utens\u00edlios de cozinha, fabrica\u00e7\u00e3o de ferraduras e estojos para laptop. Devido \u00e0 sua resist\u00eancia \u00e0 corros\u00e3o, \u00e9 utilizado na fabrica\u00e7\u00e3o de eixos de transmiss\u00e3o, trocadores de calor em dessalinizadoras, facas de mergulho, anz\u00f3is e linhas de pesca. Em shorts, Tit\u00e2nio<strong> <\/strong>\u00c9 um metal de transi\u00e7\u00e3o que pertence ao grupo 4 da tabela peri\u00f3dica e est\u00e1 dispon\u00edvel no solo, na \u00e1gua e nas rochas. Seu uso \u00e9 muito variado na ind\u00fastria qu\u00edmica, na medicina para aparelhos ortop\u00e9dicos e em objetos de uso di\u00e1rio, como artigos esportivos.<\/p>\n","protected":false},"excerpt":{"rendered":"<p>O tit\u00e2nio \u00e9 o elemento n\u00famero 9 mais abundante na crosta terrestre, est\u00e1 presente em v\u00e1rios corpos d\u2019\u00e1gua naturais e na vida. Tamb\u00e9m \u00e9 encontrado na maioria das rochas \u00edgneas e sedimentares. Suas ligas s\u00e3o utilizadas de diversas maneiras, inclusive na ind\u00fastria aeroespacial moderna e em aplica\u00e7\u00f5es em joias, dispositivos m\u00f3veis e medicina. Saiba mais &#8230; <a title=\"Tit\u00e2nio\" class=\"read-more\" href=\"https:\/\/chemuza.org\/pt\/titanio\/\" aria-label=\"Mais em Tit\u00e2nio\">Ler mais<\/a><\/p>\n","protected":false},"author":1,"featured_media":0,"parent":0,"menu_order":0,"comment_status":"closed","ping_status":"closed","template":"","meta":{"footnotes":""},"class_list":["post-1481","page","type-page","status-publish"],"yoast_head":"<!-- This site is optimized with the Yoast SEO plugin v21.4 - https:\/\/yoast.com\/wordpress\/plugins\/seo\/ -->\n<title>Tit\u00e2nio - Chemuza<\/title>\n<meta name=\"robots\" content=\"index, follow, max-snippet:-1, max-image-preview:large, max-video-preview:-1\" \/>\n<link rel=\"canonical\" href=\"https:\/\/chemuza.org\/pt\/titanio\/\" \/>\n<meta property=\"og:locale\" content=\"pt_PT\" \/>\n<meta property=\"og:type\" content=\"article\" \/>\n<meta property=\"og:title\" content=\"Tit\u00e2nio - Chemuza\" \/>\n<meta property=\"og:description\" content=\"O tit\u00e2nio \u00e9 o elemento n\u00famero 9 mais abundante na crosta terrestre, est\u00e1 presente em v\u00e1rios corpos d\u2019\u00e1gua naturais e na vida. Tamb\u00e9m \u00e9 encontrado na maioria das rochas \u00edgneas e sedimentares. Suas ligas s\u00e3o utilizadas de diversas maneiras, inclusive na ind\u00fastria aeroespacial moderna e em aplica\u00e7\u00f5es em joias, dispositivos m\u00f3veis e medicina. Saiba mais ... Ler mais\" \/>\n<meta property=\"og:url\" content=\"https:\/\/chemuza.org\/pt\/titanio\/\" \/>\n<meta property=\"og:site_name\" content=\"Statorials\" \/>\n<meta name=\"twitter:card\" content=\"summary_large_image\" \/>\n<meta name=\"twitter:label1\" content=\"Tempo estimado de leitura\" \/>\n\t<meta name=\"twitter:data1\" content=\"4 minutos\" \/>\n<script type=\"application\/ld+json\" class=\"yoast-schema-graph\">{\"@context\":\"https:\/\/schema.org\",\"@graph\":[{\"@type\":\"WebPage\",\"@id\":\"https:\/\/chemuza.org\/pt\/titanio\/\",\"url\":\"https:\/\/chemuza.org\/pt\/titanio\/\",\"name\":\"Tit\u00e2nio - Chemuza\",\"isPartOf\":{\"@id\":\"https:\/\/chemuza.org\/pt\/#website\"},\"datePublished\":\"2023-07-14T20:50:52+00:00\",\"dateModified\":\"2023-07-14T20:50:52+00:00\",\"breadcrumb\":{\"@id\":\"https:\/\/chemuza.org\/pt\/titanio\/#breadcrumb\"},\"inLanguage\":\"pt-PT\",\"potentialAction\":[{\"@type\":\"ReadAction\",\"target\":[\"https:\/\/chemuza.org\/pt\/titanio\/\"]}]},{\"@type\":\"BreadcrumbList\",\"@id\":\"https:\/\/chemuza.org\/pt\/titanio\/#breadcrumb\",\"itemListElement\":[{\"@type\":\"ListItem\",\"position\":1,\"name\":\"Lar\",\"item\":\"https:\/\/chemuza.org\/pt\/\"},{\"@type\":\"ListItem\",\"position\":2,\"name\":\"Tit\u00e2nio\"}]},{\"@type\":\"WebSite\",\"@id\":\"https:\/\/chemuza.org\/pt\/#website\",\"url\":\"https:\/\/chemuza.org\/pt\/\",\"name\":\"Chemuza\",\"description\":\"Sua porta de entrada para a descoberta qu\u00edmica!\",\"publisher\":{\"@id\":\"https:\/\/chemuza.org\/pt\/#organization\"},\"potentialAction\":[{\"@type\":\"SearchAction\",\"target\":{\"@type\":\"EntryPoint\",\"urlTemplate\":\"https:\/\/chemuza.org\/pt\/?s={search_term_string}\"},\"query-input\":\"required name=search_term_string\"}],\"inLanguage\":\"pt-PT\"},{\"@type\":\"Organization\",\"@id\":\"https:\/\/chemuza.org\/pt\/#organization\",\"name\":\"Chemuza\",\"url\":\"https:\/\/chemuza.org\/pt\/\",\"logo\":{\"@type\":\"ImageObject\",\"inLanguage\":\"pt-PT\",\"@id\":\"https:\/\/chemuza.org\/pt\/#\/schema\/logo\/image\/\",\"url\":\"https:\/\/chemuza.org\/pt\/wp-content\/uploads\/2023\/10\/chemuza-logo.png\",\"contentUrl\":\"https:\/\/chemuza.org\/pt\/wp-content\/uploads\/2023\/10\/chemuza-logo.png\",\"width\":387,\"height\":70,\"caption\":\"Chemuza\"},\"image\":{\"@id\":\"https:\/\/chemuza.org\/pt\/#\/schema\/logo\/image\/\"}}]}<\/script>\n<!-- \/ Yoast SEO plugin. -->","yoast_head_json":{"title":"Tit\u00e2nio - Chemuza","robots":{"index":"index","follow":"follow","max-snippet":"max-snippet:-1","max-image-preview":"max-image-preview:large","max-video-preview":"max-video-preview:-1"},"canonical":"https:\/\/chemuza.org\/pt\/titanio\/","og_locale":"pt_PT","og_type":"article","og_title":"Tit\u00e2nio - Chemuza","og_description":"O tit\u00e2nio \u00e9 o elemento n\u00famero 9 mais abundante na crosta terrestre, est\u00e1 presente em v\u00e1rios corpos d\u2019\u00e1gua naturais e na vida. Tamb\u00e9m \u00e9 encontrado na maioria das rochas \u00edgneas e sedimentares. Suas ligas s\u00e3o utilizadas de diversas maneiras, inclusive na ind\u00fastria aeroespacial moderna e em aplica\u00e7\u00f5es em joias, dispositivos m\u00f3veis e medicina. Saiba mais ... Ler mais","og_url":"https:\/\/chemuza.org\/pt\/titanio\/","og_site_name":"Statorials","twitter_card":"summary_large_image","twitter_misc":{"Tempo estimado de leitura":"4 minutos"},"schema":{"@context":"https:\/\/schema.org","@graph":[{"@type":"WebPage","@id":"https:\/\/chemuza.org\/pt\/titanio\/","url":"https:\/\/chemuza.org\/pt\/titanio\/","name":"Tit\u00e2nio - Chemuza","isPartOf":{"@id":"https:\/\/chemuza.org\/pt\/#website"},"datePublished":"2023-07-14T20:50:52+00:00","dateModified":"2023-07-14T20:50:52+00:00","breadcrumb":{"@id":"https:\/\/chemuza.org\/pt\/titanio\/#breadcrumb"},"inLanguage":"pt-PT","potentialAction":[{"@type":"ReadAction","target":["https:\/\/chemuza.org\/pt\/titanio\/"]}]},{"@type":"BreadcrumbList","@id":"https:\/\/chemuza.org\/pt\/titanio\/#breadcrumb","itemListElement":[{"@type":"ListItem","position":1,"name":"Lar","item":"https:\/\/chemuza.org\/pt\/"},{"@type":"ListItem","position":2,"name":"Tit\u00e2nio"}]},{"@type":"WebSite","@id":"https:\/\/chemuza.org\/pt\/#website","url":"https:\/\/chemuza.org\/pt\/","name":"Chemuza","description":"Sua porta de entrada para a descoberta qu\u00edmica!","publisher":{"@id":"https:\/\/chemuza.org\/pt\/#organization"},"potentialAction":[{"@type":"SearchAction","target":{"@type":"EntryPoint","urlTemplate":"https:\/\/chemuza.org\/pt\/?s={search_term_string}"},"query-input":"required name=search_term_string"}],"inLanguage":"pt-PT"},{"@type":"Organization","@id":"https:\/\/chemuza.org\/pt\/#organization","name":"Chemuza","url":"https:\/\/chemuza.org\/pt\/","logo":{"@type":"ImageObject","inLanguage":"pt-PT","@id":"https:\/\/chemuza.org\/pt\/#\/schema\/logo\/image\/","url":"https:\/\/chemuza.org\/pt\/wp-content\/uploads\/2023\/10\/chemuza-logo.png","contentUrl":"https:\/\/chemuza.org\/pt\/wp-content\/uploads\/2023\/10\/chemuza-logo.png","width":387,"height":70,"caption":"Chemuza"},"image":{"@id":"https:\/\/chemuza.org\/pt\/#\/schema\/logo\/image\/"}}]}},"yoast_meta":{"yoast_wpseo_title":"","yoast_wpseo_metadesc":"","yoast_wpseo_canonical":""},"_links":{"self":[{"href":"https:\/\/chemuza.org\/pt\/wp-json\/wp\/v2\/pages\/1481","targetHints":{"allow":["GET"]}}],"collection":[{"href":"https:\/\/chemuza.org\/pt\/wp-json\/wp\/v2\/pages"}],"about":[{"href":"https:\/\/chemuza.org\/pt\/wp-json\/wp\/v2\/types\/page"}],"author":[{"embeddable":true,"href":"https:\/\/chemuza.org\/pt\/wp-json\/wp\/v2\/users\/1"}],"replies":[{"embeddable":true,"href":"https:\/\/chemuza.org\/pt\/wp-json\/wp\/v2\/comments?post=1481"}],"version-history":[{"count":0,"href":"https:\/\/chemuza.org\/pt\/wp-json\/wp\/v2\/pages\/1481\/revisions"}],"wp:attachment":[{"href":"https:\/\/chemuza.org\/pt\/wp-json\/wp\/v2\/media?parent=1481"}],"curies":[{"name":"wp","href":"https:\/\/api.w.org\/{rel}","templated":true}]}}