{"id":1480,"date":"2023-07-14T21:22:26","date_gmt":"2023-07-14T21:22:26","guid":{"rendered":"https:\/\/chemuza.org\/pt\/potassio\/"},"modified":"2023-07-14T21:22:26","modified_gmt":"2023-07-14T21:22:26","slug":"potassio","status":"publish","type":"page","link":"https:\/\/chemuza.org\/pt\/potassio\/","title":{"rendered":"Pot\u00e1ssio"},"content":{"rendered":"<p>O pot\u00e1ssio \u00e9 um mineral e eletr\u00f3lito vital que ajuda a conduzir eletricidade no corpo, junto com c\u00e1lcio, cloreto, s\u00f3dio e magn\u00e9sio. \u00c9 essencial para o bom funcionamento das c\u00e9lulas vivas, por isso \u00e9 encontrado nos tecidos de animais e plantas. O corpo humano ainda regula o n\u00edvel desse elemento nas c\u00e9lulas, o que gera bem-estar geral. \u00c9 hora de conhecer a fundo as propriedades, caracter\u00edsticas e outras utiliza\u00e7\u00f5es do referido ingrediente.<\/p>\n<h2> <strong>O que \u00e9 pot\u00e1ssio?<\/strong><\/h2>\n<p> \u00c9 um metal alcalino, de cor branco prateado e abundante em elementos relacionados a outros minerais e \u00e0 \u00e1gua salgada. No ar oxida rapidamente, na \u00e1gua \u00e9 reativo e quimicamente semelhante ao s\u00f3dio. Al\u00e9m disso, \u00e9 um eletr\u00f3lito e contribui para a concentra\u00e7\u00e3o de subst\u00e2ncias nas c\u00e9lulas e para a press\u00e3o, assim como o cloro e o s\u00f3dio.<\/p>\n<h3> <strong>S\u00edmbolo de pot\u00e1ssio<\/strong><\/h3>\n<p> <span class=\"content-chemical-element\" style=\"float: left;width: 65px;height: 65px;border: 3px solid #666; display:flex;\n    justify-content: center;align-items: center;margin-right: 15px;\"><span style=\"font-size: 38px;\">K<\/span><\/span> Na tabela peri\u00f3dica \u00e9 atribu\u00eddo o n\u00famero at\u00f4mico 19. Pertence ao grupo 1 dos metais alcalinos com s\u00f3dio e rub\u00eddio. Na natureza, \u00e9 encontrado no estado s\u00f3lido. Sua massa at\u00f4mica \u00e9 de aproximadamente 39,098 e sua configura\u00e7\u00e3o eletr\u00f4nica \u00e9 [Ar]4S <sup>1<\/sup> .<\/p>\n<h2> <strong>Caracter\u00edsticas do pot\u00e1ssio<\/strong><\/h2>\n<p> Depois do c\u00e1lcio e do f\u00f3sforo, o pot\u00e1ssio aparece em maior quantidade no organismo e est\u00e1 associado ao s\u00f3dio. Aqui est\u00e3o alguns de seus recursos:<\/p>\n<ul>\n<li> <strong>Reatividade<\/strong> : \u00c9 muito reativo, por isso oxida rapidamente quando exposto ao ar.<\/li>\n<li> <strong>Solubilidade<\/strong> : A maioria de seus minerais \u00e9 insol\u00favel.<\/li>\n<li> <strong>Fus\u00e3o:<\/strong> Comparado com outros metais alcalinos, seu ponto de fus\u00e3o \u00e9 baixo.<\/li>\n<li> <strong>Maleabilidade:<\/strong> \u00c9 leve e male\u00e1vel, o que facilita o corte.<\/li>\n<li> <strong>Densidade:<\/strong> \u00c9 cerca de 0,862 gramas por cm <sup>2<\/sup> , inferior \u00e0 da \u00e1gua que cont\u00e9m 1,00 gramas, o que significa que pode flutuar na \u00e1gua.<\/li>\n<\/ul>\n<h2> <strong>Propriedades qu\u00edmicas e f\u00edsicas do pot\u00e1ssio<\/strong><\/h2>\n<ol>\n<li> <strong>N\u00famero at\u00f4mico<\/strong> : 19<\/li>\n<li> <strong>Raio covalente (\u00c5):<\/strong> 1,96 pm<\/li>\n<li> <strong>Raio at\u00f4mico:<\/strong> 243 pm<\/li>\n<li> <strong>N\u00famero de n\u00eautrons:<\/strong> 20<\/li>\n<li> <strong>N\u00famero de pr\u00f3tons:<\/strong> 19<\/li>\n<li> <strong>Ponto de ebuli\u00e7\u00e3o (\u00b0C):<\/strong> 760<\/li>\n<li> <strong>Ponto de fus\u00e3o (\u00b0C):<\/strong> 97,80<\/li>\n<li> <strong>Condi\u00e7\u00e3o normal:<\/strong> S\u00f3lido<\/li>\n<li> <strong>Condutividade t\u00e9rmica:<\/strong> 102,4 W\/ (Km)<\/li>\n<li> <strong>Entalpia de vaporiza\u00e7\u00e3o:<\/strong> 79,87 Kj\/mol<\/li>\n<li> <strong>Entalpia de fus\u00e3o:<\/strong> 2.334 Kj\/mol<\/li>\n<li> <strong>Velocidade do som:<\/strong> 2.000 m\/s a 293,15 K<\/li>\n<li> <strong>Press\u00e3o de vapor:<\/strong> 1,06\u00d710 <sup>-4<\/sup> Pa a 336,5 K.<\/li>\n<\/ol>\n<h2> <strong>Origem do pot\u00e1ssio<\/strong><\/h2>\n<p> O nome vem do latim pot\u00e1ssio e do alem\u00e3o pottasche que significa cinza de maconha. Foi assim que o qu\u00edmico brit\u00e2nico Humphry Davy o chamou quando o descobriu em 1807. Por outro lado, foi o primeiro elemento met\u00e1lico a ser isolado por eletr\u00f3lise no caso do hidr\u00f3xido de pot\u00e1ssio, que \u00e9 um composto qu\u00edmico inorg\u00e2nico com a f\u00f3rmula KOH . .<\/p>\n<p> Sua descoberta confirmou a hip\u00f3tese do pai da qu\u00edmica moderna, Antoine Lavoisier. Este cientista afirmou que o pot\u00e1ssio e a soda reagem com os \u00e1cidos da mesma forma que os \u00f3xidos de prata e de chumbo, atrav\u00e9s da combina\u00e7\u00e3o do oxig\u00eanio com um metal. Esta teoria foi confirmada isolando o pot\u00e1ssio e depois o s\u00f3dio por eletr\u00f3lise do refrigerante.<\/p>\n<h2> <strong>Para que \u00e9 usado o pot\u00e1ssio?<\/strong><\/h2>\n<p> \u00c9 um mineral essencial ao corpo porque desempenha m\u00faltiplas fun\u00e7\u00f5es. Al\u00e9m disso, \u00e9 usado em outras \u00e1reas, como as descritas abaixo:<\/p>\n<h3> <strong>Uso industrial<\/strong><\/h3>\n<p> Sulfato, cloreto e nitrato s\u00e3o usados para fazer fertilizante ou composto para estimular o crescimento das plantas. O clorato de pot\u00e1ssio \u00e9 usado em alguns explosivos e f\u00f3sforos, o cianeto de pot\u00e1ssio \u00e9 usado para dissolver metais preciosos como cobre, ouro e prata. Al\u00e9m disso, o carbonato de pot\u00e1ssio \u00e9 usado para fazer vidro temperado, l\u00e2mpadas fluorescentes, tubos de televis\u00e3o e corantes. Al\u00e9m disso, junto com o s\u00f3dio, eles o utilizam em refrigerantes de usinas nucleares.<\/p>\n<h3> <strong>Vida cotidiana<\/strong><\/h3>\n<p> O hidr\u00f3xido de pot\u00e1ssio \u00e9 usado para fazer sabonetes suaves e desinfetantes. Al\u00e9m disso, \u00e9 essencial para o bom funcionamento dos rins, nervos, cora\u00e7\u00e3o, sistema digestivo e m\u00fasculos. O cloreto de pot\u00e1ssio \u00e9 usado at\u00e9 em medicamentos para tratar baixos n\u00edveis de pot\u00e1ssio no sangue e em gotas salinas.<\/p>\n<h3> <strong>aditivos alimentares<\/strong><\/h3>\n<p> O bromato de pot\u00e1ssio \u00e9 usado para melhorar a resist\u00eancia e aumentar a densidade da massa. O bissulfato de pot\u00e1ssio atua como conservante em alimentos como cerveja e vinho. Tamb\u00e9m \u00e9 utilizado no curtimento de couro e no branqueamento de palha e tecidos.<\/p>\n<h2> <strong>Alimentos que cont\u00eam pot\u00e1ssio<\/strong><\/h2>\n<p> Este mineral \u00e9 encontrado em diversos alimentos, por isso \u00e9 poss\u00edvel absorv\u00ea-lo se voc\u00ea adicionar os seguintes alimentos \u00e0 sua dieta:<\/p>\n<ul>\n<li> Feij\u00e3o vermelho, nozes, lentilhas, soja.<\/li>\n<li> Iogurte e leite.<\/li>\n<li> Peixe, carne e aves.<\/li>\n<li> Legumes como espinafre, batata, br\u00f3colis, tomate e ab\u00f3bora.<\/li>\n<li> Frutas como ameixa, banana, suco de laranja e damasco.<\/li>\n<\/ul>\n<p> Concluindo, o pot\u00e1ssio \u00e9 um elemento quimicamente semelhante ao s\u00f3dio, com r\u00e1pida oxida\u00e7\u00e3o. \u00c9 encontrado no planeta em 2,59% da crosta terrestre. Alguns de seus usos s\u00e3o na ind\u00fastria, medicina, alimentos e aditivos.<\/p>\n<h2> Mais informa\u00e7\u00f5es sobre pot\u00e1ssio<\/h2>\n","protected":false},"excerpt":{"rendered":"<p>O pot\u00e1ssio \u00e9 um mineral e eletr\u00f3lito vital que ajuda a conduzir eletricidade no corpo, junto com c\u00e1lcio, cloreto, s\u00f3dio e magn\u00e9sio. \u00c9 essencial para o bom funcionamento das c\u00e9lulas vivas, por isso \u00e9 encontrado nos tecidos de animais e plantas. O corpo humano ainda regula o n\u00edvel desse elemento nas c\u00e9lulas, o que gera &#8230; <a title=\"Pot\u00e1ssio\" class=\"read-more\" href=\"https:\/\/chemuza.org\/pt\/potassio\/\" aria-label=\"Mais em Pot\u00e1ssio\">Ler mais<\/a><\/p>\n","protected":false},"author":1,"featured_media":0,"parent":0,"menu_order":0,"comment_status":"closed","ping_status":"closed","template":"","meta":{"footnotes":""},"class_list":["post-1480","page","type-page","status-publish"],"yoast_head":"<!-- This site is optimized with the Yoast SEO plugin v21.4 - https:\/\/yoast.com\/wordpress\/plugins\/seo\/ -->\n<title>Pot\u00e1ssio - Chemuza<\/title>\n<meta name=\"robots\" content=\"index, follow, max-snippet:-1, max-image-preview:large, max-video-preview:-1\" \/>\n<link rel=\"canonical\" href=\"https:\/\/chemuza.org\/pt\/potassio\/\" \/>\n<meta property=\"og:locale\" content=\"pt_PT\" \/>\n<meta property=\"og:type\" content=\"article\" \/>\n<meta property=\"og:title\" content=\"Pot\u00e1ssio - Chemuza\" \/>\n<meta property=\"og:description\" content=\"O pot\u00e1ssio \u00e9 um mineral e eletr\u00f3lito vital que ajuda a conduzir eletricidade no corpo, junto com c\u00e1lcio, cloreto, s\u00f3dio e magn\u00e9sio. \u00c9 essencial para o bom funcionamento das c\u00e9lulas vivas, por isso \u00e9 encontrado nos tecidos de animais e plantas. O corpo humano ainda regula o n\u00edvel desse elemento nas c\u00e9lulas, o que gera ... Ler mais\" \/>\n<meta property=\"og:url\" content=\"https:\/\/chemuza.org\/pt\/potassio\/\" \/>\n<meta property=\"og:site_name\" content=\"Statorials\" \/>\n<meta name=\"twitter:card\" content=\"summary_large_image\" \/>\n<meta name=\"twitter:label1\" content=\"Tempo estimado de leitura\" \/>\n\t<meta name=\"twitter:data1\" content=\"4 minutos\" \/>\n<script type=\"application\/ld+json\" class=\"yoast-schema-graph\">{\"@context\":\"https:\/\/schema.org\",\"@graph\":[{\"@type\":\"WebPage\",\"@id\":\"https:\/\/chemuza.org\/pt\/potassio\/\",\"url\":\"https:\/\/chemuza.org\/pt\/potassio\/\",\"name\":\"Pot\u00e1ssio - Chemuza\",\"isPartOf\":{\"@id\":\"https:\/\/chemuza.org\/pt\/#website\"},\"datePublished\":\"2023-07-14T21:22:26+00:00\",\"dateModified\":\"2023-07-14T21:22:26+00:00\",\"breadcrumb\":{\"@id\":\"https:\/\/chemuza.org\/pt\/potassio\/#breadcrumb\"},\"inLanguage\":\"pt-PT\",\"potentialAction\":[{\"@type\":\"ReadAction\",\"target\":[\"https:\/\/chemuza.org\/pt\/potassio\/\"]}]},{\"@type\":\"BreadcrumbList\",\"@id\":\"https:\/\/chemuza.org\/pt\/potassio\/#breadcrumb\",\"itemListElement\":[{\"@type\":\"ListItem\",\"position\":1,\"name\":\"Lar\",\"item\":\"https:\/\/chemuza.org\/pt\/\"},{\"@type\":\"ListItem\",\"position\":2,\"name\":\"Pot\u00e1ssio\"}]},{\"@type\":\"WebSite\",\"@id\":\"https:\/\/chemuza.org\/pt\/#website\",\"url\":\"https:\/\/chemuza.org\/pt\/\",\"name\":\"Chemuza\",\"description\":\"Sua porta de entrada para a descoberta qu\u00edmica!\",\"publisher\":{\"@id\":\"https:\/\/chemuza.org\/pt\/#organization\"},\"potentialAction\":[{\"@type\":\"SearchAction\",\"target\":{\"@type\":\"EntryPoint\",\"urlTemplate\":\"https:\/\/chemuza.org\/pt\/?s={search_term_string}\"},\"query-input\":\"required name=search_term_string\"}],\"inLanguage\":\"pt-PT\"},{\"@type\":\"Organization\",\"@id\":\"https:\/\/chemuza.org\/pt\/#organization\",\"name\":\"Chemuza\",\"url\":\"https:\/\/chemuza.org\/pt\/\",\"logo\":{\"@type\":\"ImageObject\",\"inLanguage\":\"pt-PT\",\"@id\":\"https:\/\/chemuza.org\/pt\/#\/schema\/logo\/image\/\",\"url\":\"https:\/\/chemuza.org\/pt\/wp-content\/uploads\/2023\/10\/chemuza-logo.png\",\"contentUrl\":\"https:\/\/chemuza.org\/pt\/wp-content\/uploads\/2023\/10\/chemuza-logo.png\",\"width\":387,\"height\":70,\"caption\":\"Chemuza\"},\"image\":{\"@id\":\"https:\/\/chemuza.org\/pt\/#\/schema\/logo\/image\/\"}}]}<\/script>\n<!-- \/ Yoast SEO plugin. -->","yoast_head_json":{"title":"Pot\u00e1ssio - Chemuza","robots":{"index":"index","follow":"follow","max-snippet":"max-snippet:-1","max-image-preview":"max-image-preview:large","max-video-preview":"max-video-preview:-1"},"canonical":"https:\/\/chemuza.org\/pt\/potassio\/","og_locale":"pt_PT","og_type":"article","og_title":"Pot\u00e1ssio - Chemuza","og_description":"O pot\u00e1ssio \u00e9 um mineral e eletr\u00f3lito vital que ajuda a conduzir eletricidade no corpo, junto com c\u00e1lcio, cloreto, s\u00f3dio e magn\u00e9sio. \u00c9 essencial para o bom funcionamento das c\u00e9lulas vivas, por isso \u00e9 encontrado nos tecidos de animais e plantas. O corpo humano ainda regula o n\u00edvel desse elemento nas c\u00e9lulas, o que gera ... Ler mais","og_url":"https:\/\/chemuza.org\/pt\/potassio\/","og_site_name":"Statorials","twitter_card":"summary_large_image","twitter_misc":{"Tempo estimado de leitura":"4 minutos"},"schema":{"@context":"https:\/\/schema.org","@graph":[{"@type":"WebPage","@id":"https:\/\/chemuza.org\/pt\/potassio\/","url":"https:\/\/chemuza.org\/pt\/potassio\/","name":"Pot\u00e1ssio - Chemuza","isPartOf":{"@id":"https:\/\/chemuza.org\/pt\/#website"},"datePublished":"2023-07-14T21:22:26+00:00","dateModified":"2023-07-14T21:22:26+00:00","breadcrumb":{"@id":"https:\/\/chemuza.org\/pt\/potassio\/#breadcrumb"},"inLanguage":"pt-PT","potentialAction":[{"@type":"ReadAction","target":["https:\/\/chemuza.org\/pt\/potassio\/"]}]},{"@type":"BreadcrumbList","@id":"https:\/\/chemuza.org\/pt\/potassio\/#breadcrumb","itemListElement":[{"@type":"ListItem","position":1,"name":"Lar","item":"https:\/\/chemuza.org\/pt\/"},{"@type":"ListItem","position":2,"name":"Pot\u00e1ssio"}]},{"@type":"WebSite","@id":"https:\/\/chemuza.org\/pt\/#website","url":"https:\/\/chemuza.org\/pt\/","name":"Chemuza","description":"Sua porta de entrada para a descoberta qu\u00edmica!","publisher":{"@id":"https:\/\/chemuza.org\/pt\/#organization"},"potentialAction":[{"@type":"SearchAction","target":{"@type":"EntryPoint","urlTemplate":"https:\/\/chemuza.org\/pt\/?s={search_term_string}"},"query-input":"required name=search_term_string"}],"inLanguage":"pt-PT"},{"@type":"Organization","@id":"https:\/\/chemuza.org\/pt\/#organization","name":"Chemuza","url":"https:\/\/chemuza.org\/pt\/","logo":{"@type":"ImageObject","inLanguage":"pt-PT","@id":"https:\/\/chemuza.org\/pt\/#\/schema\/logo\/image\/","url":"https:\/\/chemuza.org\/pt\/wp-content\/uploads\/2023\/10\/chemuza-logo.png","contentUrl":"https:\/\/chemuza.org\/pt\/wp-content\/uploads\/2023\/10\/chemuza-logo.png","width":387,"height":70,"caption":"Chemuza"},"image":{"@id":"https:\/\/chemuza.org\/pt\/#\/schema\/logo\/image\/"}}]}},"yoast_meta":{"yoast_wpseo_title":"","yoast_wpseo_metadesc":"","yoast_wpseo_canonical":""},"_links":{"self":[{"href":"https:\/\/chemuza.org\/pt\/wp-json\/wp\/v2\/pages\/1480","targetHints":{"allow":["GET"]}}],"collection":[{"href":"https:\/\/chemuza.org\/pt\/wp-json\/wp\/v2\/pages"}],"about":[{"href":"https:\/\/chemuza.org\/pt\/wp-json\/wp\/v2\/types\/page"}],"author":[{"embeddable":true,"href":"https:\/\/chemuza.org\/pt\/wp-json\/wp\/v2\/users\/1"}],"replies":[{"embeddable":true,"href":"https:\/\/chemuza.org\/pt\/wp-json\/wp\/v2\/comments?post=1480"}],"version-history":[{"count":0,"href":"https:\/\/chemuza.org\/pt\/wp-json\/wp\/v2\/pages\/1480\/revisions"}],"wp:attachment":[{"href":"https:\/\/chemuza.org\/pt\/wp-json\/wp\/v2\/media?parent=1480"}],"curies":[{"name":"wp","href":"https:\/\/api.w.org\/{rel}","templated":true}]}}