{"id":1479,"date":"2023-07-14T21:54:11","date_gmt":"2023-07-14T21:54:11","guid":{"rendered":"https:\/\/chemuza.org\/pt\/cloro\/"},"modified":"2023-07-14T21:54:11","modified_gmt":"2023-07-14T21:54:11","slug":"cloro","status":"publish","type":"page","link":"https:\/\/chemuza.org\/pt\/cloro\/","title":{"rendered":"Cloro"},"content":{"rendered":"<p>O cloro \u00e9 um g\u00e1s haleto que existe no meio ambiente em altas temperaturas e \u00e9 considerado o segundo elemento mais radioativo desta fam\u00edlia. Representa 0,045% da crosta terrestre e \u00e9 capaz de se misturar com materiais org\u00e2nicos e metais para formar v\u00e1rios compostos. Al\u00e9m disso, est\u00e1 presente em tecidos animais, plantas, \u00e1gua e dep\u00f3sitos de sal. Descubra tudo sobre este elemento.<\/p>\n<h2> <strong>O que \u00e9 cloro?<\/strong><\/h2>\n<p> \u00c9 um elemento qu\u00edmico pertencente aos halog\u00eanios ou sais da tabela peri\u00f3dica. \u00c9 um g\u00e1s t\u00f3xico com n\u00famero at\u00f4mico 17, de cor amarelo esverdeado e estruturado em mol\u00e9culas diat\u00f4micas ou duplas. Al\u00e9m disso, \u00e9 duas vezes mais denso que o ar e exala um odor desagrad\u00e1vel.<\/p>\n<h3> <strong>S\u00edmbolo de cloro<\/strong><\/h3>\n<p> <span class=\"content-chemical-element\" style=\"float: left; width: 65px; height: 65px; border: 3px solid #666; display: flex; justify-content: center; align-items: center; margin-right: 15px;\"><span style=\"font-size: 38px;\">Cl<\/span><\/span> Seu nome vem do grego Cloros, cujo significado \u00e9 verde p\u00e1lido, o que claramente se refere \u00e0 cor do g\u00e1s em condi\u00e7\u00f5es normais de press\u00e3o e temperatura. Essa tonalidade foi observada quando o qu\u00edmico Scheele reagiu o di\u00f3xido de mangan\u00eas com \u00e1cido clor\u00eddrico. O resultado foi um g\u00e1s esverdeado muito sufocante.<\/p>\n<h2> <strong>Caracter\u00edsticas do cloro<\/strong><\/h2>\n<p> Este elemento qu\u00edmico \u00e9 um g\u00e1s t\u00f3xico verde amarelado, que n\u00e3o \u00e9 encontrado em estado puro na natureza, devido \u00e0 sua alta reatividade. \u00c9 encontrado formando compostos como cloritos, cloratos, cloreto de s\u00f3dio e at\u00e9 dissolvido no mar. Al\u00e9m disso, outras caracter\u00edsticas deste elemento s\u00e3o:<\/p>\n<ul>\n<li> <strong>Estado<\/strong> : Gasoso, mas muda para o estado l\u00edquido e fica laranja.<\/li>\n<li> <strong>Sabor e odor<\/strong> : Possui sabor amargo com odor muito irritante.<\/li>\n<li> <strong>Composi\u00e7\u00e3o:<\/strong> Suas mol\u00e9culas s\u00e3o diat\u00f4micas ou duplas, muito ativas em seu n\u00facleo.<\/li>\n<li> <strong>Estrutura:<\/strong> \u00c9 ortorr\u00f4mbica ou anular.<\/li>\n<li> <strong>Solubilidade<\/strong> : \u00c9 sol\u00favel em \u00e1gua.<\/li>\n<li> <strong>Toxicidade<\/strong> : Muito alta, pois causa intoxica\u00e7\u00e3o se ingerido ou inalado em grandes quantidades.<\/li>\n<li> <strong>Reatividade<\/strong> : \u00c9 ativado quimicamente com outros elementos. Al\u00e9m disso, pode ser violento e explosivo, como \u00e9 o caso do Hidrog\u00eanio.<\/li>\n<\/ul>\n<h2> <strong>Propriedades qu\u00edmicas e f\u00edsicas do cloro<\/strong><\/h2>\n<ol>\n<li> <strong>N\u00famero at\u00f4mico<\/strong> : 17<\/li>\n<li> <strong>Per\u00edodo<\/strong> : 3<\/li>\n<li> <strong>Bloquear<\/strong> \ud83d\ude1b<\/li>\n<li> <strong>Grupo<\/strong> : 17<\/li>\n<li> <strong>Raio covalente (\u00c5):<\/strong> 99 pm<\/li>\n<li> <strong>Configura\u00e7\u00e3o eletr\u00f4nica:<\/strong> [Ne] 3 s\u00b2 3p4<\/li>\n<li> <strong>Massa at\u00f4mica (g\/mol):<\/strong> 34,453 u<\/li>\n<li> <strong>Densidade:<\/strong> 3.214 Kg\/m3<\/li>\n<li> <strong>Ponto de ebuli\u00e7\u00e3o:<\/strong> -34\u00b0C<\/li>\n<li> <strong>Ponto de fus\u00e3o:<\/strong> -102\u00b0C<\/li>\n<li> <strong>Raio at\u00f4mico:<\/strong> 79h<\/li>\n<li> <strong>Raio m\u00e9dio:<\/strong> 22h<\/li>\n<li> <strong>El\u00e9trons por camada:<\/strong> 2.7.8<\/li>\n<li> <strong>Eletronegatividade:<\/strong> 3,16<\/li>\n<li> <strong>Estado de oxida\u00e7\u00e3o:<\/strong> 1, 3, +5, 7<\/li>\n<li> <strong>Calor espec\u00edfico:<\/strong> 480 J\/(K kg)<\/li>\n<li> <strong>Entalpia de vaporiza\u00e7\u00e3o:<\/strong> 10,2 kJ\/mol<\/li>\n<li> <strong>Primeiro potencial de ioniza\u00e7\u00e3o eV:<\/strong> 1251,2<\/li>\n<li> <strong>Condutividade t\u00e9rmica:<\/strong> 0,0089 Wm-\u00b9K-\u00b9<\/li>\n<\/ol>\n<h2> <strong>Origem do cloro<\/strong><\/h2>\n<p> O elemento foi descoberto por Carl Wilhelm Scheele em 1774 em seu estado gasoso e ele acreditava ser um composto formado com oxig\u00eanio. O qu\u00edmico percebeu seu poder sufocante e descoloria os pigmentos vegetais. Mais tarde, o cientista Claude Louis Berthollet confirmou as propriedades do cloro como agente branqueador de tecidos quando dissolvido em \u00e1gua.<\/p>\n<p> Mais tarde, cientistas como L\u00e9onard Alban e Mathieu Vallet conseguiram dissolver o elemento numa solu\u00e7\u00e3o aquosa de pot\u00e1ssio para minimizar a emiss\u00e3o de gases t\u00f3xicos. Finalmente, em 1810, foi o qu\u00edmico Humphry Davy quem demonstrou que se tratava de um elemento qu\u00edmico devido \u00e0s suas combina\u00e7\u00f5es e rea\u00e7\u00f5es. Sabe-se que o g\u00e1s cloro foi usado como arma t\u00f3xica durante a Primeira Guerra Mundial.<\/p>\n<h2> <strong>Para que \u00e9 usado o cloro?<\/strong><\/h2>\n<p> \u00c9 utilizado no \u00e2mbito industrial para a desinfec\u00e7\u00e3o e purifica\u00e7\u00e3o de \u00e1gua destinada ao consumo humano com \u00e1cido hipocloroso. Al\u00e9m disso, outros usos s\u00e3o:<\/p>\n<ul>\n<li> \u00c9 utilizado na fabrica\u00e7\u00e3o de corantes, t\u00eaxteis, papel, derivados de petr\u00f3leo, antiss\u00e9pticos, medicamentos e inseticidas.<\/li>\n<li> Em quantidades industriais \u00e9 utilizado na produ\u00e7\u00e3o de produtos para a sa\u00fade, desinfetantes, pastilhas de cloro e alvejantes.<\/li>\n<li> Compostos como \u00e1cido clor\u00eddrico e tetracloreto de carbono s\u00e3o usados para fazer pl\u00e1sticos, refrigerantes e propelentes.<\/li>\n<li> A partir deste elemento \u00e9 sintetizada a produ\u00e7\u00e3o de PVC ou cloreto de polivinila.<\/li>\n<\/ul>\n<h2> <strong>10 sintomas de envenenamento por cloro<\/strong><\/h2>\n<p> \u00c9 bem sabido que este elemento pode causar queimaduras leves a graves na derme, olhos e trato respirat\u00f3rio. A exposi\u00e7\u00e3o do corpo a concentra\u00e7\u00f5es elevadas ou prolongadas causa edema pulmonar e enfraquece a fun\u00e7\u00e3o pulmonar a ponto de causar bronquite cr\u00f4nica. Outros sintomas de envenenamento s\u00e3o:<\/p>\n<ul>\n<li> Dilata\u00e7\u00e3o das pupilas, sejam muito grandes ou pequenas.<\/li>\n<li> Frequ\u00eancia card\u00edaca alterada.<\/li>\n<li> Desconforto respirat\u00f3rio agudo.<\/li>\n<li> Boca seca ou saliva\u00e7\u00e3o constante.<\/li>\n<li> Dor de est\u00f4mago acompanhada de n\u00e1useas, v\u00f4mitos e fezes pesadas.<\/li>\n<li> Hiperatividade ou sonol\u00eancia.<\/li>\n<li> Confus\u00e3o.<\/li>\n<li> Dificuldade em falar.<\/li>\n<li> Queima\u00e7\u00e3o desagrad\u00e1vel na boca.<\/li>\n<li> Inflama\u00e7\u00e3o na garganta.<\/li>\n<\/ul>\n<p> Em resumo, este g\u00e1s halog\u00e9neo distingue-se pela sua reatividade qu\u00edmica e pela sua capacidade de formar v\u00e1rios compostos. \u00c9 amplamente utilizado no setor industrial por suas propriedades anti-s\u00e9pticas. Por\u00e9m, deve ser utilizado com extrema cautela, pois prejudica a sa\u00fade por estar em contato cont\u00ednuo com o elemento.<\/p>\n<h2> Mais informa\u00e7\u00f5es sobre cloro<\/h2>\n","protected":false},"excerpt":{"rendered":"<p>O cloro \u00e9 um g\u00e1s haleto que existe no meio ambiente em altas temperaturas e \u00e9 considerado o segundo elemento mais radioativo desta fam\u00edlia. Representa 0,045% da crosta terrestre e \u00e9 capaz de se misturar com materiais org\u00e2nicos e metais para formar v\u00e1rios compostos. Al\u00e9m disso, est\u00e1 presente em tecidos animais, plantas, \u00e1gua e dep\u00f3sitos &#8230; <a title=\"Cloro\" class=\"read-more\" href=\"https:\/\/chemuza.org\/pt\/cloro\/\" aria-label=\"Mais em Cloro\">Ler mais<\/a><\/p>\n","protected":false},"author":1,"featured_media":0,"parent":0,"menu_order":0,"comment_status":"closed","ping_status":"closed","template":"","meta":{"footnotes":""},"class_list":["post-1479","page","type-page","status-publish"],"yoast_head":"<!-- This site is optimized with the Yoast SEO plugin v21.4 - https:\/\/yoast.com\/wordpress\/plugins\/seo\/ -->\n<title>Cloro - Chemuza<\/title>\n<meta name=\"robots\" content=\"index, follow, max-snippet:-1, max-image-preview:large, max-video-preview:-1\" \/>\n<link rel=\"canonical\" href=\"https:\/\/chemuza.org\/pt\/cloro\/\" \/>\n<meta property=\"og:locale\" content=\"pt_PT\" \/>\n<meta property=\"og:type\" content=\"article\" \/>\n<meta property=\"og:title\" content=\"Cloro - Chemuza\" \/>\n<meta property=\"og:description\" content=\"O cloro \u00e9 um g\u00e1s haleto que existe no meio ambiente em altas temperaturas e \u00e9 considerado o segundo elemento mais radioativo desta fam\u00edlia. Representa 0,045% da crosta terrestre e \u00e9 capaz de se misturar com materiais org\u00e2nicos e metais para formar v\u00e1rios compostos. Al\u00e9m disso, est\u00e1 presente em tecidos animais, plantas, \u00e1gua e dep\u00f3sitos ... Ler mais\" \/>\n<meta property=\"og:url\" content=\"https:\/\/chemuza.org\/pt\/cloro\/\" \/>\n<meta property=\"og:site_name\" content=\"Statorials\" \/>\n<meta name=\"twitter:card\" content=\"summary_large_image\" \/>\n<meta name=\"twitter:label1\" content=\"Tempo estimado de leitura\" \/>\n\t<meta name=\"twitter:data1\" content=\"4 minutos\" \/>\n<script type=\"application\/ld+json\" class=\"yoast-schema-graph\">{\"@context\":\"https:\/\/schema.org\",\"@graph\":[{\"@type\":\"WebPage\",\"@id\":\"https:\/\/chemuza.org\/pt\/cloro\/\",\"url\":\"https:\/\/chemuza.org\/pt\/cloro\/\",\"name\":\"Cloro - Chemuza\",\"isPartOf\":{\"@id\":\"https:\/\/chemuza.org\/pt\/#website\"},\"datePublished\":\"2023-07-14T21:54:11+00:00\",\"dateModified\":\"2023-07-14T21:54:11+00:00\",\"breadcrumb\":{\"@id\":\"https:\/\/chemuza.org\/pt\/cloro\/#breadcrumb\"},\"inLanguage\":\"pt-PT\",\"potentialAction\":[{\"@type\":\"ReadAction\",\"target\":[\"https:\/\/chemuza.org\/pt\/cloro\/\"]}]},{\"@type\":\"BreadcrumbList\",\"@id\":\"https:\/\/chemuza.org\/pt\/cloro\/#breadcrumb\",\"itemListElement\":[{\"@type\":\"ListItem\",\"position\":1,\"name\":\"Lar\",\"item\":\"https:\/\/chemuza.org\/pt\/\"},{\"@type\":\"ListItem\",\"position\":2,\"name\":\"Cloro\"}]},{\"@type\":\"WebSite\",\"@id\":\"https:\/\/chemuza.org\/pt\/#website\",\"url\":\"https:\/\/chemuza.org\/pt\/\",\"name\":\"Chemuza\",\"description\":\"Sua porta de entrada para a descoberta qu\u00edmica!\",\"publisher\":{\"@id\":\"https:\/\/chemuza.org\/pt\/#organization\"},\"potentialAction\":[{\"@type\":\"SearchAction\",\"target\":{\"@type\":\"EntryPoint\",\"urlTemplate\":\"https:\/\/chemuza.org\/pt\/?s={search_term_string}\"},\"query-input\":\"required name=search_term_string\"}],\"inLanguage\":\"pt-PT\"},{\"@type\":\"Organization\",\"@id\":\"https:\/\/chemuza.org\/pt\/#organization\",\"name\":\"Chemuza\",\"url\":\"https:\/\/chemuza.org\/pt\/\",\"logo\":{\"@type\":\"ImageObject\",\"inLanguage\":\"pt-PT\",\"@id\":\"https:\/\/chemuza.org\/pt\/#\/schema\/logo\/image\/\",\"url\":\"https:\/\/chemuza.org\/pt\/wp-content\/uploads\/2023\/10\/chemuza-logo.png\",\"contentUrl\":\"https:\/\/chemuza.org\/pt\/wp-content\/uploads\/2023\/10\/chemuza-logo.png\",\"width\":387,\"height\":70,\"caption\":\"Chemuza\"},\"image\":{\"@id\":\"https:\/\/chemuza.org\/pt\/#\/schema\/logo\/image\/\"}}]}<\/script>\n<!-- \/ Yoast SEO plugin. -->","yoast_head_json":{"title":"Cloro - Chemuza","robots":{"index":"index","follow":"follow","max-snippet":"max-snippet:-1","max-image-preview":"max-image-preview:large","max-video-preview":"max-video-preview:-1"},"canonical":"https:\/\/chemuza.org\/pt\/cloro\/","og_locale":"pt_PT","og_type":"article","og_title":"Cloro - Chemuza","og_description":"O cloro \u00e9 um g\u00e1s haleto que existe no meio ambiente em altas temperaturas e \u00e9 considerado o segundo elemento mais radioativo desta fam\u00edlia. Representa 0,045% da crosta terrestre e \u00e9 capaz de se misturar com materiais org\u00e2nicos e metais para formar v\u00e1rios compostos. Al\u00e9m disso, est\u00e1 presente em tecidos animais, plantas, \u00e1gua e dep\u00f3sitos ... Ler mais","og_url":"https:\/\/chemuza.org\/pt\/cloro\/","og_site_name":"Statorials","twitter_card":"summary_large_image","twitter_misc":{"Tempo estimado de leitura":"4 minutos"},"schema":{"@context":"https:\/\/schema.org","@graph":[{"@type":"WebPage","@id":"https:\/\/chemuza.org\/pt\/cloro\/","url":"https:\/\/chemuza.org\/pt\/cloro\/","name":"Cloro - Chemuza","isPartOf":{"@id":"https:\/\/chemuza.org\/pt\/#website"},"datePublished":"2023-07-14T21:54:11+00:00","dateModified":"2023-07-14T21:54:11+00:00","breadcrumb":{"@id":"https:\/\/chemuza.org\/pt\/cloro\/#breadcrumb"},"inLanguage":"pt-PT","potentialAction":[{"@type":"ReadAction","target":["https:\/\/chemuza.org\/pt\/cloro\/"]}]},{"@type":"BreadcrumbList","@id":"https:\/\/chemuza.org\/pt\/cloro\/#breadcrumb","itemListElement":[{"@type":"ListItem","position":1,"name":"Lar","item":"https:\/\/chemuza.org\/pt\/"},{"@type":"ListItem","position":2,"name":"Cloro"}]},{"@type":"WebSite","@id":"https:\/\/chemuza.org\/pt\/#website","url":"https:\/\/chemuza.org\/pt\/","name":"Chemuza","description":"Sua porta de entrada para a descoberta qu\u00edmica!","publisher":{"@id":"https:\/\/chemuza.org\/pt\/#organization"},"potentialAction":[{"@type":"SearchAction","target":{"@type":"EntryPoint","urlTemplate":"https:\/\/chemuza.org\/pt\/?s={search_term_string}"},"query-input":"required name=search_term_string"}],"inLanguage":"pt-PT"},{"@type":"Organization","@id":"https:\/\/chemuza.org\/pt\/#organization","name":"Chemuza","url":"https:\/\/chemuza.org\/pt\/","logo":{"@type":"ImageObject","inLanguage":"pt-PT","@id":"https:\/\/chemuza.org\/pt\/#\/schema\/logo\/image\/","url":"https:\/\/chemuza.org\/pt\/wp-content\/uploads\/2023\/10\/chemuza-logo.png","contentUrl":"https:\/\/chemuza.org\/pt\/wp-content\/uploads\/2023\/10\/chemuza-logo.png","width":387,"height":70,"caption":"Chemuza"},"image":{"@id":"https:\/\/chemuza.org\/pt\/#\/schema\/logo\/image\/"}}]}},"yoast_meta":{"yoast_wpseo_title":"","yoast_wpseo_metadesc":"","yoast_wpseo_canonical":""},"_links":{"self":[{"href":"https:\/\/chemuza.org\/pt\/wp-json\/wp\/v2\/pages\/1479","targetHints":{"allow":["GET"]}}],"collection":[{"href":"https:\/\/chemuza.org\/pt\/wp-json\/wp\/v2\/pages"}],"about":[{"href":"https:\/\/chemuza.org\/pt\/wp-json\/wp\/v2\/types\/page"}],"author":[{"embeddable":true,"href":"https:\/\/chemuza.org\/pt\/wp-json\/wp\/v2\/users\/1"}],"replies":[{"embeddable":true,"href":"https:\/\/chemuza.org\/pt\/wp-json\/wp\/v2\/comments?post=1479"}],"version-history":[{"count":0,"href":"https:\/\/chemuza.org\/pt\/wp-json\/wp\/v2\/pages\/1479\/revisions"}],"wp:attachment":[{"href":"https:\/\/chemuza.org\/pt\/wp-json\/wp\/v2\/media?parent=1479"}],"curies":[{"name":"wp","href":"https:\/\/api.w.org\/{rel}","templated":true}]}}