{"id":1477,"date":"2023-07-14T22:44:47","date_gmt":"2023-07-14T22:44:47","guid":{"rendered":"https:\/\/chemuza.org\/pt\/calcio\/"},"modified":"2023-07-14T22:44:47","modified_gmt":"2023-07-14T22:44:47","slug":"calcio","status":"publish","type":"page","link":"https:\/\/chemuza.org\/pt\/calcio\/","title":{"rendered":"C\u00e1lcio"},"content":{"rendered":"<p>O c\u00e1lcio \u00e9 um macroelemento abundante no corpo humano e na crosta terrestre em 3,64%. Faz parte da estrutura dent\u00e1ria e \u00f3ssea e desempenha fun\u00e7\u00f5es esquel\u00e9ticas e reguladoras do corpo. Al\u00e9m disso, dadas as suas propriedades qu\u00edmicas est\u00e1veis, possui diversos compostos aplic\u00e1veis na ind\u00fastria e na medicina. Saiba mais sobre suas caracter\u00edsticas, hist\u00f3ria e propriedades abaixo.<\/p>\n<h2> <strong>O que \u00e9 c\u00e1lcio?<\/strong><\/h2>\n<p> \u00c9 um elemento qu\u00edmico da fam\u00edlia dos metais alcalino-terrosos da tabela peri\u00f3dica. \u00c9 assinado com o n\u00famero at\u00f4mico 20 e massa at\u00f4mica de 40,078. \u00c9 considerado o quinto elemento mais abundante na crosta terrestre. \u00c9 um metal macio, branco prateado, com um n\u00facleo cheio de energia est\u00e1vel.<\/p>\n<h3> <strong>S\u00edmbolo de c\u00e1lcio<\/strong><\/h3>\n<p> <span class=\"content-chemical-element\" style=\"float: left; width: 65px; height: 65px; border: 3px solid #666; display: flex; justify-content: center; align-items: center; margin-right: 15px;\"><span style=\"font-size: 38px;\">Vem<\/span><\/span> do latim calx, calis, que significa lim\u00e3o. Este elemento foi utilizado na Antiguidade pelos romanos sob a forma de calc\u00e1rio em argamassas de constru\u00e7\u00e3o. Seu nome \u00e9, portanto, derivado de suas diferentes aplica\u00e7\u00f5es e de sua consist\u00eancia.<\/p>\n<h2> <strong>Caracter\u00edsticas do c\u00e1lcio<\/strong><\/h2>\n<p> Como elemento, \u00e9 um metal alcalino-terroso ou um metal que possui propriedades qu\u00edmicas b\u00e1sicas. \u00c9 trim\u00f3rfico, ou seja, forma cristais com estruturas triplas. Al\u00e9m disso, sua reatividade qu\u00edmica \u00e9 baixa em compara\u00e7\u00e3o com outros \u00e1lcalis. Outras caracter\u00edsticas que o distinguem s\u00e3o:<\/p>\n<ul>\n<li> <strong>Condi\u00e7\u00e3o<\/strong> : S\u00f3lido.<\/li>\n<li> <strong>Cor<\/strong> : Branco prateado, pode amarelar quando exposto ao ar.<\/li>\n<li> <strong>Sabor e cheiro<\/strong> : Possui um sabor amargo um tanto desagrad\u00e1vel e um cheiro curioso semelhante ao do alho.<\/li>\n<li> <strong>Dureza<\/strong> : \u00c9 um pouco duro comparado a outros \u00e1lcalis, at\u00e9 1,75 na escala de Mohs.<\/li>\n<li> <strong>Toxicidade<\/strong> : \u00c9 baixa, mas em altas concentra\u00e7\u00f5es causa intoxica\u00e7\u00e3o e descalcifica\u00e7\u00e3o.<\/li>\n<li> <strong>Composi\u00e7\u00e3o<\/strong> : O metabolismo do c\u00e1lcio \u00e9 composto por 20 el\u00e9trons, 20 pr\u00f3tons e 20 n\u00eautrons cheios de energia.<\/li>\n<li> <strong>Reatividade<\/strong> : \u00c9 baixa, conforme indicado no carbonato de c\u00e1lcio. No entanto, no seu estado puro reage explosivamente com a \u00e1gua para formar hidr\u00f3xido de c\u00e1lcio.<\/li>\n<li> <strong>Solubilidade<\/strong> : \u00c9 alta na presen\u00e7a de \u00e1gua contendo di\u00f3xido de carbono.<\/li>\n<li> <strong>Estrutura<\/strong> : Cristalina e trim\u00f3rfica.<\/li>\n<\/ul>\n<h2> <strong>Propriedades qu\u00edmicas e f\u00edsicas do c\u00e1lcio<\/strong><\/h2>\n<ol>\n<li> <strong>N\u00famero at\u00f4mico<\/strong> : 20<\/li>\n<li> <strong>Per\u00edodo<\/strong> : 4<\/li>\n<li> <strong>Bloco<\/strong> : S<\/li>\n<li> <strong>Grupo<\/strong> : 2<\/li>\n<li> <strong>Raio covalente (\u00c5):<\/strong> 1,74<\/li>\n<li> <strong>Configura\u00e7\u00e3o eletr\u00f4nica:<\/strong> [Ar] 4 s\u00b2<\/li>\n<li> <strong>Massa at\u00f4mica (g\/mol):<\/strong> 40,078 ouro<\/li>\n<li> <strong>Densidade:<\/strong> 1,55 kg\/m<\/li>\n<li> <strong>Ponto de ebuli\u00e7\u00e3o:<\/strong> 1440\u00b0C<\/li>\n<li> <strong>Ponto de fus\u00e3o:<\/strong> 838\u00b0C<\/li>\n<li> <strong>Raio at\u00f4mico:<\/strong> 194 pm<\/li>\n<li> <strong>Raio m\u00e9dio:<\/strong> 180h<\/li>\n<li> <strong>Raio i\u00f4nico (\u00c5):<\/strong> 0,99<\/li>\n<li> <strong>El\u00e9trons por camada:<\/strong> 2,8, 8,2<\/li>\n<li> <strong>Eletronegatividade:<\/strong> 1,0<\/li>\n<li> <strong>Estado de oxida\u00e7\u00e3o:<\/strong> 2<\/li>\n<li> <strong>Primeiro potencial de ioniza\u00e7\u00e3o eV:<\/strong> 6,15<\/li>\n<li> <strong>Calor espec\u00edfico:<\/strong> 0,632 J\/(K kg)<\/li>\n<li> <strong>Condutividade t\u00e9rmica:<\/strong> 201 W\/(Km)<\/li>\n<li> <strong>Condutividade el\u00e9trica:<\/strong> 29,8 106S\/m<\/li>\n<\/ol>\n<h2> <strong>Origem do c\u00e1lcio<\/strong><\/h2>\n<p> Em 1808, o cientista Humphrey Davy descobriu o c\u00e1lcio atrav\u00e9s da eletr\u00f3lise de um am\u00e1lgama de merc\u00fario e cal. O experimento consistiu na mistura de cal \u00famida com \u00f3xido de merc\u00fario que resultou na forma\u00e7\u00e3o de uma placa contendo res\u00edduos oxid\u00e1veis. Embora n\u00e3o tivessem certeza se haviam obtido um elemento puro, os cientistas Bunsen e Matthiessen conseguiram extrair o mineral por eletr\u00f3lise do cloreto de c\u00e1lcio. Mais tarde, foi o qu\u00edmico Heri Moissan quem conseguiu isolar o metal pela primeira vez no in\u00edcio do s\u00e9culo XX.<\/p>\n<h2> <strong>Para que \u00e9 usado o c\u00e1lcio?<\/strong><\/h2>\n<p> \u00c9 utilizado para extrair metais como zirc\u00f4nio, ur\u00e2nio e t\u00f3rio devido \u00e0s suas propriedades redutoras. Al\u00e9m disso, atua como desoxidante em ligas ferrosas e n\u00e3o ferrosas. Daqui deriva o calc\u00e1rio, muito utilizado na constru\u00e7\u00e3o.<\/p>\n<p> Da mesma forma, estas s\u00e3o caracter\u00edsticas espectrais utilizadas na fabrica\u00e7\u00e3o de arcos de luz de alta intensidade. Porque atua como princ\u00edpio ativo do cimento, necess\u00e1rio para a produ\u00e7\u00e3o de concreto e argamassa na constru\u00e7\u00e3o civil. Al\u00e9m disso, alguns de seus compostos s\u00e3o utilizados como medicamentos, aditivos e suplementos diet\u00e9ticos.<\/p>\n<h2> <strong>10 alimentos que cont\u00eam c\u00e1lcio<\/strong><\/h2>\n<p> As propriedades do c\u00e1lcio fortalecem os ossos, tecidos e melhoram as fun\u00e7\u00f5es vitais do corpo. Al\u00e9m disso, \u00e9 essencial durante a gravidez para a correta forma\u00e7\u00e3o do feto e fortalece o sistema imunol\u00f3gico da m\u00e3e. Agora, confira esta lista de alimentos ricos em c\u00e1lcio que mant\u00eam voc\u00ea saud\u00e1vel:<\/p>\n<ul>\n<li> Queijos: Fornecem cerca de 800 mg. por 100 gramas e o mais rico \u00e9 o parmes\u00e3o.<\/li>\n<li> Leite: Cont\u00e9m 300 mg.<\/li>\n<li> Iogurte: Os iogurtes desnatados fornecem cerca de 150 mg. mineral e promove o tr\u00e2nsito intestinal e a forma\u00e7\u00e3o de tecidos.<\/li>\n<li> Sardinhas: Fornece 350 mg. do artigo em quest\u00e3o.<\/li>\n<li> Camar\u00e3o: Fornecem ao corpo 220 mg. min\u00e9rio.<\/li>\n<li> Figo seco: Se estiver seco fornecem 170 mg.<\/li>\n<li> Tomates secos: Cont\u00eam 110 gramas de mineral.<\/li>\n<li> Am\u00eandoas: Cont\u00e9m dose alta, 264 mg. aproximadamente.<\/li>\n<li> Avel\u00e3s: Fonte natural do macro mineral, por 10 gramas voc\u00ea obt\u00e9m 230 mg.<\/li>\n<li> Pistache: Fornece 135 gramas de c\u00e1lcio.<\/li>\n<\/ul>\n<p> Em resumo, este metal alcalino-terroso \u00e9 encontrado na natureza na forma de compostos dos quais derivam materiais de constru\u00e7\u00e3o e m\u00e9dicos. A fun\u00e7\u00e3o do c\u00e1lcio \u00e9 vital para o corpo em termos de estrutura \u00f3ssea e dent\u00e1ria, forma\u00e7\u00e3o de tecidos e desenvolvimento saud\u00e1vel do beb\u00ea.<\/p>\n","protected":false},"excerpt":{"rendered":"<p>O c\u00e1lcio \u00e9 um macroelemento abundante no corpo humano e na crosta terrestre em 3,64%. Faz parte da estrutura dent\u00e1ria e \u00f3ssea e desempenha fun\u00e7\u00f5es esquel\u00e9ticas e reguladoras do corpo. Al\u00e9m disso, dadas as suas propriedades qu\u00edmicas est\u00e1veis, possui diversos compostos aplic\u00e1veis na ind\u00fastria e na medicina. Saiba mais sobre suas caracter\u00edsticas, hist\u00f3ria e propriedades &#8230; <a title=\"C\u00e1lcio\" class=\"read-more\" href=\"https:\/\/chemuza.org\/pt\/calcio\/\" aria-label=\"Mais em C\u00e1lcio\">Ler mais<\/a><\/p>\n","protected":false},"author":1,"featured_media":0,"parent":0,"menu_order":0,"comment_status":"closed","ping_status":"closed","template":"","meta":{"footnotes":""},"class_list":["post-1477","page","type-page","status-publish"],"yoast_head":"<!-- This site is optimized with the Yoast SEO plugin v21.4 - https:\/\/yoast.com\/wordpress\/plugins\/seo\/ -->\n<title>C\u00e1lcio - Chemuza<\/title>\n<meta name=\"robots\" content=\"index, follow, max-snippet:-1, max-image-preview:large, max-video-preview:-1\" \/>\n<link rel=\"canonical\" href=\"https:\/\/chemuza.org\/pt\/calcio\/\" \/>\n<meta property=\"og:locale\" content=\"pt_PT\" \/>\n<meta property=\"og:type\" content=\"article\" \/>\n<meta property=\"og:title\" content=\"C\u00e1lcio - Chemuza\" \/>\n<meta property=\"og:description\" content=\"O c\u00e1lcio \u00e9 um macroelemento abundante no corpo humano e na crosta terrestre em 3,64%. Faz parte da estrutura dent\u00e1ria e \u00f3ssea e desempenha fun\u00e7\u00f5es esquel\u00e9ticas e reguladoras do corpo. Al\u00e9m disso, dadas as suas propriedades qu\u00edmicas est\u00e1veis, possui diversos compostos aplic\u00e1veis na ind\u00fastria e na medicina. Saiba mais sobre suas caracter\u00edsticas, hist\u00f3ria e propriedades ... Ler mais\" \/>\n<meta property=\"og:url\" content=\"https:\/\/chemuza.org\/pt\/calcio\/\" \/>\n<meta property=\"og:site_name\" content=\"Statorials\" \/>\n<meta name=\"twitter:card\" content=\"summary_large_image\" \/>\n<meta name=\"twitter:label1\" content=\"Tempo estimado de leitura\" \/>\n\t<meta name=\"twitter:data1\" content=\"4 minutos\" \/>\n<script type=\"application\/ld+json\" class=\"yoast-schema-graph\">{\"@context\":\"https:\/\/schema.org\",\"@graph\":[{\"@type\":\"WebPage\",\"@id\":\"https:\/\/chemuza.org\/pt\/calcio\/\",\"url\":\"https:\/\/chemuza.org\/pt\/calcio\/\",\"name\":\"C\u00e1lcio - Chemuza\",\"isPartOf\":{\"@id\":\"https:\/\/chemuza.org\/pt\/#website\"},\"datePublished\":\"2023-07-14T22:44:47+00:00\",\"dateModified\":\"2023-07-14T22:44:47+00:00\",\"breadcrumb\":{\"@id\":\"https:\/\/chemuza.org\/pt\/calcio\/#breadcrumb\"},\"inLanguage\":\"pt-PT\",\"potentialAction\":[{\"@type\":\"ReadAction\",\"target\":[\"https:\/\/chemuza.org\/pt\/calcio\/\"]}]},{\"@type\":\"BreadcrumbList\",\"@id\":\"https:\/\/chemuza.org\/pt\/calcio\/#breadcrumb\",\"itemListElement\":[{\"@type\":\"ListItem\",\"position\":1,\"name\":\"Lar\",\"item\":\"https:\/\/chemuza.org\/pt\/\"},{\"@type\":\"ListItem\",\"position\":2,\"name\":\"C\u00e1lcio\"}]},{\"@type\":\"WebSite\",\"@id\":\"https:\/\/chemuza.org\/pt\/#website\",\"url\":\"https:\/\/chemuza.org\/pt\/\",\"name\":\"Chemuza\",\"description\":\"Sua porta de entrada para a descoberta qu\u00edmica!\",\"publisher\":{\"@id\":\"https:\/\/chemuza.org\/pt\/#organization\"},\"potentialAction\":[{\"@type\":\"SearchAction\",\"target\":{\"@type\":\"EntryPoint\",\"urlTemplate\":\"https:\/\/chemuza.org\/pt\/?s={search_term_string}\"},\"query-input\":\"required name=search_term_string\"}],\"inLanguage\":\"pt-PT\"},{\"@type\":\"Organization\",\"@id\":\"https:\/\/chemuza.org\/pt\/#organization\",\"name\":\"Chemuza\",\"url\":\"https:\/\/chemuza.org\/pt\/\",\"logo\":{\"@type\":\"ImageObject\",\"inLanguage\":\"pt-PT\",\"@id\":\"https:\/\/chemuza.org\/pt\/#\/schema\/logo\/image\/\",\"url\":\"https:\/\/chemuza.org\/pt\/wp-content\/uploads\/2023\/10\/chemuza-logo.png\",\"contentUrl\":\"https:\/\/chemuza.org\/pt\/wp-content\/uploads\/2023\/10\/chemuza-logo.png\",\"width\":387,\"height\":70,\"caption\":\"Chemuza\"},\"image\":{\"@id\":\"https:\/\/chemuza.org\/pt\/#\/schema\/logo\/image\/\"}}]}<\/script>\n<!-- \/ Yoast SEO plugin. -->","yoast_head_json":{"title":"C\u00e1lcio - Chemuza","robots":{"index":"index","follow":"follow","max-snippet":"max-snippet:-1","max-image-preview":"max-image-preview:large","max-video-preview":"max-video-preview:-1"},"canonical":"https:\/\/chemuza.org\/pt\/calcio\/","og_locale":"pt_PT","og_type":"article","og_title":"C\u00e1lcio - Chemuza","og_description":"O c\u00e1lcio \u00e9 um macroelemento abundante no corpo humano e na crosta terrestre em 3,64%. Faz parte da estrutura dent\u00e1ria e \u00f3ssea e desempenha fun\u00e7\u00f5es esquel\u00e9ticas e reguladoras do corpo. Al\u00e9m disso, dadas as suas propriedades qu\u00edmicas est\u00e1veis, possui diversos compostos aplic\u00e1veis na ind\u00fastria e na medicina. Saiba mais sobre suas caracter\u00edsticas, hist\u00f3ria e propriedades ... Ler mais","og_url":"https:\/\/chemuza.org\/pt\/calcio\/","og_site_name":"Statorials","twitter_card":"summary_large_image","twitter_misc":{"Tempo estimado de leitura":"4 minutos"},"schema":{"@context":"https:\/\/schema.org","@graph":[{"@type":"WebPage","@id":"https:\/\/chemuza.org\/pt\/calcio\/","url":"https:\/\/chemuza.org\/pt\/calcio\/","name":"C\u00e1lcio - Chemuza","isPartOf":{"@id":"https:\/\/chemuza.org\/pt\/#website"},"datePublished":"2023-07-14T22:44:47+00:00","dateModified":"2023-07-14T22:44:47+00:00","breadcrumb":{"@id":"https:\/\/chemuza.org\/pt\/calcio\/#breadcrumb"},"inLanguage":"pt-PT","potentialAction":[{"@type":"ReadAction","target":["https:\/\/chemuza.org\/pt\/calcio\/"]}]},{"@type":"BreadcrumbList","@id":"https:\/\/chemuza.org\/pt\/calcio\/#breadcrumb","itemListElement":[{"@type":"ListItem","position":1,"name":"Lar","item":"https:\/\/chemuza.org\/pt\/"},{"@type":"ListItem","position":2,"name":"C\u00e1lcio"}]},{"@type":"WebSite","@id":"https:\/\/chemuza.org\/pt\/#website","url":"https:\/\/chemuza.org\/pt\/","name":"Chemuza","description":"Sua porta de entrada para a descoberta qu\u00edmica!","publisher":{"@id":"https:\/\/chemuza.org\/pt\/#organization"},"potentialAction":[{"@type":"SearchAction","target":{"@type":"EntryPoint","urlTemplate":"https:\/\/chemuza.org\/pt\/?s={search_term_string}"},"query-input":"required name=search_term_string"}],"inLanguage":"pt-PT"},{"@type":"Organization","@id":"https:\/\/chemuza.org\/pt\/#organization","name":"Chemuza","url":"https:\/\/chemuza.org\/pt\/","logo":{"@type":"ImageObject","inLanguage":"pt-PT","@id":"https:\/\/chemuza.org\/pt\/#\/schema\/logo\/image\/","url":"https:\/\/chemuza.org\/pt\/wp-content\/uploads\/2023\/10\/chemuza-logo.png","contentUrl":"https:\/\/chemuza.org\/pt\/wp-content\/uploads\/2023\/10\/chemuza-logo.png","width":387,"height":70,"caption":"Chemuza"},"image":{"@id":"https:\/\/chemuza.org\/pt\/#\/schema\/logo\/image\/"}}]}},"yoast_meta":{"yoast_wpseo_title":"","yoast_wpseo_metadesc":"","yoast_wpseo_canonical":""},"_links":{"self":[{"href":"https:\/\/chemuza.org\/pt\/wp-json\/wp\/v2\/pages\/1477","targetHints":{"allow":["GET"]}}],"collection":[{"href":"https:\/\/chemuza.org\/pt\/wp-json\/wp\/v2\/pages"}],"about":[{"href":"https:\/\/chemuza.org\/pt\/wp-json\/wp\/v2\/types\/page"}],"author":[{"embeddable":true,"href":"https:\/\/chemuza.org\/pt\/wp-json\/wp\/v2\/users\/1"}],"replies":[{"embeddable":true,"href":"https:\/\/chemuza.org\/pt\/wp-json\/wp\/v2\/comments?post=1477"}],"version-history":[{"count":0,"href":"https:\/\/chemuza.org\/pt\/wp-json\/wp\/v2\/pages\/1477\/revisions"}],"wp:attachment":[{"href":"https:\/\/chemuza.org\/pt\/wp-json\/wp\/v2\/media?parent=1477"}],"curies":[{"name":"wp","href":"https:\/\/api.w.org\/{rel}","templated":true}]}}