{"id":1475,"date":"2023-07-14T23:15:18","date_gmt":"2023-07-14T23:15:18","guid":{"rendered":"https:\/\/chemuza.org\/pt\/corresponder\/"},"modified":"2023-07-14T23:15:18","modified_gmt":"2023-07-14T23:15:18","slug":"corresponder","status":"publish","type":"page","link":"https:\/\/chemuza.org\/pt\/corresponder\/","title":{"rendered":"Corresponder"},"content":{"rendered":"<p>An\u00e1lises Qu\u00edmicas indicam que o f\u00f3sforo pode conter diversos compostos qu\u00edmicos, al\u00e9m do carbono, sendo os mais b\u00e1sicos os fosfatos. Al\u00e9m disso, o seu papel \u00e9 muito importante em todas as formas de vida, por exemplo, aproximadamente 60% dos ossos cont\u00eam fosfato de c\u00e1lcio. Descubra tudo sobre este elemento, suas fun\u00e7\u00f5es, caracter\u00edsticas e propriedades.<\/p>\n<h2> <strong>O que \u00e9 f\u00f3sforo?<\/strong><\/h2>\n<p> O elemento f\u00f3sforo \u00e9 um n\u00e3o-metal essencial, incolor em estado puro. Faz parte do grupo 15 ou nitrog\u00eanios da tabela peri\u00f3dica, possui m\u00faltiplas val\u00eancias e grande reatividade. Al\u00e9m disso, em contato com o oxig\u00eanio atmosf\u00e9rico, oxida facilmente a ponto de emitir luz. Por outro lado, n\u00e3o \u00e9 encontrado puro na natureza, mas sim em organismos vivos e em fosfatos inorg\u00e2nicos.<\/p>\n<h3> <strong>S\u00edmbolo de f\u00f3sforo<\/strong><\/h3>\n<p> <span class=\"content-chemical-element\" style=\"float: left;width: 65px;height: 65px;border: 3px solid #666; display:flex;\n    justify-content: center;align-items: center;margin-right: 15px;\"><span style=\"font-size: 38px;\">P<\/span><\/span> A letra usada como s\u00edmbolo para identificar o elemento vem da palavra latina <em>f\u00f3sforo<\/em> . Por sua vez, vem do grego <em>fosforos<\/em> , onde <em>phos<\/em> significa portador de luz e <em>phoros<\/em> , ou seja, portador de luz. Recebe este nome em homenagem ao antigo nome do planeta V\u00eanus, j\u00e1 que ambos emitem luz ou brilham no escuro.<\/p>\n<h2> <strong>Caracter\u00edsticas do f\u00f3sforo<\/strong><\/h2>\n<p> Uma de suas caracter\u00edsticas particulares \u00e9 a facilidade de inflamabilidade. Al\u00e9m disso, pode emitir luz gra\u00e7as ao fen\u00f4meno denominado fosforesc\u00eancia. Por outro lado, este elemento \u00e9 geralmente insol\u00favel em \u00e1gua. Veja outros dados que o representam:<\/p>\n<ul>\n<li> <strong>Reatividade Qu\u00edmica<\/strong> : Reage com quase todos os elementos, sejam eletronegativos ou eletropositivos, por exemplo combinando-se com halog\u00eanios para formar haletos.<\/li>\n<li> <strong>Cor<\/strong> : Pode ser incolor, branco brilhante ou vermelho, dependendo das altera\u00e7\u00f5es qu\u00edmicas.<\/li>\n<li> <strong>Fus\u00e3o<\/strong> : Seu ponto de fus\u00e3o \u00e9 baixo.<\/li>\n<li> <strong>Condi\u00e7\u00e3o<\/strong> : Sua forma natural \u00e9 s\u00f3lida e cerosa, embora possa se transformar em g\u00e1s e l\u00edquido.<\/li>\n<li> <strong>Modifica\u00e7\u00f5es<\/strong> : Sua oxida\u00e7\u00e3o ocorre quando h\u00e1 presen\u00e7a de ar atmosf\u00e9rico.<\/li>\n<li> <strong>Odor<\/strong> : Tem um odor desagrad\u00e1vel de liga.<\/li>\n<li> <strong>Ordem magn\u00e9tica<\/strong> : \u00c9 um elemento diamagn\u00e9tico.<\/li>\n<li> <strong>Condutor el\u00e9trico e t\u00e9rmico<\/strong> : N\u00e3o possui essas caracter\u00edsticas.<\/li>\n<li> <strong>N\u00edvel de toxicidade<\/strong> : Dependendo de suas variedades alotr\u00f3picas, pode ou n\u00e3o ser muito t\u00f3xico.<\/li>\n<li> <strong>Fragilidade<\/strong> : N\u00e3o pode ser enrolado, achatado ou esticado em fios.<\/li>\n<\/ul>\n<h2> <strong>Propriedades qu\u00edmicas e f\u00edsicas do f\u00f3sforo<\/strong><\/h2>\n<ol>\n<li> <strong>N\u00famero at\u00f4mico<\/strong> : 15<\/li>\n<li> <strong>Densidade<\/strong> : 1823 kg\/ <sup>m3<\/sup><\/li>\n<li> <strong>Calor espec\u00edfico<\/strong> : 769 J\/ (K-kg)<\/li>\n<li> <strong>Raio covalente (\u00c5)<\/strong> : 106 pm<\/li>\n<li> <strong>Configura\u00e7\u00e3o eletr\u00f4nica<\/strong> : [Ne]3s <sup>2<\/sup> 3p <sup>3<\/sup><\/li>\n<li> <strong>Primeiro potencial de ioniza\u00e7\u00e3o (eV)<\/strong> : 1011,8 kJ\/mol<\/li>\n<li> <strong>Massa at\u00f4mica (g\/mol)<\/strong> : 30,9737620<\/li>\n<li> <strong>Entalpia de vaporiza\u00e7\u00e3o<\/strong> : 12.129 kJ\/mol<\/li>\n<li> <strong>Ponto de ebuli\u00e7\u00e3o<\/strong> : 277\u00b0C (550K)<\/li>\n<li> <strong>Entalpia de fus\u00e3o<\/strong> : 0,657 kJ\/mol<\/li>\n<li> <strong>Raio at\u00f4mico (\u00c5):<\/strong> 98 pm (raio de Bohr)<\/li>\n<li> <strong>Ponto de fus\u00e3o<\/strong> : 44\u00b0C (317,3K)<\/li>\n<li> <strong>Estado normal<\/strong> : S\u00f3lido<\/li>\n<li> <strong>Ferrugem<\/strong> : Ligeiramente \u00e1cida<\/li>\n<li> <strong>El\u00e9trons por n\u00edvel<\/strong> : 2, 8, 5<\/li>\n<li> <strong>Estados de oxida\u00e7\u00e3o<\/strong> : +3,5<\/li>\n<li> <strong>Press\u00e3o de vapor<\/strong> : 20,8 Pa a 294 K<\/li>\n<li> <strong>Eletronegatividade<\/strong> : 2,19 (escala Pauling)<\/li>\n<\/ol>\n<h2> <strong>Origem do f\u00f3sforo<\/strong><\/h2>\n<p> A pessoa que descobriu o f\u00f3sforo foi o alquimista comerciante Hennig Brand em 1669, uma descoberta que ele fez enquanto tentava encontrar a pedra filosofal. Durante sua expedi\u00e7\u00e3o, ele destilou a mistura de urina evaporada com areia. Assim, obteve um material que queimava e brilhava no escuro.<\/p>\n<p> Essa subst\u00e2ncia s\u00f3 foi extra\u00edda da ur\u00e9ia at\u00e9 que, um s\u00e9culo depois, o qu\u00edmico Carl Wilhelm Scheele a produziu e isolou de ossos calcinados. Mais tarde, receberia o nome de f\u00f3sforo, depois que Antoine Lavoisier conseguiu demonstrar que se tratava de um elemento. Aparentemente, Robert Boyle tamb\u00e9m o descobriu e contatou um industrial alem\u00e3o, que come\u00e7ou a adquiri-lo em Londres.<\/p>\n<h2> <strong>Para que \u00e9 usado o f\u00f3sforo?<\/strong><\/h2>\n<p> A aplica\u00e7\u00e3o de \u00e1cido fosf\u00f3rico concentrado destina-se \u00e0 agricultura como fertilizante, pois estimula o desenvolvimento, a matura\u00e7\u00e3o precoce e a produ\u00e7\u00e3o das plantas. Outros usos do f\u00f3sforo incluem:<\/p>\n<ul>\n<li> Produzir bronze e a\u00e7o.<\/li>\n<li> \u00c9 utilizado como fermento em p\u00f3 na forma de fosfato monoc\u00e1lcico.<\/li>\n<li> Ao fazer cristais especiais.<\/li>\n<li> No revestimento interno de l\u00e2mpadas fluorescentes.<\/li>\n<li> Fosfato triss\u00f3dico como agente de limpeza para prevenir a corros\u00e3o e amaciar a \u00e1gua<\/li>\n<li> O f\u00f3sforo branco \u00e9 frequentemente usado em bombas de fuma\u00e7a, incendi\u00e1rias e balas tra\u00e7adoras.<\/li>\n<li> \u00c9 comum fogos de artif\u00edcio, f\u00f3sforos de seguran\u00e7a, pasta de dente, detergentes, rem\u00e9dios e aditivos alimentares.<\/li>\n<\/ul>\n<h2> <strong>3 principais al\u00f3tropos de f\u00f3sforo<\/strong><\/h2>\n<p> \u00c9 um elemento qu\u00edmico que, no seu estado s\u00f3lido e elementar, cont\u00e9m diversas formas alotr\u00f3picas. Os mais conhecidos s\u00e3o o branco, o vermelho e o preto, embora tamb\u00e9m existam o roxo e o azul. Cada um deles possui propriedades qu\u00edmicas e f\u00edsicas diferentes.<\/p>\n<ul>\n<li> F\u00f3sforo branco: Possui estrutura tetra\u00e9drica, \u00e9 muito t\u00f3xico, inflam\u00e1vel, metaest\u00e1vel e em contato com o calor do sol transforma-se em f\u00f3sforo vermelho.<\/li>\n<li> F\u00f3sforo vermelho: Composto por cadeias tetra\u00e9dricas lineares, \u00e9 menos reativo, vol\u00e1til e mais est\u00e1vel. Usado para fazer combina\u00e7\u00f5es de fric\u00e7\u00e3o.<\/li>\n<li> F\u00f3sforo Negro: \u00c9 obtido pelo aquecimento do al\u00f3tropo branco em altas temperaturas e do merc\u00fario como catalisador. N\u00e3o acende, \u00e9 denso e conduz eletricidade.<\/li>\n<\/ul>\n<p> Em resumo, o f\u00f3sforo \u00e9 um elemento qu\u00edmico n\u00e3o met\u00e1lico com boa reatividade. Al\u00e9m disso, em seu estado normal, geralmente \u00e9 incolor, embora possa apresentar uma tonalidade branca brilhante ou vermelho-arroxeada. \u00c9 muito inflam\u00e1vel, por isso \u00e9 utilizado em jogos de fric\u00e7\u00e3o e pirotecnia. Al\u00e9m disso, cont\u00e9m v\u00e1rias formas alotr\u00f3picas.<\/p>\n<h2> Mais informa\u00e7\u00f5es sobre f\u00f3sforo<\/h2>\n","protected":false},"excerpt":{"rendered":"<p>An\u00e1lises Qu\u00edmicas indicam que o f\u00f3sforo pode conter diversos compostos qu\u00edmicos, al\u00e9m do carbono, sendo os mais b\u00e1sicos os fosfatos. Al\u00e9m disso, o seu papel \u00e9 muito importante em todas as formas de vida, por exemplo, aproximadamente 60% dos ossos cont\u00eam fosfato de c\u00e1lcio. Descubra tudo sobre este elemento, suas fun\u00e7\u00f5es, caracter\u00edsticas e propriedades. O &#8230; <a title=\"Corresponder\" class=\"read-more\" href=\"https:\/\/chemuza.org\/pt\/corresponder\/\" aria-label=\"Mais em Corresponder\">Ler mais<\/a><\/p>\n","protected":false},"author":1,"featured_media":0,"parent":0,"menu_order":0,"comment_status":"closed","ping_status":"closed","template":"","meta":{"footnotes":""},"class_list":["post-1475","page","type-page","status-publish"],"yoast_head":"<!-- This site is optimized with the Yoast SEO plugin v21.4 - https:\/\/yoast.com\/wordpress\/plugins\/seo\/ -->\n<title>Partida \u2013 Chemuza<\/title>\n<meta name=\"robots\" content=\"index, follow, max-snippet:-1, max-image-preview:large, max-video-preview:-1\" \/>\n<link rel=\"canonical\" href=\"https:\/\/chemuza.org\/pt\/corresponder\/\" \/>\n<meta property=\"og:locale\" content=\"pt_PT\" \/>\n<meta property=\"og:type\" content=\"article\" \/>\n<meta property=\"og:title\" content=\"Partida \u2013 Chemuza\" \/>\n<meta property=\"og:description\" content=\"An\u00e1lises Qu\u00edmicas indicam que o f\u00f3sforo pode conter diversos compostos qu\u00edmicos, al\u00e9m do carbono, sendo os mais b\u00e1sicos os fosfatos. Al\u00e9m disso, o seu papel \u00e9 muito importante em todas as formas de vida, por exemplo, aproximadamente 60% dos ossos cont\u00eam fosfato de c\u00e1lcio. Descubra tudo sobre este elemento, suas fun\u00e7\u00f5es, caracter\u00edsticas e propriedades. O ... Ler mais\" \/>\n<meta property=\"og:url\" content=\"https:\/\/chemuza.org\/pt\/corresponder\/\" \/>\n<meta property=\"og:site_name\" content=\"Statorials\" \/>\n<meta name=\"twitter:card\" content=\"summary_large_image\" \/>\n<meta name=\"twitter:label1\" content=\"Tempo estimado de leitura\" \/>\n\t<meta name=\"twitter:data1\" content=\"5 minutos\" \/>\n<script type=\"application\/ld+json\" class=\"yoast-schema-graph\">{\"@context\":\"https:\/\/schema.org\",\"@graph\":[{\"@type\":\"WebPage\",\"@id\":\"https:\/\/chemuza.org\/pt\/corresponder\/\",\"url\":\"https:\/\/chemuza.org\/pt\/corresponder\/\",\"name\":\"Partida \u2013 Chemuza\",\"isPartOf\":{\"@id\":\"https:\/\/chemuza.org\/pt\/#website\"},\"datePublished\":\"2023-07-14T23:15:18+00:00\",\"dateModified\":\"2023-07-14T23:15:18+00:00\",\"breadcrumb\":{\"@id\":\"https:\/\/chemuza.org\/pt\/corresponder\/#breadcrumb\"},\"inLanguage\":\"pt-PT\",\"potentialAction\":[{\"@type\":\"ReadAction\",\"target\":[\"https:\/\/chemuza.org\/pt\/corresponder\/\"]}]},{\"@type\":\"BreadcrumbList\",\"@id\":\"https:\/\/chemuza.org\/pt\/corresponder\/#breadcrumb\",\"itemListElement\":[{\"@type\":\"ListItem\",\"position\":1,\"name\":\"Lar\",\"item\":\"https:\/\/chemuza.org\/pt\/\"},{\"@type\":\"ListItem\",\"position\":2,\"name\":\"Corresponder\"}]},{\"@type\":\"WebSite\",\"@id\":\"https:\/\/chemuza.org\/pt\/#website\",\"url\":\"https:\/\/chemuza.org\/pt\/\",\"name\":\"Chemuza\",\"description\":\"Sua porta de entrada para a descoberta qu\u00edmica!\",\"publisher\":{\"@id\":\"https:\/\/chemuza.org\/pt\/#organization\"},\"potentialAction\":[{\"@type\":\"SearchAction\",\"target\":{\"@type\":\"EntryPoint\",\"urlTemplate\":\"https:\/\/chemuza.org\/pt\/?s={search_term_string}\"},\"query-input\":\"required name=search_term_string\"}],\"inLanguage\":\"pt-PT\"},{\"@type\":\"Organization\",\"@id\":\"https:\/\/chemuza.org\/pt\/#organization\",\"name\":\"Chemuza\",\"url\":\"https:\/\/chemuza.org\/pt\/\",\"logo\":{\"@type\":\"ImageObject\",\"inLanguage\":\"pt-PT\",\"@id\":\"https:\/\/chemuza.org\/pt\/#\/schema\/logo\/image\/\",\"url\":\"https:\/\/chemuza.org\/pt\/wp-content\/uploads\/2023\/10\/chemuza-logo.png\",\"contentUrl\":\"https:\/\/chemuza.org\/pt\/wp-content\/uploads\/2023\/10\/chemuza-logo.png\",\"width\":387,\"height\":70,\"caption\":\"Chemuza\"},\"image\":{\"@id\":\"https:\/\/chemuza.org\/pt\/#\/schema\/logo\/image\/\"}}]}<\/script>\n<!-- \/ Yoast SEO plugin. -->","yoast_head_json":{"title":"Partida \u2013 Chemuza","robots":{"index":"index","follow":"follow","max-snippet":"max-snippet:-1","max-image-preview":"max-image-preview:large","max-video-preview":"max-video-preview:-1"},"canonical":"https:\/\/chemuza.org\/pt\/corresponder\/","og_locale":"pt_PT","og_type":"article","og_title":"Partida \u2013 Chemuza","og_description":"An\u00e1lises Qu\u00edmicas indicam que o f\u00f3sforo pode conter diversos compostos qu\u00edmicos, al\u00e9m do carbono, sendo os mais b\u00e1sicos os fosfatos. Al\u00e9m disso, o seu papel \u00e9 muito importante em todas as formas de vida, por exemplo, aproximadamente 60% dos ossos cont\u00eam fosfato de c\u00e1lcio. Descubra tudo sobre este elemento, suas fun\u00e7\u00f5es, caracter\u00edsticas e propriedades. O ... Ler mais","og_url":"https:\/\/chemuza.org\/pt\/corresponder\/","og_site_name":"Statorials","twitter_card":"summary_large_image","twitter_misc":{"Tempo estimado de leitura":"5 minutos"},"schema":{"@context":"https:\/\/schema.org","@graph":[{"@type":"WebPage","@id":"https:\/\/chemuza.org\/pt\/corresponder\/","url":"https:\/\/chemuza.org\/pt\/corresponder\/","name":"Partida \u2013 Chemuza","isPartOf":{"@id":"https:\/\/chemuza.org\/pt\/#website"},"datePublished":"2023-07-14T23:15:18+00:00","dateModified":"2023-07-14T23:15:18+00:00","breadcrumb":{"@id":"https:\/\/chemuza.org\/pt\/corresponder\/#breadcrumb"},"inLanguage":"pt-PT","potentialAction":[{"@type":"ReadAction","target":["https:\/\/chemuza.org\/pt\/corresponder\/"]}]},{"@type":"BreadcrumbList","@id":"https:\/\/chemuza.org\/pt\/corresponder\/#breadcrumb","itemListElement":[{"@type":"ListItem","position":1,"name":"Lar","item":"https:\/\/chemuza.org\/pt\/"},{"@type":"ListItem","position":2,"name":"Corresponder"}]},{"@type":"WebSite","@id":"https:\/\/chemuza.org\/pt\/#website","url":"https:\/\/chemuza.org\/pt\/","name":"Chemuza","description":"Sua porta de entrada para a descoberta qu\u00edmica!","publisher":{"@id":"https:\/\/chemuza.org\/pt\/#organization"},"potentialAction":[{"@type":"SearchAction","target":{"@type":"EntryPoint","urlTemplate":"https:\/\/chemuza.org\/pt\/?s={search_term_string}"},"query-input":"required name=search_term_string"}],"inLanguage":"pt-PT"},{"@type":"Organization","@id":"https:\/\/chemuza.org\/pt\/#organization","name":"Chemuza","url":"https:\/\/chemuza.org\/pt\/","logo":{"@type":"ImageObject","inLanguage":"pt-PT","@id":"https:\/\/chemuza.org\/pt\/#\/schema\/logo\/image\/","url":"https:\/\/chemuza.org\/pt\/wp-content\/uploads\/2023\/10\/chemuza-logo.png","contentUrl":"https:\/\/chemuza.org\/pt\/wp-content\/uploads\/2023\/10\/chemuza-logo.png","width":387,"height":70,"caption":"Chemuza"},"image":{"@id":"https:\/\/chemuza.org\/pt\/#\/schema\/logo\/image\/"}}]}},"yoast_meta":{"yoast_wpseo_title":"","yoast_wpseo_metadesc":"","yoast_wpseo_canonical":""},"_links":{"self":[{"href":"https:\/\/chemuza.org\/pt\/wp-json\/wp\/v2\/pages\/1475","targetHints":{"allow":["GET"]}}],"collection":[{"href":"https:\/\/chemuza.org\/pt\/wp-json\/wp\/v2\/pages"}],"about":[{"href":"https:\/\/chemuza.org\/pt\/wp-json\/wp\/v2\/types\/page"}],"author":[{"embeddable":true,"href":"https:\/\/chemuza.org\/pt\/wp-json\/wp\/v2\/users\/1"}],"replies":[{"embeddable":true,"href":"https:\/\/chemuza.org\/pt\/wp-json\/wp\/v2\/comments?post=1475"}],"version-history":[{"count":0,"href":"https:\/\/chemuza.org\/pt\/wp-json\/wp\/v2\/pages\/1475\/revisions"}],"wp:attachment":[{"href":"https:\/\/chemuza.org\/pt\/wp-json\/wp\/v2\/media?parent=1475"}],"curies":[{"name":"wp","href":"https:\/\/api.w.org\/{rel}","templated":true}]}}