{"id":1474,"date":"2023-07-14T23:41:06","date_gmt":"2023-07-14T23:41:06","guid":{"rendered":"https:\/\/chemuza.org\/pt\/escandio\/"},"modified":"2023-07-14T23:41:06","modified_gmt":"2023-07-14T23:41:06","slug":"escandio","status":"publish","type":"page","link":"https:\/\/chemuza.org\/pt\/escandio\/","title":{"rendered":"Esc\u00e2ndio"},"content":{"rendered":"<p>Um elemento que domina os metais de transi\u00e7\u00e3o na tabela peri\u00f3dica. No entanto, partilha caracter\u00edsticas n\u00e3o s\u00f3 com este bloco, mas tamb\u00e9m com terras raras. Al\u00e9m disso, ele \u00e9 considerado membro de ambas as s\u00e9ries. Entre seus quatro principais poderes est\u00e3o leveza, resist\u00eancia, dureza e luminosidade. Estamos falando de esc\u00e2ndio e aqui voc\u00ea ver\u00e1 para que serve e quais s\u00e3o suas propriedades.<\/p>\n<h2> <strong>O que \u00e9 Esc\u00e2ndio?<\/strong><\/h2>\n<p> \u00c9 um elemento qu\u00edmico inclu\u00eddo na s\u00e9rie dos metais de transi\u00e7\u00e3o, que geralmente \u00e9 um metal muito leve, macio e ferroso com \u00e1cidos fluor\u00eddrico e n\u00edtrico. Al\u00e9m disso, apresenta uma cor p\u00e1lida, branca ou prateada, embora possa apresentar um aspecto ligeiramente rosado e amarelado se exposto ao ar. Por outro lado, as propriedades do esc\u00e2ndio t\u00eam semelhan\u00e7as com as do \u00edtrio e dos lantan\u00eddeos.<\/p>\n<h3> <strong>S\u00edmbolo de Esc\u00e2ndio<\/strong><\/h3>\n<p> <span class=\"content-chemical-element\" style=\"float: left;width: 65px;height: 65px;border: 3px solid #666; display:flex;\n    justify-content: center;align-items: center;margin-right: 15px;\"><span style=\"font-size: 38px;\">Sc<\/span><\/span> O s\u00edmbolo qu\u00edmico do esc\u00e2ndio vem da palavra escandinava, cuja origem etimol\u00f3gica deriva do latim <em>Scandia<\/em> . Recebe esse nome porque grandes quantidades desse elemento s\u00e3o encontradas na Pen\u00ednsula Escandinava, principalmente entre seus minerais.<\/p>\n<h2> <strong>Caracter\u00edsticas do Esc\u00e2ndio<\/strong><\/h2>\n<p> Uma delas pode ser a sua estrutura at\u00f4mica, composta por 21 el\u00e9trons, 21 pr\u00f3tons e 24 n\u00eautrons. Onde seus el\u00e9trons oscilam em quatro n\u00edveis de energia. Por outro lado, quando queima forma uma chama amarelo-avermelhada. Veja mais descri\u00e7\u00f5es deste metal:<\/p>\n<ul>\n<li> <strong>Reatividade qu\u00edmica<\/strong> : \u00c9 um elemento reativo que aumenta proporcionalmente ao seu tamanho at\u00f4mico, reage com \u00e1gua, \u00e1cidos fortes e todos os halog\u00eanios.<\/li>\n<li> <strong>Derretimento e Ebuli\u00e7\u00e3o<\/strong> : Esses pontos s\u00e3o muito altos.<\/li>\n<li> <strong>Estado<\/strong> : \u00c0 temperatura ambiente a sua forma normal \u00e9 s\u00f3lida.<\/li>\n<li> <strong>Mudan\u00e7as<\/strong> : Seu estado nativo possui textura macia e lisa, mas quando ligado apresenta grande resist\u00eancia e dureza.<\/li>\n<li> <strong>Temperatura<\/strong> : Possui boa resist\u00eancia a altas temperaturas.<\/li>\n<li> <strong>Estabilidade<\/strong> : \u00c9 est\u00e1vel, mas quando aquecido se decomp\u00f5e e quando exposto ao ar oxida.<\/li>\n<li> <strong>Ordem Magn\u00e9tica<\/strong> : Introduz o paramagnetismo.<\/li>\n<li> <strong>N\u00edvel de toxicidade<\/strong> : N\u00e3o \u00e9 considerado um metal t\u00f3xico.<\/li>\n<li> <strong>Densidade<\/strong> : Geralmente \u00e9 leve, com densidade pr\u00f3xima \u00e0 do alum\u00ednio.<\/li>\n<li> <strong>Estado de oxida\u00e7\u00e3o<\/strong> : O mais utilizado \u00e9 +3, embora existam 0, +1 e +2.<\/li>\n<\/ul>\n<h2> <strong>Propriedades qu\u00edmicas e f\u00edsicas do Esc\u00e2ndio<\/strong><\/h2>\n<ol>\n<li> <strong>N\u00famero at\u00f4mico<\/strong> : 21<\/li>\n<li> <strong>Raio covalente (\u00c5)<\/strong> : 1,44<\/li>\n<li> <strong>Massa at\u00f4mica (g\/mol)<\/strong> : 44,955<\/li>\n<li> <strong>Densidade (g\/ml)<\/strong> : 3,0<\/li>\n<li> <strong>Estados de oxida\u00e7\u00e3o<\/strong> : 3<\/li>\n<li> <strong>Eletronegatividade<\/strong> : 1,36<\/li>\n<li> <strong>Estado normal<\/strong> : S\u00f3lido<\/li>\n<li> <strong>Calor espec\u00edfico<\/strong> : 568 J\/(K-kg)<\/li>\n<li> <strong>Entalpia de vaporiza\u00e7\u00e3o<\/strong> : 314,2 kJ\/mol<\/li>\n<li> <strong>Configura\u00e7\u00e3o eletr\u00f4nica<\/strong> : [Ar]4 s\u00b2 3d <sup>1<\/sup><\/li>\n<li> <strong>Primeiro potencial de ioniza\u00e7\u00e3o (eV)<\/strong> : 633,1 kJ\/mol<\/li>\n<li> <strong>Ponto de fus\u00e3o<\/strong> : 1541\u00b0C (1814K)<\/li>\n<li> <strong>Entalpia de fus\u00e3o<\/strong> : 14,1 kJ\/mol<\/li>\n<li> <strong>\u00d3xido<\/strong> : Base fraca<\/li>\n<li> <strong>Raio at\u00f4mico (\u00c5)<\/strong> : 1,84<\/li>\n<li> <strong>El\u00e9trons por n\u00edvel<\/strong> : 2, 8, 9, 2<\/li>\n<li> <strong>Ponto de ebuli\u00e7\u00e3o<\/strong> : 2830 \u00b0C (3103 K)<\/li>\n<li> <strong>Velocidade do som<\/strong> : Sem dados m\/s 293,15 K<\/li>\n<\/ol>\n<h2> <strong>Origem do Esc\u00e2ndio<\/strong><\/h2>\n<p> O descobridor do esc\u00e2ndio foi Lars Fredrick Nilson em 1879, que com sua equipe realizou uma an\u00e1lise espectral dos minerais gadolinita e ilsenita. Isso aconteceu quando eu estava pesquisando metais de terras raras. Para isol\u00e1-lo, passou a processar 10 kg de exenita e res\u00edduos de outros elementos. O resultado final foram 2 gramas de \u00f3xido de esc\u00e2ndio puro.<\/p>\n<p> Por\u00e9m, em 1937, Dmitri Mendeleyev previu antecipadamente a exist\u00eancia de um novo elemento, que teria propriedades semelhantes ao boro e chamou-o de <em>Ekaboro<\/em> . Mais tarde, o qu\u00edmico Per Theodor Cleve confirmou que o \u00f3xido de esc\u00e2ndio era o <em>Ekaboro<\/em> previsto. Foi ent\u00e3o isolado pela primeira vez por eletr\u00f3lise.<\/p>\n<h2> <strong>Para que \u00e9 utilizado o Esc\u00e2ndio?<\/strong><\/h2>\n<p> Embora seja um item incomum, \u00e9 um metal muito vers\u00e1til. Na verdade, \u00e9 utilizado nas ind\u00fastrias qu\u00edmica, aeroespacial e agr\u00edcola. Por exemplo, Sc2(SO4)3 melhora a germina\u00e7\u00e3o de diferentes vegetais. Descubra outros usos deste ingrediente qu\u00edmico:<\/p>\n<ul>\n<li> Permite obter ligas com alum\u00ednio que mant\u00eam leveza, resist\u00eancia a altas temperaturas e corros\u00e3o, utilizadas na ind\u00fastria aeroespacial.<\/li>\n<li> Sc <sub>2<\/sub> O <sub>3<\/sub> \u00e9 utilizado na fabrica\u00e7\u00e3o de luzes de alta intensidade.<\/li>\n<li> Aumenta a qualidade da luz artificial em l\u00e2mpadas de vapor de merc\u00fario, como est\u00e1dios, campos esportivos, c\u00e2meras digitais, monitores de computador e telas de televis\u00e3o.<\/li>\n<li> Atua como um marcador durante o craqueamento do \u00f3leo.<\/li>\n<li> Na ind\u00fastria qu\u00edmica \u00e9 utilizado como catalisador na fabrica\u00e7\u00e3o de propanol, convertendo \u00e1cidos dicarbox\u00edlicos em compostos c\u00edclicos e \u00e1cido ac\u00e9tico em acetona.<\/li>\n<\/ul>\n<h2> <strong>Onde o esc\u00e2ndio \u00e9 encontrado?<\/strong><\/h2>\n<p> Vest\u00edgios deste elemento s\u00e3o encontrados em mais de 800 minerais, como eusenita, tortveitita e gadolinita, na Su\u00e9cia, Dinamarca, Noruega e Madagascar. Al\u00e9m disso, aparece como res\u00edduo ap\u00f3s a minera\u00e7\u00e3o de volframita. No entanto, \u00e9 mais abundante no Sol e nas estrelas gigantes do centro gal\u00e1ctico.<\/p>\n<p> Em resumo, o esc\u00e2ndio \u00e9 um elemento qu\u00edmico que possui propriedades de metal de transi\u00e7\u00e3o semelhantes \u00e0s dos lantan\u00eddeos. Al\u00e9m disso, \u00e9 branco prateado, leve, dur\u00e1vel e macio. Possui massa at\u00f4mica 44,95 e n\u00famero 21. Por outro lado, produz ligas de alum\u00ednio utilizadas em aeronaves, entre outros usos comuns e raros.<\/p>\n","protected":false},"excerpt":{"rendered":"<p>Um elemento que domina os metais de transi\u00e7\u00e3o na tabela peri\u00f3dica. No entanto, partilha caracter\u00edsticas n\u00e3o s\u00f3 com este bloco, mas tamb\u00e9m com terras raras. Al\u00e9m disso, ele \u00e9 considerado membro de ambas as s\u00e9ries. Entre seus quatro principais poderes est\u00e3o leveza, resist\u00eancia, dureza e luminosidade. Estamos falando de esc\u00e2ndio e aqui voc\u00ea ver\u00e1 para &#8230; <a title=\"Esc\u00e2ndio\" class=\"read-more\" href=\"https:\/\/chemuza.org\/pt\/escandio\/\" aria-label=\"Mais em Esc\u00e2ndio\">Ler mais<\/a><\/p>\n","protected":false},"author":1,"featured_media":0,"parent":0,"menu_order":0,"comment_status":"closed","ping_status":"closed","template":"","meta":{"footnotes":""},"class_list":["post-1474","page","type-page","status-publish"],"yoast_head":"<!-- This site is optimized with the Yoast SEO plugin v21.4 - https:\/\/yoast.com\/wordpress\/plugins\/seo\/ -->\n<title>Esc\u00e2ndio - Chemuza<\/title>\n<meta name=\"robots\" content=\"index, follow, max-snippet:-1, max-image-preview:large, max-video-preview:-1\" \/>\n<link rel=\"canonical\" href=\"https:\/\/chemuza.org\/pt\/escandio\/\" \/>\n<meta property=\"og:locale\" content=\"pt_PT\" \/>\n<meta property=\"og:type\" content=\"article\" \/>\n<meta property=\"og:title\" content=\"Esc\u00e2ndio - Chemuza\" \/>\n<meta property=\"og:description\" content=\"Um elemento que domina os metais de transi\u00e7\u00e3o na tabela peri\u00f3dica. No entanto, partilha caracter\u00edsticas n\u00e3o s\u00f3 com este bloco, mas tamb\u00e9m com terras raras. Al\u00e9m disso, ele \u00e9 considerado membro de ambas as s\u00e9ries. Entre seus quatro principais poderes est\u00e3o leveza, resist\u00eancia, dureza e luminosidade. Estamos falando de esc\u00e2ndio e aqui voc\u00ea ver\u00e1 para ... Ler mais\" \/>\n<meta property=\"og:url\" content=\"https:\/\/chemuza.org\/pt\/escandio\/\" \/>\n<meta property=\"og:site_name\" content=\"Statorials\" \/>\n<meta name=\"twitter:card\" content=\"summary_large_image\" \/>\n<meta name=\"twitter:label1\" content=\"Tempo estimado de leitura\" \/>\n\t<meta name=\"twitter:data1\" content=\"4 minutos\" \/>\n<script type=\"application\/ld+json\" class=\"yoast-schema-graph\">{\"@context\":\"https:\/\/schema.org\",\"@graph\":[{\"@type\":\"WebPage\",\"@id\":\"https:\/\/chemuza.org\/pt\/escandio\/\",\"url\":\"https:\/\/chemuza.org\/pt\/escandio\/\",\"name\":\"Esc\u00e2ndio - Chemuza\",\"isPartOf\":{\"@id\":\"https:\/\/chemuza.org\/pt\/#website\"},\"datePublished\":\"2023-07-14T23:41:06+00:00\",\"dateModified\":\"2023-07-14T23:41:06+00:00\",\"breadcrumb\":{\"@id\":\"https:\/\/chemuza.org\/pt\/escandio\/#breadcrumb\"},\"inLanguage\":\"pt-PT\",\"potentialAction\":[{\"@type\":\"ReadAction\",\"target\":[\"https:\/\/chemuza.org\/pt\/escandio\/\"]}]},{\"@type\":\"BreadcrumbList\",\"@id\":\"https:\/\/chemuza.org\/pt\/escandio\/#breadcrumb\",\"itemListElement\":[{\"@type\":\"ListItem\",\"position\":1,\"name\":\"Lar\",\"item\":\"https:\/\/chemuza.org\/pt\/\"},{\"@type\":\"ListItem\",\"position\":2,\"name\":\"Esc\u00e2ndio\"}]},{\"@type\":\"WebSite\",\"@id\":\"https:\/\/chemuza.org\/pt\/#website\",\"url\":\"https:\/\/chemuza.org\/pt\/\",\"name\":\"Chemuza\",\"description\":\"Sua porta de entrada para a descoberta qu\u00edmica!\",\"publisher\":{\"@id\":\"https:\/\/chemuza.org\/pt\/#organization\"},\"potentialAction\":[{\"@type\":\"SearchAction\",\"target\":{\"@type\":\"EntryPoint\",\"urlTemplate\":\"https:\/\/chemuza.org\/pt\/?s={search_term_string}\"},\"query-input\":\"required name=search_term_string\"}],\"inLanguage\":\"pt-PT\"},{\"@type\":\"Organization\",\"@id\":\"https:\/\/chemuza.org\/pt\/#organization\",\"name\":\"Chemuza\",\"url\":\"https:\/\/chemuza.org\/pt\/\",\"logo\":{\"@type\":\"ImageObject\",\"inLanguage\":\"pt-PT\",\"@id\":\"https:\/\/chemuza.org\/pt\/#\/schema\/logo\/image\/\",\"url\":\"https:\/\/chemuza.org\/pt\/wp-content\/uploads\/2023\/10\/chemuza-logo.png\",\"contentUrl\":\"https:\/\/chemuza.org\/pt\/wp-content\/uploads\/2023\/10\/chemuza-logo.png\",\"width\":387,\"height\":70,\"caption\":\"Chemuza\"},\"image\":{\"@id\":\"https:\/\/chemuza.org\/pt\/#\/schema\/logo\/image\/\"}}]}<\/script>\n<!-- \/ Yoast SEO plugin. -->","yoast_head_json":{"title":"Esc\u00e2ndio - Chemuza","robots":{"index":"index","follow":"follow","max-snippet":"max-snippet:-1","max-image-preview":"max-image-preview:large","max-video-preview":"max-video-preview:-1"},"canonical":"https:\/\/chemuza.org\/pt\/escandio\/","og_locale":"pt_PT","og_type":"article","og_title":"Esc\u00e2ndio - Chemuza","og_description":"Um elemento que domina os metais de transi\u00e7\u00e3o na tabela peri\u00f3dica. No entanto, partilha caracter\u00edsticas n\u00e3o s\u00f3 com este bloco, mas tamb\u00e9m com terras raras. Al\u00e9m disso, ele \u00e9 considerado membro de ambas as s\u00e9ries. Entre seus quatro principais poderes est\u00e3o leveza, resist\u00eancia, dureza e luminosidade. Estamos falando de esc\u00e2ndio e aqui voc\u00ea ver\u00e1 para ... Ler mais","og_url":"https:\/\/chemuza.org\/pt\/escandio\/","og_site_name":"Statorials","twitter_card":"summary_large_image","twitter_misc":{"Tempo estimado de leitura":"4 minutos"},"schema":{"@context":"https:\/\/schema.org","@graph":[{"@type":"WebPage","@id":"https:\/\/chemuza.org\/pt\/escandio\/","url":"https:\/\/chemuza.org\/pt\/escandio\/","name":"Esc\u00e2ndio - Chemuza","isPartOf":{"@id":"https:\/\/chemuza.org\/pt\/#website"},"datePublished":"2023-07-14T23:41:06+00:00","dateModified":"2023-07-14T23:41:06+00:00","breadcrumb":{"@id":"https:\/\/chemuza.org\/pt\/escandio\/#breadcrumb"},"inLanguage":"pt-PT","potentialAction":[{"@type":"ReadAction","target":["https:\/\/chemuza.org\/pt\/escandio\/"]}]},{"@type":"BreadcrumbList","@id":"https:\/\/chemuza.org\/pt\/escandio\/#breadcrumb","itemListElement":[{"@type":"ListItem","position":1,"name":"Lar","item":"https:\/\/chemuza.org\/pt\/"},{"@type":"ListItem","position":2,"name":"Esc\u00e2ndio"}]},{"@type":"WebSite","@id":"https:\/\/chemuza.org\/pt\/#website","url":"https:\/\/chemuza.org\/pt\/","name":"Chemuza","description":"Sua porta de entrada para a descoberta qu\u00edmica!","publisher":{"@id":"https:\/\/chemuza.org\/pt\/#organization"},"potentialAction":[{"@type":"SearchAction","target":{"@type":"EntryPoint","urlTemplate":"https:\/\/chemuza.org\/pt\/?s={search_term_string}"},"query-input":"required name=search_term_string"}],"inLanguage":"pt-PT"},{"@type":"Organization","@id":"https:\/\/chemuza.org\/pt\/#organization","name":"Chemuza","url":"https:\/\/chemuza.org\/pt\/","logo":{"@type":"ImageObject","inLanguage":"pt-PT","@id":"https:\/\/chemuza.org\/pt\/#\/schema\/logo\/image\/","url":"https:\/\/chemuza.org\/pt\/wp-content\/uploads\/2023\/10\/chemuza-logo.png","contentUrl":"https:\/\/chemuza.org\/pt\/wp-content\/uploads\/2023\/10\/chemuza-logo.png","width":387,"height":70,"caption":"Chemuza"},"image":{"@id":"https:\/\/chemuza.org\/pt\/#\/schema\/logo\/image\/"}}]}},"yoast_meta":{"yoast_wpseo_title":"","yoast_wpseo_metadesc":"","yoast_wpseo_canonical":""},"_links":{"self":[{"href":"https:\/\/chemuza.org\/pt\/wp-json\/wp\/v2\/pages\/1474","targetHints":{"allow":["GET"]}}],"collection":[{"href":"https:\/\/chemuza.org\/pt\/wp-json\/wp\/v2\/pages"}],"about":[{"href":"https:\/\/chemuza.org\/pt\/wp-json\/wp\/v2\/types\/page"}],"author":[{"embeddable":true,"href":"https:\/\/chemuza.org\/pt\/wp-json\/wp\/v2\/users\/1"}],"replies":[{"embeddable":true,"href":"https:\/\/chemuza.org\/pt\/wp-json\/wp\/v2\/comments?post=1474"}],"version-history":[{"count":0,"href":"https:\/\/chemuza.org\/pt\/wp-json\/wp\/v2\/pages\/1474\/revisions"}],"wp:attachment":[{"href":"https:\/\/chemuza.org\/pt\/wp-json\/wp\/v2\/media?parent=1474"}],"curies":[{"name":"wp","href":"https:\/\/api.w.org\/{rel}","templated":true}]}}