{"id":1473,"date":"2023-07-15T00:43:03","date_gmt":"2023-07-15T00:43:03","guid":{"rendered":"https:\/\/chemuza.org\/pt\/argonio\/"},"modified":"2023-07-15T00:43:03","modified_gmt":"2023-07-15T00:43:03","slug":"argonio","status":"publish","type":"page","link":"https:\/\/chemuza.org\/pt\/argonio\/","title":{"rendered":"Arg\u00f4nio"},"content":{"rendered":"<p>O arg\u00f4nio \u00e9 um dos gases inertes mais abundantes na atmosfera e constitui 1% do volume total. \u00c9 30% mais pesado que o ar, f\u00edsica e quimicamente est\u00e1vel, independentemente da temperatura ou press\u00e3o. Tamb\u00e9m \u00e9 encontrado em part\u00edculas minerais, meteoritos e em seu estado natural gra\u00e7as ao is\u00f3topo K 40 ou pot\u00e1ssio. Saiba mais sobre este elemento qu\u00edmico.<\/p>\n<h2> <strong>O que \u00e9 arg\u00f4nio?<\/strong><\/h2>\n<p> \u00c9 um elemento qu\u00edmico pertencente ao grupo dos gases raros da tabela peri\u00f3dica. \u00c9 o terceiro deles e \u00e9 um g\u00e1s inerte, incolor e ins\u00edpido, com baixo percentual de reatividade com outros compostos. Al\u00e9m disso, representa 0,934% do ar seco, seu n\u00famero at\u00f4mico \u00e9 18 com estrutura monoat\u00f4mica,<\/p>\n<h3> <strong>S\u00edmbolo de arg\u00f4nio<\/strong><\/h3>\n<p> <span class=\"content-chemical-element\" style=\"float: left;width: 65px;height: 65px;border: 3px solid #666; display:flex;\n    justify-content: center;align-items: center;margin-right: 15px;\"><span style=\"font-size: 38px;\">Ar<\/span><\/span> Seu nome \u00e9 derivado do grego \u1f00\u03c1\u03b3\u03cc\u03c2 ou argos cujo significado \u00e9 inativo ou n\u00e3o reativo. Em 1785, o cientista Henry Cavendish observou que um elemento semelhante ao nitrog\u00eanio era abundante no ar, mas com maior densidade e sem rea\u00e7\u00f5es qu\u00edmicas. Por isso \u00e9 considerado um elemento pregui\u00e7oso.<\/p>\n<h2> <strong>Caracter\u00edsticas do arg\u00f4nio<\/strong><\/h2>\n<p> \u00c9 um elemento qu\u00edmico, \u00e9 incolor, inodoro e ins\u00edpido. Dada a sua baixa carga negativa, n\u00e3o forma tantos compostos como outros elementos, com exce\u00e7\u00e3o do fenol e da hidroquinona. Outras caracter\u00edsticas da tabela peri\u00f3dica do arg\u00f4nio s\u00e3o:<\/p>\n<ul>\n<li> <strong>Estado<\/strong> : Gasoso, mas se submetido \u00e0 press\u00e3o atmosf\u00e9rica com temperatura de -186\u00baC pode tornar-se l\u00edquido.<\/li>\n<li> <strong>Toxicidade<\/strong> : O g\u00e1s arg\u00f4nio \u00e9 inerte e n\u00e3o pode causar rea\u00e7\u00f5es t\u00f3xicas.<\/li>\n<li> <strong>Reatividade<\/strong> : \u00c9 zero, porque \u00e9 um g\u00e1s raro.<\/li>\n<li> <strong>Estrutura<\/strong> : \u00c9 monoat\u00f4mico, ou seja, seus \u00e1tomos no n\u00facleo est\u00e3o unidos sem fragmenta\u00e7\u00e3o. Em suas camadas de val\u00eancia possui 8 el\u00e9trons, com todos os seus orbitais cheios de energia.<\/li>\n<li> <strong>Solubilidade<\/strong> : \u00c9 sol\u00favel em \u00e1gua, sem sabor ou cor.<\/li>\n<li> <strong>Cristaliza\u00e7\u00e3o<\/strong> : Seus \u00e1tomos se condensam quando a temperatura cai para -186\u00b0C, formando pequenos cristais.<\/li>\n<\/ul>\n<h2> <strong>Propriedades qu\u00edmicas e f\u00edsicas do arg\u00f4nio<\/strong><\/h2>\n<ol>\n<li> <strong>N\u00famero at\u00f4mico<\/strong> : 18<\/li>\n<li> <strong>Per\u00edodo<\/strong> : 3<\/li>\n<li> <strong>Bloco<\/strong> : P<\/li>\n<li> <strong>Grupo<\/strong> : 0<\/li>\n<li> <strong>Raio covalente (\u00c5):<\/strong> 97 pm<\/li>\n<li> <strong>Densidade:<\/strong> 1.784 Kg\/m3<\/li>\n<li> <strong>Ponto de ebuli\u00e7\u00e3o: \u2013<\/strong> 185,85\u00b0C<\/li>\n<li> <strong>Ponto de fus\u00e3o:<\/strong> -189,35\u00b0C<\/li>\n<li> <strong>Raio at\u00f4mico:<\/strong> 71<\/li>\n<li> <strong>El\u00e9trons por camada:<\/strong> 2.8.8<\/li>\n<li> <strong>Eletronegatividade:<\/strong> zero<\/li>\n<li> <strong>Calor espec\u00edfico:<\/strong> 520 J \/ (K kg)<\/li>\n<li> <strong>Configura\u00e7\u00e3o eletr\u00f4nica:<\/strong> [Ne]3s23p6<\/li>\n<li> <strong>Massa at\u00f4mica (g\/mol):<\/strong> 39,948 u<\/li>\n<li> <strong>Condutividade t\u00e9rmica:<\/strong> (300K) 0,01772 W\/(Km)<\/li>\n<li> <strong>Press\u00e3o cr\u00edtica:<\/strong> 4.898.106<\/li>\n<\/ol>\n<h2> <strong>Origem do Arg\u00f4nio<\/strong><\/h2>\n<p> Em 1785, o qu\u00edmico Henry Cavendish notou que na composi\u00e7\u00e3o do ar havia a presen\u00e7a de outro g\u00e1s semelhante ao nitrog\u00eanio. Era o elemento arg\u00f4nio, muito mais denso e menos reativo que o anterior. Ent\u00e3o, em 1894, os qu\u00edmicos Ramsey e Rayleigh conseguiram isol\u00e1-lo removendo oxig\u00eanio, di\u00f3xido de carbono e nitrog\u00eanio do ar.<\/p>\n<p> Depois, ficou vis\u00edvel por certas linhas que emitiu durante o estudo espectrosc\u00f3pico. Isso confirmou suas propriedades como composto, colocando-o na categoria de gases com poucas rea\u00e7\u00f5es qu\u00edmicas. Foi inclusive o primeiro g\u00e1s inerte ou raro isolado no planeta, que n\u00e3o apresentou inatividade.<\/p>\n<h2> <strong>Para que \u00e9 usado o arg\u00f4nio?<\/strong><\/h2>\n<p> A sua utiliza\u00e7\u00e3o estende-se aos campos industrial, m\u00e9dico e cient\u00edfico na cria\u00e7\u00e3o de atmosferas n\u00e3o reativas. Desta forma, n\u00e3o ocorrem efeitos qu\u00edmicos t\u00f3xicos em suas diferentes aplica\u00e7\u00f5es, que s\u00e3o:<\/p>\n<h3> <strong>Industrial<\/strong><\/h3>\n<p> \u00c9 \u00fatil na fabrica\u00e7\u00e3o de l\u00e2mpadas incandescentes, pois protege seus filamentos e prolonga sua vida \u00fatil. Al\u00e9m disso, \u00e9 utilizado em tubos fluorescentes semelhantes ao neon, com luzes entre o azul e o violeta. Al\u00e9m disso, \u00e9 utilizado na soldagem de metais, evitando a a\u00e7\u00e3o negativa do oxig\u00eanio e do nitrog\u00eanio sobre eles.<\/p>\n<h3> <strong>Medicamento<\/strong><\/h3>\n<p> Na \u00e1rea m\u00e9dica, \u00e9 utilizado em cirurgias para retirada de tecido canceroso, funcionando como um l\u00edquido criog\u00eanico. Al\u00e9m disso, \u00e9 usado para corrigir doen\u00e7as oculares, como descolamento de retina, hemorragias, glaucoma e desgaste da m\u00e1cula.<\/p>\n<h3> <strong>Cientista<\/strong><\/h3>\n<p> \u00c9 comum o uso de arg\u00f4nio na cria\u00e7\u00e3o de equipamentos de laborat\u00f3rio misturado com h\u00e9lio e n\u00e9on para revestir recipientes Geiger com radioatividade. Al\u00e9m disso, \u00e9 utilizado como g\u00e1s de arraste em cromatografia gasosa ou na volatiliza\u00e7\u00e3o de amostras qu\u00edmicas. Mesmo outras aplica\u00e7\u00f5es envolvem a produ\u00e7\u00e3o de tit\u00e2nio e outros tipos de elementos reativos.<\/p>\n<h2> <strong>Onde conseguimos arg\u00f4nio?<\/strong><\/h2>\n<p> Na sua forma natural, \u00e9 obtido gra\u00e7as ao is\u00f3topo K 40 do pot\u00e1ssio, presente na natureza. Al\u00e9m disso, isto \u00e9 conseguido atrav\u00e9s da separa\u00e7\u00e3o do ar em instala\u00e7\u00f5es especiais, o ar resultante \u00e9 liquefeito e destilado em fra\u00e7\u00f5es. Como seu ponto de ebuli\u00e7\u00e3o \u00e9 semelhante ao do nitrog\u00eanio, a amostra pura \u00e9 aquecida e queimada com o hidrog\u00eanio, eliminando assim o oxig\u00eanio. O processo termina com a destila\u00e7\u00e3o para isolar o elemento em seu estado puro.<\/p>\n<p> Resumindo, o arg\u00f4nio \u00e9 um g\u00e1s nobre e inerte, sem sabor nem odor. Dada a sua falta de rea\u00e7\u00f5es qu\u00edmicas, \u00e9 amplamente utilizado na ind\u00fastria, medicina e ci\u00eancia para avan\u00e7os tecnol\u00f3gicos e cria\u00e7\u00e3o de objetos leves.<\/p>\n","protected":false},"excerpt":{"rendered":"<p>O arg\u00f4nio \u00e9 um dos gases inertes mais abundantes na atmosfera e constitui 1% do volume total. \u00c9 30% mais pesado que o ar, f\u00edsica e quimicamente est\u00e1vel, independentemente da temperatura ou press\u00e3o. Tamb\u00e9m \u00e9 encontrado em part\u00edculas minerais, meteoritos e em seu estado natural gra\u00e7as ao is\u00f3topo K 40 ou pot\u00e1ssio. Saiba mais sobre &#8230; <a title=\"Arg\u00f4nio\" class=\"read-more\" href=\"https:\/\/chemuza.org\/pt\/argonio\/\" aria-label=\"Mais em Arg\u00f4nio\">Ler mais<\/a><\/p>\n","protected":false},"author":1,"featured_media":0,"parent":0,"menu_order":0,"comment_status":"closed","ping_status":"closed","template":"","meta":{"footnotes":""},"class_list":["post-1473","page","type-page","status-publish"],"yoast_head":"<!-- This site is optimized with the Yoast SEO plugin v21.4 - https:\/\/yoast.com\/wordpress\/plugins\/seo\/ -->\n<title>Arg\u00f4nio - Chemuza<\/title>\n<meta name=\"robots\" content=\"index, follow, max-snippet:-1, max-image-preview:large, max-video-preview:-1\" \/>\n<link rel=\"canonical\" href=\"https:\/\/chemuza.org\/pt\/argonio\/\" \/>\n<meta property=\"og:locale\" content=\"pt_PT\" \/>\n<meta property=\"og:type\" content=\"article\" \/>\n<meta property=\"og:title\" content=\"Arg\u00f4nio - Chemuza\" \/>\n<meta property=\"og:description\" content=\"O arg\u00f4nio \u00e9 um dos gases inertes mais abundantes na atmosfera e constitui 1% do volume total. \u00c9 30% mais pesado que o ar, f\u00edsica e quimicamente est\u00e1vel, independentemente da temperatura ou press\u00e3o. Tamb\u00e9m \u00e9 encontrado em part\u00edculas minerais, meteoritos e em seu estado natural gra\u00e7as ao is\u00f3topo K 40 ou pot\u00e1ssio. Saiba mais sobre ... Ler mais\" \/>\n<meta property=\"og:url\" content=\"https:\/\/chemuza.org\/pt\/argonio\/\" \/>\n<meta property=\"og:site_name\" content=\"Statorials\" \/>\n<meta name=\"twitter:card\" content=\"summary_large_image\" \/>\n<meta name=\"twitter:label1\" content=\"Tempo estimado de leitura\" \/>\n\t<meta name=\"twitter:data1\" content=\"4 minutos\" \/>\n<script type=\"application\/ld+json\" class=\"yoast-schema-graph\">{\"@context\":\"https:\/\/schema.org\",\"@graph\":[{\"@type\":\"WebPage\",\"@id\":\"https:\/\/chemuza.org\/pt\/argonio\/\",\"url\":\"https:\/\/chemuza.org\/pt\/argonio\/\",\"name\":\"Arg\u00f4nio - Chemuza\",\"isPartOf\":{\"@id\":\"https:\/\/chemuza.org\/pt\/#website\"},\"datePublished\":\"2023-07-15T00:43:03+00:00\",\"dateModified\":\"2023-07-15T00:43:03+00:00\",\"breadcrumb\":{\"@id\":\"https:\/\/chemuza.org\/pt\/argonio\/#breadcrumb\"},\"inLanguage\":\"pt-PT\",\"potentialAction\":[{\"@type\":\"ReadAction\",\"target\":[\"https:\/\/chemuza.org\/pt\/argonio\/\"]}]},{\"@type\":\"BreadcrumbList\",\"@id\":\"https:\/\/chemuza.org\/pt\/argonio\/#breadcrumb\",\"itemListElement\":[{\"@type\":\"ListItem\",\"position\":1,\"name\":\"Lar\",\"item\":\"https:\/\/chemuza.org\/pt\/\"},{\"@type\":\"ListItem\",\"position\":2,\"name\":\"Arg\u00f4nio\"}]},{\"@type\":\"WebSite\",\"@id\":\"https:\/\/chemuza.org\/pt\/#website\",\"url\":\"https:\/\/chemuza.org\/pt\/\",\"name\":\"Chemuza\",\"description\":\"Sua porta de entrada para a descoberta qu\u00edmica!\",\"publisher\":{\"@id\":\"https:\/\/chemuza.org\/pt\/#organization\"},\"potentialAction\":[{\"@type\":\"SearchAction\",\"target\":{\"@type\":\"EntryPoint\",\"urlTemplate\":\"https:\/\/chemuza.org\/pt\/?s={search_term_string}\"},\"query-input\":\"required name=search_term_string\"}],\"inLanguage\":\"pt-PT\"},{\"@type\":\"Organization\",\"@id\":\"https:\/\/chemuza.org\/pt\/#organization\",\"name\":\"Chemuza\",\"url\":\"https:\/\/chemuza.org\/pt\/\",\"logo\":{\"@type\":\"ImageObject\",\"inLanguage\":\"pt-PT\",\"@id\":\"https:\/\/chemuza.org\/pt\/#\/schema\/logo\/image\/\",\"url\":\"https:\/\/chemuza.org\/pt\/wp-content\/uploads\/2023\/10\/chemuza-logo.png\",\"contentUrl\":\"https:\/\/chemuza.org\/pt\/wp-content\/uploads\/2023\/10\/chemuza-logo.png\",\"width\":387,\"height\":70,\"caption\":\"Chemuza\"},\"image\":{\"@id\":\"https:\/\/chemuza.org\/pt\/#\/schema\/logo\/image\/\"}}]}<\/script>\n<!-- \/ Yoast SEO plugin. -->","yoast_head_json":{"title":"Arg\u00f4nio - Chemuza","robots":{"index":"index","follow":"follow","max-snippet":"max-snippet:-1","max-image-preview":"max-image-preview:large","max-video-preview":"max-video-preview:-1"},"canonical":"https:\/\/chemuza.org\/pt\/argonio\/","og_locale":"pt_PT","og_type":"article","og_title":"Arg\u00f4nio - Chemuza","og_description":"O arg\u00f4nio \u00e9 um dos gases inertes mais abundantes na atmosfera e constitui 1% do volume total. \u00c9 30% mais pesado que o ar, f\u00edsica e quimicamente est\u00e1vel, independentemente da temperatura ou press\u00e3o. Tamb\u00e9m \u00e9 encontrado em part\u00edculas minerais, meteoritos e em seu estado natural gra\u00e7as ao is\u00f3topo K 40 ou pot\u00e1ssio. Saiba mais sobre ... Ler mais","og_url":"https:\/\/chemuza.org\/pt\/argonio\/","og_site_name":"Statorials","twitter_card":"summary_large_image","twitter_misc":{"Tempo estimado de leitura":"4 minutos"},"schema":{"@context":"https:\/\/schema.org","@graph":[{"@type":"WebPage","@id":"https:\/\/chemuza.org\/pt\/argonio\/","url":"https:\/\/chemuza.org\/pt\/argonio\/","name":"Arg\u00f4nio - Chemuza","isPartOf":{"@id":"https:\/\/chemuza.org\/pt\/#website"},"datePublished":"2023-07-15T00:43:03+00:00","dateModified":"2023-07-15T00:43:03+00:00","breadcrumb":{"@id":"https:\/\/chemuza.org\/pt\/argonio\/#breadcrumb"},"inLanguage":"pt-PT","potentialAction":[{"@type":"ReadAction","target":["https:\/\/chemuza.org\/pt\/argonio\/"]}]},{"@type":"BreadcrumbList","@id":"https:\/\/chemuza.org\/pt\/argonio\/#breadcrumb","itemListElement":[{"@type":"ListItem","position":1,"name":"Lar","item":"https:\/\/chemuza.org\/pt\/"},{"@type":"ListItem","position":2,"name":"Arg\u00f4nio"}]},{"@type":"WebSite","@id":"https:\/\/chemuza.org\/pt\/#website","url":"https:\/\/chemuza.org\/pt\/","name":"Chemuza","description":"Sua porta de entrada para a descoberta qu\u00edmica!","publisher":{"@id":"https:\/\/chemuza.org\/pt\/#organization"},"potentialAction":[{"@type":"SearchAction","target":{"@type":"EntryPoint","urlTemplate":"https:\/\/chemuza.org\/pt\/?s={search_term_string}"},"query-input":"required name=search_term_string"}],"inLanguage":"pt-PT"},{"@type":"Organization","@id":"https:\/\/chemuza.org\/pt\/#organization","name":"Chemuza","url":"https:\/\/chemuza.org\/pt\/","logo":{"@type":"ImageObject","inLanguage":"pt-PT","@id":"https:\/\/chemuza.org\/pt\/#\/schema\/logo\/image\/","url":"https:\/\/chemuza.org\/pt\/wp-content\/uploads\/2023\/10\/chemuza-logo.png","contentUrl":"https:\/\/chemuza.org\/pt\/wp-content\/uploads\/2023\/10\/chemuza-logo.png","width":387,"height":70,"caption":"Chemuza"},"image":{"@id":"https:\/\/chemuza.org\/pt\/#\/schema\/logo\/image\/"}}]}},"yoast_meta":{"yoast_wpseo_title":"","yoast_wpseo_metadesc":"","yoast_wpseo_canonical":""},"_links":{"self":[{"href":"https:\/\/chemuza.org\/pt\/wp-json\/wp\/v2\/pages\/1473","targetHints":{"allow":["GET"]}}],"collection":[{"href":"https:\/\/chemuza.org\/pt\/wp-json\/wp\/v2\/pages"}],"about":[{"href":"https:\/\/chemuza.org\/pt\/wp-json\/wp\/v2\/types\/page"}],"author":[{"embeddable":true,"href":"https:\/\/chemuza.org\/pt\/wp-json\/wp\/v2\/users\/1"}],"replies":[{"embeddable":true,"href":"https:\/\/chemuza.org\/pt\/wp-json\/wp\/v2\/comments?post=1473"}],"version-history":[{"count":0,"href":"https:\/\/chemuza.org\/pt\/wp-json\/wp\/v2\/pages\/1473\/revisions"}],"wp:attachment":[{"href":"https:\/\/chemuza.org\/pt\/wp-json\/wp\/v2\/media?parent=1473"}],"curies":[{"name":"wp","href":"https:\/\/api.w.org\/{rel}","templated":true}]}}