{"id":1471,"date":"2023-07-15T02:16:00","date_gmt":"2023-07-15T02:16:00","guid":{"rendered":"https:\/\/chemuza.org\/pt\/cromo\/"},"modified":"2023-07-15T02:16:00","modified_gmt":"2023-07-15T02:16:00","slug":"cromo","status":"publish","type":"page","link":"https:\/\/chemuza.org\/pt\/cromo\/","title":{"rendered":"Cromo"},"content":{"rendered":"<p>Durante a d\u00e9cada de 1920, ap\u00f3s a Primeira Guerra Mundial, Harry Brearley derivou a receita original do a\u00e7o inoxid\u00e1vel que consistia em 18% de cromo e 8% de n\u00edquel. Foi assim que come\u00e7aram a produzir em massa os primeiros garfos, facas e colheres de a\u00e7o inoxid\u00e1vel. Hoje \u00e9 utilizado para um grande n\u00famero de cria\u00e7\u00f5es, pois pode ser laminado e misturado ao a\u00e7o. Saiba mais sobre este metal.<\/p>\n<h2> <strong>O que \u00e9 o Chrome?<\/strong><\/h2>\n<p> \u00c9 um elemento qu\u00edmico do tipo metal duro, mas quebradi\u00e7o e de apar\u00eancia branco-prateada. Quando puro, \u00e9 d\u00factil, relativamente macio e tende a formar compostos minerais. Destaca-se por ser produtora de ligas anticorrosivas, que apresentam resist\u00eancia ao calor, alta dureza e revestimento. No entanto, n\u00e3o \u00e9 encontrado em estado elementar na natureza.<\/p>\n<h3> <strong>S\u00edmbolo de cromo<\/strong><\/h3>\n<p> <span class=\"content-chemical-element\" style=\"float: left;width: 65px;height: 65px;border: 3px solid #666; display:flex;\n    justify-content: center;align-items: center;margin-right: 15px;\"><span style=\"font-size: 38px;\">Cr<\/span><\/span> \u00c9 um elemento que pertence ao grupo 6 da tabela peri\u00f3dica, os conhecidos metais de transi\u00e7\u00e3o, localizados entre o van\u00e1dio e o mangan\u00eas. Seu s\u00edmbolo qu\u00edmico \u00e9 uma abreviatura da palavra latina <em>Cromo<\/em> e do grego <em>Chroma<\/em> , que significa cor. Assim chamado porque seus compostos apresentam uma extraordin\u00e1ria variedade de cores entre si.<\/p>\n<h2> <strong>Recursos do Chrome<\/strong><\/h2>\n<p> A principal caracter\u00edstica \u00e9 a sua alta resist\u00eancia \u00e0 corros\u00e3o. \u00c9 um dos metais mais densos que existem, devido \u00e0 sua estrutura cristalina. Al\u00e9m disso, seus compostos formam diversos tons crom\u00e1ticos como avermelhado, laranja, amarelado, esverdeado, azulado, violeta e enegrecido. Confira outros detalhes do item:<\/p>\n<ul>\n<li> <strong>Reatividade Qu\u00edmica<\/strong> : Pode formar liga\u00e7\u00f5es com a maioria dos elementos qu\u00edmicos, como o oxig\u00eanio, para formar \u00f3xidos.<\/li>\n<li> <strong>Derretimento e ebuli\u00e7\u00e3o<\/strong> : Seus pontos de fus\u00e3o e ebuli\u00e7\u00e3o s\u00e3o elevados.<\/li>\n<li> <strong>Condi\u00e7\u00e3o<\/strong> : Na sua forma natural \u00e9 s\u00f3lido.<\/li>\n<li> <strong>Mudan\u00e7as<\/strong> : Ao reagir com um elemento, produz fortes liga\u00e7\u00f5es qu\u00edmicas e, dependendo das condi\u00e7\u00f5es, pode mudar.<\/li>\n<li> <strong>Configura\u00e7\u00e3o eletr\u00f4nica<\/strong> : Por possuir todos os el\u00e9trons desemparelhados, apresenta propriedades paramagn\u00e9ticas, mas em baixas temperaturas pode adquirir antiferromagnetismo.<\/li>\n<li> <strong>N\u00famero de oxida\u00e7\u00e3o<\/strong> : Voc\u00ea pode ganhar at\u00e9 dois el\u00e9trons e perd\u00ea-los para obter n\u00fameros de oxida\u00e7\u00e3o diferentes.<\/li>\n<li> <strong>Estrutura qu\u00edmica<\/strong> : Possui estrutura cristalina c\u00fabica centrada.<\/li>\n<li> <strong>Estados de oxida\u00e7\u00e3o<\/strong> : Os mais est\u00e1veis para obten\u00e7\u00e3o de compostos s\u00e3o +2 e +3. O +4 e o +5 t\u00eam baixa frequ\u00eancia e o +6 tem muita oxida\u00e7\u00e3o.<\/li>\n<\/ul>\n<h2> <strong>Propriedades qu\u00edmicas e f\u00edsicas do cromo<\/strong><\/h2>\n<ol>\n<li> <strong>N\u00famero at\u00f4mico<\/strong> : 24<\/li>\n<li> <strong>Raio covalente (\u00c5)<\/strong> : 1,27<\/li>\n<li> <strong>Estados de oxida\u00e7\u00e3o<\/strong> : 6, 3, 2<\/li>\n<li> <strong>Densidade (g\/ml)<\/strong> : 7,140<\/li>\n<li> <strong>Configura\u00e7\u00e3o eletr\u00f4nica<\/strong> : [Ar]3d <sup>5<\/sup> 4s <sup>1<\/sup><\/li>\n<li> <strong>Velocidade do som:<\/strong> 5.940 m\/s a 293,15 K<\/li>\n<li> <strong>Primeiro potencial de ioniza\u00e7\u00e3o (eV)<\/strong> : 6.529<\/li>\n<li> <strong>Ponto de ebuli\u00e7\u00e3o<\/strong> : 2672 \u00b0C (2945 K)<\/li>\n<li> <strong>Massa at\u00f4mica (g\/mol)<\/strong> : 51,99<\/li>\n<li> <strong>Eletronegatividade<\/strong> : 1,66<\/li>\n<li> <strong>Raio at\u00f4mico (\u00c5)<\/strong> : 1,66<\/li>\n<li> <strong>El\u00e9trons por n\u00edvel<\/strong> : 2, 8, 13, 1<\/li>\n<li> <strong>Entalpia de fus\u00e3o:<\/strong> 16,9 Kj\/mol<\/li>\n<li> <strong>\u00d3xido<\/strong> : \u00e1cido forte<\/li>\n<li> <strong>Calor espec\u00edfico<\/strong> : 450 J\/(K-kg)<\/li>\n<li> <strong>Entalpia de vaporiza\u00e7\u00e3o:<\/strong> 344,3 Kj\/mol<\/li>\n<li> <strong>Ponto de fus\u00e3o<\/strong> : 1857\u00b0C (2130 K)<\/li>\n<\/ol>\n<h2> <strong>Origem do cromo<\/strong><\/h2>\n<p> Estudos arqueol\u00f3gicos situam o metal no ex\u00e9rcito Qin, durante o ano 210 a.C., quando usavam um revestimento met\u00e1lico em suas armas. Mais tarde, o mineralogista Johann Gottlob Lehmann observou entre seus minerais uma rocha com tons vermelho-alaranjados, que continha chumbo e outro elemento. Por\u00e9m, n\u00e3o obteve melhores resultados.<\/p>\n<p> Mais tarde, Louis Nicolas Vauquelin obteve novas amostras em 1797. Ele tamb\u00e9m conseguiu precipitar o chumbo usando um processo de carbonato de pot\u00e1ssio. Depois, em 1798, conseguiu isol\u00e1-la aquecendo a ferrugem com p\u00f3 de carv\u00e3o. Por esta raz\u00e3o, este qu\u00edmico \u00e9 creditado com o t\u00edtulo de descobridor do elemento.<\/p>\n<h2> <strong>Para que \u00e9 usado o Chrome?<\/strong><\/h2>\n<p> Desde o s\u00e9culo XIX est\u00e1 associado a diversas aplica\u00e7\u00f5es art\u00edsticas e decorativas baseadas na possibilidade de o obter no estado met\u00e1lico gra\u00e7as \u00e0 aluminotermia. Hoje, constitui 85% de m\u00faltiplas ligas met\u00e1licas. Observe os diferentes usos do metal:<\/p>\n<ul>\n<li> Na metalurgia \u00e9 utilizado para conferir acabamento brilhante, resist\u00eancia \u00e0 corros\u00e3o, efeito alfag\u00eanico e tratamento antioxidante.<\/li>\n<li> Cromatos e \u00f3xidos s\u00e3o usados em corantes, tintas e mordentes.<\/li>\n<li> O reagente dicromato de pot\u00e1ssio \u00e9 utilizado como titulante em an\u00e1lises volum\u00e9tricas e na limpeza de vidrarias de laborat\u00f3rio.<\/li>\n<li> \u00c9 usado como catalisador.<\/li>\n<li> A cromita \u00e9 usada para fazer materiais refrat\u00e1rios, como moldes de tijolos.<\/li>\n<li> O hidroxissulfato de cromo III \u00e9 geralmente usado no curtimento de couro.<\/li>\n<li> O \u00f3xido de cromo \u00e9 um produto qu\u00edmico usado para preservar a madeira.<\/li>\n<li> O rubi \u00e9 obtido pela substitui\u00e7\u00e3o de v\u00e1rios \u00edons de alum\u00ednio por \u00edons de cromo no corindo.<\/li>\n<li> O di\u00f3xido de cromo \u00e9 usado para fazer cassetes magn\u00e9ticos.<\/li>\n<\/ul>\n<h2> <strong>Onde o cromo \u00e9 encontrado?<\/strong><\/h2>\n<p> Na natureza, mas quase sempre na forma de compostos, onde um dos seus minerais mais importantes \u00e9 a cromita. A maior parte do elemento \u00e9 extra\u00edda da \u00c1frica do Sul, Turquia, Cuba, Cazaquist\u00e3o, \u00cdndia e \u00c1frica do Sul, em profundidades superiores a 5 metros.<\/p>\n<p> Concluindo, o cromo \u00e9 um metal de transi\u00e7\u00e3o bastante utilizado na metalurgia. Destaca-se pela alta resist\u00eancia \u00e0 corros\u00e3o e pelas variadas tonalidades crom\u00e1ticas. Al\u00e9m disso, apresenta dureza, fragilidade e complementa a maioria dos outros elementos atrav\u00e9s de fortes liga\u00e7\u00f5es qu\u00edmicas.<\/p>\n","protected":false},"excerpt":{"rendered":"<p>Durante a d\u00e9cada de 1920, ap\u00f3s a Primeira Guerra Mundial, Harry Brearley derivou a receita original do a\u00e7o inoxid\u00e1vel que consistia em 18% de cromo e 8% de n\u00edquel. Foi assim que come\u00e7aram a produzir em massa os primeiros garfos, facas e colheres de a\u00e7o inoxid\u00e1vel. Hoje \u00e9 utilizado para um grande n\u00famero de cria\u00e7\u00f5es, &#8230; <a title=\"Cromo\" class=\"read-more\" href=\"https:\/\/chemuza.org\/pt\/cromo\/\" aria-label=\"Mais em Cromo\">Ler mais<\/a><\/p>\n","protected":false},"author":1,"featured_media":0,"parent":0,"menu_order":0,"comment_status":"closed","ping_status":"closed","template":"","meta":{"footnotes":""},"class_list":["post-1471","page","type-page","status-publish"],"yoast_head":"<!-- This site is optimized with the Yoast SEO plugin v21.4 - https:\/\/yoast.com\/wordpress\/plugins\/seo\/ -->\n<title>Cromo - Chemuza<\/title>\n<meta name=\"robots\" content=\"index, follow, max-snippet:-1, max-image-preview:large, max-video-preview:-1\" \/>\n<link rel=\"canonical\" href=\"https:\/\/chemuza.org\/pt\/cromo\/\" \/>\n<meta property=\"og:locale\" content=\"pt_PT\" \/>\n<meta property=\"og:type\" content=\"article\" \/>\n<meta property=\"og:title\" content=\"Cromo - Chemuza\" \/>\n<meta property=\"og:description\" content=\"Durante a d\u00e9cada de 1920, ap\u00f3s a Primeira Guerra Mundial, Harry Brearley derivou a receita original do a\u00e7o inoxid\u00e1vel que consistia em 18% de cromo e 8% de n\u00edquel. Foi assim que come\u00e7aram a produzir em massa os primeiros garfos, facas e colheres de a\u00e7o inoxid\u00e1vel. Hoje \u00e9 utilizado para um grande n\u00famero de cria\u00e7\u00f5es, ... Ler mais\" \/>\n<meta property=\"og:url\" content=\"https:\/\/chemuza.org\/pt\/cromo\/\" \/>\n<meta property=\"og:site_name\" content=\"Statorials\" \/>\n<meta name=\"twitter:card\" content=\"summary_large_image\" \/>\n<meta name=\"twitter:label1\" content=\"Tempo estimado de leitura\" \/>\n\t<meta name=\"twitter:data1\" content=\"4 minutos\" \/>\n<script type=\"application\/ld+json\" class=\"yoast-schema-graph\">{\"@context\":\"https:\/\/schema.org\",\"@graph\":[{\"@type\":\"WebPage\",\"@id\":\"https:\/\/chemuza.org\/pt\/cromo\/\",\"url\":\"https:\/\/chemuza.org\/pt\/cromo\/\",\"name\":\"Cromo - Chemuza\",\"isPartOf\":{\"@id\":\"https:\/\/chemuza.org\/pt\/#website\"},\"datePublished\":\"2023-07-15T02:16:00+00:00\",\"dateModified\":\"2023-07-15T02:16:00+00:00\",\"breadcrumb\":{\"@id\":\"https:\/\/chemuza.org\/pt\/cromo\/#breadcrumb\"},\"inLanguage\":\"pt-PT\",\"potentialAction\":[{\"@type\":\"ReadAction\",\"target\":[\"https:\/\/chemuza.org\/pt\/cromo\/\"]}]},{\"@type\":\"BreadcrumbList\",\"@id\":\"https:\/\/chemuza.org\/pt\/cromo\/#breadcrumb\",\"itemListElement\":[{\"@type\":\"ListItem\",\"position\":1,\"name\":\"Lar\",\"item\":\"https:\/\/chemuza.org\/pt\/\"},{\"@type\":\"ListItem\",\"position\":2,\"name\":\"Cromo\"}]},{\"@type\":\"WebSite\",\"@id\":\"https:\/\/chemuza.org\/pt\/#website\",\"url\":\"https:\/\/chemuza.org\/pt\/\",\"name\":\"Chemuza\",\"description\":\"Sua porta de entrada para a descoberta qu\u00edmica!\",\"publisher\":{\"@id\":\"https:\/\/chemuza.org\/pt\/#organization\"},\"potentialAction\":[{\"@type\":\"SearchAction\",\"target\":{\"@type\":\"EntryPoint\",\"urlTemplate\":\"https:\/\/chemuza.org\/pt\/?s={search_term_string}\"},\"query-input\":\"required name=search_term_string\"}],\"inLanguage\":\"pt-PT\"},{\"@type\":\"Organization\",\"@id\":\"https:\/\/chemuza.org\/pt\/#organization\",\"name\":\"Chemuza\",\"url\":\"https:\/\/chemuza.org\/pt\/\",\"logo\":{\"@type\":\"ImageObject\",\"inLanguage\":\"pt-PT\",\"@id\":\"https:\/\/chemuza.org\/pt\/#\/schema\/logo\/image\/\",\"url\":\"https:\/\/chemuza.org\/pt\/wp-content\/uploads\/2023\/10\/chemuza-logo.png\",\"contentUrl\":\"https:\/\/chemuza.org\/pt\/wp-content\/uploads\/2023\/10\/chemuza-logo.png\",\"width\":387,\"height\":70,\"caption\":\"Chemuza\"},\"image\":{\"@id\":\"https:\/\/chemuza.org\/pt\/#\/schema\/logo\/image\/\"}}]}<\/script>\n<!-- \/ Yoast SEO plugin. -->","yoast_head_json":{"title":"Cromo - Chemuza","robots":{"index":"index","follow":"follow","max-snippet":"max-snippet:-1","max-image-preview":"max-image-preview:large","max-video-preview":"max-video-preview:-1"},"canonical":"https:\/\/chemuza.org\/pt\/cromo\/","og_locale":"pt_PT","og_type":"article","og_title":"Cromo - Chemuza","og_description":"Durante a d\u00e9cada de 1920, ap\u00f3s a Primeira Guerra Mundial, Harry Brearley derivou a receita original do a\u00e7o inoxid\u00e1vel que consistia em 18% de cromo e 8% de n\u00edquel. Foi assim que come\u00e7aram a produzir em massa os primeiros garfos, facas e colheres de a\u00e7o inoxid\u00e1vel. Hoje \u00e9 utilizado para um grande n\u00famero de cria\u00e7\u00f5es, ... Ler mais","og_url":"https:\/\/chemuza.org\/pt\/cromo\/","og_site_name":"Statorials","twitter_card":"summary_large_image","twitter_misc":{"Tempo estimado de leitura":"4 minutos"},"schema":{"@context":"https:\/\/schema.org","@graph":[{"@type":"WebPage","@id":"https:\/\/chemuza.org\/pt\/cromo\/","url":"https:\/\/chemuza.org\/pt\/cromo\/","name":"Cromo - Chemuza","isPartOf":{"@id":"https:\/\/chemuza.org\/pt\/#website"},"datePublished":"2023-07-15T02:16:00+00:00","dateModified":"2023-07-15T02:16:00+00:00","breadcrumb":{"@id":"https:\/\/chemuza.org\/pt\/cromo\/#breadcrumb"},"inLanguage":"pt-PT","potentialAction":[{"@type":"ReadAction","target":["https:\/\/chemuza.org\/pt\/cromo\/"]}]},{"@type":"BreadcrumbList","@id":"https:\/\/chemuza.org\/pt\/cromo\/#breadcrumb","itemListElement":[{"@type":"ListItem","position":1,"name":"Lar","item":"https:\/\/chemuza.org\/pt\/"},{"@type":"ListItem","position":2,"name":"Cromo"}]},{"@type":"WebSite","@id":"https:\/\/chemuza.org\/pt\/#website","url":"https:\/\/chemuza.org\/pt\/","name":"Chemuza","description":"Sua porta de entrada para a descoberta qu\u00edmica!","publisher":{"@id":"https:\/\/chemuza.org\/pt\/#organization"},"potentialAction":[{"@type":"SearchAction","target":{"@type":"EntryPoint","urlTemplate":"https:\/\/chemuza.org\/pt\/?s={search_term_string}"},"query-input":"required name=search_term_string"}],"inLanguage":"pt-PT"},{"@type":"Organization","@id":"https:\/\/chemuza.org\/pt\/#organization","name":"Chemuza","url":"https:\/\/chemuza.org\/pt\/","logo":{"@type":"ImageObject","inLanguage":"pt-PT","@id":"https:\/\/chemuza.org\/pt\/#\/schema\/logo\/image\/","url":"https:\/\/chemuza.org\/pt\/wp-content\/uploads\/2023\/10\/chemuza-logo.png","contentUrl":"https:\/\/chemuza.org\/pt\/wp-content\/uploads\/2023\/10\/chemuza-logo.png","width":387,"height":70,"caption":"Chemuza"},"image":{"@id":"https:\/\/chemuza.org\/pt\/#\/schema\/logo\/image\/"}}]}},"yoast_meta":{"yoast_wpseo_title":"","yoast_wpseo_metadesc":"","yoast_wpseo_canonical":""},"_links":{"self":[{"href":"https:\/\/chemuza.org\/pt\/wp-json\/wp\/v2\/pages\/1471","targetHints":{"allow":["GET"]}}],"collection":[{"href":"https:\/\/chemuza.org\/pt\/wp-json\/wp\/v2\/pages"}],"about":[{"href":"https:\/\/chemuza.org\/pt\/wp-json\/wp\/v2\/types\/page"}],"author":[{"embeddable":true,"href":"https:\/\/chemuza.org\/pt\/wp-json\/wp\/v2\/users\/1"}],"replies":[{"embeddable":true,"href":"https:\/\/chemuza.org\/pt\/wp-json\/wp\/v2\/comments?post=1471"}],"version-history":[{"count":0,"href":"https:\/\/chemuza.org\/pt\/wp-json\/wp\/v2\/pages\/1471\/revisions"}],"wp:attachment":[{"href":"https:\/\/chemuza.org\/pt\/wp-json\/wp\/v2\/media?parent=1471"}],"curies":[{"name":"wp","href":"https:\/\/api.w.org\/{rel}","templated":true}]}}