{"id":1470,"date":"2023-07-15T02:37:18","date_gmt":"2023-07-15T02:37:18","guid":{"rendered":"https:\/\/chemuza.org\/pt\/cobre\/"},"modified":"2023-07-15T02:37:18","modified_gmt":"2023-07-15T02:37:18","slug":"cobre","status":"publish","type":"page","link":"https:\/\/chemuza.org\/pt\/cobre\/","title":{"rendered":"Cobre"},"content":{"rendered":"<p>Voc\u00ea sabia que o cobre se caracteriza principalmente por ser um excelente condutor de calor e eletricidade? Por isso \u00e9 considerado o terceiro metal n\u00e3o ferroso necess\u00e1rio ao dia a dia. Observe que tipo de item \u00e9, quais s\u00e3o suas principais aplica\u00e7\u00f5es e onde est\u00e1 localizado.<\/p>\n<h2> <strong>O que \u00e9 cobre?<\/strong><\/h2>\n<p> \u00c9 um metal de transi\u00e7\u00e3o com tonalidade vermelho-alaranjada caracter\u00edstica, que ocupa o primeiro lugar entre os elementos da fam\u00edlia do cobre. Possui boa ductilidade, maleabilidade, condutividade el\u00e9trica e forma diversas ligas. Al\u00e9m disso, pode ser reciclado sem risco de perder suas propriedades mec\u00e2nicas. Al\u00e9m disso, \u00e9 um dos poucos metais encontrados na natureza como o cobre nativo.<\/p>\n<h3> <strong>S\u00edmbolo de cobre<\/strong><\/h3>\n<p> <span class=\"content-chemical-element\" style=\"float: left;width: 65px;height: 65px;border: 3px solid #666; display:flex;\n    justify-content: center;align-items: center;margin-right: 15px;\"><span style=\"font-size: 38px;\">Cu<\/span><\/span> H\u00e1 s\u00e9culos, a representa\u00e7\u00e3o deste elemento qu\u00edmico era simbolizada pelo \u2640, s\u00edmbolo distintivo do g\u00e9nero feminino, do planeta V\u00e9nus e da deusa Afrodite. Segundo a hist\u00f3ria, a deusa Astarte, semelhante a Afrodite, era adorada na ilha mineira de cobre de Chipre.<\/p>\n<h2> <strong>Caracter\u00edsticas do cobre<\/strong><\/h2>\n<p> \u00c9 um metal diamagn\u00e9tico, resistente \u00e0 corros\u00e3o e oxida\u00e7\u00e3o. O orbital d em sua configura\u00e7\u00e3o eletr\u00f4nica \u00e9 preenchido com el\u00e9trons. Por outro lado, \u00e9 geralmente barato, pode ser reciclado indefinidamente e combina-se quimicamente com alguns dos seus estados de val\u00eancia. Confira os outros recursos abaixo:<\/p>\n<ul>\n<li> <strong>Reatividade Qu\u00edmica<\/strong> : N\u00e3o \u00e9 um metal reativo, mas reage com a atmosfera, embora muito lentamente.<\/li>\n<li> <strong>Derretimento e ebuli\u00e7\u00e3o<\/strong> : Para atingir estes pontos, as temperaturas exigidas devem ser extremamente altas.<\/li>\n<li> <strong>Condi\u00e7\u00e3o<\/strong> : Sua forma usual na natureza \u00e9 s\u00f3lida.<\/li>\n<li> <strong>Ductilidade:<\/strong> Suas mol\u00e9culas t\u00eam a fun\u00e7\u00e3o de deslizar sobre ele e se esticar para obter fios ou fios.<\/li>\n<li> <strong>Maleabilidade<\/strong> : Pode ser esticado, comprimido, martelado ou deformado em temperatura ambiente sem quebrar.<\/li>\n<li> <strong>Dureza<\/strong> : Resiste a golpes, cortes, for\u00e7as de tra\u00e7\u00e3o e empurr\u00e3o.<\/li>\n<li> <strong>Fragilidade<\/strong> : Se for submetido a temperaturas extremamente baixas, apresenta fragilidade.<\/li>\n<li> <strong>Condutividade el\u00e9trica<\/strong> : Os el\u00e9trons em sua estrutura possuem liga\u00e7\u00f5es fracas, por isso suas part\u00edculas se movem facilmente para gerar um campo magn\u00e9tico.<\/li>\n<\/ul>\n<h2> <strong>Propriedades qu\u00edmicas e f\u00edsicas do cobre<\/strong><\/h2>\n<ol>\n<li> <strong>N\u00famero at\u00f4mico<\/strong> : 29<\/li>\n<li> <strong>Raio covalente (\u00c5):<\/strong> 138<\/li>\n<li> <strong>Estado normal:<\/strong> S\u00f3lido<\/li>\n<li> <strong>Entalpia de fus\u00e3o:<\/strong> 13,1\u200b Kj\/mol<\/li>\n<li> <strong>Configura\u00e7\u00e3o eletr\u00f4nica:<\/strong> [Ar]3d <sup>10<\/sup> 4s <sup>1<\/sup><\/li>\n<li> <strong>Primeira pot\u00eancia de ioniza\u00e7\u00e3o (eV):<\/strong> 745,5<\/li>\n<li> <strong>Estados de oxida\u00e7\u00e3o<\/strong> : +1, +2, +3, +4<\/li>\n<li> <strong>Densidade relativa em compara\u00e7\u00e3o com o ar:<\/strong> 8.960 g\/ml<\/li>\n<li> <strong>Ponto de ebuli\u00e7\u00e3o:<\/strong> 2562\u00b0C (2835K)<\/li>\n<li> <strong>Ponto de fus\u00e3o:<\/strong> 1085\u00b0C (1357,77 K)<\/li>\n<li> <strong>Entalpia de vaporiza\u00e7\u00e3o:<\/strong> 300 Kj\/mol<\/li>\n<li> <strong>Velocidade do som:<\/strong> 3570 m\/s a 293,15 K<\/li>\n<li> <strong>Dureza mineral de Mohs<\/strong> : 3,0<\/li>\n<li> <strong>Raio at\u00f4mico (\u00c5)<\/strong> : 1,45<\/li>\n<li> <strong>El\u00e9trons por n\u00edvel<\/strong> : 2, 8, 18, 1<\/li>\n<li> <strong>Massa at\u00f4mica (g\/mol):<\/strong> 63,546<\/li>\n<li> <strong>Calor espec\u00edfico<\/strong> : 385 J\/(K-kg)<\/li>\n<li> <strong>Eletronegatividade<\/strong> : 1,9<\/li>\n<\/ol>\n<h2> <strong>Origem do cobre<\/strong><\/h2>\n<p> Suas propriedades s\u00e3o utilizadas pelo homem desde a antiguidade. Na verdade, esse metal, combinado com o estanho, foi t\u00e3o importante que os historiadores chamaram um determinado per\u00edodo pr\u00e9-hist\u00f3rico de Idade do Cobre. Seu uso continuou, mas sem muito valor at\u00e9 que, a partir do s\u00e9culo XIX, tornou-se um metal estrat\u00e9gico.<\/p>\n<p> Por outro lado, durante o mundo greco-romano, foram descobertas numerosas minas do elemento qu\u00edmico na ilha de Chipre. Por isso, atribu\u00edram-lhe a express\u00e3o do latim <em>cuprum<\/em> , que prov\u00e9m da express\u00e3o <em>aes cyprium<\/em> , que significa de Chipre.<\/p>\n<h2> <strong>Para que \u00e9 usado o cobre?<\/strong><\/h2>\n<p> Depois do ferro e do alum\u00ednio, \u00e9 o terceiro metal mais consumido no mundo, pois suas aplica\u00e7\u00f5es nas ind\u00fastrias eletr\u00f4nica, el\u00e9trica e sider\u00fargica s\u00e3o numerosas e multifacetadas. Observe alguns usos modernos deste metal:<\/p>\n<h3> <strong>Produtos el\u00e9tricos e eletr\u00f4nicos<\/strong><\/h3>\n<p> Uma aplica\u00e7\u00e3o \u00e9 sua utilidade como condutor el\u00e9trico para a fabrica\u00e7\u00e3o de cabos coaxiais e el\u00e9tricos. Tamb\u00e9m \u00e9 utilizado em motores, geradores e transformadores el\u00e9tricos. Tamb\u00e9m com circuitos integrados e nos m\u00faltiplos componentes dos sistemas inform\u00e1ticos atuais.<\/p>\n<h3> <strong>Transporte<\/strong><\/h3>\n<p> V\u00e1rios ve\u00edculos automobil\u00edsticos requerem este elemento qu\u00edmico em suas pe\u00e7as de reposi\u00e7\u00e3o e pe\u00e7as de reposi\u00e7\u00e3o. Por exemplo, \u00e9 frequentemente usado para freios, radiadores e almofadas. Al\u00e9m disso, \u00e9 utilizado na fia\u00e7\u00e3o de seus componentes el\u00e9tricos. Al\u00e9m disso, partes dos cascos dos navios s\u00e3o feitas de metal.<\/p>\n<h3> <strong>moedas de cobre<\/strong><\/h3>\n<p> A maioria dos pa\u00edses do mundo produz moeda composta por esse elemento qu\u00edmico e em diferentes ligas. Na verdade, essa mistura costuma ser usada com estanho, n\u00edquel, alum\u00ednio ou bronze. Por exemplo, moedas de 1, 2 e 5 c\u00eantimos de euro.<\/p>\n<h3> <strong>edif\u00edcios<\/strong><\/h3>\n<p> Gra\u00e7as \u00e0 sua resist\u00eancia \u00e0 corros\u00e3o, \u00e9 utilizado no lugar do chumbo em tubula\u00e7\u00f5es de \u00e1gua, tanto em complexos residenciais, comerciais e industriais. Al\u00e9m disso, \u00e9 escolhido como material arquitet\u00f4nico para ma\u00e7anetas, est\u00e1tuas em pra\u00e7as, sinos de igrejas, entre outras constru\u00e7\u00f5es.<\/p>\n<h3> <strong>ligas de cobre<\/strong><\/h3>\n<p> Serve como mat\u00e9ria-prima para a obten\u00e7\u00e3o de outros metais espec\u00edficos. Um exemplo de liga \u00e9 o lat\u00e3o, feito de uma mistura com zinco. Outros s\u00e3o o bronze, relacionado ao estanho, e o n\u00edquel prata, uma combina\u00e7\u00e3o do elemento n\u00edquel e zinco.<\/p>\n<p> Resumindo, o cobre \u00e9 um metal de transi\u00e7\u00e3o que conduz muito bem eletricidade e calor. Al\u00e9m disso, geralmente \u00e9 muito resistente \u00e0 ferrugem. Tamb\u00e9m apresenta boa ductilidade, maleabilidade e resist\u00eancia a golpes, cortes e empurr\u00f5es, mas em temperaturas extremamente baixas \u00e9 fr\u00e1gil.<\/p>\n","protected":false},"excerpt":{"rendered":"<p>Voc\u00ea sabia que o cobre se caracteriza principalmente por ser um excelente condutor de calor e eletricidade? Por isso \u00e9 considerado o terceiro metal n\u00e3o ferroso necess\u00e1rio ao dia a dia. Observe que tipo de item \u00e9, quais s\u00e3o suas principais aplica\u00e7\u00f5es e onde est\u00e1 localizado. O que \u00e9 cobre? \u00c9 um metal de transi\u00e7\u00e3o &#8230; <a title=\"Cobre\" class=\"read-more\" href=\"https:\/\/chemuza.org\/pt\/cobre\/\" aria-label=\"Mais em Cobre\">Ler mais<\/a><\/p>\n","protected":false},"author":1,"featured_media":0,"parent":0,"menu_order":0,"comment_status":"closed","ping_status":"closed","template":"","meta":{"footnotes":""},"class_list":["post-1470","page","type-page","status-publish"],"yoast_head":"<!-- This site is optimized with the Yoast SEO plugin v21.4 - https:\/\/yoast.com\/wordpress\/plugins\/seo\/ -->\n<title>Cobre - Chemuza<\/title>\n<meta name=\"robots\" content=\"index, follow, max-snippet:-1, max-image-preview:large, max-video-preview:-1\" \/>\n<link rel=\"canonical\" href=\"https:\/\/chemuza.org\/pt\/cobre\/\" \/>\n<meta property=\"og:locale\" content=\"pt_PT\" \/>\n<meta property=\"og:type\" content=\"article\" \/>\n<meta property=\"og:title\" content=\"Cobre - Chemuza\" \/>\n<meta property=\"og:description\" content=\"Voc\u00ea sabia que o cobre se caracteriza principalmente por ser um excelente condutor de calor e eletricidade? Por isso \u00e9 considerado o terceiro metal n\u00e3o ferroso necess\u00e1rio ao dia a dia. Observe que tipo de item \u00e9, quais s\u00e3o suas principais aplica\u00e7\u00f5es e onde est\u00e1 localizado. O que \u00e9 cobre? \u00c9 um metal de transi\u00e7\u00e3o ... Ler mais\" \/>\n<meta property=\"og:url\" content=\"https:\/\/chemuza.org\/pt\/cobre\/\" \/>\n<meta property=\"og:site_name\" content=\"Statorials\" \/>\n<meta name=\"twitter:card\" content=\"summary_large_image\" \/>\n<meta name=\"twitter:label1\" content=\"Tempo estimado de leitura\" \/>\n\t<meta name=\"twitter:data1\" content=\"4 minutos\" \/>\n<script type=\"application\/ld+json\" class=\"yoast-schema-graph\">{\"@context\":\"https:\/\/schema.org\",\"@graph\":[{\"@type\":\"WebPage\",\"@id\":\"https:\/\/chemuza.org\/pt\/cobre\/\",\"url\":\"https:\/\/chemuza.org\/pt\/cobre\/\",\"name\":\"Cobre - Chemuza\",\"isPartOf\":{\"@id\":\"https:\/\/chemuza.org\/pt\/#website\"},\"datePublished\":\"2023-07-15T02:37:18+00:00\",\"dateModified\":\"2023-07-15T02:37:18+00:00\",\"breadcrumb\":{\"@id\":\"https:\/\/chemuza.org\/pt\/cobre\/#breadcrumb\"},\"inLanguage\":\"pt-PT\",\"potentialAction\":[{\"@type\":\"ReadAction\",\"target\":[\"https:\/\/chemuza.org\/pt\/cobre\/\"]}]},{\"@type\":\"BreadcrumbList\",\"@id\":\"https:\/\/chemuza.org\/pt\/cobre\/#breadcrumb\",\"itemListElement\":[{\"@type\":\"ListItem\",\"position\":1,\"name\":\"Lar\",\"item\":\"https:\/\/chemuza.org\/pt\/\"},{\"@type\":\"ListItem\",\"position\":2,\"name\":\"Cobre\"}]},{\"@type\":\"WebSite\",\"@id\":\"https:\/\/chemuza.org\/pt\/#website\",\"url\":\"https:\/\/chemuza.org\/pt\/\",\"name\":\"Chemuza\",\"description\":\"Sua porta de entrada para a descoberta qu\u00edmica!\",\"publisher\":{\"@id\":\"https:\/\/chemuza.org\/pt\/#organization\"},\"potentialAction\":[{\"@type\":\"SearchAction\",\"target\":{\"@type\":\"EntryPoint\",\"urlTemplate\":\"https:\/\/chemuza.org\/pt\/?s={search_term_string}\"},\"query-input\":\"required name=search_term_string\"}],\"inLanguage\":\"pt-PT\"},{\"@type\":\"Organization\",\"@id\":\"https:\/\/chemuza.org\/pt\/#organization\",\"name\":\"Chemuza\",\"url\":\"https:\/\/chemuza.org\/pt\/\",\"logo\":{\"@type\":\"ImageObject\",\"inLanguage\":\"pt-PT\",\"@id\":\"https:\/\/chemuza.org\/pt\/#\/schema\/logo\/image\/\",\"url\":\"https:\/\/chemuza.org\/pt\/wp-content\/uploads\/2023\/10\/chemuza-logo.png\",\"contentUrl\":\"https:\/\/chemuza.org\/pt\/wp-content\/uploads\/2023\/10\/chemuza-logo.png\",\"width\":387,\"height\":70,\"caption\":\"Chemuza\"},\"image\":{\"@id\":\"https:\/\/chemuza.org\/pt\/#\/schema\/logo\/image\/\"}}]}<\/script>\n<!-- \/ Yoast SEO plugin. -->","yoast_head_json":{"title":"Cobre - Chemuza","robots":{"index":"index","follow":"follow","max-snippet":"max-snippet:-1","max-image-preview":"max-image-preview:large","max-video-preview":"max-video-preview:-1"},"canonical":"https:\/\/chemuza.org\/pt\/cobre\/","og_locale":"pt_PT","og_type":"article","og_title":"Cobre - Chemuza","og_description":"Voc\u00ea sabia que o cobre se caracteriza principalmente por ser um excelente condutor de calor e eletricidade? Por isso \u00e9 considerado o terceiro metal n\u00e3o ferroso necess\u00e1rio ao dia a dia. Observe que tipo de item \u00e9, quais s\u00e3o suas principais aplica\u00e7\u00f5es e onde est\u00e1 localizado. O que \u00e9 cobre? \u00c9 um metal de transi\u00e7\u00e3o ... Ler mais","og_url":"https:\/\/chemuza.org\/pt\/cobre\/","og_site_name":"Statorials","twitter_card":"summary_large_image","twitter_misc":{"Tempo estimado de leitura":"4 minutos"},"schema":{"@context":"https:\/\/schema.org","@graph":[{"@type":"WebPage","@id":"https:\/\/chemuza.org\/pt\/cobre\/","url":"https:\/\/chemuza.org\/pt\/cobre\/","name":"Cobre - Chemuza","isPartOf":{"@id":"https:\/\/chemuza.org\/pt\/#website"},"datePublished":"2023-07-15T02:37:18+00:00","dateModified":"2023-07-15T02:37:18+00:00","breadcrumb":{"@id":"https:\/\/chemuza.org\/pt\/cobre\/#breadcrumb"},"inLanguage":"pt-PT","potentialAction":[{"@type":"ReadAction","target":["https:\/\/chemuza.org\/pt\/cobre\/"]}]},{"@type":"BreadcrumbList","@id":"https:\/\/chemuza.org\/pt\/cobre\/#breadcrumb","itemListElement":[{"@type":"ListItem","position":1,"name":"Lar","item":"https:\/\/chemuza.org\/pt\/"},{"@type":"ListItem","position":2,"name":"Cobre"}]},{"@type":"WebSite","@id":"https:\/\/chemuza.org\/pt\/#website","url":"https:\/\/chemuza.org\/pt\/","name":"Chemuza","description":"Sua porta de entrada para a descoberta qu\u00edmica!","publisher":{"@id":"https:\/\/chemuza.org\/pt\/#organization"},"potentialAction":[{"@type":"SearchAction","target":{"@type":"EntryPoint","urlTemplate":"https:\/\/chemuza.org\/pt\/?s={search_term_string}"},"query-input":"required name=search_term_string"}],"inLanguage":"pt-PT"},{"@type":"Organization","@id":"https:\/\/chemuza.org\/pt\/#organization","name":"Chemuza","url":"https:\/\/chemuza.org\/pt\/","logo":{"@type":"ImageObject","inLanguage":"pt-PT","@id":"https:\/\/chemuza.org\/pt\/#\/schema\/logo\/image\/","url":"https:\/\/chemuza.org\/pt\/wp-content\/uploads\/2023\/10\/chemuza-logo.png","contentUrl":"https:\/\/chemuza.org\/pt\/wp-content\/uploads\/2023\/10\/chemuza-logo.png","width":387,"height":70,"caption":"Chemuza"},"image":{"@id":"https:\/\/chemuza.org\/pt\/#\/schema\/logo\/image\/"}}]}},"yoast_meta":{"yoast_wpseo_title":"","yoast_wpseo_metadesc":"","yoast_wpseo_canonical":""},"_links":{"self":[{"href":"https:\/\/chemuza.org\/pt\/wp-json\/wp\/v2\/pages\/1470","targetHints":{"allow":["GET"]}}],"collection":[{"href":"https:\/\/chemuza.org\/pt\/wp-json\/wp\/v2\/pages"}],"about":[{"href":"https:\/\/chemuza.org\/pt\/wp-json\/wp\/v2\/types\/page"}],"author":[{"embeddable":true,"href":"https:\/\/chemuza.org\/pt\/wp-json\/wp\/v2\/users\/1"}],"replies":[{"embeddable":true,"href":"https:\/\/chemuza.org\/pt\/wp-json\/wp\/v2\/comments?post=1470"}],"version-history":[{"count":0,"href":"https:\/\/chemuza.org\/pt\/wp-json\/wp\/v2\/pages\/1470\/revisions"}],"wp:attachment":[{"href":"https:\/\/chemuza.org\/pt\/wp-json\/wp\/v2\/media?parent=1470"}],"curies":[{"name":"wp","href":"https:\/\/api.w.org\/{rel}","templated":true}]}}