{"id":1469,"date":"2023-07-15T03:59:17","date_gmt":"2023-07-15T03:59:17","guid":{"rendered":"https:\/\/chemuza.org\/pt\/enxofre\/"},"modified":"2023-07-15T03:59:17","modified_gmt":"2023-07-15T03:59:17","slug":"enxofre","status":"publish","type":"page","link":"https:\/\/chemuza.org\/pt\/enxofre\/","title":{"rendered":"Enxofre"},"content":{"rendered":"<p>O enxofre \u00e9 um composto qu\u00edmico essencial que \u00e9 um dos amino\u00e1cidos necess\u00e1rios para a s\u00edntese de prote\u00ednas no corpo. Em seu estado natural, est\u00e1 presente em \u00e1reas vulc\u00e2nicas na forma de sulfetos, sulfossais e sulfatos. Suas aplica\u00e7\u00f5es industriais, m\u00e9dicas e nutricionais s\u00e3o diversas. Que voc\u00ea pode descobrir abaixo.<\/p>\n<h2> <strong>O que \u00e9 enxofre?<\/strong><\/h2>\n<p> \u00c9 um elemento qu\u00edmico com n\u00famero at\u00f4mico 16 que faz parte do grupo dos n\u00e3o metais da tabela peri\u00f3dica. Distingue-se pelo seu odor desagrad\u00e1vel, \u00e9 de cor amarelo p\u00e1lido com alguns reflexos alaranjados. Al\u00e9m disso, combina-se facilmente com outros elementos, formando compostos como di\u00f3xidos e tri\u00f3xidos, que t\u00eam diversas aplica\u00e7\u00f5es na ind\u00fastria.<\/p>\n<h3> <strong>S\u00edmbolo de enxofre<\/strong><\/h3>\n<p> <span class=\"content-chemical-element\" style=\"float: left;width: 65px;height: 65px;border: 3px solid #666; display:flex;\n    justify-content: center;align-items: center;margin-right: 15px;\"><span style=\"font-size: 38px;\">S<\/span><\/span> A palavra vem do latim enxofre, que significa pedra inflam\u00e1vel ou ardente. Esta express\u00e3o est\u00e1 relacionada com o s\u00e2nscrito \u015bulb\u0101ri, significando que perde valor quando misturado com cobre, dadas as suas propriedades inflam\u00e1veis.<\/p>\n<h2> <strong>Caracter\u00edsticas do enxofre<\/strong><\/h2>\n<p> Este elemento qu\u00edmico tem massa at\u00f4mica de 32.064, est\u00e1 localizado no grupo 16 da tabela peri\u00f3dica. \u00c9 um elemento ativo que se mistura facilmente com outros compostos. Existe em estados de oxida\u00e7\u00e3o positivos e negativos e \u00e9 multivalente na forma\u00e7\u00e3o de misturas i\u00f4nicas. Conhe\u00e7a outros benef\u00edcios deste n\u00e3o-metal:<\/p>\n<ul>\n<li> <strong>Estado<\/strong> : Apresenta tr\u00eas formas alotr\u00f3picas, l\u00edquida, s\u00f3lida e gasosa.<\/li>\n<li> <strong>Cor<\/strong> : Amarelo intenso, com reflexos marrons e alaranjados opacos que ficam azuis quando derretidos.<\/li>\n<li> <strong>Sabor e cheiro<\/strong> : Tem um sabor doce, mas tem um odor sufocante e muito desagrad\u00e1vel.<\/li>\n<li> <strong>Solubilidade<\/strong> : \u00c9 insol\u00favel em \u00e1gua, mas se dissolve facilmente em benzeno e dissulfeto de carbono.<\/li>\n<li> <strong>Tenacidade<\/strong> : Raro, \u00e9 um elemento fr\u00e1gil que se pulveriza rapidamente.<\/li>\n<li> <strong>Toxicidade<\/strong> : Baixa em pequenas concentra\u00e7\u00f5es, mas se aumentar \u00e9 muito irritante.<\/li>\n<li> <strong>Estrutura<\/strong> : Aparece na forma de mol\u00e9culas ortorr\u00f4mbicas ou cristalinas, tipo rede ou an\u00e9is entrela\u00e7ados.<\/li>\n<\/ul>\n<h2> <strong>Propriedades qu\u00edmicas e f\u00edsicas do enxofre<\/strong><\/h2>\n<ol>\n<li> <strong>N\u00famero at\u00f4mico<\/strong> : 16<\/li>\n<li> <strong>Per\u00edodo<\/strong> : 3<\/li>\n<li> <strong>Bloco<\/strong> : P<\/li>\n<li> <strong>Grupo<\/strong> : 16<\/li>\n<li> <strong>Raio covalente (\u00c5):<\/strong> 102 pm<\/li>\n<li> <strong>Densidade:<\/strong> 2,07 kg\/m<\/li>\n<li> <strong>Ponto de ebuli\u00e7\u00e3o:<\/strong> 444,6\u00b0C<\/li>\n<li> <strong>Ponto de fus\u00e3o:<\/strong> 119,0\u00b0C<\/li>\n<li> <strong>Raio at\u00f4mico:<\/strong> 88h<\/li>\n<li> <strong>Raio m\u00e9dio:<\/strong> 22h<\/li>\n<li> <strong>El\u00e9trons por camada:<\/strong> 2.8.6 <strong>&nbsp;<\/strong><\/li>\n<li> <strong>Eletronegatividade:<\/strong> 2,58<\/li>\n<li> <strong>Configura\u00e7\u00e3o eletr\u00f4nica:<\/strong> [Ne] 3 s\u00b2 3p4<\/li>\n<li> <strong>Massa at\u00f4mica (g\/mol):<\/strong> 32,065(5)u<\/li>\n<li> <strong>Estado de oxida\u00e7\u00e3o:<\/strong> -2, +2, 4, 6 \u00e1cido forte<\/li>\n<li> <strong>Primeiro potencial de ioniza\u00e7\u00e3o eV:<\/strong> 10,36<\/li>\n<li> <strong>Calor espec\u00edfico:<\/strong> 710J\/(K kg)<\/li>\n<li> <strong>Condutividade t\u00e9rmica:<\/strong> 0. 269 W\/(Km)<\/li>\n<\/ol>\n<h2> <strong>Origem do enxofre<\/strong><\/h2>\n<p> Este elemento remonta a tempos imemoriais antes de Cristo, pois foi amplamente utilizado nas culturas romana e grega pelas suas propriedades medicinais. Al\u00e9m disso, era usado como alvejante e purificador de tecidos nos templos eg\u00edpcios. O alquimista Henning Brand descobriu-o no seu estado natural. Ent\u00e3o, em 1777, o qu\u00edmico Antoine Lavoisier realizou diversos experimentos e classificou-o como um elemento capaz de se misturar, formando \u00f3xido de enxofre e outros compostos.<\/p>\n<h2> <strong>Para que \u00e9 usado o enxofre?<\/strong><\/h2>\n<p> Seus usos se estendem aos campos industrial e m\u00e9dico. Primeiro, baterias, p\u00f3lvora e borracha vulcanizada s\u00e3o produzidas a partir de \u00e1cido sulf\u00farico. Al\u00e9m disso, sab\u00e3o de enxofre, alvejante e f\u00f3sforos s\u00e3o feitos de sulfito. Na forma de tiossulfato, \u00e9 utilizado na fabrica\u00e7\u00e3o fotogr\u00e1fica como fixador para dissolver o brometo de prata. Da mesma forma, \u00e9 amplamente utilizado como anti-s\u00e9ptico na forma de di\u00f3xido de enxofre no tratamento de acne e alergias cut\u00e2neas. \u00c9 ainda usado como ingrediente ativo em fungicidas e fertilizantes.<\/p>\n<h2> <strong>Qual \u00e9 o ciclo do enxofre?<\/strong><\/h2>\n<p> Este \u00e9 um ciclo biogeoqu\u00edmico atrav\u00e9s do qual este elemento \u00e9 encontrado no meio ambiente. \u00c9 considerado um processo qu\u00edmico complexo porque passa por diferentes ecossistemas e experimenta diferentes estados de oxida\u00e7\u00e3o, principalmente quando se liga ao oxig\u00eanio. Al\u00e9m disso, circula no meio ambiente da seguinte forma:<\/p>\n<ul>\n<li> Ele se move por absor\u00e7\u00e3o do solo para o ar e a \u00e1gua.<\/li>\n<li> Ele viaja de vegetais para animais ap\u00f3s a ingest\u00e3o.<\/li>\n<li> Est\u00e1 presente na atmosfera em estado gasoso ap\u00f3s a decomposi\u00e7\u00e3o de materiais org\u00e2nicos, como sulfeto de hidrog\u00eanio e di\u00f3xido de enxofre.<\/li>\n<li> Ele retorna ao solo e \u00e0 \u00e1gua devido \u00e0 degrada\u00e7\u00e3o, chuva \u00e1cida ou di\u00f3xido de enxofre e gases que entram na atmosfera.<\/li>\n<\/ul>\n<h2> <strong>Qual a fun\u00e7\u00e3o do enxofre no corpo humano?<\/strong><\/h2>\n<p> No corpo humano, promove a produ\u00e7\u00e3o de col\u00e1geno, prote\u00edna necess\u00e1ria \u00e0 pele, tend\u00f5es, ossos e ligamentos. Al\u00e9m disso, promove a coagula\u00e7\u00e3o do sangue, fortalece os tecidos e a fun\u00e7\u00e3o hep\u00e1tica. Al\u00e9m disso, mant\u00e9m o transporte de oxig\u00eanio para o c\u00e9rebro, ajuda a fun\u00e7\u00e3o da insulina e converte carboidratos em energia.<\/p>\n<p> Da mesma forma, \u00e9 um princ\u00edpio ativo da vitamina D, que promove a paz mental. Contribui para a forma\u00e7\u00e3o de novos tecidos no corpo, gra\u00e7as \u00e0 sua a\u00e7\u00e3o sobre os amino\u00e1cidos.<\/p>\n<p> Em resumo, o enxofre \u00e9 um elemento n\u00e3o met\u00e1lico que apresenta diferentes estados de oxida\u00e7\u00e3o em v\u00e1rios compostos. \u00c9 essencial para a forma\u00e7\u00e3o dos amino\u00e1cidos metionina e ciste\u00edna, necess\u00e1rios \u00e0 s\u00edntese proteica de todos os seres vivos.<\/p>\n","protected":false},"excerpt":{"rendered":"<p>O enxofre \u00e9 um composto qu\u00edmico essencial que \u00e9 um dos amino\u00e1cidos necess\u00e1rios para a s\u00edntese de prote\u00ednas no corpo. Em seu estado natural, est\u00e1 presente em \u00e1reas vulc\u00e2nicas na forma de sulfetos, sulfossais e sulfatos. Suas aplica\u00e7\u00f5es industriais, m\u00e9dicas e nutricionais s\u00e3o diversas. Que voc\u00ea pode descobrir abaixo. O que \u00e9 enxofre? \u00c9 um &#8230; <a title=\"Enxofre\" class=\"read-more\" href=\"https:\/\/chemuza.org\/pt\/enxofre\/\" aria-label=\"Mais em Enxofre\">Ler mais<\/a><\/p>\n","protected":false},"author":1,"featured_media":0,"parent":0,"menu_order":0,"comment_status":"closed","ping_status":"closed","template":"","meta":{"footnotes":""},"class_list":["post-1469","page","type-page","status-publish"],"yoast_head":"<!-- This site is optimized with the Yoast SEO plugin v21.4 - https:\/\/yoast.com\/wordpress\/plugins\/seo\/ -->\n<title>Enxofre - Chemuza<\/title>\n<meta name=\"robots\" content=\"index, follow, max-snippet:-1, max-image-preview:large, max-video-preview:-1\" \/>\n<link rel=\"canonical\" href=\"https:\/\/chemuza.org\/pt\/enxofre\/\" \/>\n<meta property=\"og:locale\" content=\"pt_PT\" \/>\n<meta property=\"og:type\" content=\"article\" \/>\n<meta property=\"og:title\" content=\"Enxofre - Chemuza\" \/>\n<meta property=\"og:description\" content=\"O enxofre \u00e9 um composto qu\u00edmico essencial que \u00e9 um dos amino\u00e1cidos necess\u00e1rios para a s\u00edntese de prote\u00ednas no corpo. Em seu estado natural, est\u00e1 presente em \u00e1reas vulc\u00e2nicas na forma de sulfetos, sulfossais e sulfatos. Suas aplica\u00e7\u00f5es industriais, m\u00e9dicas e nutricionais s\u00e3o diversas. Que voc\u00ea pode descobrir abaixo. O que \u00e9 enxofre? \u00c9 um ... Ler mais\" \/>\n<meta property=\"og:url\" content=\"https:\/\/chemuza.org\/pt\/enxofre\/\" \/>\n<meta property=\"og:site_name\" content=\"Statorials\" \/>\n<meta name=\"twitter:card\" content=\"summary_large_image\" \/>\n<meta name=\"twitter:label1\" content=\"Tempo estimado de leitura\" \/>\n\t<meta name=\"twitter:data1\" content=\"4 minutos\" \/>\n<script type=\"application\/ld+json\" class=\"yoast-schema-graph\">{\"@context\":\"https:\/\/schema.org\",\"@graph\":[{\"@type\":\"WebPage\",\"@id\":\"https:\/\/chemuza.org\/pt\/enxofre\/\",\"url\":\"https:\/\/chemuza.org\/pt\/enxofre\/\",\"name\":\"Enxofre - Chemuza\",\"isPartOf\":{\"@id\":\"https:\/\/chemuza.org\/pt\/#website\"},\"datePublished\":\"2023-07-15T03:59:17+00:00\",\"dateModified\":\"2023-07-15T03:59:17+00:00\",\"breadcrumb\":{\"@id\":\"https:\/\/chemuza.org\/pt\/enxofre\/#breadcrumb\"},\"inLanguage\":\"pt-PT\",\"potentialAction\":[{\"@type\":\"ReadAction\",\"target\":[\"https:\/\/chemuza.org\/pt\/enxofre\/\"]}]},{\"@type\":\"BreadcrumbList\",\"@id\":\"https:\/\/chemuza.org\/pt\/enxofre\/#breadcrumb\",\"itemListElement\":[{\"@type\":\"ListItem\",\"position\":1,\"name\":\"Lar\",\"item\":\"https:\/\/chemuza.org\/pt\/\"},{\"@type\":\"ListItem\",\"position\":2,\"name\":\"Enxofre\"}]},{\"@type\":\"WebSite\",\"@id\":\"https:\/\/chemuza.org\/pt\/#website\",\"url\":\"https:\/\/chemuza.org\/pt\/\",\"name\":\"Chemuza\",\"description\":\"Sua porta de entrada para a descoberta qu\u00edmica!\",\"publisher\":{\"@id\":\"https:\/\/chemuza.org\/pt\/#organization\"},\"potentialAction\":[{\"@type\":\"SearchAction\",\"target\":{\"@type\":\"EntryPoint\",\"urlTemplate\":\"https:\/\/chemuza.org\/pt\/?s={search_term_string}\"},\"query-input\":\"required name=search_term_string\"}],\"inLanguage\":\"pt-PT\"},{\"@type\":\"Organization\",\"@id\":\"https:\/\/chemuza.org\/pt\/#organization\",\"name\":\"Chemuza\",\"url\":\"https:\/\/chemuza.org\/pt\/\",\"logo\":{\"@type\":\"ImageObject\",\"inLanguage\":\"pt-PT\",\"@id\":\"https:\/\/chemuza.org\/pt\/#\/schema\/logo\/image\/\",\"url\":\"https:\/\/chemuza.org\/pt\/wp-content\/uploads\/2023\/10\/chemuza-logo.png\",\"contentUrl\":\"https:\/\/chemuza.org\/pt\/wp-content\/uploads\/2023\/10\/chemuza-logo.png\",\"width\":387,\"height\":70,\"caption\":\"Chemuza\"},\"image\":{\"@id\":\"https:\/\/chemuza.org\/pt\/#\/schema\/logo\/image\/\"}}]}<\/script>\n<!-- \/ Yoast SEO plugin. -->","yoast_head_json":{"title":"Enxofre - Chemuza","robots":{"index":"index","follow":"follow","max-snippet":"max-snippet:-1","max-image-preview":"max-image-preview:large","max-video-preview":"max-video-preview:-1"},"canonical":"https:\/\/chemuza.org\/pt\/enxofre\/","og_locale":"pt_PT","og_type":"article","og_title":"Enxofre - Chemuza","og_description":"O enxofre \u00e9 um composto qu\u00edmico essencial que \u00e9 um dos amino\u00e1cidos necess\u00e1rios para a s\u00edntese de prote\u00ednas no corpo. Em seu estado natural, est\u00e1 presente em \u00e1reas vulc\u00e2nicas na forma de sulfetos, sulfossais e sulfatos. Suas aplica\u00e7\u00f5es industriais, m\u00e9dicas e nutricionais s\u00e3o diversas. Que voc\u00ea pode descobrir abaixo. O que \u00e9 enxofre? \u00c9 um ... Ler mais","og_url":"https:\/\/chemuza.org\/pt\/enxofre\/","og_site_name":"Statorials","twitter_card":"summary_large_image","twitter_misc":{"Tempo estimado de leitura":"4 minutos"},"schema":{"@context":"https:\/\/schema.org","@graph":[{"@type":"WebPage","@id":"https:\/\/chemuza.org\/pt\/enxofre\/","url":"https:\/\/chemuza.org\/pt\/enxofre\/","name":"Enxofre - Chemuza","isPartOf":{"@id":"https:\/\/chemuza.org\/pt\/#website"},"datePublished":"2023-07-15T03:59:17+00:00","dateModified":"2023-07-15T03:59:17+00:00","breadcrumb":{"@id":"https:\/\/chemuza.org\/pt\/enxofre\/#breadcrumb"},"inLanguage":"pt-PT","potentialAction":[{"@type":"ReadAction","target":["https:\/\/chemuza.org\/pt\/enxofre\/"]}]},{"@type":"BreadcrumbList","@id":"https:\/\/chemuza.org\/pt\/enxofre\/#breadcrumb","itemListElement":[{"@type":"ListItem","position":1,"name":"Lar","item":"https:\/\/chemuza.org\/pt\/"},{"@type":"ListItem","position":2,"name":"Enxofre"}]},{"@type":"WebSite","@id":"https:\/\/chemuza.org\/pt\/#website","url":"https:\/\/chemuza.org\/pt\/","name":"Chemuza","description":"Sua porta de entrada para a descoberta qu\u00edmica!","publisher":{"@id":"https:\/\/chemuza.org\/pt\/#organization"},"potentialAction":[{"@type":"SearchAction","target":{"@type":"EntryPoint","urlTemplate":"https:\/\/chemuza.org\/pt\/?s={search_term_string}"},"query-input":"required name=search_term_string"}],"inLanguage":"pt-PT"},{"@type":"Organization","@id":"https:\/\/chemuza.org\/pt\/#organization","name":"Chemuza","url":"https:\/\/chemuza.org\/pt\/","logo":{"@type":"ImageObject","inLanguage":"pt-PT","@id":"https:\/\/chemuza.org\/pt\/#\/schema\/logo\/image\/","url":"https:\/\/chemuza.org\/pt\/wp-content\/uploads\/2023\/10\/chemuza-logo.png","contentUrl":"https:\/\/chemuza.org\/pt\/wp-content\/uploads\/2023\/10\/chemuza-logo.png","width":387,"height":70,"caption":"Chemuza"},"image":{"@id":"https:\/\/chemuza.org\/pt\/#\/schema\/logo\/image\/"}}]}},"yoast_meta":{"yoast_wpseo_title":"","yoast_wpseo_metadesc":"","yoast_wpseo_canonical":""},"_links":{"self":[{"href":"https:\/\/chemuza.org\/pt\/wp-json\/wp\/v2\/pages\/1469","targetHints":{"allow":["GET"]}}],"collection":[{"href":"https:\/\/chemuza.org\/pt\/wp-json\/wp\/v2\/pages"}],"about":[{"href":"https:\/\/chemuza.org\/pt\/wp-json\/wp\/v2\/types\/page"}],"author":[{"embeddable":true,"href":"https:\/\/chemuza.org\/pt\/wp-json\/wp\/v2\/users\/1"}],"replies":[{"embeddable":true,"href":"https:\/\/chemuza.org\/pt\/wp-json\/wp\/v2\/comments?post=1469"}],"version-history":[{"count":0,"href":"https:\/\/chemuza.org\/pt\/wp-json\/wp\/v2\/pages\/1469\/revisions"}],"wp:attachment":[{"href":"https:\/\/chemuza.org\/pt\/wp-json\/wp\/v2\/media?parent=1469"}],"curies":[{"name":"wp","href":"https:\/\/api.w.org\/{rel}","templated":true}]}}