{"id":1468,"date":"2023-07-15T05:18:09","date_gmt":"2023-07-15T05:18:09","guid":{"rendered":"https:\/\/chemuza.org\/pt\/hidrogenio\/"},"modified":"2023-07-15T05:18:09","modified_gmt":"2023-07-15T05:18:09","slug":"hidrogenio","status":"publish","type":"page","link":"https:\/\/chemuza.org\/pt\/hidrogenio\/","title":{"rendered":"Hidrog\u00eanio"},"content":{"rendered":"<p>O hidrog\u00eanio ocupa o primeiro lugar entre os elementos da tabela peri\u00f3dica e voc\u00ea o localiza facilmente no canto superior esquerdo. Por outro lado, n\u00e3o cont\u00e9m caracter\u00edsticas ou propriedades que o classifiquem em grupos ou s\u00e9ries qu\u00edmicas. Ele faz parte da fam\u00edlia AI, embora geralmente tenha seu pr\u00f3prio grupo. Conhe\u00e7a a seguir mais sobre esse elemento, quais s\u00e3o suas caracter\u00edsticas, quem o descobriu, entre outras informa\u00e7\u00f5es.<\/p>\n<h2> <strong>O que \u00e9 hidrog\u00eanio?<\/strong><\/h2>\n<p> \u00c9 o elemento qu\u00edmico mais conhecido, tendo n\u00famero at\u00f4mico 1 e massa at\u00f4mica de 1,00784. \u00c9 um g\u00e1s leve, inodoro, incolor, inflam\u00e1vel e insol\u00favel que geralmente ocorre na forma molecular. Al\u00e9m disso, faz parte do grupo de n\u00e3o metais. Ele cont\u00e9m um \u00fanico el\u00e9tron em sua camada superior ou de val\u00eancia.<\/p>\n<h3> <strong>S\u00edmbolo de hidrog\u00eanio<\/strong><\/h3>\n<p> <span class=\"content-chemical-element\" style=\"float: left;width: 65px;height: 65px;border: 3px solid #666; display:flex;\n    justify-content: center;align-items: center;margin-right: 15px;\"><span style=\"font-size: 38px;\">H<\/span><\/span> O nome vem da combina\u00e7\u00e3o de duas palavras gregas <em>Hydros<\/em> , que significa \u00e1gua, e <em>Genos<\/em> , nascimento. Essa uni\u00e3o resulta na express\u00e3o que <em>produz, gera ou d\u00e1 origem \u00e0 \u00e1gua<\/em> . Aparentemente, esta \u00e9 uma frase que menciona a sua contribui\u00e7\u00e3o para a mol\u00e9cula de H\u2082O.<\/p>\n<h2> <strong>Caracter\u00edsticas do hidrog\u00eanio<\/strong><\/h2>\n<p> Este g\u00e1s produz um ciclo de energia renov\u00e1vel que \u00e9 inofensivo ao meio ambiente. Al\u00e9m disso, sua densidade \u00e9 14 vezes menor que a do ar. Da mesma forma, em temperaturas normais cont\u00e9m pouca reatividade, mas em n\u00edveis t\u00e9rmicos elevados \u00e9 geralmente muito reativo. Conhe\u00e7a outros im\u00f3veis abaixo:<\/p>\n<ul>\n<li> <strong>Alotr\u00f3pico<\/strong> : Apresenta dois tipos de al\u00f3tropos, hidrog\u00eanio molecular ou H <sub>2<\/sub> e metal.<\/li>\n<li> <strong>Male\u00e1vel<\/strong> : exibe fragilidade, mas carece de ductilidade, resist\u00eancia e brilho, por isso n\u00e3o pode ser achatado em cria\u00e7\u00e3o ou esticado em fios.<\/li>\n<li> <strong>Magnetismo<\/strong> : O \u00e1tomo de hidrog\u00eanio \u00e9 diamagn\u00e9tico.<\/li>\n<li> <strong>Dureza<\/strong> : N\u00e3o cont\u00e9m dados de dureza mineral na escala Bohs.<\/li>\n<li> <strong>Cor<\/strong> : Este n\u00e3o-metal \u00e9 incolor.<\/li>\n<li> <strong>Estado<\/strong> : Seu estado comum ou natural \u00e9 gasoso, embora possa se transformar em s\u00f3lido e l\u00edquido.<\/li>\n<li> <strong>Sabor e odor<\/strong> : Tem sabor ins\u00edpido e n\u00e3o tem odor.<\/li>\n<li> <strong>Solubilidade<\/strong> : \u00c9 insol\u00favel em \u00e1gua, mas pode dissolver-se em metais de transi\u00e7\u00e3o, amorfos e cristalinos.<\/li>\n<li> <strong>Inflamabilidade<\/strong> : Reage espontaneamente com elementos oxidantes, cloro, oxig\u00eanio, fl\u00faor e geralmente se integra em compostos combust\u00edveis como hidrocarbonetos.<\/li>\n<li> <strong>Sustentabilidade ambiental<\/strong> : N\u00e3o produz emiss\u00f5es nocivas, chuva \u00e1cida nem empobrece a camada de oz\u00f4nio.<\/li>\n<\/ul>\n<h2> <strong>Propriedades qu\u00edmicas e f\u00edsicas do hidrog\u00eanio<\/strong><\/h2>\n<ol>\n<li> <strong>N\u00famero at\u00f4mico<\/strong> : 1<\/li>\n<li> <strong>Grupo<\/strong> : 1<\/li>\n<li> <strong>Per\u00edodo<\/strong> : 1<\/li>\n<li> <strong>Bloco<\/strong> : s<\/li>\n<li> <strong>Peso at\u00f4mico<\/strong> : 1,00784<\/li>\n<li> <strong>Densidade<\/strong> : 0,0899 kg\/m\u00b3<\/li>\n<li> <strong>Estado<\/strong> : G\u00e1s<\/li>\n<li> <strong>\u00d3xido<\/strong> : Anfot\u00e9rico<\/li>\n<li> <strong>Estados de oxida\u00e7\u00e3o<\/strong> : -1, 1, 0<\/li>\n<li> <strong>Ponto de fus\u00e3o<\/strong> : -259\u00b0C<\/li>\n<li> <strong>Ponto de ebuli\u00e7\u00e3o<\/strong> : -253\u00b0C<\/li>\n<li> <strong>Eletronegatividade<\/strong> : 2,2<\/li>\n<li> <strong>Raio m\u00e9dio<\/strong> : 25h<\/li>\n<li> <strong>Raio covalente<\/strong> : 37h<\/li>\n<li> <strong>Raio at\u00f4mico<\/strong> : 53h<\/li>\n<li> <strong>El\u00e9trons por camada<\/strong> : 1<\/li>\n<li> <strong>Configura\u00e7\u00e3o eletr\u00f4nica<\/strong> : 1s <sup>1<\/sup><\/li>\n<li> <strong>Calor espec\u00edfico<\/strong> : 1,4304-10 <sup>4<\/sup> J\/(K-kg)<\/li>\n<\/ol>\n<h2> <strong>Origem do hidrog\u00eanio<\/strong><\/h2>\n<p> O hidrog\u00eanio molecular ou <sub>H2<\/sub> foi descrito pela primeira vez pelo alquimista T. Von Hohenheim, tamb\u00e9m conhecido como Paracelsus, misturando artificialmente metais com \u00e1cidos fortes. Mais tarde, Robert Boyle descreveu as rea\u00e7\u00f5es formadas entre \u00e1cidos dilu\u00eddos e dep\u00f3sitos de ferro em 1671. Isso eventualmente produziu g\u00e1s hidrog\u00eanio.<\/p>\n<p> Por\u00e9m, quem descobriu o hidrog\u00eanio em sua forma pura foi o f\u00edsico Henry Cavendish no ano de 1766. Al\u00e9m disso, ele o reconheceu como uma subst\u00e2ncia discreta. Seu experimento consistiu em colocar \u00e1cido em certos metais, depois observou que um g\u00e1s desconhecido e inflam\u00e1vel foi liberado. Mais tarde, Antoine Lavoisier nomeou o elemento.<\/p>\n<h2> <strong>Para que \u00e9 usado o hidrog\u00eanio?<\/strong><\/h2>\n<p> A fun\u00e7\u00e3o do hidrog\u00eanio \u00e9 contribuir para a qu\u00edmica aplicada a fertilizantes, hidrocarbonetos e combust\u00edveis espaciais. Tamb\u00e9m com a f\u00edsica durante a produ\u00e7\u00e3o de eletricidade, a \u00e1rea farmacol\u00f3gica e os transportes. Outros usos do hidrog\u00eanio s\u00e3o:<\/p>\n<ul>\n<li> Lidando com combust\u00edveis f\u00f3sseis.<\/li>\n<li> Fa\u00e7a metanol e converta gorduras e \u00f3leos insaturados e prejudiciais \u00e0 sa\u00fade em gorduras saturadas como agente hidrogenante.<\/li>\n<li> Prepare am\u00f4nia para produtos de limpeza dom\u00e9stica.<\/li>\n<li> Calibre os term\u00f4metros com seu ponto triplo.<\/li>\n<li> Crie bombas de hidrog\u00eanio e emita radia\u00e7\u00e3o em pinturas luminosas com o is\u00f3topo radioativo tr\u00edtio.<\/li>\n<li> Atuar como refrigerante em geradores el\u00e9tricos.<\/li>\n<li> Atua como g\u00e1s protetor na soldagem de hidrog\u00eanio at\u00f4mico.<\/li>\n<li> Reduz minerais met\u00e1licos.<\/li>\n<\/ul>\n<h2> Mais informa\u00e7\u00f5es sobre hidrog\u00eanio<\/h2>\n<h2> <strong>Onde o hidrog\u00eanio \u00e9 encontrado?<\/strong><\/h2>\n<p> \u00c9 o elemento principal mais abundante do universo, j\u00e1 que 70% da mat\u00e9ria \u00e9 composta por esse g\u00e1s. Al\u00e9m disso, \u00e9 geralmente encontrado como um elemento puro em estrelas jovens e na atmosfera de planetas gasosos. Tamb\u00e9m na forma de vest\u00edgios da superf\u00edcie terrestre e de muitos compostos org\u00e2nicos e inorg\u00e2nicos presentes no meio ambiente.<\/p>\n<h2> <strong>Is\u00f3topos de hidrog\u00eanio<\/strong><\/h2>\n<p> Ele cont\u00e9m tr\u00eas variantes at\u00f4micas, ou seja, is\u00f3topos de menor para maior peso: a primeira \u00e9 chamada de Protium, vers\u00e3o comum do elemento, que cont\u00e9m um pr\u00f3ton e uma carga el\u00e9trica positiva. O segundo \u00e9 conhecido como deut\u00e9rio e inclui um n\u00eautron ligado ao pr\u00f3ton em seu n\u00facleo. Por fim, o Tririo, ao lado do pr\u00f3ton dois n\u00eautrons.<\/p>\n<p> Em resumo, o hidrog\u00eanio \u00e9 o elemento qu\u00edmico mais abundante no universo, \u00e9 encontrado no estado gasoso e est\u00e1 localizado em primeiro lugar na tabela peri\u00f3dica. \u00c9 descrito como um elemento inodoro, incolor, ins\u00edpido e insol\u00favel. Al\u00e9m disso, reage com elementos oxidantes, pode ser reativo e \u00e9 mais leve que o ar.<\/p>\n","protected":false},"excerpt":{"rendered":"<p>O hidrog\u00eanio ocupa o primeiro lugar entre os elementos da tabela peri\u00f3dica e voc\u00ea o localiza facilmente no canto superior esquerdo. Por outro lado, n\u00e3o cont\u00e9m caracter\u00edsticas ou propriedades que o classifiquem em grupos ou s\u00e9ries qu\u00edmicas. Ele faz parte da fam\u00edlia AI, embora geralmente tenha seu pr\u00f3prio grupo. Conhe\u00e7a a seguir mais sobre esse &#8230; <a title=\"Hidrog\u00eanio\" class=\"read-more\" href=\"https:\/\/chemuza.org\/pt\/hidrogenio\/\" aria-label=\"Mais em Hidrog\u00eanio\">Ler mais<\/a><\/p>\n","protected":false},"author":1,"featured_media":0,"parent":0,"menu_order":0,"comment_status":"closed","ping_status":"closed","template":"","meta":{"footnotes":""},"class_list":["post-1468","page","type-page","status-publish"],"yoast_head":"<!-- This site is optimized with the Yoast SEO plugin v21.4 - https:\/\/yoast.com\/wordpress\/plugins\/seo\/ -->\n<title>Hidrog\u00eanio - Chemuza<\/title>\n<meta name=\"robots\" content=\"index, follow, max-snippet:-1, max-image-preview:large, max-video-preview:-1\" \/>\n<link rel=\"canonical\" href=\"https:\/\/chemuza.org\/pt\/hidrogenio\/\" \/>\n<meta property=\"og:locale\" content=\"pt_PT\" \/>\n<meta property=\"og:type\" content=\"article\" \/>\n<meta property=\"og:title\" content=\"Hidrog\u00eanio - Chemuza\" \/>\n<meta property=\"og:description\" content=\"O hidrog\u00eanio ocupa o primeiro lugar entre os elementos da tabela peri\u00f3dica e voc\u00ea o localiza facilmente no canto superior esquerdo. Por outro lado, n\u00e3o cont\u00e9m caracter\u00edsticas ou propriedades que o classifiquem em grupos ou s\u00e9ries qu\u00edmicas. Ele faz parte da fam\u00edlia AI, embora geralmente tenha seu pr\u00f3prio grupo. Conhe\u00e7a a seguir mais sobre esse ... Ler mais\" \/>\n<meta property=\"og:url\" content=\"https:\/\/chemuza.org\/pt\/hidrogenio\/\" \/>\n<meta property=\"og:site_name\" content=\"Statorials\" \/>\n<meta name=\"twitter:card\" content=\"summary_large_image\" \/>\n<meta name=\"twitter:label1\" content=\"Tempo estimado de leitura\" \/>\n\t<meta name=\"twitter:data1\" content=\"5 minutos\" \/>\n<script type=\"application\/ld+json\" class=\"yoast-schema-graph\">{\"@context\":\"https:\/\/schema.org\",\"@graph\":[{\"@type\":\"WebPage\",\"@id\":\"https:\/\/chemuza.org\/pt\/hidrogenio\/\",\"url\":\"https:\/\/chemuza.org\/pt\/hidrogenio\/\",\"name\":\"Hidrog\u00eanio - Chemuza\",\"isPartOf\":{\"@id\":\"https:\/\/chemuza.org\/pt\/#website\"},\"datePublished\":\"2023-07-15T05:18:09+00:00\",\"dateModified\":\"2023-07-15T05:18:09+00:00\",\"breadcrumb\":{\"@id\":\"https:\/\/chemuza.org\/pt\/hidrogenio\/#breadcrumb\"},\"inLanguage\":\"pt-PT\",\"potentialAction\":[{\"@type\":\"ReadAction\",\"target\":[\"https:\/\/chemuza.org\/pt\/hidrogenio\/\"]}]},{\"@type\":\"BreadcrumbList\",\"@id\":\"https:\/\/chemuza.org\/pt\/hidrogenio\/#breadcrumb\",\"itemListElement\":[{\"@type\":\"ListItem\",\"position\":1,\"name\":\"Lar\",\"item\":\"https:\/\/chemuza.org\/pt\/\"},{\"@type\":\"ListItem\",\"position\":2,\"name\":\"Hidrog\u00eanio\"}]},{\"@type\":\"WebSite\",\"@id\":\"https:\/\/chemuza.org\/pt\/#website\",\"url\":\"https:\/\/chemuza.org\/pt\/\",\"name\":\"Chemuza\",\"description\":\"Sua porta de entrada para a descoberta qu\u00edmica!\",\"publisher\":{\"@id\":\"https:\/\/chemuza.org\/pt\/#organization\"},\"potentialAction\":[{\"@type\":\"SearchAction\",\"target\":{\"@type\":\"EntryPoint\",\"urlTemplate\":\"https:\/\/chemuza.org\/pt\/?s={search_term_string}\"},\"query-input\":\"required name=search_term_string\"}],\"inLanguage\":\"pt-PT\"},{\"@type\":\"Organization\",\"@id\":\"https:\/\/chemuza.org\/pt\/#organization\",\"name\":\"Chemuza\",\"url\":\"https:\/\/chemuza.org\/pt\/\",\"logo\":{\"@type\":\"ImageObject\",\"inLanguage\":\"pt-PT\",\"@id\":\"https:\/\/chemuza.org\/pt\/#\/schema\/logo\/image\/\",\"url\":\"https:\/\/chemuza.org\/pt\/wp-content\/uploads\/2023\/10\/chemuza-logo.png\",\"contentUrl\":\"https:\/\/chemuza.org\/pt\/wp-content\/uploads\/2023\/10\/chemuza-logo.png\",\"width\":387,\"height\":70,\"caption\":\"Chemuza\"},\"image\":{\"@id\":\"https:\/\/chemuza.org\/pt\/#\/schema\/logo\/image\/\"}}]}<\/script>\n<!-- \/ Yoast SEO plugin. -->","yoast_head_json":{"title":"Hidrog\u00eanio - Chemuza","robots":{"index":"index","follow":"follow","max-snippet":"max-snippet:-1","max-image-preview":"max-image-preview:large","max-video-preview":"max-video-preview:-1"},"canonical":"https:\/\/chemuza.org\/pt\/hidrogenio\/","og_locale":"pt_PT","og_type":"article","og_title":"Hidrog\u00eanio - Chemuza","og_description":"O hidrog\u00eanio ocupa o primeiro lugar entre os elementos da tabela peri\u00f3dica e voc\u00ea o localiza facilmente no canto superior esquerdo. Por outro lado, n\u00e3o cont\u00e9m caracter\u00edsticas ou propriedades que o classifiquem em grupos ou s\u00e9ries qu\u00edmicas. Ele faz parte da fam\u00edlia AI, embora geralmente tenha seu pr\u00f3prio grupo. Conhe\u00e7a a seguir mais sobre esse ... Ler mais","og_url":"https:\/\/chemuza.org\/pt\/hidrogenio\/","og_site_name":"Statorials","twitter_card":"summary_large_image","twitter_misc":{"Tempo estimado de leitura":"5 minutos"},"schema":{"@context":"https:\/\/schema.org","@graph":[{"@type":"WebPage","@id":"https:\/\/chemuza.org\/pt\/hidrogenio\/","url":"https:\/\/chemuza.org\/pt\/hidrogenio\/","name":"Hidrog\u00eanio - Chemuza","isPartOf":{"@id":"https:\/\/chemuza.org\/pt\/#website"},"datePublished":"2023-07-15T05:18:09+00:00","dateModified":"2023-07-15T05:18:09+00:00","breadcrumb":{"@id":"https:\/\/chemuza.org\/pt\/hidrogenio\/#breadcrumb"},"inLanguage":"pt-PT","potentialAction":[{"@type":"ReadAction","target":["https:\/\/chemuza.org\/pt\/hidrogenio\/"]}]},{"@type":"BreadcrumbList","@id":"https:\/\/chemuza.org\/pt\/hidrogenio\/#breadcrumb","itemListElement":[{"@type":"ListItem","position":1,"name":"Lar","item":"https:\/\/chemuza.org\/pt\/"},{"@type":"ListItem","position":2,"name":"Hidrog\u00eanio"}]},{"@type":"WebSite","@id":"https:\/\/chemuza.org\/pt\/#website","url":"https:\/\/chemuza.org\/pt\/","name":"Chemuza","description":"Sua porta de entrada para a descoberta qu\u00edmica!","publisher":{"@id":"https:\/\/chemuza.org\/pt\/#organization"},"potentialAction":[{"@type":"SearchAction","target":{"@type":"EntryPoint","urlTemplate":"https:\/\/chemuza.org\/pt\/?s={search_term_string}"},"query-input":"required name=search_term_string"}],"inLanguage":"pt-PT"},{"@type":"Organization","@id":"https:\/\/chemuza.org\/pt\/#organization","name":"Chemuza","url":"https:\/\/chemuza.org\/pt\/","logo":{"@type":"ImageObject","inLanguage":"pt-PT","@id":"https:\/\/chemuza.org\/pt\/#\/schema\/logo\/image\/","url":"https:\/\/chemuza.org\/pt\/wp-content\/uploads\/2023\/10\/chemuza-logo.png","contentUrl":"https:\/\/chemuza.org\/pt\/wp-content\/uploads\/2023\/10\/chemuza-logo.png","width":387,"height":70,"caption":"Chemuza"},"image":{"@id":"https:\/\/chemuza.org\/pt\/#\/schema\/logo\/image\/"}}]}},"yoast_meta":{"yoast_wpseo_title":"","yoast_wpseo_metadesc":"","yoast_wpseo_canonical":""},"_links":{"self":[{"href":"https:\/\/chemuza.org\/pt\/wp-json\/wp\/v2\/pages\/1468","targetHints":{"allow":["GET"]}}],"collection":[{"href":"https:\/\/chemuza.org\/pt\/wp-json\/wp\/v2\/pages"}],"about":[{"href":"https:\/\/chemuza.org\/pt\/wp-json\/wp\/v2\/types\/page"}],"author":[{"embeddable":true,"href":"https:\/\/chemuza.org\/pt\/wp-json\/wp\/v2\/users\/1"}],"replies":[{"embeddable":true,"href":"https:\/\/chemuza.org\/pt\/wp-json\/wp\/v2\/comments?post=1468"}],"version-history":[{"count":0,"href":"https:\/\/chemuza.org\/pt\/wp-json\/wp\/v2\/pages\/1468\/revisions"}],"wp:attachment":[{"href":"https:\/\/chemuza.org\/pt\/wp-json\/wp\/v2\/media?parent=1468"}],"curies":[{"name":"wp","href":"https:\/\/api.w.org\/{rel}","templated":true}]}}