{"id":1467,"date":"2023-07-15T06:33:10","date_gmt":"2023-07-15T06:33:10","guid":{"rendered":"https:\/\/chemuza.org\/pt\/aluminio\/"},"modified":"2023-07-15T06:33:10","modified_gmt":"2023-07-15T06:33:10","slug":"aluminio","status":"publish","type":"page","link":"https:\/\/chemuza.org\/pt\/aluminio\/","title":{"rendered":"Alum\u00ednio"},"content":{"rendered":"<p>O alum\u00ednio \u00e9 um dos metais mais abundantes na Terra depois do oxig\u00eanio e do sil\u00edcio. Representa pouco mais de 8% da massa total da crosta terrestre e est\u00e1 presente na maioria das rochas e no corpo humano. Por\u00e9m, n\u00e3o \u00e9 encontrado na forma pura na natureza devido \u00e0 sua alta atividade qu\u00edmica. Descubra suas caracter\u00edsticas, propriedades e utiliza\u00e7\u00f5es.<\/p>\n<h2> <strong>O que \u00e9 alum\u00ednio?<\/strong><\/h2>\n<p> \u00c9 um elemento qu\u00edmico met\u00e1lico da tabela peri\u00f3dica, seu estado natural \u00e9 alcan\u00e7ado em muitos silicatos como micas, feldspatos e plagiocl\u00e1sio. \u00c9 extra\u00eddo da bauxita por transforma\u00e7\u00e3o primeiro em alumina e depois por eletr\u00f3lise em alum\u00ednio met\u00e1lico.<\/p>\n<h3> <strong>S\u00edmbolo de alum\u00ednio<\/strong><\/h3>\n<p> <span class=\"content-chemical-element\" style=\"float: left;width: 65px;height: 65px;border: 3px solid #666; display:flex;\n    justify-content: center;align-items: center;margin-right: 15px;\"><span style=\"font-size: 38px;\">Al<\/span><\/span> S\u00edmbolo que vem do latim al\u00famen e significa al\u00famen, relacionando-o a um duplo sulfato utilizado em corantes e adstringentes.<\/p>\n<h2> <strong>Caracter\u00edsticas do alum\u00ednio<\/strong><\/h2>\n<p> \u00c9 um metal que, seja \u00e0 temperatura ambiente ou ao congelamento, resiste a altera\u00e7\u00f5es f\u00edsicas, como golpes, perfura\u00e7\u00f5es ou cortes. Por\u00e9m, quando se apresenta na forma de ligas como o duralum\u00ednio, sua resist\u00eancia aumenta, semelhante ao tit\u00e2nio ou ao a\u00e7o, mas um pouco mais leve. Al\u00e9m disso, possui outros recursos:<\/p>\n<ul>\n<li> <strong>Cor:<\/strong> Branco prateado e brilhante.<\/li>\n<li> <strong>Reutiliza\u00e7\u00e3o:<\/strong> Suas ligas t\u00eam a capacidade de serem fundidas repetidamente sem perder nenhuma caracter\u00edstica mec\u00e2nica.<\/li>\n<li> <strong>Leveza:<\/strong> Comparado ao ferro, \u00e9 tr\u00eas vezes mais leve, pesando 2,7 gramas\/cm\u00b3.<\/li>\n<li> <strong>Condutividade:<\/strong> \u00c9 capaz de transmitir eletricidade.<\/li>\n<li> <strong>Elasticidade:<\/strong> Possui ductilidade intermedi\u00e1ria entre o ferro e a prata. \u00c9 deform\u00e1vel, portanto podem ser feitos cabos e fios.<\/li>\n<li> <strong>Maleabilidade:<\/strong> Permite ser laminado em camadas finas como latas ou folhas de alum\u00ednio.<\/li>\n<li> <strong>Resist\u00eancia:<\/strong> Oxida facilmente, por\u00e9m forma uma camada de \u00f3xido que protege a superf\u00edcie quando esta \u00e9 atacada pela corros\u00e3o.<\/li>\n<li> <strong>Incombust\u00edvel:<\/strong> N\u00e3o queima e n\u00e3o produz subst\u00e2ncias t\u00f3xicas.<\/li>\n<\/ul>\n<h2> <strong>Propriedades qu\u00edmicas e f\u00edsicas do alum\u00ednio<\/strong><\/h2>\n<ol>\n<li> <strong>N\u00famero at\u00f4mico:<\/strong> 13<\/li>\n<li> <strong>Val\u00eancia:<\/strong> 3<\/li>\n<li> <strong>Ponto de ebuli\u00e7\u00e3o (\u00b0C):<\/strong> 2467<\/li>\n<li> <strong>Ponto de fus\u00e3o (\u00b0C):<\/strong> 660<\/li>\n<li> <strong>Eletronegatividade:<\/strong> 1,5<\/li>\n<li> <strong>Raio covalente (A):<\/strong> 0,50 (+3)<\/li>\n<li> <strong>Raio i\u00f4nico (A):<\/strong> 0,535 A<\/li>\n<li> <strong>Raio at\u00f4mico (A):<\/strong> 1,43<\/li>\n<li> <strong>El\u00e9trons:<\/strong> 13 sem carga<\/li>\n<li> <strong>Pr\u00f3tons:<\/strong> 13<\/li>\n<li> <strong>Volume at\u00f4mico:<\/strong> 10 cm\u00b3\/mol<\/li>\n<li> <strong>Estado de oxida\u00e7\u00e3o:<\/strong> 3<\/li>\n<li> <strong>Massa at\u00f4mica:<\/strong> 26,9815<\/li>\n<li> <strong>Densidade:<\/strong> 2,70<\/li>\n<li> <strong>Refletividade \u00f3ptica:<\/strong> 71%<\/li>\n<li> <strong>Configura\u00e7\u00e3o eletr\u00f4nica:<\/strong> [Ne] 3s23p <sup>1<\/sup><\/li>\n<li> <strong>Primeiro potencial de ioniza\u00e7\u00e3o<\/strong> (eV): 6,00<\/li>\n<li> <strong>Condutividade t\u00e9rmica:<\/strong> 2,37 w\/cmk<\/li>\n<li> <strong>Condutividade el\u00e9trica:<\/strong> 0,377 10 <sup>6<\/sup> \/cm<\/li>\n<\/ol>\n<h2> <strong>Origem do alum\u00ednio<\/strong><\/h2>\n<p> Foi descoberto pelo qu\u00edmico alem\u00e3o Friedrich Wohler em 1827, que o extraiu em p\u00f3 pela rea\u00e7\u00e3o de alum\u00ednio e cloreto de pot\u00e1ssio. Ent\u00e3o, em 1845, ele mesmo determinou as propriedades do metal descoberto, como leveza, densidade, e as separou em bolas.<\/p>\n<h2> <strong>Para que \u00e9 usado o alum\u00ednio?<\/strong><\/h2>\n<p> Suas propriedades \u00f3pticas s\u00e3o utilizadas na fabrica\u00e7\u00e3o de espelhos dom\u00e9sticos e industriais, como telesc\u00f3pios refletores. Tamb\u00e9m \u00e9 utilizado na fabrica\u00e7\u00e3o de folhas de alum\u00ednio, cosm\u00e9ticos, medicamentos, alimentos preparados, tabaco, caf\u00e9 e vacinas.<\/p>\n<p> Da mesma forma, \u00e9 utilizado na fabrica\u00e7\u00e3o de latas e recipientes Tetra Briks, feitos de pl\u00e1stico polietileno, papel\u00e3o e alum\u00ednio. Gra\u00e7as \u00e0s ligas met\u00e1licas, \u00e9 utilizado na fabrica\u00e7\u00e3o de caldeiras e ve\u00edculos, al\u00e9m de estruturas arquitet\u00f4nicas. Tamb\u00e9m \u00e9 encontrado em certos instrumentos dom\u00e9sticos, como utens\u00edlios de cozinha.<\/p>\n<p> Devido ao seu bom desempenho em baixas temperaturas, \u00e9 utilizado na fabrica\u00e7\u00e3o de recipientes criog\u00eanicos. Da mesma forma, \u00e9 utilizado em soldagem aluminot\u00e9rmica e tamb\u00e9m como combust\u00edvel explosivo e qu\u00edmico, devido \u00e0 sua alta reatividade. O \u00f3xido de alum\u00ednio \u00e9 usado na forma cristalina ou amorfa e o corindo, uma pedra preciosa vermelha ou azul mais tarde chamada de rubi ou safira, pode ser feito.<\/p>\n<h2> <strong>Como reciclar o alum\u00ednio?<\/strong><\/h2>\n<p> A reciclagem desse metal consiste em um processo onde todos os res\u00edduos s\u00e3o transformados em outros produtos. Para isso, o metal \u00e9 fundido novamente, o que \u00e9 mais barato e consome menos energia, ao contr\u00e1rio da produ\u00e7\u00e3o de alum\u00ednio por eletr\u00f3lise da alumina. As etapas para recicl\u00e1-lo s\u00e3o:<\/p>\n<ul>\n<li> Recolha o metal.<\/li>\n<li> Transfira-o para a usina de reciclagem<\/li>\n<li> Separa\u00e7\u00e3o e limpeza.<\/li>\n<li> Os blocos s\u00e3o criados esmagando o material.<\/li>\n<li> Novas folhas de material s\u00e3o derretidas para uso.<\/li>\n<\/ul>\n<h2> <strong>Doen\u00e7as causadas pelo alum\u00ednio<\/strong><\/h2>\n<p> Acredita-se que pode causar s\u00e9rios danos \u00e0 sa\u00fade se usado em n\u00edveis elevados. No entanto, n\u00e3o est\u00e1 claro at\u00e9 que ponto isso pode causar danos. Isto tem sido associado a certas doen\u00e7as, como a doen\u00e7a de Alzheimer, doen\u00e7as malignas, alergias alimentares e doen\u00e7as renais.<\/p>\n<p> Concluindo, o alum\u00ednio \u00e9 o metal mais dispon\u00edvel no planeta e \u00e9 usado depois do a\u00e7o. Pelas suas caracter\u00edsticas, \u00e9 utilizado para diversos fins como transporte, medicina, constru\u00e7\u00e3o, sat\u00e9lites, embalagens, entre outros.<\/p>\n<h2> Mais informa\u00e7\u00f5es sobre alum\u00ednio<\/h2>\n","protected":false},"excerpt":{"rendered":"<p>O alum\u00ednio \u00e9 um dos metais mais abundantes na Terra depois do oxig\u00eanio e do sil\u00edcio. Representa pouco mais de 8% da massa total da crosta terrestre e est\u00e1 presente na maioria das rochas e no corpo humano. Por\u00e9m, n\u00e3o \u00e9 encontrado na forma pura na natureza devido \u00e0 sua alta atividade qu\u00edmica. Descubra suas &#8230; <a title=\"Alum\u00ednio\" class=\"read-more\" href=\"https:\/\/chemuza.org\/pt\/aluminio\/\" aria-label=\"Mais em Alum\u00ednio\">Ler mais<\/a><\/p>\n","protected":false},"author":1,"featured_media":0,"parent":0,"menu_order":0,"comment_status":"closed","ping_status":"closed","template":"","meta":{"footnotes":""},"class_list":["post-1467","page","type-page","status-publish"],"yoast_head":"<!-- This site is optimized with the Yoast SEO plugin v21.4 - https:\/\/yoast.com\/wordpress\/plugins\/seo\/ -->\n<title>Alum\u00ednio - Chemuza<\/title>\n<meta name=\"robots\" content=\"index, follow, max-snippet:-1, max-image-preview:large, max-video-preview:-1\" \/>\n<link rel=\"canonical\" href=\"https:\/\/chemuza.org\/pt\/aluminio\/\" \/>\n<meta property=\"og:locale\" content=\"pt_PT\" \/>\n<meta property=\"og:type\" content=\"article\" \/>\n<meta property=\"og:title\" content=\"Alum\u00ednio - Chemuza\" \/>\n<meta property=\"og:description\" content=\"O alum\u00ednio \u00e9 um dos metais mais abundantes na Terra depois do oxig\u00eanio e do sil\u00edcio. Representa pouco mais de 8% da massa total da crosta terrestre e est\u00e1 presente na maioria das rochas e no corpo humano. Por\u00e9m, n\u00e3o \u00e9 encontrado na forma pura na natureza devido \u00e0 sua alta atividade qu\u00edmica. Descubra suas ... Ler mais\" \/>\n<meta property=\"og:url\" content=\"https:\/\/chemuza.org\/pt\/aluminio\/\" \/>\n<meta property=\"og:site_name\" content=\"Statorials\" \/>\n<meta name=\"twitter:card\" content=\"summary_large_image\" \/>\n<meta name=\"twitter:label1\" content=\"Tempo estimado de leitura\" \/>\n\t<meta name=\"twitter:data1\" content=\"4 minutos\" \/>\n<script type=\"application\/ld+json\" class=\"yoast-schema-graph\">{\"@context\":\"https:\/\/schema.org\",\"@graph\":[{\"@type\":\"WebPage\",\"@id\":\"https:\/\/chemuza.org\/pt\/aluminio\/\",\"url\":\"https:\/\/chemuza.org\/pt\/aluminio\/\",\"name\":\"Alum\u00ednio - Chemuza\",\"isPartOf\":{\"@id\":\"https:\/\/chemuza.org\/pt\/#website\"},\"datePublished\":\"2023-07-15T06:33:10+00:00\",\"dateModified\":\"2023-07-15T06:33:10+00:00\",\"breadcrumb\":{\"@id\":\"https:\/\/chemuza.org\/pt\/aluminio\/#breadcrumb\"},\"inLanguage\":\"pt-PT\",\"potentialAction\":[{\"@type\":\"ReadAction\",\"target\":[\"https:\/\/chemuza.org\/pt\/aluminio\/\"]}]},{\"@type\":\"BreadcrumbList\",\"@id\":\"https:\/\/chemuza.org\/pt\/aluminio\/#breadcrumb\",\"itemListElement\":[{\"@type\":\"ListItem\",\"position\":1,\"name\":\"Lar\",\"item\":\"https:\/\/chemuza.org\/pt\/\"},{\"@type\":\"ListItem\",\"position\":2,\"name\":\"Alum\u00ednio\"}]},{\"@type\":\"WebSite\",\"@id\":\"https:\/\/chemuza.org\/pt\/#website\",\"url\":\"https:\/\/chemuza.org\/pt\/\",\"name\":\"Chemuza\",\"description\":\"Sua porta de entrada para a descoberta qu\u00edmica!\",\"publisher\":{\"@id\":\"https:\/\/chemuza.org\/pt\/#organization\"},\"potentialAction\":[{\"@type\":\"SearchAction\",\"target\":{\"@type\":\"EntryPoint\",\"urlTemplate\":\"https:\/\/chemuza.org\/pt\/?s={search_term_string}\"},\"query-input\":\"required name=search_term_string\"}],\"inLanguage\":\"pt-PT\"},{\"@type\":\"Organization\",\"@id\":\"https:\/\/chemuza.org\/pt\/#organization\",\"name\":\"Chemuza\",\"url\":\"https:\/\/chemuza.org\/pt\/\",\"logo\":{\"@type\":\"ImageObject\",\"inLanguage\":\"pt-PT\",\"@id\":\"https:\/\/chemuza.org\/pt\/#\/schema\/logo\/image\/\",\"url\":\"https:\/\/chemuza.org\/pt\/wp-content\/uploads\/2023\/10\/chemuza-logo.png\",\"contentUrl\":\"https:\/\/chemuza.org\/pt\/wp-content\/uploads\/2023\/10\/chemuza-logo.png\",\"width\":387,\"height\":70,\"caption\":\"Chemuza\"},\"image\":{\"@id\":\"https:\/\/chemuza.org\/pt\/#\/schema\/logo\/image\/\"}}]}<\/script>\n<!-- \/ Yoast SEO plugin. -->","yoast_head_json":{"title":"Alum\u00ednio - Chemuza","robots":{"index":"index","follow":"follow","max-snippet":"max-snippet:-1","max-image-preview":"max-image-preview:large","max-video-preview":"max-video-preview:-1"},"canonical":"https:\/\/chemuza.org\/pt\/aluminio\/","og_locale":"pt_PT","og_type":"article","og_title":"Alum\u00ednio - Chemuza","og_description":"O alum\u00ednio \u00e9 um dos metais mais abundantes na Terra depois do oxig\u00eanio e do sil\u00edcio. Representa pouco mais de 8% da massa total da crosta terrestre e est\u00e1 presente na maioria das rochas e no corpo humano. Por\u00e9m, n\u00e3o \u00e9 encontrado na forma pura na natureza devido \u00e0 sua alta atividade qu\u00edmica. Descubra suas ... Ler mais","og_url":"https:\/\/chemuza.org\/pt\/aluminio\/","og_site_name":"Statorials","twitter_card":"summary_large_image","twitter_misc":{"Tempo estimado de leitura":"4 minutos"},"schema":{"@context":"https:\/\/schema.org","@graph":[{"@type":"WebPage","@id":"https:\/\/chemuza.org\/pt\/aluminio\/","url":"https:\/\/chemuza.org\/pt\/aluminio\/","name":"Alum\u00ednio - Chemuza","isPartOf":{"@id":"https:\/\/chemuza.org\/pt\/#website"},"datePublished":"2023-07-15T06:33:10+00:00","dateModified":"2023-07-15T06:33:10+00:00","breadcrumb":{"@id":"https:\/\/chemuza.org\/pt\/aluminio\/#breadcrumb"},"inLanguage":"pt-PT","potentialAction":[{"@type":"ReadAction","target":["https:\/\/chemuza.org\/pt\/aluminio\/"]}]},{"@type":"BreadcrumbList","@id":"https:\/\/chemuza.org\/pt\/aluminio\/#breadcrumb","itemListElement":[{"@type":"ListItem","position":1,"name":"Lar","item":"https:\/\/chemuza.org\/pt\/"},{"@type":"ListItem","position":2,"name":"Alum\u00ednio"}]},{"@type":"WebSite","@id":"https:\/\/chemuza.org\/pt\/#website","url":"https:\/\/chemuza.org\/pt\/","name":"Chemuza","description":"Sua porta de entrada para a descoberta qu\u00edmica!","publisher":{"@id":"https:\/\/chemuza.org\/pt\/#organization"},"potentialAction":[{"@type":"SearchAction","target":{"@type":"EntryPoint","urlTemplate":"https:\/\/chemuza.org\/pt\/?s={search_term_string}"},"query-input":"required name=search_term_string"}],"inLanguage":"pt-PT"},{"@type":"Organization","@id":"https:\/\/chemuza.org\/pt\/#organization","name":"Chemuza","url":"https:\/\/chemuza.org\/pt\/","logo":{"@type":"ImageObject","inLanguage":"pt-PT","@id":"https:\/\/chemuza.org\/pt\/#\/schema\/logo\/image\/","url":"https:\/\/chemuza.org\/pt\/wp-content\/uploads\/2023\/10\/chemuza-logo.png","contentUrl":"https:\/\/chemuza.org\/pt\/wp-content\/uploads\/2023\/10\/chemuza-logo.png","width":387,"height":70,"caption":"Chemuza"},"image":{"@id":"https:\/\/chemuza.org\/pt\/#\/schema\/logo\/image\/"}}]}},"yoast_meta":{"yoast_wpseo_title":"","yoast_wpseo_metadesc":"","yoast_wpseo_canonical":""},"_links":{"self":[{"href":"https:\/\/chemuza.org\/pt\/wp-json\/wp\/v2\/pages\/1467","targetHints":{"allow":["GET"]}}],"collection":[{"href":"https:\/\/chemuza.org\/pt\/wp-json\/wp\/v2\/pages"}],"about":[{"href":"https:\/\/chemuza.org\/pt\/wp-json\/wp\/v2\/types\/page"}],"author":[{"embeddable":true,"href":"https:\/\/chemuza.org\/pt\/wp-json\/wp\/v2\/users\/1"}],"replies":[{"embeddable":true,"href":"https:\/\/chemuza.org\/pt\/wp-json\/wp\/v2\/comments?post=1467"}],"version-history":[{"count":0,"href":"https:\/\/chemuza.org\/pt\/wp-json\/wp\/v2\/pages\/1467\/revisions"}],"wp:attachment":[{"href":"https:\/\/chemuza.org\/pt\/wp-json\/wp\/v2\/media?parent=1467"}],"curies":[{"name":"wp","href":"https:\/\/api.w.org\/{rel}","templated":true}]}}