{"id":1466,"date":"2023-07-15T07:56:51","date_gmt":"2023-07-15T07:56:51","guid":{"rendered":"https:\/\/chemuza.org\/pt\/magnesio\/"},"modified":"2023-07-15T07:56:51","modified_gmt":"2023-07-15T07:56:51","slug":"magnesio","status":"publish","type":"page","link":"https:\/\/chemuza.org\/pt\/magnesio\/","title":{"rendered":"Magn\u00e9sio"},"content":{"rendered":"<p>Voc\u00ea sabia que o magn\u00e9sio \u00e9 utilizado para fazer os famosos fogos de artif\u00edcio que geram fa\u00edscas, chamas e fuma\u00e7a? Isto \u00e9 poss\u00edvel gra\u00e7as \u00e0s suas propriedades f\u00edsico-qu\u00edmicas. Al\u00e9m disso, pode ser muito \u00fatil nas \u00e1reas m\u00e9dica, industrial e de constru\u00e7\u00e3o. Saiba mais sobre este elemento fundamental.<\/p>\n<h2> <strong>O que \u00e9 magn\u00e9sio?<\/strong><\/h2>\n<p> Refere-se ao elemento qu\u00edmico com n\u00famero at\u00f4mico 12 na tabela peri\u00f3dica. Faz parte do grupo qu\u00edmico ou s\u00e9rie dos metais alcalino-terrosos. Tem aspecto branco prateado e pode ser insol\u00favel, moderadamente forte, leve e bem reativo. Por outro lado, \u00e9 constitu\u00eddo por \u00edons moleculares essenciais \u00e0 vida e obtidos pela eletr\u00f3lise do cloreto de magn\u00e9sio fundido.<\/p>\n<h3> <strong>S\u00edmbolo de magn\u00e9sio<\/strong><\/h3>\n<p> <span class=\"content-chemical-element\" style=\"float: left; width: 65px; height: 65px; border: 3px solid #666; display: flex; justify-content: center; align-items: center; margin-right: 15px;\"><span style=\"font-size: 38px;\">Mg<\/span><\/span> Esta simbologia identificadora vem da palavra latina <em>Magn\u00e9sio<\/em> , cuja defini\u00e7\u00e3o \u00e9 Magn\u00e9sio. Recebe esse nome porque grandes quantidades do metal foram encontradas na prefeitura de Magn\u00e9sia, regi\u00e3o da antiga Tess\u00e1lia. No entanto, o nome <em>Magnium<\/em> foi proposto pela primeira vez, embora posteriormente tenha mantido o nome atual.<\/p>\n<h2> <strong>Caracter\u00edsticas do magn\u00e9sio<\/strong><\/h2>\n<p> As caracter\u00edsticas incluem val\u00eancia 2, eletronegatividade de 1,31 e dureza mineral de 2,5 na escala de Mohs. Na verdade, a dureza da \u00e1gua se deve \u00e0 presen\u00e7a de sais de c\u00e1lcio e magn\u00e9sio. Al\u00e9m disso, \u00e9 altamente inflam\u00e1vel e produz uma chama branca intensa e dif\u00edcil de extinguir quando acesa. Al\u00e9m disso, outros aspectos que o identificam s\u00e3o:<\/p>\n<ul>\n<li> <strong>Alotropia:<\/strong> Este metal n\u00e3o possui estruturas alotr\u00f3picas.<\/li>\n<li> <strong>Male\u00e1vel<\/strong> : \u00c9 um elemento male\u00e1vel e quando aquecido pode ser d\u00factil.<\/li>\n<li> <strong>Magn\u00e9tico<\/strong> : Como reage aos campos magn\u00e9ticos, apresenta um sistema paramagn\u00e9tico.<\/li>\n<li> <strong>Tenacidade<\/strong> : Baixa.<\/li>\n<li> <strong>Dureza<\/strong> : Boa resist\u00eancia ao peso, choques e choques.<\/li>\n<li> <strong>Cor<\/strong> : Sua apar\u00eancia \u00e9 branco prateado.<\/li>\n<li> <strong>Condi\u00e7\u00e3o<\/strong> : O estado normal do elemento \u00e9 s\u00f3lido.<\/li>\n<li> <strong>Sabor e odor<\/strong> : Possui sabor met\u00e1lico e sem odor.<\/li>\n<li> <strong>Solubilidade<\/strong> : \u00c9 insol\u00favel, embora \u00e0 temperatura ambiente reaja lentamente com a \u00e1gua.<\/li>\n<li> <strong>Sustentabilidade ambiental<\/strong> : \u00c9 um metal 100% ecol\u00f3gico, recicl\u00e1vel e comprometido com a prote\u00e7\u00e3o do meio ambiente.<\/li>\n<\/ul>\n<h2> <strong>Propriedades qu\u00edmicas e f\u00edsicas do magn\u00e9sio<\/strong><\/h2>\n<ol>\n<li> <strong>N\u00famero at\u00f4mico<\/strong> : 12<\/li>\n<li> <strong>Grupo<\/strong> : 2<\/li>\n<li> <strong>Per\u00edodo<\/strong> : 3<\/li>\n<li> <strong>Bloco<\/strong> : s<\/li>\n<li> <strong>Peso at\u00f4mico<\/strong> : 24.312<\/li>\n<li> <strong>Densidade<\/strong> : 1738 kg\/m\u00b3<\/li>\n<li> <strong>Condi\u00e7\u00e3o<\/strong> : S\u00f3lido<\/li>\n<li> <strong>Ferrugem<\/strong> : B\u00e1sico<\/li>\n<li> <strong>Estados de oxida\u00e7\u00e3o<\/strong> : +2<\/li>\n<li> <strong>Ponto de fus\u00e3o<\/strong> : 650\u00b0C<\/li>\n<li> <strong>Ponto de ebuli\u00e7\u00e3o<\/strong> : 1090\u00b0C<\/li>\n<li> <strong>Calor espec\u00edfico<\/strong> : 1020 J\/(K-kg)<\/li>\n<li> <strong>Eletronegatividade<\/strong> : 1,31<\/li>\n<li> <strong>Raio m\u00e9dio<\/strong> : 150h<\/li>\n<li> <strong>Raio covalente<\/strong> : 130h<\/li>\n<li> <strong>Raio at\u00f4mico<\/strong> : 145h<\/li>\n<li> <strong>El\u00e9trons por camada<\/strong> : 2, 8, 2<\/li>\n<li> <strong>Configura\u00e7\u00e3o eletr\u00f4nica<\/strong> : [Ne]3 s\u00b2<\/li>\n<\/ol>\n<h2> <strong>Origem do magn\u00e9sio<\/strong><\/h2>\n<p> Em 1618, um fazendeiro ingl\u00eas obteve \u00e1gua de um po\u00e7o com propriedades curativas. A verdade \u00e9 que continham sulfato de magn\u00e9sio hidratado, conhecido como sais de Epsom. Mais tarde, em 1755, o m\u00e9dico escoc\u00eas Joseph Black ratificou-o como elemento qu\u00edmico.<\/p>\n<p> Mais tarde, em 1808, o elemento foi isolado, ou seja, produzido pela primeira vez gra\u00e7as ao qu\u00edmico brit\u00e2nico Sir Humphry Davy, reconhecido como seu descobridor oficial. Mais tarde, o franc\u00eas Antoine Alexandre Bussy alcan\u00e7ou a primeira forma est\u00e1vel e coerente do elemento em 1831.<\/p>\n<h2> <strong>Para que \u00e9 usado o magn\u00e9sio?<\/strong><\/h2>\n<p> Um recurso muito \u00fatil s\u00e3o sinalizadores, flashes fotogr\u00e1ficos, bombas incendi\u00e1rias e fogos de artif\u00edcio. Al\u00e9m disso, por ser leve e resistente, geralmente \u00e9 utilizado em diversos tipos de ligas, como na constru\u00e7\u00e3o de aeronaves, m\u00edsseis e pneus.<\/p>\n<p> Al\u00e9m disso, outras aplica\u00e7\u00f5es s\u00e3o encontradas na sua contribui\u00e7\u00e3o na produ\u00e7\u00e3o de grafite nodular, propelentes convencionais, processamento de ur\u00e2nio puro e outros metais. Al\u00e9m disso, \u00e9 frequentemente utilizado medicinalmente para diversos fins, por exemplo, como mineral para nutri\u00e7\u00e3o, peso e altura.<\/p>\n<h2> <strong>Onde o magn\u00e9sio \u00e9 encontrado?<\/strong><\/h2>\n<p> Por ocupar o 8\u00ba lugar entre os elementos da tabela peri\u00f3dica, \u00e9 um agente abundante no planeta e ocupa 2% da crosta terrestre. Na terra \u00e9 obtido na forma de compostos org\u00e2nicos e inorg\u00e2nicos, como magnesita, brucita, dolomita, olivina, carnalita, entre outros minerais, embora n\u00e3o seja encontrado no estado puro.<\/p>\n<p> Por outro lado, existem alimentos que o cont\u00eam, principalmente os de origem vegetal. Os exemplos incluem nozes, sementes e ervas secas. Por sua vez, faz parte dos nutrientes essenciais do corpo humano, pois contribui para a forma\u00e7\u00e3o de ossos, \u00e1cidos graxos, prote\u00ednas, entre outros.<\/p>\n<h2> <strong>Composi\u00e7\u00e3o de magn\u00e9sio<\/strong><\/h2>\n<p> Cria compostos divalentes como o carbonato de magn\u00e9sio, usado como dessecante por atletas. Da mesma forma, forma hidr\u00f3xido de magn\u00e9sio, um conhecido anti\u00e1cido e laxante. Tamb\u00e9m nitrato de magn\u00e9sio, sal inorg\u00e2nico, cloreto de magn\u00e9sio, suplementos diet\u00e9ticos e outros na forma de \u00f3xido de magn\u00e9sio, brometo, sulfato e fl\u00faor.<\/p>\n<p> Em resumo, o magn\u00e9sio corresponde a uma entidade qu\u00edmica que no seu estado normal \u00e9 s\u00f3lida. Faz parte do grupo dos metais alcalino-terrosos com n\u00famero 12 e massa at\u00f4mica de 24.312. N\u00e3o apresenta solubilidade ou resist\u00eancia, mas apresenta maleabilidade, alta reatividade e desempenha um importante papel nutricional para humanos.<\/p>\n","protected":false},"excerpt":{"rendered":"<p>Voc\u00ea sabia que o magn\u00e9sio \u00e9 utilizado para fazer os famosos fogos de artif\u00edcio que geram fa\u00edscas, chamas e fuma\u00e7a? Isto \u00e9 poss\u00edvel gra\u00e7as \u00e0s suas propriedades f\u00edsico-qu\u00edmicas. Al\u00e9m disso, pode ser muito \u00fatil nas \u00e1reas m\u00e9dica, industrial e de constru\u00e7\u00e3o. Saiba mais sobre este elemento fundamental. O que \u00e9 magn\u00e9sio? Refere-se ao elemento qu\u00edmico &#8230; <a title=\"Magn\u00e9sio\" class=\"read-more\" href=\"https:\/\/chemuza.org\/pt\/magnesio\/\" aria-label=\"Mais em Magn\u00e9sio\">Ler mais<\/a><\/p>\n","protected":false},"author":1,"featured_media":0,"parent":0,"menu_order":0,"comment_status":"closed","ping_status":"closed","template":"","meta":{"footnotes":""},"class_list":["post-1466","page","type-page","status-publish"],"yoast_head":"<!-- This site is optimized with the Yoast SEO plugin v21.4 - https:\/\/yoast.com\/wordpress\/plugins\/seo\/ -->\n<title>Magn\u00e9sio - Chemuza<\/title>\n<meta name=\"robots\" content=\"index, follow, max-snippet:-1, max-image-preview:large, max-video-preview:-1\" \/>\n<link rel=\"canonical\" href=\"https:\/\/chemuza.org\/pt\/magnesio\/\" \/>\n<meta property=\"og:locale\" content=\"pt_PT\" \/>\n<meta property=\"og:type\" content=\"article\" \/>\n<meta property=\"og:title\" content=\"Magn\u00e9sio - Chemuza\" \/>\n<meta property=\"og:description\" content=\"Voc\u00ea sabia que o magn\u00e9sio \u00e9 utilizado para fazer os famosos fogos de artif\u00edcio que geram fa\u00edscas, chamas e fuma\u00e7a? Isto \u00e9 poss\u00edvel gra\u00e7as \u00e0s suas propriedades f\u00edsico-qu\u00edmicas. Al\u00e9m disso, pode ser muito \u00fatil nas \u00e1reas m\u00e9dica, industrial e de constru\u00e7\u00e3o. Saiba mais sobre este elemento fundamental. O que \u00e9 magn\u00e9sio? Refere-se ao elemento qu\u00edmico ... Ler mais\" \/>\n<meta property=\"og:url\" content=\"https:\/\/chemuza.org\/pt\/magnesio\/\" \/>\n<meta property=\"og:site_name\" content=\"Statorials\" \/>\n<meta name=\"twitter:card\" content=\"summary_large_image\" \/>\n<meta name=\"twitter:label1\" content=\"Tempo estimado de leitura\" \/>\n\t<meta name=\"twitter:data1\" content=\"4 minutos\" \/>\n<script type=\"application\/ld+json\" class=\"yoast-schema-graph\">{\"@context\":\"https:\/\/schema.org\",\"@graph\":[{\"@type\":\"WebPage\",\"@id\":\"https:\/\/chemuza.org\/pt\/magnesio\/\",\"url\":\"https:\/\/chemuza.org\/pt\/magnesio\/\",\"name\":\"Magn\u00e9sio - Chemuza\",\"isPartOf\":{\"@id\":\"https:\/\/chemuza.org\/pt\/#website\"},\"datePublished\":\"2023-07-15T07:56:51+00:00\",\"dateModified\":\"2023-07-15T07:56:51+00:00\",\"breadcrumb\":{\"@id\":\"https:\/\/chemuza.org\/pt\/magnesio\/#breadcrumb\"},\"inLanguage\":\"pt-PT\",\"potentialAction\":[{\"@type\":\"ReadAction\",\"target\":[\"https:\/\/chemuza.org\/pt\/magnesio\/\"]}]},{\"@type\":\"BreadcrumbList\",\"@id\":\"https:\/\/chemuza.org\/pt\/magnesio\/#breadcrumb\",\"itemListElement\":[{\"@type\":\"ListItem\",\"position\":1,\"name\":\"Lar\",\"item\":\"https:\/\/chemuza.org\/pt\/\"},{\"@type\":\"ListItem\",\"position\":2,\"name\":\"Magn\u00e9sio\"}]},{\"@type\":\"WebSite\",\"@id\":\"https:\/\/chemuza.org\/pt\/#website\",\"url\":\"https:\/\/chemuza.org\/pt\/\",\"name\":\"Chemuza\",\"description\":\"Sua porta de entrada para a descoberta qu\u00edmica!\",\"publisher\":{\"@id\":\"https:\/\/chemuza.org\/pt\/#organization\"},\"potentialAction\":[{\"@type\":\"SearchAction\",\"target\":{\"@type\":\"EntryPoint\",\"urlTemplate\":\"https:\/\/chemuza.org\/pt\/?s={search_term_string}\"},\"query-input\":\"required name=search_term_string\"}],\"inLanguage\":\"pt-PT\"},{\"@type\":\"Organization\",\"@id\":\"https:\/\/chemuza.org\/pt\/#organization\",\"name\":\"Chemuza\",\"url\":\"https:\/\/chemuza.org\/pt\/\",\"logo\":{\"@type\":\"ImageObject\",\"inLanguage\":\"pt-PT\",\"@id\":\"https:\/\/chemuza.org\/pt\/#\/schema\/logo\/image\/\",\"url\":\"https:\/\/chemuza.org\/pt\/wp-content\/uploads\/2023\/10\/chemuza-logo.png\",\"contentUrl\":\"https:\/\/chemuza.org\/pt\/wp-content\/uploads\/2023\/10\/chemuza-logo.png\",\"width\":387,\"height\":70,\"caption\":\"Chemuza\"},\"image\":{\"@id\":\"https:\/\/chemuza.org\/pt\/#\/schema\/logo\/image\/\"}}]}<\/script>\n<!-- \/ Yoast SEO plugin. -->","yoast_head_json":{"title":"Magn\u00e9sio - Chemuza","robots":{"index":"index","follow":"follow","max-snippet":"max-snippet:-1","max-image-preview":"max-image-preview:large","max-video-preview":"max-video-preview:-1"},"canonical":"https:\/\/chemuza.org\/pt\/magnesio\/","og_locale":"pt_PT","og_type":"article","og_title":"Magn\u00e9sio - Chemuza","og_description":"Voc\u00ea sabia que o magn\u00e9sio \u00e9 utilizado para fazer os famosos fogos de artif\u00edcio que geram fa\u00edscas, chamas e fuma\u00e7a? Isto \u00e9 poss\u00edvel gra\u00e7as \u00e0s suas propriedades f\u00edsico-qu\u00edmicas. Al\u00e9m disso, pode ser muito \u00fatil nas \u00e1reas m\u00e9dica, industrial e de constru\u00e7\u00e3o. Saiba mais sobre este elemento fundamental. O que \u00e9 magn\u00e9sio? Refere-se ao elemento qu\u00edmico ... Ler mais","og_url":"https:\/\/chemuza.org\/pt\/magnesio\/","og_site_name":"Statorials","twitter_card":"summary_large_image","twitter_misc":{"Tempo estimado de leitura":"4 minutos"},"schema":{"@context":"https:\/\/schema.org","@graph":[{"@type":"WebPage","@id":"https:\/\/chemuza.org\/pt\/magnesio\/","url":"https:\/\/chemuza.org\/pt\/magnesio\/","name":"Magn\u00e9sio - Chemuza","isPartOf":{"@id":"https:\/\/chemuza.org\/pt\/#website"},"datePublished":"2023-07-15T07:56:51+00:00","dateModified":"2023-07-15T07:56:51+00:00","breadcrumb":{"@id":"https:\/\/chemuza.org\/pt\/magnesio\/#breadcrumb"},"inLanguage":"pt-PT","potentialAction":[{"@type":"ReadAction","target":["https:\/\/chemuza.org\/pt\/magnesio\/"]}]},{"@type":"BreadcrumbList","@id":"https:\/\/chemuza.org\/pt\/magnesio\/#breadcrumb","itemListElement":[{"@type":"ListItem","position":1,"name":"Lar","item":"https:\/\/chemuza.org\/pt\/"},{"@type":"ListItem","position":2,"name":"Magn\u00e9sio"}]},{"@type":"WebSite","@id":"https:\/\/chemuza.org\/pt\/#website","url":"https:\/\/chemuza.org\/pt\/","name":"Chemuza","description":"Sua porta de entrada para a descoberta qu\u00edmica!","publisher":{"@id":"https:\/\/chemuza.org\/pt\/#organization"},"potentialAction":[{"@type":"SearchAction","target":{"@type":"EntryPoint","urlTemplate":"https:\/\/chemuza.org\/pt\/?s={search_term_string}"},"query-input":"required name=search_term_string"}],"inLanguage":"pt-PT"},{"@type":"Organization","@id":"https:\/\/chemuza.org\/pt\/#organization","name":"Chemuza","url":"https:\/\/chemuza.org\/pt\/","logo":{"@type":"ImageObject","inLanguage":"pt-PT","@id":"https:\/\/chemuza.org\/pt\/#\/schema\/logo\/image\/","url":"https:\/\/chemuza.org\/pt\/wp-content\/uploads\/2023\/10\/chemuza-logo.png","contentUrl":"https:\/\/chemuza.org\/pt\/wp-content\/uploads\/2023\/10\/chemuza-logo.png","width":387,"height":70,"caption":"Chemuza"},"image":{"@id":"https:\/\/chemuza.org\/pt\/#\/schema\/logo\/image\/"}}]}},"yoast_meta":{"yoast_wpseo_title":"","yoast_wpseo_metadesc":"","yoast_wpseo_canonical":""},"_links":{"self":[{"href":"https:\/\/chemuza.org\/pt\/wp-json\/wp\/v2\/pages\/1466","targetHints":{"allow":["GET"]}}],"collection":[{"href":"https:\/\/chemuza.org\/pt\/wp-json\/wp\/v2\/pages"}],"about":[{"href":"https:\/\/chemuza.org\/pt\/wp-json\/wp\/v2\/types\/page"}],"author":[{"embeddable":true,"href":"https:\/\/chemuza.org\/pt\/wp-json\/wp\/v2\/users\/1"}],"replies":[{"embeddable":true,"href":"https:\/\/chemuza.org\/pt\/wp-json\/wp\/v2\/comments?post=1466"}],"version-history":[{"count":0,"href":"https:\/\/chemuza.org\/pt\/wp-json\/wp\/v2\/pages\/1466\/revisions"}],"wp:attachment":[{"href":"https:\/\/chemuza.org\/pt\/wp-json\/wp\/v2\/media?parent=1466"}],"curies":[{"name":"wp","href":"https:\/\/api.w.org\/{rel}","templated":true}]}}