{"id":1465,"date":"2023-07-15T08:56:28","date_gmt":"2023-07-15T08:56:28","guid":{"rendered":"https:\/\/chemuza.org\/pt\/neon\/"},"modified":"2023-07-15T08:56:28","modified_gmt":"2023-07-15T08:56:28","slug":"neon","status":"publish","type":"page","link":"https:\/\/chemuza.org\/pt\/neon\/","title":{"rendered":"N\u00e9on"},"content":{"rendered":"<p>O uso mais famoso do neon no mundo diz respeito ao uso de suas cores como ferramenta de proposi\u00e7\u00e3o publicit\u00e1ria. Por outro lado, embora seja um elemento quase imposs\u00edvel de encontrar no ar, \u00e9 abundante no universo. Saiba mais sobre este interessante elemento, como suas propriedades, caracter\u00edsticas e aplica\u00e7\u00f5es.<\/p>\n<h2> <strong>O que \u00e9 n\u00e9on?<\/strong><\/h2>\n<p> \u00c9 um elemento qu\u00edmico no estado gasoso e com n\u00famero at\u00f4mico 10, o g\u00e1s mais leve depois do h\u00e9lio. \u00c9 inodoro, ins\u00edpido, incolor e faz parte da s\u00e9rie qu\u00edmica de gases nobres. Al\u00e9m disso, mant\u00e9m o n\u00edvel t\u00e9rmico de um corpo melhor que o hidrog\u00eanio e d\u00e1 o tom vermelho-alaranjado \u00e0s l\u00e2mpadas fluorescentes.<\/p>\n<h3> <strong>Sinal de neon<\/strong><\/h3>\n<p> <span class=\"content-chemical-element\" style=\"float: left;width: 65px;height: 65px;border: 3px solid #666; display:flex;\n    justify-content: center;align-items: center;margin-right: 15px;\"><span style=\"font-size: 38px;\">Ne<\/span><\/span> Este nome \u00e9 derivado da palavra grega <em>Neos<\/em> cujo significado \u00e9 Novo. Este termo foi designado para o elemento qu\u00edmico ap\u00f3s a descoberta do Arg\u00f4nio e do Cript\u00f4nio. Por esse motivo, acrescentaram o final no final.<\/p>\n<h2> <strong>Caracter\u00edsticas do n\u00e9on<\/strong><\/h2>\n<p> Este elemento caracteriza-se pelo seu car\u00e1ter isolado, embora possa reagir com elementos menos inertes, mas isso raramente acontece. Al\u00e9m disso, possui uma camada eletr\u00f4nica completa. Confira outros recursos nesta lista:<\/p>\n<ul>\n<li> <strong>Al\u00f3tropos<\/strong> : Este elemento qu\u00edmico n\u00e3o possui al\u00f3tropos.<\/li>\n<li> <strong>Male\u00e1vel<\/strong> : Falta-lhes ductilidade e maleabilidade.<\/li>\n<li> <strong>Magnetismo<\/strong> : \u00c9 um condutor el\u00e9trico, mas apenas quando ionizado.<\/li>\n<li> <strong>Dureza<\/strong> : N\u00e3o cont\u00e9m dados de dureza mineral na escala de Mohs.<\/li>\n<li> <strong>Cor<\/strong> : \u00c9 incolor, mas se ionizado emite f\u00f3tons de energia com flashes avermelhados e laranja.<\/li>\n<li> <strong>Estado<\/strong> : Sua fase normal \u00e9 gasosa.<\/li>\n<li> <strong>Sabor e odor<\/strong> : Tem sabor ins\u00edpido e n\u00e3o tem odor.<\/li>\n<li> <strong>Solubilidade<\/strong> : Um elemento que n\u00e3o \u00e9 sol\u00favel.<\/li>\n<li> <strong>Densidade<\/strong> : \u00c9 1,4 menos denso que o ar.<\/li>\n<li> <strong>Reatividade<\/strong> : Sua reatividade \u00e9 zero, pois n\u00e3o ganha nem perde el\u00e9trons.<\/li>\n<\/ul>\n<h2> <strong>Propriedades qu\u00edmicas e f\u00edsicas do Neon<\/strong><\/h2>\n<ol>\n<li> <strong>N\u00famero at\u00f4mico<\/strong> : 10<\/li>\n<li> <strong>Grupo<\/strong> : 18<\/li>\n<li> <strong>Per\u00edodo<\/strong> : 2<\/li>\n<li> <strong>Bloquear<\/strong> :p<\/li>\n<li> <strong>Peso at\u00f4mico<\/strong> : 20,1797<\/li>\n<li> <strong>Densidade<\/strong> : 0,8999 kg\/m\u00b3<\/li>\n<li> <strong>Estado<\/strong> : G\u00e1s<\/li>\n<li> <strong>Ferrugem<\/strong> : N\u00e3o<\/li>\n<li> <strong>Ponto de fus\u00e3o<\/strong> : -249\u00b0C<\/li>\n<li> <strong>Ponto de ebuli\u00e7\u00e3o<\/strong> : -246\u00b0C<\/li>\n<li> <strong>Calor espec\u00edfico<\/strong> : 103 J\/(K-kg)<\/li>\n<li> <strong>Eletronegatividade<\/strong> : N\u00e3o possui<\/li>\n<li> <strong>Raio m\u00e9dio<\/strong> : N\u00e3o<\/li>\n<li> <strong>Raio covalente<\/strong> : 69h<\/li>\n<li> <strong>Raio at\u00f4mico<\/strong> : 38h<\/li>\n<li> <strong>El\u00e9trons por camada<\/strong> : 2,8<\/li>\n<li> <strong>Estados de oxida\u00e7\u00e3o<\/strong> : N\u00e3o<\/li>\n<li> <strong>Configura\u00e7\u00e3o eletr\u00f4nica<\/strong> : [He]2s <sup>2<\/sup> 2p <sup>6<\/sup><\/li>\n<\/ol>\n<h2> <strong>Origem do n\u00e9on<\/strong><\/h2>\n<p> A descoberta foi feita pelo qu\u00edmico escoc\u00eas Sir William Ramsay, como parte de um trabalho realizado com o brit\u00e2nico Morris William Travers. Isso aconteceu logo ap\u00f3s identificar e isolar cript\u00f4nio, xen\u00f4nio e h\u00e9lio. Segundo a hist\u00f3ria, esta descoberta ocorreu na University College London em 1898.<\/p>\n<h2> <strong>Para que \u00e9 usado o n\u00e9on?<\/strong><\/h2>\n<p> Grandes quantidades deste elemento s\u00e3o utilizadas em procedimentos f\u00edsicos de altas energias. Na verdade, as c\u00e2maras de cintila\u00e7\u00e3o s\u00e3o preenchidas com este elemento e as part\u00edculas nucleares que passam s\u00e3o detectadas. Outro uso do n\u00e9on \u00e9 seu trabalho como refrigerante criog\u00eanico em estado liquefeito. Da mesma forma, geralmente \u00e9 utilizado em estado l\u00edquido para sistemas de refrigera\u00e7\u00e3o.<\/p>\n<p> Por outro lado, \u00e9 utilizado com h\u00e9lio para produzir uma esp\u00e9cie de laser. Al\u00e9m disso, permite criar os famosos tubos de n\u00e9on incandescentes que podem ser dobrados. \u00c9 ainda usado em l\u00e2mpadas para indicar corrente de alta tens\u00e3o.<\/p>\n<h2> <strong>Como voc\u00ea consegue n\u00e9on?<\/strong><\/h2>\n<p> \u00c9 um elemento obtido por m\u00e9todos de liquefa\u00e7\u00e3o e destila\u00e7\u00e3o fracionada. Este processo ocorre prendendo o ar dentro de um recipiente e depois resfriando-o at\u00e9 que o ar l\u00edquido seja formado. Ent\u00e3o, a temperatura que separa os gases emitidos quando o ar evapora aumenta.<\/p>\n<p> Em seguida, todas as amostras de gases emitidas s\u00e3o isoladas em tubos de vidro. Isto \u00e9 poss\u00edvel com eletrodos em cada extremidade e em baixa press\u00e3o, tamb\u00e9m chamados de tubos Geissler. Por fim, o Neon vem na forma de tons roxos intensos.<\/p>\n<h2> <strong>Onde podemos encontrar N\u00e9on?<\/strong><\/h2>\n<p> Em seu estado comum ou natural, que \u00e9 gasoso, \u00e9 geralmente encontrado em minerais, meteoritos, novas, supernovas e na atmosfera terrestre. A propor\u00e7\u00e3o deste elemento na esfera terrestre \u00e9 de apenas 0,0018%. Pelo contr\u00e1rio, leva o t\u00edtulo de quinto elemento mais abundante no universo.<\/p>\n<h2> <strong>Efeitos do n\u00e9on na sa\u00fade<\/strong><\/h2>\n<p> Parece n\u00e3o causar nenhum dano ambiental ou ecol\u00f3gico. No entanto, em segundos, \u00f3rg\u00e3os como a pele e os olhos podem congelar ao entrar em contato com esse elemento qu\u00edmico. Portanto, se uma pessoa for exposta ao elemento em altas concentra\u00e7\u00f5es, por meio de inala\u00e7\u00e3o, pode causar n\u00e1useas, tonturas, v\u00f4mitos, perda de consci\u00eancia, convuls\u00f5es, estado de coma e at\u00e9 morte. Os primeiros sintomas observados s\u00e3o:<\/p>\n<ul>\n<li> Respira\u00e7\u00e3o r\u00e1pida.<\/li>\n<li> Dificuldade respirat\u00f3ria.<\/li>\n<li> Perda de agilidade mental.<\/li>\n<li> Diminui\u00e7\u00e3o da coordena\u00e7\u00e3o muscular.<\/li>\n<li> Prostra\u00e7\u00e3o.<\/li>\n<li> Inconsci\u00eancia.<\/li>\n<\/ul>\n<p> Concluindo, o n\u00e9on \u00e9 um g\u00e1s altamente inerte, que n\u00e3o apresenta reatividade, toxicidade, dureza mineral, solubilidade ou maleabilidade. Est\u00e1 entre os gases raros da tabela peri\u00f3dica com o n\u00famero 10, carrega o s\u00edmbolo Ne e tem massa at\u00f4mica de 20.179. Al\u00e9m disso, este elemento qu\u00edmico \u00e9 incolor, inodoro e ins\u00edpido.<\/p>\n","protected":false},"excerpt":{"rendered":"<p>O uso mais famoso do neon no mundo diz respeito ao uso de suas cores como ferramenta de proposi\u00e7\u00e3o publicit\u00e1ria. Por outro lado, embora seja um elemento quase imposs\u00edvel de encontrar no ar, \u00e9 abundante no universo. Saiba mais sobre este interessante elemento, como suas propriedades, caracter\u00edsticas e aplica\u00e7\u00f5es. O que \u00e9 n\u00e9on? \u00c9 um &#8230; <a title=\"N\u00e9on\" class=\"read-more\" href=\"https:\/\/chemuza.org\/pt\/neon\/\" aria-label=\"Mais em N\u00e9on\">Ler mais<\/a><\/p>\n","protected":false},"author":1,"featured_media":0,"parent":0,"menu_order":0,"comment_status":"closed","ping_status":"closed","template":"","meta":{"footnotes":""},"class_list":["post-1465","page","type-page","status-publish"],"yoast_head":"<!-- This site is optimized with the Yoast SEO plugin v21.4 - https:\/\/yoast.com\/wordpress\/plugins\/seo\/ -->\n<title>N\u00e9on - Chemuza<\/title>\n<meta name=\"robots\" content=\"index, follow, max-snippet:-1, max-image-preview:large, max-video-preview:-1\" \/>\n<link rel=\"canonical\" href=\"https:\/\/chemuza.org\/pt\/neon\/\" \/>\n<meta property=\"og:locale\" content=\"pt_PT\" \/>\n<meta property=\"og:type\" content=\"article\" \/>\n<meta property=\"og:title\" content=\"N\u00e9on - Chemuza\" \/>\n<meta property=\"og:description\" content=\"O uso mais famoso do neon no mundo diz respeito ao uso de suas cores como ferramenta de proposi\u00e7\u00e3o publicit\u00e1ria. Por outro lado, embora seja um elemento quase imposs\u00edvel de encontrar no ar, \u00e9 abundante no universo. Saiba mais sobre este interessante elemento, como suas propriedades, caracter\u00edsticas e aplica\u00e7\u00f5es. O que \u00e9 n\u00e9on? \u00c9 um ... Ler mais\" \/>\n<meta property=\"og:url\" content=\"https:\/\/chemuza.org\/pt\/neon\/\" \/>\n<meta property=\"og:site_name\" content=\"Statorials\" \/>\n<meta name=\"twitter:card\" content=\"summary_large_image\" \/>\n<meta name=\"twitter:label1\" content=\"Tempo estimado de leitura\" \/>\n\t<meta name=\"twitter:data1\" content=\"4 minutos\" \/>\n<script type=\"application\/ld+json\" class=\"yoast-schema-graph\">{\"@context\":\"https:\/\/schema.org\",\"@graph\":[{\"@type\":\"WebPage\",\"@id\":\"https:\/\/chemuza.org\/pt\/neon\/\",\"url\":\"https:\/\/chemuza.org\/pt\/neon\/\",\"name\":\"N\u00e9on - Chemuza\",\"isPartOf\":{\"@id\":\"https:\/\/chemuza.org\/pt\/#website\"},\"datePublished\":\"2023-07-15T08:56:28+00:00\",\"dateModified\":\"2023-07-15T08:56:28+00:00\",\"breadcrumb\":{\"@id\":\"https:\/\/chemuza.org\/pt\/neon\/#breadcrumb\"},\"inLanguage\":\"pt-PT\",\"potentialAction\":[{\"@type\":\"ReadAction\",\"target\":[\"https:\/\/chemuza.org\/pt\/neon\/\"]}]},{\"@type\":\"BreadcrumbList\",\"@id\":\"https:\/\/chemuza.org\/pt\/neon\/#breadcrumb\",\"itemListElement\":[{\"@type\":\"ListItem\",\"position\":1,\"name\":\"Lar\",\"item\":\"https:\/\/chemuza.org\/pt\/\"},{\"@type\":\"ListItem\",\"position\":2,\"name\":\"N\u00e9on\"}]},{\"@type\":\"WebSite\",\"@id\":\"https:\/\/chemuza.org\/pt\/#website\",\"url\":\"https:\/\/chemuza.org\/pt\/\",\"name\":\"Chemuza\",\"description\":\"Sua porta de entrada para a descoberta qu\u00edmica!\",\"publisher\":{\"@id\":\"https:\/\/chemuza.org\/pt\/#organization\"},\"potentialAction\":[{\"@type\":\"SearchAction\",\"target\":{\"@type\":\"EntryPoint\",\"urlTemplate\":\"https:\/\/chemuza.org\/pt\/?s={search_term_string}\"},\"query-input\":\"required name=search_term_string\"}],\"inLanguage\":\"pt-PT\"},{\"@type\":\"Organization\",\"@id\":\"https:\/\/chemuza.org\/pt\/#organization\",\"name\":\"Chemuza\",\"url\":\"https:\/\/chemuza.org\/pt\/\",\"logo\":{\"@type\":\"ImageObject\",\"inLanguage\":\"pt-PT\",\"@id\":\"https:\/\/chemuza.org\/pt\/#\/schema\/logo\/image\/\",\"url\":\"https:\/\/chemuza.org\/pt\/wp-content\/uploads\/2023\/10\/chemuza-logo.png\",\"contentUrl\":\"https:\/\/chemuza.org\/pt\/wp-content\/uploads\/2023\/10\/chemuza-logo.png\",\"width\":387,\"height\":70,\"caption\":\"Chemuza\"},\"image\":{\"@id\":\"https:\/\/chemuza.org\/pt\/#\/schema\/logo\/image\/\"}}]}<\/script>\n<!-- \/ Yoast SEO plugin. -->","yoast_head_json":{"title":"N\u00e9on - Chemuza","robots":{"index":"index","follow":"follow","max-snippet":"max-snippet:-1","max-image-preview":"max-image-preview:large","max-video-preview":"max-video-preview:-1"},"canonical":"https:\/\/chemuza.org\/pt\/neon\/","og_locale":"pt_PT","og_type":"article","og_title":"N\u00e9on - Chemuza","og_description":"O uso mais famoso do neon no mundo diz respeito ao uso de suas cores como ferramenta de proposi\u00e7\u00e3o publicit\u00e1ria. Por outro lado, embora seja um elemento quase imposs\u00edvel de encontrar no ar, \u00e9 abundante no universo. Saiba mais sobre este interessante elemento, como suas propriedades, caracter\u00edsticas e aplica\u00e7\u00f5es. O que \u00e9 n\u00e9on? \u00c9 um ... Ler mais","og_url":"https:\/\/chemuza.org\/pt\/neon\/","og_site_name":"Statorials","twitter_card":"summary_large_image","twitter_misc":{"Tempo estimado de leitura":"4 minutos"},"schema":{"@context":"https:\/\/schema.org","@graph":[{"@type":"WebPage","@id":"https:\/\/chemuza.org\/pt\/neon\/","url":"https:\/\/chemuza.org\/pt\/neon\/","name":"N\u00e9on - Chemuza","isPartOf":{"@id":"https:\/\/chemuza.org\/pt\/#website"},"datePublished":"2023-07-15T08:56:28+00:00","dateModified":"2023-07-15T08:56:28+00:00","breadcrumb":{"@id":"https:\/\/chemuza.org\/pt\/neon\/#breadcrumb"},"inLanguage":"pt-PT","potentialAction":[{"@type":"ReadAction","target":["https:\/\/chemuza.org\/pt\/neon\/"]}]},{"@type":"BreadcrumbList","@id":"https:\/\/chemuza.org\/pt\/neon\/#breadcrumb","itemListElement":[{"@type":"ListItem","position":1,"name":"Lar","item":"https:\/\/chemuza.org\/pt\/"},{"@type":"ListItem","position":2,"name":"N\u00e9on"}]},{"@type":"WebSite","@id":"https:\/\/chemuza.org\/pt\/#website","url":"https:\/\/chemuza.org\/pt\/","name":"Chemuza","description":"Sua porta de entrada para a descoberta qu\u00edmica!","publisher":{"@id":"https:\/\/chemuza.org\/pt\/#organization"},"potentialAction":[{"@type":"SearchAction","target":{"@type":"EntryPoint","urlTemplate":"https:\/\/chemuza.org\/pt\/?s={search_term_string}"},"query-input":"required name=search_term_string"}],"inLanguage":"pt-PT"},{"@type":"Organization","@id":"https:\/\/chemuza.org\/pt\/#organization","name":"Chemuza","url":"https:\/\/chemuza.org\/pt\/","logo":{"@type":"ImageObject","inLanguage":"pt-PT","@id":"https:\/\/chemuza.org\/pt\/#\/schema\/logo\/image\/","url":"https:\/\/chemuza.org\/pt\/wp-content\/uploads\/2023\/10\/chemuza-logo.png","contentUrl":"https:\/\/chemuza.org\/pt\/wp-content\/uploads\/2023\/10\/chemuza-logo.png","width":387,"height":70,"caption":"Chemuza"},"image":{"@id":"https:\/\/chemuza.org\/pt\/#\/schema\/logo\/image\/"}}]}},"yoast_meta":{"yoast_wpseo_title":"","yoast_wpseo_metadesc":"","yoast_wpseo_canonical":""},"_links":{"self":[{"href":"https:\/\/chemuza.org\/pt\/wp-json\/wp\/v2\/pages\/1465","targetHints":{"allow":["GET"]}}],"collection":[{"href":"https:\/\/chemuza.org\/pt\/wp-json\/wp\/v2\/pages"}],"about":[{"href":"https:\/\/chemuza.org\/pt\/wp-json\/wp\/v2\/types\/page"}],"author":[{"embeddable":true,"href":"https:\/\/chemuza.org\/pt\/wp-json\/wp\/v2\/users\/1"}],"replies":[{"embeddable":true,"href":"https:\/\/chemuza.org\/pt\/wp-json\/wp\/v2\/comments?post=1465"}],"version-history":[{"count":0,"href":"https:\/\/chemuza.org\/pt\/wp-json\/wp\/v2\/pages\/1465\/revisions"}],"wp:attachment":[{"href":"https:\/\/chemuza.org\/pt\/wp-json\/wp\/v2\/media?parent=1465"}],"curies":[{"name":"wp","href":"https:\/\/api.w.org\/{rel}","templated":true}]}}