{"id":1464,"date":"2023-07-15T10:02:34","date_gmt":"2023-07-15T10:02:34","guid":{"rendered":"https:\/\/chemuza.org\/pt\/fluor\/"},"modified":"2023-07-15T10:02:34","modified_gmt":"2023-07-15T10:02:34","slug":"fluor","status":"publish","type":"page","link":"https:\/\/chemuza.org\/pt\/fluor\/","title":{"rendered":"Fluorita"},"content":{"rendered":"<p>O fl\u00faor \u00e9 um dos halog\u00eanios ou sais mais abundantes na crosta terrestre. Sua maior concentra\u00e7\u00e3o est\u00e1 nos mares na propor\u00e7\u00e3o de 1,3 ppm. Seu estado \u00e9 gasoso, mas tamb\u00e9m \u00e9 encontrado na forma de fluorita ou fluoreto de c\u00e1lcio na forma de cristais, abundantes no Alasca, Calif\u00f3rnia e Argentina. Saiba mais sobre as caracter\u00edsticas deste elemento e suas aplica\u00e7\u00f5es.<\/p>\n<h2> <strong>O que \u00e9 fl\u00faor?<\/strong><\/h2>\n<p> \u00c9 um elemento qu\u00edmico pertencente \u00e0 fam\u00edlia dos halog\u00eanios da tabela peri\u00f3dica. \u00c9 um g\u00e1s \u00e0 temperatura ambiente, de cor verde amarelado claro, altamente eletronegativo e reativo em rela\u00e7\u00e3o a outros componentes. Al\u00e9m disso, seu n\u00famero at\u00f4mico \u00e9 9 e est\u00e1 estruturado com part\u00edculas diat\u00f4micas ou duplas.<\/p>\n<h3> <strong>S\u00edmbolo de fluorita<\/strong><\/h3>\n<p> <span class=\"content-chemical-element\" style=\"float: left;width: 65px;height: 65px;border: 3px solid #666; display:flex;\n    justify-content: center;align-items: center;margin-right: 15px;\"><span style=\"font-size: 38px;\">F<\/span><\/span> Vem do latim fluere, cujo significado \u00e9 fluir. Seu nome vem da dificuldade de separ\u00e1-lo de seus compostos, devido \u00e0 sua alta reatividade qu\u00edmica. Posteriormente, foi isolado pelo qu\u00edmico Moissan gra\u00e7as \u00e0 eletr\u00f3lise do fluoreto de pot\u00e1ssio, a\u00e7\u00e3o que permitiu o fluxo do g\u00e1s.<\/p>\n<h2> <strong>Caracter\u00edsticas da fluorita<\/strong><\/h2>\n<p> Este elemento pertence ao grupo 17, per\u00edodo 3, \u00e9 um material t\u00f3xico e reativo, pois seus compostos s\u00e3o inorg\u00e2nicos. Al\u00e9m disso, combina com quase todos os elementos, incluindo rad\u00f4nio e xen\u00f4nio. Mais recursos est\u00e3o listados aqui:<\/p>\n<ul>\n<li> <strong>Estado<\/strong> : Gasoso.<\/li>\n<li> <strong>Cor<\/strong> : Apresenta uma tonalidade p\u00e1lida entre o amarelo e o verde.<\/li>\n<li> <strong>Sabor e odor<\/strong> : Possui odor muito forte e irritante, ins\u00edpido.<\/li>\n<li> <strong>Toxicidade<\/strong> : \u00c9 um g\u00e1s muito corrosivo, com elevados n\u00edveis de toxicidade.<\/li>\n<li> <strong>Composi\u00e7\u00e3o<\/strong> : \u00c9 composto por 7 el\u00e9trons em sua \u00faltima camada, com tend\u00eancia a subir dada sua estabilidade qu\u00edmica.<\/li>\n<li> <strong>Estrutura<\/strong> : Apresenta mol\u00e9culas em forma diat\u00f4mica ou dupla no mesmo \u00e1tomo.<\/li>\n<li> <strong>S\u00edntese<\/strong> : \u00c9 capaz de sintetizar compostos org\u00e2nicos fluorados.<\/li>\n<li> <strong>Solubilidade<\/strong> : \u00c9 sol\u00favel em \u00e1gua.<\/li>\n<\/ul>\n<h2> <strong>Propriedades qu\u00edmicas e f\u00edsicas do fl\u00faor<\/strong><\/h2>\n<ol>\n<li> <strong>N\u00famero at\u00f4mico<\/strong> : 9<\/li>\n<li> <strong>Peso at\u00f4mico:<\/strong> 18,9984032 u<\/li>\n<li> <strong>Estado de oxida\u00e7\u00e3o:<\/strong> -1<\/li>\n<li> <strong>Eletronegatividade:<\/strong> 3,98<\/li>\n<li> <strong>El\u00e9trons por camada:<\/strong> 2,7<\/li>\n<li> <strong>Grupo:<\/strong> 17<\/li>\n<li> <strong>Densidade:<\/strong> 1,696 kg\/m3<\/li>\n<li> <strong>Ponto de fus\u00e3o:<\/strong> -219,67\u00b0C<\/li>\n<li> <strong>Raio m\u00e9dio:<\/strong> 50h<\/li>\n<li> <strong>Per\u00edodo:<\/strong> 3<\/li>\n<li> <strong>Estado:<\/strong> Gasoso<\/li>\n<li> <strong>Raio covalente: 71h<\/strong><\/li>\n<li> <strong>Bloco:<\/strong> P<\/li>\n<li> <strong>\u00d3xido:<\/strong> \u00c1cido<\/li>\n<li> <strong>Raio at\u00f4mico:<\/strong> 42<\/li>\n<li> <strong>Calor espec\u00edfico:<\/strong> 824 J\/(K-kg)<\/li>\n<li> <strong>Ponto de ebuli\u00e7\u00e3o:<\/strong> -188,12\u00b0C<\/li>\n<li> <strong>Configura\u00e7\u00e3o eletr\u00f4nica:<\/strong> [He] 2s22p5<\/li>\n<\/ol>\n<h2> <strong>Origem da fluorita<\/strong><\/h2>\n<p> O fl\u00faor foi descoberto em 1529 por Georgius Agricola que o descreveu como um fluxo, porque consegue derreter minerais ou metais. Ent\u00e3o, em 1670, o qu\u00edmico Schwandhard percebeu que era capaz de gravar ou marcar vidro quando aplicado como fluorita ou \u00e1cido. Mais tarde, Henri Moissan conseguiu, em 1886, isol\u00e1-lo dos seus componentes e come\u00e7ou a reagir com outras subst\u00e2ncias.<\/p>\n<p> Entre suas aplica\u00e7\u00f5es, seu primeiro uso comercial foi a bomba at\u00f4mica de Manhattan. L\u00e1 foi obtido o hexafluoreto de ur\u00e2nio, m\u00e9todo obtido pela separa\u00e7\u00e3o de is\u00f3topos de ur\u00e2nio. Desde ent\u00e3o, esse elemento tem sido utilizado na energia nuclear e na cria\u00e7\u00e3o de fl\u00faor dent\u00e1rio.<\/p>\n<h2> <strong>Para que \u00e9 usado o fl\u00faor?<\/strong><\/h2>\n<p> A sua utiliza\u00e7\u00e3o estende-se \u00e0 produ\u00e7\u00e3o de ur\u00e2nio. Al\u00e9m disso, cont\u00e9m mais de 100 compostos fluorados utilizados na fabrica\u00e7\u00e3o de diversos tipos de pl\u00e1sticos. Al\u00e9m disso, o \u00e1cido fluor\u00eddrico \u00e9 usado na grava\u00e7\u00e3o de materiais como vidro ou cristais, e os clorofluorcarbonos s\u00e3o usados em dispositivos de ar condicionado e refrigera\u00e7\u00e3o. Outros usos do fl\u00faor s\u00e3o:<\/p>\n<ul>\n<li> Os compostos fluoreto de s\u00f3dio, fluoreto estanoso e monofluorofosfato de s\u00f3dio s\u00e3o usados para fazer cremes dentais.<\/li>\n<li> Alguns de seus compostos s\u00e3o utilizados na produ\u00e7\u00e3o de anest\u00e9sicos gerais.<\/li>\n<li> \u00c9 utilizado na fabrica\u00e7\u00e3o de telas planas, telas de plasma e mecanismos microeletromec\u00e2nicos.<\/li>\n<li> \u00c9 utilizado na produ\u00e7\u00e3o de gases extintores ou halons.<\/li>\n<li> \u00c9 utilizado na eletr\u00f3lise do alum\u00ednio, obtendo-se assim este elemento totalmente puro.<\/li>\n<\/ul>\n<h2> <strong>Alimentos que cont\u00eam fl\u00faor<\/strong><\/h2>\n<p> \u00c9 um mineral necess\u00e1rio ao corpo humano, pois afeta a forma\u00e7\u00e3o \u00f3ssea e a manuten\u00e7\u00e3o do esmalte dent\u00e1rio, o que previne a forma\u00e7\u00e3o de c\u00e1ries dent\u00e1rias. \u00c9 encontrada na \u00e1gua e tamb\u00e9m nos seguintes alimentos:<\/p>\n<ul>\n<li> Vegetais verdes e vegetais verdes, como alface, espinafre, broto de feij\u00e3o e repolho.<\/li>\n<li> Frutos do mar.<\/li>\n<li> Infus\u00f5es de ervas.<\/li>\n<li> Fruta.<\/li>\n<li> Trigo.<\/li>\n<li> Gr\u00e3os como arroz e aveia.<\/li>\n<\/ul>\n<h2> <strong>O que o fl\u00faor faz para proteger os dentes?<\/strong><\/h2>\n<p> Por ser um princ\u00edpio ativo, forma uma barreira contra \u00e1cidos e fortalece os dentes para evitar a forma\u00e7\u00e3o de c\u00e1ries. Ou seja, ao entrar em contato com o esmalte, o mineral inibe a desmineraliza\u00e7\u00e3o, aumentando a remineraliza\u00e7\u00e3o, o que confere resist\u00eancia aos dentes. Mesmo que o esmalte dos dentes j\u00e1 esteja enfraquecido, os tipos de fl\u00faor presentes nos cremes dentais o reconstroem gradualmente e revertem o aparecimento de c\u00e1ries.<\/p>\n<p> Concluindo, o fl\u00faor \u00e9 um elemento altamente radioativo que faz parte dos halog\u00eanios. Por ser isolado de seus principais componentes, forma centenas de compostos com diversas aplica\u00e7\u00f5es comerciais. Em seu estado natural, \u00e9 gasoso e combina-se com outros minerais da crosta terrestre.<\/p>\n","protected":false},"excerpt":{"rendered":"<p>O fl\u00faor \u00e9 um dos halog\u00eanios ou sais mais abundantes na crosta terrestre. Sua maior concentra\u00e7\u00e3o est\u00e1 nos mares na propor\u00e7\u00e3o de 1,3 ppm. Seu estado \u00e9 gasoso, mas tamb\u00e9m \u00e9 encontrado na forma de fluorita ou fluoreto de c\u00e1lcio na forma de cristais, abundantes no Alasca, Calif\u00f3rnia e Argentina. Saiba mais sobre as caracter\u00edsticas &#8230; <a title=\"Fluorita\" class=\"read-more\" href=\"https:\/\/chemuza.org\/pt\/fluor\/\" aria-label=\"Mais em Fluorita\">Ler mais<\/a><\/p>\n","protected":false},"author":1,"featured_media":0,"parent":0,"menu_order":0,"comment_status":"closed","ping_status":"closed","template":"","meta":{"footnotes":""},"class_list":["post-1464","page","type-page","status-publish"],"yoast_head":"<!-- This site is optimized with the Yoast SEO plugin v21.4 - https:\/\/yoast.com\/wordpress\/plugins\/seo\/ -->\n<title>Fluorita - Chemuza<\/title>\n<meta name=\"robots\" content=\"index, follow, max-snippet:-1, max-image-preview:large, max-video-preview:-1\" \/>\n<link rel=\"canonical\" href=\"https:\/\/chemuza.org\/pt\/fluor\/\" \/>\n<meta property=\"og:locale\" content=\"pt_PT\" \/>\n<meta property=\"og:type\" content=\"article\" \/>\n<meta property=\"og:title\" content=\"Fluorita - Chemuza\" \/>\n<meta property=\"og:description\" content=\"O fl\u00faor \u00e9 um dos halog\u00eanios ou sais mais abundantes na crosta terrestre. Sua maior concentra\u00e7\u00e3o est\u00e1 nos mares na propor\u00e7\u00e3o de 1,3 ppm. Seu estado \u00e9 gasoso, mas tamb\u00e9m \u00e9 encontrado na forma de fluorita ou fluoreto de c\u00e1lcio na forma de cristais, abundantes no Alasca, Calif\u00f3rnia e Argentina. Saiba mais sobre as caracter\u00edsticas ... Ler mais\" \/>\n<meta property=\"og:url\" content=\"https:\/\/chemuza.org\/pt\/fluor\/\" \/>\n<meta property=\"og:site_name\" content=\"Statorials\" \/>\n<meta name=\"twitter:card\" content=\"summary_large_image\" \/>\n<meta name=\"twitter:label1\" content=\"Tempo estimado de leitura\" \/>\n\t<meta name=\"twitter:data1\" content=\"4 minutos\" \/>\n<script type=\"application\/ld+json\" class=\"yoast-schema-graph\">{\"@context\":\"https:\/\/schema.org\",\"@graph\":[{\"@type\":\"WebPage\",\"@id\":\"https:\/\/chemuza.org\/pt\/fluor\/\",\"url\":\"https:\/\/chemuza.org\/pt\/fluor\/\",\"name\":\"Fluorita - Chemuza\",\"isPartOf\":{\"@id\":\"https:\/\/chemuza.org\/pt\/#website\"},\"datePublished\":\"2023-07-15T10:02:34+00:00\",\"dateModified\":\"2023-07-15T10:02:34+00:00\",\"breadcrumb\":{\"@id\":\"https:\/\/chemuza.org\/pt\/fluor\/#breadcrumb\"},\"inLanguage\":\"pt-PT\",\"potentialAction\":[{\"@type\":\"ReadAction\",\"target\":[\"https:\/\/chemuza.org\/pt\/fluor\/\"]}]},{\"@type\":\"BreadcrumbList\",\"@id\":\"https:\/\/chemuza.org\/pt\/fluor\/#breadcrumb\",\"itemListElement\":[{\"@type\":\"ListItem\",\"position\":1,\"name\":\"Lar\",\"item\":\"https:\/\/chemuza.org\/pt\/\"},{\"@type\":\"ListItem\",\"position\":2,\"name\":\"Fluorita\"}]},{\"@type\":\"WebSite\",\"@id\":\"https:\/\/chemuza.org\/pt\/#website\",\"url\":\"https:\/\/chemuza.org\/pt\/\",\"name\":\"Chemuza\",\"description\":\"Sua porta de entrada para a descoberta qu\u00edmica!\",\"publisher\":{\"@id\":\"https:\/\/chemuza.org\/pt\/#organization\"},\"potentialAction\":[{\"@type\":\"SearchAction\",\"target\":{\"@type\":\"EntryPoint\",\"urlTemplate\":\"https:\/\/chemuza.org\/pt\/?s={search_term_string}\"},\"query-input\":\"required name=search_term_string\"}],\"inLanguage\":\"pt-PT\"},{\"@type\":\"Organization\",\"@id\":\"https:\/\/chemuza.org\/pt\/#organization\",\"name\":\"Chemuza\",\"url\":\"https:\/\/chemuza.org\/pt\/\",\"logo\":{\"@type\":\"ImageObject\",\"inLanguage\":\"pt-PT\",\"@id\":\"https:\/\/chemuza.org\/pt\/#\/schema\/logo\/image\/\",\"url\":\"https:\/\/chemuza.org\/pt\/wp-content\/uploads\/2023\/10\/chemuza-logo.png\",\"contentUrl\":\"https:\/\/chemuza.org\/pt\/wp-content\/uploads\/2023\/10\/chemuza-logo.png\",\"width\":387,\"height\":70,\"caption\":\"Chemuza\"},\"image\":{\"@id\":\"https:\/\/chemuza.org\/pt\/#\/schema\/logo\/image\/\"}}]}<\/script>\n<!-- \/ Yoast SEO plugin. -->","yoast_head_json":{"title":"Fluorita - Chemuza","robots":{"index":"index","follow":"follow","max-snippet":"max-snippet:-1","max-image-preview":"max-image-preview:large","max-video-preview":"max-video-preview:-1"},"canonical":"https:\/\/chemuza.org\/pt\/fluor\/","og_locale":"pt_PT","og_type":"article","og_title":"Fluorita - Chemuza","og_description":"O fl\u00faor \u00e9 um dos halog\u00eanios ou sais mais abundantes na crosta terrestre. Sua maior concentra\u00e7\u00e3o est\u00e1 nos mares na propor\u00e7\u00e3o de 1,3 ppm. Seu estado \u00e9 gasoso, mas tamb\u00e9m \u00e9 encontrado na forma de fluorita ou fluoreto de c\u00e1lcio na forma de cristais, abundantes no Alasca, Calif\u00f3rnia e Argentina. Saiba mais sobre as caracter\u00edsticas ... Ler mais","og_url":"https:\/\/chemuza.org\/pt\/fluor\/","og_site_name":"Statorials","twitter_card":"summary_large_image","twitter_misc":{"Tempo estimado de leitura":"4 minutos"},"schema":{"@context":"https:\/\/schema.org","@graph":[{"@type":"WebPage","@id":"https:\/\/chemuza.org\/pt\/fluor\/","url":"https:\/\/chemuza.org\/pt\/fluor\/","name":"Fluorita - Chemuza","isPartOf":{"@id":"https:\/\/chemuza.org\/pt\/#website"},"datePublished":"2023-07-15T10:02:34+00:00","dateModified":"2023-07-15T10:02:34+00:00","breadcrumb":{"@id":"https:\/\/chemuza.org\/pt\/fluor\/#breadcrumb"},"inLanguage":"pt-PT","potentialAction":[{"@type":"ReadAction","target":["https:\/\/chemuza.org\/pt\/fluor\/"]}]},{"@type":"BreadcrumbList","@id":"https:\/\/chemuza.org\/pt\/fluor\/#breadcrumb","itemListElement":[{"@type":"ListItem","position":1,"name":"Lar","item":"https:\/\/chemuza.org\/pt\/"},{"@type":"ListItem","position":2,"name":"Fluorita"}]},{"@type":"WebSite","@id":"https:\/\/chemuza.org\/pt\/#website","url":"https:\/\/chemuza.org\/pt\/","name":"Chemuza","description":"Sua porta de entrada para a descoberta qu\u00edmica!","publisher":{"@id":"https:\/\/chemuza.org\/pt\/#organization"},"potentialAction":[{"@type":"SearchAction","target":{"@type":"EntryPoint","urlTemplate":"https:\/\/chemuza.org\/pt\/?s={search_term_string}"},"query-input":"required name=search_term_string"}],"inLanguage":"pt-PT"},{"@type":"Organization","@id":"https:\/\/chemuza.org\/pt\/#organization","name":"Chemuza","url":"https:\/\/chemuza.org\/pt\/","logo":{"@type":"ImageObject","inLanguage":"pt-PT","@id":"https:\/\/chemuza.org\/pt\/#\/schema\/logo\/image\/","url":"https:\/\/chemuza.org\/pt\/wp-content\/uploads\/2023\/10\/chemuza-logo.png","contentUrl":"https:\/\/chemuza.org\/pt\/wp-content\/uploads\/2023\/10\/chemuza-logo.png","width":387,"height":70,"caption":"Chemuza"},"image":{"@id":"https:\/\/chemuza.org\/pt\/#\/schema\/logo\/image\/"}}]}},"yoast_meta":{"yoast_wpseo_title":"","yoast_wpseo_metadesc":"","yoast_wpseo_canonical":""},"_links":{"self":[{"href":"https:\/\/chemuza.org\/pt\/wp-json\/wp\/v2\/pages\/1464","targetHints":{"allow":["GET"]}}],"collection":[{"href":"https:\/\/chemuza.org\/pt\/wp-json\/wp\/v2\/pages"}],"about":[{"href":"https:\/\/chemuza.org\/pt\/wp-json\/wp\/v2\/types\/page"}],"author":[{"embeddable":true,"href":"https:\/\/chemuza.org\/pt\/wp-json\/wp\/v2\/users\/1"}],"replies":[{"embeddable":true,"href":"https:\/\/chemuza.org\/pt\/wp-json\/wp\/v2\/comments?post=1464"}],"version-history":[{"count":0,"href":"https:\/\/chemuza.org\/pt\/wp-json\/wp\/v2\/pages\/1464\/revisions"}],"wp:attachment":[{"href":"https:\/\/chemuza.org\/pt\/wp-json\/wp\/v2\/media?parent=1464"}],"curies":[{"name":"wp","href":"https:\/\/api.w.org\/{rel}","templated":true}]}}