{"id":1463,"date":"2023-07-15T11:24:03","date_gmt":"2023-07-15T11:24:03","guid":{"rendered":"https:\/\/chemuza.org\/pt\/litio\/"},"modified":"2023-07-15T11:24:03","modified_gmt":"2023-07-15T11:24:03","slug":"litio","status":"publish","type":"page","link":"https:\/\/chemuza.org\/pt\/litio\/","title":{"rendered":"L\u00edtio"},"content":{"rendered":"<p>Segundo an\u00e1lises cient\u00edficas, o l\u00edtio, juntamente com o hidrog\u00e9nio e o h\u00e9lio, est\u00e1 entre os primeiros elementos do Universo e a sua composi\u00e7\u00e3o qu\u00edmica \u00e9 semelhante \u00e0 do s\u00f3dio. Al\u00e9m disso, \u00e9 abundante em salinas e estradas vulc\u00e2nicas, de modo que cerca de 85% de suas reservas est\u00e3o no Chile, Bol\u00edvia e Argentina. Saiba mais sobre este mineral, suas propriedades, usos comuns, compostos e caracter\u00edsticas.<\/p>\n<h2> <strong>O que \u00e9 l\u00edtio?<\/strong><\/h2>\n<p> \u00c9 um elemento qu\u00edmico s\u00f3lido, extremamente reativo e leve, localizado no n\u00famero at\u00f4mico 3 e no grupo 1 da tabela peri\u00f3dica dos chamados metais alcalinos. Por outro lado, apresenta r\u00e1pida oxida\u00e7\u00e3o com \u00e1gua ou ar e n\u00e3o \u00e9 de natureza livre. Sua apar\u00eancia de metal puro \u00e9 branco prateado, macio e leve.<\/p>\n<h3> <strong>S\u00edmbolo de l\u00edtio<\/strong><\/h3>\n<p> <span class=\"content-chemical-element\" style=\"float: left;width: 65px;height: 65px;border: 3px solid #666; display:flex;\n    justify-content: center;align-items: center;margin-right: 15px;\"><span style=\"font-size: 38px;\">Li<\/span><\/span> Este s\u00edmbolo \u00e9 derivado de uma palavra grega que significa seixo ou pedra pequena. Este elemento qu\u00edmico leva o nome do fato de ter sido descoberto na forma mineral, ao contr\u00e1rio de outros metais alcalinos que foram descobertos em tecidos vegetais.<\/p>\n<h2> <strong>Caracter\u00edsticas do l\u00edtio<\/strong><\/h2>\n<p> Uma de suas caracter\u00edsticas \u00e9 n\u00e3o apresentar propriedades qu\u00edmicas e f\u00edsicas semelhantes \u00e0s de seu grupo e aos metais alcalino-terrosos. Al\u00e9m disso, sofre m\u00faltiplas rea\u00e7\u00f5es org\u00e2nicas e inorg\u00e2nicas. Da mesma forma, tamb\u00e9m \u00e9:<\/p>\n<ul>\n<li> <strong>Alotr\u00f3pico<\/strong> : Dependendo do estado do meio ambiente, pode estar sujeito a press\u00f5es antr\u00f3picas.<\/li>\n<li> <strong>Male\u00e1vel<\/strong> : \u00c9 um elemento qu\u00edmico macio e d\u00factil.<\/li>\n<li> <strong>Magn\u00e9tico<\/strong> : N\u00e3o possui magnetismo, mas \u00e9 um excelente condutor de eletricidade e calor.<\/li>\n<li> <strong>Dureza<\/strong> : Segundo a escala de Mohs, possui dureza mineral de 0,6, o que possibilita a obten\u00e7\u00e3o de ligas resistentes.<\/li>\n<li> <strong>Cor<\/strong> : Apresenta aspecto branco prateado.<\/li>\n<li> <strong>Estado<\/strong> : Sua fase ou estado de agrega\u00e7\u00e3o comum \u00e9 s\u00f3lido.<\/li>\n<li> <strong>Sabor e odor<\/strong> : N\u00e3o possui odor, embora contenha sabor met\u00e1lico.<\/li>\n<li> <strong>Solubilidade<\/strong> : Elemental n\u00e3o \u00e9 muito sol\u00favel em \u00e1gua, mas reage com ela, enquanto met\u00e1lico pode ser sol\u00favel e insol\u00favel.<\/li>\n<li> <strong>Inflamabilidade<\/strong> : \u00c9 um elemento extremamente inflam\u00e1vel e explosivo.<\/li>\n<\/ul>\n<h2> <strong>Propriedades qu\u00edmicas e f\u00edsicas do l\u00edtio<\/strong><\/h2>\n<ol>\n<li> <strong>N\u00famero at\u00f4mico<\/strong> : 3<\/li>\n<li> <strong>Grupo<\/strong> : 1<\/li>\n<li> <strong>Per\u00edodo<\/strong> : 2<\/li>\n<li> <strong>Bloco<\/strong> : s<\/li>\n<li> <strong>Peso at\u00f4mico<\/strong> : 6,94174064<\/li>\n<li> <strong>Densidade<\/strong> : 535 kg\/m\u00b3<\/li>\n<li> <strong>Condi\u00e7\u00e3o<\/strong> : S\u00f3lido<\/li>\n<li> <strong>Ferrugem<\/strong> : B\u00e1sico<\/li>\n<li> <strong>Estados de oxida\u00e7\u00e3o<\/strong> : +1<\/li>\n<li> <strong>Ponto de fus\u00e3o<\/strong> : 181\u00b0C<\/li>\n<li> <strong>Calor espec\u00edfico<\/strong> : 3582 J\/(K-kg)<\/li>\n<li> <strong>Eletronegatividade<\/strong> : 0,98<\/li>\n<li> <strong>Raio m\u00e9dio<\/strong> : 145h<\/li>\n<li> <strong>Raio covalente<\/strong> : 134 pm<\/li>\n<li> <strong>Raio at\u00f4mico<\/strong> : 167 pm<\/li>\n<li> <strong>El\u00e9trons por camada<\/strong> : 2, 1<\/li>\n<li> <strong>Ponto de ebuli\u00e7\u00e3o<\/strong> : 1342\u00b0C<\/li>\n<li> <strong>Configura\u00e7\u00e3o eletr\u00f4nica<\/strong> : [He]2s <sup>1<\/sup><\/li>\n<\/ol>\n<h2> <strong>Origem do l\u00edtio<\/strong><\/h2>\n<p> O qu\u00edmico sueco Johann Arfvedson descobriu este material durante o ano de 1817 em uma ilha da Su\u00e9cia, entre a lepidolita e o espodum\u00eanio de uma mina. Mais tarde, em 1818, Christian Gmelin observou uma particularidade dos sais de l\u00edtio, que transformavam a chama numa cor vermelha brilhante.<\/p>\n<p> No entanto, nenhum deles conseguiu isolar o elemento qu\u00edmico dos seus sais, embora ambos tenham tentado. Mais tarde, os qu\u00edmicos William Thomas Brande e Sir Humphrey Davy conseguiram isso. Para obt\u00ea-lo, utilizaram \u00f3xido de l\u00edtio por eletr\u00f3lise.<\/p>\n<h2> <strong>Para que \u00e9 usado o l\u00edtio?<\/strong><\/h2>\n<p> \u00c9 usado na medicina psiqui\u00e1trica para estabilizar o humor, inibir epis\u00f3dios man\u00edacos e prevenir a depress\u00e3o associada a transtornos de humor e doen\u00e7as bipolares. Por outro lado, alguns de seus compostos s\u00e3o frequentemente utilizados como dessecantes, ou seja, absorvem a umidade atmosf\u00e9rica e secam o ar em ambientes fechados.<\/p>\n<p> No caso da ind\u00fastria, atua como purificador para extrair di\u00f3xido de carbono do ar; tamb\u00e9m \u00e9 usado dentro de naves espaciais e submarinos. Al\u00e9m disso, \u00e9 utilizado em ligas com c\u00e1dmio, alum\u00ednio, mangan\u00eas e cobre na fabrica\u00e7\u00e3o de lentes, cer\u00e2micas e constru\u00e7\u00e3o de aeronaves.<\/p>\n<p> Da mesma forma, certos sais de l\u00edtio e \u00e1cido este\u00e1rico s\u00e3o utilizados em altas temperaturas, para fins de fabrica\u00e7\u00e3o de lubrificantes. Al\u00e9m disso, \u00e9 utilizado na fabrica\u00e7\u00e3o de baterias porque possui potencial eletroqu\u00edmico ideal para o \u00e2nodo ou p\u00f3lo positivo das baterias el\u00e9tricas.<\/p>\n<h2> <strong>l\u00edtio no corpo humano<\/strong><\/h2>\n<p> Se o item entrar em contato com a pele, pode causar queimaduras, pois desidrata rapidamente a umidade. Por outro lado, o consumo prolongado e excessivo de seus compostos causa toxicidade em larga escala, pois substitui o s\u00f3dio nas membranas celulares.<\/p>\n<h2> Mais informa\u00e7\u00f5es sobre l\u00edtio<\/h2>\n<h2> <strong>Onde o l\u00edtio \u00e9 encontrado?<\/strong><\/h2>\n<p> Possui concentra\u00e7\u00e3o de 0,1 ppm na \u00e1gua do mar. Da mesma forma, constitui aproximadamente 0,002% da crosta terrestre. Por\u00e9m, os maiores agrupamentos s\u00e3o encontrados em minerais por n\u00e3o ser um elemento livre, como petalita, pegmatita, espodum\u00eanio, ambligonita e lepidolita.<\/p>\n<h2> <strong>Compostos de l\u00edtio<\/strong><\/h2>\n<p> Alguns podem ser cloreto como excelente agente secante, brometo e nitrato de l\u00edtio. H\u00e1 tamb\u00e9m o Carbonato como estabilizador de humor. Da mesma forma, voc\u00ea encontra estearato, hidr\u00f3xido como purificador de ar CO\u2082 e hidreto de l\u00edtio.<\/p>\n<p> Concluindo, o L\u00edtio \u00e9 um elemento qu\u00edmico do tipo met\u00e1lico, alcalino, leve, macio, reativo, d\u00factil, s\u00f3lido e de apar\u00eancia branca brilhante. Al\u00e9m disso, tem aplica\u00e7\u00f5es ben\u00e9ficas no tratamento de doen\u00e7as depressivas ou mentais.<\/p>\n","protected":false},"excerpt":{"rendered":"<p>Segundo an\u00e1lises cient\u00edficas, o l\u00edtio, juntamente com o hidrog\u00e9nio e o h\u00e9lio, est\u00e1 entre os primeiros elementos do Universo e a sua composi\u00e7\u00e3o qu\u00edmica \u00e9 semelhante \u00e0 do s\u00f3dio. Al\u00e9m disso, \u00e9 abundante em salinas e estradas vulc\u00e2nicas, de modo que cerca de 85% de suas reservas est\u00e3o no Chile, Bol\u00edvia e Argentina. Saiba mais &#8230; <a title=\"L\u00edtio\" class=\"read-more\" href=\"https:\/\/chemuza.org\/pt\/litio\/\" aria-label=\"Mais em L\u00edtio\">Ler mais<\/a><\/p>\n","protected":false},"author":1,"featured_media":0,"parent":0,"menu_order":0,"comment_status":"closed","ping_status":"closed","template":"","meta":{"footnotes":""},"class_list":["post-1463","page","type-page","status-publish"],"yoast_head":"<!-- This site is optimized with the Yoast SEO plugin v21.4 - https:\/\/yoast.com\/wordpress\/plugins\/seo\/ -->\n<title>L\u00edtio - Chemuza<\/title>\n<meta name=\"robots\" content=\"index, follow, max-snippet:-1, max-image-preview:large, max-video-preview:-1\" \/>\n<link rel=\"canonical\" href=\"https:\/\/chemuza.org\/pt\/litio\/\" \/>\n<meta property=\"og:locale\" content=\"pt_PT\" \/>\n<meta property=\"og:type\" content=\"article\" \/>\n<meta property=\"og:title\" content=\"L\u00edtio - Chemuza\" \/>\n<meta property=\"og:description\" content=\"Segundo an\u00e1lises cient\u00edficas, o l\u00edtio, juntamente com o hidrog\u00e9nio e o h\u00e9lio, est\u00e1 entre os primeiros elementos do Universo e a sua composi\u00e7\u00e3o qu\u00edmica \u00e9 semelhante \u00e0 do s\u00f3dio. Al\u00e9m disso, \u00e9 abundante em salinas e estradas vulc\u00e2nicas, de modo que cerca de 85% de suas reservas est\u00e3o no Chile, Bol\u00edvia e Argentina. Saiba mais ... Ler mais\" \/>\n<meta property=\"og:url\" content=\"https:\/\/chemuza.org\/pt\/litio\/\" \/>\n<meta property=\"og:site_name\" content=\"Statorials\" \/>\n<meta name=\"twitter:card\" content=\"summary_large_image\" \/>\n<meta name=\"twitter:label1\" content=\"Tempo estimado de leitura\" \/>\n\t<meta name=\"twitter:data1\" content=\"4 minutos\" \/>\n<script type=\"application\/ld+json\" class=\"yoast-schema-graph\">{\"@context\":\"https:\/\/schema.org\",\"@graph\":[{\"@type\":\"WebPage\",\"@id\":\"https:\/\/chemuza.org\/pt\/litio\/\",\"url\":\"https:\/\/chemuza.org\/pt\/litio\/\",\"name\":\"L\u00edtio - Chemuza\",\"isPartOf\":{\"@id\":\"https:\/\/chemuza.org\/pt\/#website\"},\"datePublished\":\"2023-07-15T11:24:03+00:00\",\"dateModified\":\"2023-07-15T11:24:03+00:00\",\"breadcrumb\":{\"@id\":\"https:\/\/chemuza.org\/pt\/litio\/#breadcrumb\"},\"inLanguage\":\"pt-PT\",\"potentialAction\":[{\"@type\":\"ReadAction\",\"target\":[\"https:\/\/chemuza.org\/pt\/litio\/\"]}]},{\"@type\":\"BreadcrumbList\",\"@id\":\"https:\/\/chemuza.org\/pt\/litio\/#breadcrumb\",\"itemListElement\":[{\"@type\":\"ListItem\",\"position\":1,\"name\":\"Lar\",\"item\":\"https:\/\/chemuza.org\/pt\/\"},{\"@type\":\"ListItem\",\"position\":2,\"name\":\"L\u00edtio\"}]},{\"@type\":\"WebSite\",\"@id\":\"https:\/\/chemuza.org\/pt\/#website\",\"url\":\"https:\/\/chemuza.org\/pt\/\",\"name\":\"Chemuza\",\"description\":\"Sua porta de entrada para a descoberta qu\u00edmica!\",\"publisher\":{\"@id\":\"https:\/\/chemuza.org\/pt\/#organization\"},\"potentialAction\":[{\"@type\":\"SearchAction\",\"target\":{\"@type\":\"EntryPoint\",\"urlTemplate\":\"https:\/\/chemuza.org\/pt\/?s={search_term_string}\"},\"query-input\":\"required name=search_term_string\"}],\"inLanguage\":\"pt-PT\"},{\"@type\":\"Organization\",\"@id\":\"https:\/\/chemuza.org\/pt\/#organization\",\"name\":\"Chemuza\",\"url\":\"https:\/\/chemuza.org\/pt\/\",\"logo\":{\"@type\":\"ImageObject\",\"inLanguage\":\"pt-PT\",\"@id\":\"https:\/\/chemuza.org\/pt\/#\/schema\/logo\/image\/\",\"url\":\"https:\/\/chemuza.org\/pt\/wp-content\/uploads\/2023\/10\/chemuza-logo.png\",\"contentUrl\":\"https:\/\/chemuza.org\/pt\/wp-content\/uploads\/2023\/10\/chemuza-logo.png\",\"width\":387,\"height\":70,\"caption\":\"Chemuza\"},\"image\":{\"@id\":\"https:\/\/chemuza.org\/pt\/#\/schema\/logo\/image\/\"}}]}<\/script>\n<!-- \/ Yoast SEO plugin. -->","yoast_head_json":{"title":"L\u00edtio - Chemuza","robots":{"index":"index","follow":"follow","max-snippet":"max-snippet:-1","max-image-preview":"max-image-preview:large","max-video-preview":"max-video-preview:-1"},"canonical":"https:\/\/chemuza.org\/pt\/litio\/","og_locale":"pt_PT","og_type":"article","og_title":"L\u00edtio - Chemuza","og_description":"Segundo an\u00e1lises cient\u00edficas, o l\u00edtio, juntamente com o hidrog\u00e9nio e o h\u00e9lio, est\u00e1 entre os primeiros elementos do Universo e a sua composi\u00e7\u00e3o qu\u00edmica \u00e9 semelhante \u00e0 do s\u00f3dio. Al\u00e9m disso, \u00e9 abundante em salinas e estradas vulc\u00e2nicas, de modo que cerca de 85% de suas reservas est\u00e3o no Chile, Bol\u00edvia e Argentina. Saiba mais ... Ler mais","og_url":"https:\/\/chemuza.org\/pt\/litio\/","og_site_name":"Statorials","twitter_card":"summary_large_image","twitter_misc":{"Tempo estimado de leitura":"4 minutos"},"schema":{"@context":"https:\/\/schema.org","@graph":[{"@type":"WebPage","@id":"https:\/\/chemuza.org\/pt\/litio\/","url":"https:\/\/chemuza.org\/pt\/litio\/","name":"L\u00edtio - Chemuza","isPartOf":{"@id":"https:\/\/chemuza.org\/pt\/#website"},"datePublished":"2023-07-15T11:24:03+00:00","dateModified":"2023-07-15T11:24:03+00:00","breadcrumb":{"@id":"https:\/\/chemuza.org\/pt\/litio\/#breadcrumb"},"inLanguage":"pt-PT","potentialAction":[{"@type":"ReadAction","target":["https:\/\/chemuza.org\/pt\/litio\/"]}]},{"@type":"BreadcrumbList","@id":"https:\/\/chemuza.org\/pt\/litio\/#breadcrumb","itemListElement":[{"@type":"ListItem","position":1,"name":"Lar","item":"https:\/\/chemuza.org\/pt\/"},{"@type":"ListItem","position":2,"name":"L\u00edtio"}]},{"@type":"WebSite","@id":"https:\/\/chemuza.org\/pt\/#website","url":"https:\/\/chemuza.org\/pt\/","name":"Chemuza","description":"Sua porta de entrada para a descoberta qu\u00edmica!","publisher":{"@id":"https:\/\/chemuza.org\/pt\/#organization"},"potentialAction":[{"@type":"SearchAction","target":{"@type":"EntryPoint","urlTemplate":"https:\/\/chemuza.org\/pt\/?s={search_term_string}"},"query-input":"required name=search_term_string"}],"inLanguage":"pt-PT"},{"@type":"Organization","@id":"https:\/\/chemuza.org\/pt\/#organization","name":"Chemuza","url":"https:\/\/chemuza.org\/pt\/","logo":{"@type":"ImageObject","inLanguage":"pt-PT","@id":"https:\/\/chemuza.org\/pt\/#\/schema\/logo\/image\/","url":"https:\/\/chemuza.org\/pt\/wp-content\/uploads\/2023\/10\/chemuza-logo.png","contentUrl":"https:\/\/chemuza.org\/pt\/wp-content\/uploads\/2023\/10\/chemuza-logo.png","width":387,"height":70,"caption":"Chemuza"},"image":{"@id":"https:\/\/chemuza.org\/pt\/#\/schema\/logo\/image\/"}}]}},"yoast_meta":{"yoast_wpseo_title":"","yoast_wpseo_metadesc":"","yoast_wpseo_canonical":""},"_links":{"self":[{"href":"https:\/\/chemuza.org\/pt\/wp-json\/wp\/v2\/pages\/1463","targetHints":{"allow":["GET"]}}],"collection":[{"href":"https:\/\/chemuza.org\/pt\/wp-json\/wp\/v2\/pages"}],"about":[{"href":"https:\/\/chemuza.org\/pt\/wp-json\/wp\/v2\/types\/page"}],"author":[{"embeddable":true,"href":"https:\/\/chemuza.org\/pt\/wp-json\/wp\/v2\/users\/1"}],"replies":[{"embeddable":true,"href":"https:\/\/chemuza.org\/pt\/wp-json\/wp\/v2\/comments?post=1463"}],"version-history":[{"count":0,"href":"https:\/\/chemuza.org\/pt\/wp-json\/wp\/v2\/pages\/1463\/revisions"}],"wp:attachment":[{"href":"https:\/\/chemuza.org\/pt\/wp-json\/wp\/v2\/media?parent=1463"}],"curies":[{"name":"wp","href":"https:\/\/api.w.org\/{rel}","templated":true}]}}