{"id":1462,"date":"2023-07-15T12:08:19","date_gmt":"2023-07-15T12:08:19","guid":{"rendered":"https:\/\/chemuza.org\/pt\/helio\/"},"modified":"2023-07-15T12:08:19","modified_gmt":"2023-07-15T12:08:19","slug":"helio","status":"publish","type":"page","link":"https:\/\/chemuza.org\/pt\/helio\/","title":{"rendered":"H\u00e9lio"},"content":{"rendered":"<p>O h\u00e9lio \u00e9 um dos elementos naturais mais vers\u00e1teis na ind\u00fastria sider\u00fargica e na ci\u00eancia m\u00e9dica \u00e9 \u00fatil na opera\u00e7\u00e3o de dispositivos de diagn\u00f3stico nuclear. Tamb\u00e9m desempenha um papel importante na aeron\u00e1utica espacial, na opera\u00e7\u00e3o de monitores de radia\u00e7\u00e3o e telesc\u00f3pios.<\/p>\n<h2> <strong>O que \u00e9 h\u00e9lio?<\/strong><\/h2>\n<p> Este g\u00e1s \u00e9 7 vezes mais leve que o ar, n\u00e3o tem sabor nem odor e \u00e9 incolor. \u00c9 suspenso em baixas concentra\u00e7\u00f5es de apenas 5 ppm. \u00c9 inerte, ou seja, n\u00e3o reage (com algumas exce\u00e7\u00f5es), \u00e9 menos sol\u00favel que outros gases em l\u00edquidos e n\u00e3o \u00e9 inflam\u00e1vel. Seu ponto de ebuli\u00e7\u00e3o \u00e9 o mais baixo entre os elementos qu\u00edmicos, al\u00e9m disso, n\u00e3o congela e solidifica apenas sob forte press\u00e3o. Depois do hidrog\u00eanio, \u00e9 o mais abundante no universo.<\/p>\n<h3> <strong>S\u00edmbolo de h\u00e9lio<\/strong><\/h3>\n<p> <span class=\"content-chemical-element\" style=\"float: left; width: 65px; height: 65px; border: 3px solid #666; display: flex; justify-content: center; align-items: center; margin-right: 15px;\"><span style=\"font-size: 38px;\">\u00c9<\/span><\/span> um elemento qu\u00edmico gasoso e faz parte do grupo O. Foi estabelecido como monoat\u00f4mico com n\u00famero 2 e peso padr\u00e3o 4,0026. O h\u00e9lio na tabela peri\u00f3dica ocupa o 18\u00ba lugar ao lado do hidrog\u00eanio, mas no bloco p, identificado como g\u00e1s nobre por ter n\u00edvel de energia pleno.<\/p>\n<h2> <strong>Caracter\u00edsticas do h\u00e9lio<\/strong><\/h2>\n<p> \u00c9 um g\u00e1s cujos tipos s\u00e3o muito particulares e que s\u00e3o descritos a seguir:<\/p>\n<ul>\n<li> <strong>Reatividade qu\u00edmica<\/strong> : Baixa ou at\u00e9 zero porque a \u00faltima camada eletr\u00f4nica est\u00e1 completa.<\/li>\n<li> <strong>Derretimento e ebuli\u00e7\u00e3o<\/strong> : Seu calor espec\u00edfico \u00e9 muito alto e seu vapor \u00e9 muito denso, expande-se rapidamente \u00e0 temperatura ambiente.<\/li>\n<li> <strong>Estado<\/strong> : Gasoso na maior parte do tempo.<\/li>\n<li> <strong>Modifica\u00e7\u00f5es<\/strong> : Pode cristalizar sob uma press\u00e3o de -248,15\u00b0C e tornar-se l\u00edquido em temperaturas muito espec\u00edficas.<\/li>\n<li> <strong>Temperatura<\/strong> : 1 atm e 0\u00b0C porque suas part\u00edculas n\u00e3o interagem.<\/li>\n<li> <strong>Ponto cr\u00edtico<\/strong> : 5,19 K.<\/li>\n<li> <strong>Volume<\/strong> : Somente em s\u00f3lidos 3He e 4He com press\u00e3o crescente.<\/li>\n<\/ul>\n<h2> <strong>Propriedades qu\u00edmicas e f\u00edsicas do h\u00e9lio<\/strong><\/h2>\n<ol>\n<li> <strong>N\u00famero at\u00f4mico<\/strong> : 2<\/li>\n<li> <strong>Raio covalente (\u00c5):<\/strong> 0,93<\/li>\n<li> <strong>Configura\u00e7\u00e3o eletr\u00f4nica:<\/strong> 1 s\u00b2<\/li>\n<li> <strong>Massa at\u00f4mica (g\/mol):<\/strong> 4,0026<\/li>\n<li> <strong>Primeira pot\u00eancia de ioniza\u00e7\u00e3o (eV):<\/strong> 24,73<\/li>\n<li> <strong>Densidade relativa ao ar:<\/strong> 0,138 (15\u00baC)<\/li>\n<li> <strong>Ponto de ebuli\u00e7\u00e3o:<\/strong> -268,9\u00b0C (4,22K)<\/li>\n<li> <strong>Ponto de fus\u00e3o:<\/strong> -272,2\u00b0C (0,95K) (26 atm)<\/li>\n<li> <strong>Estado normal:<\/strong> G\u00e1s<\/li>\n<li> <strong>Entalpia de vaporiza\u00e7\u00e3o:<\/strong> 0,0835 kJ\/mol<\/li>\n<li> <strong>Entalpia de fus\u00e3o:<\/strong> 5,23 Kj\/mol<\/li>\n<li> <strong>Velocidade do som:<\/strong> 970 m\/s a 293,15 K<\/li>\n<li> <strong>Peso molecular:<\/strong> 4,00026 g\/mol<\/li>\n<\/ol>\n<h2> <strong>Origem do h\u00e9lio<\/strong><\/h2>\n<p> A palavra para este elemento vem do grego Helios, que significa sol. Na verdade, foi descoberto no espectro da coroa solar em 1868, enquanto ocorria um eclipse. Os astr\u00f4nomos Pierre Janssen e Norman Lockyer, da Inglaterra e da Su\u00e9cia, confirmaram a sua exist\u00eancia ao notarem uma linha amarela acima da \u00cdndia.<\/p>\n<p> Em 1895, o elemento gasoso H\u00e9lio foi descoberto e isolado na Terra pelo qu\u00edmico William Ramsay, gra\u00e7as \u00e0 coleta de clave\u00edta (min\u00e9rio de ur\u00e2nio), que reage com certos \u00e1cidos inorg\u00e2nicos. Por sua vez, William Crookes e Lockyer confirmaram o novo elemento com comprimento de onda de 587,49 nm. Quase ao mesmo tempo, os qu\u00edmicos Per Theodor Cleve e Nils Langlet conseguiram isol\u00e1-lo independentemente da clave\u00edta.<\/p>\n<h2> <strong>Para que \u00e9 usado o h\u00e9lio?<\/strong><\/h2>\n<p> Tem m\u00faltiplas utiliza\u00e7\u00f5es, desde as maiores at\u00e9 as do dia a dia, mesmo que voc\u00ea n\u00e3o perceba. Geralmente \u00e9 usado nas seguintes \u00e1reas:<\/p>\n<h3> <strong>Ci\u00eancia e Tecnologia<\/strong><\/h3>\n<p> Tem sido usado para construir microsc\u00f3pios e \u00edm\u00e3s supercondutores, fazer imagens de resson\u00e2ncia magn\u00e9tica e tem aplica\u00e7\u00f5es em nanotecnologia.<\/p>\n<h3> <strong>Atividade aeroespacial<\/strong><\/h3>\n<p> Com este elemento, as pe\u00e7as do sat\u00e9lite s\u00e3o mantidas, o combust\u00edvel \u00e9 produzido e os motores dos foguetes s\u00e3o limpos. Al\u00e9m disso, foi usado para resfriar hidrog\u00eanio e oxig\u00eanio l\u00edquidos na espa\u00e7onave Apollo da NASA.<\/p>\n<h3> <strong>Energia nuclear<\/strong><\/h3>\n<p> Alguns pa\u00edses como a China pretendem reproduzir a ac\u00e7\u00e3o solar ou a fus\u00e3o nuclear, onde o h\u00e9lio desempenha um papel de lideran\u00e7a. O objetivo \u00e9 criar energia limpa e quase inesgot\u00e1vel. Eles j\u00e1 possuem um dispositivo ou tokamak muito avan\u00e7ado, conhecido como HL-2M, ou seja, um sol artificial.<\/p>\n<h3> <strong>Uso industrial<\/strong><\/h3>\n<p> \u00c9 usado para descobrir vazamentos usando t\u00e9cnicas de pressuriza\u00e7\u00e3o, v\u00e1cuo e ultrav\u00e1cuo quando a imers\u00e3o hidr\u00e1ulica ou teste de press\u00e3o n\u00e3o s\u00e3o suficientes. Tamb\u00e9m \u00e9 amplamente utilizado na soldagem a arco, como o arg\u00f4nio, por ser inerte.<\/p>\n<p> Sua alta capacidade de ioniza\u00e7\u00e3o permite maior aporte t\u00e9rmico, possibilitando misturas Ar\/He na soldagem de alum\u00ednio e outros materiais espessos. Por outro lado, \u00e9 tamb\u00e9m um g\u00e1s protetor na produ\u00e7\u00e3o de cristais de germ\u00e2nio, sil\u00edcio, tit\u00e2nio e zirc\u00f4nio.<\/p>\n<h3> <strong>Vida cotidiana<\/strong><\/h3>\n<p> Os c\u00f3digos de barras das caixas registradoras comerciais s\u00e3o feitos de h\u00e9lio e n\u00e9on. Tamb\u00e9m \u00e9 usado em misturas de tanques de mergulho. Al\u00e9m disso, \u00e9 utilizado para encher dirig\u00edveis e os famosos bal\u00f5es de festa.<\/p>\n<h2> Mais informa\u00e7\u00f5es sobre H\u00e9lio<\/h2>\n<h2> <strong>Onde encontrar h\u00e9lio?<\/strong><\/h2>\n<p> Prov\u00e9m da extra\u00e7\u00e3o do g\u00e1s natural, portanto \u00e9 um subproduto deste \u00faltimo. Este g\u00e1s por si s\u00f3 \u00e9 dif\u00edcil de armazenar e o processo \u00e9 extremamente caro. Os pa\u00edses produtores deste elemento s\u00e3o os Estados Unidos, Arg\u00e9lia, Catar e R\u00fassia.<\/p>\n<p> Concluindo, o h\u00e9lio \u00e9 o segundo g\u00e1s mais leve do mundo. Esta condi\u00e7\u00e3o o marca como um dos elementos naturais em perigo de extin\u00e7\u00e3o.<\/p>\n","protected":false},"excerpt":{"rendered":"<p>O h\u00e9lio \u00e9 um dos elementos naturais mais vers\u00e1teis na ind\u00fastria sider\u00fargica e na ci\u00eancia m\u00e9dica \u00e9 \u00fatil na opera\u00e7\u00e3o de dispositivos de diagn\u00f3stico nuclear. Tamb\u00e9m desempenha um papel importante na aeron\u00e1utica espacial, na opera\u00e7\u00e3o de monitores de radia\u00e7\u00e3o e telesc\u00f3pios. O que \u00e9 h\u00e9lio? Este g\u00e1s \u00e9 7 vezes mais leve que o ar, &#8230; <a title=\"H\u00e9lio\" class=\"read-more\" href=\"https:\/\/chemuza.org\/pt\/helio\/\" aria-label=\"Mais em H\u00e9lio\">Ler mais<\/a><\/p>\n","protected":false},"author":1,"featured_media":0,"parent":0,"menu_order":0,"comment_status":"closed","ping_status":"closed","template":"","meta":{"footnotes":""},"class_list":["post-1462","page","type-page","status-publish"],"yoast_head":"<!-- This site is optimized with the Yoast SEO plugin v21.4 - https:\/\/yoast.com\/wordpress\/plugins\/seo\/ -->\n<title>H\u00e9lio - Chemuza<\/title>\n<meta name=\"robots\" content=\"index, follow, max-snippet:-1, max-image-preview:large, max-video-preview:-1\" \/>\n<link rel=\"canonical\" href=\"https:\/\/chemuza.org\/pt\/helio\/\" \/>\n<meta property=\"og:locale\" content=\"pt_PT\" \/>\n<meta property=\"og:type\" content=\"article\" \/>\n<meta property=\"og:title\" content=\"H\u00e9lio - Chemuza\" \/>\n<meta property=\"og:description\" content=\"O h\u00e9lio \u00e9 um dos elementos naturais mais vers\u00e1teis na ind\u00fastria sider\u00fargica e na ci\u00eancia m\u00e9dica \u00e9 \u00fatil na opera\u00e7\u00e3o de dispositivos de diagn\u00f3stico nuclear. Tamb\u00e9m desempenha um papel importante na aeron\u00e1utica espacial, na opera\u00e7\u00e3o de monitores de radia\u00e7\u00e3o e telesc\u00f3pios. O que \u00e9 h\u00e9lio? Este g\u00e1s \u00e9 7 vezes mais leve que o ar, ... Ler mais\" \/>\n<meta property=\"og:url\" content=\"https:\/\/chemuza.org\/pt\/helio\/\" \/>\n<meta property=\"og:site_name\" content=\"Statorials\" \/>\n<meta name=\"twitter:card\" content=\"summary_large_image\" \/>\n<meta name=\"twitter:label1\" content=\"Tempo estimado de leitura\" \/>\n\t<meta name=\"twitter:data1\" content=\"5 minutos\" \/>\n<script type=\"application\/ld+json\" class=\"yoast-schema-graph\">{\"@context\":\"https:\/\/schema.org\",\"@graph\":[{\"@type\":\"WebPage\",\"@id\":\"https:\/\/chemuza.org\/pt\/helio\/\",\"url\":\"https:\/\/chemuza.org\/pt\/helio\/\",\"name\":\"H\u00e9lio - Chemuza\",\"isPartOf\":{\"@id\":\"https:\/\/chemuza.org\/pt\/#website\"},\"datePublished\":\"2023-07-15T12:08:19+00:00\",\"dateModified\":\"2023-07-15T12:08:19+00:00\",\"breadcrumb\":{\"@id\":\"https:\/\/chemuza.org\/pt\/helio\/#breadcrumb\"},\"inLanguage\":\"pt-PT\",\"potentialAction\":[{\"@type\":\"ReadAction\",\"target\":[\"https:\/\/chemuza.org\/pt\/helio\/\"]}]},{\"@type\":\"BreadcrumbList\",\"@id\":\"https:\/\/chemuza.org\/pt\/helio\/#breadcrumb\",\"itemListElement\":[{\"@type\":\"ListItem\",\"position\":1,\"name\":\"Lar\",\"item\":\"https:\/\/chemuza.org\/pt\/\"},{\"@type\":\"ListItem\",\"position\":2,\"name\":\"H\u00e9lio\"}]},{\"@type\":\"WebSite\",\"@id\":\"https:\/\/chemuza.org\/pt\/#website\",\"url\":\"https:\/\/chemuza.org\/pt\/\",\"name\":\"Chemuza\",\"description\":\"Sua porta de entrada para a descoberta qu\u00edmica!\",\"publisher\":{\"@id\":\"https:\/\/chemuza.org\/pt\/#organization\"},\"potentialAction\":[{\"@type\":\"SearchAction\",\"target\":{\"@type\":\"EntryPoint\",\"urlTemplate\":\"https:\/\/chemuza.org\/pt\/?s={search_term_string}\"},\"query-input\":\"required name=search_term_string\"}],\"inLanguage\":\"pt-PT\"},{\"@type\":\"Organization\",\"@id\":\"https:\/\/chemuza.org\/pt\/#organization\",\"name\":\"Chemuza\",\"url\":\"https:\/\/chemuza.org\/pt\/\",\"logo\":{\"@type\":\"ImageObject\",\"inLanguage\":\"pt-PT\",\"@id\":\"https:\/\/chemuza.org\/pt\/#\/schema\/logo\/image\/\",\"url\":\"https:\/\/chemuza.org\/pt\/wp-content\/uploads\/2023\/10\/chemuza-logo.png\",\"contentUrl\":\"https:\/\/chemuza.org\/pt\/wp-content\/uploads\/2023\/10\/chemuza-logo.png\",\"width\":387,\"height\":70,\"caption\":\"Chemuza\"},\"image\":{\"@id\":\"https:\/\/chemuza.org\/pt\/#\/schema\/logo\/image\/\"}}]}<\/script>\n<!-- \/ Yoast SEO plugin. -->","yoast_head_json":{"title":"H\u00e9lio - Chemuza","robots":{"index":"index","follow":"follow","max-snippet":"max-snippet:-1","max-image-preview":"max-image-preview:large","max-video-preview":"max-video-preview:-1"},"canonical":"https:\/\/chemuza.org\/pt\/helio\/","og_locale":"pt_PT","og_type":"article","og_title":"H\u00e9lio - Chemuza","og_description":"O h\u00e9lio \u00e9 um dos elementos naturais mais vers\u00e1teis na ind\u00fastria sider\u00fargica e na ci\u00eancia m\u00e9dica \u00e9 \u00fatil na opera\u00e7\u00e3o de dispositivos de diagn\u00f3stico nuclear. Tamb\u00e9m desempenha um papel importante na aeron\u00e1utica espacial, na opera\u00e7\u00e3o de monitores de radia\u00e7\u00e3o e telesc\u00f3pios. O que \u00e9 h\u00e9lio? Este g\u00e1s \u00e9 7 vezes mais leve que o ar, ... Ler mais","og_url":"https:\/\/chemuza.org\/pt\/helio\/","og_site_name":"Statorials","twitter_card":"summary_large_image","twitter_misc":{"Tempo estimado de leitura":"5 minutos"},"schema":{"@context":"https:\/\/schema.org","@graph":[{"@type":"WebPage","@id":"https:\/\/chemuza.org\/pt\/helio\/","url":"https:\/\/chemuza.org\/pt\/helio\/","name":"H\u00e9lio - Chemuza","isPartOf":{"@id":"https:\/\/chemuza.org\/pt\/#website"},"datePublished":"2023-07-15T12:08:19+00:00","dateModified":"2023-07-15T12:08:19+00:00","breadcrumb":{"@id":"https:\/\/chemuza.org\/pt\/helio\/#breadcrumb"},"inLanguage":"pt-PT","potentialAction":[{"@type":"ReadAction","target":["https:\/\/chemuza.org\/pt\/helio\/"]}]},{"@type":"BreadcrumbList","@id":"https:\/\/chemuza.org\/pt\/helio\/#breadcrumb","itemListElement":[{"@type":"ListItem","position":1,"name":"Lar","item":"https:\/\/chemuza.org\/pt\/"},{"@type":"ListItem","position":2,"name":"H\u00e9lio"}]},{"@type":"WebSite","@id":"https:\/\/chemuza.org\/pt\/#website","url":"https:\/\/chemuza.org\/pt\/","name":"Chemuza","description":"Sua porta de entrada para a descoberta qu\u00edmica!","publisher":{"@id":"https:\/\/chemuza.org\/pt\/#organization"},"potentialAction":[{"@type":"SearchAction","target":{"@type":"EntryPoint","urlTemplate":"https:\/\/chemuza.org\/pt\/?s={search_term_string}"},"query-input":"required name=search_term_string"}],"inLanguage":"pt-PT"},{"@type":"Organization","@id":"https:\/\/chemuza.org\/pt\/#organization","name":"Chemuza","url":"https:\/\/chemuza.org\/pt\/","logo":{"@type":"ImageObject","inLanguage":"pt-PT","@id":"https:\/\/chemuza.org\/pt\/#\/schema\/logo\/image\/","url":"https:\/\/chemuza.org\/pt\/wp-content\/uploads\/2023\/10\/chemuza-logo.png","contentUrl":"https:\/\/chemuza.org\/pt\/wp-content\/uploads\/2023\/10\/chemuza-logo.png","width":387,"height":70,"caption":"Chemuza"},"image":{"@id":"https:\/\/chemuza.org\/pt\/#\/schema\/logo\/image\/"}}]}},"yoast_meta":{"yoast_wpseo_title":"","yoast_wpseo_metadesc":"","yoast_wpseo_canonical":""},"_links":{"self":[{"href":"https:\/\/chemuza.org\/pt\/wp-json\/wp\/v2\/pages\/1462","targetHints":{"allow":["GET"]}}],"collection":[{"href":"https:\/\/chemuza.org\/pt\/wp-json\/wp\/v2\/pages"}],"about":[{"href":"https:\/\/chemuza.org\/pt\/wp-json\/wp\/v2\/types\/page"}],"author":[{"embeddable":true,"href":"https:\/\/chemuza.org\/pt\/wp-json\/wp\/v2\/users\/1"}],"replies":[{"embeddable":true,"href":"https:\/\/chemuza.org\/pt\/wp-json\/wp\/v2\/comments?post=1462"}],"version-history":[{"count":0,"href":"https:\/\/chemuza.org\/pt\/wp-json\/wp\/v2\/pages\/1462\/revisions"}],"wp:attachment":[{"href":"https:\/\/chemuza.org\/pt\/wp-json\/wp\/v2\/media?parent=1462"}],"curies":[{"name":"wp","href":"https:\/\/api.w.org\/{rel}","templated":true}]}}