{"id":1461,"date":"2023-07-15T12:58:52","date_gmt":"2023-07-15T12:58:52","guid":{"rendered":"https:\/\/chemuza.org\/pt\/azoto\/"},"modified":"2023-07-15T12:58:52","modified_gmt":"2023-07-15T12:58:52","slug":"azoto","status":"publish","type":"page","link":"https:\/\/chemuza.org\/pt\/azoto\/","title":{"rendered":"Azoto"},"content":{"rendered":"<p>Voc\u00ea sabia que existe um elemento qu\u00edmico respons\u00e1vel pelos tons de azul, verde, laranja, vermelho e roxo que aparecem no c\u00e9u? Sim, \u00e9 o Nitrog\u00eanio cuja massa corporal representa 3% dos \u00e1tomos combinados com outros elementos. Saiba mais sobre esse g\u00e1s, sua apar\u00eancia, para que serve e quem o descobriu.<\/p>\n<h2> <strong>O que \u00e9 nitrog\u00eanio?<\/strong><\/h2>\n<p> \u00c9 um elemento qu\u00edmico gasoso em condi\u00e7\u00f5es normais, que n\u00e3o apresenta cor, odor, sabor ou reatividade. Est\u00e1 localizado no grupo dos n\u00e3o metais. \u00c9 um agente diluidor de oxig\u00eanio que possui alta carga eletronegativa e 7 pr\u00f3tons em seu n\u00facleo. Seus compostos mais conhecidos s\u00e3o o di\u00f3xido de nitrog\u00eanio, o \u00f3xido n\u00edtrico e o g\u00e1s hilariante.<\/p>\n<h3> <strong>S\u00edmbolo de nitrog\u00eanio<\/strong><\/h3>\n<p> <span class=\"content-chemical-element\" style=\"float: left;width: 65px;height: 65px;border: 3px solid #666; display:flex;\n    justify-content: center;align-items: center;margin-right: 15px;\"><span style=\"font-size: 38px;\">N<\/span><\/span> Anteriormente, Az era usado como s\u00edmbolo, pois era conhecido como <em>\u00c1zoe<\/em> . Por\u00e9m, quando renomeado, \u00e9 representado pela letra N. O termo vem das palavras latinas <em>nitrum<\/em> , nitro ou compostos de s\u00f3dio, e <em>gene<\/em> , gerar. Em termos simples, isso significa que gera salitre.<\/p>\n<h2> <strong>Caracter\u00edsticas do nitrog\u00eanio<\/strong><\/h2>\n<p> Est\u00e1 localizado no grupo 15 e no per\u00edodo 2 da tabela qu\u00edmica dos elementos e \u00e9 identificado pela letra N. Como g\u00e1s, existe inesgotavelmente na atmosfera gra\u00e7as ao conhecido ciclo do nitrog\u00eanio. Al\u00e9m disso, exibe estados de oxida\u00e7\u00e3o comuns e est\u00e1veis. As outras caracter\u00edsticas atribu\u00eddas a ele s\u00e3o:<\/p>\n<ul>\n<li> <strong>Al\u00f3tropos<\/strong> : apresenta dois, moleculares e polim\u00e9ricos.<\/li>\n<li> <strong>Male\u00e1vel<\/strong> : Falta de maleabilidade e ductilidade.<\/li>\n<li> <strong>Magnetismo<\/strong> : N\u00e3o \u00e9 um bom condutor de calor e eletricidade, como o resto dos chamados n\u00e3o metais.<\/li>\n<li> <strong>Dureza<\/strong> : Aparece sem dados de dureza mineral.<\/li>\n<li> <strong>Cor<\/strong> : N\u00e3o exibe nenhuma cor.<\/li>\n<li> <strong>Condi\u00e7\u00e3o<\/strong> : G\u00e1s comum, embora possa ser transformado em nitrog\u00eanio s\u00f3lido ou l\u00edquido.<\/li>\n<li> <strong>Sabor e odor<\/strong> : Ins\u00edpido e inodoro.<\/li>\n<li> <strong>Solubilidade<\/strong> : Em contato com \u00e1gua.<\/li>\n<\/ul>\n<h2> <strong>Propriedades qu\u00edmicas e f\u00edsicas do nitrog\u00eanio<\/strong><\/h2>\n<ol>\n<li> <strong>N\u00famero at\u00f4mico<\/strong> : 7<\/li>\n<li> <strong>Grupo<\/strong> : 15<\/li>\n<li> <strong>Per\u00edodo<\/strong> : 2<\/li>\n<li> <strong>bloquear<\/strong> :p<\/li>\n<li> <strong>Peso at\u00f4mico<\/strong> : 14.007<\/li>\n<li> <strong>Densidade<\/strong> : 1,2506 kg\/m\u00b3<\/li>\n<li> <strong>Condi\u00e7\u00e3o<\/strong> : G\u00e1s<\/li>\n<li> <strong>\u00d3xido<\/strong> : N\u00e3o apresenta<\/li>\n<li> <strong>Ponto de fus\u00e3o<\/strong> : -210\u00b0C<\/li>\n<li> <strong>Ponto de ebuli\u00e7\u00e3o<\/strong> : -196\u00b0C<\/li>\n<li> <strong>Calor espec\u00edfico<\/strong> : 1040 J\/(K-kg)<\/li>\n<li> <strong>Eletronegatividade<\/strong> : 3,04<\/li>\n<li> <strong>Raio m\u00e9dio<\/strong> : 65h<\/li>\n<li> <strong>Raio covalente<\/strong> : 75h<\/li>\n<li> <strong>Raio at\u00f4mico<\/strong> : 56h<\/li>\n<li> <strong>El\u00e9trons por camada<\/strong> : 2,5<\/li>\n<li> <strong>Estados de oxida\u00e7\u00e3o<\/strong> : +3, 5, 4, 2, 1<\/li>\n<li> <strong>Configura\u00e7\u00e3o eletr\u00f4nica<\/strong> : [He]2s <sup>2<\/sup> 2p <sup>3<\/sup><\/li>\n<\/ol>\n<h2> <strong>Origem do nitrog\u00eanio<\/strong><\/h2>\n<p> Foi oficialmente descoberto em 1772 pelo escoc\u00eas Daniel Rutherford. Este produto qu\u00edmico tem demonstrado algumas de suas propriedades, como o fato de n\u00e3o ter capacidade de sustentar vida, nem de queimar. Mais tarde, o franc\u00eas Antoine Lavoisier chamou-o de ar mef\u00edtico e mais tarde de azo\u00e9, que significa sem vida. Mais tarde, o doutor Jean Chaptal sugeriria o nome nitrog\u00eanio devido \u00e0 sua presen\u00e7a no salitre ou no nitro.<\/p>\n<h2> <strong>Para que \u00e9 usado o nitrog\u00eanio?<\/strong><\/h2>\n<p> Um dos usos mais pr\u00e1ticos \u00e9 conservar alimentos embalados, pois suspende a oxida\u00e7\u00e3o. Da mesma forma, \u00e9 utilizado em explosivos qu\u00edmicos para interromper sua explos\u00e3o, consumir l\u00e2mpadas, fazer a\u00e7o inoxid\u00e1vel e fazer pe\u00e7as eletr\u00f4nicas como circuitos integrados ou transistores.<\/p>\n<p> Al\u00e9m disso, \u00e9 utilizado em combust\u00edveis de aeronaves porque evita a exposi\u00e7\u00e3o ao fogo. Al\u00e9m disso, \u00e9 utilizado durante a produ\u00e7\u00e3o de fertilizantes e, no estado l\u00edquido, \u00e9 \u00fatil na preserva\u00e7\u00e3o de plaquetas e sangue. Al\u00e9m disso, est\u00e1 inclu\u00eddo na maioria dos medicamentos farmacol\u00f3gicos, incluindo anestesia.<\/p>\n<h2> <strong>operar na natureza<\/strong><\/h2>\n<p> Sua contribui\u00e7\u00e3o ao meio ambiente \u00e9 fundamental, pois a aus\u00eancia do ciclo do nitrog\u00eanio pode influenciar negativamente a vida na terra. A verdade \u00e9 que este elemento permite que as bact\u00e9rias fertilizem o solo. Em seguida, \u00e9 armazenado em plantas que servem de alimento para a vida selvagem.<\/p>\n<h2> <strong>Onde esse mineral \u00e9 encontrado?<\/strong><\/h2>\n<p> Esse elemento \u00e9 abundante na atmosfera terrestre, j\u00e1 que 80% do ar \u00e9 composto por dinitrog\u00eanio (N2). Al\u00e9m disso, est\u00e1 presente em plantas, alimentos, subst\u00e2ncias t\u00f3xicas, fertilizantes e at\u00e9 mesmo em explosivos qu\u00edmicos.<\/p>\n<h2> <strong>Estrutura do Nitrog\u00eanio<\/strong><\/h2>\n<p> Geralmente consiste em dois tipos de is\u00f3topos est\u00e1veis, nomeadamente N14, produzido no ciclo CNO, e N15. Tamb\u00e9m podemos encontrar outros de origem radioativa, por exemplo N12, N13, N16 e N17, que s\u00e3o produtos de diversas rea\u00e7\u00f5es nucleares.<\/p>\n<h2> <strong>Obten\u00e7\u00e3o de nitrog\u00eanio<\/strong><\/h2>\n<p> Geralmente \u00e9 adquirido na atmosfera quando o ar passa atrav\u00e9s do ferro ou cobre quente, separando assim o oxig\u00eanio do ar para deixar o N misturado com gases n\u00e3o reativos. Al\u00e9m disso, \u00e9 poss\u00edvel isol\u00e1-lo por destila\u00e7\u00e3o fracionada do ar at\u00e9 o estado l\u00edquido. Desta forma \u00e9 poss\u00edvel separ\u00e1-lo do oxig\u00eanio l\u00edquido.<\/p>\n<h2> <strong>Efeitos no corpo humano<\/strong><\/h2>\n<p> \u00c9 capaz de causar efeitos nocivos \u00e0 sa\u00fade, gra\u00e7as aos nitritos e nitratos presentes na \u00e1gua, como a redu\u00e7\u00e3o do fluxo de oxig\u00eanio no sangue. Da mesma forma, reduz o bom funcionamento da gl\u00e2ndula tireoide, impede o armazenamento de vitamina A e produz nitrosaminas, respons\u00e1veis pelo c\u00e2ncer.<\/p>\n<p> Em suma, a palavra nitrog\u00eanio refere-se a um elemento qu\u00edmico gasoso, incolor, inodoro e ins\u00edpido. Entre suas caracter\u00edsticas, falta capacidade de resposta, ductilidade e maleabilidade. Suas muitas aplica\u00e7\u00f5es incluem combust\u00edvel de avia\u00e7\u00e3o e seu poder de prevenir a oxida\u00e7\u00e3o de alimentos.<\/p>\n<h2> Mais informa\u00e7\u00f5es sobre nitrog\u00eanio<\/h2>\n","protected":false},"excerpt":{"rendered":"<p>Voc\u00ea sabia que existe um elemento qu\u00edmico respons\u00e1vel pelos tons de azul, verde, laranja, vermelho e roxo que aparecem no c\u00e9u? Sim, \u00e9 o Nitrog\u00eanio cuja massa corporal representa 3% dos \u00e1tomos combinados com outros elementos. Saiba mais sobre esse g\u00e1s, sua apar\u00eancia, para que serve e quem o descobriu. O que \u00e9 nitrog\u00eanio? \u00c9 &#8230; <a title=\"Azoto\" class=\"read-more\" href=\"https:\/\/chemuza.org\/pt\/azoto\/\" aria-label=\"Mais em Azoto\">Ler mais<\/a><\/p>\n","protected":false},"author":1,"featured_media":0,"parent":0,"menu_order":0,"comment_status":"closed","ping_status":"closed","template":"","meta":{"footnotes":""},"class_list":["post-1461","page","type-page","status-publish"],"yoast_head":"<!-- This site is optimized with the Yoast SEO plugin v21.4 - https:\/\/yoast.com\/wordpress\/plugins\/seo\/ -->\n<title>Nitrog\u00eanio - Chemuza<\/title>\n<meta name=\"robots\" content=\"index, follow, max-snippet:-1, max-image-preview:large, max-video-preview:-1\" \/>\n<link rel=\"canonical\" href=\"https:\/\/chemuza.org\/pt\/azoto\/\" \/>\n<meta property=\"og:locale\" content=\"pt_PT\" \/>\n<meta property=\"og:type\" content=\"article\" \/>\n<meta property=\"og:title\" content=\"Nitrog\u00eanio - Chemuza\" \/>\n<meta property=\"og:description\" content=\"Voc\u00ea sabia que existe um elemento qu\u00edmico respons\u00e1vel pelos tons de azul, verde, laranja, vermelho e roxo que aparecem no c\u00e9u? Sim, \u00e9 o Nitrog\u00eanio cuja massa corporal representa 3% dos \u00e1tomos combinados com outros elementos. Saiba mais sobre esse g\u00e1s, sua apar\u00eancia, para que serve e quem o descobriu. O que \u00e9 nitrog\u00eanio? \u00c9 ... Ler mais\" \/>\n<meta property=\"og:url\" content=\"https:\/\/chemuza.org\/pt\/azoto\/\" \/>\n<meta property=\"og:site_name\" content=\"Statorials\" \/>\n<meta name=\"twitter:card\" content=\"summary_large_image\" \/>\n<meta name=\"twitter:label1\" content=\"Tempo estimado de leitura\" \/>\n\t<meta name=\"twitter:data1\" content=\"4 minutos\" \/>\n<script type=\"application\/ld+json\" class=\"yoast-schema-graph\">{\"@context\":\"https:\/\/schema.org\",\"@graph\":[{\"@type\":\"WebPage\",\"@id\":\"https:\/\/chemuza.org\/pt\/azoto\/\",\"url\":\"https:\/\/chemuza.org\/pt\/azoto\/\",\"name\":\"Nitrog\u00eanio - Chemuza\",\"isPartOf\":{\"@id\":\"https:\/\/chemuza.org\/pt\/#website\"},\"datePublished\":\"2023-07-15T12:58:52+00:00\",\"dateModified\":\"2023-07-15T12:58:52+00:00\",\"breadcrumb\":{\"@id\":\"https:\/\/chemuza.org\/pt\/azoto\/#breadcrumb\"},\"inLanguage\":\"pt-PT\",\"potentialAction\":[{\"@type\":\"ReadAction\",\"target\":[\"https:\/\/chemuza.org\/pt\/azoto\/\"]}]},{\"@type\":\"BreadcrumbList\",\"@id\":\"https:\/\/chemuza.org\/pt\/azoto\/#breadcrumb\",\"itemListElement\":[{\"@type\":\"ListItem\",\"position\":1,\"name\":\"Lar\",\"item\":\"https:\/\/chemuza.org\/pt\/\"},{\"@type\":\"ListItem\",\"position\":2,\"name\":\"Azoto\"}]},{\"@type\":\"WebSite\",\"@id\":\"https:\/\/chemuza.org\/pt\/#website\",\"url\":\"https:\/\/chemuza.org\/pt\/\",\"name\":\"Chemuza\",\"description\":\"Sua porta de entrada para a descoberta qu\u00edmica!\",\"publisher\":{\"@id\":\"https:\/\/chemuza.org\/pt\/#organization\"},\"potentialAction\":[{\"@type\":\"SearchAction\",\"target\":{\"@type\":\"EntryPoint\",\"urlTemplate\":\"https:\/\/chemuza.org\/pt\/?s={search_term_string}\"},\"query-input\":\"required name=search_term_string\"}],\"inLanguage\":\"pt-PT\"},{\"@type\":\"Organization\",\"@id\":\"https:\/\/chemuza.org\/pt\/#organization\",\"name\":\"Chemuza\",\"url\":\"https:\/\/chemuza.org\/pt\/\",\"logo\":{\"@type\":\"ImageObject\",\"inLanguage\":\"pt-PT\",\"@id\":\"https:\/\/chemuza.org\/pt\/#\/schema\/logo\/image\/\",\"url\":\"https:\/\/chemuza.org\/pt\/wp-content\/uploads\/2023\/10\/chemuza-logo.png\",\"contentUrl\":\"https:\/\/chemuza.org\/pt\/wp-content\/uploads\/2023\/10\/chemuza-logo.png\",\"width\":387,\"height\":70,\"caption\":\"Chemuza\"},\"image\":{\"@id\":\"https:\/\/chemuza.org\/pt\/#\/schema\/logo\/image\/\"}}]}<\/script>\n<!-- \/ Yoast SEO plugin. -->","yoast_head_json":{"title":"Nitrog\u00eanio - Chemuza","robots":{"index":"index","follow":"follow","max-snippet":"max-snippet:-1","max-image-preview":"max-image-preview:large","max-video-preview":"max-video-preview:-1"},"canonical":"https:\/\/chemuza.org\/pt\/azoto\/","og_locale":"pt_PT","og_type":"article","og_title":"Nitrog\u00eanio - Chemuza","og_description":"Voc\u00ea sabia que existe um elemento qu\u00edmico respons\u00e1vel pelos tons de azul, verde, laranja, vermelho e roxo que aparecem no c\u00e9u? Sim, \u00e9 o Nitrog\u00eanio cuja massa corporal representa 3% dos \u00e1tomos combinados com outros elementos. Saiba mais sobre esse g\u00e1s, sua apar\u00eancia, para que serve e quem o descobriu. O que \u00e9 nitrog\u00eanio? \u00c9 ... Ler mais","og_url":"https:\/\/chemuza.org\/pt\/azoto\/","og_site_name":"Statorials","twitter_card":"summary_large_image","twitter_misc":{"Tempo estimado de leitura":"4 minutos"},"schema":{"@context":"https:\/\/schema.org","@graph":[{"@type":"WebPage","@id":"https:\/\/chemuza.org\/pt\/azoto\/","url":"https:\/\/chemuza.org\/pt\/azoto\/","name":"Nitrog\u00eanio - Chemuza","isPartOf":{"@id":"https:\/\/chemuza.org\/pt\/#website"},"datePublished":"2023-07-15T12:58:52+00:00","dateModified":"2023-07-15T12:58:52+00:00","breadcrumb":{"@id":"https:\/\/chemuza.org\/pt\/azoto\/#breadcrumb"},"inLanguage":"pt-PT","potentialAction":[{"@type":"ReadAction","target":["https:\/\/chemuza.org\/pt\/azoto\/"]}]},{"@type":"BreadcrumbList","@id":"https:\/\/chemuza.org\/pt\/azoto\/#breadcrumb","itemListElement":[{"@type":"ListItem","position":1,"name":"Lar","item":"https:\/\/chemuza.org\/pt\/"},{"@type":"ListItem","position":2,"name":"Azoto"}]},{"@type":"WebSite","@id":"https:\/\/chemuza.org\/pt\/#website","url":"https:\/\/chemuza.org\/pt\/","name":"Chemuza","description":"Sua porta de entrada para a descoberta qu\u00edmica!","publisher":{"@id":"https:\/\/chemuza.org\/pt\/#organization"},"potentialAction":[{"@type":"SearchAction","target":{"@type":"EntryPoint","urlTemplate":"https:\/\/chemuza.org\/pt\/?s={search_term_string}"},"query-input":"required name=search_term_string"}],"inLanguage":"pt-PT"},{"@type":"Organization","@id":"https:\/\/chemuza.org\/pt\/#organization","name":"Chemuza","url":"https:\/\/chemuza.org\/pt\/","logo":{"@type":"ImageObject","inLanguage":"pt-PT","@id":"https:\/\/chemuza.org\/pt\/#\/schema\/logo\/image\/","url":"https:\/\/chemuza.org\/pt\/wp-content\/uploads\/2023\/10\/chemuza-logo.png","contentUrl":"https:\/\/chemuza.org\/pt\/wp-content\/uploads\/2023\/10\/chemuza-logo.png","width":387,"height":70,"caption":"Chemuza"},"image":{"@id":"https:\/\/chemuza.org\/pt\/#\/schema\/logo\/image\/"}}]}},"yoast_meta":{"yoast_wpseo_title":"","yoast_wpseo_metadesc":"","yoast_wpseo_canonical":""},"_links":{"self":[{"href":"https:\/\/chemuza.org\/pt\/wp-json\/wp\/v2\/pages\/1461","targetHints":{"allow":["GET"]}}],"collection":[{"href":"https:\/\/chemuza.org\/pt\/wp-json\/wp\/v2\/pages"}],"about":[{"href":"https:\/\/chemuza.org\/pt\/wp-json\/wp\/v2\/types\/page"}],"author":[{"embeddable":true,"href":"https:\/\/chemuza.org\/pt\/wp-json\/wp\/v2\/users\/1"}],"replies":[{"embeddable":true,"href":"https:\/\/chemuza.org\/pt\/wp-json\/wp\/v2\/comments?post=1461"}],"version-history":[{"count":0,"href":"https:\/\/chemuza.org\/pt\/wp-json\/wp\/v2\/pages\/1461\/revisions"}],"wp:attachment":[{"href":"https:\/\/chemuza.org\/pt\/wp-json\/wp\/v2\/media?parent=1461"}],"curies":[{"name":"wp","href":"https:\/\/api.w.org\/{rel}","templated":true}]}}