{"id":1460,"date":"2023-07-15T14:45:00","date_gmt":"2023-07-15T14:45:00","guid":{"rendered":"https:\/\/chemuza.org\/pt\/boro\/"},"modified":"2023-07-15T14:45:00","modified_gmt":"2023-07-15T14:45:00","slug":"boro","status":"publish","type":"page","link":"https:\/\/chemuza.org\/pt\/boro\/","title":{"rendered":"Boro"},"content":{"rendered":"<p>O boro \u00e9 um elemento da tabela peri\u00f3dica e existe naturalmente no meio ambiente. Combina-se com o oxig\u00eanio e outros elementos para formar os chamados boratos. Da mesma forma, locais como solos, rochas, oceanos e at\u00e9 mesmo carv\u00e3o cont\u00eam esse composto qu\u00edmico. Conhe\u00e7a os detalhes sobre a origem, propriedades e benef\u00edcios desse metal\u00f3ide.<\/p>\n<h2> <strong>O que \u00e9 boro?<\/strong><\/h2>\n<p> \u00c9 um elemento qu\u00edmico metal\u00f3ide e semicondutor que existe abundantemente no mineral b\u00f3rax. Este composto \u00e9 composto por dois componentes B amorfos e met\u00e1licos. O primeiro \u00e9 um p\u00f3 marrom e o segundo \u00e9 preto, duro e pouco condutor \u00e0 temperatura ambiente.<\/p>\n<h3> <strong>S\u00edmbolo de boro<\/strong><\/h3>\n<p> <span class=\"content-chemical-element\" style=\"float: left; width: 65px; height: 65px; border: 3px solid #666; display: flex; justify-content: center; align-items: center; margin-right: 15px;\"><span style=\"font-size: 38px;\">B<\/span><\/span> \u00c9 identificado na tabela peri\u00f3dica pelo s\u00edmbolo B. Al\u00e9m disso, sua massa \u00e9 de aproximadamente 10,811 e est\u00e1 marcado com o n\u00famero at\u00f4mico 5. Seu nome vem da palavra \u00e1rabe buraq ou do persa burah, que significa b\u00f3rax. .<\/p>\n<h2> <strong>Caracter\u00edsticas do boro<\/strong><\/h2>\n<p> \u00c9 um elemento muito raro, tanto na crosta terrestre como no sistema solar. Possui transmiss\u00e3o de radia\u00e7\u00e3o infravermelha. Sua condutividade el\u00e9trica \u00e9 alta quando submetido a altas temperaturas. Outras particularidades s\u00e3o:<\/p>\n<ul>\n<li> <strong>Cor:<\/strong> Escuro \u00e9 o estado puro.<\/li>\n<li> <strong>Apar\u00eancia:<\/strong> Dif\u00edcil.<\/li>\n<li> <strong>Condutividade el\u00e9trica:<\/strong> \u00c9 um semicondutor.<\/li>\n<li> <strong>Formato:<\/strong> Cristais vermelhos com densidade de aproximadamente 2,46 gramas.<\/li>\n<li> <strong>Metal\u00f3ide:<\/strong> Isso significa que cont\u00e9m elementos met\u00e1licos e n\u00e3o met\u00e1licos.<\/li>\n<li> <strong>Condi\u00e7\u00e3o:<\/strong> Na sua forma natural, \u00e9 s\u00f3lido.<\/li>\n<li> <strong>Magnetidade:<\/strong> N\u00e3o presente.<\/li>\n<li> <strong>Solubilidade:<\/strong> \u00c9 insol\u00favel em \u00e1gua, \u00e9ter e \u00e1lcool, mas \u00e9 sol\u00favel em \u00e1cidos n\u00edtricos.<\/li>\n<\/ul>\n<h2> <strong>Propriedades qu\u00edmicas e f\u00edsicas do boro<\/strong><\/h2>\n<ol>\n<li> <strong>N\u00famero at\u00f4mico:<\/strong> 5<\/li>\n<li> <strong>Estado de oxida\u00e7\u00e3o:<\/strong> +3<\/li>\n<li> <strong>Val\u00eancia:<\/strong> 3<\/li>\n<li> <strong>Eletronegatividade:<\/strong> 2,0<\/li>\n<li> <strong>Raio at\u00f4mico (A):<\/strong> 0,98<\/li>\n<li> <strong>Raio covalente (A):<\/strong> 0,82<\/li>\n<li> <strong>Raio i\u00f4nico (A):<\/strong> 0,20<\/li>\n<li> <strong>Massa at\u00f4mica:<\/strong> 10.811<\/li>\n<li> <strong>Estado de oxida\u00e7\u00e3o:<\/strong> +3<\/li>\n<li> <strong>Ponto de ebuli\u00e7\u00e3o (\u00b0C):<\/strong> 4000<\/li>\n<li> <strong>Ponto de fus\u00e3o (\u00b0C):<\/strong> 2030<\/li>\n<li> <strong>bloco:<\/strong> p<\/li>\n<li> <strong>Pr\u00f3tons:<\/strong> 5<\/li>\n<li> <strong>N\u00edvel de el\u00e9tron:<\/strong> 2, 3<\/li>\n<li> <strong>N\u00eautrons:<\/strong> 6<\/li>\n<li> <strong>Per\u00edodo:<\/strong> 2<\/li>\n<li> <strong>Densidade (g\/ml):<\/strong> 2,34<\/li>\n<li> <strong>Primeiro potencial de ioniza\u00e7\u00e3o<\/strong> (eV): 8,33<\/li>\n<li> <strong>Configura\u00e7\u00e3o eletr\u00f4nica:<\/strong> [He] 2s <sup>2<\/sup> 2p <sup>1<\/sup><\/li>\n<\/ol>\n<h2> <strong>Origem do boro<\/strong><\/h2>\n<p> Sua descoberta remonta a 1808 e \u00e9 atribu\u00edda a Davy Humphry, Lussac Gay e Thernand L. Esses cientistas fizeram experi\u00eancias tratando o \u00e1cido b\u00f3rico com pot\u00e1ssio, pois naquela \u00e9poca era conhecida a afinidade do pot\u00e1ssio com o oxig\u00eanio.<\/p>\n<h2> <strong>Para que \u00e9 usado o Boro?<\/strong><\/h2>\n<p> Todos os derivados do elemento s\u00e3o utilizados pela ind\u00fastria na fabrica\u00e7\u00e3o de esmaltes, fibras de vidro isolantes, instrumentos odontol\u00f3gicos e vidro borossilicato. Al\u00e9m disso, o \u00e1cido b\u00f3rico \u00e9 utilizado em produtos t\u00eaxteis e o b\u00f3rax \u00e9 comum em produtos de limpeza e anti-s\u00e9pticos. Mesmo na \u00e1rea m\u00e9dica, \u00e9 eficaz no tratamento da artrite e, em sua forma amorfa, \u00e9 utilizado para fogos de artif\u00edcio que exibem cores verdes brilhantes.<\/p>\n<p> Por outro lado, \u00e9 um elemento s\u00f3lido, resistente e s\u00f3lido, raz\u00e3o pela qual os seus filamentos s\u00e3o utilizados na constru\u00e7\u00e3o de estruturas e armaduras aeroespaciais. Na verdade, com o nitreto de boro um diamante s\u00f3lido pode ser formado e possui propriedades para o processo de refino do alum\u00ednio.<\/p>\n<h2> <strong>Boro e sa\u00fade<\/strong><\/h2>\n<p> Este composto \u00e9 rapidamente eliminado do corpo, embora pequenas fra\u00e7\u00f5es se liguem aos ossos e contribuam para diversas fun\u00e7\u00f5es importantes no corpo. Descubra a rela\u00e7\u00e3o deste elemento com a sa\u00fade:<\/p>\n<h3> <strong>Melhora a atividade hormonal<\/strong><\/h3>\n<p> Um bom n\u00edvel de vitamina B no corpo pode fazer diferen\u00e7a na quantidade de horm\u00f4nios sexuais masculinos e femininos, que s\u00e3o a testosterona e a progesterona.<\/p>\n<h3> <strong>Ajuda a fun\u00e7\u00e3o cerebral<\/strong><\/h3>\n<p> Foi demonstrado que este composto afeta a eleva\u00e7\u00e3o da capacidade cognitiva, da mem\u00f3ria de curto prazo e da atividade el\u00e9trica do c\u00e9rebro, especialmente em adultos mais velhos.<\/p>\n<h3> <strong>tratamento de c\u00e2ncer<\/strong><\/h3>\n<p> Existe um tratamento experimental aprovado pela Comiss\u00e3o Europeia em Amesterd\u00e3o que irradia boro-10 em pacientes com cancro cerebral. O princ\u00edpio \u00e9 garantir que a radioterapia tenha cuidado para n\u00e3o danificar as c\u00e9lulas saud\u00e1veis do corpo. Espera-se tamb\u00e9m que ajude a prevenir o c\u00e2ncer cervical, de tire\u00f3ide e de f\u00edgado.<\/p>\n<h3> <strong>cura feridas<\/strong><\/h3>\n<p> Como derivado, o \u00e1cido b\u00f3rico \u00e9 eficaz no tratamento da acne e de doen\u00e7as comuns da pele, como p\u00e9 de atleta, como anti-s\u00e9ptico para queimaduras e na cicatriza\u00e7\u00e3o de pequenas feridas.<\/p>\n<h2> <strong>Alimentos que cont\u00eam boro<\/strong><\/h2>\n<p> Veja alguns alimentos ricos em vitamina B e beneficie dos seus benef\u00edcios consumindo-os naturalmente em:<\/p>\n<ul>\n<li> <strong>Frutas<\/strong> : Como p\u00eassego, uva, ameixa, uva, ma\u00e7\u00e3 e laranja.<\/li>\n<li> <strong>Legumes<\/strong> : Batata, abacate e br\u00f3colis.<\/li>\n<li> <strong>Bebidas<\/strong> : Vinho, cerveja, leite, caf\u00e9 e mel.<\/li>\n<li> <strong>Legumes<\/strong> : Ervilhas, amendoins e feij\u00f5es.<\/li>\n<\/ul>\n<p> Concluindo, o boro \u00e9 um elemento natural pouco abundante e dispon\u00edvel no carv\u00e3o, nas rochas e nos oceanos. Al\u00e9m disso, foi descoberto no s\u00e9culo XVIII e algumas de suas aplica\u00e7\u00f5es est\u00e3o relacionadas \u00e0 ind\u00fastria t\u00eaxtil e \u00e0 melhoria da sa\u00fade.<\/p>\n","protected":false},"excerpt":{"rendered":"<p>O boro \u00e9 um elemento da tabela peri\u00f3dica e existe naturalmente no meio ambiente. Combina-se com o oxig\u00eanio e outros elementos para formar os chamados boratos. Da mesma forma, locais como solos, rochas, oceanos e at\u00e9 mesmo carv\u00e3o cont\u00eam esse composto qu\u00edmico. Conhe\u00e7a os detalhes sobre a origem, propriedades e benef\u00edcios desse metal\u00f3ide. O que &#8230; <a title=\"Boro\" class=\"read-more\" href=\"https:\/\/chemuza.org\/pt\/boro\/\" aria-label=\"Mais em Boro\">Ler mais<\/a><\/p>\n","protected":false},"author":1,"featured_media":0,"parent":0,"menu_order":0,"comment_status":"closed","ping_status":"closed","template":"","meta":{"footnotes":""},"class_list":["post-1460","page","type-page","status-publish"],"yoast_head":"<!-- This site is optimized with the Yoast SEO plugin v21.4 - https:\/\/yoast.com\/wordpress\/plugins\/seo\/ -->\n<title>Boro - Chemuza<\/title>\n<meta name=\"robots\" content=\"index, follow, max-snippet:-1, max-image-preview:large, max-video-preview:-1\" \/>\n<link rel=\"canonical\" href=\"https:\/\/chemuza.org\/pt\/boro\/\" \/>\n<meta property=\"og:locale\" content=\"pt_PT\" \/>\n<meta property=\"og:type\" content=\"article\" \/>\n<meta property=\"og:title\" content=\"Boro - Chemuza\" \/>\n<meta property=\"og:description\" content=\"O boro \u00e9 um elemento da tabela peri\u00f3dica e existe naturalmente no meio ambiente. Combina-se com o oxig\u00eanio e outros elementos para formar os chamados boratos. Da mesma forma, locais como solos, rochas, oceanos e at\u00e9 mesmo carv\u00e3o cont\u00eam esse composto qu\u00edmico. Conhe\u00e7a os detalhes sobre a origem, propriedades e benef\u00edcios desse metal\u00f3ide. O que ... Ler mais\" \/>\n<meta property=\"og:url\" content=\"https:\/\/chemuza.org\/pt\/boro\/\" \/>\n<meta property=\"og:site_name\" content=\"Statorials\" \/>\n<meta name=\"twitter:card\" content=\"summary_large_image\" \/>\n<meta name=\"twitter:label1\" content=\"Tempo estimado de leitura\" \/>\n\t<meta name=\"twitter:data1\" content=\"4 minutos\" \/>\n<script type=\"application\/ld+json\" class=\"yoast-schema-graph\">{\"@context\":\"https:\/\/schema.org\",\"@graph\":[{\"@type\":\"WebPage\",\"@id\":\"https:\/\/chemuza.org\/pt\/boro\/\",\"url\":\"https:\/\/chemuza.org\/pt\/boro\/\",\"name\":\"Boro - Chemuza\",\"isPartOf\":{\"@id\":\"https:\/\/chemuza.org\/pt\/#website\"},\"datePublished\":\"2023-07-15T14:45:00+00:00\",\"dateModified\":\"2023-07-15T14:45:00+00:00\",\"breadcrumb\":{\"@id\":\"https:\/\/chemuza.org\/pt\/boro\/#breadcrumb\"},\"inLanguage\":\"pt-PT\",\"potentialAction\":[{\"@type\":\"ReadAction\",\"target\":[\"https:\/\/chemuza.org\/pt\/boro\/\"]}]},{\"@type\":\"BreadcrumbList\",\"@id\":\"https:\/\/chemuza.org\/pt\/boro\/#breadcrumb\",\"itemListElement\":[{\"@type\":\"ListItem\",\"position\":1,\"name\":\"Lar\",\"item\":\"https:\/\/chemuza.org\/pt\/\"},{\"@type\":\"ListItem\",\"position\":2,\"name\":\"Boro\"}]},{\"@type\":\"WebSite\",\"@id\":\"https:\/\/chemuza.org\/pt\/#website\",\"url\":\"https:\/\/chemuza.org\/pt\/\",\"name\":\"Chemuza\",\"description\":\"Sua porta de entrada para a descoberta qu\u00edmica!\",\"publisher\":{\"@id\":\"https:\/\/chemuza.org\/pt\/#organization\"},\"potentialAction\":[{\"@type\":\"SearchAction\",\"target\":{\"@type\":\"EntryPoint\",\"urlTemplate\":\"https:\/\/chemuza.org\/pt\/?s={search_term_string}\"},\"query-input\":\"required name=search_term_string\"}],\"inLanguage\":\"pt-PT\"},{\"@type\":\"Organization\",\"@id\":\"https:\/\/chemuza.org\/pt\/#organization\",\"name\":\"Chemuza\",\"url\":\"https:\/\/chemuza.org\/pt\/\",\"logo\":{\"@type\":\"ImageObject\",\"inLanguage\":\"pt-PT\",\"@id\":\"https:\/\/chemuza.org\/pt\/#\/schema\/logo\/image\/\",\"url\":\"https:\/\/chemuza.org\/pt\/wp-content\/uploads\/2023\/10\/chemuza-logo.png\",\"contentUrl\":\"https:\/\/chemuza.org\/pt\/wp-content\/uploads\/2023\/10\/chemuza-logo.png\",\"width\":387,\"height\":70,\"caption\":\"Chemuza\"},\"image\":{\"@id\":\"https:\/\/chemuza.org\/pt\/#\/schema\/logo\/image\/\"}}]}<\/script>\n<!-- \/ Yoast SEO plugin. -->","yoast_head_json":{"title":"Boro - Chemuza","robots":{"index":"index","follow":"follow","max-snippet":"max-snippet:-1","max-image-preview":"max-image-preview:large","max-video-preview":"max-video-preview:-1"},"canonical":"https:\/\/chemuza.org\/pt\/boro\/","og_locale":"pt_PT","og_type":"article","og_title":"Boro - Chemuza","og_description":"O boro \u00e9 um elemento da tabela peri\u00f3dica e existe naturalmente no meio ambiente. Combina-se com o oxig\u00eanio e outros elementos para formar os chamados boratos. Da mesma forma, locais como solos, rochas, oceanos e at\u00e9 mesmo carv\u00e3o cont\u00eam esse composto qu\u00edmico. Conhe\u00e7a os detalhes sobre a origem, propriedades e benef\u00edcios desse metal\u00f3ide. O que ... Ler mais","og_url":"https:\/\/chemuza.org\/pt\/boro\/","og_site_name":"Statorials","twitter_card":"summary_large_image","twitter_misc":{"Tempo estimado de leitura":"4 minutos"},"schema":{"@context":"https:\/\/schema.org","@graph":[{"@type":"WebPage","@id":"https:\/\/chemuza.org\/pt\/boro\/","url":"https:\/\/chemuza.org\/pt\/boro\/","name":"Boro - Chemuza","isPartOf":{"@id":"https:\/\/chemuza.org\/pt\/#website"},"datePublished":"2023-07-15T14:45:00+00:00","dateModified":"2023-07-15T14:45:00+00:00","breadcrumb":{"@id":"https:\/\/chemuza.org\/pt\/boro\/#breadcrumb"},"inLanguage":"pt-PT","potentialAction":[{"@type":"ReadAction","target":["https:\/\/chemuza.org\/pt\/boro\/"]}]},{"@type":"BreadcrumbList","@id":"https:\/\/chemuza.org\/pt\/boro\/#breadcrumb","itemListElement":[{"@type":"ListItem","position":1,"name":"Lar","item":"https:\/\/chemuza.org\/pt\/"},{"@type":"ListItem","position":2,"name":"Boro"}]},{"@type":"WebSite","@id":"https:\/\/chemuza.org\/pt\/#website","url":"https:\/\/chemuza.org\/pt\/","name":"Chemuza","description":"Sua porta de entrada para a descoberta qu\u00edmica!","publisher":{"@id":"https:\/\/chemuza.org\/pt\/#organization"},"potentialAction":[{"@type":"SearchAction","target":{"@type":"EntryPoint","urlTemplate":"https:\/\/chemuza.org\/pt\/?s={search_term_string}"},"query-input":"required name=search_term_string"}],"inLanguage":"pt-PT"},{"@type":"Organization","@id":"https:\/\/chemuza.org\/pt\/#organization","name":"Chemuza","url":"https:\/\/chemuza.org\/pt\/","logo":{"@type":"ImageObject","inLanguage":"pt-PT","@id":"https:\/\/chemuza.org\/pt\/#\/schema\/logo\/image\/","url":"https:\/\/chemuza.org\/pt\/wp-content\/uploads\/2023\/10\/chemuza-logo.png","contentUrl":"https:\/\/chemuza.org\/pt\/wp-content\/uploads\/2023\/10\/chemuza-logo.png","width":387,"height":70,"caption":"Chemuza"},"image":{"@id":"https:\/\/chemuza.org\/pt\/#\/schema\/logo\/image\/"}}]}},"yoast_meta":{"yoast_wpseo_title":"","yoast_wpseo_metadesc":"","yoast_wpseo_canonical":""},"_links":{"self":[{"href":"https:\/\/chemuza.org\/pt\/wp-json\/wp\/v2\/pages\/1460","targetHints":{"allow":["GET"]}}],"collection":[{"href":"https:\/\/chemuza.org\/pt\/wp-json\/wp\/v2\/pages"}],"about":[{"href":"https:\/\/chemuza.org\/pt\/wp-json\/wp\/v2\/types\/page"}],"author":[{"embeddable":true,"href":"https:\/\/chemuza.org\/pt\/wp-json\/wp\/v2\/users\/1"}],"replies":[{"embeddable":true,"href":"https:\/\/chemuza.org\/pt\/wp-json\/wp\/v2\/comments?post=1460"}],"version-history":[{"count":0,"href":"https:\/\/chemuza.org\/pt\/wp-json\/wp\/v2\/pages\/1460\/revisions"}],"wp:attachment":[{"href":"https:\/\/chemuza.org\/pt\/wp-json\/wp\/v2\/media?parent=1460"}],"curies":[{"name":"wp","href":"https:\/\/api.w.org\/{rel}","templated":true}]}}