{"id":1458,"date":"2023-07-15T15:35:24","date_gmt":"2023-07-15T15:35:24","guid":{"rendered":"https:\/\/chemuza.org\/pt\/berilio\/"},"modified":"2023-07-15T15:35:24","modified_gmt":"2023-07-15T15:35:24","slug":"berilio","status":"publish","type":"page","link":"https:\/\/chemuza.org\/pt\/berilio\/","title":{"rendered":"Ber\u00edlio"},"content":{"rendered":"<p>O ber\u00edlio \u00e9 um elemento natural encontrado no carv\u00e3o, petr\u00f3leo, rochas, poeira vulc\u00e2nica e solos. \u00c9 o metal mais leve da tabela peri\u00f3dica, depois do l\u00edtio. Atualmente, a maior parte desse mineral \u00e9 utilizada em diversas ligas para a fabrica\u00e7\u00e3o de componentes eletr\u00f4nicos e el\u00e9tricos. Descubra mais sobre suas propriedades, caracter\u00edsticas e usos hoje.<\/p>\n<h2> <strong>O que \u00e9 ber\u00edlio?<\/strong><\/h2>\n<p> \u00c9 um elemento qu\u00edmico que pertence aos metais de transi\u00e7\u00e3o da tabela peri\u00f3dica. \u00c9 um dos minerais raros e pertence ao grupo dos metais alcalino-terrosos. Sua densidade \u00e9 mais ou menos um ter\u00e7o da do alum\u00ednio, \u00e9 cinza, quebradi\u00e7o e duro.<\/p>\n<h3> <strong>S\u00edmbolo de ber\u00edlio<\/strong><\/h3>\n<p> <span class=\"content-chemical-element\" style=\"float: left;width: 65px;height: 65px;border: 3px solid #666; display:flex;\n    justify-content: center;align-items: center;margin-right: 15px;\"><span style=\"font-size: 38px;\">Be<\/span><\/span> O s\u00edmbolo para identificar o ber\u00edlio \u00e9 Be e o n\u00famero at\u00f4mico 4. Seu nome vem do grego beryllos do Tamil veiruor, que significa tornar-se branco ou p\u00e1lido. Ent\u00e3o, o nome desse elemento \u00e9 indiano. Al\u00e9m disso, seu principal mineral \u00e9 o berilo, que \u00e9 um silicato entre o alum\u00ednio e o berilo.<\/p>\n<h2> <strong>Caracter\u00edsticas do ber\u00edlio<\/strong><\/h2>\n<p> \u00c9 encontrado no per\u00edodo e grupo 2 e \u00e9 um metal t\u00f3xico, principalmente quando se apresenta na forma de p\u00f3. Al\u00e9m disso, reage com \u00e1gua e \u00e1cidos para formar g\u00e1s hidrog\u00eanio. Saiba mais sobre seus recursos:<\/p>\n<ul>\n<li> <strong>Estado:<\/strong> Naturalmente sua forma \u00e9 s\u00f3lida ou diamagn\u00e9tica. <strong>&nbsp;<\/strong><\/li>\n<li> <strong>Dureza:<\/strong> \u00c9 muito fr\u00e1gil.<\/li>\n<li> <strong>Cor:<\/strong> Cinza<\/li>\n<li> <strong>Oxida\u00e7\u00e3o:<\/strong> Em contato com o ar oxida rapidamente, formando uma fina camada.<\/li>\n<li> <strong>Solubilidade:<\/strong> Alguns componentes s\u00e3o sol\u00faveis em \u00e1gua.<\/li>\n<li> <strong>Maleabilidade:<\/strong> Se for puro, \u00e9 male\u00e1vel, mas na presen\u00e7a de impurezas de sil\u00edcio ou ferro, pode tornar-se quebradi\u00e7o.<\/li>\n<\/ul>\n<h2> <strong>Propriedades qu\u00edmicas e f\u00edsicas do ber\u00edlio<\/strong><\/h2>\n<ol>\n<li> <strong>Densidade:<\/strong> 1,85 g\/cm\u00b3<\/li>\n<li> <strong>N\u00famero at\u00f4mico<\/strong> : 4<\/li>\n<li> <strong>Val\u00eancia:<\/strong> 2<\/li>\n<li> <strong>Estados de oxida\u00e7\u00e3o:<\/strong> +2<\/li>\n<li> <strong>Eletronegatividade:<\/strong> 1,5<\/li>\n<li> <strong>Ponto de fus\u00e3o:<\/strong> 1277<\/li>\n<li> <strong>Massa at\u00f4mica: 9,0122<\/strong><\/li>\n<li> <strong>El\u00e9trons por n\u00edvel:<\/strong> 2,2<\/li>\n<li> <strong>Estado de oxida\u00e7\u00e3o:<\/strong> +2<\/li>\n<li> <strong>Ponto de ebuli\u00e7\u00e3o (\u00b0C):<\/strong> 2770<\/li>\n<li> <strong>Raio covalente:<\/strong> 0,90<\/li>\n<li> <strong>Raio at\u00f4mico:<\/strong> 1,12<\/li>\n<li> <strong>Raio i\u00f4nico:<\/strong> 0,31<\/li>\n<li> <strong>Estrutura cristalina:<\/strong> hexagonal<\/li>\n<li> <strong>Primeiro potencial de ioniza\u00e7\u00e3o:<\/strong> 9,38<\/li>\n<\/ol>\n<h2> <strong>Origem do ber\u00edlio<\/strong><\/h2>\n<p> Sua descoberta ocorreu na Fran\u00e7a por Louis Nicolas Vauquelin em 1798, na forma de \u00f3xido de berilo e esmeralda. Ent\u00e3o, em 1828, Antoine Bussy e Friedrich Wohler isolaram o metal, fazendo reagir cloreto de ber\u00edlio com pot\u00e1ssio.<\/p>\n<h2> <strong>Para que \u00e9 usado o ber\u00edlio?<\/strong><\/h2>\n<p> \u00c9 usado principalmente em ligas que t\u00eam a capacidade de conduzir eletricidade e calor, assim como o cobre puro. Eles s\u00e3o normalmente usados em radares, computadores, autom\u00f3veis, sistemas de pouso de aeronaves, m\u00e1quinas de perfura\u00e7\u00e3o de petr\u00f3leo e g\u00e1s, placas de circuito e eletrodom\u00e9sticos.<\/p>\n<p> Da mesma forma, \u00e9 utilizado para diagn\u00f3stico por raios X, uma vez que finas folhas de ber\u00edlio s\u00e3o utilizadas para filtrar a radia\u00e7\u00e3o vis\u00edvel. Por ser r\u00edgido, leve e possuir estabilidade dimensional, \u00e9 utilizado na constru\u00e7\u00e3o de dispositivos como girosc\u00f3pios, molas de rel\u00f3gio e instrumentos diversos.<\/p>\n<p> Por outro lado, o ber\u00edlio e o alum\u00ednio s\u00e3o capazes de produzir um material muito resistente utilizado em escudos t\u00e9rmicos, como aeronaves supers\u00f4nicas, m\u00edsseis, comunica\u00e7\u00f5es por sat\u00e9lite e naves espaciais. Al\u00e9m disso, o \u00f3xido de ber\u00edlio \u00e9 utilizado na fabrica\u00e7\u00e3o de cer\u00e2mica e, junto com o n\u00edquel, \u00e9 utilizado para criar um material de grande dureza.<\/p>\n<h2> <strong>Configura\u00e7\u00e3o eletr\u00f4nica do ber\u00edlio<\/strong><\/h2>\n<p> Com o diagrama de Moeller voc\u00ea pode conhecer a configura\u00e7\u00e3o de todos os elementos da tabela peri\u00f3dica. Neste caso, o do ber\u00edlio \u00e9 Be 1s <sup>2<\/sup> 2s <sup>2<\/sup> , j\u00e1 que seu n\u00famero at\u00f4mico \u00e9 4.<\/p>\n<h2> <strong>Efeito do ber\u00edlio no corpo humano<\/strong><\/h2>\n<p> Este \u00e9 um metal que pode ser prejudicial quando as pessoas o respiram, causando danos aos pulm\u00f5es e pneumonia. Um dos efeitos mais conhecidos \u00e9 a beriliose, uma doen\u00e7a respirat\u00f3ria grave que prejudica at\u00e9 outros \u00f3rg\u00e3os, como o cora\u00e7\u00e3o.<\/p>\n<p> Al\u00e9m disso, pessoas muito sens\u00edveis a produtos qu\u00edmicos podem desenvolver rea\u00e7\u00f5es al\u00e9rgicas. Al\u00e9m disso, esse metal aumenta a possibilidade de desenvolver danos irrevers\u00edveis ao DNA e, portanto, causar o crescimento de c\u00e9lulas cancer\u00edgenas na pessoa.<\/p>\n<h2> <strong>Como curar a beriliose<\/strong><\/h2>\n<p> Embora n\u00e3o haja cura para a beriliose, ela pode ser tratada com corticoster\u00f3ides inalados juntamente com um broncodilatador. Aqueles que t\u00eam doen\u00e7a avan\u00e7ada e t\u00eam dificuldade em respirar podem precisar de oxig\u00eanio. Na verdade, nos casos mais graves, um transplante de pulm\u00e3o pode at\u00e9 ser necess\u00e1rio como solu\u00e7\u00e3o permanente.<\/p>\n<p> Resumindo, o ber\u00edlio \u00e9 um elemento qu\u00edmico cinza e o mais leve da tabela peri\u00f3dica. As aplica\u00e7\u00f5es no mundo da eletr\u00f4nica e da ind\u00fastria v\u00e3o desde a computa\u00e7\u00e3o at\u00e9 po\u00e7os de petr\u00f3leo, placas de raios X e empresas aeron\u00e1uticas, entre outras. No entanto, \u00e9 um metal t\u00f3xico para os humanos e pode causar beriliose.<\/p>\n","protected":false},"excerpt":{"rendered":"<p>O ber\u00edlio \u00e9 um elemento natural encontrado no carv\u00e3o, petr\u00f3leo, rochas, poeira vulc\u00e2nica e solos. \u00c9 o metal mais leve da tabela peri\u00f3dica, depois do l\u00edtio. Atualmente, a maior parte desse mineral \u00e9 utilizada em diversas ligas para a fabrica\u00e7\u00e3o de componentes eletr\u00f4nicos e el\u00e9tricos. Descubra mais sobre suas propriedades, caracter\u00edsticas e usos hoje. O &#8230; <a title=\"Ber\u00edlio\" class=\"read-more\" href=\"https:\/\/chemuza.org\/pt\/berilio\/\" aria-label=\"Mais em Ber\u00edlio\">Ler mais<\/a><\/p>\n","protected":false},"author":1,"featured_media":0,"parent":0,"menu_order":0,"comment_status":"closed","ping_status":"closed","template":"","meta":{"footnotes":""},"class_list":["post-1458","page","type-page","status-publish"],"yoast_head":"<!-- This site is optimized with the Yoast SEO plugin v21.4 - https:\/\/yoast.com\/wordpress\/plugins\/seo\/ -->\n<title>Ber\u00edlio - Chemuza<\/title>\n<meta name=\"robots\" content=\"index, follow, max-snippet:-1, max-image-preview:large, max-video-preview:-1\" \/>\n<link rel=\"canonical\" href=\"https:\/\/chemuza.org\/pt\/berilio\/\" \/>\n<meta property=\"og:locale\" content=\"pt_PT\" \/>\n<meta property=\"og:type\" content=\"article\" \/>\n<meta property=\"og:title\" content=\"Ber\u00edlio - Chemuza\" \/>\n<meta property=\"og:description\" content=\"O ber\u00edlio \u00e9 um elemento natural encontrado no carv\u00e3o, petr\u00f3leo, rochas, poeira vulc\u00e2nica e solos. \u00c9 o metal mais leve da tabela peri\u00f3dica, depois do l\u00edtio. Atualmente, a maior parte desse mineral \u00e9 utilizada em diversas ligas para a fabrica\u00e7\u00e3o de componentes eletr\u00f4nicos e el\u00e9tricos. Descubra mais sobre suas propriedades, caracter\u00edsticas e usos hoje. O ... Ler mais\" \/>\n<meta property=\"og:url\" content=\"https:\/\/chemuza.org\/pt\/berilio\/\" \/>\n<meta property=\"og:site_name\" content=\"Statorials\" \/>\n<meta name=\"twitter:card\" content=\"summary_large_image\" \/>\n<meta name=\"twitter:label1\" content=\"Tempo estimado de leitura\" \/>\n\t<meta name=\"twitter:data1\" content=\"4 minutos\" \/>\n<script type=\"application\/ld+json\" class=\"yoast-schema-graph\">{\"@context\":\"https:\/\/schema.org\",\"@graph\":[{\"@type\":\"WebPage\",\"@id\":\"https:\/\/chemuza.org\/pt\/berilio\/\",\"url\":\"https:\/\/chemuza.org\/pt\/berilio\/\",\"name\":\"Ber\u00edlio - Chemuza\",\"isPartOf\":{\"@id\":\"https:\/\/chemuza.org\/pt\/#website\"},\"datePublished\":\"2023-07-15T15:35:24+00:00\",\"dateModified\":\"2023-07-15T15:35:24+00:00\",\"breadcrumb\":{\"@id\":\"https:\/\/chemuza.org\/pt\/berilio\/#breadcrumb\"},\"inLanguage\":\"pt-PT\",\"potentialAction\":[{\"@type\":\"ReadAction\",\"target\":[\"https:\/\/chemuza.org\/pt\/berilio\/\"]}]},{\"@type\":\"BreadcrumbList\",\"@id\":\"https:\/\/chemuza.org\/pt\/berilio\/#breadcrumb\",\"itemListElement\":[{\"@type\":\"ListItem\",\"position\":1,\"name\":\"Lar\",\"item\":\"https:\/\/chemuza.org\/pt\/\"},{\"@type\":\"ListItem\",\"position\":2,\"name\":\"Ber\u00edlio\"}]},{\"@type\":\"WebSite\",\"@id\":\"https:\/\/chemuza.org\/pt\/#website\",\"url\":\"https:\/\/chemuza.org\/pt\/\",\"name\":\"Chemuza\",\"description\":\"Sua porta de entrada para a descoberta qu\u00edmica!\",\"publisher\":{\"@id\":\"https:\/\/chemuza.org\/pt\/#organization\"},\"potentialAction\":[{\"@type\":\"SearchAction\",\"target\":{\"@type\":\"EntryPoint\",\"urlTemplate\":\"https:\/\/chemuza.org\/pt\/?s={search_term_string}\"},\"query-input\":\"required name=search_term_string\"}],\"inLanguage\":\"pt-PT\"},{\"@type\":\"Organization\",\"@id\":\"https:\/\/chemuza.org\/pt\/#organization\",\"name\":\"Chemuza\",\"url\":\"https:\/\/chemuza.org\/pt\/\",\"logo\":{\"@type\":\"ImageObject\",\"inLanguage\":\"pt-PT\",\"@id\":\"https:\/\/chemuza.org\/pt\/#\/schema\/logo\/image\/\",\"url\":\"https:\/\/chemuza.org\/pt\/wp-content\/uploads\/2023\/10\/chemuza-logo.png\",\"contentUrl\":\"https:\/\/chemuza.org\/pt\/wp-content\/uploads\/2023\/10\/chemuza-logo.png\",\"width\":387,\"height\":70,\"caption\":\"Chemuza\"},\"image\":{\"@id\":\"https:\/\/chemuza.org\/pt\/#\/schema\/logo\/image\/\"}}]}<\/script>\n<!-- \/ Yoast SEO plugin. -->","yoast_head_json":{"title":"Ber\u00edlio - Chemuza","robots":{"index":"index","follow":"follow","max-snippet":"max-snippet:-1","max-image-preview":"max-image-preview:large","max-video-preview":"max-video-preview:-1"},"canonical":"https:\/\/chemuza.org\/pt\/berilio\/","og_locale":"pt_PT","og_type":"article","og_title":"Ber\u00edlio - Chemuza","og_description":"O ber\u00edlio \u00e9 um elemento natural encontrado no carv\u00e3o, petr\u00f3leo, rochas, poeira vulc\u00e2nica e solos. \u00c9 o metal mais leve da tabela peri\u00f3dica, depois do l\u00edtio. Atualmente, a maior parte desse mineral \u00e9 utilizada em diversas ligas para a fabrica\u00e7\u00e3o de componentes eletr\u00f4nicos e el\u00e9tricos. Descubra mais sobre suas propriedades, caracter\u00edsticas e usos hoje. O ... Ler mais","og_url":"https:\/\/chemuza.org\/pt\/berilio\/","og_site_name":"Statorials","twitter_card":"summary_large_image","twitter_misc":{"Tempo estimado de leitura":"4 minutos"},"schema":{"@context":"https:\/\/schema.org","@graph":[{"@type":"WebPage","@id":"https:\/\/chemuza.org\/pt\/berilio\/","url":"https:\/\/chemuza.org\/pt\/berilio\/","name":"Ber\u00edlio - Chemuza","isPartOf":{"@id":"https:\/\/chemuza.org\/pt\/#website"},"datePublished":"2023-07-15T15:35:24+00:00","dateModified":"2023-07-15T15:35:24+00:00","breadcrumb":{"@id":"https:\/\/chemuza.org\/pt\/berilio\/#breadcrumb"},"inLanguage":"pt-PT","potentialAction":[{"@type":"ReadAction","target":["https:\/\/chemuza.org\/pt\/berilio\/"]}]},{"@type":"BreadcrumbList","@id":"https:\/\/chemuza.org\/pt\/berilio\/#breadcrumb","itemListElement":[{"@type":"ListItem","position":1,"name":"Lar","item":"https:\/\/chemuza.org\/pt\/"},{"@type":"ListItem","position":2,"name":"Ber\u00edlio"}]},{"@type":"WebSite","@id":"https:\/\/chemuza.org\/pt\/#website","url":"https:\/\/chemuza.org\/pt\/","name":"Chemuza","description":"Sua porta de entrada para a descoberta qu\u00edmica!","publisher":{"@id":"https:\/\/chemuza.org\/pt\/#organization"},"potentialAction":[{"@type":"SearchAction","target":{"@type":"EntryPoint","urlTemplate":"https:\/\/chemuza.org\/pt\/?s={search_term_string}"},"query-input":"required name=search_term_string"}],"inLanguage":"pt-PT"},{"@type":"Organization","@id":"https:\/\/chemuza.org\/pt\/#organization","name":"Chemuza","url":"https:\/\/chemuza.org\/pt\/","logo":{"@type":"ImageObject","inLanguage":"pt-PT","@id":"https:\/\/chemuza.org\/pt\/#\/schema\/logo\/image\/","url":"https:\/\/chemuza.org\/pt\/wp-content\/uploads\/2023\/10\/chemuza-logo.png","contentUrl":"https:\/\/chemuza.org\/pt\/wp-content\/uploads\/2023\/10\/chemuza-logo.png","width":387,"height":70,"caption":"Chemuza"},"image":{"@id":"https:\/\/chemuza.org\/pt\/#\/schema\/logo\/image\/"}}]}},"yoast_meta":{"yoast_wpseo_title":"","yoast_wpseo_metadesc":"","yoast_wpseo_canonical":""},"_links":{"self":[{"href":"https:\/\/chemuza.org\/pt\/wp-json\/wp\/v2\/pages\/1458","targetHints":{"allow":["GET"]}}],"collection":[{"href":"https:\/\/chemuza.org\/pt\/wp-json\/wp\/v2\/pages"}],"about":[{"href":"https:\/\/chemuza.org\/pt\/wp-json\/wp\/v2\/types\/page"}],"author":[{"embeddable":true,"href":"https:\/\/chemuza.org\/pt\/wp-json\/wp\/v2\/users\/1"}],"replies":[{"embeddable":true,"href":"https:\/\/chemuza.org\/pt\/wp-json\/wp\/v2\/comments?post=1458"}],"version-history":[{"count":0,"href":"https:\/\/chemuza.org\/pt\/wp-json\/wp\/v2\/pages\/1458\/revisions"}],"wp:attachment":[{"href":"https:\/\/chemuza.org\/pt\/wp-json\/wp\/v2\/media?parent=1458"}],"curies":[{"name":"wp","href":"https:\/\/api.w.org\/{rel}","templated":true}]}}