{"id":1456,"date":"2023-07-15T17:09:51","date_gmt":"2023-07-15T17:09:51","guid":{"rendered":"https:\/\/chemuza.org\/pt\/carbono\/"},"modified":"2023-07-15T17:09:51","modified_gmt":"2023-07-15T17:09:51","slug":"carbono","status":"publish","type":"page","link":"https:\/\/chemuza.org\/pt\/carbono\/","title":{"rendered":"Carbono"},"content":{"rendered":"<p>O carbono \u00e9 um dos elementos mais importantes da tabela peri\u00f3dica porque \u00e9 amplamente utilizado pelos humanos. Na verdade, toda vez que voc\u00ea inspira, voc\u00ea expira di\u00f3xido de carbono. Al\u00e9m disso, \u00e9 encontrado em todos os gases liberados pelos motores dos autom\u00f3veis. Saiba mais sobre este produto qu\u00edmico, suas caracter\u00edsticas, propriedades e aplica\u00e7\u00f5es.<\/p>\n<h2> <strong>O que \u00e9 carbono?<\/strong><\/h2>\n<p> \u00c9 um elemento qu\u00edmico \u00fanico geralmente encontrado na forma s\u00f3lida. Dependendo das suas condi\u00e7\u00f5es de forma\u00e7\u00e3o, \u00e9 poss\u00edvel encontr\u00e1-lo na natureza na forma cristalina, na forma de grafite ou diamante. Por ser um material duro, \u00e9 imposs\u00edvel que outros metais como o a\u00e7o ou o alum\u00ednio o absorvam.<\/p>\n<h3> <strong>S\u00edmbolo de carbono<\/strong><\/h3>\n<p> <span class=\"content-chemical-element\" style=\"float: left; width: 65px; height: 65px; border: 3px solid #666; display: flex; justify-content: center; align-items: center; margin-right: 15px;\"><span style=\"font-size: 38px;\">C<\/span><\/span> O s\u00edmbolo carbono \u00c9 a letra C e tem n\u00famero at\u00f4mico 6. Isso significa que no n\u00facleo de um \u00e1tomo deste elemento existem 6 pr\u00f3tons e na camada de el\u00e9trons existem 6. Al\u00e9m disso, \u00e9 o componente principal de todos os hidrocarbonetos, como \u00f3leos e gasolinas.<\/p>\n<h2> <strong>Caracter\u00edsticas de carbono<\/strong><\/h2>\n<p> Carbono na tabela peri\u00f3dica \u00c9 classificado entre os carbonoides, \u00e9 condutor de eletricidade e elemento met\u00e1lico. Al\u00e9m disso, \u00e9 s\u00f3lido \u00e0 temperatura ambiente, mas pode transformar-se se submetido a uma temperatura superior a 3600\u00b0C e tornar-se gasoso. Al\u00e9m disso, suas principais caracter\u00edsticas s\u00e3o resumidas da seguinte forma:<\/p>\n<ul>\n<li> <strong>Grafite:<\/strong> \u00c9 preto, macio e opaco e tem propriedade de manchar, por isso \u00e9 utilizado como enchimento em l\u00e1pis de desenho e escrita.<\/li>\n<li> <strong>Nanotubos:<\/strong> S\u00e3o folhas de grafite enroladas em cilindros e encimadas nas extremidades por hemisf\u00e9rios de carbono.<\/li>\n<li> <strong>Diamante:<\/strong> Possuem o mesmo \u00e1tomo de carbono, mas com estrutura diferente porque o diamante \u00e9 uma pedra dura e transparente.<\/li>\n<li> <strong>Rifles:<\/strong> \u00c9 um \u00e1tomo tornado eletricamente neutro e univalente.<\/li>\n<li> <strong>Fulerenos:<\/strong> S\u00e3o 60 \u00e1tomos de carbono estruturados de forma pentagonal ou heptagonal, o que lhes confere uma apar\u00eancia esf\u00e9rica.<\/li>\n<\/ul>\n<h2> <strong>Propriedades qu\u00edmicas e f\u00edsicas do carbono<\/strong><\/h2>\n<ol>\n<li> <strong>N\u00famero at\u00f4mico:<\/strong> 6<\/li>\n<li> <strong>Estado de oxida\u00e7\u00e3o:<\/strong> +4<\/li>\n<li> <strong>Val\u00eancia:<\/strong> 2, +4,-4<\/li>\n<li> <strong>Eletronegatividade:<\/strong> 2,5<\/li>\n<li> <strong>Raio at\u00f4mico (A):<\/strong> 0,914<\/li>\n<li> <strong>Raio covalente (A):<\/strong> 0,77<\/li>\n<li> <strong>Raio i\u00f4nico (A):<\/strong> 0,15<\/li>\n<li> <strong>Massa at\u00f4mica:<\/strong> 12,01115<\/li>\n<li> <strong>Cor<\/strong> : Transparente e Preto<\/li>\n<li> <strong>Condi\u00e7\u00e3o:<\/strong> S\u00f3lido.<\/li>\n<li> <strong>Ponto de ebuli\u00e7\u00e3o:<\/strong> 3825\u00b0C<\/li>\n<li> <strong>Ponto de fus\u00e3o:<\/strong> 3550\u00b0C<\/li>\n<li> <strong>Peso at\u00f4mico<\/strong> : 12.011<\/li>\n<li> <strong>N\u00eautrons no is\u00f3topo:<\/strong> 6<\/li>\n<li> <strong>Pr\u00f3tons:<\/strong> 6<\/li>\n<li> <strong>El\u00e9trons:<\/strong> 6<\/li>\n<li> <strong>Configura\u00e7\u00e3o eletr\u00f4nica:<\/strong> 1s <sup>2<\/sup> 2s <sup>2<\/sup> 2p <sup>2<\/sup><\/li>\n<li> <strong>Primeiro potencial de ioniza\u00e7\u00e3o (ev):<\/strong> 11,34<\/li>\n<li> <strong>Densidade a 20\u00b0C:<\/strong> 2,267 g\/cm\u00b3 (gr), 3,513 g\/cm <sup>3<\/sup> (id)<\/li>\n<\/ol>\n<h2> <strong>origem do carbono<\/strong><\/h2>\n<p> O carv\u00e3o foi descoberto na pr\u00e9-hist\u00f3ria e era \u00fatil nos tempos antigos para a fabrica\u00e7\u00e3o por combust\u00e3o incompleta de materiais inorg\u00e2nicos. Por sua vez, os fulerenos foram descobertos como subprodutos em certos experimentos realizados com gases moleculares na d\u00e9cada de 1980.<\/p>\n<h2> <strong>Para que \u00e9 usado o carbono?<\/strong><\/h2>\n<p> \u00c9 um produto qu\u00edmico fundamental nos seres vivos, pois \u00e9 manipulado e utilizado por enzimas do sistema org\u00e2nico. Considera-se que a vida org\u00e2nica na Terra depende do carbono, para a forma\u00e7\u00e3o de componentes como carboidratos e prote\u00ednas, bem como para o funcionamento fisiol\u00f3gico do organismo.<\/p>\n<p> Com a celulose, que \u00e9 um pol\u00edmero de carbono, fabricamos fibras como c\u00e2nhamo, algod\u00e3o e linho. Al\u00e9m disso, existem pol\u00edmeros sint\u00e9ticos que s\u00e3o usados para fazer objetos de pl\u00e1stico. Por outro lado, o grafite \u00e9 utilizado para fazer lubrificantes e pigmentos que se combinam com a argila para fazer outros objetos.<\/p>\n<p> O carv\u00e3o tamb\u00e9m \u00e9 utilizado no cozimento de carnes, comumente conhecido como churrasco. O carv\u00e3o ativado tamb\u00e9m \u00e9 usado em filtros purificadores de \u00e1gua, exaustores de cozinha e m\u00e1scaras de g\u00e1s. Por fim, o diamante \u00e9 usado em joias, que \u00e9 uma forma de carbono. \u00c9 \u00fatil na parte industrial, \u00e9 utilizado para furar, polir e cortar pedras e metais.<\/p>\n<h2> <strong>Onde o carbono \u00e9 encontrado?<\/strong><\/h2>\n<p> \u00c9 encontrado distribu\u00eddo na natureza e acredita-se que constitua 0,032% da crosta terrestre. Na sua forma livre \u00e9 obtido em grandes jazidas como o carv\u00e3o, forma amorfa do elemento com nitrog\u00eanio e hidrog\u00eanio. Por outro lado, o carbono cristalino puro \u00e9 encontrado em diamantes e grafites.<\/p>\n<h2> <strong>Qual \u00e9 o ciclo do carbono?<\/strong><\/h2>\n<p> Isto pressup\u00f5e o caminho natural pelo qual este elemento circula nos oceanos, na atmosfera e na superf\u00edcie terrestre atrav\u00e9s de processos geol\u00f3gicos, f\u00edsicos, biol\u00f3gicos e qu\u00edmicos. Este ciclo \u00e9 fundamental para a nutri\u00e7\u00e3o, renova\u00e7\u00e3o e sobreviv\u00eancia dos seres e materiais.<\/p>\n<p> O di\u00f3xido de carbono na atmosfera \u00e9 absorvido pelas plantas usando a luz solar em um evento chamado fotoss\u00edntese. Centenas de anos ap\u00f3s a morte da vegeta\u00e7\u00e3o, o carv\u00e3o \u00e9 transformado em petr\u00f3leo, g\u00e1s liquefeito e g\u00e1s natural que s\u00e3o ent\u00e3o processados para uso industrial pela humanidade. Eventualmente, quando os combust\u00edveis s\u00e3o usados, o carbono \u00e9 transformado novamente e o ciclo continua.<\/p>\n<p> Concluindo, o carbono \u00e9 um dos elementos da tabela peri\u00f3dica e \u00e9 \u00fatil para os seres vivos. Algumas de suas aplica\u00e7\u00f5es s\u00e3o na \u00e1rea de joalheria, fabrica\u00e7\u00e3o de linho, embalagens pl\u00e1sticas, algod\u00e3o, lubrificantes, l\u00e1pis, entre outros.<\/p>\n<h2> Mais informa\u00e7\u00f5es sobre carbono<\/h2>\n","protected":false},"excerpt":{"rendered":"<p>O carbono \u00e9 um dos elementos mais importantes da tabela peri\u00f3dica porque \u00e9 amplamente utilizado pelos humanos. Na verdade, toda vez que voc\u00ea inspira, voc\u00ea expira di\u00f3xido de carbono. Al\u00e9m disso, \u00e9 encontrado em todos os gases liberados pelos motores dos autom\u00f3veis. Saiba mais sobre este produto qu\u00edmico, suas caracter\u00edsticas, propriedades e aplica\u00e7\u00f5es. O que &#8230; <a title=\"Carbono\" class=\"read-more\" href=\"https:\/\/chemuza.org\/pt\/carbono\/\" aria-label=\"Mais em Carbono\">Ler mais<\/a><\/p>\n","protected":false},"author":1,"featured_media":0,"parent":0,"menu_order":0,"comment_status":"closed","ping_status":"closed","template":"","meta":{"footnotes":""},"class_list":["post-1456","page","type-page","status-publish"],"yoast_head":"<!-- This site is optimized with the Yoast SEO plugin v21.4 - https:\/\/yoast.com\/wordpress\/plugins\/seo\/ -->\n<title>Carbono - Chemuza<\/title>\n<meta name=\"robots\" content=\"index, follow, max-snippet:-1, max-image-preview:large, max-video-preview:-1\" \/>\n<link rel=\"canonical\" href=\"https:\/\/chemuza.org\/pt\/carbono\/\" \/>\n<meta property=\"og:locale\" content=\"pt_PT\" \/>\n<meta property=\"og:type\" content=\"article\" \/>\n<meta property=\"og:title\" content=\"Carbono - Chemuza\" \/>\n<meta property=\"og:description\" content=\"O carbono \u00e9 um dos elementos mais importantes da tabela peri\u00f3dica porque \u00e9 amplamente utilizado pelos humanos. Na verdade, toda vez que voc\u00ea inspira, voc\u00ea expira di\u00f3xido de carbono. Al\u00e9m disso, \u00e9 encontrado em todos os gases liberados pelos motores dos autom\u00f3veis. Saiba mais sobre este produto qu\u00edmico, suas caracter\u00edsticas, propriedades e aplica\u00e7\u00f5es. O que ... Ler mais\" \/>\n<meta property=\"og:url\" content=\"https:\/\/chemuza.org\/pt\/carbono\/\" \/>\n<meta property=\"og:site_name\" content=\"Statorials\" \/>\n<meta name=\"twitter:card\" content=\"summary_large_image\" \/>\n<meta name=\"twitter:label1\" content=\"Tempo estimado de leitura\" \/>\n\t<meta name=\"twitter:data1\" content=\"4 minutos\" \/>\n<script type=\"application\/ld+json\" class=\"yoast-schema-graph\">{\"@context\":\"https:\/\/schema.org\",\"@graph\":[{\"@type\":\"WebPage\",\"@id\":\"https:\/\/chemuza.org\/pt\/carbono\/\",\"url\":\"https:\/\/chemuza.org\/pt\/carbono\/\",\"name\":\"Carbono - Chemuza\",\"isPartOf\":{\"@id\":\"https:\/\/chemuza.org\/pt\/#website\"},\"datePublished\":\"2023-07-15T17:09:51+00:00\",\"dateModified\":\"2023-07-15T17:09:51+00:00\",\"breadcrumb\":{\"@id\":\"https:\/\/chemuza.org\/pt\/carbono\/#breadcrumb\"},\"inLanguage\":\"pt-PT\",\"potentialAction\":[{\"@type\":\"ReadAction\",\"target\":[\"https:\/\/chemuza.org\/pt\/carbono\/\"]}]},{\"@type\":\"BreadcrumbList\",\"@id\":\"https:\/\/chemuza.org\/pt\/carbono\/#breadcrumb\",\"itemListElement\":[{\"@type\":\"ListItem\",\"position\":1,\"name\":\"Lar\",\"item\":\"https:\/\/chemuza.org\/pt\/\"},{\"@type\":\"ListItem\",\"position\":2,\"name\":\"Carbono\"}]},{\"@type\":\"WebSite\",\"@id\":\"https:\/\/chemuza.org\/pt\/#website\",\"url\":\"https:\/\/chemuza.org\/pt\/\",\"name\":\"Chemuza\",\"description\":\"Sua porta de entrada para a descoberta qu\u00edmica!\",\"publisher\":{\"@id\":\"https:\/\/chemuza.org\/pt\/#organization\"},\"potentialAction\":[{\"@type\":\"SearchAction\",\"target\":{\"@type\":\"EntryPoint\",\"urlTemplate\":\"https:\/\/chemuza.org\/pt\/?s={search_term_string}\"},\"query-input\":\"required name=search_term_string\"}],\"inLanguage\":\"pt-PT\"},{\"@type\":\"Organization\",\"@id\":\"https:\/\/chemuza.org\/pt\/#organization\",\"name\":\"Chemuza\",\"url\":\"https:\/\/chemuza.org\/pt\/\",\"logo\":{\"@type\":\"ImageObject\",\"inLanguage\":\"pt-PT\",\"@id\":\"https:\/\/chemuza.org\/pt\/#\/schema\/logo\/image\/\",\"url\":\"https:\/\/chemuza.org\/pt\/wp-content\/uploads\/2023\/10\/chemuza-logo.png\",\"contentUrl\":\"https:\/\/chemuza.org\/pt\/wp-content\/uploads\/2023\/10\/chemuza-logo.png\",\"width\":387,\"height\":70,\"caption\":\"Chemuza\"},\"image\":{\"@id\":\"https:\/\/chemuza.org\/pt\/#\/schema\/logo\/image\/\"}}]}<\/script>\n<!-- \/ Yoast SEO plugin. -->","yoast_head_json":{"title":"Carbono - Chemuza","robots":{"index":"index","follow":"follow","max-snippet":"max-snippet:-1","max-image-preview":"max-image-preview:large","max-video-preview":"max-video-preview:-1"},"canonical":"https:\/\/chemuza.org\/pt\/carbono\/","og_locale":"pt_PT","og_type":"article","og_title":"Carbono - Chemuza","og_description":"O carbono \u00e9 um dos elementos mais importantes da tabela peri\u00f3dica porque \u00e9 amplamente utilizado pelos humanos. Na verdade, toda vez que voc\u00ea inspira, voc\u00ea expira di\u00f3xido de carbono. Al\u00e9m disso, \u00e9 encontrado em todos os gases liberados pelos motores dos autom\u00f3veis. Saiba mais sobre este produto qu\u00edmico, suas caracter\u00edsticas, propriedades e aplica\u00e7\u00f5es. O que ... Ler mais","og_url":"https:\/\/chemuza.org\/pt\/carbono\/","og_site_name":"Statorials","twitter_card":"summary_large_image","twitter_misc":{"Tempo estimado de leitura":"4 minutos"},"schema":{"@context":"https:\/\/schema.org","@graph":[{"@type":"WebPage","@id":"https:\/\/chemuza.org\/pt\/carbono\/","url":"https:\/\/chemuza.org\/pt\/carbono\/","name":"Carbono - Chemuza","isPartOf":{"@id":"https:\/\/chemuza.org\/pt\/#website"},"datePublished":"2023-07-15T17:09:51+00:00","dateModified":"2023-07-15T17:09:51+00:00","breadcrumb":{"@id":"https:\/\/chemuza.org\/pt\/carbono\/#breadcrumb"},"inLanguage":"pt-PT","potentialAction":[{"@type":"ReadAction","target":["https:\/\/chemuza.org\/pt\/carbono\/"]}]},{"@type":"BreadcrumbList","@id":"https:\/\/chemuza.org\/pt\/carbono\/#breadcrumb","itemListElement":[{"@type":"ListItem","position":1,"name":"Lar","item":"https:\/\/chemuza.org\/pt\/"},{"@type":"ListItem","position":2,"name":"Carbono"}]},{"@type":"WebSite","@id":"https:\/\/chemuza.org\/pt\/#website","url":"https:\/\/chemuza.org\/pt\/","name":"Chemuza","description":"Sua porta de entrada para a descoberta qu\u00edmica!","publisher":{"@id":"https:\/\/chemuza.org\/pt\/#organization"},"potentialAction":[{"@type":"SearchAction","target":{"@type":"EntryPoint","urlTemplate":"https:\/\/chemuza.org\/pt\/?s={search_term_string}"},"query-input":"required name=search_term_string"}],"inLanguage":"pt-PT"},{"@type":"Organization","@id":"https:\/\/chemuza.org\/pt\/#organization","name":"Chemuza","url":"https:\/\/chemuza.org\/pt\/","logo":{"@type":"ImageObject","inLanguage":"pt-PT","@id":"https:\/\/chemuza.org\/pt\/#\/schema\/logo\/image\/","url":"https:\/\/chemuza.org\/pt\/wp-content\/uploads\/2023\/10\/chemuza-logo.png","contentUrl":"https:\/\/chemuza.org\/pt\/wp-content\/uploads\/2023\/10\/chemuza-logo.png","width":387,"height":70,"caption":"Chemuza"},"image":{"@id":"https:\/\/chemuza.org\/pt\/#\/schema\/logo\/image\/"}}]}},"yoast_meta":{"yoast_wpseo_title":"","yoast_wpseo_metadesc":"","yoast_wpseo_canonical":""},"_links":{"self":[{"href":"https:\/\/chemuza.org\/pt\/wp-json\/wp\/v2\/pages\/1456","targetHints":{"allow":["GET"]}}],"collection":[{"href":"https:\/\/chemuza.org\/pt\/wp-json\/wp\/v2\/pages"}],"about":[{"href":"https:\/\/chemuza.org\/pt\/wp-json\/wp\/v2\/types\/page"}],"author":[{"embeddable":true,"href":"https:\/\/chemuza.org\/pt\/wp-json\/wp\/v2\/users\/1"}],"replies":[{"embeddable":true,"href":"https:\/\/chemuza.org\/pt\/wp-json\/wp\/v2\/comments?post=1456"}],"version-history":[{"count":0,"href":"https:\/\/chemuza.org\/pt\/wp-json\/wp\/v2\/pages\/1456\/revisions"}],"wp:attachment":[{"href":"https:\/\/chemuza.org\/pt\/wp-json\/wp\/v2\/media?parent=1456"}],"curies":[{"name":"wp","href":"https:\/\/api.w.org\/{rel}","templated":true}]}}