{"id":1455,"date":"2023-07-15T18:27:36","date_gmt":"2023-07-15T18:27:36","guid":{"rendered":"https:\/\/chemuza.org\/pt\/sodio\/"},"modified":"2023-07-15T18:27:36","modified_gmt":"2023-07-15T18:27:36","slug":"sodio","status":"publish","type":"page","link":"https:\/\/chemuza.org\/pt\/sodio\/","title":{"rendered":"S\u00f3dio"},"content":{"rendered":"<p>Um estudo do Observat\u00f3rio Europeu do Sul determinou que uma estrela \u00e9 capaz de explodir se a quantidade de s\u00f3dio no seu n\u00facleo for muito baixa. Portanto, n\u00e3o \u00e9 surpreendente que este elemento seja considerado o sexto elemento mais abundante na massa planet\u00e1ria. Al\u00e9m disso, at\u00e9 80% est\u00e1 presente na forma i\u00f4nica no oceano. Saiba mais sobre seus recursos, propriedades e aplica\u00e7\u00f5es modernas.<\/p>\n<h2> <strong>O que \u00e9 s\u00f3dio?<\/strong><\/h2>\n<p> Basicamente, \u00e9 um metal alcalino macio, suave e amanteigado, de tonalidade prateada e abundante na natureza. O exemplo mais comum de s\u00f3dio \u00e9 o que voc\u00ea encontra no sal de cozinha de sua casa. Apresenta alta reatividade, pois reage espontaneamente com uma chama amarelada na presen\u00e7a de \u00e1gua, oxig\u00eanio, cloro, carbono e nitrog\u00eanio.<\/p>\n<h3> <strong>S\u00edmbolo de s\u00f3dio<\/strong><\/h3>\n<p> <span class=\"content-chemical-element\" style=\"float: left;width: 65px;height: 65px;border: 3px solid #666; display:flex;\n    justify-content: center;align-items: center;margin-right: 15px;\"><span style=\"font-size: 38px;\">Na<\/span><\/span> O s\u00edmbolo do s\u00f3dio \u00e9 Na, que vem da palavra natron, do latim <em>natrium<\/em> e <em>nitron<\/em> em grego, nome etimol\u00f3gico dado ao carbonato de s\u00f3dio. Na verdade, na Europa medieval, um composto chamado <em>sodano<\/em> era usado como rem\u00e9dio para enxaquecas.<\/p>\n<h2> <strong>Caracter\u00edsticas do s\u00f3dio<\/strong><\/h2>\n<p> Comercialmente, \u00e9 o metal alcalino mais importante, embora n\u00e3o seja encontrado livremente na natureza. Por outro lado, apresenta d\u00e9ficit de dureza, pois cont\u00e9m 1,2 segundo a escala de Mohs. Outros recursos s\u00e3o:<\/p>\n<ul>\n<li> <strong>Cor<\/strong> : Tem uma apar\u00eancia branco prateado brilhante que fica acinzentado quando interage com o ar.<\/li>\n<li> <strong>Condi\u00e7\u00e3o<\/strong> : \u00c9 s\u00f3lido em condi\u00e7\u00f5es naturais.<\/li>\n<li> <strong>Tipo de metal:<\/strong> Paramagn\u00e9tico.<\/li>\n<li> <strong>Condutividade<\/strong> : Excelente condutividade t\u00e9rmica e el\u00e9trica.<\/li>\n<li> <strong>Alotr\u00f3pico<\/strong> : N\u00e3o possui esta propriedade.<\/li>\n<li> <strong>Intera\u00e7\u00e3o<\/strong> : Forma explos\u00f5es violentas com solu\u00e7\u00f5es aquosas como \u00e1gua, neve, gelo, entre outras.<\/li>\n<li> <strong>Minerais adicionais:<\/strong> Est\u00e3o rodeados por uma camada de cloreto, \u00f3xido ou carbonato.<\/li>\n<li> <strong>Maleabilidade:<\/strong> Boa.<\/li>\n<li> <strong>Volume:<\/strong> O c\u00e1tion Na+ mant\u00e9m o volume e a osmolaridade do l\u00edquido extracelular.<\/li>\n<\/ul>\n<h2> <strong>Propriedades qu\u00edmicas e f\u00edsicas do s\u00f3dio<\/strong><\/h2>\n<ol>\n<li> <strong>N\u00famero at\u00f4mico<\/strong> : 11<\/li>\n<li> <strong>Grupo<\/strong> : 1<\/li>\n<li> <strong>Per\u00edodo<\/strong> : 3<\/li>\n<li> <strong>Bloco<\/strong> : s<\/li>\n<li> <strong>Peso at\u00f4mico<\/strong> : 22,98976928(2)<\/li>\n<li> <strong>Densidade<\/strong> : 968 kg\/m\u00b3<\/li>\n<li> <strong>Condi\u00e7\u00e3o<\/strong> : S\u00f3lido<\/li>\n<li> <strong>\u00d3xido<\/strong> : Na2O<\/li>\n<li> <strong>Estados de oxida\u00e7\u00e3o<\/strong> : +1<\/li>\n<li> <strong>Ponto de fus\u00e3o<\/strong> : 98\u00b0C<\/li>\n<li> <strong>Ponto de ebuli\u00e7\u00e3o<\/strong> : 883\u00b0C<\/li>\n<li> <strong>Calor espec\u00edfico<\/strong> : 1230 J\/(K-kg)<\/li>\n<li> <strong>Eletronegatividade<\/strong> : 0,93<\/li>\n<li> <strong>Raio m\u00e9dio<\/strong> : 180h<\/li>\n<li> <strong>Raio covalente<\/strong> : 154 pm<\/li>\n<li> <strong>Raio at\u00f4mico<\/strong> : 190 pm<\/li>\n<li> <strong>El\u00e9trons por camada<\/strong> : 2, 8, 1<\/li>\n<li> <strong>Configura\u00e7\u00e3o eletr\u00f4nica<\/strong> : [Ne]3s1<\/li>\n<\/ol>\n<h2> <strong>Origem do s\u00f3dio<\/strong><\/h2>\n<p> Se voc\u00ea est\u00e1 se perguntando quem descobriu o s\u00f3dio, foi o qu\u00edmico brit\u00e2nico Sir Humphrey Davy em 1807. O cientista isolou alguns gramas do elemento usando soda c\u00e1ustica por meio de eletr\u00f3lise. Ele foi assim capaz de observar suas rea\u00e7\u00f5es qu\u00edmicas. Mais tarde, em 1814, J\u00f6ns Jakob inventou ou deu forma \u00e0 express\u00e3o Na. Por fim, a simbologia referente ao <em>s\u00f3dio<\/em> foi integrada ao sistema de s\u00edmbolos qu\u00edmicos.<\/p>\n<h2> <strong>Para que \u00e9 usado o s\u00f3dio?<\/strong><\/h2>\n<p> Est\u00e1 presente em alimentos e outros processos qu\u00edmicos nos organismos. Por exemplo, o cloreto de s\u00f3dio nutre muitos seres vivos. Por outro lado, na ind\u00fastria existem produtos que cont\u00eam este elemento para a produ\u00e7\u00e3o de vidro, petr\u00f3leo, papel e metais.<\/p>\n<p> Da mesma forma, outros usos s\u00e3o a fabrica\u00e7\u00e3o de produtos t\u00eaxteis, qu\u00edmicos, de limpeza e higiene, como desodorantes, detergentes, sabonetes, antiss\u00e9pticos, entre outros. Em menor escala, \u00e9 utilizado em ligas met\u00e1licas, em tratamentos m\u00e9dicos e, curiosamente, em certos tipos de queijo.<\/p>\n<h2> <strong>10 compostos de s\u00f3dio e seus usos<\/strong><\/h2>\n<p> Como elemento qu\u00edmico, \u00e9 composto por compostos adicionais utilizados tanto industrialmente quanto domesticamente. Cada um desempenha fun\u00e7\u00f5es espec\u00edficas:<\/p>\n<ul>\n<li> <strong>Bicarbonato de s\u00f3dio<\/strong> : \u00c9 muito utilizado em casa para combater azia ou como anti-gordura.<\/li>\n<li> <strong>Carbonato de S\u00f3dio<\/strong> : Utilizado na fabrica\u00e7\u00e3o de vidros, sab\u00f5es e corantes.<\/li>\n<li> <strong>Poliacrilato de s\u00f3dio<\/strong> : Utilizado para absorver l\u00edquidos contidos em produtos de higiene como fraldas para beb\u00eas, len\u00e7os umedecidos, absorventes higi\u00eanicos ou outros.<\/li>\n<li> <strong>Hidr\u00f3xido de S\u00f3dio<\/strong> : Ou soda c\u00e1ustica usada em produtos de limpeza, como limpadores de ralos, desengraxantes de forno e sab\u00f5es.<\/li>\n<li> <strong>Citrato de S\u00f3dio<\/strong> : \u00c9 utilizado para regular a acidez estomacal, conservar alimentos, bebidas e como emulsificante de \u00f3leos.<\/li>\n<li> <strong>Nitrato de S\u00f3dio<\/strong> : Atua como conservante de alimentos, fertilizante, aditivo de cimento e no tratamento de \u00e1guas residuais.<\/li>\n<li> <strong>Iodeto de S\u00f3dio<\/strong> : \u00c9 utilizado no tratamento de asma, bronquite e tireoide, como suplemento nutricional e na medicina veterin\u00e1ria.<\/li>\n<li> <strong>B\u00f3rax<\/strong> : Utilizado em amaciantes de roupas, detergentes, desinfetantes, sab\u00f5es e pesticidas, al\u00e9m de fazer esmaltes, limos, vidros e cer\u00e2micas.<\/li>\n<li> <strong>Eritorbato de s\u00f3dio<\/strong> : Aplicado em todos os tipos de carne e para conservar bebidas n\u00e3o alco\u00f3licas.<\/li>\n<li> <strong>Trifosfato de s\u00f3dio<\/strong> : Usado para fazer produtos desinfetantes, como sab\u00e3o em p\u00f3 ou sab\u00e3o, e para amaciar \u00e1gua dura.<\/li>\n<\/ul>\n<h2> <strong>Obtenha s\u00f3dio<\/strong><\/h2>\n<p> A forma mais econ\u00f4mica de extra\u00ed-lo \u00e9 por meio da eletr\u00f3lise do cloreto de s\u00f3dio, tamb\u00e9m conhecido como processo Downs, que \u00e9 eletrolisado no estado fundido. Outro processo \u00e9 o Castner-Kellner, embora este processo industrial seja mais caro que o anterior.<\/p>\n<p> Em resumo, o s\u00f3dio \u00e9 um metal alcalino de apar\u00eancia s\u00f3lida, macia e prateada. Al\u00e9m disso, cont\u00e9m alta reatividade e \u00e9 encontrado em quantidades generosas nos oceanos na forma i\u00f4nica e em outros compostos. Hoje, pode ser utilizado na fabrica\u00e7\u00e3o de produtos de limpeza, higiene, qu\u00edmicos e t\u00eaxteis.<\/p>\n<h2> Mais informa\u00e7\u00f5es sobre o s\u00f3dio<\/h2>\n","protected":false},"excerpt":{"rendered":"<p>Um estudo do Observat\u00f3rio Europeu do Sul determinou que uma estrela \u00e9 capaz de explodir se a quantidade de s\u00f3dio no seu n\u00facleo for muito baixa. Portanto, n\u00e3o \u00e9 surpreendente que este elemento seja considerado o sexto elemento mais abundante na massa planet\u00e1ria. Al\u00e9m disso, at\u00e9 80% est\u00e1 presente na forma i\u00f4nica no oceano. Saiba &#8230; <a title=\"S\u00f3dio\" class=\"read-more\" href=\"https:\/\/chemuza.org\/pt\/sodio\/\" aria-label=\"Mais em S\u00f3dio\">Ler mais<\/a><\/p>\n","protected":false},"author":1,"featured_media":0,"parent":0,"menu_order":0,"comment_status":"closed","ping_status":"closed","template":"","meta":{"footnotes":""},"class_list":["post-1455","page","type-page","status-publish"],"yoast_head":"<!-- This site is optimized with the Yoast SEO plugin v21.4 - https:\/\/yoast.com\/wordpress\/plugins\/seo\/ -->\n<title>S\u00f3dio - Chemuza<\/title>\n<meta name=\"robots\" content=\"index, follow, max-snippet:-1, max-image-preview:large, max-video-preview:-1\" \/>\n<link rel=\"canonical\" href=\"https:\/\/chemuza.org\/pt\/sodio\/\" \/>\n<meta property=\"og:locale\" content=\"pt_PT\" \/>\n<meta property=\"og:type\" content=\"article\" \/>\n<meta property=\"og:title\" content=\"S\u00f3dio - Chemuza\" \/>\n<meta property=\"og:description\" content=\"Um estudo do Observat\u00f3rio Europeu do Sul determinou que uma estrela \u00e9 capaz de explodir se a quantidade de s\u00f3dio no seu n\u00facleo for muito baixa. Portanto, n\u00e3o \u00e9 surpreendente que este elemento seja considerado o sexto elemento mais abundante na massa planet\u00e1ria. Al\u00e9m disso, at\u00e9 80% est\u00e1 presente na forma i\u00f4nica no oceano. Saiba ... Ler mais\" \/>\n<meta property=\"og:url\" content=\"https:\/\/chemuza.org\/pt\/sodio\/\" \/>\n<meta property=\"og:site_name\" content=\"Statorials\" \/>\n<meta name=\"twitter:card\" content=\"summary_large_image\" \/>\n<meta name=\"twitter:label1\" content=\"Tempo estimado de leitura\" \/>\n\t<meta name=\"twitter:data1\" content=\"4 minutos\" \/>\n<script type=\"application\/ld+json\" class=\"yoast-schema-graph\">{\"@context\":\"https:\/\/schema.org\",\"@graph\":[{\"@type\":\"WebPage\",\"@id\":\"https:\/\/chemuza.org\/pt\/sodio\/\",\"url\":\"https:\/\/chemuza.org\/pt\/sodio\/\",\"name\":\"S\u00f3dio - Chemuza\",\"isPartOf\":{\"@id\":\"https:\/\/chemuza.org\/pt\/#website\"},\"datePublished\":\"2023-07-15T18:27:36+00:00\",\"dateModified\":\"2023-07-15T18:27:36+00:00\",\"breadcrumb\":{\"@id\":\"https:\/\/chemuza.org\/pt\/sodio\/#breadcrumb\"},\"inLanguage\":\"pt-PT\",\"potentialAction\":[{\"@type\":\"ReadAction\",\"target\":[\"https:\/\/chemuza.org\/pt\/sodio\/\"]}]},{\"@type\":\"BreadcrumbList\",\"@id\":\"https:\/\/chemuza.org\/pt\/sodio\/#breadcrumb\",\"itemListElement\":[{\"@type\":\"ListItem\",\"position\":1,\"name\":\"Lar\",\"item\":\"https:\/\/chemuza.org\/pt\/\"},{\"@type\":\"ListItem\",\"position\":2,\"name\":\"S\u00f3dio\"}]},{\"@type\":\"WebSite\",\"@id\":\"https:\/\/chemuza.org\/pt\/#website\",\"url\":\"https:\/\/chemuza.org\/pt\/\",\"name\":\"Chemuza\",\"description\":\"Sua porta de entrada para a descoberta qu\u00edmica!\",\"publisher\":{\"@id\":\"https:\/\/chemuza.org\/pt\/#organization\"},\"potentialAction\":[{\"@type\":\"SearchAction\",\"target\":{\"@type\":\"EntryPoint\",\"urlTemplate\":\"https:\/\/chemuza.org\/pt\/?s={search_term_string}\"},\"query-input\":\"required name=search_term_string\"}],\"inLanguage\":\"pt-PT\"},{\"@type\":\"Organization\",\"@id\":\"https:\/\/chemuza.org\/pt\/#organization\",\"name\":\"Chemuza\",\"url\":\"https:\/\/chemuza.org\/pt\/\",\"logo\":{\"@type\":\"ImageObject\",\"inLanguage\":\"pt-PT\",\"@id\":\"https:\/\/chemuza.org\/pt\/#\/schema\/logo\/image\/\",\"url\":\"https:\/\/chemuza.org\/pt\/wp-content\/uploads\/2023\/10\/chemuza-logo.png\",\"contentUrl\":\"https:\/\/chemuza.org\/pt\/wp-content\/uploads\/2023\/10\/chemuza-logo.png\",\"width\":387,\"height\":70,\"caption\":\"Chemuza\"},\"image\":{\"@id\":\"https:\/\/chemuza.org\/pt\/#\/schema\/logo\/image\/\"}}]}<\/script>\n<!-- \/ Yoast SEO plugin. -->","yoast_head_json":{"title":"S\u00f3dio - Chemuza","robots":{"index":"index","follow":"follow","max-snippet":"max-snippet:-1","max-image-preview":"max-image-preview:large","max-video-preview":"max-video-preview:-1"},"canonical":"https:\/\/chemuza.org\/pt\/sodio\/","og_locale":"pt_PT","og_type":"article","og_title":"S\u00f3dio - Chemuza","og_description":"Um estudo do Observat\u00f3rio Europeu do Sul determinou que uma estrela \u00e9 capaz de explodir se a quantidade de s\u00f3dio no seu n\u00facleo for muito baixa. Portanto, n\u00e3o \u00e9 surpreendente que este elemento seja considerado o sexto elemento mais abundante na massa planet\u00e1ria. Al\u00e9m disso, at\u00e9 80% est\u00e1 presente na forma i\u00f4nica no oceano. Saiba ... Ler mais","og_url":"https:\/\/chemuza.org\/pt\/sodio\/","og_site_name":"Statorials","twitter_card":"summary_large_image","twitter_misc":{"Tempo estimado de leitura":"4 minutos"},"schema":{"@context":"https:\/\/schema.org","@graph":[{"@type":"WebPage","@id":"https:\/\/chemuza.org\/pt\/sodio\/","url":"https:\/\/chemuza.org\/pt\/sodio\/","name":"S\u00f3dio - Chemuza","isPartOf":{"@id":"https:\/\/chemuza.org\/pt\/#website"},"datePublished":"2023-07-15T18:27:36+00:00","dateModified":"2023-07-15T18:27:36+00:00","breadcrumb":{"@id":"https:\/\/chemuza.org\/pt\/sodio\/#breadcrumb"},"inLanguage":"pt-PT","potentialAction":[{"@type":"ReadAction","target":["https:\/\/chemuza.org\/pt\/sodio\/"]}]},{"@type":"BreadcrumbList","@id":"https:\/\/chemuza.org\/pt\/sodio\/#breadcrumb","itemListElement":[{"@type":"ListItem","position":1,"name":"Lar","item":"https:\/\/chemuza.org\/pt\/"},{"@type":"ListItem","position":2,"name":"S\u00f3dio"}]},{"@type":"WebSite","@id":"https:\/\/chemuza.org\/pt\/#website","url":"https:\/\/chemuza.org\/pt\/","name":"Chemuza","description":"Sua porta de entrada para a descoberta qu\u00edmica!","publisher":{"@id":"https:\/\/chemuza.org\/pt\/#organization"},"potentialAction":[{"@type":"SearchAction","target":{"@type":"EntryPoint","urlTemplate":"https:\/\/chemuza.org\/pt\/?s={search_term_string}"},"query-input":"required name=search_term_string"}],"inLanguage":"pt-PT"},{"@type":"Organization","@id":"https:\/\/chemuza.org\/pt\/#organization","name":"Chemuza","url":"https:\/\/chemuza.org\/pt\/","logo":{"@type":"ImageObject","inLanguage":"pt-PT","@id":"https:\/\/chemuza.org\/pt\/#\/schema\/logo\/image\/","url":"https:\/\/chemuza.org\/pt\/wp-content\/uploads\/2023\/10\/chemuza-logo.png","contentUrl":"https:\/\/chemuza.org\/pt\/wp-content\/uploads\/2023\/10\/chemuza-logo.png","width":387,"height":70,"caption":"Chemuza"},"image":{"@id":"https:\/\/chemuza.org\/pt\/#\/schema\/logo\/image\/"}}]}},"yoast_meta":{"yoast_wpseo_title":"","yoast_wpseo_metadesc":"","yoast_wpseo_canonical":""},"_links":{"self":[{"href":"https:\/\/chemuza.org\/pt\/wp-json\/wp\/v2\/pages\/1455","targetHints":{"allow":["GET"]}}],"collection":[{"href":"https:\/\/chemuza.org\/pt\/wp-json\/wp\/v2\/pages"}],"about":[{"href":"https:\/\/chemuza.org\/pt\/wp-json\/wp\/v2\/types\/page"}],"author":[{"embeddable":true,"href":"https:\/\/chemuza.org\/pt\/wp-json\/wp\/v2\/users\/1"}],"replies":[{"embeddable":true,"href":"https:\/\/chemuza.org\/pt\/wp-json\/wp\/v2\/comments?post=1455"}],"version-history":[{"count":0,"href":"https:\/\/chemuza.org\/pt\/wp-json\/wp\/v2\/pages\/1455\/revisions"}],"wp:attachment":[{"href":"https:\/\/chemuza.org\/pt\/wp-json\/wp\/v2\/media?parent=1455"}],"curies":[{"name":"wp","href":"https:\/\/api.w.org\/{rel}","templated":true}]}}