{"id":1454,"date":"2023-07-15T19:28:04","date_gmt":"2023-07-15T19:28:04","guid":{"rendered":"https:\/\/chemuza.org\/pt\/silicio\/"},"modified":"2023-07-15T19:28:04","modified_gmt":"2023-07-15T19:28:04","slug":"silicio","status":"publish","type":"page","link":"https:\/\/chemuza.org\/pt\/silicio\/","title":{"rendered":"Sil\u00edcio"},"content":{"rendered":"<p>Voc\u00ea sabia que o sil\u00edcio, depois do oxig\u00eanio, \u00e9 o elemento qu\u00edmico mais abundante na crosta terrestre? No entanto, n\u00e3o est\u00e1 presente no seu estado puro. Em vez disso, \u00e9 distribu\u00eddo como areia, poeira, planetas e planet\u00f3ides, bem como v\u00e1rias estruturas ou silicatos. Veja a sua origem, quem o descobriu, quais s\u00e3o as suas caracter\u00edsticas e como o obtemos.<\/p>\n<h2> <strong>O que \u00e9 sil\u00edcio?<\/strong><\/h2>\n<p> \u00c9 um elemento qu\u00edmico metal\u00f3ide ou semimet\u00e1lico, localizado no grupo 14 da tabela peri\u00f3dica. Apresenta-se na forma cristalizada e amorfa, sendo a primeira de cor acinzentada e a segunda na forma de p\u00f3 acastanhado. Cont\u00e9m pouca in\u00e9rcia, o que significa que \u00e9 relativamente inativo. Al\u00e9m disso, a maioria dos \u00e1cidos n\u00e3o o altera. Por outro lado, est\u00e1 presente na estrutura dos seres vivos na forma mineral.<\/p>\n<h3> <strong>S\u00edmbolo de sil\u00edcio<\/strong><\/h3>\n<p> <span class=\"content-chemical-element\" style=\"float: left;width: 65px;height: 65px;border: 3px solid #666; display:flex;\n    justify-content: center;align-items: center;margin-right: 15px;\"><span style=\"font-size: 38px;\">Si<\/span><\/span> A simbologia do elemento qu\u00edmico sil\u00edcio \u00e9 Si, s\u00edmbolo que vem da palavra silicis ou s\u00edlex em latim. O termo significa pederneira, nome dado a ferramentas e armas pr\u00e9-hist\u00f3ricas feitas com diversos compostos do elemento.<\/p>\n<h2> <strong>Caracter\u00edsticas do Sil\u00edcio<\/strong><\/h2>\n<p> Sua estrutura apresenta propriedades intermedi\u00e1rias, ou seja, entre metais e n\u00e3o metais. Geralmente seus compostos s\u00e3o tetravalentes, embora existam casos divalentes. Seu comportamento qu\u00edmico \u00e9 eletropositivo. Descubra outros recursos:<\/p>\n<ul>\n<li> <strong>Cor<\/strong> : Apresenta uma cor acinzentada met\u00e1lica brilhante.<\/li>\n<li> <strong>Status da agrega\u00e7\u00e3o:<\/strong> S\u00f3lido.<\/li>\n<li> <strong>Apar\u00eancia:<\/strong> Duro, cristalino, quebradi\u00e7o e em forma de octaedros.<\/li>\n<li> <strong>Forma:<\/strong> Possui duas formas alotr\u00f3picas, a cristalina met\u00e1lica e a pulverulenta.<\/li>\n<li> <strong>Fio condutor:<\/strong> \u00c9 um mau condutor de eletricidade.<\/li>\n<li> <strong>Dureza<\/strong> : Possui dureza 7 de acordo com a escala de Mohs.<\/li>\n<li> <strong>Compostos<\/strong> : Seus compostos intermet\u00e1licos s\u00e3o usados como membros de liga em v\u00e1rios metais.<\/li>\n<li> <strong>Maleabilidade<\/strong> : N\u00e3o \u00e9 um elemento male\u00e1vel.<\/li>\n<li> <strong>Solubilidade<\/strong> : Ligeiramente sol\u00favel.<\/li>\n<li> <strong>Capacidade de transfer\u00eancia:<\/strong> Mais de 95% dos comprimentos de onda ou per\u00edodos espaciais da radia\u00e7\u00e3o infravermelha.<\/li>\n<\/ul>\n<h2> <strong>Propriedades qu\u00edmicas e f\u00edsicas do sil\u00edcio<\/strong><\/h2>\n<ol>\n<li> N\u00famero at\u00f4mico: 14<\/li>\n<li> Grupo: 14<\/li>\n<li> Per\u00edodo: 3<\/li>\n<li> Bloco:p<\/li>\n<li> Peso at\u00f4mico: 28.085<\/li>\n<li> Densidade: 2330 kg\/m\u00b3<\/li>\n<li> Estado s\u00f3lido<\/li>\n<li> Ferrugem: anfot\u00e9rica<\/li>\n<li> Estados de oxida\u00e7\u00e3o: +4<\/li>\n<li> Ponto de fus\u00e3o (\u00b0C): 1414<\/li>\n<li> Ponto de ebuli\u00e7\u00e3o (\u00b0C): 3265<\/li>\n<li> Calor espec\u00edfico: 700 J\/(K-kg)<\/li>\n<li> Eletronegatividade: 1,9<\/li>\n<li> M\u00e9dia de r\u00e1dio: 120h<\/li>\n<li> Raio covalente: 231 h<\/li>\n<li> Raio at\u00f4mico: 23h00<\/li>\n<li> El\u00e9trons por camada: 2, 8, 4<\/li>\n<li> Configura\u00e7\u00e3o eletr\u00f4nica: [Ne]3 s2 3p2<\/li>\n<\/ol>\n<h2> <strong>Origem do sil\u00edcio<\/strong><\/h2>\n<p> Antoine Lavoisier identificou-o pela primeira vez em 1787, mas foi o sueco J\u00f6ns Jacob Berzelius quem descobriu o sil\u00edcio em 1823, na forma pura e isolada. Este qu\u00edmico produziu sil\u00edcio amorfo ap\u00f3s aquecer pot\u00e1ssio met\u00e1lico com tetrafluoreto de sil\u00edcio. Por\u00e9m, em 1811, esse elemento qu\u00edmico j\u00e1 havia sido descoberto na forma amorfa e impura. Segundo a hist\u00f3ria, este trabalho foi realizado pelos franceses Gay Lussac e Louis Jacques Th\u00e9nard.<\/p>\n<h2> <strong>Para que \u00e9 usado o Sil\u00edcio?<\/strong><\/h2>\n<p> O ser humano utiliza esse elemento qu\u00edmico constante e abundantemente porque \u00e9 \u00fatil e econ\u00f4mico. Por exemplo, uma das fun\u00e7\u00f5es do sil\u00edcio \u00e9 o seu papel na cria\u00e7\u00e3o de tijolos, concreto, esmaltes, cer\u00e2micas, entre outros produtos de constru\u00e7\u00e3o. Tamb\u00e9m \u00e9 utilizado na produ\u00e7\u00e3o de a\u00e7o e diversos tipos de vidro.<\/p>\n<p> Outras aplica\u00e7\u00f5es incluem a forma\u00e7\u00e3o de um tipo de elemento que comp\u00f5e c\u00e9lulas solares, transistores, retificadores e outros dispositivos utilizados na tecnologia espacial e na ind\u00fastria eletr\u00f4nica, como chips. Al\u00e9m disso, os silicones s\u00e3o usados para criar lubrificantes, brinquedos, filmes imperme\u00e1veis e implantes de cirurgia est\u00e9tica.<\/p>\n<h2> <strong>Como o sil\u00edcio \u00e9 obtido?<\/strong><\/h2>\n<p> Pode ser obtido por aluminotermia, a partir do \u00f3xido de sil\u00edcio, enquanto \u00e9 tratado com \u00e1cido clor\u00eddrico. Outra forma \u00e9 reduzir a s\u00edlica com carboneto de c\u00e1lcio, ou carbono, em um forno el\u00e9trico a arco preenchido com eletrodos de carbono.<\/p>\n<p> Da mesma forma, utilizamos a redu\u00e7\u00e3o do tetracloreto de sil\u00edcio com o elemento hidrog\u00eanio, para obt\u00ea-lo de forma pura. Por fim, o sil\u00edcio hiperpuro \u00e9 obtido atrav\u00e9s da redu\u00e7\u00e3o t\u00e9rmica do triclorossilano, denominado processo Siemens. A ultrapureza \u00e9 obtida gra\u00e7as \u00e0 atmosfera de hidrog\u00eanio contida em enormes c\u00e2maras de v\u00e1cuo.<\/p>\n<h2> <strong>Sil\u00edcio e biologia<\/strong><\/h2>\n<p> Embora seja facilmente encontrado na forma de silicatos, minerais compostos de sil\u00edcio e oxig\u00eanio, poucos organismos o utilizam diretamente. Na verdade, os radiol\u00e1rios, as diatom\u00e1ceas e as esponjas de vidro utilizam s\u00edlica biog\u00e9nica para a estrutura do seu esqueleto. Al\u00e9m disso, algumas plantas necessitam desse elemento para sua nutri\u00e7\u00e3o e crescimento, como o arroz.<\/p>\n<h2> <strong>Efeitos do sil\u00edcio na sa\u00fade<\/strong><\/h2>\n<p> Esse elemento pode ter efeitos colaterais nos pulm\u00f5es e na respira\u00e7\u00e3o, podendo at\u00e9 causar silicose. Al\u00e9m disso, causa irrita\u00e7\u00e3o na pele e nos olhos, causando lacrimejamento, vermelhid\u00e3o, forma\u00e7\u00e3o de crostas e coceira. V\u00e1rios estudos relacionam c\u00e2ncer de pulm\u00e3o, doen\u00e7as renais e infec\u00e7\u00f5es micobacterianas \u00e0 exposi\u00e7\u00e3o constante ao sil\u00edcio.<\/p>\n<p> Concluindo, este elemento qu\u00edmico do tipo metal\u00f3ide \u00e9 utilizado na cria\u00e7\u00e3o de produtos de constru\u00e7\u00e3o, por exemplo tijolos, cer\u00e2micas, esmaltes, entre outros. Al\u00e9m disso, \u00e9 utilizado nas ind\u00fastrias eletr\u00f4nica, espacial e cosm\u00e9tica, para fabricar lubrificantes, lentes de contato ou implantes mam\u00e1rios.<\/p>\n","protected":false},"excerpt":{"rendered":"<p>Voc\u00ea sabia que o sil\u00edcio, depois do oxig\u00eanio, \u00e9 o elemento qu\u00edmico mais abundante na crosta terrestre? No entanto, n\u00e3o est\u00e1 presente no seu estado puro. Em vez disso, \u00e9 distribu\u00eddo como areia, poeira, planetas e planet\u00f3ides, bem como v\u00e1rias estruturas ou silicatos. Veja a sua origem, quem o descobriu, quais s\u00e3o as suas caracter\u00edsticas &#8230; <a title=\"Sil\u00edcio\" class=\"read-more\" href=\"https:\/\/chemuza.org\/pt\/silicio\/\" aria-label=\"Mais em Sil\u00edcio\">Ler mais<\/a><\/p>\n","protected":false},"author":1,"featured_media":0,"parent":0,"menu_order":0,"comment_status":"closed","ping_status":"closed","template":"","meta":{"footnotes":""},"class_list":["post-1454","page","type-page","status-publish"],"yoast_head":"<!-- This site is optimized with the Yoast SEO plugin v21.4 - https:\/\/yoast.com\/wordpress\/plugins\/seo\/ -->\n<title>Sil\u00edcio - Chemuza<\/title>\n<meta name=\"robots\" content=\"index, follow, max-snippet:-1, max-image-preview:large, max-video-preview:-1\" \/>\n<link rel=\"canonical\" href=\"https:\/\/chemuza.org\/pt\/silicio\/\" \/>\n<meta property=\"og:locale\" content=\"pt_PT\" \/>\n<meta property=\"og:type\" content=\"article\" \/>\n<meta property=\"og:title\" content=\"Sil\u00edcio - Chemuza\" \/>\n<meta property=\"og:description\" content=\"Voc\u00ea sabia que o sil\u00edcio, depois do oxig\u00eanio, \u00e9 o elemento qu\u00edmico mais abundante na crosta terrestre? No entanto, n\u00e3o est\u00e1 presente no seu estado puro. Em vez disso, \u00e9 distribu\u00eddo como areia, poeira, planetas e planet\u00f3ides, bem como v\u00e1rias estruturas ou silicatos. Veja a sua origem, quem o descobriu, quais s\u00e3o as suas caracter\u00edsticas ... Ler mais\" \/>\n<meta property=\"og:url\" content=\"https:\/\/chemuza.org\/pt\/silicio\/\" \/>\n<meta property=\"og:site_name\" content=\"Statorials\" \/>\n<meta name=\"twitter:card\" content=\"summary_large_image\" \/>\n<meta name=\"twitter:label1\" content=\"Tempo estimado de leitura\" \/>\n\t<meta name=\"twitter:data1\" content=\"4 minutos\" \/>\n<script type=\"application\/ld+json\" class=\"yoast-schema-graph\">{\"@context\":\"https:\/\/schema.org\",\"@graph\":[{\"@type\":\"WebPage\",\"@id\":\"https:\/\/chemuza.org\/pt\/silicio\/\",\"url\":\"https:\/\/chemuza.org\/pt\/silicio\/\",\"name\":\"Sil\u00edcio - Chemuza\",\"isPartOf\":{\"@id\":\"https:\/\/chemuza.org\/pt\/#website\"},\"datePublished\":\"2023-07-15T19:28:04+00:00\",\"dateModified\":\"2023-07-15T19:28:04+00:00\",\"breadcrumb\":{\"@id\":\"https:\/\/chemuza.org\/pt\/silicio\/#breadcrumb\"},\"inLanguage\":\"pt-PT\",\"potentialAction\":[{\"@type\":\"ReadAction\",\"target\":[\"https:\/\/chemuza.org\/pt\/silicio\/\"]}]},{\"@type\":\"BreadcrumbList\",\"@id\":\"https:\/\/chemuza.org\/pt\/silicio\/#breadcrumb\",\"itemListElement\":[{\"@type\":\"ListItem\",\"position\":1,\"name\":\"Lar\",\"item\":\"https:\/\/chemuza.org\/pt\/\"},{\"@type\":\"ListItem\",\"position\":2,\"name\":\"Sil\u00edcio\"}]},{\"@type\":\"WebSite\",\"@id\":\"https:\/\/chemuza.org\/pt\/#website\",\"url\":\"https:\/\/chemuza.org\/pt\/\",\"name\":\"Chemuza\",\"description\":\"Sua porta de entrada para a descoberta qu\u00edmica!\",\"publisher\":{\"@id\":\"https:\/\/chemuza.org\/pt\/#organization\"},\"potentialAction\":[{\"@type\":\"SearchAction\",\"target\":{\"@type\":\"EntryPoint\",\"urlTemplate\":\"https:\/\/chemuza.org\/pt\/?s={search_term_string}\"},\"query-input\":\"required name=search_term_string\"}],\"inLanguage\":\"pt-PT\"},{\"@type\":\"Organization\",\"@id\":\"https:\/\/chemuza.org\/pt\/#organization\",\"name\":\"Chemuza\",\"url\":\"https:\/\/chemuza.org\/pt\/\",\"logo\":{\"@type\":\"ImageObject\",\"inLanguage\":\"pt-PT\",\"@id\":\"https:\/\/chemuza.org\/pt\/#\/schema\/logo\/image\/\",\"url\":\"https:\/\/chemuza.org\/pt\/wp-content\/uploads\/2023\/10\/chemuza-logo.png\",\"contentUrl\":\"https:\/\/chemuza.org\/pt\/wp-content\/uploads\/2023\/10\/chemuza-logo.png\",\"width\":387,\"height\":70,\"caption\":\"Chemuza\"},\"image\":{\"@id\":\"https:\/\/chemuza.org\/pt\/#\/schema\/logo\/image\/\"}}]}<\/script>\n<!-- \/ Yoast SEO plugin. -->","yoast_head_json":{"title":"Sil\u00edcio - Chemuza","robots":{"index":"index","follow":"follow","max-snippet":"max-snippet:-1","max-image-preview":"max-image-preview:large","max-video-preview":"max-video-preview:-1"},"canonical":"https:\/\/chemuza.org\/pt\/silicio\/","og_locale":"pt_PT","og_type":"article","og_title":"Sil\u00edcio - Chemuza","og_description":"Voc\u00ea sabia que o sil\u00edcio, depois do oxig\u00eanio, \u00e9 o elemento qu\u00edmico mais abundante na crosta terrestre? No entanto, n\u00e3o est\u00e1 presente no seu estado puro. Em vez disso, \u00e9 distribu\u00eddo como areia, poeira, planetas e planet\u00f3ides, bem como v\u00e1rias estruturas ou silicatos. Veja a sua origem, quem o descobriu, quais s\u00e3o as suas caracter\u00edsticas ... Ler mais","og_url":"https:\/\/chemuza.org\/pt\/silicio\/","og_site_name":"Statorials","twitter_card":"summary_large_image","twitter_misc":{"Tempo estimado de leitura":"4 minutos"},"schema":{"@context":"https:\/\/schema.org","@graph":[{"@type":"WebPage","@id":"https:\/\/chemuza.org\/pt\/silicio\/","url":"https:\/\/chemuza.org\/pt\/silicio\/","name":"Sil\u00edcio - Chemuza","isPartOf":{"@id":"https:\/\/chemuza.org\/pt\/#website"},"datePublished":"2023-07-15T19:28:04+00:00","dateModified":"2023-07-15T19:28:04+00:00","breadcrumb":{"@id":"https:\/\/chemuza.org\/pt\/silicio\/#breadcrumb"},"inLanguage":"pt-PT","potentialAction":[{"@type":"ReadAction","target":["https:\/\/chemuza.org\/pt\/silicio\/"]}]},{"@type":"BreadcrumbList","@id":"https:\/\/chemuza.org\/pt\/silicio\/#breadcrumb","itemListElement":[{"@type":"ListItem","position":1,"name":"Lar","item":"https:\/\/chemuza.org\/pt\/"},{"@type":"ListItem","position":2,"name":"Sil\u00edcio"}]},{"@type":"WebSite","@id":"https:\/\/chemuza.org\/pt\/#website","url":"https:\/\/chemuza.org\/pt\/","name":"Chemuza","description":"Sua porta de entrada para a descoberta qu\u00edmica!","publisher":{"@id":"https:\/\/chemuza.org\/pt\/#organization"},"potentialAction":[{"@type":"SearchAction","target":{"@type":"EntryPoint","urlTemplate":"https:\/\/chemuza.org\/pt\/?s={search_term_string}"},"query-input":"required name=search_term_string"}],"inLanguage":"pt-PT"},{"@type":"Organization","@id":"https:\/\/chemuza.org\/pt\/#organization","name":"Chemuza","url":"https:\/\/chemuza.org\/pt\/","logo":{"@type":"ImageObject","inLanguage":"pt-PT","@id":"https:\/\/chemuza.org\/pt\/#\/schema\/logo\/image\/","url":"https:\/\/chemuza.org\/pt\/wp-content\/uploads\/2023\/10\/chemuza-logo.png","contentUrl":"https:\/\/chemuza.org\/pt\/wp-content\/uploads\/2023\/10\/chemuza-logo.png","width":387,"height":70,"caption":"Chemuza"},"image":{"@id":"https:\/\/chemuza.org\/pt\/#\/schema\/logo\/image\/"}}]}},"yoast_meta":{"yoast_wpseo_title":"","yoast_wpseo_metadesc":"","yoast_wpseo_canonical":""},"_links":{"self":[{"href":"https:\/\/chemuza.org\/pt\/wp-json\/wp\/v2\/pages\/1454","targetHints":{"allow":["GET"]}}],"collection":[{"href":"https:\/\/chemuza.org\/pt\/wp-json\/wp\/v2\/pages"}],"about":[{"href":"https:\/\/chemuza.org\/pt\/wp-json\/wp\/v2\/types\/page"}],"author":[{"embeddable":true,"href":"https:\/\/chemuza.org\/pt\/wp-json\/wp\/v2\/users\/1"}],"replies":[{"embeddable":true,"href":"https:\/\/chemuza.org\/pt\/wp-json\/wp\/v2\/comments?post=1454"}],"version-history":[{"count":0,"href":"https:\/\/chemuza.org\/pt\/wp-json\/wp\/v2\/pages\/1454\/revisions"}],"wp:attachment":[{"href":"https:\/\/chemuza.org\/pt\/wp-json\/wp\/v2\/media?parent=1454"}],"curies":[{"name":"wp","href":"https:\/\/api.w.org\/{rel}","templated":true}]}}