{"id":1452,"date":"2023-07-15T23:05:40","date_gmt":"2023-07-15T23:05:40","guid":{"rendered":"https:\/\/chemuza.org\/pt\/ferro\/"},"modified":"2023-07-15T23:05:40","modified_gmt":"2023-07-15T23:05:40","slug":"ferro","status":"publish","type":"page","link":"https:\/\/chemuza.org\/pt\/ferro\/","title":{"rendered":"Ferro"},"content":{"rendered":"<p>O ferro \u00e9 o quarto elemento mais abundante na crosta terrestre e sua propor\u00e7\u00e3o \u00e9 de 5%. Na verdade, \u00e9 o segundo maior metal com propriedades magn\u00e9ticas, atr\u00e1s apenas do alum\u00ednio. Outros minerais, como o \u00f3xido utilizado na ind\u00fastria sider\u00fargica para produzir ligas, tamb\u00e9m o cont\u00eam. Descubra mais de seus recursos e aplica\u00e7\u00f5es no mundo moderno.<\/p>\n<h2> <strong>O que \u00e9 ferro?<\/strong><\/h2>\n<p> \u00c9 um elemento qu\u00edmico pertencente aos metais de transi\u00e7\u00e3o da tabela peri\u00f3dica. O ferro \u00e9 um metal brilhante, d\u00factil, macio, male\u00e1vel, oxid\u00e1vel, magn\u00e9tico, branco ou cinza prateado. \u00c9 assinado atomicamente com o n\u00famero 26 e uma massa at\u00f4mica de 55,84.<\/p>\n<h3> <strong>s\u00edmbolo de ferro<\/strong><\/h3>\n<p> <span class=\"content-chemical-element\" style=\"float: left;width: 65px;height: 65px;border: 3px solid #666; display:flex;\n    justify-content: center;align-items: center;margin-right: 15px;\"><span style=\"font-size: 38px;\">Fe<\/span><\/span> O s\u00edmbolo para identificar o ferro \u00e9 \u201cFe\u201d. \u00c9 derivado do nome latino Ferrum, cujo significado em espanhol \u00e9 metal. Recebe esse nome por sua apar\u00eancia met\u00e1lica e resistente, que permite a cria\u00e7\u00e3o de diversos objetos, como armas, estruturas e ferramentas de trabalho.<\/p>\n<h2> <strong>Caracter\u00edsticas do ferro<\/strong><\/h2>\n<p> Est\u00e1 no grupo 8 e no per\u00edodo 4. \u00c9 um elemento pesado que pode se fundir exot\u00e9rmicamente e possui um n\u00facleo s\u00f3lido de cerca de 30 n\u00eautrons, indicando sua alta energia. Saiba mais sobre seus recursos:<\/p>\n<ul>\n<li> <strong>Alotr\u00f3pico<\/strong> : \u00c9 capaz de ajustar sua composi\u00e7\u00e3o molecular em fun\u00e7\u00e3o da temperatura.<\/li>\n<li> <strong>Male\u00e1vel:<\/strong> Pode deformar sem quebrar, perfeito para fabrica\u00e7\u00e3o de chapas finas ideais para a ind\u00fastria.<\/li>\n<li> <strong>Magn\u00e9tico:<\/strong> Seu alto grau de magnetismo \u00e9 insuper\u00e1vel por qualquer outro material e se distingue pela atra\u00e7\u00e3o e repuls\u00e3o com outros elementos.<\/li>\n<li> <strong>Dureza:<\/strong> \u00c9 muito resistente ao contato com outros elementos.<\/li>\n<li> <strong>Cor:<\/strong> Cinza prateado brilhante.<\/li>\n<li> <strong>Estado:<\/strong> Na sua forma natural \u00e9 s\u00f3lido ou ferromagn\u00e9tico.<\/li>\n<li> <strong>Sabor e odor:<\/strong> \u00c9 inodoro e tem sabor met\u00e1lico.<\/li>\n<li> <strong>Solubilidade:<\/strong> N\u00e3o sol\u00favel.<\/li>\n<\/ul>\n<h2> <strong>Propriedades qu\u00edmicas e f\u00edsicas do ferro<\/strong><\/h2>\n<ol>\n<li> <strong>N\u00famero at\u00f4mico<\/strong> : 26<\/li>\n<li> <strong>Peso at\u00f4mico:<\/strong> 55.845 (2)<\/li>\n<li> <strong>Estados de oxida\u00e7\u00e3o:<\/strong> 2, 3<\/li>\n<li> <strong>Eletronegatividade:<\/strong> 1,83<\/li>\n<li> <strong>Grupo:<\/strong> 8<\/li>\n<li> <strong>Densidade:<\/strong> 7,87<\/li>\n<li> <strong>Ponto de fus\u00e3o:<\/strong> 1535 <strong>&nbsp;<\/strong><\/li>\n<li> <strong>Raio m\u00e9dio:<\/strong> 140h<\/li>\n<li> <strong>Per\u00edodo:<\/strong> 4,8<\/li>\n<li> <strong>Condi\u00e7\u00e3o:<\/strong> S\u00f3lido <strong>&nbsp;<\/strong><\/li>\n<li> <strong>Ponto de ebuli\u00e7\u00e3o (\u00b0C):<\/strong> 2750<\/li>\n<li> <strong>Raio covalente:<\/strong> 126 pm<\/li>\n<li> <strong>Bloco:<\/strong> D<\/li>\n<li> <strong>\u00d3xido:<\/strong> anfot\u00e9rico<\/li>\n<li> <strong>Calor espec\u00edfico:<\/strong> 440 J\/(K-kg)<\/li>\n<li> <strong>Raio at\u00f4mico:<\/strong> 156<\/li>\n<li> <strong>El\u00e9trons por camada:<\/strong> 2,8, 14,2<\/li>\n<li> <strong>Configura\u00e7\u00e3o eletr\u00f4nica:<\/strong> [Ar]3d64s2<\/li>\n<\/ol>\n<h2> <strong>origem do ferro<\/strong><\/h2>\n<p> O elemento remonta a 5.000 aC, principalmente nas culturas eg\u00edpcia e sum\u00e9ria. Era utilizado para fins cerimoniais, mas no s\u00e9culo X tornou-se mat\u00e9ria-prima para a confec\u00e7\u00e3o de objetos como espadas, gra\u00e7as \u00e0 sua dureza. Esta \u00e9poca ficou conhecida como Idade do Ferro, devido \u00e0s suas aplica\u00e7\u00f5es ao trabalho agr\u00edcola alargado e ao desenvolvimento estrutural.<\/p>\n<h2> <strong>Para que \u00e9 usado o ferro?<\/strong><\/h2>\n<p> Esse metal \u00e9 abundante na natureza no estado s\u00f3lido e possui diversos usos e aplica\u00e7\u00f5es na fabrica\u00e7\u00e3o de estruturas, ferramentas e objetos. Al\u00e9m disso, possui propriedades medicinais utilizadas por humanos no tratamento de doen\u00e7as comuns, como anemia.<\/p>\n<p> Este elemento qu\u00edmico utilizado comercialmente \u00e9 utilizado na forma\u00e7\u00e3o de ferro forjado e ligas de a\u00e7o, obtidas pela combina\u00e7\u00e3o com carbono. Gra\u00e7as a isso, s\u00e3o fabricados produtos que cont\u00eam ferro, como chapas galvanizadas, eletro\u00edm\u00e3s, objetos de a\u00e7o, navios, autom\u00f3veis e estruturas de edif\u00edcios.<\/p>\n<p> Al\u00e9m disso, por ser encontrado no corpo humano junto com a hemoglobina, \u00e9 utilizado medicinalmente para facilitar o transporte de oxig\u00eanio no sangue. Outras aplica\u00e7\u00f5es deste elemento s\u00e3o: prepara\u00e7\u00e3o de tintas, tintas e produtos desinfetantes a partir de seus derivados, como o sulfato ferroso.<\/p>\n<h2> <strong>Como obtemos ferro<\/strong> ?<\/h2>\n<p> \u00c9 encontrado na natureza no estado s\u00f3lido e faz parte de outros minerais, como \u00f3xidos, magnetita, hematita e limonita. Abaixo est\u00e1 o processo de fabrica\u00e7\u00e3o do ferro:<\/p>\n<h3> <strong>Tritura\u00e7\u00e3o<\/strong><\/h3>\n<p> Consiste na redu\u00e7\u00e3o dos minerais do elemento, que \u00e9 realizada a seco com m\u00e1quinas rotativas denominadas trituradoras. Depois passa por um processo de moagem \u00famida, para obter o m\u00ednimo de part\u00edculas.<\/p>\n<h3> <strong>Classifica\u00e7\u00e3o<\/strong><\/h3>\n<p> Nada mais \u00e9 do que a separa\u00e7\u00e3o do produto, obtido por tritura\u00e7\u00e3o e moagem em tamanhos iguais. Uma parte \u00e9 dividida por uma peneira, que as classifica de acordo com o tamanho, para depois distinguir as part\u00edculas finas ao passarem por uma malha.<\/p>\n<h3> <strong>Concentra\u00e7\u00e3o<\/strong><\/h3>\n<p> \u00c9 um processo onde o ferro \u00e9 separado de outros componentes. Isto \u00e9 feito por flutua\u00e7\u00e3o em \u00e1gua, o que deixa as impurezas no fundo do recipiente. Outro m\u00e9todo \u00e9 a separa\u00e7\u00e3o magn\u00e9tica, que separa os res\u00edduos atrav\u00e9s da aplica\u00e7\u00e3o de um campo de for\u00e7a.<\/p>\n<h3> <strong>granula\u00e7\u00e3o<\/strong><\/h3>\n<p> \u00c9 uma t\u00e9cnica que aglomera todo o elemento j\u00e1 triturado com \u00e1gua para transform\u00e1-lo em part\u00edculas redondas, livres de impurezas. Por fim, passam por um processo de cozimento no forno at\u00e9 endurecerem.<\/p>\n<p> Resumindo, o ferro \u00e9 um elemento qu\u00edmico cinza ou branco, brilhante, macio, oxid\u00e1vel e male\u00e1vel que pertence aos metais de transi\u00e7\u00e3o da tabela peri\u00f3dica. Est\u00e1 no estado s\u00f3lido e \u00e9 aplic\u00e1vel na \u00e1rea da medicina, constru\u00e7\u00e3o e uso comercial.<\/p>\n","protected":false},"excerpt":{"rendered":"<p>O ferro \u00e9 o quarto elemento mais abundante na crosta terrestre e sua propor\u00e7\u00e3o \u00e9 de 5%. Na verdade, \u00e9 o segundo maior metal com propriedades magn\u00e9ticas, atr\u00e1s apenas do alum\u00ednio. Outros minerais, como o \u00f3xido utilizado na ind\u00fastria sider\u00fargica para produzir ligas, tamb\u00e9m o cont\u00eam. Descubra mais de seus recursos e aplica\u00e7\u00f5es no mundo &#8230; <a title=\"Ferro\" class=\"read-more\" href=\"https:\/\/chemuza.org\/pt\/ferro\/\" aria-label=\"Mais em Ferro\">Ler mais<\/a><\/p>\n","protected":false},"author":1,"featured_media":0,"parent":0,"menu_order":0,"comment_status":"closed","ping_status":"closed","template":"","meta":{"footnotes":""},"class_list":["post-1452","page","type-page","status-publish"],"yoast_head":"<!-- This site is optimized with the Yoast SEO plugin v21.4 - https:\/\/yoast.com\/wordpress\/plugins\/seo\/ -->\n<title>Ferro - Chemuza<\/title>\n<meta name=\"robots\" content=\"index, follow, max-snippet:-1, max-image-preview:large, max-video-preview:-1\" \/>\n<link rel=\"canonical\" href=\"https:\/\/chemuza.org\/pt\/ferro\/\" \/>\n<meta property=\"og:locale\" content=\"pt_PT\" \/>\n<meta property=\"og:type\" content=\"article\" \/>\n<meta property=\"og:title\" content=\"Ferro - Chemuza\" \/>\n<meta property=\"og:description\" content=\"O ferro \u00e9 o quarto elemento mais abundante na crosta terrestre e sua propor\u00e7\u00e3o \u00e9 de 5%. Na verdade, \u00e9 o segundo maior metal com propriedades magn\u00e9ticas, atr\u00e1s apenas do alum\u00ednio. Outros minerais, como o \u00f3xido utilizado na ind\u00fastria sider\u00fargica para produzir ligas, tamb\u00e9m o cont\u00eam. Descubra mais de seus recursos e aplica\u00e7\u00f5es no mundo ... Ler mais\" \/>\n<meta property=\"og:url\" content=\"https:\/\/chemuza.org\/pt\/ferro\/\" \/>\n<meta property=\"og:site_name\" content=\"Statorials\" \/>\n<meta name=\"twitter:card\" content=\"summary_large_image\" \/>\n<meta name=\"twitter:label1\" content=\"Tempo estimado de leitura\" \/>\n\t<meta name=\"twitter:data1\" content=\"4 minutos\" \/>\n<script type=\"application\/ld+json\" class=\"yoast-schema-graph\">{\"@context\":\"https:\/\/schema.org\",\"@graph\":[{\"@type\":\"WebPage\",\"@id\":\"https:\/\/chemuza.org\/pt\/ferro\/\",\"url\":\"https:\/\/chemuza.org\/pt\/ferro\/\",\"name\":\"Ferro - Chemuza\",\"isPartOf\":{\"@id\":\"https:\/\/chemuza.org\/pt\/#website\"},\"datePublished\":\"2023-07-15T23:05:40+00:00\",\"dateModified\":\"2023-07-15T23:05:40+00:00\",\"breadcrumb\":{\"@id\":\"https:\/\/chemuza.org\/pt\/ferro\/#breadcrumb\"},\"inLanguage\":\"pt-PT\",\"potentialAction\":[{\"@type\":\"ReadAction\",\"target\":[\"https:\/\/chemuza.org\/pt\/ferro\/\"]}]},{\"@type\":\"BreadcrumbList\",\"@id\":\"https:\/\/chemuza.org\/pt\/ferro\/#breadcrumb\",\"itemListElement\":[{\"@type\":\"ListItem\",\"position\":1,\"name\":\"Lar\",\"item\":\"https:\/\/chemuza.org\/pt\/\"},{\"@type\":\"ListItem\",\"position\":2,\"name\":\"Ferro\"}]},{\"@type\":\"WebSite\",\"@id\":\"https:\/\/chemuza.org\/pt\/#website\",\"url\":\"https:\/\/chemuza.org\/pt\/\",\"name\":\"Chemuza\",\"description\":\"Sua porta de entrada para a descoberta qu\u00edmica!\",\"publisher\":{\"@id\":\"https:\/\/chemuza.org\/pt\/#organization\"},\"potentialAction\":[{\"@type\":\"SearchAction\",\"target\":{\"@type\":\"EntryPoint\",\"urlTemplate\":\"https:\/\/chemuza.org\/pt\/?s={search_term_string}\"},\"query-input\":\"required name=search_term_string\"}],\"inLanguage\":\"pt-PT\"},{\"@type\":\"Organization\",\"@id\":\"https:\/\/chemuza.org\/pt\/#organization\",\"name\":\"Chemuza\",\"url\":\"https:\/\/chemuza.org\/pt\/\",\"logo\":{\"@type\":\"ImageObject\",\"inLanguage\":\"pt-PT\",\"@id\":\"https:\/\/chemuza.org\/pt\/#\/schema\/logo\/image\/\",\"url\":\"https:\/\/chemuza.org\/pt\/wp-content\/uploads\/2023\/10\/chemuza-logo.png\",\"contentUrl\":\"https:\/\/chemuza.org\/pt\/wp-content\/uploads\/2023\/10\/chemuza-logo.png\",\"width\":387,\"height\":70,\"caption\":\"Chemuza\"},\"image\":{\"@id\":\"https:\/\/chemuza.org\/pt\/#\/schema\/logo\/image\/\"}}]}<\/script>\n<!-- \/ Yoast SEO plugin. -->","yoast_head_json":{"title":"Ferro - Chemuza","robots":{"index":"index","follow":"follow","max-snippet":"max-snippet:-1","max-image-preview":"max-image-preview:large","max-video-preview":"max-video-preview:-1"},"canonical":"https:\/\/chemuza.org\/pt\/ferro\/","og_locale":"pt_PT","og_type":"article","og_title":"Ferro - Chemuza","og_description":"O ferro \u00e9 o quarto elemento mais abundante na crosta terrestre e sua propor\u00e7\u00e3o \u00e9 de 5%. Na verdade, \u00e9 o segundo maior metal com propriedades magn\u00e9ticas, atr\u00e1s apenas do alum\u00ednio. Outros minerais, como o \u00f3xido utilizado na ind\u00fastria sider\u00fargica para produzir ligas, tamb\u00e9m o cont\u00eam. Descubra mais de seus recursos e aplica\u00e7\u00f5es no mundo ... Ler mais","og_url":"https:\/\/chemuza.org\/pt\/ferro\/","og_site_name":"Statorials","twitter_card":"summary_large_image","twitter_misc":{"Tempo estimado de leitura":"4 minutos"},"schema":{"@context":"https:\/\/schema.org","@graph":[{"@type":"WebPage","@id":"https:\/\/chemuza.org\/pt\/ferro\/","url":"https:\/\/chemuza.org\/pt\/ferro\/","name":"Ferro - Chemuza","isPartOf":{"@id":"https:\/\/chemuza.org\/pt\/#website"},"datePublished":"2023-07-15T23:05:40+00:00","dateModified":"2023-07-15T23:05:40+00:00","breadcrumb":{"@id":"https:\/\/chemuza.org\/pt\/ferro\/#breadcrumb"},"inLanguage":"pt-PT","potentialAction":[{"@type":"ReadAction","target":["https:\/\/chemuza.org\/pt\/ferro\/"]}]},{"@type":"BreadcrumbList","@id":"https:\/\/chemuza.org\/pt\/ferro\/#breadcrumb","itemListElement":[{"@type":"ListItem","position":1,"name":"Lar","item":"https:\/\/chemuza.org\/pt\/"},{"@type":"ListItem","position":2,"name":"Ferro"}]},{"@type":"WebSite","@id":"https:\/\/chemuza.org\/pt\/#website","url":"https:\/\/chemuza.org\/pt\/","name":"Chemuza","description":"Sua porta de entrada para a descoberta qu\u00edmica!","publisher":{"@id":"https:\/\/chemuza.org\/pt\/#organization"},"potentialAction":[{"@type":"SearchAction","target":{"@type":"EntryPoint","urlTemplate":"https:\/\/chemuza.org\/pt\/?s={search_term_string}"},"query-input":"required name=search_term_string"}],"inLanguage":"pt-PT"},{"@type":"Organization","@id":"https:\/\/chemuza.org\/pt\/#organization","name":"Chemuza","url":"https:\/\/chemuza.org\/pt\/","logo":{"@type":"ImageObject","inLanguage":"pt-PT","@id":"https:\/\/chemuza.org\/pt\/#\/schema\/logo\/image\/","url":"https:\/\/chemuza.org\/pt\/wp-content\/uploads\/2023\/10\/chemuza-logo.png","contentUrl":"https:\/\/chemuza.org\/pt\/wp-content\/uploads\/2023\/10\/chemuza-logo.png","width":387,"height":70,"caption":"Chemuza"},"image":{"@id":"https:\/\/chemuza.org\/pt\/#\/schema\/logo\/image\/"}}]}},"yoast_meta":{"yoast_wpseo_title":"","yoast_wpseo_metadesc":"","yoast_wpseo_canonical":""},"_links":{"self":[{"href":"https:\/\/chemuza.org\/pt\/wp-json\/wp\/v2\/pages\/1452","targetHints":{"allow":["GET"]}}],"collection":[{"href":"https:\/\/chemuza.org\/pt\/wp-json\/wp\/v2\/pages"}],"about":[{"href":"https:\/\/chemuza.org\/pt\/wp-json\/wp\/v2\/types\/page"}],"author":[{"embeddable":true,"href":"https:\/\/chemuza.org\/pt\/wp-json\/wp\/v2\/users\/1"}],"replies":[{"embeddable":true,"href":"https:\/\/chemuza.org\/pt\/wp-json\/wp\/v2\/comments?post=1452"}],"version-history":[{"count":0,"href":"https:\/\/chemuza.org\/pt\/wp-json\/wp\/v2\/pages\/1452\/revisions"}],"wp:attachment":[{"href":"https:\/\/chemuza.org\/pt\/wp-json\/wp\/v2\/media?parent=1452"}],"curies":[{"name":"wp","href":"https:\/\/api.w.org\/{rel}","templated":true}]}}