{"id":1451,"date":"2023-09-02T04:37:40","date_gmt":"2023-09-02T04:37:40","guid":{"rendered":"https:\/\/chemuza.org\/pt\/sobre\/"},"modified":"2023-09-02T04:37:40","modified_gmt":"2023-09-02T04:37:40","slug":"sobre","status":"publish","type":"page","link":"https:\/\/chemuza.org\/pt\/sobre\/","title":{"rendered":"Sobre"},"content":{"rendered":"<p>Na Chemuza come\u00e7am as aventuras no mundo do elemento!<\/p>\n<p> Somos apaixonados por promover uma profunda compreens\u00e3o e aprecia\u00e7\u00e3o do cativante mundo da qu\u00edmica. Nosso blog educacional se dedica a fornecer conte\u00fado enriquecedor que permite aos leitores descobrir as maravilhas desta disciplina cient\u00edfica e fazer conex\u00f5es significativas com o mundo ao seu redor.<\/p>\n<h3> Quem n\u00f3s somos<\/h3>\n<p> Somos uma equipe de qu\u00edmicos, educadores e entusiastas da ci\u00eancia dedicados, movidos por um objetivo comum: tornar a qu\u00edmica acess\u00edvel, agrad\u00e1vel e relevante para alunos de todas as idades. Nossas experi\u00eancias diversas nos permitem abordar conceitos complexos com clareza e criatividade, garantindo que a jornada de aprendizagem seja envolvente e enriquecedora.<\/p>\n<h3> Nossa miss\u00e3o<\/h3>\n<p> Nossa miss\u00e3o \u00e9 simples, mas profunda: acender a centelha da curiosidade e inspirar um amor eterno pelo aprendizado de qu\u00edmica. Acreditamos que o conhecimento \u00e9 uma ferramenta poderosa e, ao fornecer uma base s\u00f3lida em qu\u00edmica, pretendemos equipar nossos leitores com as habilidades e a mentalidade para navegar em um mundo em constante mudan\u00e7a.<\/p>\n<h3> O que n\u00f3s oferecemos<\/h3>\n<p> Atrav\u00e9s de nossos artigos meticulosamente elaborados, infogr\u00e1ficos envolventes, v\u00eddeos envolventes e question\u00e1rios interativos, pretendemos quebrar as barreiras que podem impedir a explora\u00e7\u00e3o da qu\u00edmica. Quer voc\u00ea seja um estudante que se esfor\u00e7a para se destacar nos exames ou uma mente curiosa e ansiosa para explorar os fundamentos do assunto, Chemuza \u00e9 o seu destino \u00fanico.<\/p>\n<h3> Nosso conte\u00fado<\/h3>\n<p> Dos conceitos b\u00e1sicos de \u00e1tomos e mol\u00e9culas \u00e0s complexidades da qu\u00edmica org\u00e2nica e muito mais, cobrimos uma ampla gama de t\u00f3picos adequados para alunos de diversos n\u00edveis de especializa\u00e7\u00e3o. Nosso conte\u00fado \u00e9 pensado para atender \u00e0s necessidades de estudantes, educadores e entusiastas, apresentando informa\u00e7\u00f5es de forma clara, concisa e de f\u00e1cil compreens\u00e3o.<\/p>\n<h3> Por que escolher a Chemuza<\/h3>\n<p> Se voc\u00ea est\u00e1 confuso com outras plataformas educacionais, aqui est\u00e1 por que voc\u00ea deve escolher o Chemuza:<\/p>\n<ul>\n<li> <strong>Informa\u00e7\u00f5es confi\u00e1veis<\/strong> Nosso conte\u00fado \u00e9 meticulosamente pesquisado e verificado, garantindo precis\u00e3o e credibilidade.<\/li>\n<li> <strong>Experi\u00eancia de aprendizagem envolvente<\/strong> Acreditamos que a aprendizagem deve ser agrad\u00e1vel e interativa. Nossa abordagem multim\u00eddia mant\u00e9m os leitores presos e entusiasmados para mergulhar mais fundo no mundo da qu\u00edmica.<\/li>\n<li> <strong>Suporte personalizado<\/strong> Na Chemuza, valorizamos nossos leitores e sua jornada de aprendizagem. Encorajamos uma plataforma aberta e de apoio onde as perguntas s\u00e3o bem-vindas e o conhecimento \u00e9 partilhado.<\/li>\n<li> <strong>Plataforma Gratuita<\/strong> Acima de tudo, Chemuza \u00e9 e sempre ser\u00e1 gratuita para estudantes e todos os tipos de leitores, independentemente de sua localiza\u00e7\u00e3o geogr\u00e1fica.<\/li>\n<\/ul>\n<p> Convidamos voc\u00ea a se juntar a n\u00f3s nesta jornada informativa pelos cativantes reinos da qu\u00edmica. Quer voc\u00ea seja estudante, professor ou simplesmente curioso sobre os mist\u00e9rios da mat\u00e9ria, o Chemistry Connects est\u00e1 aqui para preencher a lacuna entre a curiosidade e a compreens\u00e3o.<\/p>\n<p> Juntos, vamos explorar a magia e a import\u00e2ncia da qu\u00edmica na forma\u00e7\u00e3o do nosso mundo!<\/p>\n","protected":false},"excerpt":{"rendered":"<p>Na Chemuza come\u00e7am as aventuras no mundo do elemento! Somos apaixonados por promover uma profunda compreens\u00e3o e aprecia\u00e7\u00e3o do cativante mundo da qu\u00edmica. Nosso blog educacional se dedica a fornecer conte\u00fado enriquecedor que permite aos leitores descobrir as maravilhas desta disciplina cient\u00edfica e fazer conex\u00f5es significativas com o mundo ao seu redor. Quem n\u00f3s somos &#8230; <a title=\"Sobre\" class=\"read-more\" href=\"https:\/\/chemuza.org\/pt\/sobre\/\" aria-label=\"Mais em Sobre\">Ler mais<\/a><\/p>\n","protected":false},"author":1,"featured_media":0,"parent":0,"menu_order":0,"comment_status":"closed","ping_status":"closed","template":"","meta":{"footnotes":""},"class_list":["post-1451","page","type-page","status-publish"],"yoast_head":"<!-- This site is optimized with the Yoast SEO plugin v21.4 - https:\/\/yoast.com\/wordpress\/plugins\/seo\/ -->\n<title>Sobre - Chemuza<\/title>\n<meta name=\"description\" content=\"A Chemuza se dedica a fornecer conte\u00fados enriquecedores que permitam aos leitores descobrir as maravilhas desta disciplina cient\u00edfica e.\" \/>\n<meta name=\"robots\" content=\"index, follow, max-snippet:-1, max-image-preview:large, max-video-preview:-1\" \/>\n<link rel=\"canonical\" href=\"https:\/\/chemuza.org\/pt\/sobre\/\" \/>\n<meta property=\"og:locale\" content=\"pt_PT\" \/>\n<meta property=\"og:type\" content=\"article\" \/>\n<meta property=\"og:title\" content=\"Sobre - Chemuza\" \/>\n<meta property=\"og:description\" content=\"A Chemuza se dedica a fornecer conte\u00fados enriquecedores que permitam aos leitores descobrir as maravilhas desta disciplina cient\u00edfica e.\" \/>\n<meta property=\"og:url\" content=\"https:\/\/chemuza.org\/pt\/sobre\/\" \/>\n<meta property=\"og:site_name\" content=\"Statorials\" \/>\n<meta name=\"twitter:card\" content=\"summary_large_image\" \/>\n<meta name=\"twitter:label1\" content=\"Tempo estimado de leitura\" \/>\n\t<meta name=\"twitter:data1\" content=\"3 minutos\" \/>\n<script type=\"application\/ld+json\" class=\"yoast-schema-graph\">{\"@context\":\"https:\/\/schema.org\",\"@graph\":[{\"@type\":\"WebPage\",\"@id\":\"https:\/\/chemuza.org\/pt\/sobre\/\",\"url\":\"https:\/\/chemuza.org\/pt\/sobre\/\",\"name\":\"Sobre - Chemuza\",\"isPartOf\":{\"@id\":\"https:\/\/chemuza.org\/pt\/#website\"},\"datePublished\":\"2023-09-02T04:37:40+00:00\",\"dateModified\":\"2023-09-02T04:37:40+00:00\",\"description\":\"A Chemuza se dedica a fornecer conte\u00fados enriquecedores que permitam aos leitores descobrir as maravilhas desta disciplina cient\u00edfica e.\",\"breadcrumb\":{\"@id\":\"https:\/\/chemuza.org\/pt\/sobre\/#breadcrumb\"},\"inLanguage\":\"pt-PT\",\"potentialAction\":[{\"@type\":\"ReadAction\",\"target\":[\"https:\/\/chemuza.org\/pt\/sobre\/\"]}]},{\"@type\":\"BreadcrumbList\",\"@id\":\"https:\/\/chemuza.org\/pt\/sobre\/#breadcrumb\",\"itemListElement\":[{\"@type\":\"ListItem\",\"position\":1,\"name\":\"Lar\",\"item\":\"https:\/\/chemuza.org\/pt\/\"},{\"@type\":\"ListItem\",\"position\":2,\"name\":\"Sobre\"}]},{\"@type\":\"WebSite\",\"@id\":\"https:\/\/chemuza.org\/pt\/#website\",\"url\":\"https:\/\/chemuza.org\/pt\/\",\"name\":\"Chemuza\",\"description\":\"Sua porta de entrada para a descoberta qu\u00edmica!\",\"publisher\":{\"@id\":\"https:\/\/chemuza.org\/pt\/#organization\"},\"potentialAction\":[{\"@type\":\"SearchAction\",\"target\":{\"@type\":\"EntryPoint\",\"urlTemplate\":\"https:\/\/chemuza.org\/pt\/?s={search_term_string}\"},\"query-input\":\"required name=search_term_string\"}],\"inLanguage\":\"pt-PT\"},{\"@type\":\"Organization\",\"@id\":\"https:\/\/chemuza.org\/pt\/#organization\",\"name\":\"Chemuza\",\"url\":\"https:\/\/chemuza.org\/pt\/\",\"logo\":{\"@type\":\"ImageObject\",\"inLanguage\":\"pt-PT\",\"@id\":\"https:\/\/chemuza.org\/pt\/#\/schema\/logo\/image\/\",\"url\":\"https:\/\/chemuza.org\/pt\/wp-content\/uploads\/2023\/10\/chemuza-logo.png\",\"contentUrl\":\"https:\/\/chemuza.org\/pt\/wp-content\/uploads\/2023\/10\/chemuza-logo.png\",\"width\":387,\"height\":70,\"caption\":\"Chemuza\"},\"image\":{\"@id\":\"https:\/\/chemuza.org\/pt\/#\/schema\/logo\/image\/\"}}]}<\/script>\n<!-- \/ Yoast SEO plugin. -->","yoast_head_json":{"title":"Sobre - Chemuza","description":"A Chemuza se dedica a fornecer conte\u00fados enriquecedores que permitam aos leitores descobrir as maravilhas desta disciplina cient\u00edfica e.","robots":{"index":"index","follow":"follow","max-snippet":"max-snippet:-1","max-image-preview":"max-image-preview:large","max-video-preview":"max-video-preview:-1"},"canonical":"https:\/\/chemuza.org\/pt\/sobre\/","og_locale":"pt_PT","og_type":"article","og_title":"Sobre - Chemuza","og_description":"A Chemuza se dedica a fornecer conte\u00fados enriquecedores que permitam aos leitores descobrir as maravilhas desta disciplina cient\u00edfica e.","og_url":"https:\/\/chemuza.org\/pt\/sobre\/","og_site_name":"Statorials","twitter_card":"summary_large_image","twitter_misc":{"Tempo estimado de leitura":"3 minutos"},"schema":{"@context":"https:\/\/schema.org","@graph":[{"@type":"WebPage","@id":"https:\/\/chemuza.org\/pt\/sobre\/","url":"https:\/\/chemuza.org\/pt\/sobre\/","name":"Sobre - Chemuza","isPartOf":{"@id":"https:\/\/chemuza.org\/pt\/#website"},"datePublished":"2023-09-02T04:37:40+00:00","dateModified":"2023-09-02T04:37:40+00:00","description":"A Chemuza se dedica a fornecer conte\u00fados enriquecedores que permitam aos leitores descobrir as maravilhas desta disciplina cient\u00edfica e.","breadcrumb":{"@id":"https:\/\/chemuza.org\/pt\/sobre\/#breadcrumb"},"inLanguage":"pt-PT","potentialAction":[{"@type":"ReadAction","target":["https:\/\/chemuza.org\/pt\/sobre\/"]}]},{"@type":"BreadcrumbList","@id":"https:\/\/chemuza.org\/pt\/sobre\/#breadcrumb","itemListElement":[{"@type":"ListItem","position":1,"name":"Lar","item":"https:\/\/chemuza.org\/pt\/"},{"@type":"ListItem","position":2,"name":"Sobre"}]},{"@type":"WebSite","@id":"https:\/\/chemuza.org\/pt\/#website","url":"https:\/\/chemuza.org\/pt\/","name":"Chemuza","description":"Sua porta de entrada para a descoberta qu\u00edmica!","publisher":{"@id":"https:\/\/chemuza.org\/pt\/#organization"},"potentialAction":[{"@type":"SearchAction","target":{"@type":"EntryPoint","urlTemplate":"https:\/\/chemuza.org\/pt\/?s={search_term_string}"},"query-input":"required name=search_term_string"}],"inLanguage":"pt-PT"},{"@type":"Organization","@id":"https:\/\/chemuza.org\/pt\/#organization","name":"Chemuza","url":"https:\/\/chemuza.org\/pt\/","logo":{"@type":"ImageObject","inLanguage":"pt-PT","@id":"https:\/\/chemuza.org\/pt\/#\/schema\/logo\/image\/","url":"https:\/\/chemuza.org\/pt\/wp-content\/uploads\/2023\/10\/chemuza-logo.png","contentUrl":"https:\/\/chemuza.org\/pt\/wp-content\/uploads\/2023\/10\/chemuza-logo.png","width":387,"height":70,"caption":"Chemuza"},"image":{"@id":"https:\/\/chemuza.org\/pt\/#\/schema\/logo\/image\/"}}]}},"yoast_meta":{"yoast_wpseo_title":"","yoast_wpseo_metadesc":"","yoast_wpseo_canonical":""},"_links":{"self":[{"href":"https:\/\/chemuza.org\/pt\/wp-json\/wp\/v2\/pages\/1451","targetHints":{"allow":["GET"]}}],"collection":[{"href":"https:\/\/chemuza.org\/pt\/wp-json\/wp\/v2\/pages"}],"about":[{"href":"https:\/\/chemuza.org\/pt\/wp-json\/wp\/v2\/types\/page"}],"author":[{"embeddable":true,"href":"https:\/\/chemuza.org\/pt\/wp-json\/wp\/v2\/users\/1"}],"replies":[{"embeddable":true,"href":"https:\/\/chemuza.org\/pt\/wp-json\/wp\/v2\/comments?post=1451"}],"version-history":[{"count":1,"href":"https:\/\/chemuza.org\/pt\/wp-json\/wp\/v2\/pages\/1451\/revisions"}],"predecessor-version":[{"id":1592,"href":"https:\/\/chemuza.org\/pt\/wp-json\/wp\/v2\/pages\/1451\/revisions\/1592"}],"wp:attachment":[{"href":"https:\/\/chemuza.org\/pt\/wp-json\/wp\/v2\/media?parent=1451"}],"curies":[{"name":"wp","href":"https:\/\/api.w.org\/{rel}","templated":true}]}}