{"id":1450,"date":"2023-09-02T04:43:49","date_gmt":"2023-09-02T04:43:49","guid":{"rendered":"https:\/\/chemuza.org\/pt\/noticia-legal\/"},"modified":"2023-10-27T05:48:20","modified_gmt":"2023-10-27T05:48:20","slug":"noticia-legal","status":"publish","type":"page","link":"https:\/\/chemuza.org\/pt\/noticia-legal\/","title":{"rendered":"Not\u00edcia legal"},"content":{"rendered":"<p>Este site \u00e9 um servi\u00e7o de comunica\u00e7\u00e3o online publicado por entusiastas e n\u00e3o est\u00e1 vinculado a nenhuma empresa ou empresa.<\/p>\n<p>O objetivo do chemuza.org \u00e9 fornecer conte\u00fado enriquecedor por meio de artigos escritos, infogr\u00e1ficos envolventes, v\u00eddeos envolventes e question\u00e1rios interativos, que permitem aos leitores descobrir as maravilhas desta disciplina cient\u00edfica.<\/p>\n<h2>pol\u00edtica de Privacidade<\/h2>\n<p>Em chemuza.org, a privacidade dos nossos visitantes \u00e9 extremamente importante para n\u00f3s. Este documento de pol\u00edtica de privacidade descreve os tipos de informa\u00e7\u00f5es pessoais recebidas e coletadas pelo dom\u00ednio e seu uso.<br \/>\nColeta de dados<\/p>\n<h3>1. Coment\u00e1rios<\/h3>\n<p>As informa\u00e7\u00f5es que coletamos dependem de como o usu\u00e1rio comenta no site, mas geralmente incluem o endere\u00e7o IP do comentarista, agente do usu\u00e1rio, referenciador e URL do site (bem como outras informa\u00e7\u00f5es fornecidas diretamente pelo comentarista, como nome, nome de usu\u00e1rio, endere\u00e7o de e-mail ). e o pr\u00f3prio coment\u00e1rio).<\/p>\n<h3>2. Formul\u00e1rio de contato<\/h3>\n<p>Se voc\u00ea entrar em contato conosco, usaremos seu nome e endere\u00e7o de e-mail para responder \u00e0 sua consulta e n\u00e3o compartilharemos essas informa\u00e7\u00f5es com terceiros.<\/p>\n<h3>3. Cookies e web beacons<\/h3>\n<p>O site utiliza cookies para armazenar informa\u00e7\u00f5es sobre as prefer\u00eancias dos visitantes, registrar informa\u00e7\u00f5es espec\u00edficas do usu\u00e1rio sobre quais p\u00e1ginas ele acessa ou visita, personalizar o conte\u00fado da p\u00e1gina web com base no tipo de navegador do visitante ou outras informa\u00e7\u00f5es que o visitante envia para o seu navegador.<\/p>\n<p>Os cookies permitem-nos personalizar conte\u00fados e an\u00fancios, fornecer funcionalidades de redes sociais e analisar o nosso tr\u00e1fego. Tamb\u00e9m partilhamos informa\u00e7\u00f5es sobre a sua utiliza\u00e7\u00e3o do nosso site com os nossos parceiros de redes sociais, publicidade e an\u00e1lise, que podem combin\u00e1-las com outras informa\u00e7\u00f5es que lhes tenha fornecido ou que tenham recolhido a partir da sua utiliza\u00e7\u00e3o dos seus servi\u00e7os.<\/p>\n<h3>4. An\u00e1lise<\/h3>\n<p>Este website utiliza o Google Analytics, um servi\u00e7o de an\u00e1lise web fornecido pela Google Inc. Utiliza &#8220;cookies&#8221;, ficheiros de texto armazenados no seu computador que permitem uma an\u00e1lise da sua utiliza\u00e7\u00e3o do website. As informa\u00e7\u00f5es geradas pelo cookie sobre o uso deste site s\u00e3o normalmente transmitidas e armazenadas em um servidor do Google nos Estados Unidos.<\/p>\n<p>No entanto, se a anonimiza\u00e7\u00e3o do IP estiver ativada neste site, o seu endere\u00e7o IP ser\u00e1 previamente truncado pelo Google em qualquer Estado parte do acordo sobre o Espa\u00e7o Econ\u00f3mico Europeu.<\/p>\n<p>Voc\u00ea pode impedir o armazenamento de cookies configurando o software do seu navegador para esse fim. Tenha em aten\u00e7\u00e3o, no entanto, que neste caso poder\u00e1 n\u00e3o conseguir utilizar plenamente todas as fun\u00e7\u00f5es deste website.<\/p>\n<h2>Uso de dados<\/h2>\n<p>O site utiliza os dados recolhidos para diversos fins:<\/p>\n<ul>\n<li>Fornecimento e manuten\u00e7\u00e3o do servi\u00e7o<\/li>\n<li>Para notific\u00e1-lo sobre altera\u00e7\u00f5es em nosso servi\u00e7o<\/li>\n<li>Para permitir que voc\u00ea participe de recursos interativos de nosso Servi\u00e7o quando voc\u00ea decidir faz\u00ea-lo<\/li>\n<li>Fornecer assist\u00eancia e suporte aos clientes<\/li>\n<li>Fornecer an\u00e1lises ou informa\u00e7\u00f5es \u00fateis para melhorar o servi\u00e7o<\/li>\n<li>Monitore o uso do servi\u00e7o<\/li>\n<li>Detecte, previna e resolva problemas t\u00e9cnicos<\/li>\n<\/ul>\n<h3>Transfer\u00eancia de dados<\/h3>\n<p>As suas informa\u00e7\u00f5es, incluindo os seus dados pessoais, podem ser transferidas e mantidas em computadores localizados fora do seu estado, prov\u00edncia, pa\u00eds ou outra jurisdi\u00e7\u00e3o governamental onde as leis de prote\u00e7\u00e3o de dados possam diferir daquelas da sua jurisdi\u00e7\u00e3o.<\/p>\n<p>O seu consentimento com esta Pol\u00edtica de Privacidade seguido do envio de tais informa\u00e7\u00f5es representa a sua concord\u00e2ncia com esta transfer\u00eancia.<\/p>\n<h3>Seguran\u00e7a de dados<\/h3>\n<p>A seguran\u00e7a das suas informa\u00e7\u00f5es \u00e9 importante para n\u00f3s, mas lembre-se que nenhum m\u00e9todo de transmiss\u00e3o pela Internet, ou m\u00e9todo de armazenamento eletr\u00f4nico, \u00e9 100% seguro. Embora nos esforcemos para utilizar meios comercialmente aceit\u00e1veis para proteger as suas informa\u00e7\u00f5es pessoais, n\u00e3o podemos garantir a sua seguran\u00e7a absoluta.<\/p>\n<h2>Contate o editor<\/h2>\n<p>Se desejar entrar em contato com o editor para qualquer tipo de coment\u00e1rio ou solicita\u00e7\u00e3o, voc\u00ea pode enviar suas d\u00favidas aqui: <a href=\"https:\/\/chemuza.org\/pt\/contato\/\">Contate o editor<\/a><\/p>\n","protected":false},"excerpt":{"rendered":"<p>Este site \u00e9 um servi\u00e7o de comunica\u00e7\u00e3o online publicado por entusiastas e n\u00e3o est\u00e1 vinculado a nenhuma empresa ou empresa. O objetivo do chemuza.org \u00e9 fornecer conte\u00fado enriquecedor por meio de artigos escritos, infogr\u00e1ficos envolventes, v\u00eddeos envolventes e question\u00e1rios interativos, que permitem aos leitores descobrir as maravilhas desta disciplina cient\u00edfica. pol\u00edtica de Privacidade Em chemuza.org, &#8230; <a title=\"Not\u00edcia legal\" class=\"read-more\" href=\"https:\/\/chemuza.org\/pt\/noticia-legal\/\" aria-label=\"Mais em Not\u00edcia legal\">Ler mais<\/a><\/p>\n","protected":false},"author":1,"featured_media":0,"parent":0,"menu_order":0,"comment_status":"closed","ping_status":"closed","template":"","meta":{"footnotes":""},"class_list":["post-1450","page","type-page","status-publish"],"yoast_head":"<!-- This site is optimized with the Yoast SEO plugin v21.4 - https:\/\/yoast.com\/wordpress\/plugins\/seo\/ -->\n<title>Avisos Legais - Chemuza<\/title>\n<meta name=\"description\" content=\"O objetivo do chemuza.org \u00e9 oferecer conte\u00fado enriquecedor atrav\u00e9s de artigos escritos, infogr\u00e1ficos envolventes, v\u00eddeos\" \/>\n<meta name=\"robots\" content=\"noindex, nofollow\" \/>\n<meta property=\"og:locale\" content=\"pt_PT\" \/>\n<meta property=\"og:type\" content=\"article\" \/>\n<meta property=\"og:title\" content=\"Avisos Legais - Chemuza\" \/>\n<meta property=\"og:description\" content=\"O objetivo do chemuza.org \u00e9 oferecer conte\u00fado enriquecedor atrav\u00e9s de artigos escritos, infogr\u00e1ficos envolventes, v\u00eddeos\" \/>\n<meta property=\"og:url\" content=\"https:\/\/chemuza.org\/pt\/noticia-legal\/\" \/>\n<meta property=\"og:site_name\" content=\"Statorials\" \/>\n<meta property=\"article:modified_time\" content=\"2023-10-27T05:48:20+00:00\" \/>\n<meta name=\"twitter:card\" content=\"summary_large_image\" \/>\n<meta name=\"twitter:label1\" content=\"Tempo estimado de leitura\" \/>\n\t<meta name=\"twitter:data1\" content=\"3 minutos\" \/>\n<script type=\"application\/ld+json\" class=\"yoast-schema-graph\">{\"@context\":\"https:\/\/schema.org\",\"@graph\":[{\"@type\":\"WebPage\",\"@id\":\"https:\/\/chemuza.org\/pt\/noticia-legal\/\",\"url\":\"https:\/\/chemuza.org\/pt\/noticia-legal\/\",\"name\":\"Avisos Legais - Chemuza\",\"isPartOf\":{\"@id\":\"https:\/\/chemuza.org\/pt\/#website\"},\"datePublished\":\"2023-09-02T04:43:49+00:00\",\"dateModified\":\"2023-10-27T05:48:20+00:00\",\"description\":\"O objetivo do chemuza.org \u00e9 oferecer conte\u00fado enriquecedor atrav\u00e9s de artigos escritos, infogr\u00e1ficos envolventes, v\u00eddeos\",\"breadcrumb\":{\"@id\":\"https:\/\/chemuza.org\/pt\/noticia-legal\/#breadcrumb\"},\"inLanguage\":\"pt-PT\",\"potentialAction\":[{\"@type\":\"ReadAction\",\"target\":[\"https:\/\/chemuza.org\/pt\/noticia-legal\/\"]}]},{\"@type\":\"BreadcrumbList\",\"@id\":\"https:\/\/chemuza.org\/pt\/noticia-legal\/#breadcrumb\",\"itemListElement\":[{\"@type\":\"ListItem\",\"position\":1,\"name\":\"Lar\",\"item\":\"https:\/\/chemuza.org\/pt\/\"},{\"@type\":\"ListItem\",\"position\":2,\"name\":\"Not\u00edcia legal\"}]},{\"@type\":\"WebSite\",\"@id\":\"https:\/\/chemuza.org\/pt\/#website\",\"url\":\"https:\/\/chemuza.org\/pt\/\",\"name\":\"Chemuza\",\"description\":\"Sua porta de entrada para a descoberta qu\u00edmica!\",\"publisher\":{\"@id\":\"https:\/\/chemuza.org\/pt\/#organization\"},\"potentialAction\":[{\"@type\":\"SearchAction\",\"target\":{\"@type\":\"EntryPoint\",\"urlTemplate\":\"https:\/\/chemuza.org\/pt\/?s={search_term_string}\"},\"query-input\":\"required name=search_term_string\"}],\"inLanguage\":\"pt-PT\"},{\"@type\":\"Organization\",\"@id\":\"https:\/\/chemuza.org\/pt\/#organization\",\"name\":\"Chemuza\",\"url\":\"https:\/\/chemuza.org\/pt\/\",\"logo\":{\"@type\":\"ImageObject\",\"inLanguage\":\"pt-PT\",\"@id\":\"https:\/\/chemuza.org\/pt\/#\/schema\/logo\/image\/\",\"url\":\"https:\/\/chemuza.org\/pt\/wp-content\/uploads\/2023\/10\/chemuza-logo.png\",\"contentUrl\":\"https:\/\/chemuza.org\/pt\/wp-content\/uploads\/2023\/10\/chemuza-logo.png\",\"width\":387,\"height\":70,\"caption\":\"Chemuza\"},\"image\":{\"@id\":\"https:\/\/chemuza.org\/pt\/#\/schema\/logo\/image\/\"}}]}<\/script>\n<!-- \/ Yoast SEO plugin. -->","yoast_head_json":{"title":"Avisos Legais - Chemuza","description":"O objetivo do chemuza.org \u00e9 oferecer conte\u00fado enriquecedor atrav\u00e9s de artigos escritos, infogr\u00e1ficos envolventes, v\u00eddeos","robots":{"index":"noindex","follow":"nofollow"},"og_locale":"pt_PT","og_type":"article","og_title":"Avisos Legais - Chemuza","og_description":"O objetivo do chemuza.org \u00e9 oferecer conte\u00fado enriquecedor atrav\u00e9s de artigos escritos, infogr\u00e1ficos envolventes, v\u00eddeos","og_url":"https:\/\/chemuza.org\/pt\/noticia-legal\/","og_site_name":"Statorials","article_modified_time":"2023-10-27T05:48:20+00:00","twitter_card":"summary_large_image","twitter_misc":{"Tempo estimado de leitura":"3 minutos"},"schema":{"@context":"https:\/\/schema.org","@graph":[{"@type":"WebPage","@id":"https:\/\/chemuza.org\/pt\/noticia-legal\/","url":"https:\/\/chemuza.org\/pt\/noticia-legal\/","name":"Avisos Legais - Chemuza","isPartOf":{"@id":"https:\/\/chemuza.org\/pt\/#website"},"datePublished":"2023-09-02T04:43:49+00:00","dateModified":"2023-10-27T05:48:20+00:00","description":"O objetivo do chemuza.org \u00e9 oferecer conte\u00fado enriquecedor atrav\u00e9s de artigos escritos, infogr\u00e1ficos envolventes, v\u00eddeos","breadcrumb":{"@id":"https:\/\/chemuza.org\/pt\/noticia-legal\/#breadcrumb"},"inLanguage":"pt-PT","potentialAction":[{"@type":"ReadAction","target":["https:\/\/chemuza.org\/pt\/noticia-legal\/"]}]},{"@type":"BreadcrumbList","@id":"https:\/\/chemuza.org\/pt\/noticia-legal\/#breadcrumb","itemListElement":[{"@type":"ListItem","position":1,"name":"Lar","item":"https:\/\/chemuza.org\/pt\/"},{"@type":"ListItem","position":2,"name":"Not\u00edcia legal"}]},{"@type":"WebSite","@id":"https:\/\/chemuza.org\/pt\/#website","url":"https:\/\/chemuza.org\/pt\/","name":"Chemuza","description":"Sua porta de entrada para a descoberta qu\u00edmica!","publisher":{"@id":"https:\/\/chemuza.org\/pt\/#organization"},"potentialAction":[{"@type":"SearchAction","target":{"@type":"EntryPoint","urlTemplate":"https:\/\/chemuza.org\/pt\/?s={search_term_string}"},"query-input":"required name=search_term_string"}],"inLanguage":"pt-PT"},{"@type":"Organization","@id":"https:\/\/chemuza.org\/pt\/#organization","name":"Chemuza","url":"https:\/\/chemuza.org\/pt\/","logo":{"@type":"ImageObject","inLanguage":"pt-PT","@id":"https:\/\/chemuza.org\/pt\/#\/schema\/logo\/image\/","url":"https:\/\/chemuza.org\/pt\/wp-content\/uploads\/2023\/10\/chemuza-logo.png","contentUrl":"https:\/\/chemuza.org\/pt\/wp-content\/uploads\/2023\/10\/chemuza-logo.png","width":387,"height":70,"caption":"Chemuza"},"image":{"@id":"https:\/\/chemuza.org\/pt\/#\/schema\/logo\/image\/"}}]}},"yoast_meta":{"yoast_wpseo_title":"","yoast_wpseo_metadesc":"","yoast_wpseo_canonical":""},"_links":{"self":[{"href":"https:\/\/chemuza.org\/pt\/wp-json\/wp\/v2\/pages\/1450","targetHints":{"allow":["GET"]}}],"collection":[{"href":"https:\/\/chemuza.org\/pt\/wp-json\/wp\/v2\/pages"}],"about":[{"href":"https:\/\/chemuza.org\/pt\/wp-json\/wp\/v2\/types\/page"}],"author":[{"embeddable":true,"href":"https:\/\/chemuza.org\/pt\/wp-json\/wp\/v2\/users\/1"}],"replies":[{"embeddable":true,"href":"https:\/\/chemuza.org\/pt\/wp-json\/wp\/v2\/comments?post=1450"}],"version-history":[{"count":2,"href":"https:\/\/chemuza.org\/pt\/wp-json\/wp\/v2\/pages\/1450\/revisions"}],"predecessor-version":[{"id":1591,"href":"https:\/\/chemuza.org\/pt\/wp-json\/wp\/v2\/pages\/1450\/revisions\/1591"}],"wp:attachment":[{"href":"https:\/\/chemuza.org\/pt\/wp-json\/wp\/v2\/media?parent=1450"}],"curies":[{"name":"wp","href":"https:\/\/api.w.org\/{rel}","templated":true}]}}